{"id":33561,"date":"2023-02-02T09:30:34","date_gmt":"2023-02-02T08:30:34","guid":{"rendered":"https:\/\/gravelart.be\/?post_type=product&#038;p=33561"},"modified":"2026-04-17T04:30:15","modified_gmt":"2026-04-17T02:30:15","slug":"jura-8-16","status":"publish","type":"product","link":"https:\/\/gravelart.be\/fr\/product\/jura-8-16\/","title":{"rendered":"Parc Gold 8\/16"},"content":{"rendered":"","protected":false},"excerpt":{"rendered":"<p>Pour les amateurs de jaune intense, le gravier <strong>Parc gold<\/strong> est la solution par excellence. Contrairement \u00e0 la <strong><a href=\"https:\/\/gravelart.be\/fr\/?s=dolomie&amp;post_type=product&amp;dgwt_wcas=1&amp;lang=fr\">dolomie<\/a><\/strong>, qui pr\u00e9sente des qualit\u00e9s similaires, le Jura conserve sa couleur dans le temps. Il est \u00e9galement connu sous le nom d\u2019\u00e9clats d\u2019Ardenne jaunes. Il s\u2019agit d\u2019un calcaire sableux, moins adapt\u00e9 aux all\u00e9es carrossables et parkings, mais id\u00e9al pour les sentiers p\u00e9destres, pistes cyclables ou terrasses. Un gravier comparable est le Parkgoud ; le Jura se distingue toutefois par une qualit\u00e9 l\u00e9g\u00e8rement sup\u00e9rieure et une porosit\u00e9 plus faible. Cette roche s\u2019est form\u00e9e durant la p\u00e9riode jurassique, \u00e0 laquelle elle doit son nom, donn\u00e9 par le pal\u00e9ontologue Alexandre Brongniart.     <\/p>\n<p>Le Jura est livr\u00e9 rapidement depuis le stock et est disponible en deux granulom\u00e9tries. La quantit\u00e9 minimale est de 500 kg en big bag. \u00c0 partir de 5 tonnes, la livraison en vrac est possible.  <\/p>\n<p>&nbsp;<\/p>\n","protected":false},"featured_media":42737,"comment_status":"open","ping_status":"closed","template":"","meta":{"_acf_changed":false,"inline_featured_image":false},"product_brand":[],"product_cat":[4154],"product_tag":[],"class_list":{"0":"post-33561","1":"product","2":"type-product","3":"status-publish","4":"has-post-thumbnail","6":"product_cat-gravier-decoratif","8":"first","9":"instock","10":"taxable","11":"shipping-taxable","12":"purchasable","13":"product-type-variable","14":"has-default-attributes"},"acf":{"woocommerce_erp_id":"17180","woocommerce_cnk_id":"102874","product_density":1.6,"custom_prices":[{"variation_id":"47733","customer_group":"PRO","customer_id":"","min_qty":0.5,"max_qty":9999999,"steps":0.01,"price":70.05,"price_incl":84.76,"delivery_group":"COLLECT","warehouse_id":""},{"variation_id":"47733","customer_group":"PRO","customer_id":"","min_qty":0.5,"max_qty":9999999,"steps":0.01,"price":70.05,"price_incl":84.76,"delivery_group":"DELIVERY","warehouse_id":""},{"variation_id":"47733","customer_group":"DISTRI","customer_id":"","min_qty":0.5,"max_qty":9999999,"steps":0.01,"price":63.17,"price_incl":76.44,"delivery_group":"COLLECT","warehouse_id":""},{"variation_id":"47733","customer_group":"DISTRI","customer_id":"","min_qty":0.5,"max_qty":9999999,"steps":0.01,"price":63.17,"price_incl":76.44,"delivery_group":"DELIVERY","warehouse_id":""},{"variation_id":"47733","customer_group":"CON","customer_id":"","min_qty":0.5,"max_qty":9999999,"steps":0.01,"price":90.93,"price_incl":110.03,"delivery_group":"COLLECT","warehouse_id":""},{"variation_id":"47733","customer_group":"CON","customer_id":"","min_qty":0.5,"max_qty":9999999,"steps":0.01,"price":90.93,"price_incl":110.03,"delivery_group":"DELIVERY","warehouse_id":""},{"variation_id":"47733","customer_group":"PER","customer_id":"","min_qty":0.5,"max_qty":9999999,"steps":0.01,"price":43.96,"price_incl":53.19,"delivery_group":"COLLECT","warehouse_id":""},{"variation_id":"47733","customer_group":"PER","customer_id":"","min_qty":0.5,"max_qty":9999999,"steps":0.01,"price":43.96,"price_incl":53.19,"delivery_group":"DELIVERY","warehouse_id":""},{"variation_id":"47733","customer_group":"DISTRI","customer_id":"129214","min_qty":0.5,"max_qty":9999999,"steps":0.01,"price":47.52,"price_incl":57.5,"delivery_group":"COLLECT","warehouse_id":""},{"variation_id":"47733","customer_group":"DISTRI","customer_id":"129214","min_qty":0.5,"max_qty":9999999,"steps":0.01,"price":47.52,"price_incl":57.5,"delivery_group":"DELIVERY","warehouse_id":""},{"variation_id":"47733","customer_group":"DISTRI","customer_id":"119741","min_qty":0.5,"max_qty":9999999,"steps":0.01,"price":45.27,"price_incl":54.78,"delivery_group":"COLLECT","warehouse_id":""},{"variation_id":"47733","customer_group":"DISTRI","customer_id":"119741","min_qty":0.5,"max_qty":9999999,"steps":0.01,"price":45.27,"price_incl":54.78,"delivery_group":"DELIVERY","warehouse_id":""},{"variation_id":"47732","customer_group":"PRO","customer_id":"","min_qty":1,"max_qty":9999999,"steps":1,"price":121.15,"price_incl":146.59,"delivery_group":"COLLECT","warehouse_id":""},{"variation_id":"47732","customer_group":"PRO","customer_id":"","min_qty":1,"max_qty":9999999,"steps":1,"price":121.15,"price_incl":146.59,"delivery_group":"DELIVERY","warehouse_id":""},{"variation_id":"47732","customer_group":"DISTRI","customer_id":"","min_qty":1,"max_qty":9999999,"steps":1,"price":110.83,"price_incl":134.1,"delivery_group":"COLLECT","warehouse_id":""},{"variation_id":"47732","customer_group":"DISTRI","customer_id":"","min_qty":1,"max_qty":9999999,"steps":1,"price":110.83,"price_incl":134.1,"delivery_group":"DELIVERY","warehouse_id":""},{"variation_id":"47732","customer_group":"CON","customer_id":"","min_qty":1,"max_qty":9999999,"steps":1,"price":157.14,"price_incl":190.14,"delivery_group":"COLLECT","warehouse_id":""},{"variation_id":"47732","customer_group":"CON","customer_id":"","min_qty":1,"max_qty":9999999,"steps":1,"price":157.14,"price_incl":190.14,"delivery_group":"DELIVERY","warehouse_id":""},{"variation_id":"47732","customer_group":"PER","customer_id":"","min_qty":1,"max_qty":9999999,"steps":1,"price":82.02,"price_incl":99.24,"delivery_group":"COLLECT","warehouse_id":""},{"variation_id":"47732","customer_group":"PER","customer_id":"","min_qty":1,"max_qty":9999999,"steps":1,"price":82.02,"price_incl":99.24,"delivery_group":"DELIVERY","warehouse_id":""},{"variation_id":"47732","customer_group":"DISTRI","customer_id":"129214","min_qty":1,"max_qty":9999999,"steps":1,"price":87.36,"price_incl":105.71,"delivery_group":"COLLECT","warehouse_id":""},{"variation_id":"47732","customer_group":"DISTRI","customer_id":"129214","min_qty":1,"max_qty":9999999,"steps":1,"price":87.36,"price_incl":105.71,"delivery_group":"DELIVERY","warehouse_id":""},{"variation_id":"47734","customer_group":"DISTRI","customer_id":"","min_qty":1,"max_qty":9999999,"steps":1,"price":79.22,"price_incl":95.86,"delivery_group":"DELIVERY","warehouse_id":""},{"variation_id":"47734","customer_group":"DISTRI","customer_id":"","min_qty":1,"max_qty":9999999,"steps":1,"price":79.22,"price_incl":95.86,"delivery_group":"COLLECT","warehouse_id":""},{"variation_id":"47734","customer_group":"CON","customer_id":"","min_qty":1,"max_qty":9999999,"steps":1,"price":111.64,"price_incl":135.08,"delivery_group":"DELIVERY","warehouse_id":""},{"variation_id":"47734","customer_group":"CON","customer_id":"","min_qty":1,"max_qty":9999999,"steps":1,"price":111.64,"price_incl":135.08,"delivery_group":"COLLECT","warehouse_id":""},{"variation_id":"47734","customer_group":"PRO","customer_id":"","min_qty":1,"max_qty":9999999,"steps":1,"price":86.1,"price_incl":104.18,"delivery_group":"DELIVERY","warehouse_id":""},{"variation_id":"47734","customer_group":"PRO","customer_id":"","min_qty":1,"max_qty":9999999,"steps":1,"price":86.1,"price_incl":104.18,"delivery_group":"COLLECT","warehouse_id":""},{"variation_id":"47734","customer_group":"PER","customer_id":"","min_qty":1,"max_qty":9999999,"steps":1,"price":60.01,"price_incl":72.61,"delivery_group":"DELIVERY","warehouse_id":""},{"variation_id":"47734","customer_group":"PER","customer_id":"","min_qty":1,"max_qty":9999999,"steps":1,"price":60.01,"price_incl":72.61,"delivery_group":"COLLECT","warehouse_id":""},{"variation_id":"47734","customer_group":"DISTRI","customer_id":"129214","min_qty":1,"max_qty":9999999,"steps":1,"price":63.57,"price_incl":76.92,"delivery_group":"DELIVERY","warehouse_id":""},{"variation_id":"47734","customer_group":"DISTRI","customer_id":"129214","min_qty":1,"max_qty":9999999,"steps":1,"price":63.57,"price_incl":76.92,"delivery_group":"COLLECT","warehouse_id":""},{"variation_id":"47735","customer_group":"DISTRI","customer_id":"","min_qty":1,"max_qty":9999999,"steps":1,"price":47.61,"price_incl":57.61,"delivery_group":"DELIVERY","warehouse_id":""},{"variation_id":"47735","customer_group":"DISTRI","customer_id":"","min_qty":1,"max_qty":9999999,"steps":1,"price":47.61,"price_incl":57.61,"delivery_group":"COLLECT","warehouse_id":""},{"variation_id":"47735","customer_group":"PER","customer_id":"","min_qty":1,"max_qty":9999999,"steps":1,"price":38.01,"price_incl":45.99,"delivery_group":"DELIVERY","warehouse_id":""},{"variation_id":"47735","customer_group":"PER","customer_id":"","min_qty":1,"max_qty":9999999,"steps":1,"price":38.01,"price_incl":45.99,"delivery_group":"COLLECT","warehouse_id":""},{"variation_id":"47735","customer_group":"PRO","customer_id":"","min_qty":1,"max_qty":9999999,"steps":1,"price":51.05,"price_incl":61.77,"delivery_group":"DELIVERY","warehouse_id":""},{"variation_id":"47735","customer_group":"PRO","customer_id":"","min_qty":1,"max_qty":9999999,"steps":1,"price":51.05,"price_incl":61.77,"delivery_group":"COLLECT","warehouse_id":""},{"variation_id":"47735","customer_group":"CON","customer_id":"","min_qty":1,"max_qty":9999999,"steps":1,"price":66.16,"price_incl":80.05,"delivery_group":"DELIVERY","warehouse_id":""},{"variation_id":"47735","customer_group":"CON","customer_id":"","min_qty":1,"max_qty":9999999,"steps":1,"price":66.16,"price_incl":80.05,"delivery_group":"COLLECT","warehouse_id":""},{"variation_id":"47735","customer_group":"DISTRI","customer_id":"129214","min_qty":1,"max_qty":9999999,"steps":1,"price":39.79,"price_incl":48.15,"delivery_group":"DELIVERY","warehouse_id":""},{"variation_id":"47735","customer_group":"DISTRI","customer_id":"129214","min_qty":1,"max_qty":9999999,"steps":1,"price":39.79,"price_incl":48.15,"delivery_group":"COLLECT","warehouse_id":""},{"variation_id":"47736","customer_group":"DISTRI","customer_id":"","min_qty":1,"max_qty":9999999,"steps":1,"price":2.78,"price_incl":3.36,"delivery_group":"COLLECT","warehouse_id":""},{"variation_id":"47736","customer_group":"DISTRI","customer_id":"","min_qty":10,"max_qty":9999999,"steps":1,"price":2.78,"price_incl":3.36,"delivery_group":"DELIVERY","warehouse_id":""},{"variation_id":"47736","customer_group":"CON","customer_id":"","min_qty":1,"max_qty":9999999,"steps":1,"price":4.13,"price_incl":5,"delivery_group":"COLLECT","warehouse_id":""},{"variation_id":"47736","customer_group":"CON","customer_id":"","min_qty":10,"max_qty":9999999,"steps":1,"price":4.13,"price_incl":5,"delivery_group":"DELIVERY","warehouse_id":""},{"variation_id":"47736","customer_group":"PRO","customer_id":"","min_qty":1,"max_qty":9999999,"steps":1,"price":2.95,"price_incl":3.57,"delivery_group":"COLLECT","warehouse_id":""},{"variation_id":"47736","customer_group":"PRO","customer_id":"","min_qty":10,"max_qty":9999999,"steps":1,"price":2.95,"price_incl":3.57,"delivery_group":"DELIVERY","warehouse_id":""},{"variation_id":"47736","customer_group":"PER","customer_id":"","min_qty":1,"max_qty":9999999,"steps":1,"price":2.3,"price_incl":2.78,"delivery_group":"COLLECT","warehouse_id":""},{"variation_id":"47736","customer_group":"PER","customer_id":"","min_qty":10,"max_qty":9999999,"steps":1,"price":2.3,"price_incl":2.78,"delivery_group":"DELIVERY","warehouse_id":""},{"variation_id":"47736","customer_group":"DISTRI","customer_id":"129214","min_qty":1,"max_qty":9999999,"steps":1,"price":2.39,"price_incl":2.89,"delivery_group":"COLLECT","warehouse_id":""},{"variation_id":"47736","customer_group":"DISTRI","customer_id":"129214","min_qty":10,"max_qty":9999999,"steps":1,"price":2.39,"price_incl":2.89,"delivery_group":"DELIVERY","warehouse_id":""},{"variation_id":"47736","customer_group":"DISTRI","customer_id":"131327","min_qty":1,"max_qty":9999999,"steps":1,"price":2.43,"price_incl":2.94,"delivery_group":"COLLECT","warehouse_id":""},{"variation_id":"47736","customer_group":"DISTRI","customer_id":"131327","min_qty":10,"max_qty":9999999,"steps":1,"price":2.43,"price_incl":2.94,"delivery_group":"DELIVERY","warehouse_id":""}],"packaging_ids":[{"packaging_name":"En vrac","packaging_id":"74","erp_id":"17180"},{"packaging_name":"Big bag 1500 kg","packaging_id":"77","erp_id":"17224"},{"packaging_name":"Big bag 1000 kg","packaging_id":"76","erp_id":"17223"},{"packaging_name":"Big bag 500 kg","packaging_id":"75","erp_id":"17225"},{"packaging_name":"Sacs","packaging_id":"95","erp_id":"17226"}]},"yoast_head":"<!-- This site is optimized with the Yoast SEO plugin v27.3 - https:\/\/yoast.com\/product\/yoast-seo-wordpress\/ -->\n<title>Parc Gold 8\/16 - Gravelart<\/title>\n<meta name=\"description\" content=\"Parc Gold 8\/16 se distingue par sa couleur jaune intense. Un gravier de qualit\u00e9 qui conserve sa teinte et apporte un caract\u00e8re ensoleill\u00e9 \u00e0 tout espace ext\u00e9rieur.\" \/>\n<meta name=\"robots\" content=\"index, follow, max-snippet:-1, max-image-preview:large, max-video-preview:-1\" \/>\n<link rel=\"canonical\" href=\"https:\/\/gravelart.be\/fr\/product\/jura-8-16\/\" \/>\n<meta property=\"og:locale\" content=\"fr_FR\" \/>\n<meta property=\"og:type\" content=\"article\" \/>\n<meta property=\"og:title\" content=\"Parc Gold 8\/16 - Gravelart\" \/>\n<meta property=\"og:description\" content=\"Parc Gold 8\/16 se distingue par sa couleur jaune intense. Un gravier de qualit\u00e9 qui conserve sa teinte et apporte un caract\u00e8re ensoleill\u00e9 \u00e0 tout espace ext\u00e9rieur.\" \/>\n<meta property=\"og:url\" content=\"https:\/\/gravelart.be\/fr\/product\/jura-8-16\/\" \/>\n<meta property=\"og:site_name\" content=\"Gravelart\" \/>\n<meta property=\"article:modified_time\" content=\"2026-04-17T02:30:15+00:00\" \/>\n<meta property=\"og:image\" content=\"https:\/\/gravelart.be\/wp-content\/uploads\/2023\/02\/WEBSHOP_IMAGE_1-17180.jpg\" \/>\n\t<meta property=\"og:image:width\" content=\"1000\" \/>\n\t<meta property=\"og:image:height\" content=\"665\" \/>\n\t<meta property=\"og:image:type\" content=\"image\/jpeg\" \/>\n<meta name=\"twitter:card\" content=\"summary_large_image\" \/>\n<meta name=\"twitter:label1\" content=\"Dur\u00e9e de lecture estim\u00e9e\" \/>\n\t<meta name=\"twitter:data1\" content=\"1 minute\" \/>\n<script type=\"application\/ld+json\" class=\"yoast-schema-graph\">{\"@context\":\"https:\\\/\\\/schema.org\",\"@graph\":[{\"@type\":\"WebPage\",\"@id\":\"https:\\\/\\\/gravelart.be\\\/fr\\\/product\\\/jura-8-16\\\/\",\"url\":\"https:\\\/\\\/gravelart.be\\\/fr\\\/product\\\/jura-8-16\\\/\",\"name\":\"Parc Gold 8\\\/16 - Gravelart\",\"isPartOf\":{\"@id\":\"https:\\\/\\\/gravelart.be\\\/fr\\\/#website\"},\"primaryImageOfPage\":{\"@id\":\"https:\\\/\\\/gravelart.be\\\/fr\\\/product\\\/jura-8-16\\\/#primaryimage\"},\"image\":{\"@id\":\"https:\\\/\\\/gravelart.be\\\/fr\\\/product\\\/jura-8-16\\\/#primaryimage\"},\"thumbnailUrl\":\"https:\\\/\\\/gravelart.be\\\/wp-content\\\/uploads\\\/2023\\\/02\\\/WEBSHOP_IMAGE_1-17180.jpg\",\"datePublished\":\"2023-02-02T08:30:34+00:00\",\"dateModified\":\"2026-04-17T02:30:15+00:00\",\"description\":\"Parc Gold 8\\\/16 se distingue par sa couleur jaune intense. Un gravier de qualit\u00e9 qui conserve sa teinte et apporte un caract\u00e8re ensoleill\u00e9 \u00e0 tout espace ext\u00e9rieur.\",\"breadcrumb\":{\"@id\":\"https:\\\/\\\/gravelart.be\\\/fr\\\/product\\\/jura-8-16\\\/#breadcrumb\"},\"inLanguage\":\"fr-FR\",\"potentialAction\":[{\"@type\":\"ReadAction\",\"target\":[\"https:\\\/\\\/gravelart.be\\\/fr\\\/product\\\/jura-8-16\\\/\"]}]},{\"@type\":\"ImageObject\",\"inLanguage\":\"fr-FR\",\"@id\":\"https:\\\/\\\/gravelart.be\\\/fr\\\/product\\\/jura-8-16\\\/#primaryimage\",\"url\":\"https:\\\/\\\/gravelart.be\\\/wp-content\\\/uploads\\\/2023\\\/02\\\/WEBSHOP_IMAGE_1-17180.jpg\",\"contentUrl\":\"https:\\\/\\\/gravelart.be\\\/wp-content\\\/uploads\\\/2023\\\/02\\\/WEBSHOP_IMAGE_1-17180.jpg\",\"width\":1000,\"height\":665,\"caption\":\"Sec\"},{\"@type\":\"BreadcrumbList\",\"@id\":\"https:\\\/\\\/gravelart.be\\\/fr\\\/product\\\/jura-8-16\\\/#breadcrumb\",\"itemListElement\":[{\"@type\":\"ListItem\",\"position\":1,\"name\":\"Home\",\"item\":\"https:\\\/\\\/gravelart.be\\\/fr\\\/\"},{\"@type\":\"ListItem\",\"position\":2,\"name\":\"Produits\",\"item\":\"https:\\\/\\\/gravelart.be\\\/fr\\\/boutique\\\/\"},{\"@type\":\"ListItem\",\"position\":3,\"name\":\"Parc Gold 8\\\/16\"}]},{\"@type\":\"WebSite\",\"@id\":\"https:\\\/\\\/gravelart.be\\\/fr\\\/#website\",\"url\":\"https:\\\/\\\/gravelart.be\\\/fr\\\/\",\"name\":\"Gravelart\",\"description\":\"Alles voor tuin en park\",\"publisher\":{\"@id\":\"https:\\\/\\\/gravelart.be\\\/fr\\\/#organization\"},\"potentialAction\":[{\"@type\":\"SearchAction\",\"target\":{\"@type\":\"EntryPoint\",\"urlTemplate\":\"https:\\\/\\\/gravelart.be\\\/fr\\\/?s={search_term_string}\"},\"query-input\":{\"@type\":\"PropertyValueSpecification\",\"valueRequired\":true,\"valueName\":\"search_term_string\"}}],\"inLanguage\":\"fr-FR\"},{\"@type\":\"Organization\",\"@id\":\"https:\\\/\\\/gravelart.be\\\/fr\\\/#organization\",\"name\":\"Gravelart\",\"url\":\"https:\\\/\\\/gravelart.be\\\/fr\\\/\",\"logo\":{\"@type\":\"ImageObject\",\"inLanguage\":\"fr-FR\",\"@id\":\"https:\\\/\\\/gravelart.be\\\/fr\\\/#\\\/schema\\\/logo\\\/image\\\/\",\"url\":\"https:\\\/\\\/gravelart.be\\\/wp-content\\\/uploads\\\/2022\\\/10\\\/logo-gravelart.png\",\"contentUrl\":\"https:\\\/\\\/gravelart.be\\\/wp-content\\\/uploads\\\/2022\\\/10\\\/logo-gravelart.png\",\"width\":348,\"height\":186,\"caption\":\"Gravelart\"},\"image\":{\"@id\":\"https:\\\/\\\/gravelart.be\\\/fr\\\/#\\\/schema\\\/logo\\\/image\\\/\"}}]}<\/script>\n<!-- \/ Yoast SEO plugin. -->","yoast_head_json":{"title":"Parc Gold 8\/16 - Gravelart","description":"Parc Gold 8\/16 se distingue par sa couleur jaune intense. Un gravier de qualit\u00e9 qui conserve sa teinte et apporte un caract\u00e8re ensoleill\u00e9 \u00e0 tout espace ext\u00e9rieur.","robots":{"index":"index","follow":"follow","max-snippet":"max-snippet:-1","max-image-preview":"max-image-preview:large","max-video-preview":"max-video-preview:-1"},"canonical":"https:\/\/gravelart.be\/fr\/product\/jura-8-16\/","og_locale":"fr_FR","og_type":"article","og_title":"Parc Gold 8\/16 - Gravelart","og_description":"Parc Gold 8\/16 se distingue par sa couleur jaune intense. Un gravier de qualit\u00e9 qui conserve sa teinte et apporte un caract\u00e8re ensoleill\u00e9 \u00e0 tout espace ext\u00e9rieur.","og_url":"https:\/\/gravelart.be\/fr\/product\/jura-8-16\/","og_site_name":"Gravelart","article_modified_time":"2026-04-17T02:30:15+00:00","og_image":[{"width":1000,"height":665,"url":"https:\/\/gravelart.be\/wp-content\/uploads\/2023\/02\/WEBSHOP_IMAGE_1-17180.jpg","type":"image\/jpeg"}],"twitter_card":"summary_large_image","twitter_misc":{"Dur\u00e9e de lecture estim\u00e9e":"1 minute"},"schema":{"@context":"https:\/\/schema.org","@graph":[{"@type":"WebPage","@id":"https:\/\/gravelart.be\/fr\/product\/jura-8-16\/","url":"https:\/\/gravelart.be\/fr\/product\/jura-8-16\/","name":"Parc Gold 8\/16 - Gravelart","isPartOf":{"@id":"https:\/\/gravelart.be\/fr\/#website"},"primaryImageOfPage":{"@id":"https:\/\/gravelart.be\/fr\/product\/jura-8-16\/#primaryimage"},"image":{"@id":"https:\/\/gravelart.be\/fr\/product\/jura-8-16\/#primaryimage"},"thumbnailUrl":"https:\/\/gravelart.be\/wp-content\/uploads\/2023\/02\/WEBSHOP_IMAGE_1-17180.jpg","datePublished":"2023-02-02T08:30:34+00:00","dateModified":"2026-04-17T02:30:15+00:00","description":"Parc Gold 8\/16 se distingue par sa couleur jaune intense. Un gravier de qualit\u00e9 qui conserve sa teinte et apporte un caract\u00e8re ensoleill\u00e9 \u00e0 tout espace ext\u00e9rieur.","breadcrumb":{"@id":"https:\/\/gravelart.be\/fr\/product\/jura-8-16\/#breadcrumb"},"inLanguage":"fr-FR","potentialAction":[{"@type":"ReadAction","target":["https:\/\/gravelart.be\/fr\/product\/jura-8-16\/"]}]},{"@type":"ImageObject","inLanguage":"fr-FR","@id":"https:\/\/gravelart.be\/fr\/product\/jura-8-16\/#primaryimage","url":"https:\/\/gravelart.be\/wp-content\/uploads\/2023\/02\/WEBSHOP_IMAGE_1-17180.jpg","contentUrl":"https:\/\/gravelart.be\/wp-content\/uploads\/2023\/02\/WEBSHOP_IMAGE_1-17180.jpg","width":1000,"height":665,"caption":"Sec"},{"@type":"BreadcrumbList","@id":"https:\/\/gravelart.be\/fr\/product\/jura-8-16\/#breadcrumb","itemListElement":[{"@type":"ListItem","position":1,"name":"Home","item":"https:\/\/gravelart.be\/fr\/"},{"@type":"ListItem","position":2,"name":"Produits","item":"https:\/\/gravelart.be\/fr\/boutique\/"},{"@type":"ListItem","position":3,"name":"Parc Gold 8\/16"}]},{"@type":"WebSite","@id":"https:\/\/gravelart.be\/fr\/#website","url":"https:\/\/gravelart.be\/fr\/","name":"Gravelart","description":"Alles voor tuin en park","publisher":{"@id":"https:\/\/gravelart.be\/fr\/#organization"},"potentialAction":[{"@type":"SearchAction","target":{"@type":"EntryPoint","urlTemplate":"https:\/\/gravelart.be\/fr\/?s={search_term_string}"},"query-input":{"@type":"PropertyValueSpecification","valueRequired":true,"valueName":"search_term_string"}}],"inLanguage":"fr-FR"},{"@type":"Organization","@id":"https:\/\/gravelart.be\/fr\/#organization","name":"Gravelart","url":"https:\/\/gravelart.be\/fr\/","logo":{"@type":"ImageObject","inLanguage":"fr-FR","@id":"https:\/\/gravelart.be\/fr\/#\/schema\/logo\/image\/","url":"https:\/\/gravelart.be\/wp-content\/uploads\/2022\/10\/logo-gravelart.png","contentUrl":"https:\/\/gravelart.be\/wp-content\/uploads\/2022\/10\/logo-gravelart.png","width":348,"height":186,"caption":"Gravelart"},"image":{"@id":"https:\/\/gravelart.be\/fr\/#\/schema\/logo\/image\/"}}]}},"_links":{"self":[{"href":"https:\/\/gravelart.be\/fr\/wp-json\/wp\/v2\/product\/33561","targetHints":{"allow":["GET"]}}],"collection":[{"href":"https:\/\/gravelart.be\/fr\/wp-json\/wp\/v2\/product"}],"about":[{"href":"https:\/\/gravelart.be\/fr\/wp-json\/wp\/v2\/types\/product"}],"replies":[{"embeddable":true,"href":"https:\/\/gravelart.be\/fr\/wp-json\/wp\/v2\/comments?post=33561"}],"wp:featuredmedia":[{"embeddable":true,"href":"https:\/\/gravelart.be\/fr\/wp-json\/wp\/v2\/media\/42737"}],"wp:attachment":[{"href":"https:\/\/gravelart.be\/fr\/wp-json\/wp\/v2\/media?parent=33561"}],"wp:term":[{"taxonomy":"product_brand","embeddable":true,"href":"https:\/\/gravelart.be\/fr\/wp-json\/wp\/v2\/product_brand?post=33561"},{"taxonomy":"product_cat","embeddable":true,"href":"https:\/\/gravelart.be\/fr\/wp-json\/wp\/v2\/product_cat?post=33561"},{"taxonomy":"product_tag","embeddable":true,"href":"https:\/\/gravelart.be\/fr\/wp-json\/wp\/v2\/product_tag?post=33561"}],"curies":[{"name":"wp","href":"https:\/\/api.w.org\/{rel}","templated":true}]}}