{"id":33563,"date":"2023-02-02T09:30:36","date_gmt":"2023-02-02T08:30:36","guid":{"rendered":"https:\/\/gravelart.be\/?post_type=product&#038;p=33563"},"modified":"2026-05-14T04:30:28","modified_gmt":"2026-05-14T02:30:28","slug":"mignonette-beige-4-10","status":"publish","type":"product","link":"https:\/\/gravelart.be\/fr\/product\/mignonette-beige-4-10\/","title":{"rendered":"Mignonette beige 4\/10"},"content":{"rendered":"","protected":false},"excerpt":{"rendered":"<p>Gr\u00e2ce \u00e0 sa forme arrondie, le gravier Mignonette est doux au toucher, m\u00eame lorsque l\u2019on marche dessus pieds nus. C\u2019est pourquoi il est souvent utilis\u00e9 pour les abords de piscines, d\u2019\u00e9tangs de baignade et pour toutes les applications o\u00f9 la s\u00e9curit\u00e9 des enfants est importante. Ce gravier d\u00e9coratif est \u00e9galement id\u00e9al pour les pattes sensibles des animaux domestiques. Les pierres arrondies limitent les \u00e9claboussures, ce qui est particuli\u00e8rement pratique lorsqu\u2019il est plac\u00e9 le long des murs afin de r\u00e9duire les salissures caus\u00e9es par les projections d\u2019eau.   <\/p>\n<p>La Mignonette est \u00e9galement commercialis\u00e9e sous les noms de Castle gravel et Haute Marne, mais uniquement chez Gravelart, vous trouverez une granulom\u00e9trie parfaitement tamis\u00e9e \u2014 la plus belle de toutes.<br \/>Disponible imm\u00e9diatement \u00e0 partir de 500 kg. <\/p>\n<p>&nbsp;<\/p>\n","protected":false},"featured_media":42184,"comment_status":"open","ping_status":"closed","template":"","meta":{"_acf_changed":false,"inline_featured_image":false},"product_brand":[],"product_cat":[4162],"product_tag":[],"class_list":{"0":"post-33563","1":"product","2":"type-product","3":"status-publish","4":"has-post-thumbnail","6":"product_cat-gravier-roule","8":"first","9":"instock","10":"taxable","11":"shipping-taxable","12":"purchasable","13":"product-type-variable","14":"has-default-attributes"},"acf":{"woocommerce_erp_id":"17211","woocommerce_cnk_id":"102905","product_density":1.6,"custom_prices":[{"variation_id":"46866","customer_group":"CON","customer_id":"","min_qty":0.5,"max_qty":9999999,"steps":0.01,"price":110.59,"price_incl":133.81,"delivery_group":"COLLECT","warehouse_id":""},{"variation_id":"46866","customer_group":"CON","customer_id":"","min_qty":0.5,"max_qty":9999999,"steps":0.01,"price":110.59,"price_incl":133.81,"delivery_group":"COLLECT","warehouse_id":""},{"variation_id":"46866","customer_group":"CON","customer_id":"","min_qty":0.5,"max_qty":9999999,"steps":0.01,"price":110.59,"price_incl":133.81,"delivery_group":"DELIVERY","warehouse_id":""},{"variation_id":"46866","customer_group":"CON","customer_id":"","min_qty":0.5,"max_qty":9999999,"steps":0.01,"price":110.59,"price_incl":133.81,"delivery_group":"DELIVERY","warehouse_id":""},{"variation_id":"46866","customer_group":"PRO","customer_id":"","min_qty":0.5,"max_qty":9999999,"steps":0.01,"price":85.18,"price_incl":103.07,"delivery_group":"COLLECT","warehouse_id":""},{"variation_id":"46866","customer_group":"PRO","customer_id":"","min_qty":0.5,"max_qty":9999999,"steps":0.01,"price":85.18,"price_incl":103.07,"delivery_group":"COLLECT","warehouse_id":""},{"variation_id":"46866","customer_group":"PRO","customer_id":"","min_qty":0.5,"max_qty":9999999,"steps":0.01,"price":85.18,"price_incl":103.07,"delivery_group":"DELIVERY","warehouse_id":""},{"variation_id":"46866","customer_group":"PRO","customer_id":"","min_qty":0.5,"max_qty":9999999,"steps":0.01,"price":85.18,"price_incl":103.07,"delivery_group":"DELIVERY","warehouse_id":""},{"variation_id":"46866","customer_group":"DISTRI","customer_id":"","min_qty":0.5,"max_qty":9999999,"steps":0.01,"price":63.16,"price_incl":76.42,"delivery_group":"COLLECT","warehouse_id":""},{"variation_id":"46866","customer_group":"DISTRI","customer_id":"","min_qty":0.5,"max_qty":9999999,"steps":0.01,"price":63.16,"price_incl":76.42,"delivery_group":"DELIVERY","warehouse_id":""},{"variation_id":"46866","customer_group":"DISTRI","customer_id":"","min_qty":0.5,"max_qty":9999999,"steps":0.01,"price":63.16,"price_incl":76.42,"delivery_group":"DELIVERY","warehouse_id":""},{"variation_id":"46866","customer_group":"PER","customer_id":"","min_qty":0.5,"max_qty":9999999,"steps":0.01,"price":42.65,"price_incl":51.61,"delivery_group":"COLLECT","warehouse_id":""},{"variation_id":"46866","customer_group":"PER","customer_id":"","min_qty":0.5,"max_qty":9999999,"steps":0.01,"price":42.65,"price_incl":51.61,"delivery_group":"DELIVERY","warehouse_id":""},{"variation_id":"46866","customer_group":"PER","customer_id":"","min_qty":0.5,"max_qty":9999999,"steps":0.01,"price":42.65,"price_incl":51.61,"delivery_group":"DELIVERY","warehouse_id":""},{"variation_id":"46866","customer_group":"DISTRI","customer_id":"129214","min_qty":0.5,"max_qty":9999999,"steps":0.01,"price":44.93,"price_incl":54.37,"delivery_group":"COLLECT","warehouse_id":""},{"variation_id":"46866","customer_group":"DISTRI","customer_id":"129214","min_qty":0.5,"max_qty":9999999,"steps":0.01,"price":44.93,"price_incl":54.37,"delivery_group":"COLLECT","warehouse_id":""},{"variation_id":"46866","customer_group":"DISTRI","customer_id":"129214","min_qty":0.5,"max_qty":9999999,"steps":0.01,"price":44.93,"price_incl":54.37,"delivery_group":"DELIVERY","warehouse_id":""},{"variation_id":"46866","customer_group":"DISTRI","customer_id":"129214","min_qty":0.5,"max_qty":9999999,"steps":0.01,"price":44.93,"price_incl":54.37,"delivery_group":"DELIVERY","warehouse_id":""},{"variation_id":"46866","customer_group":"DISTRI","customer_id":"119741","min_qty":0.5,"max_qty":9999999,"steps":0.01,"price":43.02,"price_incl":52.05,"delivery_group":"COLLECT","warehouse_id":""},{"variation_id":"46866","customer_group":"DISTRI","customer_id":"119741","min_qty":0.5,"max_qty":9999999,"steps":0.01,"price":43.02,"price_incl":52.05,"delivery_group":"DELIVERY","warehouse_id":""},{"variation_id":"46866","customer_group":"DISTRI","customer_id":"132202","min_qty":0.5,"max_qty":9999999,"steps":0.01,"price":47.69,"price_incl":57.7,"delivery_group":"DELIVERY","warehouse_id":""},{"variation_id":"46866","customer_group":"DISTRI","customer_id":"132202","min_qty":0.5,"max_qty":9999999,"steps":0.01,"price":47.69,"price_incl":57.7,"delivery_group":"COLLECT","warehouse_id":""},{"variation_id":"46866","customer_group":"DISTRI","customer_id":"131327","min_qty":0.5,"max_qty":9999999,"steps":0.01,"price":46.01,"price_incl":55.67,"delivery_group":"COLLECT","warehouse_id":""},{"variation_id":"46866","customer_group":"DISTRI","customer_id":"131327","min_qty":0.5,"max_qty":9999999,"steps":0.01,"price":46.01,"price_incl":55.67,"delivery_group":"DELIVERY","warehouse_id":""},{"variation_id":"46866","customer_group":"DISTRI","customer_id":"131327","min_qty":0.5,"max_qty":9999999,"steps":0.01,"price":46.01,"price_incl":55.67,"delivery_group":"DELIVERY","warehouse_id":""},{"variation_id":"46866","customer_group":"DISTRI","customer_id":"105038","min_qty":0.5,"max_qty":9999999,"steps":0.01,"price":48.73,"price_incl":58.96,"delivery_group":"DELIVERY","warehouse_id":""},{"variation_id":"46869","customer_group":"DISTRI","customer_id":"","min_qty":1,"max_qty":9999999,"steps":1,"price":2.78,"price_incl":3.36,"delivery_group":"COLLECT","warehouse_id":""},{"variation_id":"46869","customer_group":"DISTRI","customer_id":"","min_qty":1,"max_qty":9999999,"steps":1,"price":2.78,"price_incl":3.36,"delivery_group":"COLLECT","warehouse_id":""},{"variation_id":"46869","customer_group":"DISTRI","customer_id":"","min_qty":1,"max_qty":9999999,"steps":1,"price":2.78,"price_incl":3.36,"delivery_group":"DELIVERY","warehouse_id":""},{"variation_id":"46869","customer_group":"DISTRI","customer_id":"","min_qty":1,"max_qty":9999999,"steps":1,"price":2.78,"price_incl":3.36,"delivery_group":"DELIVERY","warehouse_id":""},{"variation_id":"46869","customer_group":"CON","customer_id":"","min_qty":1,"max_qty":9999999,"steps":1,"price":4.77,"price_incl":5.77,"delivery_group":"COLLECT","warehouse_id":""},{"variation_id":"46869","customer_group":"CON","customer_id":"","min_qty":1,"max_qty":9999999,"steps":1,"price":4.77,"price_incl":5.77,"delivery_group":"COLLECT","warehouse_id":""},{"variation_id":"46869","customer_group":"CON","customer_id":"","min_qty":1,"max_qty":9999999,"steps":1,"price":4.77,"price_incl":5.77,"delivery_group":"DELIVERY","warehouse_id":""},{"variation_id":"46869","customer_group":"PRO","customer_id":"","min_qty":1,"max_qty":9999999,"steps":1,"price":3.33,"price_incl":4.03,"delivery_group":"COLLECT","warehouse_id":""},{"variation_id":"46869","customer_group":"PRO","customer_id":"","min_qty":1,"max_qty":9999999,"steps":1,"price":3.33,"price_incl":4.03,"delivery_group":"COLLECT","warehouse_id":""},{"variation_id":"46869","customer_group":"PRO","customer_id":"","min_qty":1,"max_qty":9999999,"steps":1,"price":3.33,"price_incl":4.03,"delivery_group":"DELIVERY","warehouse_id":""},{"variation_id":"46869","customer_group":"PER","customer_id":"","min_qty":1,"max_qty":9999999,"steps":1,"price":2.27,"price_incl":2.75,"delivery_group":"COLLECT","warehouse_id":""},{"variation_id":"46869","customer_group":"PER","customer_id":"","min_qty":1,"max_qty":9999999,"steps":1,"price":2.27,"price_incl":2.75,"delivery_group":"COLLECT","warehouse_id":""},{"variation_id":"46869","customer_group":"PER","customer_id":"","min_qty":1,"max_qty":9999999,"steps":1,"price":2.27,"price_incl":2.75,"delivery_group":"DELIVERY","warehouse_id":""},{"variation_id":"46869","customer_group":"PER","customer_id":"","min_qty":1,"max_qty":9999999,"steps":1,"price":2.27,"price_incl":2.75,"delivery_group":"DELIVERY","warehouse_id":""},{"variation_id":"46869","customer_group":"DISTRI","customer_id":"129214","min_qty":1,"max_qty":9999999,"steps":1,"price":2.33,"price_incl":2.82,"delivery_group":"COLLECT","warehouse_id":""},{"variation_id":"46869","customer_group":"DISTRI","customer_id":"129214","min_qty":1,"max_qty":9999999,"steps":1,"price":2.33,"price_incl":2.82,"delivery_group":"COLLECT","warehouse_id":""},{"variation_id":"46869","customer_group":"DISTRI","customer_id":"129214","min_qty":1,"max_qty":9999999,"steps":1,"price":2.33,"price_incl":2.82,"delivery_group":"DELIVERY","warehouse_id":""},{"variation_id":"46869","customer_group":"DISTRI","customer_id":"129214","min_qty":1,"max_qty":9999999,"steps":1,"price":2.33,"price_incl":2.82,"delivery_group":"DELIVERY","warehouse_id":""},{"variation_id":"46869","customer_group":"DISTRI","customer_id":"131327","min_qty":1,"max_qty":9999999,"steps":1,"price":2.35,"price_incl":2.84,"delivery_group":"COLLECT","warehouse_id":""},{"variation_id":"46869","customer_group":"DISTRI","customer_id":"131327","min_qty":1,"max_qty":9999999,"steps":1,"price":2.35,"price_incl":2.84,"delivery_group":"COLLECT","warehouse_id":""},{"variation_id":"46869","customer_group":"DISTRI","customer_id":"131327","min_qty":1,"max_qty":9999999,"steps":1,"price":2.35,"price_incl":2.84,"delivery_group":"DELIVERY","warehouse_id":""},{"variation_id":"46869","customer_group":"DISTRI","customer_id":"131327","min_qty":1,"max_qty":9999999,"steps":1,"price":2.35,"price_incl":2.84,"delivery_group":"DELIVERY","warehouse_id":""}],"packaging_ids":[{"packaging_name":"En vrac","packaging_id":"74","erp_id":"17211"},{"packaging_name":"Pi\u00e8ce","packaging_id":"73","erp_id":"17215"}]},"yoast_head":"<!-- This site is optimized with the Yoast SEO plugin v27.3 - https:\/\/yoast.com\/product\/yoast-seo-wordpress\/ -->\n<title>Mignonette beige 4\/10 - Gravelart<\/title>\n<meta name=\"description\" content=\"Mignonette beige 4\/10 : gravier d\u00e9coratif beige uniforme, doux au toucher. Id\u00e9al autour des piscines, des \u00e9tangs et pour les projets de jardin adapt\u00e9s aux enfants.\" \/>\n<meta name=\"robots\" content=\"index, follow, max-snippet:-1, max-image-preview:large, max-video-preview:-1\" \/>\n<link rel=\"canonical\" href=\"https:\/\/gravelart.be\/fr\/product\/mignonette-beige-4-10\/\" \/>\n<meta property=\"og:locale\" content=\"fr_FR\" \/>\n<meta property=\"og:type\" content=\"article\" \/>\n<meta property=\"og:title\" content=\"Mignonette beige 4\/10 - Gravelart\" \/>\n<meta property=\"og:description\" content=\"Mignonette beige 4\/10 : gravier d\u00e9coratif beige uniforme, doux au toucher. Id\u00e9al autour des piscines, des \u00e9tangs et pour les projets de jardin adapt\u00e9s aux enfants.\" \/>\n<meta property=\"og:url\" content=\"https:\/\/gravelart.be\/fr\/product\/mignonette-beige-4-10\/\" \/>\n<meta property=\"og:site_name\" content=\"Gravelart\" \/>\n<meta property=\"article:modified_time\" content=\"2026-05-14T02:30:28+00:00\" \/>\n<meta property=\"og:image\" content=\"https:\/\/gravelart.be\/wp-content\/uploads\/2023\/02\/WEBSHOP_IMAGE_1-17211.jpg\" \/>\n\t<meta property=\"og:image:width\" content=\"1000\" \/>\n\t<meta property=\"og:image:height\" content=\"665\" \/>\n\t<meta property=\"og:image:type\" content=\"image\/jpeg\" \/>\n<meta name=\"twitter:card\" content=\"summary_large_image\" \/>\n<script type=\"application\/ld+json\" class=\"yoast-schema-graph\">{\"@context\":\"https:\\\/\\\/schema.org\",\"@graph\":[{\"@type\":\"WebPage\",\"@id\":\"https:\\\/\\\/gravelart.be\\\/fr\\\/product\\\/mignonette-beige-4-10\\\/\",\"url\":\"https:\\\/\\\/gravelart.be\\\/fr\\\/product\\\/mignonette-beige-4-10\\\/\",\"name\":\"Mignonette beige 4\\\/10 - Gravelart\",\"isPartOf\":{\"@id\":\"https:\\\/\\\/gravelart.be\\\/fr\\\/#website\"},\"primaryImageOfPage\":{\"@id\":\"https:\\\/\\\/gravelart.be\\\/fr\\\/product\\\/mignonette-beige-4-10\\\/#primaryimage\"},\"image\":{\"@id\":\"https:\\\/\\\/gravelart.be\\\/fr\\\/product\\\/mignonette-beige-4-10\\\/#primaryimage\"},\"thumbnailUrl\":\"https:\\\/\\\/gravelart.be\\\/wp-content\\\/uploads\\\/2023\\\/02\\\/WEBSHOP_IMAGE_1-17211.jpg\",\"datePublished\":\"2023-02-02T08:30:36+00:00\",\"dateModified\":\"2026-05-14T02:30:28+00:00\",\"description\":\"Mignonette beige 4\\\/10 : gravier d\u00e9coratif beige uniforme, doux au toucher. Id\u00e9al autour des piscines, des \u00e9tangs et pour les projets de jardin adapt\u00e9s aux enfants.\",\"breadcrumb\":{\"@id\":\"https:\\\/\\\/gravelart.be\\\/fr\\\/product\\\/mignonette-beige-4-10\\\/#breadcrumb\"},\"inLanguage\":\"fr-FR\",\"potentialAction\":[{\"@type\":\"ReadAction\",\"target\":[\"https:\\\/\\\/gravelart.be\\\/fr\\\/product\\\/mignonette-beige-4-10\\\/\"]}]},{\"@type\":\"ImageObject\",\"inLanguage\":\"fr-FR\",\"@id\":\"https:\\\/\\\/gravelart.be\\\/fr\\\/product\\\/mignonette-beige-4-10\\\/#primaryimage\",\"url\":\"https:\\\/\\\/gravelart.be\\\/wp-content\\\/uploads\\\/2023\\\/02\\\/WEBSHOP_IMAGE_1-17211.jpg\",\"contentUrl\":\"https:\\\/\\\/gravelart.be\\\/wp-content\\\/uploads\\\/2023\\\/02\\\/WEBSHOP_IMAGE_1-17211.jpg\",\"width\":1000,\"height\":665,\"caption\":\"Sec\"},{\"@type\":\"BreadcrumbList\",\"@id\":\"https:\\\/\\\/gravelart.be\\\/fr\\\/product\\\/mignonette-beige-4-10\\\/#breadcrumb\",\"itemListElement\":[{\"@type\":\"ListItem\",\"position\":1,\"name\":\"Home\",\"item\":\"https:\\\/\\\/gravelart.be\\\/fr\\\/\"},{\"@type\":\"ListItem\",\"position\":2,\"name\":\"Produits\",\"item\":\"https:\\\/\\\/gravelart.be\\\/fr\\\/boutique\\\/\"},{\"@type\":\"ListItem\",\"position\":3,\"name\":\"Mignonette beige 4\\\/10\"}]},{\"@type\":\"WebSite\",\"@id\":\"https:\\\/\\\/gravelart.be\\\/fr\\\/#website\",\"url\":\"https:\\\/\\\/gravelart.be\\\/fr\\\/\",\"name\":\"Gravelart\",\"description\":\"Alles voor tuin en park\",\"publisher\":{\"@id\":\"https:\\\/\\\/gravelart.be\\\/fr\\\/#organization\"},\"potentialAction\":[{\"@type\":\"SearchAction\",\"target\":{\"@type\":\"EntryPoint\",\"urlTemplate\":\"https:\\\/\\\/gravelart.be\\\/fr\\\/?s={search_term_string}\"},\"query-input\":{\"@type\":\"PropertyValueSpecification\",\"valueRequired\":true,\"valueName\":\"search_term_string\"}}],\"inLanguage\":\"fr-FR\"},{\"@type\":\"Organization\",\"@id\":\"https:\\\/\\\/gravelart.be\\\/fr\\\/#organization\",\"name\":\"Gravelart\",\"url\":\"https:\\\/\\\/gravelart.be\\\/fr\\\/\",\"logo\":{\"@type\":\"ImageObject\",\"inLanguage\":\"fr-FR\",\"@id\":\"https:\\\/\\\/gravelart.be\\\/fr\\\/#\\\/schema\\\/logo\\\/image\\\/\",\"url\":\"https:\\\/\\\/gravelart.be\\\/wp-content\\\/uploads\\\/2022\\\/10\\\/logo-gravelart.png\",\"contentUrl\":\"https:\\\/\\\/gravelart.be\\\/wp-content\\\/uploads\\\/2022\\\/10\\\/logo-gravelart.png\",\"width\":348,\"height\":186,\"caption\":\"Gravelart\"},\"image\":{\"@id\":\"https:\\\/\\\/gravelart.be\\\/fr\\\/#\\\/schema\\\/logo\\\/image\\\/\"}}]}<\/script>\n<!-- \/ Yoast SEO plugin. -->","yoast_head_json":{"title":"Mignonette beige 4\/10 - Gravelart","description":"Mignonette beige 4\/10 : gravier d\u00e9coratif beige uniforme, doux au toucher. Id\u00e9al autour des piscines, des \u00e9tangs et pour les projets de jardin adapt\u00e9s aux enfants.","robots":{"index":"index","follow":"follow","max-snippet":"max-snippet:-1","max-image-preview":"max-image-preview:large","max-video-preview":"max-video-preview:-1"},"canonical":"https:\/\/gravelart.be\/fr\/product\/mignonette-beige-4-10\/","og_locale":"fr_FR","og_type":"article","og_title":"Mignonette beige 4\/10 - Gravelart","og_description":"Mignonette beige 4\/10 : gravier d\u00e9coratif beige uniforme, doux au toucher. Id\u00e9al autour des piscines, des \u00e9tangs et pour les projets de jardin adapt\u00e9s aux enfants.","og_url":"https:\/\/gravelart.be\/fr\/product\/mignonette-beige-4-10\/","og_site_name":"Gravelart","article_modified_time":"2026-05-14T02:30:28+00:00","og_image":[{"width":1000,"height":665,"url":"https:\/\/gravelart.be\/wp-content\/uploads\/2023\/02\/WEBSHOP_IMAGE_1-17211.jpg","type":"image\/jpeg"}],"twitter_card":"summary_large_image","schema":{"@context":"https:\/\/schema.org","@graph":[{"@type":"WebPage","@id":"https:\/\/gravelart.be\/fr\/product\/mignonette-beige-4-10\/","url":"https:\/\/gravelart.be\/fr\/product\/mignonette-beige-4-10\/","name":"Mignonette beige 4\/10 - Gravelart","isPartOf":{"@id":"https:\/\/gravelart.be\/fr\/#website"},"primaryImageOfPage":{"@id":"https:\/\/gravelart.be\/fr\/product\/mignonette-beige-4-10\/#primaryimage"},"image":{"@id":"https:\/\/gravelart.be\/fr\/product\/mignonette-beige-4-10\/#primaryimage"},"thumbnailUrl":"https:\/\/gravelart.be\/wp-content\/uploads\/2023\/02\/WEBSHOP_IMAGE_1-17211.jpg","datePublished":"2023-02-02T08:30:36+00:00","dateModified":"2026-05-14T02:30:28+00:00","description":"Mignonette beige 4\/10 : gravier d\u00e9coratif beige uniforme, doux au toucher. Id\u00e9al autour des piscines, des \u00e9tangs et pour les projets de jardin adapt\u00e9s aux enfants.","breadcrumb":{"@id":"https:\/\/gravelart.be\/fr\/product\/mignonette-beige-4-10\/#breadcrumb"},"inLanguage":"fr-FR","potentialAction":[{"@type":"ReadAction","target":["https:\/\/gravelart.be\/fr\/product\/mignonette-beige-4-10\/"]}]},{"@type":"ImageObject","inLanguage":"fr-FR","@id":"https:\/\/gravelart.be\/fr\/product\/mignonette-beige-4-10\/#primaryimage","url":"https:\/\/gravelart.be\/wp-content\/uploads\/2023\/02\/WEBSHOP_IMAGE_1-17211.jpg","contentUrl":"https:\/\/gravelart.be\/wp-content\/uploads\/2023\/02\/WEBSHOP_IMAGE_1-17211.jpg","width":1000,"height":665,"caption":"Sec"},{"@type":"BreadcrumbList","@id":"https:\/\/gravelart.be\/fr\/product\/mignonette-beige-4-10\/#breadcrumb","itemListElement":[{"@type":"ListItem","position":1,"name":"Home","item":"https:\/\/gravelart.be\/fr\/"},{"@type":"ListItem","position":2,"name":"Produits","item":"https:\/\/gravelart.be\/fr\/boutique\/"},{"@type":"ListItem","position":3,"name":"Mignonette beige 4\/10"}]},{"@type":"WebSite","@id":"https:\/\/gravelart.be\/fr\/#website","url":"https:\/\/gravelart.be\/fr\/","name":"Gravelart","description":"Alles voor tuin en park","publisher":{"@id":"https:\/\/gravelart.be\/fr\/#organization"},"potentialAction":[{"@type":"SearchAction","target":{"@type":"EntryPoint","urlTemplate":"https:\/\/gravelart.be\/fr\/?s={search_term_string}"},"query-input":{"@type":"PropertyValueSpecification","valueRequired":true,"valueName":"search_term_string"}}],"inLanguage":"fr-FR"},{"@type":"Organization","@id":"https:\/\/gravelart.be\/fr\/#organization","name":"Gravelart","url":"https:\/\/gravelart.be\/fr\/","logo":{"@type":"ImageObject","inLanguage":"fr-FR","@id":"https:\/\/gravelart.be\/fr\/#\/schema\/logo\/image\/","url":"https:\/\/gravelart.be\/wp-content\/uploads\/2022\/10\/logo-gravelart.png","contentUrl":"https:\/\/gravelart.be\/wp-content\/uploads\/2022\/10\/logo-gravelart.png","width":348,"height":186,"caption":"Gravelart"},"image":{"@id":"https:\/\/gravelart.be\/fr\/#\/schema\/logo\/image\/"}}]}},"_links":{"self":[{"href":"https:\/\/gravelart.be\/fr\/wp-json\/wp\/v2\/product\/33563","targetHints":{"allow":["GET"]}}],"collection":[{"href":"https:\/\/gravelart.be\/fr\/wp-json\/wp\/v2\/product"}],"about":[{"href":"https:\/\/gravelart.be\/fr\/wp-json\/wp\/v2\/types\/product"}],"replies":[{"embeddable":true,"href":"https:\/\/gravelart.be\/fr\/wp-json\/wp\/v2\/comments?post=33563"}],"wp:featuredmedia":[{"embeddable":true,"href":"https:\/\/gravelart.be\/fr\/wp-json\/wp\/v2\/media\/42184"}],"wp:attachment":[{"href":"https:\/\/gravelart.be\/fr\/wp-json\/wp\/v2\/media?parent=33563"}],"wp:term":[{"taxonomy":"product_brand","embeddable":true,"href":"https:\/\/gravelart.be\/fr\/wp-json\/wp\/v2\/product_brand?post=33563"},{"taxonomy":"product_cat","embeddable":true,"href":"https:\/\/gravelart.be\/fr\/wp-json\/wp\/v2\/product_cat?post=33563"},{"taxonomy":"product_tag","embeddable":true,"href":"https:\/\/gravelart.be\/fr\/wp-json\/wp\/v2\/product_tag?post=33563"}],"curies":[{"name":"wp","href":"https:\/\/api.w.org\/{rel}","templated":true}]}}