{"id":33567,"date":"2023-02-02T09:30:40","date_gmt":"2023-02-02T08:30:40","guid":{"rendered":"https:\/\/gravelart.be\/?post_type=product&#038;p=33567"},"modified":"2026-04-16T04:30:12","modified_gmt":"2026-04-16T02:30:12","slug":"bordure-en-beton-wirtz-deformable","status":"publish","type":"product","link":"https:\/\/gravelart.be\/fr\/product\/bordure-en-beton-wirtz-deformable\/","title":{"rendered":"Bordure en b\u00e9ton Wirtz D\u00e9formable"},"content":{"rendered":"","protected":false},"excerpt":{"rendered":"<p>Les bordures d\u00e9formables en b\u00e9ton de Wirtz offrent une plus grande libert\u00e9 dans la mise en forme de votre prochain projet. Ces panneaux en b\u00e9ton sont renforc\u00e9s, 100 % r\u00e9sistants au gel et faciles \u00e0 d\u00e9couper.<\/p>\n<ul>\n<li>Poids: 11 kg<\/li>\n<li>Dimensions: 100 x 20 x 1,5cm<\/li>\n<\/ul>\n","protected":false},"featured_media":40714,"comment_status":"open","ping_status":"closed","template":"","meta":{"_acf_changed":false,"inline_featured_image":false},"product_brand":[],"product_cat":[4149,4908],"product_tag":[],"class_list":{"0":"post-33567","1":"product","2":"type-product","3":"status-publish","4":"has-post-thumbnail","6":"product_cat-bordures","7":"product_cat-en-beton","9":"first","10":"instock","11":"taxable","12":"shipping-taxable","13":"purchasable","14":"product-type-variable","15":"has-default-attributes"},"acf":{"woocommerce_erp_id":"17522","woocommerce_cnk_id":"103221","product_density":1,"custom_prices":[{"variation_id":"40721","customer_group":"PRO","customer_id":"","min_qty":1,"max_qty":9999999,"steps":1,"price":7.45,"price_incl":9.01,"delivery_group":"COLLECT","warehouse_id":""},{"variation_id":"40721","customer_group":"PRO","customer_id":"","min_qty":1,"max_qty":9999999,"steps":1,"price":7.45,"price_incl":9.01,"delivery_group":"DELIVERY","warehouse_id":""},{"variation_id":"40721","customer_group":"DISTRI","customer_id":"","min_qty":1,"max_qty":9999999,"steps":1,"price":7.45,"price_incl":9.01,"delivery_group":"COLLECT","warehouse_id":""},{"variation_id":"40721","customer_group":"DISTRI","customer_id":"","min_qty":1,"max_qty":9999999,"steps":1,"price":7.45,"price_incl":9.01,"delivery_group":"DELIVERY","warehouse_id":""},{"variation_id":"40721","customer_group":"DISTRI","customer_id":"129214","min_qty":1,"max_qty":9999999,"steps":1,"price":5.74,"price_incl":6.95,"delivery_group":"DELIVERY","warehouse_id":""},{"variation_id":"40721","customer_group":"DISTRI","customer_id":"129214","min_qty":1,"max_qty":9999999,"steps":1,"price":5.74,"price_incl":6.95,"delivery_group":"COLLECT","warehouse_id":""},{"variation_id":"40721","customer_group":"CON","customer_id":"","min_qty":1,"max_qty":9999999,"steps":1,"price":9.25,"price_incl":11.19,"delivery_group":"COLLECT","warehouse_id":""},{"variation_id":"40721","customer_group":"CON","customer_id":"","min_qty":1,"max_qty":9999999,"steps":1,"price":9.25,"price_incl":11.19,"delivery_group":"DELIVERY","warehouse_id":""}],"packaging_ids":[{"packaging_name":"Pi\u00e8ce","packaging_id":"73","erp_id":"17522"}]},"yoast_head":"<!-- This site is optimized with the Yoast SEO plugin v27.3 - https:\/\/yoast.com\/product\/yoast-seo-wordpress\/ -->\n<title>Bordure en b\u00e9ton Wirtz D\u00e9formable - Gravelart<\/title>\n<meta name=\"description\" content=\"Bestel Bordure en b\u00e9ton Wirtz D\u00e9formable voor jouw volgende tuinproject.\" \/>\n<meta name=\"robots\" content=\"index, follow, max-snippet:-1, max-image-preview:large, max-video-preview:-1\" \/>\n<link rel=\"canonical\" href=\"https:\/\/gravelart.be\/fr\/product\/bordure-en-beton-wirtz-deformable\/\" \/>\n<meta property=\"og:locale\" content=\"fr_FR\" \/>\n<meta property=\"og:type\" content=\"article\" \/>\n<meta property=\"og:title\" content=\"Bordure en b\u00e9ton Wirtz D\u00e9formable - Gravelart\" \/>\n<meta property=\"og:description\" content=\"Bestel Bordure en b\u00e9ton Wirtz D\u00e9formable voor jouw volgende tuinproject.\" \/>\n<meta property=\"og:url\" content=\"https:\/\/gravelart.be\/fr\/product\/bordure-en-beton-wirtz-deformable\/\" \/>\n<meta property=\"og:site_name\" content=\"Gravelart\" \/>\n<meta property=\"article:modified_time\" content=\"2026-04-16T02:30:12+00:00\" \/>\n<meta property=\"og:image\" content=\"https:\/\/gravelart.be\/wp-content\/uploads\/2023\/02\/WEBSHOP_IMAGE_1-17522.png\" \/>\n\t<meta property=\"og:image:width\" content=\"1080\" \/>\n\t<meta property=\"og:image:height\" content=\"1080\" \/>\n\t<meta property=\"og:image:type\" content=\"image\/png\" \/>\n<meta name=\"twitter:card\" content=\"summary_large_image\" \/>\n<script type=\"application\/ld+json\" class=\"yoast-schema-graph\">{\"@context\":\"https:\\\/\\\/schema.org\",\"@graph\":[{\"@type\":\"WebPage\",\"@id\":\"https:\\\/\\\/gravelart.be\\\/fr\\\/product\\\/bordure-en-beton-wirtz-deformable\\\/\",\"url\":\"https:\\\/\\\/gravelart.be\\\/fr\\\/product\\\/bordure-en-beton-wirtz-deformable\\\/\",\"name\":\"Bordure en b\u00e9ton Wirtz D\u00e9formable - Gravelart\",\"isPartOf\":{\"@id\":\"https:\\\/\\\/gravelart.be\\\/fr\\\/#website\"},\"primaryImageOfPage\":{\"@id\":\"https:\\\/\\\/gravelart.be\\\/fr\\\/product\\\/bordure-en-beton-wirtz-deformable\\\/#primaryimage\"},\"image\":{\"@id\":\"https:\\\/\\\/gravelart.be\\\/fr\\\/product\\\/bordure-en-beton-wirtz-deformable\\\/#primaryimage\"},\"thumbnailUrl\":\"https:\\\/\\\/gravelart.be\\\/wp-content\\\/uploads\\\/2023\\\/02\\\/WEBSHOP_IMAGE_1-17522.png\",\"datePublished\":\"2023-02-02T08:30:40+00:00\",\"dateModified\":\"2026-04-16T02:30:12+00:00\",\"description\":\"Bestel Bordure en b\u00e9ton Wirtz D\u00e9formable voor jouw volgende tuinproject.\",\"breadcrumb\":{\"@id\":\"https:\\\/\\\/gravelart.be\\\/fr\\\/product\\\/bordure-en-beton-wirtz-deformable\\\/#breadcrumb\"},\"inLanguage\":\"fr-FR\",\"potentialAction\":[{\"@type\":\"ReadAction\",\"target\":[\"https:\\\/\\\/gravelart.be\\\/fr\\\/product\\\/bordure-en-beton-wirtz-deformable\\\/\"]}]},{\"@type\":\"ImageObject\",\"inLanguage\":\"fr-FR\",\"@id\":\"https:\\\/\\\/gravelart.be\\\/fr\\\/product\\\/bordure-en-beton-wirtz-deformable\\\/#primaryimage\",\"url\":\"https:\\\/\\\/gravelart.be\\\/wp-content\\\/uploads\\\/2023\\\/02\\\/WEBSHOP_IMAGE_1-17522.png\",\"contentUrl\":\"https:\\\/\\\/gravelart.be\\\/wp-content\\\/uploads\\\/2023\\\/02\\\/WEBSHOP_IMAGE_1-17522.png\",\"width\":1080,\"height\":1080},{\"@type\":\"BreadcrumbList\",\"@id\":\"https:\\\/\\\/gravelart.be\\\/fr\\\/product\\\/bordure-en-beton-wirtz-deformable\\\/#breadcrumb\",\"itemListElement\":[{\"@type\":\"ListItem\",\"position\":1,\"name\":\"Home\",\"item\":\"https:\\\/\\\/gravelart.be\\\/fr\\\/\"},{\"@type\":\"ListItem\",\"position\":2,\"name\":\"Produits\",\"item\":\"https:\\\/\\\/gravelart.be\\\/fr\\\/boutique\\\/\"},{\"@type\":\"ListItem\",\"position\":3,\"name\":\"Bordure en b\u00e9ton Wirtz D\u00e9formable\"}]},{\"@type\":\"WebSite\",\"@id\":\"https:\\\/\\\/gravelart.be\\\/fr\\\/#website\",\"url\":\"https:\\\/\\\/gravelart.be\\\/fr\\\/\",\"name\":\"Gravelart\",\"description\":\"Alles voor tuin en park\",\"publisher\":{\"@id\":\"https:\\\/\\\/gravelart.be\\\/fr\\\/#organization\"},\"potentialAction\":[{\"@type\":\"SearchAction\",\"target\":{\"@type\":\"EntryPoint\",\"urlTemplate\":\"https:\\\/\\\/gravelart.be\\\/fr\\\/?s={search_term_string}\"},\"query-input\":{\"@type\":\"PropertyValueSpecification\",\"valueRequired\":true,\"valueName\":\"search_term_string\"}}],\"inLanguage\":\"fr-FR\"},{\"@type\":\"Organization\",\"@id\":\"https:\\\/\\\/gravelart.be\\\/fr\\\/#organization\",\"name\":\"Gravelart\",\"url\":\"https:\\\/\\\/gravelart.be\\\/fr\\\/\",\"logo\":{\"@type\":\"ImageObject\",\"inLanguage\":\"fr-FR\",\"@id\":\"https:\\\/\\\/gravelart.be\\\/fr\\\/#\\\/schema\\\/logo\\\/image\\\/\",\"url\":\"https:\\\/\\\/gravelart.be\\\/wp-content\\\/uploads\\\/2022\\\/10\\\/logo-gravelart.png\",\"contentUrl\":\"https:\\\/\\\/gravelart.be\\\/wp-content\\\/uploads\\\/2022\\\/10\\\/logo-gravelart.png\",\"width\":348,\"height\":186,\"caption\":\"Gravelart\"},\"image\":{\"@id\":\"https:\\\/\\\/gravelart.be\\\/fr\\\/#\\\/schema\\\/logo\\\/image\\\/\"}}]}<\/script>\n<!-- \/ Yoast SEO plugin. -->","yoast_head_json":{"title":"Bordure en b\u00e9ton Wirtz D\u00e9formable - Gravelart","description":"Bestel Bordure en b\u00e9ton Wirtz D\u00e9formable voor jouw volgende tuinproject.","robots":{"index":"index","follow":"follow","max-snippet":"max-snippet:-1","max-image-preview":"max-image-preview:large","max-video-preview":"max-video-preview:-1"},"canonical":"https:\/\/gravelart.be\/fr\/product\/bordure-en-beton-wirtz-deformable\/","og_locale":"fr_FR","og_type":"article","og_title":"Bordure en b\u00e9ton Wirtz D\u00e9formable - Gravelart","og_description":"Bestel Bordure en b\u00e9ton Wirtz D\u00e9formable voor jouw volgende tuinproject.","og_url":"https:\/\/gravelart.be\/fr\/product\/bordure-en-beton-wirtz-deformable\/","og_site_name":"Gravelart","article_modified_time":"2026-04-16T02:30:12+00:00","og_image":[{"width":1080,"height":1080,"url":"https:\/\/gravelart.be\/wp-content\/uploads\/2023\/02\/WEBSHOP_IMAGE_1-17522.png","type":"image\/png"}],"twitter_card":"summary_large_image","schema":{"@context":"https:\/\/schema.org","@graph":[{"@type":"WebPage","@id":"https:\/\/gravelart.be\/fr\/product\/bordure-en-beton-wirtz-deformable\/","url":"https:\/\/gravelart.be\/fr\/product\/bordure-en-beton-wirtz-deformable\/","name":"Bordure en b\u00e9ton Wirtz D\u00e9formable - Gravelart","isPartOf":{"@id":"https:\/\/gravelart.be\/fr\/#website"},"primaryImageOfPage":{"@id":"https:\/\/gravelart.be\/fr\/product\/bordure-en-beton-wirtz-deformable\/#primaryimage"},"image":{"@id":"https:\/\/gravelart.be\/fr\/product\/bordure-en-beton-wirtz-deformable\/#primaryimage"},"thumbnailUrl":"https:\/\/gravelart.be\/wp-content\/uploads\/2023\/02\/WEBSHOP_IMAGE_1-17522.png","datePublished":"2023-02-02T08:30:40+00:00","dateModified":"2026-04-16T02:30:12+00:00","description":"Bestel Bordure en b\u00e9ton Wirtz D\u00e9formable voor jouw volgende tuinproject.","breadcrumb":{"@id":"https:\/\/gravelart.be\/fr\/product\/bordure-en-beton-wirtz-deformable\/#breadcrumb"},"inLanguage":"fr-FR","potentialAction":[{"@type":"ReadAction","target":["https:\/\/gravelart.be\/fr\/product\/bordure-en-beton-wirtz-deformable\/"]}]},{"@type":"ImageObject","inLanguage":"fr-FR","@id":"https:\/\/gravelart.be\/fr\/product\/bordure-en-beton-wirtz-deformable\/#primaryimage","url":"https:\/\/gravelart.be\/wp-content\/uploads\/2023\/02\/WEBSHOP_IMAGE_1-17522.png","contentUrl":"https:\/\/gravelart.be\/wp-content\/uploads\/2023\/02\/WEBSHOP_IMAGE_1-17522.png","width":1080,"height":1080},{"@type":"BreadcrumbList","@id":"https:\/\/gravelart.be\/fr\/product\/bordure-en-beton-wirtz-deformable\/#breadcrumb","itemListElement":[{"@type":"ListItem","position":1,"name":"Home","item":"https:\/\/gravelart.be\/fr\/"},{"@type":"ListItem","position":2,"name":"Produits","item":"https:\/\/gravelart.be\/fr\/boutique\/"},{"@type":"ListItem","position":3,"name":"Bordure en b\u00e9ton Wirtz D\u00e9formable"}]},{"@type":"WebSite","@id":"https:\/\/gravelart.be\/fr\/#website","url":"https:\/\/gravelart.be\/fr\/","name":"Gravelart","description":"Alles voor tuin en park","publisher":{"@id":"https:\/\/gravelart.be\/fr\/#organization"},"potentialAction":[{"@type":"SearchAction","target":{"@type":"EntryPoint","urlTemplate":"https:\/\/gravelart.be\/fr\/?s={search_term_string}"},"query-input":{"@type":"PropertyValueSpecification","valueRequired":true,"valueName":"search_term_string"}}],"inLanguage":"fr-FR"},{"@type":"Organization","@id":"https:\/\/gravelart.be\/fr\/#organization","name":"Gravelart","url":"https:\/\/gravelart.be\/fr\/","logo":{"@type":"ImageObject","inLanguage":"fr-FR","@id":"https:\/\/gravelart.be\/fr\/#\/schema\/logo\/image\/","url":"https:\/\/gravelart.be\/wp-content\/uploads\/2022\/10\/logo-gravelart.png","contentUrl":"https:\/\/gravelart.be\/wp-content\/uploads\/2022\/10\/logo-gravelart.png","width":348,"height":186,"caption":"Gravelart"},"image":{"@id":"https:\/\/gravelart.be\/fr\/#\/schema\/logo\/image\/"}}]}},"_links":{"self":[{"href":"https:\/\/gravelart.be\/fr\/wp-json\/wp\/v2\/product\/33567","targetHints":{"allow":["GET"]}}],"collection":[{"href":"https:\/\/gravelart.be\/fr\/wp-json\/wp\/v2\/product"}],"about":[{"href":"https:\/\/gravelart.be\/fr\/wp-json\/wp\/v2\/types\/product"}],"replies":[{"embeddable":true,"href":"https:\/\/gravelart.be\/fr\/wp-json\/wp\/v2\/comments?post=33567"}],"wp:featuredmedia":[{"embeddable":true,"href":"https:\/\/gravelart.be\/fr\/wp-json\/wp\/v2\/media\/40714"}],"wp:attachment":[{"href":"https:\/\/gravelart.be\/fr\/wp-json\/wp\/v2\/media?parent=33567"}],"wp:term":[{"taxonomy":"product_brand","embeddable":true,"href":"https:\/\/gravelart.be\/fr\/wp-json\/wp\/v2\/product_brand?post=33567"},{"taxonomy":"product_cat","embeddable":true,"href":"https:\/\/gravelart.be\/fr\/wp-json\/wp\/v2\/product_cat?post=33567"},{"taxonomy":"product_tag","embeddable":true,"href":"https:\/\/gravelart.be\/fr\/wp-json\/wp\/v2\/product_tag?post=33567"}],"curies":[{"name":"wp","href":"https:\/\/api.w.org\/{rel}","templated":true}]}}