{"id":33571,"date":"2023-02-02T09:30:44","date_gmt":"2023-02-02T08:30:44","guid":{"rendered":"https:\/\/gravelart.be\/?post_type=product&#038;p=33571"},"modified":"2026-04-17T04:30:08","modified_gmt":"2026-04-17T02:30:08","slug":"creasoil-substrat-de-fondation","status":"publish","type":"product","link":"https:\/\/gravelart.be\/fr\/product\/creasoil-substrat-de-fondation\/","title":{"rendered":"CREAsoil &#8211; substrat de fondation"},"content":{"rendered":"","protected":false},"excerpt":{"rendered":"<p>CREAsoil est un substrat perm\u00e9able d\u00e9velopp\u00e9 pour cr\u00e9er un sol optimal pour la mise en place d&rsquo;une fondation perm\u00e9able. Il est sp\u00e9cialement con\u00e7u pour les zones adjacentes \u00e0 la zone de plantation o\u00f9 il y a peu de nutrition mais suffisamment d&rsquo;oxyg\u00e8ne et d&rsquo;eau. En utilisant ce substrat sous les surfaces carrel\u00e9es ou sous le pavage, les racines des arbres peuvent continuer \u00e0 cro\u00eetre sans endommager la rue. L&rsquo;\u00e9paisseur de la couche varie en fonction de la charge et se situe entre 20 et 35 cm. Apr\u00e8s l&rsquo;application du substrat, la couche de fondation doit \u00eatre compact\u00e9e.<\/p>\n<ul>\n<li>Masse sp\u00e9cifique : 1,50 tonnes\/m3<\/li>\n<\/ul>\n","protected":false},"featured_media":45427,"comment_status":"open","ping_status":"closed","template":"","meta":{"_acf_changed":false,"inline_featured_image":false},"product_brand":[],"product_cat":[4891,4890,4887],"product_tag":[],"class_list":{"0":"post-33571","1":"product","2":"type-product","3":"status-publish","4":"has-post-thumbnail","6":"product_cat-gazon-en-gravier-semi-pave","7":"product_cat-parking-en-gazon","8":"product_cat-substrats-de-construction-crea-by-vivamix","10":"first","11":"instock","12":"taxable","13":"shipping-taxable","14":"purchasable","15":"product-type-variable","16":"has-default-attributes"},"acf":{"woocommerce_erp_id":"17600","woocommerce_cnk_id":"103318","product_density":1.5,"custom_prices":[{"variation_id":"0","customer_group":"PRO","customer_id":"","min_qty":1,"max_qty":9999999,"steps":0.01,"price":48.06,"price_incl":58.1526,"delivery_group":"COLLECT","warehouse_id":"L"},{"variation_id":"0","customer_group":"PRO","customer_id":"","min_qty":1,"max_qty":9999999,"steps":0.01,"price":56.97,"price_incl":68.9337,"delivery_group":"COLLECT","warehouse_id":"Z"},{"variation_id":"0","customer_group":"PRO","customer_id":"","min_qty":1,"max_qty":9999999,"steps":0.01,"price":56.97,"price_incl":68.9337,"delivery_group":"COLLECT","warehouse_id":"W"},{"variation_id":"0","customer_group":"PRO","customer_id":"","min_qty":1,"max_qty":9999999,"steps":0.01,"price":48.06,"price_incl":58.1526,"delivery_group":"DELIVERY","warehouse_id":"L"},{"variation_id":"0","customer_group":"PRO","customer_id":"","min_qty":1,"max_qty":9999999,"steps":0.01,"price":56.97,"price_incl":68.9337,"delivery_group":"DELIVERY","warehouse_id":"Z"},{"variation_id":"0","customer_group":"PRO","customer_id":"","min_qty":1,"max_qty":9999999,"steps":0.01,"price":56.97,"price_incl":68.9337,"delivery_group":"DELIVERY","warehouse_id":"W"},{"variation_id":"0","customer_group":"CON","customer_id":"","min_qty":1,"max_qty":9999999,"steps":0.01,"price":50.66,"price_incl":61.2986,"delivery_group":"COLLECT","warehouse_id":"L"},{"variation_id":"0","customer_group":"CON","customer_id":"","min_qty":1,"max_qty":9999999,"steps":0.01,"price":59.57,"price_incl":72.0797,"delivery_group":"COLLECT","warehouse_id":"Z"},{"variation_id":"0","customer_group":"CON","customer_id":"","min_qty":1,"max_qty":9999999,"steps":0.01,"price":59.57,"price_incl":72.0797,"delivery_group":"COLLECT","warehouse_id":"W"},{"variation_id":"0","customer_group":"CON","customer_id":"","min_qty":1,"max_qty":9999999,"steps":0.01,"price":50.66,"price_incl":61.2986,"delivery_group":"DELIVERY","warehouse_id":"L"},{"variation_id":"0","customer_group":"CON","customer_id":"","min_qty":1,"max_qty":9999999,"steps":0.01,"price":59.57,"price_incl":72.0797,"delivery_group":"DELIVERY","warehouse_id":"Z"},{"variation_id":"0","customer_group":"CON","customer_id":"","min_qty":1,"max_qty":9999999,"steps":0.01,"price":59.57,"price_incl":72.0797,"delivery_group":"DELIVERY","warehouse_id":"W"},{"variation_id":"0","customer_group":"DISTRI","customer_id":"","min_qty":1,"max_qty":9999999,"steps":0.01,"price":46.91,"price_incl":56.7611,"delivery_group":"COLLECT","warehouse_id":"L"},{"variation_id":"0","customer_group":"DISTRI","customer_id":"","min_qty":1,"max_qty":9999999,"steps":0.01,"price":55.82,"price_incl":67.5422,"delivery_group":"COLLECT","warehouse_id":"Z"},{"variation_id":"0","customer_group":"DISTRI","customer_id":"","min_qty":1,"max_qty":9999999,"steps":0.01,"price":55.82,"price_incl":67.5422,"delivery_group":"COLLECT","warehouse_id":"W"},{"variation_id":"0","customer_group":"DISTRI","customer_id":"","min_qty":1,"max_qty":9999999,"steps":0.01,"price":46.91,"price_incl":56.7611,"delivery_group":"DELIVERY","warehouse_id":"L"},{"variation_id":"0","customer_group":"DISTRI","customer_id":"","min_qty":1,"max_qty":9999999,"steps":0.01,"price":55.82,"price_incl":67.5422,"delivery_group":"DELIVERY","warehouse_id":"Z"},{"variation_id":"0","customer_group":"DISTRI","customer_id":"","min_qty":1,"max_qty":9999999,"steps":0.01,"price":55.82,"price_incl":67.5422,"delivery_group":"DELIVERY","warehouse_id":"W"},{"variation_id":"0","customer_group":"DISTRI","customer_id":"129214","min_qty":1,"max_qty":9999999,"steps":0.01,"price":30.11,"price_incl":36.4331,"delivery_group":"COLLECT","warehouse_id":"L"},{"variation_id":"0","customer_group":"DISTRI","customer_id":"129214","min_qty":1,"max_qty":9999999,"steps":0.01,"price":40.85,"price_incl":49.4285,"delivery_group":"COLLECT","warehouse_id":"Z"},{"variation_id":"0","customer_group":"DISTRI","customer_id":"129214","min_qty":1,"max_qty":9999999,"steps":0.01,"price":40.85,"price_incl":49.4285,"delivery_group":"COLLECT","warehouse_id":"W"},{"variation_id":"0","customer_group":"DISTRI","customer_id":"129214","min_qty":1,"max_qty":9999999,"steps":0.01,"price":30.11,"price_incl":36.4331,"delivery_group":"DELIVERY","warehouse_id":"L"},{"variation_id":"0","customer_group":"DISTRI","customer_id":"129214","min_qty":1,"max_qty":9999999,"steps":0.01,"price":40.85,"price_incl":49.4285,"delivery_group":"DELIVERY","warehouse_id":"Z"},{"variation_id":"0","customer_group":"DISTRI","customer_id":"129214","min_qty":1,"max_qty":9999999,"steps":0.01,"price":40.85,"price_incl":49.4285,"delivery_group":"DELIVERY","warehouse_id":"W"},{"variation_id":"0","customer_group":"PRO","customer_id":"767","min_qty":1,"max_qty":9999999,"steps":0.01,"price":39.99,"price_incl":48.39,"delivery_group":"COLLECT","warehouse_id":"L"},{"variation_id":"46863","customer_group":"PRO","customer_id":"","min_qty":1,"max_qty":9999999,"steps":1,"price":64.06,"price_incl":77.5126,"delivery_group":"COLLECT","warehouse_id":"L"},{"variation_id":"46863","customer_group":"PRO","customer_id":"","min_qty":1,"max_qty":9999999,"steps":1,"price":72.97,"price_incl":88.2937,"delivery_group":"COLLECT","warehouse_id":"Z"},{"variation_id":"46863","customer_group":"PRO","customer_id":"","min_qty":1,"max_qty":9999999,"steps":1,"price":72.97,"price_incl":88.2937,"delivery_group":"COLLECT","warehouse_id":"W"},{"variation_id":"46863","customer_group":"PRO","customer_id":"","min_qty":1,"max_qty":9999999,"steps":1,"price":64.06,"price_incl":77.5126,"delivery_group":"DELIVERY","warehouse_id":"L"},{"variation_id":"46863","customer_group":"PRO","customer_id":"","min_qty":1,"max_qty":9999999,"steps":1,"price":72.97,"price_incl":88.2937,"delivery_group":"DELIVERY","warehouse_id":"Z"},{"variation_id":"46863","customer_group":"PRO","customer_id":"","min_qty":1,"max_qty":9999999,"steps":1,"price":72.97,"price_incl":88.2937,"delivery_group":"DELIVERY","warehouse_id":"W"},{"variation_id":"46863","customer_group":"CON","customer_id":"","min_qty":1,"max_qty":9999999,"steps":1,"price":66.66,"price_incl":80.6586,"delivery_group":"COLLECT","warehouse_id":"L"},{"variation_id":"46863","customer_group":"CON","customer_id":"","min_qty":1,"max_qty":9999999,"steps":1,"price":75.57,"price_incl":91.4397,"delivery_group":"COLLECT","warehouse_id":"Z"},{"variation_id":"46863","customer_group":"CON","customer_id":"","min_qty":1,"max_qty":9999999,"steps":1,"price":75.57,"price_incl":91.4397,"delivery_group":"COLLECT","warehouse_id":"W"},{"variation_id":"46863","customer_group":"CON","customer_id":"","min_qty":1,"max_qty":9999999,"steps":1,"price":66.66,"price_incl":80.6586,"delivery_group":"DELIVERY","warehouse_id":"L"},{"variation_id":"46863","customer_group":"CON","customer_id":"","min_qty":1,"max_qty":9999999,"steps":1,"price":75.57,"price_incl":91.4397,"delivery_group":"DELIVERY","warehouse_id":"Z"},{"variation_id":"46863","customer_group":"CON","customer_id":"","min_qty":1,"max_qty":9999999,"steps":1,"price":75.57,"price_incl":91.4397,"delivery_group":"DELIVERY","warehouse_id":"W"},{"variation_id":"46863","customer_group":"DISTRI","customer_id":"","min_qty":1,"max_qty":9999999,"steps":1,"price":62.91,"price_incl":76.1211,"delivery_group":"COLLECT","warehouse_id":"L"},{"variation_id":"46863","customer_group":"DISTRI","customer_id":"","min_qty":1,"max_qty":9999999,"steps":1,"price":71.82,"price_incl":86.9022,"delivery_group":"COLLECT","warehouse_id":"Z"},{"variation_id":"46863","customer_group":"DISTRI","customer_id":"","min_qty":1,"max_qty":9999999,"steps":1,"price":71.82,"price_incl":86.9022,"delivery_group":"COLLECT","warehouse_id":"W"},{"variation_id":"46863","customer_group":"DISTRI","customer_id":"","min_qty":1,"max_qty":9999999,"steps":1,"price":62.91,"price_incl":76.1211,"delivery_group":"DELIVERY","warehouse_id":"L"},{"variation_id":"46863","customer_group":"DISTRI","customer_id":"","min_qty":1,"max_qty":9999999,"steps":1,"price":71.82,"price_incl":86.9022,"delivery_group":"DELIVERY","warehouse_id":"Z"},{"variation_id":"46863","customer_group":"DISTRI","customer_id":"","min_qty":1,"max_qty":9999999,"steps":1,"price":71.82,"price_incl":86.9022,"delivery_group":"DELIVERY","warehouse_id":"W"},{"variation_id":"46863","customer_group":"DISTRI","customer_id":"129214","min_qty":1,"max_qty":9999999,"steps":1,"price":46.11,"price_incl":55.7931,"delivery_group":"COLLECT","warehouse_id":"L"},{"variation_id":"46863","customer_group":"DISTRI","customer_id":"129214","min_qty":1,"max_qty":9999999,"steps":1,"price":56.85,"price_incl":68.7885,"delivery_group":"COLLECT","warehouse_id":"Z"},{"variation_id":"46863","customer_group":"DISTRI","customer_id":"129214","min_qty":1,"max_qty":9999999,"steps":1,"price":56.85,"price_incl":68.7885,"delivery_group":"COLLECT","warehouse_id":"W"},{"variation_id":"46863","customer_group":"DISTRI","customer_id":"129214","min_qty":1,"max_qty":9999999,"steps":1,"price":46.11,"price_incl":55.7931,"delivery_group":"DELIVERY","warehouse_id":"L"},{"variation_id":"46863","customer_group":"DISTRI","customer_id":"129214","min_qty":1,"max_qty":9999999,"steps":1,"price":56.85,"price_incl":68.7885,"delivery_group":"DELIVERY","warehouse_id":"Z"},{"variation_id":"46863","customer_group":"DISTRI","customer_id":"129214","min_qty":1,"max_qty":9999999,"steps":1,"price":56.85,"price_incl":68.7885,"delivery_group":"DELIVERY","warehouse_id":"W"}],"packaging_ids":[{"packaging_name":"m\u00b3","packaging_id":"4166","erp_id":"17600"},{"packaging_name":"Big bag 1 m\u00b3","packaging_id":"98","erp_id":"17617"}]},"yoast_head":"<!-- This site is optimized with the Yoast SEO plugin v27.3 - https:\/\/yoast.com\/product\/yoast-seo-wordpress\/ -->\n<title>CREAsoil - substrat de fondation - Gravelart<\/title>\n<meta name=\"description\" content=\"Bestel CREAsoil - substrat de fondation voor jouw volgende tuinproject.\" \/>\n<meta name=\"robots\" content=\"index, follow, max-snippet:-1, max-image-preview:large, max-video-preview:-1\" \/>\n<link rel=\"canonical\" href=\"https:\/\/gravelart.be\/fr\/product\/creasoil-substrat-de-fondation\/\" \/>\n<meta property=\"og:locale\" content=\"fr_FR\" \/>\n<meta property=\"og:type\" content=\"article\" \/>\n<meta property=\"og:title\" content=\"CREAsoil - substrat de fondation - Gravelart\" \/>\n<meta property=\"og:description\" content=\"Bestel CREAsoil - substrat de fondation voor jouw volgende tuinproject.\" \/>\n<meta property=\"og:url\" content=\"https:\/\/gravelart.be\/fr\/product\/creasoil-substrat-de-fondation\/\" \/>\n<meta property=\"og:site_name\" content=\"Gravelart\" \/>\n<meta property=\"article:modified_time\" content=\"2026-04-17T02:30:08+00:00\" \/>\n<meta property=\"og:image\" content=\"https:\/\/gravelart.be\/wp-content\/uploads\/2023\/02\/CREAsoil.png\" \/>\n\t<meta property=\"og:image:width\" content=\"737\" \/>\n\t<meta property=\"og:image:height\" content=\"738\" \/>\n\t<meta property=\"og:image:type\" content=\"image\/png\" \/>\n<meta name=\"twitter:card\" content=\"summary_large_image\" \/>\n<script type=\"application\/ld+json\" class=\"yoast-schema-graph\">{\"@context\":\"https:\\\/\\\/schema.org\",\"@graph\":[{\"@type\":\"WebPage\",\"@id\":\"https:\\\/\\\/gravelart.be\\\/fr\\\/product\\\/creasoil-substrat-de-fondation\\\/\",\"url\":\"https:\\\/\\\/gravelart.be\\\/fr\\\/product\\\/creasoil-substrat-de-fondation\\\/\",\"name\":\"CREAsoil - substrat de fondation - Gravelart\",\"isPartOf\":{\"@id\":\"https:\\\/\\\/gravelart.be\\\/fr\\\/#website\"},\"primaryImageOfPage\":{\"@id\":\"https:\\\/\\\/gravelart.be\\\/fr\\\/product\\\/creasoil-substrat-de-fondation\\\/#primaryimage\"},\"image\":{\"@id\":\"https:\\\/\\\/gravelart.be\\\/fr\\\/product\\\/creasoil-substrat-de-fondation\\\/#primaryimage\"},\"thumbnailUrl\":\"https:\\\/\\\/gravelart.be\\\/wp-content\\\/uploads\\\/2023\\\/02\\\/CREAsoil.png\",\"datePublished\":\"2023-02-02T08:30:44+00:00\",\"dateModified\":\"2026-04-17T02:30:08+00:00\",\"description\":\"Bestel CREAsoil - substrat de fondation voor jouw volgende tuinproject.\",\"breadcrumb\":{\"@id\":\"https:\\\/\\\/gravelart.be\\\/fr\\\/product\\\/creasoil-substrat-de-fondation\\\/#breadcrumb\"},\"inLanguage\":\"fr-FR\",\"potentialAction\":[{\"@type\":\"ReadAction\",\"target\":[\"https:\\\/\\\/gravelart.be\\\/fr\\\/product\\\/creasoil-substrat-de-fondation\\\/\"]}]},{\"@type\":\"ImageObject\",\"inLanguage\":\"fr-FR\",\"@id\":\"https:\\\/\\\/gravelart.be\\\/fr\\\/product\\\/creasoil-substrat-de-fondation\\\/#primaryimage\",\"url\":\"https:\\\/\\\/gravelart.be\\\/wp-content\\\/uploads\\\/2023\\\/02\\\/CREAsoil.png\",\"contentUrl\":\"https:\\\/\\\/gravelart.be\\\/wp-content\\\/uploads\\\/2023\\\/02\\\/CREAsoil.png\",\"width\":737,\"height\":738,\"caption\":\"CREAsoil funderingsubstraat\"},{\"@type\":\"BreadcrumbList\",\"@id\":\"https:\\\/\\\/gravelart.be\\\/fr\\\/product\\\/creasoil-substrat-de-fondation\\\/#breadcrumb\",\"itemListElement\":[{\"@type\":\"ListItem\",\"position\":1,\"name\":\"Home\",\"item\":\"https:\\\/\\\/gravelart.be\\\/fr\\\/\"},{\"@type\":\"ListItem\",\"position\":2,\"name\":\"Produits\",\"item\":\"https:\\\/\\\/gravelart.be\\\/fr\\\/boutique\\\/\"},{\"@type\":\"ListItem\",\"position\":3,\"name\":\"CREAsoil &#8211; substrat de fondation\"}]},{\"@type\":\"WebSite\",\"@id\":\"https:\\\/\\\/gravelart.be\\\/fr\\\/#website\",\"url\":\"https:\\\/\\\/gravelart.be\\\/fr\\\/\",\"name\":\"Gravelart\",\"description\":\"Alles voor tuin en park\",\"publisher\":{\"@id\":\"https:\\\/\\\/gravelart.be\\\/fr\\\/#organization\"},\"potentialAction\":[{\"@type\":\"SearchAction\",\"target\":{\"@type\":\"EntryPoint\",\"urlTemplate\":\"https:\\\/\\\/gravelart.be\\\/fr\\\/?s={search_term_string}\"},\"query-input\":{\"@type\":\"PropertyValueSpecification\",\"valueRequired\":true,\"valueName\":\"search_term_string\"}}],\"inLanguage\":\"fr-FR\"},{\"@type\":\"Organization\",\"@id\":\"https:\\\/\\\/gravelart.be\\\/fr\\\/#organization\",\"name\":\"Gravelart\",\"url\":\"https:\\\/\\\/gravelart.be\\\/fr\\\/\",\"logo\":{\"@type\":\"ImageObject\",\"inLanguage\":\"fr-FR\",\"@id\":\"https:\\\/\\\/gravelart.be\\\/fr\\\/#\\\/schema\\\/logo\\\/image\\\/\",\"url\":\"https:\\\/\\\/gravelart.be\\\/wp-content\\\/uploads\\\/2022\\\/10\\\/logo-gravelart.png\",\"contentUrl\":\"https:\\\/\\\/gravelart.be\\\/wp-content\\\/uploads\\\/2022\\\/10\\\/logo-gravelart.png\",\"width\":348,\"height\":186,\"caption\":\"Gravelart\"},\"image\":{\"@id\":\"https:\\\/\\\/gravelart.be\\\/fr\\\/#\\\/schema\\\/logo\\\/image\\\/\"}}]}<\/script>\n<!-- \/ Yoast SEO plugin. -->","yoast_head_json":{"title":"CREAsoil - substrat de fondation - Gravelart","description":"Bestel CREAsoil - substrat de fondation voor jouw volgende tuinproject.","robots":{"index":"index","follow":"follow","max-snippet":"max-snippet:-1","max-image-preview":"max-image-preview:large","max-video-preview":"max-video-preview:-1"},"canonical":"https:\/\/gravelart.be\/fr\/product\/creasoil-substrat-de-fondation\/","og_locale":"fr_FR","og_type":"article","og_title":"CREAsoil - substrat de fondation - Gravelart","og_description":"Bestel CREAsoil - substrat de fondation voor jouw volgende tuinproject.","og_url":"https:\/\/gravelart.be\/fr\/product\/creasoil-substrat-de-fondation\/","og_site_name":"Gravelart","article_modified_time":"2026-04-17T02:30:08+00:00","og_image":[{"width":737,"height":738,"url":"https:\/\/gravelart.be\/wp-content\/uploads\/2023\/02\/CREAsoil.png","type":"image\/png"}],"twitter_card":"summary_large_image","schema":{"@context":"https:\/\/schema.org","@graph":[{"@type":"WebPage","@id":"https:\/\/gravelart.be\/fr\/product\/creasoil-substrat-de-fondation\/","url":"https:\/\/gravelart.be\/fr\/product\/creasoil-substrat-de-fondation\/","name":"CREAsoil - substrat de fondation - Gravelart","isPartOf":{"@id":"https:\/\/gravelart.be\/fr\/#website"},"primaryImageOfPage":{"@id":"https:\/\/gravelart.be\/fr\/product\/creasoil-substrat-de-fondation\/#primaryimage"},"image":{"@id":"https:\/\/gravelart.be\/fr\/product\/creasoil-substrat-de-fondation\/#primaryimage"},"thumbnailUrl":"https:\/\/gravelart.be\/wp-content\/uploads\/2023\/02\/CREAsoil.png","datePublished":"2023-02-02T08:30:44+00:00","dateModified":"2026-04-17T02:30:08+00:00","description":"Bestel CREAsoil - substrat de fondation voor jouw volgende tuinproject.","breadcrumb":{"@id":"https:\/\/gravelart.be\/fr\/product\/creasoil-substrat-de-fondation\/#breadcrumb"},"inLanguage":"fr-FR","potentialAction":[{"@type":"ReadAction","target":["https:\/\/gravelart.be\/fr\/product\/creasoil-substrat-de-fondation\/"]}]},{"@type":"ImageObject","inLanguage":"fr-FR","@id":"https:\/\/gravelart.be\/fr\/product\/creasoil-substrat-de-fondation\/#primaryimage","url":"https:\/\/gravelart.be\/wp-content\/uploads\/2023\/02\/CREAsoil.png","contentUrl":"https:\/\/gravelart.be\/wp-content\/uploads\/2023\/02\/CREAsoil.png","width":737,"height":738,"caption":"CREAsoil funderingsubstraat"},{"@type":"BreadcrumbList","@id":"https:\/\/gravelart.be\/fr\/product\/creasoil-substrat-de-fondation\/#breadcrumb","itemListElement":[{"@type":"ListItem","position":1,"name":"Home","item":"https:\/\/gravelart.be\/fr\/"},{"@type":"ListItem","position":2,"name":"Produits","item":"https:\/\/gravelart.be\/fr\/boutique\/"},{"@type":"ListItem","position":3,"name":"CREAsoil &#8211; substrat de fondation"}]},{"@type":"WebSite","@id":"https:\/\/gravelart.be\/fr\/#website","url":"https:\/\/gravelart.be\/fr\/","name":"Gravelart","description":"Alles voor tuin en park","publisher":{"@id":"https:\/\/gravelart.be\/fr\/#organization"},"potentialAction":[{"@type":"SearchAction","target":{"@type":"EntryPoint","urlTemplate":"https:\/\/gravelart.be\/fr\/?s={search_term_string}"},"query-input":{"@type":"PropertyValueSpecification","valueRequired":true,"valueName":"search_term_string"}}],"inLanguage":"fr-FR"},{"@type":"Organization","@id":"https:\/\/gravelart.be\/fr\/#organization","name":"Gravelart","url":"https:\/\/gravelart.be\/fr\/","logo":{"@type":"ImageObject","inLanguage":"fr-FR","@id":"https:\/\/gravelart.be\/fr\/#\/schema\/logo\/image\/","url":"https:\/\/gravelart.be\/wp-content\/uploads\/2022\/10\/logo-gravelart.png","contentUrl":"https:\/\/gravelart.be\/wp-content\/uploads\/2022\/10\/logo-gravelart.png","width":348,"height":186,"caption":"Gravelart"},"image":{"@id":"https:\/\/gravelart.be\/fr\/#\/schema\/logo\/image\/"}}]}},"_links":{"self":[{"href":"https:\/\/gravelart.be\/fr\/wp-json\/wp\/v2\/product\/33571","targetHints":{"allow":["GET"]}}],"collection":[{"href":"https:\/\/gravelart.be\/fr\/wp-json\/wp\/v2\/product"}],"about":[{"href":"https:\/\/gravelart.be\/fr\/wp-json\/wp\/v2\/types\/product"}],"replies":[{"embeddable":true,"href":"https:\/\/gravelart.be\/fr\/wp-json\/wp\/v2\/comments?post=33571"}],"wp:featuredmedia":[{"embeddable":true,"href":"https:\/\/gravelart.be\/fr\/wp-json\/wp\/v2\/media\/45427"}],"wp:attachment":[{"href":"https:\/\/gravelart.be\/fr\/wp-json\/wp\/v2\/media?parent=33571"}],"wp:term":[{"taxonomy":"product_brand","embeddable":true,"href":"https:\/\/gravelart.be\/fr\/wp-json\/wp\/v2\/product_brand?post=33571"},{"taxonomy":"product_cat","embeddable":true,"href":"https:\/\/gravelart.be\/fr\/wp-json\/wp\/v2\/product_cat?post=33571"},{"taxonomy":"product_tag","embeddable":true,"href":"https:\/\/gravelart.be\/fr\/wp-json\/wp\/v2\/product_tag?post=33571"}],"curies":[{"name":"wp","href":"https:\/\/api.w.org\/{rel}","templated":true}]}}