{"id":33573,"date":"2023-02-02T09:30:46","date_gmt":"2023-02-02T08:30:46","guid":{"rendered":"https:\/\/gravelart.be\/?post_type=product&#038;p=33573"},"modified":"2026-05-01T04:30:11","modified_gmt":"2026-05-01T02:30:11","slug":"creabed-substrat-nivellement","status":"publish","type":"product","link":"https:\/\/gravelart.be\/fr\/product\/creabed-substrat-nivellement\/","title":{"rendered":"CREAbed &#8211; substrat nivellement"},"content":{"rendered":"","protected":false},"excerpt":{"rendered":"<p>Il est pr\u00e9f\u00e9rable de placer les dalles de gazon ou les carreaux de gazon sur un substrat de base. CREAbed a \u00e9t\u00e9 sp\u00e9cialement con\u00e7u \u00e0 cet effet comme substrat ferme et en m\u00eame temps racinaire. CREAbed se compose entre autres de porphyre broy\u00e9, de terre nutritive et de lave. Ce substrat peut \u00eatre tr\u00e8s bien compact\u00e9 et nivel\u00e9.<\/p>\n<ul>\n<li>Composition: Porphyre, roche de lave, sol nourricier<\/li>\n<li>Poids moyen: 1400 &#8211; 1600 kg\/m\u00b3<\/li>\n<\/ul>\n","protected":false},"featured_media":45423,"comment_status":"open","ping_status":"closed","template":"","meta":{"_acf_changed":false,"inline_featured_image":false},"product_brand":[],"product_cat":[4891,4890],"product_tag":[],"class_list":{"0":"post-33573","1":"product","2":"type-product","3":"status-publish","4":"has-post-thumbnail","6":"product_cat-gazon-en-gravier-semi-pave","7":"product_cat-parking-en-gazon","9":"first","10":"instock","11":"taxable","12":"shipping-taxable","13":"purchasable","14":"product-type-variable","15":"has-default-attributes"},"acf":{"woocommerce_erp_id":"17601","woocommerce_cnk_id":"103319","product_density":1.47,"custom_prices":[{"variation_id":"0","customer_group":"PRO","customer_id":"","min_qty":1,"max_qty":9999999,"steps":0.01,"price":65.65,"price_incl":79.4365,"delivery_group":"COLLECT","warehouse_id":"L"},{"variation_id":"0","customer_group":"PRO","customer_id":"","min_qty":1,"max_qty":9999999,"steps":0.01,"price":74.56,"price_incl":90.2176,"delivery_group":"COLLECT","warehouse_id":"Z"},{"variation_id":"0","customer_group":"PRO","customer_id":"","min_qty":1,"max_qty":9999999,"steps":0.01,"price":74.56,"price_incl":90.2176,"delivery_group":"COLLECT","warehouse_id":"W"},{"variation_id":"0","customer_group":"PRO","customer_id":"","min_qty":1,"max_qty":9999999,"steps":0.01,"price":65.65,"price_incl":79.4365,"delivery_group":"DELIVERY","warehouse_id":"L"},{"variation_id":"0","customer_group":"PRO","customer_id":"","min_qty":1,"max_qty":9999999,"steps":0.01,"price":74.56,"price_incl":90.2176,"delivery_group":"DELIVERY","warehouse_id":"Z"},{"variation_id":"0","customer_group":"PRO","customer_id":"","min_qty":1,"max_qty":9999999,"steps":0.01,"price":74.56,"price_incl":90.2176,"delivery_group":"DELIVERY","warehouse_id":"W"},{"variation_id":"0","customer_group":"DISTRI","customer_id":"","min_qty":1,"max_qty":9999999,"steps":0.01,"price":64.5,"price_incl":78.045,"delivery_group":"COLLECT","warehouse_id":"L"},{"variation_id":"0","customer_group":"DISTRI","customer_id":"","min_qty":1,"max_qty":9999999,"steps":0.01,"price":73.41,"price_incl":88.8261,"delivery_group":"COLLECT","warehouse_id":"Z"},{"variation_id":"0","customer_group":"DISTRI","customer_id":"","min_qty":1,"max_qty":9999999,"steps":0.01,"price":73.41,"price_incl":88.8261,"delivery_group":"COLLECT","warehouse_id":"W"},{"variation_id":"0","customer_group":"DISTRI","customer_id":"","min_qty":1,"max_qty":9999999,"steps":0.01,"price":64.5,"price_incl":78.045,"delivery_group":"DELIVERY","warehouse_id":"L"},{"variation_id":"0","customer_group":"DISTRI","customer_id":"","min_qty":1,"max_qty":9999999,"steps":0.01,"price":73.41,"price_incl":88.8261,"delivery_group":"DELIVERY","warehouse_id":"Z"},{"variation_id":"0","customer_group":"DISTRI","customer_id":"","min_qty":1,"max_qty":9999999,"steps":0.01,"price":73.41,"price_incl":88.8261,"delivery_group":"DELIVERY","warehouse_id":"W"},{"variation_id":"0","customer_group":"CON","customer_id":"","min_qty":1,"max_qty":9999999,"steps":0.01,"price":68.25,"price_incl":82.5825,"delivery_group":"COLLECT","warehouse_id":"L"},{"variation_id":"0","customer_group":"CON","customer_id":"","min_qty":1,"max_qty":9999999,"steps":0.01,"price":77.16,"price_incl":93.3636,"delivery_group":"COLLECT","warehouse_id":"Z"},{"variation_id":"0","customer_group":"CON","customer_id":"","min_qty":1,"max_qty":9999999,"steps":0.01,"price":77.16,"price_incl":93.3636,"delivery_group":"COLLECT","warehouse_id":"W"},{"variation_id":"0","customer_group":"CON","customer_id":"","min_qty":1,"max_qty":9999999,"steps":0.01,"price":68.25,"price_incl":82.5825,"delivery_group":"DELIVERY","warehouse_id":"L"},{"variation_id":"0","customer_group":"CON","customer_id":"","min_qty":1,"max_qty":9999999,"steps":0.01,"price":77.16,"price_incl":93.3636,"delivery_group":"DELIVERY","warehouse_id":"Z"},{"variation_id":"0","customer_group":"CON","customer_id":"","min_qty":1,"max_qty":9999999,"steps":0.01,"price":77.16,"price_incl":93.3636,"delivery_group":"DELIVERY","warehouse_id":"W"},{"variation_id":"0","customer_group":"DISTRI","customer_id":"129214","min_qty":1,"max_qty":9999999,"steps":0.01,"price":45.08,"price_incl":54.5468,"delivery_group":"COLLECT","warehouse_id":"L"},{"variation_id":"0","customer_group":"DISTRI","customer_id":"129214","min_qty":1,"max_qty":9999999,"steps":0.01,"price":55.82,"price_incl":67.5422,"delivery_group":"COLLECT","warehouse_id":"Z"},{"variation_id":"0","customer_group":"DISTRI","customer_id":"129214","min_qty":1,"max_qty":9999999,"steps":0.01,"price":55.82,"price_incl":67.5422,"delivery_group":"COLLECT","warehouse_id":"W"},{"variation_id":"0","customer_group":"DISTRI","customer_id":"129214","min_qty":1,"max_qty":9999999,"steps":0.01,"price":45.08,"price_incl":54.5468,"delivery_group":"DELIVERY","warehouse_id":"L"},{"variation_id":"0","customer_group":"DISTRI","customer_id":"129214","min_qty":1,"max_qty":9999999,"steps":0.01,"price":55.82,"price_incl":67.5422,"delivery_group":"DELIVERY","warehouse_id":"Z"},{"variation_id":"0","customer_group":"DISTRI","customer_id":"129214","min_qty":1,"max_qty":9999999,"steps":0.01,"price":55.82,"price_incl":67.5422,"delivery_group":"DELIVERY","warehouse_id":"W"},{"variation_id":"46861","customer_group":"PRO","customer_id":"","min_qty":1,"max_qty":9999999,"steps":1,"price":81.65,"price_incl":98.7965,"delivery_group":"COLLECT","warehouse_id":"L"},{"variation_id":"46861","customer_group":"PRO","customer_id":"","min_qty":1,"max_qty":9999999,"steps":1,"price":90.56,"price_incl":109.5776,"delivery_group":"COLLECT","warehouse_id":"Z"},{"variation_id":"46861","customer_group":"PRO","customer_id":"","min_qty":1,"max_qty":9999999,"steps":1,"price":90.56,"price_incl":109.5776,"delivery_group":"COLLECT","warehouse_id":"W"},{"variation_id":"46861","customer_group":"PRO","customer_id":"","min_qty":1,"max_qty":9999999,"steps":1,"price":81.65,"price_incl":98.7965,"delivery_group":"DELIVERY","warehouse_id":"L"},{"variation_id":"46861","customer_group":"PRO","customer_id":"","min_qty":1,"max_qty":9999999,"steps":1,"price":90.56,"price_incl":109.5776,"delivery_group":"DELIVERY","warehouse_id":"W"},{"variation_id":"46861","customer_group":"PRO","customer_id":"","min_qty":1,"max_qty":9999999,"steps":1,"price":90.56,"price_incl":109.5776,"delivery_group":"DELIVERY","warehouse_id":"Z"},{"variation_id":"46861","customer_group":"CON","customer_id":"","min_qty":1,"max_qty":9999999,"steps":1,"price":84.25,"price_incl":101.9425,"delivery_group":"COLLECT","warehouse_id":"L"},{"variation_id":"46861","customer_group":"CON","customer_id":"","min_qty":1,"max_qty":9999999,"steps":1,"price":93.16,"price_incl":112.7236,"delivery_group":"COLLECT","warehouse_id":"Z"},{"variation_id":"46861","customer_group":"CON","customer_id":"","min_qty":1,"max_qty":9999999,"steps":1,"price":93.16,"price_incl":112.7236,"delivery_group":"COLLECT","warehouse_id":"W"},{"variation_id":"46861","customer_group":"CON","customer_id":"","min_qty":1,"max_qty":9999999,"steps":1,"price":84.25,"price_incl":101.9425,"delivery_group":"DELIVERY","warehouse_id":"L"},{"variation_id":"46861","customer_group":"CON","customer_id":"","min_qty":1,"max_qty":9999999,"steps":1,"price":93.16,"price_incl":112.7236,"delivery_group":"DELIVERY","warehouse_id":"W"},{"variation_id":"46861","customer_group":"CON","customer_id":"","min_qty":1,"max_qty":9999999,"steps":1,"price":93.16,"price_incl":112.7236,"delivery_group":"DELIVERY","warehouse_id":"Z"},{"variation_id":"46861","customer_group":"DISTRI","customer_id":"","min_qty":1,"max_qty":9999999,"steps":1,"price":80.5,"price_incl":97.405,"delivery_group":"COLLECT","warehouse_id":"L"},{"variation_id":"46861","customer_group":"DISTRI","customer_id":"","min_qty":1,"max_qty":9999999,"steps":1,"price":89.41,"price_incl":108.1861,"delivery_group":"COLLECT","warehouse_id":"Z"},{"variation_id":"46861","customer_group":"DISTRI","customer_id":"","min_qty":1,"max_qty":9999999,"steps":1,"price":89.41,"price_incl":108.1861,"delivery_group":"COLLECT","warehouse_id":"W"},{"variation_id":"46861","customer_group":"DISTRI","customer_id":"","min_qty":1,"max_qty":9999999,"steps":1,"price":80.5,"price_incl":97.405,"delivery_group":"DELIVERY","warehouse_id":"L"},{"variation_id":"46861","customer_group":"DISTRI","customer_id":"","min_qty":1,"max_qty":9999999,"steps":1,"price":89.41,"price_incl":108.1861,"delivery_group":"DELIVERY","warehouse_id":"W"},{"variation_id":"46861","customer_group":"DISTRI","customer_id":"","min_qty":1,"max_qty":9999999,"steps":1,"price":89.41,"price_incl":108.1861,"delivery_group":"DELIVERY","warehouse_id":"Z"},{"variation_id":"46861","customer_group":"DISTRI","customer_id":"129214","min_qty":1,"max_qty":9999999,"steps":1,"price":61.08,"price_incl":73.9068,"delivery_group":"COLLECT","warehouse_id":"L"},{"variation_id":"46861","customer_group":"DISTRI","customer_id":"129214","min_qty":1,"max_qty":9999999,"steps":1,"price":71.82,"price_incl":86.9022,"delivery_group":"COLLECT","warehouse_id":"Z"},{"variation_id":"46861","customer_group":"DISTRI","customer_id":"129214","min_qty":1,"max_qty":9999999,"steps":1,"price":71.82,"price_incl":86.9022,"delivery_group":"COLLECT","warehouse_id":"W"},{"variation_id":"46861","customer_group":"DISTRI","customer_id":"129214","min_qty":1,"max_qty":9999999,"steps":1,"price":61.08,"price_incl":73.9068,"delivery_group":"DELIVERY","warehouse_id":"L"},{"variation_id":"46861","customer_group":"DISTRI","customer_id":"129214","min_qty":1,"max_qty":9999999,"steps":1,"price":71.82,"price_incl":86.9022,"delivery_group":"DELIVERY","warehouse_id":"W"},{"variation_id":"46861","customer_group":"DISTRI","customer_id":"129214","min_qty":1,"max_qty":9999999,"steps":1,"price":71.82,"price_incl":86.9022,"delivery_group":"DELIVERY","warehouse_id":"Z"}],"packaging_ids":[{"packaging_name":"m\u00b3","packaging_id":"4166","erp_id":"17601"},{"packaging_name":"Big bag 1 m\u00b3","packaging_id":"98","erp_id":"17616"}]},"yoast_head":"<!-- This site is optimized with the Yoast SEO plugin v27.3 - https:\/\/yoast.com\/product\/yoast-seo-wordpress\/ -->\n<title>CREAbed - substrat nivellement - Gravelart<\/title>\n<meta name=\"description\" content=\"Bestel CREAbed - substrat nivellement voor jouw volgende tuinproject.\" \/>\n<meta name=\"robots\" content=\"index, follow, max-snippet:-1, max-image-preview:large, max-video-preview:-1\" \/>\n<link rel=\"canonical\" href=\"https:\/\/gravelart.be\/fr\/product\/creabed-substrat-nivellement\/\" \/>\n<meta property=\"og:locale\" content=\"fr_FR\" \/>\n<meta property=\"og:type\" content=\"article\" \/>\n<meta property=\"og:title\" content=\"CREAbed - substrat nivellement - Gravelart\" \/>\n<meta property=\"og:description\" content=\"Bestel CREAbed - substrat nivellement voor jouw volgende tuinproject.\" \/>\n<meta property=\"og:url\" content=\"https:\/\/gravelart.be\/fr\/product\/creabed-substrat-nivellement\/\" \/>\n<meta property=\"og:site_name\" content=\"Gravelart\" \/>\n<meta property=\"article:modified_time\" content=\"2026-05-01T02:30:11+00:00\" \/>\n<meta property=\"og:image\" content=\"https:\/\/gravelart.be\/wp-content\/uploads\/2023\/02\/CREAbed.png\" \/>\n\t<meta property=\"og:image:width\" content=\"755\" \/>\n\t<meta property=\"og:image:height\" content=\"727\" \/>\n\t<meta property=\"og:image:type\" content=\"image\/png\" \/>\n<meta name=\"twitter:card\" content=\"summary_large_image\" \/>\n<script type=\"application\/ld+json\" class=\"yoast-schema-graph\">{\"@context\":\"https:\\\/\\\/schema.org\",\"@graph\":[{\"@type\":\"WebPage\",\"@id\":\"https:\\\/\\\/gravelart.be\\\/fr\\\/product\\\/creabed-substrat-nivellement\\\/\",\"url\":\"https:\\\/\\\/gravelart.be\\\/fr\\\/product\\\/creabed-substrat-nivellement\\\/\",\"name\":\"CREAbed - substrat nivellement - Gravelart\",\"isPartOf\":{\"@id\":\"https:\\\/\\\/gravelart.be\\\/fr\\\/#website\"},\"primaryImageOfPage\":{\"@id\":\"https:\\\/\\\/gravelart.be\\\/fr\\\/product\\\/creabed-substrat-nivellement\\\/#primaryimage\"},\"image\":{\"@id\":\"https:\\\/\\\/gravelart.be\\\/fr\\\/product\\\/creabed-substrat-nivellement\\\/#primaryimage\"},\"thumbnailUrl\":\"https:\\\/\\\/gravelart.be\\\/wp-content\\\/uploads\\\/2023\\\/02\\\/CREAbed.png\",\"datePublished\":\"2023-02-02T08:30:46+00:00\",\"dateModified\":\"2026-05-01T02:30:11+00:00\",\"description\":\"Bestel CREAbed - substrat nivellement voor jouw volgende tuinproject.\",\"breadcrumb\":{\"@id\":\"https:\\\/\\\/gravelart.be\\\/fr\\\/product\\\/creabed-substrat-nivellement\\\/#breadcrumb\"},\"inLanguage\":\"fr-FR\",\"potentialAction\":[{\"@type\":\"ReadAction\",\"target\":[\"https:\\\/\\\/gravelart.be\\\/fr\\\/product\\\/creabed-substrat-nivellement\\\/\"]}]},{\"@type\":\"ImageObject\",\"inLanguage\":\"fr-FR\",\"@id\":\"https:\\\/\\\/gravelart.be\\\/fr\\\/product\\\/creabed-substrat-nivellement\\\/#primaryimage\",\"url\":\"https:\\\/\\\/gravelart.be\\\/wp-content\\\/uploads\\\/2023\\\/02\\\/CREAbed.png\",\"contentUrl\":\"https:\\\/\\\/gravelart.be\\\/wp-content\\\/uploads\\\/2023\\\/02\\\/CREAbed.png\",\"width\":755,\"height\":727,\"caption\":\"Legbedsubstraat\"},{\"@type\":\"BreadcrumbList\",\"@id\":\"https:\\\/\\\/gravelart.be\\\/fr\\\/product\\\/creabed-substrat-nivellement\\\/#breadcrumb\",\"itemListElement\":[{\"@type\":\"ListItem\",\"position\":1,\"name\":\"Home\",\"item\":\"https:\\\/\\\/gravelart.be\\\/fr\\\/\"},{\"@type\":\"ListItem\",\"position\":2,\"name\":\"Produits\",\"item\":\"https:\\\/\\\/gravelart.be\\\/fr\\\/boutique\\\/\"},{\"@type\":\"ListItem\",\"position\":3,\"name\":\"CREAbed &#8211; substrat nivellement\"}]},{\"@type\":\"WebSite\",\"@id\":\"https:\\\/\\\/gravelart.be\\\/fr\\\/#website\",\"url\":\"https:\\\/\\\/gravelart.be\\\/fr\\\/\",\"name\":\"Gravelart\",\"description\":\"Alles voor tuin en park\",\"publisher\":{\"@id\":\"https:\\\/\\\/gravelart.be\\\/fr\\\/#organization\"},\"potentialAction\":[{\"@type\":\"SearchAction\",\"target\":{\"@type\":\"EntryPoint\",\"urlTemplate\":\"https:\\\/\\\/gravelart.be\\\/fr\\\/?s={search_term_string}\"},\"query-input\":{\"@type\":\"PropertyValueSpecification\",\"valueRequired\":true,\"valueName\":\"search_term_string\"}}],\"inLanguage\":\"fr-FR\"},{\"@type\":\"Organization\",\"@id\":\"https:\\\/\\\/gravelart.be\\\/fr\\\/#organization\",\"name\":\"Gravelart\",\"url\":\"https:\\\/\\\/gravelart.be\\\/fr\\\/\",\"logo\":{\"@type\":\"ImageObject\",\"inLanguage\":\"fr-FR\",\"@id\":\"https:\\\/\\\/gravelart.be\\\/fr\\\/#\\\/schema\\\/logo\\\/image\\\/\",\"url\":\"https:\\\/\\\/gravelart.be\\\/wp-content\\\/uploads\\\/2022\\\/10\\\/logo-gravelart.png\",\"contentUrl\":\"https:\\\/\\\/gravelart.be\\\/wp-content\\\/uploads\\\/2022\\\/10\\\/logo-gravelart.png\",\"width\":348,\"height\":186,\"caption\":\"Gravelart\"},\"image\":{\"@id\":\"https:\\\/\\\/gravelart.be\\\/fr\\\/#\\\/schema\\\/logo\\\/image\\\/\"}}]}<\/script>\n<!-- \/ Yoast SEO plugin. -->","yoast_head_json":{"title":"CREAbed - substrat nivellement - Gravelart","description":"Bestel CREAbed - substrat nivellement voor jouw volgende tuinproject.","robots":{"index":"index","follow":"follow","max-snippet":"max-snippet:-1","max-image-preview":"max-image-preview:large","max-video-preview":"max-video-preview:-1"},"canonical":"https:\/\/gravelart.be\/fr\/product\/creabed-substrat-nivellement\/","og_locale":"fr_FR","og_type":"article","og_title":"CREAbed - substrat nivellement - Gravelart","og_description":"Bestel CREAbed - substrat nivellement voor jouw volgende tuinproject.","og_url":"https:\/\/gravelart.be\/fr\/product\/creabed-substrat-nivellement\/","og_site_name":"Gravelart","article_modified_time":"2026-05-01T02:30:11+00:00","og_image":[{"width":755,"height":727,"url":"https:\/\/gravelart.be\/wp-content\/uploads\/2023\/02\/CREAbed.png","type":"image\/png"}],"twitter_card":"summary_large_image","schema":{"@context":"https:\/\/schema.org","@graph":[{"@type":"WebPage","@id":"https:\/\/gravelart.be\/fr\/product\/creabed-substrat-nivellement\/","url":"https:\/\/gravelart.be\/fr\/product\/creabed-substrat-nivellement\/","name":"CREAbed - substrat nivellement - Gravelart","isPartOf":{"@id":"https:\/\/gravelart.be\/fr\/#website"},"primaryImageOfPage":{"@id":"https:\/\/gravelart.be\/fr\/product\/creabed-substrat-nivellement\/#primaryimage"},"image":{"@id":"https:\/\/gravelart.be\/fr\/product\/creabed-substrat-nivellement\/#primaryimage"},"thumbnailUrl":"https:\/\/gravelart.be\/wp-content\/uploads\/2023\/02\/CREAbed.png","datePublished":"2023-02-02T08:30:46+00:00","dateModified":"2026-05-01T02:30:11+00:00","description":"Bestel CREAbed - substrat nivellement voor jouw volgende tuinproject.","breadcrumb":{"@id":"https:\/\/gravelart.be\/fr\/product\/creabed-substrat-nivellement\/#breadcrumb"},"inLanguage":"fr-FR","potentialAction":[{"@type":"ReadAction","target":["https:\/\/gravelart.be\/fr\/product\/creabed-substrat-nivellement\/"]}]},{"@type":"ImageObject","inLanguage":"fr-FR","@id":"https:\/\/gravelart.be\/fr\/product\/creabed-substrat-nivellement\/#primaryimage","url":"https:\/\/gravelart.be\/wp-content\/uploads\/2023\/02\/CREAbed.png","contentUrl":"https:\/\/gravelart.be\/wp-content\/uploads\/2023\/02\/CREAbed.png","width":755,"height":727,"caption":"Legbedsubstraat"},{"@type":"BreadcrumbList","@id":"https:\/\/gravelart.be\/fr\/product\/creabed-substrat-nivellement\/#breadcrumb","itemListElement":[{"@type":"ListItem","position":1,"name":"Home","item":"https:\/\/gravelart.be\/fr\/"},{"@type":"ListItem","position":2,"name":"Produits","item":"https:\/\/gravelart.be\/fr\/boutique\/"},{"@type":"ListItem","position":3,"name":"CREAbed &#8211; substrat nivellement"}]},{"@type":"WebSite","@id":"https:\/\/gravelart.be\/fr\/#website","url":"https:\/\/gravelart.be\/fr\/","name":"Gravelart","description":"Alles voor tuin en park","publisher":{"@id":"https:\/\/gravelart.be\/fr\/#organization"},"potentialAction":[{"@type":"SearchAction","target":{"@type":"EntryPoint","urlTemplate":"https:\/\/gravelart.be\/fr\/?s={search_term_string}"},"query-input":{"@type":"PropertyValueSpecification","valueRequired":true,"valueName":"search_term_string"}}],"inLanguage":"fr-FR"},{"@type":"Organization","@id":"https:\/\/gravelart.be\/fr\/#organization","name":"Gravelart","url":"https:\/\/gravelart.be\/fr\/","logo":{"@type":"ImageObject","inLanguage":"fr-FR","@id":"https:\/\/gravelart.be\/fr\/#\/schema\/logo\/image\/","url":"https:\/\/gravelart.be\/wp-content\/uploads\/2022\/10\/logo-gravelart.png","contentUrl":"https:\/\/gravelart.be\/wp-content\/uploads\/2022\/10\/logo-gravelart.png","width":348,"height":186,"caption":"Gravelart"},"image":{"@id":"https:\/\/gravelart.be\/fr\/#\/schema\/logo\/image\/"}}]}},"_links":{"self":[{"href":"https:\/\/gravelart.be\/fr\/wp-json\/wp\/v2\/product\/33573","targetHints":{"allow":["GET"]}}],"collection":[{"href":"https:\/\/gravelart.be\/fr\/wp-json\/wp\/v2\/product"}],"about":[{"href":"https:\/\/gravelart.be\/fr\/wp-json\/wp\/v2\/types\/product"}],"replies":[{"embeddable":true,"href":"https:\/\/gravelart.be\/fr\/wp-json\/wp\/v2\/comments?post=33573"}],"wp:featuredmedia":[{"embeddable":true,"href":"https:\/\/gravelart.be\/fr\/wp-json\/wp\/v2\/media\/45423"}],"wp:attachment":[{"href":"https:\/\/gravelart.be\/fr\/wp-json\/wp\/v2\/media?parent=33573"}],"wp:term":[{"taxonomy":"product_brand","embeddable":true,"href":"https:\/\/gravelart.be\/fr\/wp-json\/wp\/v2\/product_brand?post=33573"},{"taxonomy":"product_cat","embeddable":true,"href":"https:\/\/gravelart.be\/fr\/wp-json\/wp\/v2\/product_cat?post=33573"},{"taxonomy":"product_tag","embeddable":true,"href":"https:\/\/gravelart.be\/fr\/wp-json\/wp\/v2\/product_tag?post=33573"}],"curies":[{"name":"wp","href":"https:\/\/api.w.org\/{rel}","templated":true}]}}