{"id":33577,"date":"2023-02-02T09:30:51","date_gmt":"2023-02-02T08:30:51","guid":{"rendered":"https:\/\/gravelart.be\/?post_type=product&#038;p=33577"},"modified":"2026-05-17T04:30:18","modified_gmt":"2026-05-17T02:30:18","slug":"creatop-gazon-en-gravier","status":"publish","type":"product","link":"https:\/\/gravelart.be\/fr\/product\/creatop-gazon-en-gravier\/","title":{"rendered":"CREAtop &#8211; gazon en gravier"},"content":{"rendered":"","protected":false},"excerpt":{"rendered":"<p>CREAtop est un m\u00e9lange homog\u00e8ne de diverses mati\u00e8res premi\u00e8res, dont la lave, la terre v\u00e9g\u00e9tale, les gravillons, le compost et l&rsquo;argex, qui est utilis\u00e9 comme substrat pour la construction de pelouses en gravier. Il est plac\u00e9 comme couche de finition sur la couche de fondation, CREAsoil, avec une \u00e9paisseur de 7 \u00e0 10 cm.<\/p>\n<ul>\n<li>Poids sp\u00e9cifique: 1,40 tonnes\/m3<\/li>\n<\/ul>\n","protected":false},"featured_media":45429,"comment_status":"open","ping_status":"closed","template":"","meta":{"_acf_changed":false,"inline_featured_image":false},"product_brand":[],"product_cat":[4891,4913,4887],"product_tag":[],"class_list":{"0":"post-33577","1":"product","2":"type-product","3":"status-publish","4":"has-post-thumbnail","6":"product_cat-gazon-en-gravier-semi-pave","7":"product_cat-semi-pave","8":"product_cat-substrats-de-construction-crea-by-vivamix","10":"first","11":"instock","12":"taxable","13":"shipping-taxable","14":"purchasable","15":"product-type-variable","16":"has-default-attributes"},"acf":{"woocommerce_erp_id":"17603","woocommerce_cnk_id":"103321","product_density":1.5,"custom_prices":[{"variation_id":"0","customer_group":"PRO","customer_id":"","min_qty":1,"max_qty":9999999,"steps":0.01,"price":74.81,"price_incl":90.5201,"delivery_group":"COLLECT","warehouse_id":"L"},{"variation_id":"0","customer_group":"PRO","customer_id":"","min_qty":1,"max_qty":9999999,"steps":0.01,"price":83.72,"price_incl":101.3012,"delivery_group":"COLLECT","warehouse_id":"Z"},{"variation_id":"0","customer_group":"PRO","customer_id":"","min_qty":1,"max_qty":9999999,"steps":0.01,"price":83.72,"price_incl":101.3012,"delivery_group":"COLLECT","warehouse_id":"W"},{"variation_id":"0","customer_group":"PRO","customer_id":"","min_qty":1,"max_qty":9999999,"steps":0.01,"price":74.81,"price_incl":90.5201,"delivery_group":"DELIVERY","warehouse_id":"L"},{"variation_id":"0","customer_group":"PRO","customer_id":"","min_qty":1,"max_qty":9999999,"steps":0.01,"price":83.72,"price_incl":101.3012,"delivery_group":"DELIVERY","warehouse_id":"W"},{"variation_id":"0","customer_group":"PRO","customer_id":"","min_qty":1,"max_qty":9999999,"steps":0.01,"price":83.72,"price_incl":101.3012,"delivery_group":"DELIVERY","warehouse_id":"Z"},{"variation_id":"0","customer_group":"CON","customer_id":"","min_qty":1,"max_qty":9999999,"steps":0.01,"price":77.41,"price_incl":93.6661,"delivery_group":"COLLECT","warehouse_id":"L"},{"variation_id":"0","customer_group":"CON","customer_id":"","min_qty":1,"max_qty":9999999,"steps":0.01,"price":86.32,"price_incl":104.4472,"delivery_group":"COLLECT","warehouse_id":"Z"},{"variation_id":"0","customer_group":"CON","customer_id":"","min_qty":1,"max_qty":9999999,"steps":0.01,"price":86.32,"price_incl":104.4472,"delivery_group":"COLLECT","warehouse_id":"W"},{"variation_id":"0","customer_group":"CON","customer_id":"","min_qty":1,"max_qty":9999999,"steps":0.01,"price":77.41,"price_incl":93.6661,"delivery_group":"DELIVERY","warehouse_id":"L"},{"variation_id":"0","customer_group":"CON","customer_id":"","min_qty":1,"max_qty":9999999,"steps":0.01,"price":86.32,"price_incl":104.4472,"delivery_group":"DELIVERY","warehouse_id":"W"},{"variation_id":"0","customer_group":"CON","customer_id":"","min_qty":1,"max_qty":9999999,"steps":0.01,"price":86.32,"price_incl":104.4472,"delivery_group":"DELIVERY","warehouse_id":"Z"},{"variation_id":"0","customer_group":"DISTRI","customer_id":"","min_qty":1,"max_qty":9999999,"steps":0.01,"price":73.66,"price_incl":89.1286,"delivery_group":"COLLECT","warehouse_id":"L"},{"variation_id":"0","customer_group":"DISTRI","customer_id":"","min_qty":1,"max_qty":9999999,"steps":0.01,"price":82.57,"price_incl":99.9097,"delivery_group":"COLLECT","warehouse_id":"Z"},{"variation_id":"0","customer_group":"DISTRI","customer_id":"","min_qty":1,"max_qty":9999999,"steps":0.01,"price":82.57,"price_incl":99.9097,"delivery_group":"COLLECT","warehouse_id":"W"},{"variation_id":"0","customer_group":"DISTRI","customer_id":"","min_qty":1,"max_qty":9999999,"steps":0.01,"price":73.66,"price_incl":89.1286,"delivery_group":"DELIVERY","warehouse_id":"L"},{"variation_id":"0","customer_group":"DISTRI","customer_id":"","min_qty":1,"max_qty":9999999,"steps":0.01,"price":82.57,"price_incl":99.9097,"delivery_group":"DELIVERY","warehouse_id":"W"},{"variation_id":"0","customer_group":"DISTRI","customer_id":"","min_qty":1,"max_qty":9999999,"steps":0.01,"price":82.57,"price_incl":99.9097,"delivery_group":"DELIVERY","warehouse_id":"Z"},{"variation_id":"0","customer_group":"DISTRI","customer_id":"129214","min_qty":1,"max_qty":9999999,"steps":0.01,"price":56.78,"price_incl":68.7038,"delivery_group":"COLLECT","warehouse_id":"L"},{"variation_id":"0","customer_group":"DISTRI","customer_id":"129214","min_qty":1,"max_qty":9999999,"steps":0.01,"price":67.52,"price_incl":81.6992,"delivery_group":"COLLECT","warehouse_id":"Z"},{"variation_id":"0","customer_group":"DISTRI","customer_id":"129214","min_qty":1,"max_qty":9999999,"steps":0.01,"price":67.52,"price_incl":81.6992,"delivery_group":"COLLECT","warehouse_id":"W"},{"variation_id":"0","customer_group":"DISTRI","customer_id":"129214","min_qty":1,"max_qty":9999999,"steps":0.01,"price":56.78,"price_incl":68.7038,"delivery_group":"DELIVERY","warehouse_id":"L"},{"variation_id":"0","customer_group":"DISTRI","customer_id":"129214","min_qty":1,"max_qty":9999999,"steps":0.01,"price":67.52,"price_incl":81.6992,"delivery_group":"DELIVERY","warehouse_id":"W"},{"variation_id":"0","customer_group":"DISTRI","customer_id":"129214","min_qty":1,"max_qty":9999999,"steps":0.01,"price":67.52,"price_incl":81.6992,"delivery_group":"DELIVERY","warehouse_id":"Z"}],"packaging_ids":[{"packaging_name":"m\u00b3","packaging_id":"4166","erp_id":"17603"}]},"yoast_head":"<!-- This site is optimized with the Yoast SEO plugin v27.3 - https:\/\/yoast.com\/product\/yoast-seo-wordpress\/ -->\n<title>CREAtop - gazon en gravier - Gravelart<\/title>\n<meta name=\"description\" content=\"Bestel CREAtop - gazon en gravier voor jouw volgende tuinproject.\" \/>\n<meta name=\"robots\" content=\"index, follow, max-snippet:-1, max-image-preview:large, max-video-preview:-1\" \/>\n<link rel=\"canonical\" href=\"https:\/\/gravelart.be\/fr\/product\/creatop-gazon-en-gravier\/\" \/>\n<meta property=\"og:locale\" content=\"fr_FR\" \/>\n<meta property=\"og:type\" content=\"article\" \/>\n<meta property=\"og:title\" content=\"CREAtop - gazon en gravier - Gravelart\" \/>\n<meta property=\"og:description\" content=\"Bestel CREAtop - gazon en gravier voor jouw volgende tuinproject.\" \/>\n<meta property=\"og:url\" content=\"https:\/\/gravelart.be\/fr\/product\/creatop-gazon-en-gravier\/\" \/>\n<meta property=\"og:site_name\" content=\"Gravelart\" \/>\n<meta property=\"article:modified_time\" content=\"2026-05-17T02:30:18+00:00\" \/>\n<meta property=\"og:image\" content=\"https:\/\/gravelart.be\/wp-content\/uploads\/2023\/02\/CREAtop.png\" \/>\n\t<meta property=\"og:image:width\" content=\"732\" \/>\n\t<meta property=\"og:image:height\" content=\"666\" \/>\n\t<meta property=\"og:image:type\" content=\"image\/png\" \/>\n<meta name=\"twitter:card\" content=\"summary_large_image\" \/>\n<script type=\"application\/ld+json\" class=\"yoast-schema-graph\">{\"@context\":\"https:\\\/\\\/schema.org\",\"@graph\":[{\"@type\":\"WebPage\",\"@id\":\"https:\\\/\\\/gravelart.be\\\/fr\\\/product\\\/creatop-gazon-en-gravier\\\/\",\"url\":\"https:\\\/\\\/gravelart.be\\\/fr\\\/product\\\/creatop-gazon-en-gravier\\\/\",\"name\":\"CREAtop - gazon en gravier - Gravelart\",\"isPartOf\":{\"@id\":\"https:\\\/\\\/gravelart.be\\\/fr\\\/#website\"},\"primaryImageOfPage\":{\"@id\":\"https:\\\/\\\/gravelart.be\\\/fr\\\/product\\\/creatop-gazon-en-gravier\\\/#primaryimage\"},\"image\":{\"@id\":\"https:\\\/\\\/gravelart.be\\\/fr\\\/product\\\/creatop-gazon-en-gravier\\\/#primaryimage\"},\"thumbnailUrl\":\"https:\\\/\\\/gravelart.be\\\/wp-content\\\/uploads\\\/2023\\\/02\\\/CREAtop.png\",\"datePublished\":\"2023-02-02T08:30:51+00:00\",\"dateModified\":\"2026-05-17T02:30:18+00:00\",\"description\":\"Bestel CREAtop - gazon en gravier voor jouw volgende tuinproject.\",\"breadcrumb\":{\"@id\":\"https:\\\/\\\/gravelart.be\\\/fr\\\/product\\\/creatop-gazon-en-gravier\\\/#breadcrumb\"},\"inLanguage\":\"fr-FR\",\"potentialAction\":[{\"@type\":\"ReadAction\",\"target\":[\"https:\\\/\\\/gravelart.be\\\/fr\\\/product\\\/creatop-gazon-en-gravier\\\/\"]}]},{\"@type\":\"ImageObject\",\"inLanguage\":\"fr-FR\",\"@id\":\"https:\\\/\\\/gravelart.be\\\/fr\\\/product\\\/creatop-gazon-en-gravier\\\/#primaryimage\",\"url\":\"https:\\\/\\\/gravelart.be\\\/wp-content\\\/uploads\\\/2023\\\/02\\\/CREAtop.png\",\"contentUrl\":\"https:\\\/\\\/gravelart.be\\\/wp-content\\\/uploads\\\/2023\\\/02\\\/CREAtop.png\",\"width\":732,\"height\":666,\"caption\":\"CREAtop grindgazon\"},{\"@type\":\"BreadcrumbList\",\"@id\":\"https:\\\/\\\/gravelart.be\\\/fr\\\/product\\\/creatop-gazon-en-gravier\\\/#breadcrumb\",\"itemListElement\":[{\"@type\":\"ListItem\",\"position\":1,\"name\":\"Home\",\"item\":\"https:\\\/\\\/gravelart.be\\\/fr\\\/\"},{\"@type\":\"ListItem\",\"position\":2,\"name\":\"Produits\",\"item\":\"https:\\\/\\\/gravelart.be\\\/fr\\\/boutique\\\/\"},{\"@type\":\"ListItem\",\"position\":3,\"name\":\"CREAtop &#8211; gazon en gravier\"}]},{\"@type\":\"WebSite\",\"@id\":\"https:\\\/\\\/gravelart.be\\\/fr\\\/#website\",\"url\":\"https:\\\/\\\/gravelart.be\\\/fr\\\/\",\"name\":\"Gravelart\",\"description\":\"Alles voor tuin en park\",\"publisher\":{\"@id\":\"https:\\\/\\\/gravelart.be\\\/fr\\\/#organization\"},\"potentialAction\":[{\"@type\":\"SearchAction\",\"target\":{\"@type\":\"EntryPoint\",\"urlTemplate\":\"https:\\\/\\\/gravelart.be\\\/fr\\\/?s={search_term_string}\"},\"query-input\":{\"@type\":\"PropertyValueSpecification\",\"valueRequired\":true,\"valueName\":\"search_term_string\"}}],\"inLanguage\":\"fr-FR\"},{\"@type\":\"Organization\",\"@id\":\"https:\\\/\\\/gravelart.be\\\/fr\\\/#organization\",\"name\":\"Gravelart\",\"url\":\"https:\\\/\\\/gravelart.be\\\/fr\\\/\",\"logo\":{\"@type\":\"ImageObject\",\"inLanguage\":\"fr-FR\",\"@id\":\"https:\\\/\\\/gravelart.be\\\/fr\\\/#\\\/schema\\\/logo\\\/image\\\/\",\"url\":\"https:\\\/\\\/gravelart.be\\\/wp-content\\\/uploads\\\/2022\\\/10\\\/logo-gravelart.png\",\"contentUrl\":\"https:\\\/\\\/gravelart.be\\\/wp-content\\\/uploads\\\/2022\\\/10\\\/logo-gravelart.png\",\"width\":348,\"height\":186,\"caption\":\"Gravelart\"},\"image\":{\"@id\":\"https:\\\/\\\/gravelart.be\\\/fr\\\/#\\\/schema\\\/logo\\\/image\\\/\"}}]}<\/script>\n<!-- \/ Yoast SEO plugin. -->","yoast_head_json":{"title":"CREAtop - gazon en gravier - Gravelart","description":"Bestel CREAtop - gazon en gravier voor jouw volgende tuinproject.","robots":{"index":"index","follow":"follow","max-snippet":"max-snippet:-1","max-image-preview":"max-image-preview:large","max-video-preview":"max-video-preview:-1"},"canonical":"https:\/\/gravelart.be\/fr\/product\/creatop-gazon-en-gravier\/","og_locale":"fr_FR","og_type":"article","og_title":"CREAtop - gazon en gravier - Gravelart","og_description":"Bestel CREAtop - gazon en gravier voor jouw volgende tuinproject.","og_url":"https:\/\/gravelart.be\/fr\/product\/creatop-gazon-en-gravier\/","og_site_name":"Gravelart","article_modified_time":"2026-05-17T02:30:18+00:00","og_image":[{"width":732,"height":666,"url":"https:\/\/gravelart.be\/wp-content\/uploads\/2023\/02\/CREAtop.png","type":"image\/png"}],"twitter_card":"summary_large_image","schema":{"@context":"https:\/\/schema.org","@graph":[{"@type":"WebPage","@id":"https:\/\/gravelart.be\/fr\/product\/creatop-gazon-en-gravier\/","url":"https:\/\/gravelart.be\/fr\/product\/creatop-gazon-en-gravier\/","name":"CREAtop - gazon en gravier - Gravelart","isPartOf":{"@id":"https:\/\/gravelart.be\/fr\/#website"},"primaryImageOfPage":{"@id":"https:\/\/gravelart.be\/fr\/product\/creatop-gazon-en-gravier\/#primaryimage"},"image":{"@id":"https:\/\/gravelart.be\/fr\/product\/creatop-gazon-en-gravier\/#primaryimage"},"thumbnailUrl":"https:\/\/gravelart.be\/wp-content\/uploads\/2023\/02\/CREAtop.png","datePublished":"2023-02-02T08:30:51+00:00","dateModified":"2026-05-17T02:30:18+00:00","description":"Bestel CREAtop - gazon en gravier voor jouw volgende tuinproject.","breadcrumb":{"@id":"https:\/\/gravelart.be\/fr\/product\/creatop-gazon-en-gravier\/#breadcrumb"},"inLanguage":"fr-FR","potentialAction":[{"@type":"ReadAction","target":["https:\/\/gravelart.be\/fr\/product\/creatop-gazon-en-gravier\/"]}]},{"@type":"ImageObject","inLanguage":"fr-FR","@id":"https:\/\/gravelart.be\/fr\/product\/creatop-gazon-en-gravier\/#primaryimage","url":"https:\/\/gravelart.be\/wp-content\/uploads\/2023\/02\/CREAtop.png","contentUrl":"https:\/\/gravelart.be\/wp-content\/uploads\/2023\/02\/CREAtop.png","width":732,"height":666,"caption":"CREAtop grindgazon"},{"@type":"BreadcrumbList","@id":"https:\/\/gravelart.be\/fr\/product\/creatop-gazon-en-gravier\/#breadcrumb","itemListElement":[{"@type":"ListItem","position":1,"name":"Home","item":"https:\/\/gravelart.be\/fr\/"},{"@type":"ListItem","position":2,"name":"Produits","item":"https:\/\/gravelart.be\/fr\/boutique\/"},{"@type":"ListItem","position":3,"name":"CREAtop &#8211; gazon en gravier"}]},{"@type":"WebSite","@id":"https:\/\/gravelart.be\/fr\/#website","url":"https:\/\/gravelart.be\/fr\/","name":"Gravelart","description":"Alles voor tuin en park","publisher":{"@id":"https:\/\/gravelart.be\/fr\/#organization"},"potentialAction":[{"@type":"SearchAction","target":{"@type":"EntryPoint","urlTemplate":"https:\/\/gravelart.be\/fr\/?s={search_term_string}"},"query-input":{"@type":"PropertyValueSpecification","valueRequired":true,"valueName":"search_term_string"}}],"inLanguage":"fr-FR"},{"@type":"Organization","@id":"https:\/\/gravelart.be\/fr\/#organization","name":"Gravelart","url":"https:\/\/gravelart.be\/fr\/","logo":{"@type":"ImageObject","inLanguage":"fr-FR","@id":"https:\/\/gravelart.be\/fr\/#\/schema\/logo\/image\/","url":"https:\/\/gravelart.be\/wp-content\/uploads\/2022\/10\/logo-gravelart.png","contentUrl":"https:\/\/gravelart.be\/wp-content\/uploads\/2022\/10\/logo-gravelart.png","width":348,"height":186,"caption":"Gravelart"},"image":{"@id":"https:\/\/gravelart.be\/fr\/#\/schema\/logo\/image\/"}}]}},"_links":{"self":[{"href":"https:\/\/gravelart.be\/fr\/wp-json\/wp\/v2\/product\/33577","targetHints":{"allow":["GET"]}}],"collection":[{"href":"https:\/\/gravelart.be\/fr\/wp-json\/wp\/v2\/product"}],"about":[{"href":"https:\/\/gravelart.be\/fr\/wp-json\/wp\/v2\/types\/product"}],"replies":[{"embeddable":true,"href":"https:\/\/gravelart.be\/fr\/wp-json\/wp\/v2\/comments?post=33577"}],"wp:featuredmedia":[{"embeddable":true,"href":"https:\/\/gravelart.be\/fr\/wp-json\/wp\/v2\/media\/45429"}],"wp:attachment":[{"href":"https:\/\/gravelart.be\/fr\/wp-json\/wp\/v2\/media?parent=33577"}],"wp:term":[{"taxonomy":"product_brand","embeddable":true,"href":"https:\/\/gravelart.be\/fr\/wp-json\/wp\/v2\/product_brand?post=33577"},{"taxonomy":"product_cat","embeddable":true,"href":"https:\/\/gravelart.be\/fr\/wp-json\/wp\/v2\/product_cat?post=33577"},{"taxonomy":"product_tag","embeddable":true,"href":"https:\/\/gravelart.be\/fr\/wp-json\/wp\/v2\/product_tag?post=33577"}],"curies":[{"name":"wp","href":"https:\/\/api.w.org\/{rel}","templated":true}]}}