{"id":44629,"date":"2023-07-18T15:59:28","date_gmt":"2023-07-18T13:59:28","guid":{"rendered":"https:\/\/gravelart.be\/?post_type=product&#038;p=44629"},"modified":"2026-04-17T04:20:19","modified_gmt":"2026-04-17T02:20:19","slug":"carrara-60-100-round","status":"publish","type":"product","link":"https:\/\/gravelart.be\/fr\/product\/carrara-60-100-round\/","title":{"rendered":"Carrara 60\/100 rond"},"content":{"rendered":"","protected":false},"excerpt":{"rendered":"<p>D\u00e9couvrez la beaut\u00e9 intemporelle de <a href=\"https:\/\/gravelart.be\/nl\/?s=carrara+&amp;post_type=product&amp;dgwt_wcas=1&amp;lang=nl\">Carrara<\/a>, un galet blanc \u00e9clatant d\u2019une grande \u00e9l\u00e9gance, fabriqu\u00e9 \u00e0 partir d\u2019un marbre extr\u00eamement durable. Gr\u00e2ce \u00e0 sa polyvalence, Carrara s\u2019int\u00e8gre parfaitement dans diff\u00e9rents styles et convient \u00e0 un large \u00e9ventail d\u2019applications. Ces galets se combinent magnifiquement avec les <strong><a href=\"https:\/\/gravelart.be\/fr\/product-categorie\/gabions\/\">gabions <\/a><\/strong>ECCOfence, offrant une solution \u00e0 la fois \u00e9l\u00e9gante et durable.  <\/p>\n<p>Carrara peut \u00eatre int\u00e9gr\u00e9 sans difficult\u00e9 dans des gabions avec des mailles de 50 mm x 50 mm, tels que ECCOfence Kit, ECCOfence Pro, ALUbox, et bien d\u2019autres encore.<br \/>Laissez libre cours \u00e0 votre cr\u00e9ativit\u00e9 et cr\u00e9ez des constructions et am\u00e9nagements paysagers \u00e0 couper le souffle gr\u00e2ce \u00e0 la beaut\u00e9 intemporelle des galets Carrara. <\/p>\n","protected":false},"featured_media":44646,"comment_status":"open","ping_status":"closed","template":"","meta":{"_acf_changed":false,"inline_featured_image":false},"product_brand":[],"product_cat":[4894,4162,4151],"product_tag":[],"class_list":{"0":"post-44629","1":"product","2":"type-product","3":"status-publish","4":"has-post-thumbnail","6":"product_cat-gravier-stabilisateurs-de-gravier","7":"product_cat-gravier-roule","8":"product_cat-moellons-galets","10":"first","11":"instock","12":"taxable","13":"shipping-taxable","14":"purchasable","15":"product-type-variable","16":"has-default-attributes"},"acf":{"woocommerce_erp_id":"4407","woocommerce_cnk_id":"100382","product_density":1.6,"custom_prices":[{"variation_id":"46854","customer_group":"DISTRI","customer_id":"","min_qty":0.5,"max_qty":9999999,"steps":0.01,"price":212.6,"price_incl":257.25,"delivery_group":"DELIVERY","warehouse_id":""},{"variation_id":"46854","customer_group":"DISTRI","customer_id":"","min_qty":0.5,"max_qty":9999999,"steps":0.01,"price":212.6,"price_incl":257.25,"delivery_group":"COLLECT","warehouse_id":""},{"variation_id":"46854","customer_group":"DISTRI","customer_id":"","min_qty":0.5,"max_qty":9999999,"steps":0.01,"price":212.6,"price_incl":257.25,"delivery_group":"COLLECT","warehouse_id":""},{"variation_id":"46854","customer_group":"PRO","customer_id":"","min_qty":0.5,"max_qty":9999999,"steps":0.01,"price":253.61,"price_incl":306.87,"delivery_group":"COLLECT","warehouse_id":""},{"variation_id":"46854","customer_group":"PRO","customer_id":"","min_qty":0.5,"max_qty":9999999,"steps":0.01,"price":253.61,"price_incl":306.87,"delivery_group":"DELIVERY","warehouse_id":""},{"variation_id":"46854","customer_group":"CON","customer_id":"","min_qty":0.5,"max_qty":9999999,"steps":0.01,"price":304.3,"price_incl":368.2,"delivery_group":"COLLECT","warehouse_id":""},{"variation_id":"46854","customer_group":"CON","customer_id":"","min_qty":0.5,"max_qty":9999999,"steps":0.01,"price":304.3,"price_incl":368.2,"delivery_group":"DELIVERY","warehouse_id":""},{"variation_id":"46854","customer_group":"DISTRI","customer_id":"129214","min_qty":0.5,"max_qty":9999999,"steps":0.01,"price":144.84,"price_incl":175.26,"delivery_group":"COLLECT","warehouse_id":""},{"variation_id":"46854","customer_group":"DISTRI","customer_id":"129214","min_qty":0.5,"max_qty":9999999,"steps":0.01,"price":144.84,"price_incl":175.26,"delivery_group":"DELIVERY","warehouse_id":""},{"variation_id":"46854","customer_group":"DISTRI","customer_id":"119741","min_qty":30,"max_qty":9999999,"steps":0.01,"price":141.3,"price_incl":170.97,"delivery_group":"COLLECT","warehouse_id":""},{"variation_id":"46854","customer_group":"DISTRI","customer_id":"119741","min_qty":30,"max_qty":9999999,"steps":0.01,"price":141.3,"price_incl":170.97,"delivery_group":"DELIVERY","warehouse_id":""},{"variation_id":"46857","customer_group":"DISTRI","customer_id":"","min_qty":1,"max_qty":9999999,"steps":1,"price":5.21,"price_incl":6.3,"delivery_group":"DELIVERY","warehouse_id":""},{"variation_id":"46857","customer_group":"DISTRI","customer_id":"","min_qty":1,"max_qty":9999999,"steps":1,"price":5.21,"price_incl":6.3,"delivery_group":"COLLECT","warehouse_id":""},{"variation_id":"46857","customer_group":"CON","customer_id":"","min_qty":1,"max_qty":9999999,"steps":1,"price":9.47,"price_incl":11.46,"delivery_group":"COLLECT","warehouse_id":""},{"variation_id":"46857","customer_group":"CON","customer_id":"","min_qty":1,"max_qty":9999999,"steps":1,"price":9.47,"price_incl":11.46,"delivery_group":"DELIVERY","warehouse_id":""},{"variation_id":"46857","customer_group":"PRO","customer_id":"","min_qty":1,"max_qty":9999999,"steps":1,"price":6.03,"price_incl":7.3,"delivery_group":"DELIVERY","warehouse_id":""},{"variation_id":"46857","customer_group":"PRO","customer_id":"","min_qty":1,"max_qty":9999999,"steps":1,"price":6.03,"price_incl":7.3,"delivery_group":"COLLECT","warehouse_id":""},{"variation_id":"46857","customer_group":"DISTRI","customer_id":"129214","min_qty":1,"max_qty":9999999,"steps":1,"price":3.86,"price_incl":4.67,"delivery_group":"COLLECT","warehouse_id":""},{"variation_id":"46857","customer_group":"DISTRI","customer_id":"129214","min_qty":1,"max_qty":9999999,"steps":1,"price":3.86,"price_incl":4.67,"delivery_group":"DELIVERY","warehouse_id":""}],"packaging_ids":[{"packaging_name":"En vrac","packaging_id":"74","erp_id":"4407"},{"packaging_name":"Pi\u00e8ce","packaging_id":"73","erp_id":"5698"}]},"yoast_head":"<!-- This site is optimized with the Yoast SEO plugin v27.3 - https:\/\/yoast.com\/product\/yoast-seo-wordpress\/ -->\n<title>Carrara 60\/100 rond - Gravelart<\/title>\n<meta name=\"description\" content=\"Carrara 60\/100 rond : grands galets en marbre blanc \u00e9clatant. Durables, \u00e9l\u00e9gants et parfaits pour les gabions, les accents de jardin et les am\u00e9nagements paysagers cr\u00e9atifs.\" \/>\n<meta name=\"robots\" content=\"index, follow, max-snippet:-1, max-image-preview:large, max-video-preview:-1\" \/>\n<link rel=\"canonical\" href=\"https:\/\/gravelart.be\/fr\/product\/carrara-60-100-round\/\" \/>\n<meta property=\"og:locale\" content=\"fr_FR\" \/>\n<meta property=\"og:type\" content=\"article\" \/>\n<meta property=\"og:title\" content=\"Carrara 60\/100 rond - Gravelart\" \/>\n<meta property=\"og:description\" content=\"Carrara 60\/100 rond : grands galets en marbre blanc \u00e9clatant. Durables, \u00e9l\u00e9gants et parfaits pour les gabions, les accents de jardin et les am\u00e9nagements paysagers cr\u00e9atifs.\" \/>\n<meta property=\"og:url\" content=\"https:\/\/gravelart.be\/fr\/product\/carrara-60-100-round\/\" \/>\n<meta property=\"og:site_name\" content=\"Gravelart\" \/>\n<meta property=\"article:modified_time\" content=\"2026-04-17T02:20:19+00:00\" \/>\n<meta property=\"og:image\" content=\"https:\/\/gravelart.be\/wp-content\/uploads\/2023\/07\/WEBSHOP_IMAGE_1-4407.jpg\" \/>\n\t<meta property=\"og:image:width\" content=\"1000\" \/>\n\t<meta property=\"og:image:height\" content=\"665\" \/>\n\t<meta property=\"og:image:type\" content=\"image\/jpeg\" \/>\n<meta name=\"twitter:card\" content=\"summary_large_image\" \/>\n<script type=\"application\/ld+json\" class=\"yoast-schema-graph\">{\"@context\":\"https:\\\/\\\/schema.org\",\"@graph\":[{\"@type\":\"WebPage\",\"@id\":\"https:\\\/\\\/gravelart.be\\\/fr\\\/product\\\/carrara-60-100-round\\\/\",\"url\":\"https:\\\/\\\/gravelart.be\\\/fr\\\/product\\\/carrara-60-100-round\\\/\",\"name\":\"Carrara 60\\\/100 rond - Gravelart\",\"isPartOf\":{\"@id\":\"https:\\\/\\\/gravelart.be\\\/fr\\\/#website\"},\"primaryImageOfPage\":{\"@id\":\"https:\\\/\\\/gravelart.be\\\/fr\\\/product\\\/carrara-60-100-round\\\/#primaryimage\"},\"image\":{\"@id\":\"https:\\\/\\\/gravelart.be\\\/fr\\\/product\\\/carrara-60-100-round\\\/#primaryimage\"},\"thumbnailUrl\":\"https:\\\/\\\/gravelart.be\\\/wp-content\\\/uploads\\\/2023\\\/07\\\/WEBSHOP_IMAGE_1-4407.jpg\",\"datePublished\":\"2023-07-18T13:59:28+00:00\",\"dateModified\":\"2026-04-17T02:20:19+00:00\",\"description\":\"Carrara 60\\\/100 rond : grands galets en marbre blanc \u00e9clatant. Durables, \u00e9l\u00e9gants et parfaits pour les gabions, les accents de jardin et les am\u00e9nagements paysagers cr\u00e9atifs.\",\"breadcrumb\":{\"@id\":\"https:\\\/\\\/gravelart.be\\\/fr\\\/product\\\/carrara-60-100-round\\\/#breadcrumb\"},\"inLanguage\":\"fr-FR\",\"potentialAction\":[{\"@type\":\"ReadAction\",\"target\":[\"https:\\\/\\\/gravelart.be\\\/fr\\\/product\\\/carrara-60-100-round\\\/\"]}]},{\"@type\":\"ImageObject\",\"inLanguage\":\"fr-FR\",\"@id\":\"https:\\\/\\\/gravelart.be\\\/fr\\\/product\\\/carrara-60-100-round\\\/#primaryimage\",\"url\":\"https:\\\/\\\/gravelart.be\\\/wp-content\\\/uploads\\\/2023\\\/07\\\/WEBSHOP_IMAGE_1-4407.jpg\",\"contentUrl\":\"https:\\\/\\\/gravelart.be\\\/wp-content\\\/uploads\\\/2023\\\/07\\\/WEBSHOP_IMAGE_1-4407.jpg\",\"width\":1000,\"height\":665,\"caption\":\"Witte carrara keien\"},{\"@type\":\"BreadcrumbList\",\"@id\":\"https:\\\/\\\/gravelart.be\\\/fr\\\/product\\\/carrara-60-100-round\\\/#breadcrumb\",\"itemListElement\":[{\"@type\":\"ListItem\",\"position\":1,\"name\":\"Home\",\"item\":\"https:\\\/\\\/gravelart.be\\\/fr\\\/\"},{\"@type\":\"ListItem\",\"position\":2,\"name\":\"Produits\",\"item\":\"https:\\\/\\\/gravelart.be\\\/fr\\\/boutique\\\/\"},{\"@type\":\"ListItem\",\"position\":3,\"name\":\"Carrara 60\\\/100 rond\"}]},{\"@type\":\"WebSite\",\"@id\":\"https:\\\/\\\/gravelart.be\\\/fr\\\/#website\",\"url\":\"https:\\\/\\\/gravelart.be\\\/fr\\\/\",\"name\":\"Gravelart\",\"description\":\"Alles voor tuin en park\",\"publisher\":{\"@id\":\"https:\\\/\\\/gravelart.be\\\/fr\\\/#organization\"},\"potentialAction\":[{\"@type\":\"SearchAction\",\"target\":{\"@type\":\"EntryPoint\",\"urlTemplate\":\"https:\\\/\\\/gravelart.be\\\/fr\\\/?s={search_term_string}\"},\"query-input\":{\"@type\":\"PropertyValueSpecification\",\"valueRequired\":true,\"valueName\":\"search_term_string\"}}],\"inLanguage\":\"fr-FR\"},{\"@type\":\"Organization\",\"@id\":\"https:\\\/\\\/gravelart.be\\\/fr\\\/#organization\",\"name\":\"Gravelart\",\"url\":\"https:\\\/\\\/gravelart.be\\\/fr\\\/\",\"logo\":{\"@type\":\"ImageObject\",\"inLanguage\":\"fr-FR\",\"@id\":\"https:\\\/\\\/gravelart.be\\\/fr\\\/#\\\/schema\\\/logo\\\/image\\\/\",\"url\":\"https:\\\/\\\/gravelart.be\\\/wp-content\\\/uploads\\\/2022\\\/10\\\/logo-gravelart.png\",\"contentUrl\":\"https:\\\/\\\/gravelart.be\\\/wp-content\\\/uploads\\\/2022\\\/10\\\/logo-gravelart.png\",\"width\":348,\"height\":186,\"caption\":\"Gravelart\"},\"image\":{\"@id\":\"https:\\\/\\\/gravelart.be\\\/fr\\\/#\\\/schema\\\/logo\\\/image\\\/\"}}]}<\/script>\n<!-- \/ Yoast SEO plugin. -->","yoast_head_json":{"title":"Carrara 60\/100 rond - Gravelart","description":"Carrara 60\/100 rond : grands galets en marbre blanc \u00e9clatant. Durables, \u00e9l\u00e9gants et parfaits pour les gabions, les accents de jardin et les am\u00e9nagements paysagers cr\u00e9atifs.","robots":{"index":"index","follow":"follow","max-snippet":"max-snippet:-1","max-image-preview":"max-image-preview:large","max-video-preview":"max-video-preview:-1"},"canonical":"https:\/\/gravelart.be\/fr\/product\/carrara-60-100-round\/","og_locale":"fr_FR","og_type":"article","og_title":"Carrara 60\/100 rond - Gravelart","og_description":"Carrara 60\/100 rond : grands galets en marbre blanc \u00e9clatant. Durables, \u00e9l\u00e9gants et parfaits pour les gabions, les accents de jardin et les am\u00e9nagements paysagers cr\u00e9atifs.","og_url":"https:\/\/gravelart.be\/fr\/product\/carrara-60-100-round\/","og_site_name":"Gravelart","article_modified_time":"2026-04-17T02:20:19+00:00","og_image":[{"width":1000,"height":665,"url":"https:\/\/gravelart.be\/wp-content\/uploads\/2023\/07\/WEBSHOP_IMAGE_1-4407.jpg","type":"image\/jpeg"}],"twitter_card":"summary_large_image","schema":{"@context":"https:\/\/schema.org","@graph":[{"@type":"WebPage","@id":"https:\/\/gravelart.be\/fr\/product\/carrara-60-100-round\/","url":"https:\/\/gravelart.be\/fr\/product\/carrara-60-100-round\/","name":"Carrara 60\/100 rond - Gravelart","isPartOf":{"@id":"https:\/\/gravelart.be\/fr\/#website"},"primaryImageOfPage":{"@id":"https:\/\/gravelart.be\/fr\/product\/carrara-60-100-round\/#primaryimage"},"image":{"@id":"https:\/\/gravelart.be\/fr\/product\/carrara-60-100-round\/#primaryimage"},"thumbnailUrl":"https:\/\/gravelart.be\/wp-content\/uploads\/2023\/07\/WEBSHOP_IMAGE_1-4407.jpg","datePublished":"2023-07-18T13:59:28+00:00","dateModified":"2026-04-17T02:20:19+00:00","description":"Carrara 60\/100 rond : grands galets en marbre blanc \u00e9clatant. Durables, \u00e9l\u00e9gants et parfaits pour les gabions, les accents de jardin et les am\u00e9nagements paysagers cr\u00e9atifs.","breadcrumb":{"@id":"https:\/\/gravelart.be\/fr\/product\/carrara-60-100-round\/#breadcrumb"},"inLanguage":"fr-FR","potentialAction":[{"@type":"ReadAction","target":["https:\/\/gravelart.be\/fr\/product\/carrara-60-100-round\/"]}]},{"@type":"ImageObject","inLanguage":"fr-FR","@id":"https:\/\/gravelart.be\/fr\/product\/carrara-60-100-round\/#primaryimage","url":"https:\/\/gravelart.be\/wp-content\/uploads\/2023\/07\/WEBSHOP_IMAGE_1-4407.jpg","contentUrl":"https:\/\/gravelart.be\/wp-content\/uploads\/2023\/07\/WEBSHOP_IMAGE_1-4407.jpg","width":1000,"height":665,"caption":"Witte carrara keien"},{"@type":"BreadcrumbList","@id":"https:\/\/gravelart.be\/fr\/product\/carrara-60-100-round\/#breadcrumb","itemListElement":[{"@type":"ListItem","position":1,"name":"Home","item":"https:\/\/gravelart.be\/fr\/"},{"@type":"ListItem","position":2,"name":"Produits","item":"https:\/\/gravelart.be\/fr\/boutique\/"},{"@type":"ListItem","position":3,"name":"Carrara 60\/100 rond"}]},{"@type":"WebSite","@id":"https:\/\/gravelart.be\/fr\/#website","url":"https:\/\/gravelart.be\/fr\/","name":"Gravelart","description":"Alles voor tuin en park","publisher":{"@id":"https:\/\/gravelart.be\/fr\/#organization"},"potentialAction":[{"@type":"SearchAction","target":{"@type":"EntryPoint","urlTemplate":"https:\/\/gravelart.be\/fr\/?s={search_term_string}"},"query-input":{"@type":"PropertyValueSpecification","valueRequired":true,"valueName":"search_term_string"}}],"inLanguage":"fr-FR"},{"@type":"Organization","@id":"https:\/\/gravelart.be\/fr\/#organization","name":"Gravelart","url":"https:\/\/gravelart.be\/fr\/","logo":{"@type":"ImageObject","inLanguage":"fr-FR","@id":"https:\/\/gravelart.be\/fr\/#\/schema\/logo\/image\/","url":"https:\/\/gravelart.be\/wp-content\/uploads\/2022\/10\/logo-gravelart.png","contentUrl":"https:\/\/gravelart.be\/wp-content\/uploads\/2022\/10\/logo-gravelart.png","width":348,"height":186,"caption":"Gravelart"},"image":{"@id":"https:\/\/gravelart.be\/fr\/#\/schema\/logo\/image\/"}}]}},"_links":{"self":[{"href":"https:\/\/gravelart.be\/fr\/wp-json\/wp\/v2\/product\/44629","targetHints":{"allow":["GET"]}}],"collection":[{"href":"https:\/\/gravelart.be\/fr\/wp-json\/wp\/v2\/product"}],"about":[{"href":"https:\/\/gravelart.be\/fr\/wp-json\/wp\/v2\/types\/product"}],"replies":[{"embeddable":true,"href":"https:\/\/gravelart.be\/fr\/wp-json\/wp\/v2\/comments?post=44629"}],"wp:featuredmedia":[{"embeddable":true,"href":"https:\/\/gravelart.be\/fr\/wp-json\/wp\/v2\/media\/44646"}],"wp:attachment":[{"href":"https:\/\/gravelart.be\/fr\/wp-json\/wp\/v2\/media?parent=44629"}],"wp:term":[{"taxonomy":"product_brand","embeddable":true,"href":"https:\/\/gravelart.be\/fr\/wp-json\/wp\/v2\/product_brand?post=44629"},{"taxonomy":"product_cat","embeddable":true,"href":"https:\/\/gravelart.be\/fr\/wp-json\/wp\/v2\/product_cat?post=44629"},{"taxonomy":"product_tag","embeddable":true,"href":"https:\/\/gravelart.be\/fr\/wp-json\/wp\/v2\/product_tag?post=44629"}],"curies":[{"name":"wp","href":"https:\/\/api.w.org\/{rel}","templated":true}]}}