{"id":44983,"date":"2023-10-09T13:53:04","date_gmt":"2023-10-09T11:53:04","guid":{"rendered":"https:\/\/gravelart.be\/?post_type=product&#038;p=44983"},"modified":"2026-04-30T04:20:09","modified_gmt":"2026-04-30T02:20:09","slug":"plaque-de-drainage-g10-2-x-125-m","status":"publish","type":"product","link":"https:\/\/gravelart.be\/fr\/product\/plaque-de-drainage-g10-2-x-125-m\/","title":{"rendered":"Plaque de drainage G10 2 x 12,5 m"},"content":{"rendered":"","protected":false},"excerpt":{"rendered":"<p data-start=\"0\" data-end=\"425\">Nos <strong data-start=\"4\" data-end=\"42\">tapis de drainage de haute qualit\u00e9<\/strong> sont indispensables pour une toiture v\u00e9g\u00e9talis\u00e9e performante. Cette <strong data-start=\"111\" data-end=\"136\">nappe \u00e0 excroissances<\/strong>, fabriqu\u00e9e en <strong data-start=\"151\" data-end=\"183\">HIPS durable avec g\u00e9otextile<\/strong>, est <strong data-start=\"189\" data-end=\"205\">certifi\u00e9e CE<\/strong> pour le drainage des toitures v\u00e9g\u00e9talis\u00e9es extensives.<br data-start=\"260\" data-end=\"263\" \/>Le g\u00e9otextile pr\u00e9sente une <strong data-start=\"290\" data-end=\"325\" data-is-only-node=\"\">r\u00e9sistance \u00e9lev\u00e9e \u00e0 la traction<\/strong> et est solidement coll\u00e9 aux excroissances, ce qui emp\u00eache le tassement du syst\u00e8me sous le substrat.<\/p>\n<h3 data-start=\"427\" data-end=\"467\">Avantages de nos tapis de drainage :<\/h3>\n<ul data-start=\"468\" data-end=\"892\">\n<li data-start=\"468\" data-end=\"562\">\n<p data-start=\"470\" data-end=\"562\"><strong data-start=\"470\" data-end=\"507\">Grande r\u00e9sistance \u00e0 la traction :<\/strong> le g\u00e9otextile emp\u00eache le tassement sous le substrat.<\/p>\n<\/li>\n<li data-start=\"563\" data-end=\"647\">\n<p data-start=\"565\" data-end=\"647\"><strong data-start=\"565\" data-end=\"588\">Filtration fiable :<\/strong> \u00e9vite l\u2019obstruction sans entraver l\u2019\u00e9coulement de l\u2019eau.<\/p>\n<\/li>\n<li data-start=\"648\" data-end=\"770\">\n<p data-start=\"650\" data-end=\"770\"><strong data-start=\"650\" data-end=\"686\">Respectueux de l\u2019environnement :<\/strong> conforme \u00e0 toutes les normes environnementales et sans danger pour l\u2019eau potable.<\/p>\n<\/li>\n<li data-start=\"771\" data-end=\"892\">\n<p data-start=\"773\" data-end=\"892\"><strong data-start=\"773\" data-end=\"798\">Installation facile :<\/strong> pose directe sur une \u00e9tanch\u00e9it\u00e9 r\u00e9sistante aux racines, excroissances orient\u00e9es vers le haut.<\/p>\n<\/li>\n<\/ul>\n<p data-start=\"894\" data-end=\"912\"><strong data-start=\"894\" data-end=\"910\">Dimensions :<\/strong><\/p>\n<ul data-start=\"913\" data-end=\"1031\">\n<li data-start=\"913\" data-end=\"961\">\n<p data-start=\"915\" data-end=\"961\"><strong data-start=\"915\" data-end=\"928\">Hauteur :<\/strong> hauteur des excroissances 8 mm<\/p>\n<\/li>\n<li data-start=\"962\" data-end=\"998\">\n<p data-start=\"964\" data-end=\"998\"><strong data-start=\"964\" data-end=\"989\">Longueur du rouleau :<\/strong> 12,5 m<\/p>\n<\/li>\n<li data-start=\"999\" data-end=\"1031\">\n<p data-start=\"1001\" data-end=\"1031\"><strong data-start=\"1001\" data-end=\"1025\">Largeur du rouleau :<\/strong> 2 m<\/p>\n<\/li>\n<\/ul>\n<p data-start=\"1033\" data-end=\"1196\">Optez pour la <strong data-start=\"1047\" data-end=\"1072\">nappe \u00e0 excroissances<\/strong> et assurez une \u00e9vacuation efficace de l\u2019eau sur votre toiture v\u00e9g\u00e9talis\u00e9e, tout en pr\u00e9servant l\u2019int\u00e9grit\u00e9 de votre syst\u00e8me.<\/p>\n","protected":false},"featured_media":44987,"comment_status":"open","ping_status":"closed","template":"","meta":{"_acf_changed":false,"inline_featured_image":false},"product_brand":[],"product_cat":[4152],"product_tag":[],"class_list":{"0":"post-44983","1":"product","2":"type-product","3":"status-publish","4":"has-post-thumbnail","6":"product_cat-toitures-vertes","8":"first","9":"instock","10":"taxable","11":"shipping-taxable","12":"purchasable","13":"product-type-variable","14":"has-default-attributes"},"acf":{"woocommerce_erp_id":"16896","woocommerce_cnk_id":"102586","product_density":1,"custom_prices":[{"variation_id":"44988","customer_group":"PRO","customer_id":"","min_qty":1,"max_qty":99,"steps":1,"price":191.25,"price_incl":231.41,"delivery_group":"DELIVERY","warehouse_id":""},{"variation_id":"44988","customer_group":"PRO","customer_id":"","min_qty":1,"max_qty":99,"steps":1,"price":191.25,"price_incl":231.41,"delivery_group":"COLLECT","warehouse_id":""},{"variation_id":"44988","customer_group":"PRO","customer_id":"","min_qty":100,"max_qty":299,"steps":1,"price":162.5,"price_incl":196.63,"delivery_group":"COLLECT","warehouse_id":""},{"variation_id":"44988","customer_group":"PRO","customer_id":"","min_qty":100,"max_qty":299,"steps":1,"price":162.5,"price_incl":196.63,"delivery_group":"DELIVERY","warehouse_id":""},{"variation_id":"44988","customer_group":"PRO","customer_id":"","min_qty":300,"max_qty":9999999,"steps":1,"price":133.75,"price_incl":161.84,"delivery_group":"COLLECT","warehouse_id":""},{"variation_id":"44988","customer_group":"PRO","customer_id":"","min_qty":300,"max_qty":9999999,"steps":1,"price":133.75,"price_incl":161.84,"delivery_group":"DELIVERY","warehouse_id":""},{"variation_id":"44988","customer_group":"DISTRI","customer_id":"","min_qty":1,"max_qty":99,"steps":1,"price":176.75,"price_incl":213.87,"delivery_group":"DELIVERY","warehouse_id":""},{"variation_id":"44988","customer_group":"DISTRI","customer_id":"","min_qty":1,"max_qty":99,"steps":1,"price":176.75,"price_incl":213.87,"delivery_group":"COLLECT","warehouse_id":""},{"variation_id":"44988","customer_group":"DISTRI","customer_id":"","min_qty":100,"max_qty":299,"steps":1,"price":148,"price_incl":179.08,"delivery_group":"COLLECT","warehouse_id":""},{"variation_id":"44988","customer_group":"DISTRI","customer_id":"","min_qty":100,"max_qty":299,"steps":1,"price":148,"price_incl":179.08,"delivery_group":"DELIVERY","warehouse_id":""},{"variation_id":"44988","customer_group":"DISTRI","customer_id":"","min_qty":300,"max_qty":9999999,"steps":1,"price":119.25,"price_incl":144.29,"delivery_group":"COLLECT","warehouse_id":""},{"variation_id":"44988","customer_group":"DISTRI","customer_id":"","min_qty":300,"max_qty":9999999,"steps":1,"price":119.25,"price_incl":144.29,"delivery_group":"DELIVERY","warehouse_id":""},{"variation_id":"44988","customer_group":"CON","customer_id":"","min_qty":1,"max_qty":99,"steps":1,"price":242.25,"price_incl":293.12,"delivery_group":"DELIVERY","warehouse_id":""},{"variation_id":"44988","customer_group":"CON","customer_id":"","min_qty":1,"max_qty":99,"steps":1,"price":242.25,"price_incl":293.12,"delivery_group":"COLLECT","warehouse_id":""},{"variation_id":"44988","customer_group":"CON","customer_id":"","min_qty":100,"max_qty":299,"steps":1,"price":195,"price_incl":235.95,"delivery_group":"COLLECT","warehouse_id":""},{"variation_id":"44988","customer_group":"CON","customer_id":"","min_qty":100,"max_qty":299,"steps":1,"price":195,"price_incl":235.95,"delivery_group":"DELIVERY","warehouse_id":""},{"variation_id":"44988","customer_group":"CON","customer_id":"","min_qty":300,"max_qty":9999999,"steps":1,"price":171,"price_incl":206.91,"delivery_group":"COLLECT","warehouse_id":""},{"variation_id":"44988","customer_group":"CON","customer_id":"","min_qty":300,"max_qty":9999999,"steps":1,"price":171,"price_incl":206.91,"delivery_group":"DELIVERY","warehouse_id":""},{"variation_id":"44988","customer_group":"CON","customer_id":"131114","min_qty":1,"max_qty":9999999,"steps":1,"price":119.25,"price_incl":144.29,"delivery_group":"COLLECT","warehouse_id":"L"}],"packaging_ids":[{"packaging_name":"Pi\u00e8ce","packaging_id":"73","erp_id":"16896"}]},"yoast_head":"<!-- This site is optimized with the Yoast SEO plugin v27.3 - https:\/\/yoast.com\/product\/yoast-seo-wordpress\/ -->\n<title>Plaque de drainage G10 2 x 12,5 m - Gravelart<\/title>\n<meta name=\"description\" content=\"Bestel Plaque de drainage G10 2 x 12,5 m voor jouw volgende tuinproject.\" \/>\n<meta name=\"robots\" content=\"index, follow, max-snippet:-1, max-image-preview:large, max-video-preview:-1\" \/>\n<link rel=\"canonical\" href=\"https:\/\/gravelart.be\/fr\/product\/plaque-de-drainage-g10-2-x-125-m\/\" \/>\n<meta property=\"og:locale\" content=\"fr_FR\" \/>\n<meta property=\"og:type\" content=\"article\" \/>\n<meta property=\"og:title\" content=\"Plaque de drainage G10 2 x 12,5 m - Gravelart\" \/>\n<meta property=\"og:description\" content=\"Bestel Plaque de drainage G10 2 x 12,5 m voor jouw volgende tuinproject.\" \/>\n<meta property=\"og:url\" content=\"https:\/\/gravelart.be\/fr\/product\/plaque-de-drainage-g10-2-x-125-m\/\" \/>\n<meta property=\"og:site_name\" content=\"Gravelart\" \/>\n<meta property=\"article:modified_time\" content=\"2026-04-30T02:20:09+00:00\" \/>\n<meta property=\"og:image\" content=\"https:\/\/gravelart.be\/wp-content\/uploads\/2023\/10\/G10-10-600x450-1.jpg\" \/>\n\t<meta property=\"og:image:width\" content=\"600\" \/>\n\t<meta property=\"og:image:height\" content=\"450\" \/>\n\t<meta property=\"og:image:type\" content=\"image\/jpeg\" \/>\n<meta name=\"twitter:card\" content=\"summary_large_image\" \/>\n<meta name=\"twitter:label1\" content=\"Dur\u00e9e de lecture estim\u00e9e\" \/>\n\t<meta name=\"twitter:data1\" content=\"1 minute\" \/>\n<script type=\"application\/ld+json\" class=\"yoast-schema-graph\">{\"@context\":\"https:\\\/\\\/schema.org\",\"@graph\":[{\"@type\":\"WebPage\",\"@id\":\"https:\\\/\\\/gravelart.be\\\/fr\\\/product\\\/plaque-de-drainage-g10-2-x-125-m\\\/\",\"url\":\"https:\\\/\\\/gravelart.be\\\/fr\\\/product\\\/plaque-de-drainage-g10-2-x-125-m\\\/\",\"name\":\"Plaque de drainage G10 2 x 12,5 m - Gravelart\",\"isPartOf\":{\"@id\":\"https:\\\/\\\/gravelart.be\\\/fr\\\/#website\"},\"primaryImageOfPage\":{\"@id\":\"https:\\\/\\\/gravelart.be\\\/fr\\\/product\\\/plaque-de-drainage-g10-2-x-125-m\\\/#primaryimage\"},\"image\":{\"@id\":\"https:\\\/\\\/gravelart.be\\\/fr\\\/product\\\/plaque-de-drainage-g10-2-x-125-m\\\/#primaryimage\"},\"thumbnailUrl\":\"https:\\\/\\\/gravelart.be\\\/wp-content\\\/uploads\\\/2023\\\/10\\\/G10-10-600x450-1.jpg\",\"datePublished\":\"2023-10-09T11:53:04+00:00\",\"dateModified\":\"2026-04-30T02:20:09+00:00\",\"description\":\"Bestel Plaque de drainage G10 2 x 12,5 m voor jouw volgende tuinproject.\",\"breadcrumb\":{\"@id\":\"https:\\\/\\\/gravelart.be\\\/fr\\\/product\\\/plaque-de-drainage-g10-2-x-125-m\\\/#breadcrumb\"},\"inLanguage\":\"fr-FR\",\"potentialAction\":[{\"@type\":\"ReadAction\",\"target\":[\"https:\\\/\\\/gravelart.be\\\/fr\\\/product\\\/plaque-de-drainage-g10-2-x-125-m\\\/\"]}]},{\"@type\":\"ImageObject\",\"inLanguage\":\"fr-FR\",\"@id\":\"https:\\\/\\\/gravelart.be\\\/fr\\\/product\\\/plaque-de-drainage-g10-2-x-125-m\\\/#primaryimage\",\"url\":\"https:\\\/\\\/gravelart.be\\\/wp-content\\\/uploads\\\/2023\\\/10\\\/G10-10-600x450-1.jpg\",\"contentUrl\":\"https:\\\/\\\/gravelart.be\\\/wp-content\\\/uploads\\\/2023\\\/10\\\/G10-10-600x450-1.jpg\",\"width\":600,\"height\":450},{\"@type\":\"BreadcrumbList\",\"@id\":\"https:\\\/\\\/gravelart.be\\\/fr\\\/product\\\/plaque-de-drainage-g10-2-x-125-m\\\/#breadcrumb\",\"itemListElement\":[{\"@type\":\"ListItem\",\"position\":1,\"name\":\"Home\",\"item\":\"https:\\\/\\\/gravelart.be\\\/fr\\\/\"},{\"@type\":\"ListItem\",\"position\":2,\"name\":\"Produits\",\"item\":\"https:\\\/\\\/gravelart.be\\\/fr\\\/boutique\\\/\"},{\"@type\":\"ListItem\",\"position\":3,\"name\":\"Plaque de drainage G10 2 x 12,5 m\"}]},{\"@type\":\"WebSite\",\"@id\":\"https:\\\/\\\/gravelart.be\\\/fr\\\/#website\",\"url\":\"https:\\\/\\\/gravelart.be\\\/fr\\\/\",\"name\":\"Gravelart\",\"description\":\"Alles voor tuin en park\",\"publisher\":{\"@id\":\"https:\\\/\\\/gravelart.be\\\/fr\\\/#organization\"},\"potentialAction\":[{\"@type\":\"SearchAction\",\"target\":{\"@type\":\"EntryPoint\",\"urlTemplate\":\"https:\\\/\\\/gravelart.be\\\/fr\\\/?s={search_term_string}\"},\"query-input\":{\"@type\":\"PropertyValueSpecification\",\"valueRequired\":true,\"valueName\":\"search_term_string\"}}],\"inLanguage\":\"fr-FR\"},{\"@type\":\"Organization\",\"@id\":\"https:\\\/\\\/gravelart.be\\\/fr\\\/#organization\",\"name\":\"Gravelart\",\"url\":\"https:\\\/\\\/gravelart.be\\\/fr\\\/\",\"logo\":{\"@type\":\"ImageObject\",\"inLanguage\":\"fr-FR\",\"@id\":\"https:\\\/\\\/gravelart.be\\\/fr\\\/#\\\/schema\\\/logo\\\/image\\\/\",\"url\":\"https:\\\/\\\/gravelart.be\\\/wp-content\\\/uploads\\\/2022\\\/10\\\/logo-gravelart.png\",\"contentUrl\":\"https:\\\/\\\/gravelart.be\\\/wp-content\\\/uploads\\\/2022\\\/10\\\/logo-gravelart.png\",\"width\":348,\"height\":186,\"caption\":\"Gravelart\"},\"image\":{\"@id\":\"https:\\\/\\\/gravelart.be\\\/fr\\\/#\\\/schema\\\/logo\\\/image\\\/\"}}]}<\/script>\n<!-- \/ Yoast SEO plugin. -->","yoast_head_json":{"title":"Plaque de drainage G10 2 x 12,5 m - Gravelart","description":"Bestel Plaque de drainage G10 2 x 12,5 m voor jouw volgende tuinproject.","robots":{"index":"index","follow":"follow","max-snippet":"max-snippet:-1","max-image-preview":"max-image-preview:large","max-video-preview":"max-video-preview:-1"},"canonical":"https:\/\/gravelart.be\/fr\/product\/plaque-de-drainage-g10-2-x-125-m\/","og_locale":"fr_FR","og_type":"article","og_title":"Plaque de drainage G10 2 x 12,5 m - Gravelart","og_description":"Bestel Plaque de drainage G10 2 x 12,5 m voor jouw volgende tuinproject.","og_url":"https:\/\/gravelart.be\/fr\/product\/plaque-de-drainage-g10-2-x-125-m\/","og_site_name":"Gravelart","article_modified_time":"2026-04-30T02:20:09+00:00","og_image":[{"width":600,"height":450,"url":"https:\/\/gravelart.be\/wp-content\/uploads\/2023\/10\/G10-10-600x450-1.jpg","type":"image\/jpeg"}],"twitter_card":"summary_large_image","twitter_misc":{"Dur\u00e9e de lecture estim\u00e9e":"1 minute"},"schema":{"@context":"https:\/\/schema.org","@graph":[{"@type":"WebPage","@id":"https:\/\/gravelart.be\/fr\/product\/plaque-de-drainage-g10-2-x-125-m\/","url":"https:\/\/gravelart.be\/fr\/product\/plaque-de-drainage-g10-2-x-125-m\/","name":"Plaque de drainage G10 2 x 12,5 m - Gravelart","isPartOf":{"@id":"https:\/\/gravelart.be\/fr\/#website"},"primaryImageOfPage":{"@id":"https:\/\/gravelart.be\/fr\/product\/plaque-de-drainage-g10-2-x-125-m\/#primaryimage"},"image":{"@id":"https:\/\/gravelart.be\/fr\/product\/plaque-de-drainage-g10-2-x-125-m\/#primaryimage"},"thumbnailUrl":"https:\/\/gravelart.be\/wp-content\/uploads\/2023\/10\/G10-10-600x450-1.jpg","datePublished":"2023-10-09T11:53:04+00:00","dateModified":"2026-04-30T02:20:09+00:00","description":"Bestel Plaque de drainage G10 2 x 12,5 m voor jouw volgende tuinproject.","breadcrumb":{"@id":"https:\/\/gravelart.be\/fr\/product\/plaque-de-drainage-g10-2-x-125-m\/#breadcrumb"},"inLanguage":"fr-FR","potentialAction":[{"@type":"ReadAction","target":["https:\/\/gravelart.be\/fr\/product\/plaque-de-drainage-g10-2-x-125-m\/"]}]},{"@type":"ImageObject","inLanguage":"fr-FR","@id":"https:\/\/gravelart.be\/fr\/product\/plaque-de-drainage-g10-2-x-125-m\/#primaryimage","url":"https:\/\/gravelart.be\/wp-content\/uploads\/2023\/10\/G10-10-600x450-1.jpg","contentUrl":"https:\/\/gravelart.be\/wp-content\/uploads\/2023\/10\/G10-10-600x450-1.jpg","width":600,"height":450},{"@type":"BreadcrumbList","@id":"https:\/\/gravelart.be\/fr\/product\/plaque-de-drainage-g10-2-x-125-m\/#breadcrumb","itemListElement":[{"@type":"ListItem","position":1,"name":"Home","item":"https:\/\/gravelart.be\/fr\/"},{"@type":"ListItem","position":2,"name":"Produits","item":"https:\/\/gravelart.be\/fr\/boutique\/"},{"@type":"ListItem","position":3,"name":"Plaque de drainage G10 2 x 12,5 m"}]},{"@type":"WebSite","@id":"https:\/\/gravelart.be\/fr\/#website","url":"https:\/\/gravelart.be\/fr\/","name":"Gravelart","description":"Alles voor tuin en park","publisher":{"@id":"https:\/\/gravelart.be\/fr\/#organization"},"potentialAction":[{"@type":"SearchAction","target":{"@type":"EntryPoint","urlTemplate":"https:\/\/gravelart.be\/fr\/?s={search_term_string}"},"query-input":{"@type":"PropertyValueSpecification","valueRequired":true,"valueName":"search_term_string"}}],"inLanguage":"fr-FR"},{"@type":"Organization","@id":"https:\/\/gravelart.be\/fr\/#organization","name":"Gravelart","url":"https:\/\/gravelart.be\/fr\/","logo":{"@type":"ImageObject","inLanguage":"fr-FR","@id":"https:\/\/gravelart.be\/fr\/#\/schema\/logo\/image\/","url":"https:\/\/gravelart.be\/wp-content\/uploads\/2022\/10\/logo-gravelart.png","contentUrl":"https:\/\/gravelart.be\/wp-content\/uploads\/2022\/10\/logo-gravelart.png","width":348,"height":186,"caption":"Gravelart"},"image":{"@id":"https:\/\/gravelart.be\/fr\/#\/schema\/logo\/image\/"}}]}},"_links":{"self":[{"href":"https:\/\/gravelart.be\/fr\/wp-json\/wp\/v2\/product\/44983","targetHints":{"allow":["GET"]}}],"collection":[{"href":"https:\/\/gravelart.be\/fr\/wp-json\/wp\/v2\/product"}],"about":[{"href":"https:\/\/gravelart.be\/fr\/wp-json\/wp\/v2\/types\/product"}],"replies":[{"embeddable":true,"href":"https:\/\/gravelart.be\/fr\/wp-json\/wp\/v2\/comments?post=44983"}],"wp:featuredmedia":[{"embeddable":true,"href":"https:\/\/gravelart.be\/fr\/wp-json\/wp\/v2\/media\/44987"}],"wp:attachment":[{"href":"https:\/\/gravelart.be\/fr\/wp-json\/wp\/v2\/media?parent=44983"}],"wp:term":[{"taxonomy":"product_brand","embeddable":true,"href":"https:\/\/gravelart.be\/fr\/wp-json\/wp\/v2\/product_brand?post=44983"},{"taxonomy":"product_cat","embeddable":true,"href":"https:\/\/gravelart.be\/fr\/wp-json\/wp\/v2\/product_cat?post=44983"},{"taxonomy":"product_tag","embeddable":true,"href":"https:\/\/gravelart.be\/fr\/wp-json\/wp\/v2\/product_tag?post=44983"}],"curies":[{"name":"wp","href":"https:\/\/api.w.org\/{rel}","templated":true}]}}