{"id":45687,"date":"2024-02-29T16:21:49","date_gmt":"2024-02-29T15:21:49","guid":{"rendered":"https:\/\/gravelart.be\/?post_type=product&#038;p=45687"},"modified":"2026-04-30T04:10:04","modified_gmt":"2026-04-30T02:10:04","slug":"clotures-en-chataignier-4-5-1m-x-5m","status":"publish","type":"product","link":"https:\/\/gravelart.be\/fr\/product\/clotures-en-chataignier-4-5-1m-x-5m\/","title":{"rendered":"Cl\u00f4tures en Ch\u00e2taignier 4\/5 1m x 5m"},"content":{"rendered":"","protected":false},"excerpt":{"rendered":"<p data-start=\"109\" data-end=\"406\">Enrichissez votre espace ext\u00e9rieur avec l\u2019\u00e9l\u00e9gance naturelle de nos <strong data-start=\"177\" data-end=\"204\">Cl\u00f4tures en Ch\u00e2taignier<\/strong>. Fabriqu\u00e9es en bois de ch\u00e2taignier fendu et durable, et assembl\u00e9es avec un double fil de fer galvanis\u00e9, ces cl\u00f4tures offrent une barri\u00e8re solide et authentique pour tout jardin ou am\u00e9nagement paysager.<\/p>\n<h3 data-start=\"408\" data-end=\"445\"><strong data-start=\"411\" data-end=\"445\">Caract\u00e9ristiques &amp; Avantages :<\/strong><\/h3>\n<p data-start=\"447\" data-end=\"822\"><strong data-start=\"447\" data-end=\"473\">Durabilit\u00e9 naturelle :<\/strong> r\u00e9alis\u00e9es en bois de ch\u00e2taignier robuste pour une longue dur\u00e9e de vie.<br data-start=\"544\" data-end=\"547\" \/><strong data-start=\"547\" data-end=\"570\">Options flexibles :<\/strong> disponibles en hauteurs de 1 m et 1,20 m, avec possibilit\u00e9s de dimensions sur demande.<br data-start=\"657\" data-end=\"660\" \/><strong data-start=\"660\" data-end=\"685\">Installation facile :<\/strong> montage rapide gr\u00e2ce \u00e0 leur structure autoportante.<br data-start=\"737\" data-end=\"740\" \/><strong data-start=\"740\" data-end=\"762\">Ensemble complet :<\/strong> poteaux et portillons assortis pour un ensemble harmonieux.<\/p>\n<h3 data-start=\"824\" data-end=\"877\"><strong data-start=\"827\" data-end=\"877\">Pourquoi choisir les Cl\u00f4tures en Ch\u00e2taignier ?<\/strong><\/h3>\n<p data-start=\"879\" data-end=\"1141\">Nos Cl\u00f4tures en Ch\u00e2taignier allient esth\u00e9tique et fonctionnalit\u00e9 \u2014 une solution id\u00e9ale pour ceux qui recherchent une option \u00e9cologique, naturelle et n\u00e9cessitant peu d\u2019entretien.<br data-start=\"1056\" data-end=\"1059\" \/>Choisissez Gravelart et apportez une touche de beaut\u00e9 intemporelle \u00e0 votre projet.<\/p>\n","protected":false},"featured_media":45693,"comment_status":"open","ping_status":"closed","template":"","meta":{"_acf_changed":false,"inline_featured_image":false},"product_brand":[],"product_cat":[5138],"product_tag":[],"class_list":{"0":"post-45687","1":"product","2":"type-product","3":"status-publish","4":"has-post-thumbnail","6":"product_cat-cloture","8":"first","9":"instock","10":"taxable","11":"shipping-taxable","12":"purchasable","13":"product-type-variable","14":"has-default-attributes"},"acf":{"woocommerce_erp_id":"17444","woocommerce_cnk_id":"103142","product_density":0,"custom_prices":[{"variation_id":"45689","customer_group":"PRO","customer_id":"","min_qty":1,"max_qty":9999999,"steps":1,"price":68.56,"price_incl":82.96,"delivery_group":"COLLECT","warehouse_id":""},{"variation_id":"45689","customer_group":"PRO","customer_id":"","min_qty":1,"max_qty":9999999,"steps":1,"price":68.56,"price_incl":82.96,"delivery_group":"DELIVERY","warehouse_id":""},{"variation_id":"45689","customer_group":"DISTRI","customer_id":"","min_qty":1,"max_qty":9999999,"steps":1,"price":68.56,"price_incl":82.96,"delivery_group":"COLLECT","warehouse_id":""},{"variation_id":"45689","customer_group":"DISTRI","customer_id":"","min_qty":1,"max_qty":9999999,"steps":1,"price":68.56,"price_incl":82.96,"delivery_group":"DELIVERY","warehouse_id":""},{"variation_id":"45689","customer_group":"CON","customer_id":"","min_qty":1,"max_qty":9999999,"steps":1,"price":91.41,"price_incl":110.61,"delivery_group":"DELIVERY","warehouse_id":""},{"variation_id":"45689","customer_group":"CON","customer_id":"","min_qty":1,"max_qty":9999999,"steps":1,"price":91.41,"price_incl":110.61,"delivery_group":"COLLECT","warehouse_id":""},{"variation_id":"45689","customer_group":"DISTRI","customer_id":"129214","min_qty":1,"max_qty":9999999,"steps":1,"price":64.01,"price_incl":77.45,"delivery_group":"COLLECT","warehouse_id":""},{"variation_id":"45689","customer_group":"DISTRI","customer_id":"129214","min_qty":1,"max_qty":9999999,"steps":1,"price":64.01,"price_incl":77.45,"delivery_group":"DELIVERY","warehouse_id":""}],"packaging_ids":[{"packaging_name":"Pi\u00e8ce","packaging_id":"73","erp_id":"17444"}]},"yoast_head":"<!-- This site is optimized with the Yoast SEO plugin v27.3 - https:\/\/yoast.com\/product\/yoast-seo-wordpress\/ -->\n<title>Cl\u00f4tures en Ch\u00e2taignier 4\/5 1m x 5m - Gravelart<\/title>\n<meta name=\"description\" content=\"Bestel Cl\u00f4tures en Ch\u00e2taignier 4\/5 1m x 5m voor jouw volgende tuinproject.\" \/>\n<meta name=\"robots\" content=\"index, follow, max-snippet:-1, max-image-preview:large, max-video-preview:-1\" \/>\n<link rel=\"canonical\" href=\"https:\/\/gravelart.be\/fr\/product\/clotures-en-chataignier-4-5-1m-x-5m\/\" \/>\n<meta property=\"og:locale\" content=\"fr_FR\" \/>\n<meta property=\"og:type\" content=\"article\" \/>\n<meta property=\"og:title\" content=\"Cl\u00f4tures en Ch\u00e2taignier 4\/5 1m x 5m - Gravelart\" \/>\n<meta property=\"og:description\" content=\"Bestel Cl\u00f4tures en Ch\u00e2taignier 4\/5 1m x 5m voor jouw volgende tuinproject.\" \/>\n<meta property=\"og:url\" content=\"https:\/\/gravelart.be\/fr\/product\/clotures-en-chataignier-4-5-1m-x-5m\/\" \/>\n<meta property=\"og:site_name\" content=\"Gravelart\" \/>\n<meta property=\"article:modified_time\" content=\"2026-04-30T02:10:04+00:00\" \/>\n<meta property=\"og:image\" content=\"https:\/\/gravelart.be\/wp-content\/uploads\/2024\/02\/c.100.305_kastanje_omheining.jpg\" \/>\n\t<meta property=\"og:image:width\" content=\"1598\" \/>\n\t<meta property=\"og:image:height\" content=\"1199\" \/>\n\t<meta property=\"og:image:type\" content=\"image\/jpeg\" \/>\n<meta name=\"twitter:card\" content=\"summary_large_image\" \/>\n<meta name=\"twitter:label1\" content=\"Dur\u00e9e de lecture estim\u00e9e\" \/>\n\t<meta name=\"twitter:data1\" content=\"1 minute\" \/>\n<script type=\"application\/ld+json\" class=\"yoast-schema-graph\">{\"@context\":\"https:\\\/\\\/schema.org\",\"@graph\":[{\"@type\":\"WebPage\",\"@id\":\"https:\\\/\\\/gravelart.be\\\/fr\\\/product\\\/clotures-en-chataignier-4-5-1m-x-5m\\\/\",\"url\":\"https:\\\/\\\/gravelart.be\\\/fr\\\/product\\\/clotures-en-chataignier-4-5-1m-x-5m\\\/\",\"name\":\"Cl\u00f4tures en Ch\u00e2taignier 4\\\/5 1m x 5m - Gravelart\",\"isPartOf\":{\"@id\":\"https:\\\/\\\/gravelart.be\\\/fr\\\/#website\"},\"primaryImageOfPage\":{\"@id\":\"https:\\\/\\\/gravelart.be\\\/fr\\\/product\\\/clotures-en-chataignier-4-5-1m-x-5m\\\/#primaryimage\"},\"image\":{\"@id\":\"https:\\\/\\\/gravelart.be\\\/fr\\\/product\\\/clotures-en-chataignier-4-5-1m-x-5m\\\/#primaryimage\"},\"thumbnailUrl\":\"https:\\\/\\\/gravelart.be\\\/wp-content\\\/uploads\\\/2024\\\/02\\\/c.100.305_kastanje_omheining.jpg\",\"datePublished\":\"2024-02-29T15:21:49+00:00\",\"dateModified\":\"2026-04-30T02:10:04+00:00\",\"description\":\"Bestel Cl\u00f4tures en Ch\u00e2taignier 4\\\/5 1m x 5m voor jouw volgende tuinproject.\",\"breadcrumb\":{\"@id\":\"https:\\\/\\\/gravelart.be\\\/fr\\\/product\\\/clotures-en-chataignier-4-5-1m-x-5m\\\/#breadcrumb\"},\"inLanguage\":\"fr-FR\",\"potentialAction\":[{\"@type\":\"ReadAction\",\"target\":[\"https:\\\/\\\/gravelart.be\\\/fr\\\/product\\\/clotures-en-chataignier-4-5-1m-x-5m\\\/\"]}]},{\"@type\":\"ImageObject\",\"inLanguage\":\"fr-FR\",\"@id\":\"https:\\\/\\\/gravelart.be\\\/fr\\\/product\\\/clotures-en-chataignier-4-5-1m-x-5m\\\/#primaryimage\",\"url\":\"https:\\\/\\\/gravelart.be\\\/wp-content\\\/uploads\\\/2024\\\/02\\\/c.100.305_kastanje_omheining.jpg\",\"contentUrl\":\"https:\\\/\\\/gravelart.be\\\/wp-content\\\/uploads\\\/2024\\\/02\\\/c.100.305_kastanje_omheining.jpg\",\"width\":1598,\"height\":1199,\"caption\":\"Kastanje omheining\"},{\"@type\":\"BreadcrumbList\",\"@id\":\"https:\\\/\\\/gravelart.be\\\/fr\\\/product\\\/clotures-en-chataignier-4-5-1m-x-5m\\\/#breadcrumb\",\"itemListElement\":[{\"@type\":\"ListItem\",\"position\":1,\"name\":\"Home\",\"item\":\"https:\\\/\\\/gravelart.be\\\/fr\\\/\"},{\"@type\":\"ListItem\",\"position\":2,\"name\":\"Produits\",\"item\":\"https:\\\/\\\/gravelart.be\\\/fr\\\/boutique\\\/\"},{\"@type\":\"ListItem\",\"position\":3,\"name\":\"Cl\u00f4tures en Ch\u00e2taignier 4\\\/5 1m x 5m\"}]},{\"@type\":\"WebSite\",\"@id\":\"https:\\\/\\\/gravelart.be\\\/fr\\\/#website\",\"url\":\"https:\\\/\\\/gravelart.be\\\/fr\\\/\",\"name\":\"Gravelart\",\"description\":\"Alles voor tuin en park\",\"publisher\":{\"@id\":\"https:\\\/\\\/gravelart.be\\\/fr\\\/#organization\"},\"potentialAction\":[{\"@type\":\"SearchAction\",\"target\":{\"@type\":\"EntryPoint\",\"urlTemplate\":\"https:\\\/\\\/gravelart.be\\\/fr\\\/?s={search_term_string}\"},\"query-input\":{\"@type\":\"PropertyValueSpecification\",\"valueRequired\":true,\"valueName\":\"search_term_string\"}}],\"inLanguage\":\"fr-FR\"},{\"@type\":\"Organization\",\"@id\":\"https:\\\/\\\/gravelart.be\\\/fr\\\/#organization\",\"name\":\"Gravelart\",\"url\":\"https:\\\/\\\/gravelart.be\\\/fr\\\/\",\"logo\":{\"@type\":\"ImageObject\",\"inLanguage\":\"fr-FR\",\"@id\":\"https:\\\/\\\/gravelart.be\\\/fr\\\/#\\\/schema\\\/logo\\\/image\\\/\",\"url\":\"https:\\\/\\\/gravelart.be\\\/wp-content\\\/uploads\\\/2022\\\/10\\\/logo-gravelart.png\",\"contentUrl\":\"https:\\\/\\\/gravelart.be\\\/wp-content\\\/uploads\\\/2022\\\/10\\\/logo-gravelart.png\",\"width\":348,\"height\":186,\"caption\":\"Gravelart\"},\"image\":{\"@id\":\"https:\\\/\\\/gravelart.be\\\/fr\\\/#\\\/schema\\\/logo\\\/image\\\/\"}}]}<\/script>\n<!-- \/ Yoast SEO plugin. -->","yoast_head_json":{"title":"Cl\u00f4tures en Ch\u00e2taignier 4\/5 1m x 5m - Gravelart","description":"Bestel Cl\u00f4tures en Ch\u00e2taignier 4\/5 1m x 5m voor jouw volgende tuinproject.","robots":{"index":"index","follow":"follow","max-snippet":"max-snippet:-1","max-image-preview":"max-image-preview:large","max-video-preview":"max-video-preview:-1"},"canonical":"https:\/\/gravelart.be\/fr\/product\/clotures-en-chataignier-4-5-1m-x-5m\/","og_locale":"fr_FR","og_type":"article","og_title":"Cl\u00f4tures en Ch\u00e2taignier 4\/5 1m x 5m - Gravelart","og_description":"Bestel Cl\u00f4tures en Ch\u00e2taignier 4\/5 1m x 5m voor jouw volgende tuinproject.","og_url":"https:\/\/gravelart.be\/fr\/product\/clotures-en-chataignier-4-5-1m-x-5m\/","og_site_name":"Gravelart","article_modified_time":"2026-04-30T02:10:04+00:00","og_image":[{"width":1598,"height":1199,"url":"https:\/\/gravelart.be\/wp-content\/uploads\/2024\/02\/c.100.305_kastanje_omheining.jpg","type":"image\/jpeg"}],"twitter_card":"summary_large_image","twitter_misc":{"Dur\u00e9e de lecture estim\u00e9e":"1 minute"},"schema":{"@context":"https:\/\/schema.org","@graph":[{"@type":"WebPage","@id":"https:\/\/gravelart.be\/fr\/product\/clotures-en-chataignier-4-5-1m-x-5m\/","url":"https:\/\/gravelart.be\/fr\/product\/clotures-en-chataignier-4-5-1m-x-5m\/","name":"Cl\u00f4tures en Ch\u00e2taignier 4\/5 1m x 5m - Gravelart","isPartOf":{"@id":"https:\/\/gravelart.be\/fr\/#website"},"primaryImageOfPage":{"@id":"https:\/\/gravelart.be\/fr\/product\/clotures-en-chataignier-4-5-1m-x-5m\/#primaryimage"},"image":{"@id":"https:\/\/gravelart.be\/fr\/product\/clotures-en-chataignier-4-5-1m-x-5m\/#primaryimage"},"thumbnailUrl":"https:\/\/gravelart.be\/wp-content\/uploads\/2024\/02\/c.100.305_kastanje_omheining.jpg","datePublished":"2024-02-29T15:21:49+00:00","dateModified":"2026-04-30T02:10:04+00:00","description":"Bestel Cl\u00f4tures en Ch\u00e2taignier 4\/5 1m x 5m voor jouw volgende tuinproject.","breadcrumb":{"@id":"https:\/\/gravelart.be\/fr\/product\/clotures-en-chataignier-4-5-1m-x-5m\/#breadcrumb"},"inLanguage":"fr-FR","potentialAction":[{"@type":"ReadAction","target":["https:\/\/gravelart.be\/fr\/product\/clotures-en-chataignier-4-5-1m-x-5m\/"]}]},{"@type":"ImageObject","inLanguage":"fr-FR","@id":"https:\/\/gravelart.be\/fr\/product\/clotures-en-chataignier-4-5-1m-x-5m\/#primaryimage","url":"https:\/\/gravelart.be\/wp-content\/uploads\/2024\/02\/c.100.305_kastanje_omheining.jpg","contentUrl":"https:\/\/gravelart.be\/wp-content\/uploads\/2024\/02\/c.100.305_kastanje_omheining.jpg","width":1598,"height":1199,"caption":"Kastanje omheining"},{"@type":"BreadcrumbList","@id":"https:\/\/gravelart.be\/fr\/product\/clotures-en-chataignier-4-5-1m-x-5m\/#breadcrumb","itemListElement":[{"@type":"ListItem","position":1,"name":"Home","item":"https:\/\/gravelart.be\/fr\/"},{"@type":"ListItem","position":2,"name":"Produits","item":"https:\/\/gravelart.be\/fr\/boutique\/"},{"@type":"ListItem","position":3,"name":"Cl\u00f4tures en Ch\u00e2taignier 4\/5 1m x 5m"}]},{"@type":"WebSite","@id":"https:\/\/gravelart.be\/fr\/#website","url":"https:\/\/gravelart.be\/fr\/","name":"Gravelart","description":"Alles voor tuin en park","publisher":{"@id":"https:\/\/gravelart.be\/fr\/#organization"},"potentialAction":[{"@type":"SearchAction","target":{"@type":"EntryPoint","urlTemplate":"https:\/\/gravelart.be\/fr\/?s={search_term_string}"},"query-input":{"@type":"PropertyValueSpecification","valueRequired":true,"valueName":"search_term_string"}}],"inLanguage":"fr-FR"},{"@type":"Organization","@id":"https:\/\/gravelart.be\/fr\/#organization","name":"Gravelart","url":"https:\/\/gravelart.be\/fr\/","logo":{"@type":"ImageObject","inLanguage":"fr-FR","@id":"https:\/\/gravelart.be\/fr\/#\/schema\/logo\/image\/","url":"https:\/\/gravelart.be\/wp-content\/uploads\/2022\/10\/logo-gravelart.png","contentUrl":"https:\/\/gravelart.be\/wp-content\/uploads\/2022\/10\/logo-gravelart.png","width":348,"height":186,"caption":"Gravelart"},"image":{"@id":"https:\/\/gravelart.be\/fr\/#\/schema\/logo\/image\/"}}]}},"_links":{"self":[{"href":"https:\/\/gravelart.be\/fr\/wp-json\/wp\/v2\/product\/45687","targetHints":{"allow":["GET"]}}],"collection":[{"href":"https:\/\/gravelart.be\/fr\/wp-json\/wp\/v2\/product"}],"about":[{"href":"https:\/\/gravelart.be\/fr\/wp-json\/wp\/v2\/types\/product"}],"replies":[{"embeddable":true,"href":"https:\/\/gravelart.be\/fr\/wp-json\/wp\/v2\/comments?post=45687"}],"wp:featuredmedia":[{"embeddable":true,"href":"https:\/\/gravelart.be\/fr\/wp-json\/wp\/v2\/media\/45693"}],"wp:attachment":[{"href":"https:\/\/gravelart.be\/fr\/wp-json\/wp\/v2\/media?parent=45687"}],"wp:term":[{"taxonomy":"product_brand","embeddable":true,"href":"https:\/\/gravelart.be\/fr\/wp-json\/wp\/v2\/product_brand?post=45687"},{"taxonomy":"product_cat","embeddable":true,"href":"https:\/\/gravelart.be\/fr\/wp-json\/wp\/v2\/product_cat?post=45687"},{"taxonomy":"product_tag","embeddable":true,"href":"https:\/\/gravelart.be\/fr\/wp-json\/wp\/v2\/product_tag?post=45687"}],"curies":[{"name":"wp","href":"https:\/\/api.w.org\/{rel}","templated":true}]}}