{"id":45862,"date":"2024-03-06T09:59:46","date_gmt":"2024-03-06T08:59:46","guid":{"rendered":"https:\/\/gravelart.be\/?post_type=product&#038;p=45862"},"modified":"2026-04-16T04:00:34","modified_gmt":"2026-04-16T02:00:34","slug":"ice-grey-6-10","status":"publish","type":"product","link":"https:\/\/gravelart.be\/fr\/product\/ice-grey-6-10\/","title":{"rendered":"Ice Grey 6\/10"},"content":{"rendered":"","protected":false},"excerpt":{"rendered":"<p>D\u00e9couvrez l\u2019\u00e9l\u00e9gance sereine de notre toute nouvelle r\u00e9f\u00e9rence : le <strong>gravier Ice Grey<\/strong>. Ce gravier raffin\u00e9, aux nuances bleu clair\/gris, d\u00e9gage une sensation de calme et de tranquillit\u00e9 et transforme chaque espace ext\u00e9rieur. Ice Grey incarne l\u2019\u00e9l\u00e9gance subtile, con\u00e7ue pour apporter une atmosph\u00e8re de paix et d\u2019harmonie \u00e0 tout am\u00e9nagement ext\u00e9rieur. <\/p>\n<p>La couleur unique du gravier Ice Grey offre un aspect frais et moderne qui s\u2019int\u00e8gre parfaitement \u00e0 diff\u00e9rents styles, du minimaliste au traditionnel. Id\u00e9al pour des all\u00e9es apaisantes, des terrasses pleines d\u2019ambiance et des bordures \u00e9l\u00e9gantes, le gravier Ice Grey cr\u00e9e une v\u00e9ritable oasis de s\u00e9r\u00e9nit\u00e9 dans votre projet paysager. <\/p>\n<p>&nbsp;<\/p>\n<p>&nbsp;<\/p>\n","protected":false},"featured_media":45878,"comment_status":"open","ping_status":"closed","template":"","meta":{"_acf_changed":false,"inline_featured_image":false},"product_brand":[],"product_cat":[4894,4154],"product_tag":[],"class_list":{"0":"post-45862","1":"product","2":"type-product","3":"status-publish","4":"has-post-thumbnail","6":"product_cat-gravier-stabilisateurs-de-gravier","7":"product_cat-gravier-decoratif","9":"first","10":"instock","11":"taxable","12":"shipping-taxable","13":"purchasable","14":"product-type-variable","15":"has-default-attributes"},"acf":{"woocommerce_erp_id":"17844","woocommerce_cnk_id":"103588","product_density":1.6,"custom_prices":[{"variation_id":"46624","customer_group":"PRO","customer_id":"","min_qty":0.5,"max_qty":9999999,"steps":0.01,"price":86.3,"price_incl":104.42,"delivery_group":"COLLECT","warehouse_id":""},{"variation_id":"46624","customer_group":"PRO","customer_id":"","min_qty":0.5,"max_qty":9999999,"steps":0.01,"price":86.3,"price_incl":104.42,"delivery_group":"DELIVERY","warehouse_id":""},{"variation_id":"46624","customer_group":"CON","customer_id":"","min_qty":0.5,"max_qty":9999999,"steps":0.01,"price":112.06,"price_incl":135.59,"delivery_group":"COLLECT","warehouse_id":""},{"variation_id":"46624","customer_group":"CON","customer_id":"","min_qty":0.5,"max_qty":9999999,"steps":0.01,"price":112.06,"price_incl":135.59,"delivery_group":"DELIVERY","warehouse_id":""},{"variation_id":"46624","customer_group":"DISTRI","customer_id":"129214","min_qty":0.5,"max_qty":9999999,"steps":0.01,"price":66.69,"price_incl":80.69,"delivery_group":"COLLECT","warehouse_id":""},{"variation_id":"46624","customer_group":"DISTRI","customer_id":"129214","min_qty":0.5,"max_qty":9999999,"steps":0.01,"price":66.69,"price_incl":80.69,"delivery_group":"DELIVERY","warehouse_id":""},{"variation_id":"46624","customer_group":"DISTRI","customer_id":"","min_qty":0.5,"max_qty":9999999,"steps":0.01,"price":76.56,"price_incl":92.64,"delivery_group":"COLLECT","warehouse_id":""},{"variation_id":"46624","customer_group":"DISTRI","customer_id":"","min_qty":0.5,"max_qty":9999999,"steps":0.01,"price":76.56,"price_incl":92.64,"delivery_group":"DELIVERY","warehouse_id":""},{"variation_id":"46624","customer_group":"PER","customer_id":"","min_qty":0.5,"max_qty":9999999,"steps":0.01,"price":62.23,"price_incl":75.3,"delivery_group":"COLLECT","warehouse_id":""},{"variation_id":"46624","customer_group":"PER","customer_id":"","min_qty":0.5,"max_qty":9999999,"steps":0.01,"price":62.23,"price_incl":75.3,"delivery_group":"DELIVERY","warehouse_id":""},{"variation_id":"46624","customer_group":"PRO","customer_id":"119741","min_qty":30,"max_qty":9999999,"steps":0.01,"price":70.16,"price_incl":84.89,"delivery_group":"COLLECT","warehouse_id":""},{"variation_id":"46624","customer_group":"PRO","customer_id":"119741","min_qty":30,"max_qty":9999999,"steps":0.01,"price":70.16,"price_incl":84.89,"delivery_group":"DELIVERY","warehouse_id":""},{"variation_id":"46624","customer_group":"PRO","customer_id":"119852","min_qty":0.5,"max_qty":9999999,"steps":0.01,"price":70.25,"price_incl":85,"delivery_group":"DELIVERY","warehouse_id":""},{"variation_id":"46623","customer_group":"PRO","customer_id":"","min_qty":1,"max_qty":9999999,"steps":1,"price":59.18,"price_incl":71.61,"delivery_group":"COLLECT","warehouse_id":""},{"variation_id":"46623","customer_group":"PRO","customer_id":"","min_qty":1,"max_qty":9999999,"steps":1,"price":59.18,"price_incl":71.61,"delivery_group":"DELIVERY","warehouse_id":""},{"variation_id":"46623","customer_group":"DISTRI","customer_id":"","min_qty":1,"max_qty":9999999,"steps":1,"price":54.31,"price_incl":65.72,"delivery_group":"COLLECT","warehouse_id":""},{"variation_id":"46623","customer_group":"DISTRI","customer_id":"","min_qty":1,"max_qty":9999999,"steps":1,"price":54.31,"price_incl":65.72,"delivery_group":"DELIVERY","warehouse_id":""},{"variation_id":"46623","customer_group":"CON","customer_id":"","min_qty":1,"max_qty":9999999,"steps":1,"price":76.72,"price_incl":92.83,"delivery_group":"COLLECT","warehouse_id":""},{"variation_id":"46623","customer_group":"CON","customer_id":"","min_qty":1,"max_qty":9999999,"steps":1,"price":76.72,"price_incl":92.83,"delivery_group":"DELIVERY","warehouse_id":""},{"variation_id":"46623","customer_group":"DISTRI","customer_id":"129214","min_qty":1,"max_qty":9999999,"steps":1,"price":49.38,"price_incl":59.75,"delivery_group":"COLLECT","warehouse_id":""},{"variation_id":"46623","customer_group":"DISTRI","customer_id":"129214","min_qty":1,"max_qty":9999999,"steps":1,"price":49.38,"price_incl":59.75,"delivery_group":"DELIVERY","warehouse_id":""},{"variation_id":"46623","customer_group":"PER","customer_id":"","min_qty":1,"max_qty":9999999,"steps":1,"price":47.14,"price_incl":57.04,"delivery_group":"COLLECT","warehouse_id":""},{"variation_id":"46623","customer_group":"PER","customer_id":"","min_qty":1,"max_qty":9999999,"steps":1,"price":47.14,"price_incl":57.04,"delivery_group":"DELIVERY","warehouse_id":""},{"variation_id":"46625","customer_group":"PRO","customer_id":"","min_qty":1,"max_qty":9999999,"steps":1,"price":97.35,"price_incl":117.79,"delivery_group":"COLLECT","warehouse_id":""},{"variation_id":"46625","customer_group":"PRO","customer_id":"","min_qty":1,"max_qty":9999999,"steps":1,"price":97.35,"price_incl":117.79,"delivery_group":"DELIVERY","warehouse_id":""},{"variation_id":"46625","customer_group":"DISTRI","customer_id":"","min_qty":1,"max_qty":9999999,"steps":1,"price":87.61,"price_incl":106.01,"delivery_group":"COLLECT","warehouse_id":""},{"variation_id":"46625","customer_group":"DISTRI","customer_id":"","min_qty":1,"max_qty":9999999,"steps":1,"price":87.61,"price_incl":106.01,"delivery_group":"DELIVERY","warehouse_id":""},{"variation_id":"46625","customer_group":"CON","customer_id":"","min_qty":1,"max_qty":9999999,"steps":1,"price":128.64,"price_incl":155.65,"delivery_group":"COLLECT","warehouse_id":""},{"variation_id":"46625","customer_group":"CON","customer_id":"","min_qty":1,"max_qty":9999999,"steps":1,"price":128.64,"price_incl":155.65,"delivery_group":"DELIVERY","warehouse_id":""},{"variation_id":"46625","customer_group":"DISTRI","customer_id":"129214","min_qty":1,"max_qty":9999999,"steps":1,"price":77.74,"price_incl":94.07,"delivery_group":"COLLECT","warehouse_id":""},{"variation_id":"46625","customer_group":"DISTRI","customer_id":"129214","min_qty":1,"max_qty":9999999,"steps":1,"price":77.74,"price_incl":94.07,"delivery_group":"DELIVERY","warehouse_id":""},{"variation_id":"46625","customer_group":"PER","customer_id":"","min_qty":1,"max_qty":9999999,"steps":1,"price":73.28,"price_incl":88.67,"delivery_group":"COLLECT","warehouse_id":""},{"variation_id":"46625","customer_group":"PER","customer_id":"","min_qty":1,"max_qty":9999999,"steps":1,"price":73.28,"price_incl":88.67,"delivery_group":"DELIVERY","warehouse_id":""},{"variation_id":"46626","customer_group":"PRO","customer_id":"","min_qty":1,"max_qty":9999999,"steps":1,"price":145.53,"price_incl":176.09,"delivery_group":"COLLECT","warehouse_id":""},{"variation_id":"46626","customer_group":"PRO","customer_id":"","min_qty":1,"max_qty":9999999,"steps":1,"price":145.53,"price_incl":176.09,"delivery_group":"DELIVERY","warehouse_id":""},{"variation_id":"46626","customer_group":"DISTRI","customer_id":"","min_qty":1,"max_qty":9999999,"steps":1,"price":130.92,"price_incl":158.41,"delivery_group":"COLLECT","warehouse_id":""},{"variation_id":"46626","customer_group":"DISTRI","customer_id":"","min_qty":1,"max_qty":9999999,"steps":1,"price":130.92,"price_incl":158.41,"delivery_group":"DELIVERY","warehouse_id":""},{"variation_id":"46626","customer_group":"CON","customer_id":"","min_qty":1,"max_qty":9999999,"steps":1,"price":188.83,"price_incl":228.48,"delivery_group":"COLLECT","warehouse_id":""},{"variation_id":"46626","customer_group":"CON","customer_id":"","min_qty":1,"max_qty":9999999,"steps":1,"price":188.83,"price_incl":228.48,"delivery_group":"DELIVERY","warehouse_id":""},{"variation_id":"46626","customer_group":"DISTRI","customer_id":"129214","min_qty":1,"max_qty":9999999,"steps":1,"price":116.12,"price_incl":140.51,"delivery_group":"COLLECT","warehouse_id":""},{"variation_id":"46626","customer_group":"DISTRI","customer_id":"129214","min_qty":1,"max_qty":9999999,"steps":1,"price":116.12,"price_incl":140.51,"delivery_group":"DELIVERY","warehouse_id":""},{"variation_id":"46626","customer_group":"PER","customer_id":"","min_qty":1,"max_qty":9999999,"steps":1,"price":109.42,"price_incl":132.4,"delivery_group":"COLLECT","warehouse_id":""},{"variation_id":"46626","customer_group":"PER","customer_id":"","min_qty":1,"max_qty":9999999,"steps":1,"price":109.42,"price_incl":132.4,"delivery_group":"DELIVERY","warehouse_id":""},{"variation_id":"46627","customer_group":"PRO","customer_id":"","min_qty":1,"max_qty":9999999,"steps":1,"price":3.36,"price_incl":4.07,"delivery_group":"COLLECT","warehouse_id":""},{"variation_id":"46627","customer_group":"PRO","customer_id":"","min_qty":1,"max_qty":9999999,"steps":1,"price":3.36,"price_incl":4.07,"delivery_group":"DELIVERY","warehouse_id":""},{"variation_id":"46627","customer_group":"DISTRI","customer_id":"","min_qty":1,"max_qty":9999999,"steps":1,"price":3.12,"price_incl":3.78,"delivery_group":"COLLECT","warehouse_id":""},{"variation_id":"46627","customer_group":"DISTRI","customer_id":"","min_qty":1,"max_qty":9999999,"steps":1,"price":3.12,"price_incl":3.78,"delivery_group":"DELIVERY","warehouse_id":""},{"variation_id":"46627","customer_group":"CON","customer_id":"","min_qty":1,"max_qty":9999999,"steps":1,"price":4.81,"price_incl":5.82,"delivery_group":"COLLECT","warehouse_id":""},{"variation_id":"46627","customer_group":"CON","customer_id":"","min_qty":1,"max_qty":9999999,"steps":1,"price":4.81,"price_incl":5.82,"delivery_group":"DELIVERY","warehouse_id":""},{"variation_id":"46627","customer_group":"DISTRI","customer_id":"129214","min_qty":1,"max_qty":9999999,"steps":1,"price":2.87,"price_incl":3.47,"delivery_group":"COLLECT","warehouse_id":""},{"variation_id":"46627","customer_group":"DISTRI","customer_id":"129214","min_qty":1,"max_qty":9999999,"steps":1,"price":2.87,"price_incl":3.47,"delivery_group":"DELIVERY","warehouse_id":""},{"variation_id":"46627","customer_group":"PER","customer_id":"","min_qty":1,"max_qty":9999999,"steps":1,"price":2.76,"price_incl":3.34,"delivery_group":"COLLECT","warehouse_id":""},{"variation_id":"46627","customer_group":"PER","customer_id":"","min_qty":1,"max_qty":9999999,"steps":1,"price":2.76,"price_incl":3.34,"delivery_group":"DELIVERY","warehouse_id":""}],"packaging_ids":[{"packaging_name":"En vrac","packaging_id":"74","erp_id":"17844"},{"packaging_name":"Big bag 500 kg","packaging_id":"75","erp_id":"17929"},{"packaging_name":"Big bag 1000 kg","packaging_id":"76","erp_id":"17930"},{"packaging_name":"Big bag 1500 kg","packaging_id":"77","erp_id":"17931"},{"packaging_name":"Sacs","packaging_id":"95","erp_id":"17933"}]},"yoast_head":"<!-- This site is optimized with the Yoast SEO plugin v27.3 - https:\/\/yoast.com\/product\/yoast-seo-wordpress\/ -->\n<title>Ice Grey 6\/10 - Gravelart<\/title>\n<meta name=\"description\" content=\"Ice Grey 6\/10 D\u00e9gage une sensation de calme et de s\u00e9r\u00e9nit\u00e9 gr\u00e2ce \u00e0 ses nuances bleu clair et grises. Un gravier raffin\u00e9 qui apporte harmonie \u00e0 chaque espace ext\u00e9rieur.\" \/>\n<meta name=\"robots\" content=\"index, follow, max-snippet:-1, max-image-preview:large, max-video-preview:-1\" \/>\n<link rel=\"canonical\" href=\"https:\/\/gravelart.be\/fr\/product\/ice-grey-6-10\/\" \/>\n<meta property=\"og:locale\" content=\"fr_FR\" \/>\n<meta property=\"og:type\" content=\"article\" \/>\n<meta property=\"og:title\" content=\"Ice Grey 6\/10 - Gravelart\" \/>\n<meta property=\"og:description\" content=\"Ice Grey 6\/10 D\u00e9gage une sensation de calme et de s\u00e9r\u00e9nit\u00e9 gr\u00e2ce \u00e0 ses nuances bleu clair et grises. Un gravier raffin\u00e9 qui apporte harmonie \u00e0 chaque espace ext\u00e9rieur.\" \/>\n<meta property=\"og:url\" content=\"https:\/\/gravelart.be\/fr\/product\/ice-grey-6-10\/\" \/>\n<meta property=\"og:site_name\" content=\"Gravelart\" \/>\n<meta property=\"article:modified_time\" content=\"2026-04-16T02:00:34+00:00\" \/>\n<meta property=\"og:image\" content=\"https:\/\/gravelart.be\/wp-content\/uploads\/2024\/03\/Staal-7-Droog-scaled-e1758008305819.jpg\" \/>\n\t<meta property=\"og:image:width\" content=\"1442\" \/>\n\t<meta property=\"og:image:height\" content=\"2560\" \/>\n\t<meta property=\"og:image:type\" content=\"image\/jpeg\" \/>\n<meta name=\"twitter:card\" content=\"summary_large_image\" \/>\n<meta name=\"twitter:label1\" content=\"Dur\u00e9e de lecture estim\u00e9e\" \/>\n\t<meta name=\"twitter:data1\" content=\"1 minute\" \/>\n<script type=\"application\/ld+json\" class=\"yoast-schema-graph\">{\"@context\":\"https:\\\/\\\/schema.org\",\"@graph\":[{\"@type\":\"WebPage\",\"@id\":\"https:\\\/\\\/gravelart.be\\\/fr\\\/product\\\/ice-grey-6-10\\\/\",\"url\":\"https:\\\/\\\/gravelart.be\\\/fr\\\/product\\\/ice-grey-6-10\\\/\",\"name\":\"Ice Grey 6\\\/10 - Gravelart\",\"isPartOf\":{\"@id\":\"https:\\\/\\\/gravelart.be\\\/fr\\\/#website\"},\"primaryImageOfPage\":{\"@id\":\"https:\\\/\\\/gravelart.be\\\/fr\\\/product\\\/ice-grey-6-10\\\/#primaryimage\"},\"image\":{\"@id\":\"https:\\\/\\\/gravelart.be\\\/fr\\\/product\\\/ice-grey-6-10\\\/#primaryimage\"},\"thumbnailUrl\":\"https:\\\/\\\/gravelart.be\\\/wp-content\\\/uploads\\\/2024\\\/03\\\/Staal-7-Droog-scaled-e1758008305819.jpg\",\"datePublished\":\"2024-03-06T08:59:46+00:00\",\"dateModified\":\"2026-04-16T02:00:34+00:00\",\"description\":\"Ice Grey 6\\\/10 D\u00e9gage une sensation de calme et de s\u00e9r\u00e9nit\u00e9 gr\u00e2ce \u00e0 ses nuances bleu clair et grises. Un gravier raffin\u00e9 qui apporte harmonie \u00e0 chaque espace ext\u00e9rieur.\",\"breadcrumb\":{\"@id\":\"https:\\\/\\\/gravelart.be\\\/fr\\\/product\\\/ice-grey-6-10\\\/#breadcrumb\"},\"inLanguage\":\"fr-FR\",\"potentialAction\":[{\"@type\":\"ReadAction\",\"target\":[\"https:\\\/\\\/gravelart.be\\\/fr\\\/product\\\/ice-grey-6-10\\\/\"]}]},{\"@type\":\"ImageObject\",\"inLanguage\":\"fr-FR\",\"@id\":\"https:\\\/\\\/gravelart.be\\\/fr\\\/product\\\/ice-grey-6-10\\\/#primaryimage\",\"url\":\"https:\\\/\\\/gravelart.be\\\/wp-content\\\/uploads\\\/2024\\\/03\\\/Staal-7-Droog-scaled-e1758008305819.jpg\",\"contentUrl\":\"https:\\\/\\\/gravelart.be\\\/wp-content\\\/uploads\\\/2024\\\/03\\\/Staal-7-Droog-scaled-e1758008305819.jpg\",\"width\":1442,\"height\":2560,\"caption\":\"Ice grey gravier\"},{\"@type\":\"BreadcrumbList\",\"@id\":\"https:\\\/\\\/gravelart.be\\\/fr\\\/product\\\/ice-grey-6-10\\\/#breadcrumb\",\"itemListElement\":[{\"@type\":\"ListItem\",\"position\":1,\"name\":\"Home\",\"item\":\"https:\\\/\\\/gravelart.be\\\/fr\\\/\"},{\"@type\":\"ListItem\",\"position\":2,\"name\":\"Produits\",\"item\":\"https:\\\/\\\/gravelart.be\\\/fr\\\/boutique\\\/\"},{\"@type\":\"ListItem\",\"position\":3,\"name\":\"Ice Grey 6\\\/10\"}]},{\"@type\":\"WebSite\",\"@id\":\"https:\\\/\\\/gravelart.be\\\/fr\\\/#website\",\"url\":\"https:\\\/\\\/gravelart.be\\\/fr\\\/\",\"name\":\"Gravelart\",\"description\":\"Alles voor tuin en park\",\"publisher\":{\"@id\":\"https:\\\/\\\/gravelart.be\\\/fr\\\/#organization\"},\"potentialAction\":[{\"@type\":\"SearchAction\",\"target\":{\"@type\":\"EntryPoint\",\"urlTemplate\":\"https:\\\/\\\/gravelart.be\\\/fr\\\/?s={search_term_string}\"},\"query-input\":{\"@type\":\"PropertyValueSpecification\",\"valueRequired\":true,\"valueName\":\"search_term_string\"}}],\"inLanguage\":\"fr-FR\"},{\"@type\":\"Organization\",\"@id\":\"https:\\\/\\\/gravelart.be\\\/fr\\\/#organization\",\"name\":\"Gravelart\",\"url\":\"https:\\\/\\\/gravelart.be\\\/fr\\\/\",\"logo\":{\"@type\":\"ImageObject\",\"inLanguage\":\"fr-FR\",\"@id\":\"https:\\\/\\\/gravelart.be\\\/fr\\\/#\\\/schema\\\/logo\\\/image\\\/\",\"url\":\"https:\\\/\\\/gravelart.be\\\/wp-content\\\/uploads\\\/2022\\\/10\\\/logo-gravelart.png\",\"contentUrl\":\"https:\\\/\\\/gravelart.be\\\/wp-content\\\/uploads\\\/2022\\\/10\\\/logo-gravelart.png\",\"width\":348,\"height\":186,\"caption\":\"Gravelart\"},\"image\":{\"@id\":\"https:\\\/\\\/gravelart.be\\\/fr\\\/#\\\/schema\\\/logo\\\/image\\\/\"}}]}<\/script>\n<!-- \/ Yoast SEO plugin. -->","yoast_head_json":{"title":"Ice Grey 6\/10 - Gravelart","description":"Ice Grey 6\/10 D\u00e9gage une sensation de calme et de s\u00e9r\u00e9nit\u00e9 gr\u00e2ce \u00e0 ses nuances bleu clair et grises. Un gravier raffin\u00e9 qui apporte harmonie \u00e0 chaque espace ext\u00e9rieur.","robots":{"index":"index","follow":"follow","max-snippet":"max-snippet:-1","max-image-preview":"max-image-preview:large","max-video-preview":"max-video-preview:-1"},"canonical":"https:\/\/gravelart.be\/fr\/product\/ice-grey-6-10\/","og_locale":"fr_FR","og_type":"article","og_title":"Ice Grey 6\/10 - Gravelart","og_description":"Ice Grey 6\/10 D\u00e9gage une sensation de calme et de s\u00e9r\u00e9nit\u00e9 gr\u00e2ce \u00e0 ses nuances bleu clair et grises. Un gravier raffin\u00e9 qui apporte harmonie \u00e0 chaque espace ext\u00e9rieur.","og_url":"https:\/\/gravelart.be\/fr\/product\/ice-grey-6-10\/","og_site_name":"Gravelart","article_modified_time":"2026-04-16T02:00:34+00:00","og_image":[{"width":1442,"height":2560,"url":"https:\/\/gravelart.be\/wp-content\/uploads\/2024\/03\/Staal-7-Droog-scaled-e1758008305819.jpg","type":"image\/jpeg"}],"twitter_card":"summary_large_image","twitter_misc":{"Dur\u00e9e de lecture estim\u00e9e":"1 minute"},"schema":{"@context":"https:\/\/schema.org","@graph":[{"@type":"WebPage","@id":"https:\/\/gravelart.be\/fr\/product\/ice-grey-6-10\/","url":"https:\/\/gravelart.be\/fr\/product\/ice-grey-6-10\/","name":"Ice Grey 6\/10 - Gravelart","isPartOf":{"@id":"https:\/\/gravelart.be\/fr\/#website"},"primaryImageOfPage":{"@id":"https:\/\/gravelart.be\/fr\/product\/ice-grey-6-10\/#primaryimage"},"image":{"@id":"https:\/\/gravelart.be\/fr\/product\/ice-grey-6-10\/#primaryimage"},"thumbnailUrl":"https:\/\/gravelart.be\/wp-content\/uploads\/2024\/03\/Staal-7-Droog-scaled-e1758008305819.jpg","datePublished":"2024-03-06T08:59:46+00:00","dateModified":"2026-04-16T02:00:34+00:00","description":"Ice Grey 6\/10 D\u00e9gage une sensation de calme et de s\u00e9r\u00e9nit\u00e9 gr\u00e2ce \u00e0 ses nuances bleu clair et grises. Un gravier raffin\u00e9 qui apporte harmonie \u00e0 chaque espace ext\u00e9rieur.","breadcrumb":{"@id":"https:\/\/gravelart.be\/fr\/product\/ice-grey-6-10\/#breadcrumb"},"inLanguage":"fr-FR","potentialAction":[{"@type":"ReadAction","target":["https:\/\/gravelart.be\/fr\/product\/ice-grey-6-10\/"]}]},{"@type":"ImageObject","inLanguage":"fr-FR","@id":"https:\/\/gravelart.be\/fr\/product\/ice-grey-6-10\/#primaryimage","url":"https:\/\/gravelart.be\/wp-content\/uploads\/2024\/03\/Staal-7-Droog-scaled-e1758008305819.jpg","contentUrl":"https:\/\/gravelart.be\/wp-content\/uploads\/2024\/03\/Staal-7-Droog-scaled-e1758008305819.jpg","width":1442,"height":2560,"caption":"Ice grey gravier"},{"@type":"BreadcrumbList","@id":"https:\/\/gravelart.be\/fr\/product\/ice-grey-6-10\/#breadcrumb","itemListElement":[{"@type":"ListItem","position":1,"name":"Home","item":"https:\/\/gravelart.be\/fr\/"},{"@type":"ListItem","position":2,"name":"Produits","item":"https:\/\/gravelart.be\/fr\/boutique\/"},{"@type":"ListItem","position":3,"name":"Ice Grey 6\/10"}]},{"@type":"WebSite","@id":"https:\/\/gravelart.be\/fr\/#website","url":"https:\/\/gravelart.be\/fr\/","name":"Gravelart","description":"Alles voor tuin en park","publisher":{"@id":"https:\/\/gravelart.be\/fr\/#organization"},"potentialAction":[{"@type":"SearchAction","target":{"@type":"EntryPoint","urlTemplate":"https:\/\/gravelart.be\/fr\/?s={search_term_string}"},"query-input":{"@type":"PropertyValueSpecification","valueRequired":true,"valueName":"search_term_string"}}],"inLanguage":"fr-FR"},{"@type":"Organization","@id":"https:\/\/gravelart.be\/fr\/#organization","name":"Gravelart","url":"https:\/\/gravelart.be\/fr\/","logo":{"@type":"ImageObject","inLanguage":"fr-FR","@id":"https:\/\/gravelart.be\/fr\/#\/schema\/logo\/image\/","url":"https:\/\/gravelart.be\/wp-content\/uploads\/2022\/10\/logo-gravelart.png","contentUrl":"https:\/\/gravelart.be\/wp-content\/uploads\/2022\/10\/logo-gravelart.png","width":348,"height":186,"caption":"Gravelart"},"image":{"@id":"https:\/\/gravelart.be\/fr\/#\/schema\/logo\/image\/"}}]}},"_links":{"self":[{"href":"https:\/\/gravelart.be\/fr\/wp-json\/wp\/v2\/product\/45862","targetHints":{"allow":["GET"]}}],"collection":[{"href":"https:\/\/gravelart.be\/fr\/wp-json\/wp\/v2\/product"}],"about":[{"href":"https:\/\/gravelart.be\/fr\/wp-json\/wp\/v2\/types\/product"}],"replies":[{"embeddable":true,"href":"https:\/\/gravelart.be\/fr\/wp-json\/wp\/v2\/comments?post=45862"}],"wp:featuredmedia":[{"embeddable":true,"href":"https:\/\/gravelart.be\/fr\/wp-json\/wp\/v2\/media\/45878"}],"wp:attachment":[{"href":"https:\/\/gravelart.be\/fr\/wp-json\/wp\/v2\/media?parent=45862"}],"wp:term":[{"taxonomy":"product_brand","embeddable":true,"href":"https:\/\/gravelart.be\/fr\/wp-json\/wp\/v2\/product_brand?post=45862"},{"taxonomy":"product_cat","embeddable":true,"href":"https:\/\/gravelart.be\/fr\/wp-json\/wp\/v2\/product_cat?post=45862"},{"taxonomy":"product_tag","embeddable":true,"href":"https:\/\/gravelart.be\/fr\/wp-json\/wp\/v2\/product_tag?post=45862"}],"curies":[{"name":"wp","href":"https:\/\/api.w.org\/{rel}","templated":true}]}}