{"id":45870,"date":"2024-03-06T10:24:52","date_gmt":"2024-03-06T09:24:52","guid":{"rendered":"https:\/\/gravelart.be\/?post_type=product&#038;p=45870"},"modified":"2026-04-17T04:00:32","modified_gmt":"2026-04-17T02:00:32","slug":"__trashed-2","status":"publish","type":"product","link":"https:\/\/gravelart.be\/fr\/product\/__trashed-2\/","title":{"rendered":"Ombra 6\/10"},"content":{"rendered":"","protected":false},"excerpt":{"rendered":"<p>Ombra n\u2019est pas un simple gravier ; c\u2019est une v\u00e9ritable \u0153uvre d\u2019art aux nuances vibrantes qui donne vie \u00e0 chaque espace ext\u00e9rieur. Sous la pluie, Ombra r\u00e9v\u00e8le un magnifique spectre de couleurs intenses, allant du rouge profond \u00e0 l\u2019orange \u00e9clatant et au blanc lumineux. <\/p>\n<p>Gr\u00e2ce \u00e0 cette capacit\u00e9 unique \u00e0 changer d\u2019apparence, Ombra apporte une dimension suppl\u00e9mentaire aux jardins et aux projets paysagers. Il offre une exp\u00e9rience dynamique et \u00e9volutive qui s\u2019adapte aux conditions m\u00e9t\u00e9orologiques, faisant de chaque espace ext\u00e9rieur une nouvelle d\u00e9couverte.<br \/>Cela fait d\u2019Ombra le choix id\u00e9al pour tous ceux qui recherchent quelque chose de particulier et d\u2019unique pour leur projet de jardin, leur terrasse ou leurs all\u00e9es.  <\/p>\n","protected":false},"featured_media":45886,"comment_status":"open","ping_status":"closed","template":"","meta":{"_acf_changed":false,"inline_featured_image":false},"product_brand":[],"product_cat":[4894,4154],"product_tag":[],"class_list":{"0":"post-45870","1":"product","2":"type-product","3":"status-publish","4":"has-post-thumbnail","6":"product_cat-gravier-stabilisateurs-de-gravier","7":"product_cat-gravier-decoratif","9":"first","10":"instock","11":"taxable","12":"shipping-taxable","13":"purchasable","14":"product-type-variable","15":"has-default-attributes"},"acf":{"woocommerce_erp_id":"17843","woocommerce_cnk_id":"103587","product_density":1.6,"custom_prices":[{"variation_id":"46619","customer_group":"PRO","customer_id":"","min_qty":0.5,"max_qty":9999999,"steps":0.01,"price":132.88,"price_incl":160.78,"delivery_group":"COLLECT","warehouse_id":""},{"variation_id":"46619","customer_group":"PRO","customer_id":"","min_qty":0.5,"max_qty":9999999,"steps":0.01,"price":132.88,"price_incl":160.78,"delivery_group":"DELIVERY","warehouse_id":""},{"variation_id":"46619","customer_group":"DISTRI","customer_id":"","min_qty":0.5,"max_qty":9999999,"steps":0.01,"price":118.13,"price_incl":142.94,"delivery_group":"COLLECT","warehouse_id":""},{"variation_id":"46619","customer_group":"DISTRI","customer_id":"","min_qty":0.5,"max_qty":9999999,"steps":0.01,"price":118.13,"price_incl":142.94,"delivery_group":"DELIVERY","warehouse_id":""},{"variation_id":"46619","customer_group":"CON","customer_id":"","min_qty":0.5,"max_qty":9999999,"steps":0.01,"price":172.62,"price_incl":208.87,"delivery_group":"COLLECT","warehouse_id":""},{"variation_id":"46619","customer_group":"CON","customer_id":"","min_qty":0.5,"max_qty":9999999,"steps":0.01,"price":172.62,"price_incl":208.87,"delivery_group":"DELIVERY","warehouse_id":""},{"variation_id":"46619","customer_group":"DISTRI","customer_id":"129214","min_qty":0.5,"max_qty":9999999,"steps":0.01,"price":102.17,"price_incl":123.63,"delivery_group":"COLLECT","warehouse_id":""},{"variation_id":"46619","customer_group":"DISTRI","customer_id":"129214","min_qty":0.5,"max_qty":9999999,"steps":0.01,"price":102.17,"price_incl":123.63,"delivery_group":"DELIVERY","warehouse_id":""},{"variation_id":"46619","customer_group":"PER","customer_id":"","min_qty":0.5,"max_qty":9999999,"steps":0.01,"price":94.92,"price_incl":114.85,"delivery_group":"COLLECT","warehouse_id":""},{"variation_id":"46619","customer_group":"PER","customer_id":"","min_qty":0.5,"max_qty":9999999,"steps":0.01,"price":94.92,"price_incl":114.85,"delivery_group":"DELIVERY","warehouse_id":""},{"variation_id":"46619","customer_group":"PRO","customer_id":"119741","min_qty":27,"max_qty":9999999,"steps":0.01,"price":110.99,"price_incl":134.3,"delivery_group":"DELIVERY","warehouse_id":""},{"variation_id":"46619","customer_group":"PRO","customer_id":"119741","min_qty":27,"max_qty":9999999,"steps":0.01,"price":110.99,"price_incl":134.3,"delivery_group":"COLLECT","warehouse_id":""},{"variation_id":"46619","customer_group":"PRO","customer_id":"119852","min_qty":0.5,"max_qty":9999999,"steps":0.01,"price":111,"price_incl":134.31,"delivery_group":"DELIVERY","warehouse_id":""},{"variation_id":"46618","customer_group":"PRO","customer_id":"","min_qty":1,"max_qty":9999999,"steps":1,"price":82.47,"price_incl":99.79,"delivery_group":"COLLECT","warehouse_id":""},{"variation_id":"46618","customer_group":"PRO","customer_id":"","min_qty":1,"max_qty":9999999,"steps":1,"price":82.47,"price_incl":99.79,"delivery_group":"DELIVERY","warehouse_id":""},{"variation_id":"46618","customer_group":"DISTRI","customer_id":"","min_qty":1,"max_qty":9999999,"steps":1,"price":75.1,"price_incl":90.87,"delivery_group":"COLLECT","warehouse_id":""},{"variation_id":"46618","customer_group":"DISTRI","customer_id":"","min_qty":1,"max_qty":9999999,"steps":1,"price":75.1,"price_incl":90.87,"delivery_group":"COLLECT","warehouse_id":""},{"variation_id":"46618","customer_group":"DISTRI","customer_id":"","min_qty":1,"max_qty":9999999,"steps":1,"price":75.1,"price_incl":90.87,"delivery_group":"DELIVERY","warehouse_id":""},{"variation_id":"46618","customer_group":"CON","customer_id":"","min_qty":1,"max_qty":9999999,"steps":1,"price":107,"price_incl":129.47,"delivery_group":"COLLECT","warehouse_id":""},{"variation_id":"46618","customer_group":"CON","customer_id":"","min_qty":1,"max_qty":9999999,"steps":1,"price":107,"price_incl":129.47,"delivery_group":"DELIVERY","warehouse_id":""},{"variation_id":"46618","customer_group":"DISTRI","customer_id":"129214","min_qty":1,"max_qty":9999999,"steps":1,"price":67.12,"price_incl":81.22,"delivery_group":"COLLECT","warehouse_id":""},{"variation_id":"46618","customer_group":"DISTRI","customer_id":"129214","min_qty":1,"max_qty":9999999,"steps":1,"price":67.12,"price_incl":81.22,"delivery_group":"DELIVERY","warehouse_id":""},{"variation_id":"46618","customer_group":"PER","customer_id":"","min_qty":1,"max_qty":9999999,"steps":1,"price":63.49,"price_incl":76.82,"delivery_group":"COLLECT","warehouse_id":""},{"variation_id":"46618","customer_group":"PER","customer_id":"","min_qty":1,"max_qty":9999999,"steps":1,"price":63.49,"price_incl":76.82,"delivery_group":"DELIVERY","warehouse_id":""},{"variation_id":"46620","customer_group":"PRO","customer_id":"","min_qty":1,"max_qty":9999999,"steps":1,"price":148.93,"price_incl":180.21,"delivery_group":"COLLECT","warehouse_id":""},{"variation_id":"46620","customer_group":"PRO","customer_id":"","min_qty":1,"max_qty":9999999,"steps":1,"price":148.93,"price_incl":180.21,"delivery_group":"DELIVERY","warehouse_id":""},{"variation_id":"46620","customer_group":"PRO","customer_id":"","min_qty":1,"max_qty":9999999,"steps":1,"price":148.93,"price_incl":180.21,"delivery_group":"DELIVERY","warehouse_id":""},{"variation_id":"46620","customer_group":"DISTRI","customer_id":"","min_qty":1,"max_qty":9999999,"steps":1,"price":134.18,"price_incl":162.36,"delivery_group":"COLLECT","warehouse_id":""},{"variation_id":"46620","customer_group":"DISTRI","customer_id":"","min_qty":1,"max_qty":9999999,"steps":1,"price":134.18,"price_incl":162.36,"delivery_group":"COLLECT","warehouse_id":""},{"variation_id":"46620","customer_group":"DISTRI","customer_id":"","min_qty":1,"max_qty":9999999,"steps":1,"price":134.18,"price_incl":162.36,"delivery_group":"DELIVERY","warehouse_id":""},{"variation_id":"46620","customer_group":"CON","customer_id":"","min_qty":1,"max_qty":9999999,"steps":1,"price":193.33,"price_incl":233.93,"delivery_group":"COLLECT","warehouse_id":""},{"variation_id":"46620","customer_group":"CON","customer_id":"","min_qty":1,"max_qty":9999999,"steps":1,"price":193.33,"price_incl":233.93,"delivery_group":"DELIVERY","warehouse_id":""},{"variation_id":"46620","customer_group":"CON","customer_id":"","min_qty":1,"max_qty":9999999,"steps":1,"price":193.33,"price_incl":233.93,"delivery_group":"DELIVERY","warehouse_id":""},{"variation_id":"46620","customer_group":"DISTRI","customer_id":"129214","min_qty":1,"max_qty":9999999,"steps":1,"price":118.22,"price_incl":143.05,"delivery_group":"COLLECT","warehouse_id":""},{"variation_id":"46620","customer_group":"DISTRI","customer_id":"129214","min_qty":1,"max_qty":9999999,"steps":1,"price":118.22,"price_incl":143.05,"delivery_group":"DELIVERY","warehouse_id":""},{"variation_id":"46620","customer_group":"DISTRI","customer_id":"129214","min_qty":1,"max_qty":9999999,"steps":1,"price":118.22,"price_incl":143.05,"delivery_group":"DELIVERY","warehouse_id":""},{"variation_id":"46620","customer_group":"PER","customer_id":"","min_qty":1,"max_qty":9999999,"steps":1,"price":110.97,"price_incl":134.27,"delivery_group":"COLLECT","warehouse_id":""},{"variation_id":"46620","customer_group":"PER","customer_id":"","min_qty":1,"max_qty":9999999,"steps":1,"price":110.97,"price_incl":134.27,"delivery_group":"COLLECT","warehouse_id":""},{"variation_id":"46620","customer_group":"PER","customer_id":"","min_qty":1,"max_qty":9999999,"steps":1,"price":110.97,"price_incl":134.27,"delivery_group":"DELIVERY","warehouse_id":""},{"variation_id":"46621","customer_group":"PRO","customer_id":"","min_qty":1,"max_qty":9999999,"steps":1,"price":215.41,"price_incl":260.65,"delivery_group":"COLLECT","warehouse_id":""},{"variation_id":"46621","customer_group":"PRO","customer_id":"","min_qty":1,"max_qty":9999999,"steps":1,"price":215.41,"price_incl":260.65,"delivery_group":"DELIVERY","warehouse_id":""},{"variation_id":"46621","customer_group":"DISTRI","customer_id":"","min_qty":1,"max_qty":9999999,"steps":1,"price":193.28,"price_incl":233.87,"delivery_group":"COLLECT","warehouse_id":""},{"variation_id":"46621","customer_group":"DISTRI","customer_id":"","min_qty":1,"max_qty":9999999,"steps":1,"price":193.28,"price_incl":233.87,"delivery_group":"COLLECT","warehouse_id":""},{"variation_id":"46621","customer_group":"DISTRI","customer_id":"","min_qty":1,"max_qty":9999999,"steps":1,"price":193.28,"price_incl":233.87,"delivery_group":"DELIVERY","warehouse_id":""},{"variation_id":"46621","customer_group":"DISTRI","customer_id":"","min_qty":1,"max_qty":9999999,"steps":1,"price":193.28,"price_incl":233.87,"delivery_group":"DELIVERY","warehouse_id":""},{"variation_id":"46621","customer_group":"CON","customer_id":"","min_qty":1,"max_qty":9999999,"steps":1,"price":279.67,"price_incl":338.4,"delivery_group":"COLLECT","warehouse_id":""},{"variation_id":"46621","customer_group":"CON","customer_id":"","min_qty":1,"max_qty":9999999,"steps":1,"price":279.67,"price_incl":338.4,"delivery_group":"DELIVERY","warehouse_id":""},{"variation_id":"46621","customer_group":"CON","customer_id":"","min_qty":1,"max_qty":9999999,"steps":1,"price":279.67,"price_incl":338.4,"delivery_group":"DELIVERY","warehouse_id":""},{"variation_id":"46621","customer_group":"DISTRI","customer_id":"129214","min_qty":1,"max_qty":9999999,"steps":1,"price":169.34,"price_incl":204.9,"delivery_group":"COLLECT","warehouse_id":""},{"variation_id":"46621","customer_group":"DISTRI","customer_id":"129214","min_qty":1,"max_qty":9999999,"steps":1,"price":169.34,"price_incl":204.9,"delivery_group":"DELIVERY","warehouse_id":""},{"variation_id":"46621","customer_group":"DISTRI","customer_id":"129214","min_qty":1,"max_qty":9999999,"steps":1,"price":169.34,"price_incl":204.9,"delivery_group":"DELIVERY","warehouse_id":""},{"variation_id":"46621","customer_group":"PER","customer_id":"","min_qty":1,"max_qty":9999999,"steps":1,"price":158.46,"price_incl":191.74,"delivery_group":"COLLECT","warehouse_id":""},{"variation_id":"46621","customer_group":"PER","customer_id":"","min_qty":1,"max_qty":9999999,"steps":1,"price":158.46,"price_incl":191.74,"delivery_group":"COLLECT","warehouse_id":""},{"variation_id":"46621","customer_group":"PER","customer_id":"","min_qty":1,"max_qty":9999999,"steps":1,"price":158.46,"price_incl":191.74,"delivery_group":"DELIVERY","warehouse_id":""},{"variation_id":"46621","customer_group":"PER","customer_id":"","min_qty":1,"max_qty":9999999,"steps":1,"price":158.46,"price_incl":191.74,"delivery_group":"DELIVERY","warehouse_id":""},{"variation_id":"46622","customer_group":"PRO","customer_id":"","min_qty":1,"max_qty":9999999,"steps":1,"price":4.53,"price_incl":5.48,"delivery_group":"COLLECT","warehouse_id":""},{"variation_id":"46622","customer_group":"PRO","customer_id":"","min_qty":1,"max_qty":9999999,"steps":1,"price":4.53,"price_incl":5.48,"delivery_group":"DELIVERY","warehouse_id":""},{"variation_id":"46622","customer_group":"DISTRI","customer_id":"","min_qty":1,"max_qty":9999999,"steps":1,"price":4.16,"price_incl":5.03,"delivery_group":"COLLECT","warehouse_id":""},{"variation_id":"46622","customer_group":"DISTRI","customer_id":"","min_qty":1,"max_qty":9999999,"steps":1,"price":4.16,"price_incl":5.03,"delivery_group":"DELIVERY","warehouse_id":""},{"variation_id":"46622","customer_group":"CON","customer_id":"","min_qty":1,"max_qty":9999999,"steps":1,"price":6.77,"price_incl":8.19,"delivery_group":"COLLECT","warehouse_id":""},{"variation_id":"46622","customer_group":"CON","customer_id":"","min_qty":1,"max_qty":9999999,"steps":1,"price":6.77,"price_incl":8.19,"delivery_group":"DELIVERY","warehouse_id":""},{"variation_id":"46622","customer_group":"DISTRI","customer_id":"129214","min_qty":1,"max_qty":9999999,"steps":1,"price":3.76,"price_incl":4.55,"delivery_group":"COLLECT","warehouse_id":""},{"variation_id":"46622","customer_group":"DISTRI","customer_id":"129214","min_qty":1,"max_qty":9999999,"steps":1,"price":3.76,"price_incl":4.55,"delivery_group":"DELIVERY","warehouse_id":""},{"variation_id":"46622","customer_group":"PER","customer_id":"","min_qty":1,"max_qty":9999999,"steps":1,"price":3.58,"price_incl":4.33,"delivery_group":"COLLECT","warehouse_id":""},{"variation_id":"46622","customer_group":"PER","customer_id":"","min_qty":1,"max_qty":9999999,"steps":1,"price":3.58,"price_incl":4.33,"delivery_group":"COLLECT","warehouse_id":""},{"variation_id":"46622","customer_group":"PER","customer_id":"","min_qty":1,"max_qty":9999999,"steps":1,"price":3.58,"price_incl":4.33,"delivery_group":"DELIVERY","warehouse_id":""}],"packaging_ids":[{"packaging_name":"En vrac","packaging_id":"74","erp_id":"17843"},{"packaging_name":"Big bag 500 kg","packaging_id":"75","erp_id":"17923"},{"packaging_name":"Big bag 1000 kg","packaging_id":"76","erp_id":"17924"},{"packaging_name":"Big bag 1500 kg","packaging_id":"77","erp_id":"17925"},{"packaging_name":"Sacs","packaging_id":"95","erp_id":"17932"}]},"yoast_head":"<!-- This site is optimized with the Yoast SEO plugin v27.3 - https:\/\/yoast.com\/product\/yoast-seo-wordpress\/ -->\n<title>Ombra 6\/10 - Gravelart<\/title>\n<meta name=\"description\" content=\"Ombra 6\/10 est un gravier expressif dont les couleurs \u00e9voluent \u00e0 la lumi\u00e8re. Un choix unique qui rend chaque espace ext\u00e9rieur vivant et surprenant.\" \/>\n<meta name=\"robots\" content=\"index, follow, max-snippet:-1, max-image-preview:large, max-video-preview:-1\" \/>\n<link rel=\"canonical\" href=\"https:\/\/gravelart.be\/fr\/product\/__trashed-2\/\" \/>\n<meta property=\"og:locale\" content=\"fr_FR\" \/>\n<meta property=\"og:type\" content=\"article\" \/>\n<meta property=\"og:title\" content=\"Ombra 6\/10 - Gravelart\" \/>\n<meta property=\"og:description\" content=\"Ombra 6\/10 est un gravier expressif dont les couleurs \u00e9voluent \u00e0 la lumi\u00e8re. Un choix unique qui rend chaque espace ext\u00e9rieur vivant et surprenant.\" \/>\n<meta property=\"og:url\" content=\"https:\/\/gravelart.be\/fr\/product\/__trashed-2\/\" \/>\n<meta property=\"og:site_name\" content=\"Gravelart\" \/>\n<meta property=\"article:modified_time\" content=\"2026-04-17T02:00:32+00:00\" \/>\n<meta property=\"og:image\" content=\"https:\/\/gravelart.be\/wp-content\/uploads\/2024\/03\/Staal-6-Droog-scaled-e1758008203346.jpg\" \/>\n\t<meta property=\"og:image:width\" content=\"1442\" \/>\n\t<meta property=\"og:image:height\" content=\"2560\" \/>\n\t<meta property=\"og:image:type\" content=\"image\/jpeg\" \/>\n<meta name=\"twitter:card\" content=\"summary_large_image\" \/>\n<meta name=\"twitter:label1\" content=\"Dur\u00e9e de lecture estim\u00e9e\" \/>\n\t<meta name=\"twitter:data1\" content=\"1 minute\" \/>\n<script type=\"application\/ld+json\" class=\"yoast-schema-graph\">{\"@context\":\"https:\\\/\\\/schema.org\",\"@graph\":[{\"@type\":\"WebPage\",\"@id\":\"https:\\\/\\\/gravelart.be\\\/fr\\\/product\\\/__trashed-2\\\/\",\"url\":\"https:\\\/\\\/gravelart.be\\\/fr\\\/product\\\/__trashed-2\\\/\",\"name\":\"Ombra 6\\\/10 - Gravelart\",\"isPartOf\":{\"@id\":\"https:\\\/\\\/gravelart.be\\\/fr\\\/#website\"},\"primaryImageOfPage\":{\"@id\":\"https:\\\/\\\/gravelart.be\\\/fr\\\/product\\\/__trashed-2\\\/#primaryimage\"},\"image\":{\"@id\":\"https:\\\/\\\/gravelart.be\\\/fr\\\/product\\\/__trashed-2\\\/#primaryimage\"},\"thumbnailUrl\":\"https:\\\/\\\/gravelart.be\\\/wp-content\\\/uploads\\\/2024\\\/03\\\/Staal-6-Droog-scaled-e1758008203346.jpg\",\"datePublished\":\"2024-03-06T09:24:52+00:00\",\"dateModified\":\"2026-04-17T02:00:32+00:00\",\"description\":\"Ombra 6\\\/10 est un gravier expressif dont les couleurs \u00e9voluent \u00e0 la lumi\u00e8re. Un choix unique qui rend chaque espace ext\u00e9rieur vivant et surprenant.\",\"breadcrumb\":{\"@id\":\"https:\\\/\\\/gravelart.be\\\/fr\\\/product\\\/__trashed-2\\\/#breadcrumb\"},\"inLanguage\":\"fr-FR\",\"potentialAction\":[{\"@type\":\"ReadAction\",\"target\":[\"https:\\\/\\\/gravelart.be\\\/fr\\\/product\\\/__trashed-2\\\/\"]}]},{\"@type\":\"ImageObject\",\"inLanguage\":\"fr-FR\",\"@id\":\"https:\\\/\\\/gravelart.be\\\/fr\\\/product\\\/__trashed-2\\\/#primaryimage\",\"url\":\"https:\\\/\\\/gravelart.be\\\/wp-content\\\/uploads\\\/2024\\\/03\\\/Staal-6-Droog-scaled-e1758008203346.jpg\",\"contentUrl\":\"https:\\\/\\\/gravelart.be\\\/wp-content\\\/uploads\\\/2024\\\/03\\\/Staal-6-Droog-scaled-e1758008203346.jpg\",\"width\":1442,\"height\":2560,\"caption\":\"Ombra gravier\"},{\"@type\":\"BreadcrumbList\",\"@id\":\"https:\\\/\\\/gravelart.be\\\/fr\\\/product\\\/__trashed-2\\\/#breadcrumb\",\"itemListElement\":[{\"@type\":\"ListItem\",\"position\":1,\"name\":\"Home\",\"item\":\"https:\\\/\\\/gravelart.be\\\/fr\\\/\"},{\"@type\":\"ListItem\",\"position\":2,\"name\":\"Produits\",\"item\":\"https:\\\/\\\/gravelart.be\\\/fr\\\/boutique\\\/\"},{\"@type\":\"ListItem\",\"position\":3,\"name\":\"Ombra 6\\\/10\"}]},{\"@type\":\"WebSite\",\"@id\":\"https:\\\/\\\/gravelart.be\\\/fr\\\/#website\",\"url\":\"https:\\\/\\\/gravelart.be\\\/fr\\\/\",\"name\":\"Gravelart\",\"description\":\"Alles voor tuin en park\",\"publisher\":{\"@id\":\"https:\\\/\\\/gravelart.be\\\/fr\\\/#organization\"},\"potentialAction\":[{\"@type\":\"SearchAction\",\"target\":{\"@type\":\"EntryPoint\",\"urlTemplate\":\"https:\\\/\\\/gravelart.be\\\/fr\\\/?s={search_term_string}\"},\"query-input\":{\"@type\":\"PropertyValueSpecification\",\"valueRequired\":true,\"valueName\":\"search_term_string\"}}],\"inLanguage\":\"fr-FR\"},{\"@type\":\"Organization\",\"@id\":\"https:\\\/\\\/gravelart.be\\\/fr\\\/#organization\",\"name\":\"Gravelart\",\"url\":\"https:\\\/\\\/gravelart.be\\\/fr\\\/\",\"logo\":{\"@type\":\"ImageObject\",\"inLanguage\":\"fr-FR\",\"@id\":\"https:\\\/\\\/gravelart.be\\\/fr\\\/#\\\/schema\\\/logo\\\/image\\\/\",\"url\":\"https:\\\/\\\/gravelart.be\\\/wp-content\\\/uploads\\\/2022\\\/10\\\/logo-gravelart.png\",\"contentUrl\":\"https:\\\/\\\/gravelart.be\\\/wp-content\\\/uploads\\\/2022\\\/10\\\/logo-gravelart.png\",\"width\":348,\"height\":186,\"caption\":\"Gravelart\"},\"image\":{\"@id\":\"https:\\\/\\\/gravelart.be\\\/fr\\\/#\\\/schema\\\/logo\\\/image\\\/\"}}]}<\/script>\n<!-- \/ Yoast SEO plugin. -->","yoast_head_json":{"title":"Ombra 6\/10 - Gravelart","description":"Ombra 6\/10 est un gravier expressif dont les couleurs \u00e9voluent \u00e0 la lumi\u00e8re. Un choix unique qui rend chaque espace ext\u00e9rieur vivant et surprenant.","robots":{"index":"index","follow":"follow","max-snippet":"max-snippet:-1","max-image-preview":"max-image-preview:large","max-video-preview":"max-video-preview:-1"},"canonical":"https:\/\/gravelart.be\/fr\/product\/__trashed-2\/","og_locale":"fr_FR","og_type":"article","og_title":"Ombra 6\/10 - Gravelart","og_description":"Ombra 6\/10 est un gravier expressif dont les couleurs \u00e9voluent \u00e0 la lumi\u00e8re. Un choix unique qui rend chaque espace ext\u00e9rieur vivant et surprenant.","og_url":"https:\/\/gravelart.be\/fr\/product\/__trashed-2\/","og_site_name":"Gravelart","article_modified_time":"2026-04-17T02:00:32+00:00","og_image":[{"width":1442,"height":2560,"url":"https:\/\/gravelart.be\/wp-content\/uploads\/2024\/03\/Staal-6-Droog-scaled-e1758008203346.jpg","type":"image\/jpeg"}],"twitter_card":"summary_large_image","twitter_misc":{"Dur\u00e9e de lecture estim\u00e9e":"1 minute"},"schema":{"@context":"https:\/\/schema.org","@graph":[{"@type":"WebPage","@id":"https:\/\/gravelart.be\/fr\/product\/__trashed-2\/","url":"https:\/\/gravelart.be\/fr\/product\/__trashed-2\/","name":"Ombra 6\/10 - Gravelart","isPartOf":{"@id":"https:\/\/gravelart.be\/fr\/#website"},"primaryImageOfPage":{"@id":"https:\/\/gravelart.be\/fr\/product\/__trashed-2\/#primaryimage"},"image":{"@id":"https:\/\/gravelart.be\/fr\/product\/__trashed-2\/#primaryimage"},"thumbnailUrl":"https:\/\/gravelart.be\/wp-content\/uploads\/2024\/03\/Staal-6-Droog-scaled-e1758008203346.jpg","datePublished":"2024-03-06T09:24:52+00:00","dateModified":"2026-04-17T02:00:32+00:00","description":"Ombra 6\/10 est un gravier expressif dont les couleurs \u00e9voluent \u00e0 la lumi\u00e8re. Un choix unique qui rend chaque espace ext\u00e9rieur vivant et surprenant.","breadcrumb":{"@id":"https:\/\/gravelart.be\/fr\/product\/__trashed-2\/#breadcrumb"},"inLanguage":"fr-FR","potentialAction":[{"@type":"ReadAction","target":["https:\/\/gravelart.be\/fr\/product\/__trashed-2\/"]}]},{"@type":"ImageObject","inLanguage":"fr-FR","@id":"https:\/\/gravelart.be\/fr\/product\/__trashed-2\/#primaryimage","url":"https:\/\/gravelart.be\/wp-content\/uploads\/2024\/03\/Staal-6-Droog-scaled-e1758008203346.jpg","contentUrl":"https:\/\/gravelart.be\/wp-content\/uploads\/2024\/03\/Staal-6-Droog-scaled-e1758008203346.jpg","width":1442,"height":2560,"caption":"Ombra gravier"},{"@type":"BreadcrumbList","@id":"https:\/\/gravelart.be\/fr\/product\/__trashed-2\/#breadcrumb","itemListElement":[{"@type":"ListItem","position":1,"name":"Home","item":"https:\/\/gravelart.be\/fr\/"},{"@type":"ListItem","position":2,"name":"Produits","item":"https:\/\/gravelart.be\/fr\/boutique\/"},{"@type":"ListItem","position":3,"name":"Ombra 6\/10"}]},{"@type":"WebSite","@id":"https:\/\/gravelart.be\/fr\/#website","url":"https:\/\/gravelart.be\/fr\/","name":"Gravelart","description":"Alles voor tuin en park","publisher":{"@id":"https:\/\/gravelart.be\/fr\/#organization"},"potentialAction":[{"@type":"SearchAction","target":{"@type":"EntryPoint","urlTemplate":"https:\/\/gravelart.be\/fr\/?s={search_term_string}"},"query-input":{"@type":"PropertyValueSpecification","valueRequired":true,"valueName":"search_term_string"}}],"inLanguage":"fr-FR"},{"@type":"Organization","@id":"https:\/\/gravelart.be\/fr\/#organization","name":"Gravelart","url":"https:\/\/gravelart.be\/fr\/","logo":{"@type":"ImageObject","inLanguage":"fr-FR","@id":"https:\/\/gravelart.be\/fr\/#\/schema\/logo\/image\/","url":"https:\/\/gravelart.be\/wp-content\/uploads\/2022\/10\/logo-gravelart.png","contentUrl":"https:\/\/gravelart.be\/wp-content\/uploads\/2022\/10\/logo-gravelart.png","width":348,"height":186,"caption":"Gravelart"},"image":{"@id":"https:\/\/gravelart.be\/fr\/#\/schema\/logo\/image\/"}}]}},"_links":{"self":[{"href":"https:\/\/gravelart.be\/fr\/wp-json\/wp\/v2\/product\/45870","targetHints":{"allow":["GET"]}}],"collection":[{"href":"https:\/\/gravelart.be\/fr\/wp-json\/wp\/v2\/product"}],"about":[{"href":"https:\/\/gravelart.be\/fr\/wp-json\/wp\/v2\/types\/product"}],"replies":[{"embeddable":true,"href":"https:\/\/gravelart.be\/fr\/wp-json\/wp\/v2\/comments?post=45870"}],"wp:featuredmedia":[{"embeddable":true,"href":"https:\/\/gravelart.be\/fr\/wp-json\/wp\/v2\/media\/45886"}],"wp:attachment":[{"href":"https:\/\/gravelart.be\/fr\/wp-json\/wp\/v2\/media?parent=45870"}],"wp:term":[{"taxonomy":"product_brand","embeddable":true,"href":"https:\/\/gravelart.be\/fr\/wp-json\/wp\/v2\/product_brand?post=45870"},{"taxonomy":"product_cat","embeddable":true,"href":"https:\/\/gravelart.be\/fr\/wp-json\/wp\/v2\/product_cat?post=45870"},{"taxonomy":"product_tag","embeddable":true,"href":"https:\/\/gravelart.be\/fr\/wp-json\/wp\/v2\/product_tag?post=45870"}],"curies":[{"name":"wp","href":"https:\/\/api.w.org\/{rel}","templated":true}]}}