{"id":46174,"date":"2024-04-25T15:59:25","date_gmt":"2024-04-25T13:59:25","guid":{"rendered":"https:\/\/gravelart.be\/?post_type=product&#038;p=46174"},"modified":"2026-04-30T04:00:30","modified_gmt":"2026-04-30T02:00:30","slug":"multidal-noir-30","status":"publish","type":"product","link":"https:\/\/gravelart.be\/fr\/product\/multidal-noir-30\/","title":{"rendered":"Multidal Noir 30"},"content":{"rendered":"","protected":false},"excerpt":{"rendered":"<p><strong>Plaque de stabilisation ECCO Multidal<\/strong><\/p>\n<p>Transformez votre espace avec l\u2019ECCO Multidal, la solution ultime pour la stabilisation des sols. Cette plaque de stabilisation durable et facile \u00e0 installer est id\u00e9ale pour le gravier comme pour le gazon et parfaite pour un usage intensif. <\/p>\n<p><strong>Caract\u00e9ristiques:<\/strong><\/p>\n<ul>\n<li><strong>Installation rapide<\/strong> : syst\u00e8me d\u2019assemblage innovant pour une pose facile.<\/li>\n<li><strong>Mat\u00e9riau de haute qualit\u00e9<\/strong> : HDPE 100 % recyclable avec une excellente r\u00e9sistance \u00e0 la compression.<\/li>\n<li><strong>Perm\u00e9able \u00e0 l\u2019eau<\/strong> : \u00e9vite la formation de flaques gr\u00e2ce \u00e0 une structure de fond ferm\u00e9e.<\/li>\n<li>Utilisation polyvalente : convient pour les all\u00e9es, les chemins et bien plus encore.<\/li>\n<\/ul>\n<p>Fiable et pratique, la Multidal offre une stabilit\u00e9 sur laquelle vous pouvez compter.<\/p>\n","protected":false},"featured_media":46192,"comment_status":"open","ping_status":"closed","template":"","meta":{"_acf_changed":false,"inline_featured_image":false},"product_brand":[],"product_cat":[4153,4894,4155],"product_tag":[],"class_list":{"0":"post-46174","1":"product","2":"type-product","3":"status-publish","4":"has-post-thumbnail","6":"product_cat-gazon-et-plus","7":"product_cat-gravier-stabilisateurs-de-gravier","8":"product_cat-stabilisateur-de-gravier","10":"first","11":"instock","12":"taxable","13":"shipping-taxable","14":"purchasable","15":"product-type-variable","16":"has-default-attributes"},"acf":{"woocommerce_erp_id":"17915","woocommerce_cnk_id":"103659","product_density":0.89,"custom_prices":[{"variation_id":"46176","customer_group":"PRO","customer_id":"","min_qty":202.92,"max_qty":9999999,"steps":0.89,"price":13.45,"price_incl":16.27,"delivery_group":"DELIVERY","warehouse_id":"Z"},{"variation_id":"46176","customer_group":"PRO","customer_id":"","min_qty":202.92,"max_qty":9999999,"steps":0.89,"price":13.45,"price_incl":16.27,"delivery_group":"DELIVERY","warehouse_id":"W"}],"packaging_ids":[{"packaging_name":"Pi\u00e8ce","packaging_id":"73","erp_id":"17915"}]},"yoast_head":"<!-- This site is optimized with the Yoast SEO plugin v27.3 - https:\/\/yoast.com\/product\/yoast-seo-wordpress\/ -->\n<title>Multidal Noir 30 - Gravelart<\/title>\n<meta name=\"description\" content=\"Multidal Noir 30 : plaque de stabilisation en HDPE 100 % recyclable. Gr\u00e2ce au syst\u00e8me d\u2019assemblage, elle est facile \u00e0 poser et la plaque est enti\u00e8rement perm\u00e9able \u00e0 l\u2019eau.\" \/>\n<meta name=\"robots\" content=\"index, follow, max-snippet:-1, max-image-preview:large, max-video-preview:-1\" \/>\n<link rel=\"canonical\" href=\"https:\/\/gravelart.be\/fr\/product\/multidal-noir-30\/\" \/>\n<meta property=\"og:locale\" content=\"fr_FR\" \/>\n<meta property=\"og:type\" content=\"article\" \/>\n<meta property=\"og:title\" content=\"Multidal Noir 30 - Gravelart\" \/>\n<meta property=\"og:description\" content=\"Multidal Noir 30 : plaque de stabilisation en HDPE 100 % recyclable. Gr\u00e2ce au syst\u00e8me d\u2019assemblage, elle est facile \u00e0 poser et la plaque est enti\u00e8rement perm\u00e9able \u00e0 l\u2019eau.\" \/>\n<meta property=\"og:url\" content=\"https:\/\/gravelart.be\/fr\/product\/multidal-noir-30\/\" \/>\n<meta property=\"og:site_name\" content=\"Gravelart\" \/>\n<meta property=\"article:modified_time\" content=\"2026-04-30T02:00:30+00:00\" \/>\n<meta property=\"og:image\" content=\"https:\/\/gravelart.be\/wp-content\/uploads\/2024\/04\/MULTIDAL_P02-scaled.jpg\" \/>\n\t<meta property=\"og:image:width\" content=\"2560\" \/>\n\t<meta property=\"og:image:height\" content=\"1578\" \/>\n\t<meta property=\"og:image:type\" content=\"image\/jpeg\" \/>\n<meta name=\"twitter:card\" content=\"summary_large_image\" \/>\n<script type=\"application\/ld+json\" class=\"yoast-schema-graph\">{\"@context\":\"https:\\\/\\\/schema.org\",\"@graph\":[{\"@type\":\"WebPage\",\"@id\":\"https:\\\/\\\/gravelart.be\\\/fr\\\/product\\\/multidal-noir-30\\\/\",\"url\":\"https:\\\/\\\/gravelart.be\\\/fr\\\/product\\\/multidal-noir-30\\\/\",\"name\":\"Multidal Noir 30 - Gravelart\",\"isPartOf\":{\"@id\":\"https:\\\/\\\/gravelart.be\\\/fr\\\/#website\"},\"primaryImageOfPage\":{\"@id\":\"https:\\\/\\\/gravelart.be\\\/fr\\\/product\\\/multidal-noir-30\\\/#primaryimage\"},\"image\":{\"@id\":\"https:\\\/\\\/gravelart.be\\\/fr\\\/product\\\/multidal-noir-30\\\/#primaryimage\"},\"thumbnailUrl\":\"https:\\\/\\\/gravelart.be\\\/wp-content\\\/uploads\\\/2024\\\/04\\\/MULTIDAL_P02-scaled.jpg\",\"datePublished\":\"2024-04-25T13:59:25+00:00\",\"dateModified\":\"2026-04-30T02:00:30+00:00\",\"description\":\"Multidal Noir 30 : plaque de stabilisation en HDPE 100 % recyclable. Gr\u00e2ce au syst\u00e8me d\u2019assemblage, elle est facile \u00e0 poser et la plaque est enti\u00e8rement perm\u00e9able \u00e0 l\u2019eau.\",\"breadcrumb\":{\"@id\":\"https:\\\/\\\/gravelart.be\\\/fr\\\/product\\\/multidal-noir-30\\\/#breadcrumb\"},\"inLanguage\":\"fr-FR\",\"potentialAction\":[{\"@type\":\"ReadAction\",\"target\":[\"https:\\\/\\\/gravelart.be\\\/fr\\\/product\\\/multidal-noir-30\\\/\"]}]},{\"@type\":\"ImageObject\",\"inLanguage\":\"fr-FR\",\"@id\":\"https:\\\/\\\/gravelart.be\\\/fr\\\/product\\\/multidal-noir-30\\\/#primaryimage\",\"url\":\"https:\\\/\\\/gravelart.be\\\/wp-content\\\/uploads\\\/2024\\\/04\\\/MULTIDAL_P02-scaled.jpg\",\"contentUrl\":\"https:\\\/\\\/gravelart.be\\\/wp-content\\\/uploads\\\/2024\\\/04\\\/MULTIDAL_P02-scaled.jpg\",\"width\":2560,\"height\":1578,\"caption\":\"Multidal\"},{\"@type\":\"BreadcrumbList\",\"@id\":\"https:\\\/\\\/gravelart.be\\\/fr\\\/product\\\/multidal-noir-30\\\/#breadcrumb\",\"itemListElement\":[{\"@type\":\"ListItem\",\"position\":1,\"name\":\"Home\",\"item\":\"https:\\\/\\\/gravelart.be\\\/fr\\\/\"},{\"@type\":\"ListItem\",\"position\":2,\"name\":\"Produits\",\"item\":\"https:\\\/\\\/gravelart.be\\\/fr\\\/boutique\\\/\"},{\"@type\":\"ListItem\",\"position\":3,\"name\":\"Multidal Noir 30\"}]},{\"@type\":\"WebSite\",\"@id\":\"https:\\\/\\\/gravelart.be\\\/fr\\\/#website\",\"url\":\"https:\\\/\\\/gravelart.be\\\/fr\\\/\",\"name\":\"Gravelart\",\"description\":\"Alles voor tuin en park\",\"publisher\":{\"@id\":\"https:\\\/\\\/gravelart.be\\\/fr\\\/#organization\"},\"potentialAction\":[{\"@type\":\"SearchAction\",\"target\":{\"@type\":\"EntryPoint\",\"urlTemplate\":\"https:\\\/\\\/gravelart.be\\\/fr\\\/?s={search_term_string}\"},\"query-input\":{\"@type\":\"PropertyValueSpecification\",\"valueRequired\":true,\"valueName\":\"search_term_string\"}}],\"inLanguage\":\"fr-FR\"},{\"@type\":\"Organization\",\"@id\":\"https:\\\/\\\/gravelart.be\\\/fr\\\/#organization\",\"name\":\"Gravelart\",\"url\":\"https:\\\/\\\/gravelart.be\\\/fr\\\/\",\"logo\":{\"@type\":\"ImageObject\",\"inLanguage\":\"fr-FR\",\"@id\":\"https:\\\/\\\/gravelart.be\\\/fr\\\/#\\\/schema\\\/logo\\\/image\\\/\",\"url\":\"https:\\\/\\\/gravelart.be\\\/wp-content\\\/uploads\\\/2022\\\/10\\\/logo-gravelart.png\",\"contentUrl\":\"https:\\\/\\\/gravelart.be\\\/wp-content\\\/uploads\\\/2022\\\/10\\\/logo-gravelart.png\",\"width\":348,\"height\":186,\"caption\":\"Gravelart\"},\"image\":{\"@id\":\"https:\\\/\\\/gravelart.be\\\/fr\\\/#\\\/schema\\\/logo\\\/image\\\/\"}}]}<\/script>\n<!-- \/ Yoast SEO plugin. -->","yoast_head_json":{"title":"Multidal Noir 30 - Gravelart","description":"Multidal Noir 30 : plaque de stabilisation en HDPE 100 % recyclable. Gr\u00e2ce au syst\u00e8me d\u2019assemblage, elle est facile \u00e0 poser et la plaque est enti\u00e8rement perm\u00e9able \u00e0 l\u2019eau.","robots":{"index":"index","follow":"follow","max-snippet":"max-snippet:-1","max-image-preview":"max-image-preview:large","max-video-preview":"max-video-preview:-1"},"canonical":"https:\/\/gravelart.be\/fr\/product\/multidal-noir-30\/","og_locale":"fr_FR","og_type":"article","og_title":"Multidal Noir 30 - Gravelart","og_description":"Multidal Noir 30 : plaque de stabilisation en HDPE 100 % recyclable. Gr\u00e2ce au syst\u00e8me d\u2019assemblage, elle est facile \u00e0 poser et la plaque est enti\u00e8rement perm\u00e9able \u00e0 l\u2019eau.","og_url":"https:\/\/gravelart.be\/fr\/product\/multidal-noir-30\/","og_site_name":"Gravelart","article_modified_time":"2026-04-30T02:00:30+00:00","og_image":[{"width":2560,"height":1578,"url":"https:\/\/gravelart.be\/wp-content\/uploads\/2024\/04\/MULTIDAL_P02-scaled.jpg","type":"image\/jpeg"}],"twitter_card":"summary_large_image","schema":{"@context":"https:\/\/schema.org","@graph":[{"@type":"WebPage","@id":"https:\/\/gravelart.be\/fr\/product\/multidal-noir-30\/","url":"https:\/\/gravelart.be\/fr\/product\/multidal-noir-30\/","name":"Multidal Noir 30 - Gravelart","isPartOf":{"@id":"https:\/\/gravelart.be\/fr\/#website"},"primaryImageOfPage":{"@id":"https:\/\/gravelart.be\/fr\/product\/multidal-noir-30\/#primaryimage"},"image":{"@id":"https:\/\/gravelart.be\/fr\/product\/multidal-noir-30\/#primaryimage"},"thumbnailUrl":"https:\/\/gravelart.be\/wp-content\/uploads\/2024\/04\/MULTIDAL_P02-scaled.jpg","datePublished":"2024-04-25T13:59:25+00:00","dateModified":"2026-04-30T02:00:30+00:00","description":"Multidal Noir 30 : plaque de stabilisation en HDPE 100 % recyclable. Gr\u00e2ce au syst\u00e8me d\u2019assemblage, elle est facile \u00e0 poser et la plaque est enti\u00e8rement perm\u00e9able \u00e0 l\u2019eau.","breadcrumb":{"@id":"https:\/\/gravelart.be\/fr\/product\/multidal-noir-30\/#breadcrumb"},"inLanguage":"fr-FR","potentialAction":[{"@type":"ReadAction","target":["https:\/\/gravelart.be\/fr\/product\/multidal-noir-30\/"]}]},{"@type":"ImageObject","inLanguage":"fr-FR","@id":"https:\/\/gravelart.be\/fr\/product\/multidal-noir-30\/#primaryimage","url":"https:\/\/gravelart.be\/wp-content\/uploads\/2024\/04\/MULTIDAL_P02-scaled.jpg","contentUrl":"https:\/\/gravelart.be\/wp-content\/uploads\/2024\/04\/MULTIDAL_P02-scaled.jpg","width":2560,"height":1578,"caption":"Multidal"},{"@type":"BreadcrumbList","@id":"https:\/\/gravelart.be\/fr\/product\/multidal-noir-30\/#breadcrumb","itemListElement":[{"@type":"ListItem","position":1,"name":"Home","item":"https:\/\/gravelart.be\/fr\/"},{"@type":"ListItem","position":2,"name":"Produits","item":"https:\/\/gravelart.be\/fr\/boutique\/"},{"@type":"ListItem","position":3,"name":"Multidal Noir 30"}]},{"@type":"WebSite","@id":"https:\/\/gravelart.be\/fr\/#website","url":"https:\/\/gravelart.be\/fr\/","name":"Gravelart","description":"Alles voor tuin en park","publisher":{"@id":"https:\/\/gravelart.be\/fr\/#organization"},"potentialAction":[{"@type":"SearchAction","target":{"@type":"EntryPoint","urlTemplate":"https:\/\/gravelart.be\/fr\/?s={search_term_string}"},"query-input":{"@type":"PropertyValueSpecification","valueRequired":true,"valueName":"search_term_string"}}],"inLanguage":"fr-FR"},{"@type":"Organization","@id":"https:\/\/gravelart.be\/fr\/#organization","name":"Gravelart","url":"https:\/\/gravelart.be\/fr\/","logo":{"@type":"ImageObject","inLanguage":"fr-FR","@id":"https:\/\/gravelart.be\/fr\/#\/schema\/logo\/image\/","url":"https:\/\/gravelart.be\/wp-content\/uploads\/2022\/10\/logo-gravelart.png","contentUrl":"https:\/\/gravelart.be\/wp-content\/uploads\/2022\/10\/logo-gravelart.png","width":348,"height":186,"caption":"Gravelart"},"image":{"@id":"https:\/\/gravelart.be\/fr\/#\/schema\/logo\/image\/"}}]}},"_links":{"self":[{"href":"https:\/\/gravelart.be\/fr\/wp-json\/wp\/v2\/product\/46174","targetHints":{"allow":["GET"]}}],"collection":[{"href":"https:\/\/gravelart.be\/fr\/wp-json\/wp\/v2\/product"}],"about":[{"href":"https:\/\/gravelart.be\/fr\/wp-json\/wp\/v2\/types\/product"}],"replies":[{"embeddable":true,"href":"https:\/\/gravelart.be\/fr\/wp-json\/wp\/v2\/comments?post=46174"}],"wp:featuredmedia":[{"embeddable":true,"href":"https:\/\/gravelart.be\/fr\/wp-json\/wp\/v2\/media\/46192"}],"wp:attachment":[{"href":"https:\/\/gravelart.be\/fr\/wp-json\/wp\/v2\/media?parent=46174"}],"wp:term":[{"taxonomy":"product_brand","embeddable":true,"href":"https:\/\/gravelart.be\/fr\/wp-json\/wp\/v2\/product_brand?post=46174"},{"taxonomy":"product_cat","embeddable":true,"href":"https:\/\/gravelart.be\/fr\/wp-json\/wp\/v2\/product_cat?post=46174"},{"taxonomy":"product_tag","embeddable":true,"href":"https:\/\/gravelart.be\/fr\/wp-json\/wp\/v2\/product_tag?post=46174"}],"curies":[{"name":"wp","href":"https:\/\/api.w.org\/{rel}","templated":true}]}}