{"id":46330,"date":"2024-05-29T09:07:45","date_gmt":"2024-05-29T07:07:45","guid":{"rendered":"https:\/\/gravelart.be\/?post_type=product&#038;p=46330"},"modified":"2026-05-17T04:00:25","modified_gmt":"2026-05-17T02:00:25","slug":"gravelizer-beige","status":"publish","type":"product","link":"https:\/\/gravelart.be\/fr\/product\/gravelizer-beige\/","title":{"rendered":"Gravelizer Beige"},"content":{"rendered":"","protected":false},"excerpt":{"rendered":"<p data-start=\"120\" data-end=\"304\">La\u00a0<strong data-start=\"123\" data-end=\"153\">Gravelizer by Organic Lock<\/strong>\u00a0est une solution r\u00e9volutionnaire pour cr\u00e9er des surfaces stables et perm\u00e9ables, id\u00e9ale pour les sentiers, terrasses et projets d\u2019am\u00e9nagement paysager.<\/p>\n<h2 data-start=\"306\" data-end=\"356\"><strong data-start=\"309\" data-end=\"356\">Caract\u00e9ristiques uniques de la Gravelizer :<\/strong><\/h2>\n<ul>\n<li data-start=\"358\" data-end=\"861\"><strong data-start=\"358\" data-end=\"384\">R\u00e9sistance \u00e0 l\u2019\u00e9rosion<\/strong>\u00a0: garantit une stabilit\u00e9 durable.<\/li>\n<li data-start=\"358\" data-end=\"861\"><strong data-start=\"421\" data-end=\"445\">Perm\u00e9abilit\u00e9 \u00e0 l\u2019eau<\/strong>\u00a0: \u00e9vite la formation de flaques et am\u00e9liore le drainage.<\/li>\n<li data-start=\"358\" data-end=\"861\"><strong data-start=\"505\" data-end=\"522\">Auto-r\u00e9parant<\/strong>\u00a0: facile \u00e0 entretenir et reste en excellent \u00e9tat.<\/li>\n<li data-start=\"358\" data-end=\"861\"><strong data-start=\"575\" data-end=\"595\">Couleur \u00e9l\u00e9gante<\/strong>\u00a0: la version rouge offre un aspect vif et chaleureux qui apporte une touche de couleur \u00e0 tout espace ext\u00e9rieur.<\/li>\n<\/ul>\n<p><strong data-start=\"710\" data-end=\"734\">Couleurs disponibles<\/strong> : en plus du beige, la Gravelizer est disponible dans plusieurs teintes afin de r\u00e9pondre \u00e0 toutes vos exigences de conception.<\/p>\n<p data-start=\"868\" data-end=\"929\"><strong data-start=\"868\" data-end=\"890\">Prix sur demande !<\/strong>\u00a0<a href=\"https:\/\/gravelart.be\/fr\/service-clientele\/contact\/\">Contactez notre service client\u00e8le ici.<\/a><\/p>\n<p data-start=\"931\" data-end=\"1109\"><strong data-start=\"931\" data-end=\"946\">Attention :<\/strong>\u00a0ce produit n\u2019est pas en stock dans notre d\u00e9p\u00f4t ; il est sp\u00e9cialement m\u00e9lang\u00e9 dans notre site de production.<br data-start=\"1054\" data-end=\"1057\" \/>Les commandes Gravelizer sont\u00a0<strong data-start=\"1087\" data-end=\"1107\">toujours livr\u00e9es<\/strong>\u00a0!<\/p>\n","protected":false},"featured_media":47868,"comment_status":"open","ping_status":"closed","template":"","meta":{"_acf_changed":false,"inline_featured_image":false},"product_brand":[],"product_cat":[4913,5182],"product_tag":[],"class_list":{"0":"post-46330","1":"product","2":"type-product","3":"status-publish","4":"has-post-thumbnail","6":"product_cat-semi-pave","7":"product_cat-solutions-permeables-2","9":"first","10":"instock","11":"taxable","12":"shipping-taxable","13":"purchasable","14":"product-type-variable","15":"has-default-attributes"},"acf":{"woocommerce_erp_id":"17970","woocommerce_cnk_id":"103715","product_density":1.7,"custom_prices":[{"variation_id":"46850","customer_group":"PRO","customer_id":"","min_qty":1,"max_qty":9999999,"steps":1,"price":157.91,"price_incl":191.07,"delivery_group":"COLLECT","warehouse_id":""},{"variation_id":"46850","customer_group":"PRO","customer_id":"","min_qty":1,"max_qty":9999999,"steps":1,"price":157.91,"price_incl":191.07,"delivery_group":"DELIVERY","warehouse_id":""},{"variation_id":"46850","customer_group":"DISTRI","customer_id":"","min_qty":1,"max_qty":9999999,"steps":1,"price":157.91,"price_incl":191.07,"delivery_group":"COLLECT","warehouse_id":""},{"variation_id":"46850","customer_group":"DISTRI","customer_id":"","min_qty":1,"max_qty":9999999,"steps":1,"price":157.91,"price_incl":191.07,"delivery_group":"DELIVERY","warehouse_id":""},{"variation_id":"46850","customer_group":"CON","customer_id":"","min_qty":1,"max_qty":9999999,"steps":1,"price":217.02,"price_incl":262.59,"delivery_group":"COLLECT","warehouse_id":""},{"variation_id":"46850","customer_group":"CON","customer_id":"","min_qty":1,"max_qty":9999999,"steps":1,"price":217.02,"price_incl":262.59,"delivery_group":"DELIVERY","warehouse_id":""}],"packaging_ids":[{"packaging_name":"Big bag 1000 kg","packaging_id":"76","erp_id":"17996"}]},"yoast_head":"<!-- This site is optimized with the Yoast SEO plugin v27.3 - https:\/\/yoast.com\/product\/yoast-seo-wordpress\/ -->\n<title>Gravelizer Beige - Gravelart<\/title>\n<meta name=\"description\" content=\"Gravelizer by Organic Lock est une solution innovante pour sentiers et terrasses : stable, perm\u00e9able, durable et disponible en plusieurs couleurs.\" \/>\n<meta name=\"robots\" content=\"index, follow, max-snippet:-1, max-image-preview:large, max-video-preview:-1\" \/>\n<link rel=\"canonical\" href=\"https:\/\/gravelart.be\/fr\/product\/gravelizer-beige\/\" \/>\n<meta property=\"og:locale\" content=\"fr_FR\" \/>\n<meta property=\"og:type\" content=\"article\" \/>\n<meta property=\"og:title\" content=\"Gravelizer Beige - Gravelart\" \/>\n<meta property=\"og:description\" content=\"Gravelizer by Organic Lock est une solution innovante pour sentiers et terrasses : stable, perm\u00e9able, durable et disponible en plusieurs couleurs.\" \/>\n<meta property=\"og:url\" content=\"https:\/\/gravelart.be\/fr\/product\/gravelizer-beige\/\" \/>\n<meta property=\"og:site_name\" content=\"Gravelart\" \/>\n<meta property=\"article:modified_time\" content=\"2026-05-17T02:00:25+00:00\" \/>\n<meta property=\"og:image\" content=\"https:\/\/gravelart.be\/wp-content\/uploads\/2024\/11\/2411_Gravelizer-Light-Grey-Tuinen-Cornelis-6.jpg\" \/>\n\t<meta property=\"og:image:width\" content=\"1536\" \/>\n\t<meta property=\"og:image:height\" content=\"2048\" \/>\n\t<meta property=\"og:image:type\" content=\"image\/jpeg\" \/>\n<meta name=\"twitter:card\" content=\"summary_large_image\" \/>\n<meta name=\"twitter:label1\" content=\"Dur\u00e9e de lecture estim\u00e9e\" \/>\n\t<meta name=\"twitter:data1\" content=\"1 minute\" \/>\n<script type=\"application\/ld+json\" class=\"yoast-schema-graph\">{\"@context\":\"https:\\\/\\\/schema.org\",\"@graph\":[{\"@type\":\"WebPage\",\"@id\":\"https:\\\/\\\/gravelart.be\\\/fr\\\/product\\\/gravelizer-beige\\\/\",\"url\":\"https:\\\/\\\/gravelart.be\\\/fr\\\/product\\\/gravelizer-beige\\\/\",\"name\":\"Gravelizer Beige - Gravelart\",\"isPartOf\":{\"@id\":\"https:\\\/\\\/gravelart.be\\\/fr\\\/#website\"},\"primaryImageOfPage\":{\"@id\":\"https:\\\/\\\/gravelart.be\\\/fr\\\/product\\\/gravelizer-beige\\\/#primaryimage\"},\"image\":{\"@id\":\"https:\\\/\\\/gravelart.be\\\/fr\\\/product\\\/gravelizer-beige\\\/#primaryimage\"},\"thumbnailUrl\":\"https:\\\/\\\/gravelart.be\\\/wp-content\\\/uploads\\\/2024\\\/11\\\/2411_Gravelizer-Light-Grey-Tuinen-Cornelis-6.jpg\",\"datePublished\":\"2024-05-29T07:07:45+00:00\",\"dateModified\":\"2026-05-17T02:00:25+00:00\",\"description\":\"Gravelizer by Organic Lock est une solution innovante pour sentiers et terrasses : stable, perm\u00e9able, durable et disponible en plusieurs couleurs.\",\"breadcrumb\":{\"@id\":\"https:\\\/\\\/gravelart.be\\\/fr\\\/product\\\/gravelizer-beige\\\/#breadcrumb\"},\"inLanguage\":\"fr-FR\",\"potentialAction\":[{\"@type\":\"ReadAction\",\"target\":[\"https:\\\/\\\/gravelart.be\\\/fr\\\/product\\\/gravelizer-beige\\\/\"]}]},{\"@type\":\"ImageObject\",\"inLanguage\":\"fr-FR\",\"@id\":\"https:\\\/\\\/gravelart.be\\\/fr\\\/product\\\/gravelizer-beige\\\/#primaryimage\",\"url\":\"https:\\\/\\\/gravelart.be\\\/wp-content\\\/uploads\\\/2024\\\/11\\\/2411_Gravelizer-Light-Grey-Tuinen-Cornelis-6.jpg\",\"contentUrl\":\"https:\\\/\\\/gravelart.be\\\/wp-content\\\/uploads\\\/2024\\\/11\\\/2411_Gravelizer-Light-Grey-Tuinen-Cornelis-6.jpg\",\"width\":1536,\"height\":2048,\"caption\":\"Strak Gravelizer pad langs huis\"},{\"@type\":\"BreadcrumbList\",\"@id\":\"https:\\\/\\\/gravelart.be\\\/fr\\\/product\\\/gravelizer-beige\\\/#breadcrumb\",\"itemListElement\":[{\"@type\":\"ListItem\",\"position\":1,\"name\":\"Home\",\"item\":\"https:\\\/\\\/gravelart.be\\\/fr\\\/\"},{\"@type\":\"ListItem\",\"position\":2,\"name\":\"Produits\",\"item\":\"https:\\\/\\\/gravelart.be\\\/fr\\\/boutique\\\/\"},{\"@type\":\"ListItem\",\"position\":3,\"name\":\"Gravelizer Beige\"}]},{\"@type\":\"WebSite\",\"@id\":\"https:\\\/\\\/gravelart.be\\\/fr\\\/#website\",\"url\":\"https:\\\/\\\/gravelart.be\\\/fr\\\/\",\"name\":\"Gravelart\",\"description\":\"Alles voor tuin en park\",\"publisher\":{\"@id\":\"https:\\\/\\\/gravelart.be\\\/fr\\\/#organization\"},\"potentialAction\":[{\"@type\":\"SearchAction\",\"target\":{\"@type\":\"EntryPoint\",\"urlTemplate\":\"https:\\\/\\\/gravelart.be\\\/fr\\\/?s={search_term_string}\"},\"query-input\":{\"@type\":\"PropertyValueSpecification\",\"valueRequired\":true,\"valueName\":\"search_term_string\"}}],\"inLanguage\":\"fr-FR\"},{\"@type\":\"Organization\",\"@id\":\"https:\\\/\\\/gravelart.be\\\/fr\\\/#organization\",\"name\":\"Gravelart\",\"url\":\"https:\\\/\\\/gravelart.be\\\/fr\\\/\",\"logo\":{\"@type\":\"ImageObject\",\"inLanguage\":\"fr-FR\",\"@id\":\"https:\\\/\\\/gravelart.be\\\/fr\\\/#\\\/schema\\\/logo\\\/image\\\/\",\"url\":\"https:\\\/\\\/gravelart.be\\\/wp-content\\\/uploads\\\/2022\\\/10\\\/logo-gravelart.png\",\"contentUrl\":\"https:\\\/\\\/gravelart.be\\\/wp-content\\\/uploads\\\/2022\\\/10\\\/logo-gravelart.png\",\"width\":348,\"height\":186,\"caption\":\"Gravelart\"},\"image\":{\"@id\":\"https:\\\/\\\/gravelart.be\\\/fr\\\/#\\\/schema\\\/logo\\\/image\\\/\"}}]}<\/script>\n<!-- \/ Yoast SEO plugin. -->","yoast_head_json":{"title":"Gravelizer Beige - Gravelart","description":"Gravelizer by Organic Lock est une solution innovante pour sentiers et terrasses : stable, perm\u00e9able, durable et disponible en plusieurs couleurs.","robots":{"index":"index","follow":"follow","max-snippet":"max-snippet:-1","max-image-preview":"max-image-preview:large","max-video-preview":"max-video-preview:-1"},"canonical":"https:\/\/gravelart.be\/fr\/product\/gravelizer-beige\/","og_locale":"fr_FR","og_type":"article","og_title":"Gravelizer Beige - Gravelart","og_description":"Gravelizer by Organic Lock est une solution innovante pour sentiers et terrasses : stable, perm\u00e9able, durable et disponible en plusieurs couleurs.","og_url":"https:\/\/gravelart.be\/fr\/product\/gravelizer-beige\/","og_site_name":"Gravelart","article_modified_time":"2026-05-17T02:00:25+00:00","og_image":[{"width":1536,"height":2048,"url":"https:\/\/gravelart.be\/wp-content\/uploads\/2024\/11\/2411_Gravelizer-Light-Grey-Tuinen-Cornelis-6.jpg","type":"image\/jpeg"}],"twitter_card":"summary_large_image","twitter_misc":{"Dur\u00e9e de lecture estim\u00e9e":"1 minute"},"schema":{"@context":"https:\/\/schema.org","@graph":[{"@type":"WebPage","@id":"https:\/\/gravelart.be\/fr\/product\/gravelizer-beige\/","url":"https:\/\/gravelart.be\/fr\/product\/gravelizer-beige\/","name":"Gravelizer Beige - Gravelart","isPartOf":{"@id":"https:\/\/gravelart.be\/fr\/#website"},"primaryImageOfPage":{"@id":"https:\/\/gravelart.be\/fr\/product\/gravelizer-beige\/#primaryimage"},"image":{"@id":"https:\/\/gravelart.be\/fr\/product\/gravelizer-beige\/#primaryimage"},"thumbnailUrl":"https:\/\/gravelart.be\/wp-content\/uploads\/2024\/11\/2411_Gravelizer-Light-Grey-Tuinen-Cornelis-6.jpg","datePublished":"2024-05-29T07:07:45+00:00","dateModified":"2026-05-17T02:00:25+00:00","description":"Gravelizer by Organic Lock est une solution innovante pour sentiers et terrasses : stable, perm\u00e9able, durable et disponible en plusieurs couleurs.","breadcrumb":{"@id":"https:\/\/gravelart.be\/fr\/product\/gravelizer-beige\/#breadcrumb"},"inLanguage":"fr-FR","potentialAction":[{"@type":"ReadAction","target":["https:\/\/gravelart.be\/fr\/product\/gravelizer-beige\/"]}]},{"@type":"ImageObject","inLanguage":"fr-FR","@id":"https:\/\/gravelart.be\/fr\/product\/gravelizer-beige\/#primaryimage","url":"https:\/\/gravelart.be\/wp-content\/uploads\/2024\/11\/2411_Gravelizer-Light-Grey-Tuinen-Cornelis-6.jpg","contentUrl":"https:\/\/gravelart.be\/wp-content\/uploads\/2024\/11\/2411_Gravelizer-Light-Grey-Tuinen-Cornelis-6.jpg","width":1536,"height":2048,"caption":"Strak Gravelizer pad langs huis"},{"@type":"BreadcrumbList","@id":"https:\/\/gravelart.be\/fr\/product\/gravelizer-beige\/#breadcrumb","itemListElement":[{"@type":"ListItem","position":1,"name":"Home","item":"https:\/\/gravelart.be\/fr\/"},{"@type":"ListItem","position":2,"name":"Produits","item":"https:\/\/gravelart.be\/fr\/boutique\/"},{"@type":"ListItem","position":3,"name":"Gravelizer Beige"}]},{"@type":"WebSite","@id":"https:\/\/gravelart.be\/fr\/#website","url":"https:\/\/gravelart.be\/fr\/","name":"Gravelart","description":"Alles voor tuin en park","publisher":{"@id":"https:\/\/gravelart.be\/fr\/#organization"},"potentialAction":[{"@type":"SearchAction","target":{"@type":"EntryPoint","urlTemplate":"https:\/\/gravelart.be\/fr\/?s={search_term_string}"},"query-input":{"@type":"PropertyValueSpecification","valueRequired":true,"valueName":"search_term_string"}}],"inLanguage":"fr-FR"},{"@type":"Organization","@id":"https:\/\/gravelart.be\/fr\/#organization","name":"Gravelart","url":"https:\/\/gravelart.be\/fr\/","logo":{"@type":"ImageObject","inLanguage":"fr-FR","@id":"https:\/\/gravelart.be\/fr\/#\/schema\/logo\/image\/","url":"https:\/\/gravelart.be\/wp-content\/uploads\/2022\/10\/logo-gravelart.png","contentUrl":"https:\/\/gravelart.be\/wp-content\/uploads\/2022\/10\/logo-gravelart.png","width":348,"height":186,"caption":"Gravelart"},"image":{"@id":"https:\/\/gravelart.be\/fr\/#\/schema\/logo\/image\/"}}]}},"_links":{"self":[{"href":"https:\/\/gravelart.be\/fr\/wp-json\/wp\/v2\/product\/46330","targetHints":{"allow":["GET"]}}],"collection":[{"href":"https:\/\/gravelart.be\/fr\/wp-json\/wp\/v2\/product"}],"about":[{"href":"https:\/\/gravelart.be\/fr\/wp-json\/wp\/v2\/types\/product"}],"replies":[{"embeddable":true,"href":"https:\/\/gravelart.be\/fr\/wp-json\/wp\/v2\/comments?post=46330"}],"wp:featuredmedia":[{"embeddable":true,"href":"https:\/\/gravelart.be\/fr\/wp-json\/wp\/v2\/media\/47868"}],"wp:attachment":[{"href":"https:\/\/gravelart.be\/fr\/wp-json\/wp\/v2\/media?parent=46330"}],"wp:term":[{"taxonomy":"product_brand","embeddable":true,"href":"https:\/\/gravelart.be\/fr\/wp-json\/wp\/v2\/product_brand?post=46330"},{"taxonomy":"product_cat","embeddable":true,"href":"https:\/\/gravelart.be\/fr\/wp-json\/wp\/v2\/product_cat?post=46330"},{"taxonomy":"product_tag","embeddable":true,"href":"https:\/\/gravelart.be\/fr\/wp-json\/wp\/v2\/product_tag?post=46330"}],"curies":[{"name":"wp","href":"https:\/\/api.w.org\/{rel}","templated":true}]}}