{"id":46342,"date":"2024-05-29T09:11:03","date_gmt":"2024-05-29T07:11:03","guid":{"rendered":"https:\/\/gravelart.be\/?post_type=product&#038;p=46342"},"modified":"2025-11-28T11:51:33","modified_gmt":"2025-11-28T10:51:33","slug":"gravelizer-red","status":"publish","type":"product","link":"https:\/\/gravelart.be\/fr\/product\/gravelizer-red\/","title":{"rendered":"Gravelizer Red"},"content":{"rendered":"","protected":false},"excerpt":{"rendered":"<p data-start=\"120\" data-end=\"304\">La <strong data-start=\"123\" data-end=\"153\">Gravelizer by Organic Lock<\/strong> est une solution r\u00e9volutionnaire pour cr\u00e9er des surfaces stables et perm\u00e9ables, id\u00e9ale pour les sentiers, terrasses et projets d\u2019am\u00e9nagement paysager.<\/p>\n<h2 data-start=\"306\" data-end=\"356\"><strong data-start=\"309\" data-end=\"356\">Caract\u00e9ristiques uniques de la Gravelizer :<\/strong><\/h2>\n<ul>\n<li data-start=\"358\" data-end=\"861\"><strong data-start=\"358\" data-end=\"384\">R\u00e9sistance \u00e0 l\u2019\u00e9rosion<\/strong> : garantit une stabilit\u00e9 durable.<\/li>\n<li data-start=\"358\" data-end=\"861\"><strong data-start=\"421\" data-end=\"445\">Perm\u00e9abilit\u00e9 \u00e0 l\u2019eau<\/strong> : \u00e9vite la formation de flaques et am\u00e9liore le drainage.<\/li>\n<li data-start=\"358\" data-end=\"861\"><strong data-start=\"505\" data-end=\"522\">Auto-r\u00e9parant<\/strong> : facile \u00e0 entretenir et reste en excellent \u00e9tat.<\/li>\n<li data-start=\"358\" data-end=\"861\"><strong data-start=\"575\" data-end=\"595\">Couleur \u00e9l\u00e9gante<\/strong> : la version rouge offre un aspect vif et chaleureux qui apporte une touche de couleur \u00e0 tout espace ext\u00e9rieur.<\/li>\n<li data-start=\"358\" data-end=\"861\"><strong data-start=\"710\" data-end=\"734\">Couleurs disponibles<\/strong> : en plus du rouge, la Gravelizer est disponible dans plusieurs teintes afin de r\u00e9pondre \u00e0 toutes vos exigences de conception.<\/li>\n<\/ul>\n<p data-start=\"868\" data-end=\"929\"><strong data-start=\"868\" data-end=\"890\">Prix sur demande !<\/strong> <a href=\"https:\/\/gravelart.be\/fr\/service-clientele\/contact\/\">Contactez notre service client\u00e8le ici.<\/a><\/p>\n<p data-start=\"931\" data-end=\"1109\"><strong data-start=\"931\" data-end=\"946\">Attention :<\/strong> ce produit n\u2019est pas en stock dans notre d\u00e9p\u00f4t ; il est sp\u00e9cialement m\u00e9lang\u00e9 dans notre site de production.<br data-start=\"1054\" data-end=\"1057\" \/>Les commandes Gravelizer sont <strong data-start=\"1087\" data-end=\"1107\">toujours livr\u00e9es<\/strong> !<\/p>\n","protected":false},"featured_media":46364,"comment_status":"open","ping_status":"closed","template":"","meta":{"_acf_changed":false,"inline_featured_image":false},"product_brand":[],"product_cat":[4913,5182],"product_tag":[],"class_list":{"0":"post-46342","1":"product","2":"type-product","3":"status-publish","4":"has-post-thumbnail","6":"product_cat-semi-pave","7":"product_cat-solutions-permeables-2","9":"first","10":"instock","11":"taxable","12":"shipping-taxable","13":"purchasable","14":"product-type-variable","15":"has-default-attributes"},"acf":{"woocommerce_erp_id":"17973","woocommerce_cnk_id":"103718","product_density":0,"custom_prices":[{"variation_id":"46343","customer_group":"PRO","customer_id":"","min_qty":1,"max_qty":9999999,"steps":1,"price":0.01,"price_incl":0.01,"delivery_group":"DELIVERY","warehouse_id":""}],"packaging_ids":[{"packaging_name":"","packaging_id":"69","erp_id":"17973"}]},"yoast_head":"<!-- This site is optimized with the Yoast SEO plugin v27.3 - https:\/\/yoast.com\/product\/yoast-seo-wordpress\/ -->\n<title>Gravelizer Red - Gravelart<\/title>\n<meta name=\"description\" content=\"Surface stabilis\u00e9e et perm\u00e9able \u00e0 base de Gravelizer by Organic Lock, id\u00e9ale pour sentiers, terrasses et projets paysagers. R\u00e9sistante \u00e0 l\u2019\u00e9rosion, auto-r\u00e9paratrice et disponible en plusieurs couleurs.\" \/>\n<meta name=\"robots\" content=\"index, follow, max-snippet:-1, max-image-preview:large, max-video-preview:-1\" \/>\n<link rel=\"canonical\" href=\"https:\/\/gravelart.be\/fr\/product\/gravelizer-red\/\" \/>\n<meta property=\"og:locale\" content=\"fr_FR\" \/>\n<meta property=\"og:type\" content=\"article\" \/>\n<meta property=\"og:title\" content=\"Gravelizer Red - Gravelart\" \/>\n<meta property=\"og:description\" content=\"Surface stabilis\u00e9e et perm\u00e9able \u00e0 base de Gravelizer by Organic Lock, id\u00e9ale pour sentiers, terrasses et projets paysagers. R\u00e9sistante \u00e0 l\u2019\u00e9rosion, auto-r\u00e9paratrice et disponible en plusieurs couleurs.\" \/>\n<meta property=\"og:url\" content=\"https:\/\/gravelart.be\/fr\/product\/gravelizer-red\/\" \/>\n<meta property=\"og:site_name\" content=\"Gravelart\" \/>\n<meta property=\"article:modified_time\" content=\"2025-11-28T10:51:33+00:00\" \/>\n<meta property=\"og:image\" content=\"https:\/\/gravelart.be\/wp-content\/uploads\/2024\/05\/Gravelizer-by-Organic-Lock-Indianapolis.png\" \/>\n\t<meta property=\"og:image:width\" content=\"637\" \/>\n\t<meta property=\"og:image:height\" content=\"959\" \/>\n\t<meta property=\"og:image:type\" content=\"image\/png\" \/>\n<meta name=\"twitter:card\" content=\"summary_large_image\" \/>\n<meta name=\"twitter:label1\" content=\"Dur\u00e9e de lecture estim\u00e9e\" \/>\n\t<meta name=\"twitter:data1\" content=\"1 minute\" \/>\n<script type=\"application\/ld+json\" class=\"yoast-schema-graph\">{\"@context\":\"https:\\\/\\\/schema.org\",\"@graph\":[{\"@type\":\"WebPage\",\"@id\":\"https:\\\/\\\/gravelart.be\\\/fr\\\/product\\\/gravelizer-red\\\/\",\"url\":\"https:\\\/\\\/gravelart.be\\\/fr\\\/product\\\/gravelizer-red\\\/\",\"name\":\"Gravelizer Red - Gravelart\",\"isPartOf\":{\"@id\":\"https:\\\/\\\/gravelart.be\\\/fr\\\/#website\"},\"primaryImageOfPage\":{\"@id\":\"https:\\\/\\\/gravelart.be\\\/fr\\\/product\\\/gravelizer-red\\\/#primaryimage\"},\"image\":{\"@id\":\"https:\\\/\\\/gravelart.be\\\/fr\\\/product\\\/gravelizer-red\\\/#primaryimage\"},\"thumbnailUrl\":\"https:\\\/\\\/gravelart.be\\\/wp-content\\\/uploads\\\/2024\\\/05\\\/Gravelizer-by-Organic-Lock-Indianapolis.png\",\"datePublished\":\"2024-05-29T07:11:03+00:00\",\"dateModified\":\"2025-11-28T10:51:33+00:00\",\"description\":\"Surface stabilis\u00e9e et perm\u00e9able \u00e0 base de Gravelizer by Organic Lock, id\u00e9ale pour sentiers, terrasses et projets paysagers. R\u00e9sistante \u00e0 l\u2019\u00e9rosion, auto-r\u00e9paratrice et disponible en plusieurs couleurs.\",\"breadcrumb\":{\"@id\":\"https:\\\/\\\/gravelart.be\\\/fr\\\/product\\\/gravelizer-red\\\/#breadcrumb\"},\"inLanguage\":\"fr-FR\",\"potentialAction\":[{\"@type\":\"ReadAction\",\"target\":[\"https:\\\/\\\/gravelart.be\\\/fr\\\/product\\\/gravelizer-red\\\/\"]}]},{\"@type\":\"ImageObject\",\"inLanguage\":\"fr-FR\",\"@id\":\"https:\\\/\\\/gravelart.be\\\/fr\\\/product\\\/gravelizer-red\\\/#primaryimage\",\"url\":\"https:\\\/\\\/gravelart.be\\\/wp-content\\\/uploads\\\/2024\\\/05\\\/Gravelizer-by-Organic-Lock-Indianapolis.png\",\"contentUrl\":\"https:\\\/\\\/gravelart.be\\\/wp-content\\\/uploads\\\/2024\\\/05\\\/Gravelizer-by-Organic-Lock-Indianapolis.png\",\"width\":637,\"height\":959,\"caption\":\"Gravelizer red\"},{\"@type\":\"BreadcrumbList\",\"@id\":\"https:\\\/\\\/gravelart.be\\\/fr\\\/product\\\/gravelizer-red\\\/#breadcrumb\",\"itemListElement\":[{\"@type\":\"ListItem\",\"position\":1,\"name\":\"Home\",\"item\":\"https:\\\/\\\/gravelart.be\\\/fr\\\/\"},{\"@type\":\"ListItem\",\"position\":2,\"name\":\"Produits\",\"item\":\"https:\\\/\\\/gravelart.be\\\/fr\\\/boutique\\\/\"},{\"@type\":\"ListItem\",\"position\":3,\"name\":\"Gravelizer Red\"}]},{\"@type\":\"WebSite\",\"@id\":\"https:\\\/\\\/gravelart.be\\\/fr\\\/#website\",\"url\":\"https:\\\/\\\/gravelart.be\\\/fr\\\/\",\"name\":\"Gravelart\",\"description\":\"Alles voor tuin en park\",\"publisher\":{\"@id\":\"https:\\\/\\\/gravelart.be\\\/fr\\\/#organization\"},\"potentialAction\":[{\"@type\":\"SearchAction\",\"target\":{\"@type\":\"EntryPoint\",\"urlTemplate\":\"https:\\\/\\\/gravelart.be\\\/fr\\\/?s={search_term_string}\"},\"query-input\":{\"@type\":\"PropertyValueSpecification\",\"valueRequired\":true,\"valueName\":\"search_term_string\"}}],\"inLanguage\":\"fr-FR\"},{\"@type\":\"Organization\",\"@id\":\"https:\\\/\\\/gravelart.be\\\/fr\\\/#organization\",\"name\":\"Gravelart\",\"url\":\"https:\\\/\\\/gravelart.be\\\/fr\\\/\",\"logo\":{\"@type\":\"ImageObject\",\"inLanguage\":\"fr-FR\",\"@id\":\"https:\\\/\\\/gravelart.be\\\/fr\\\/#\\\/schema\\\/logo\\\/image\\\/\",\"url\":\"https:\\\/\\\/gravelart.be\\\/wp-content\\\/uploads\\\/2022\\\/10\\\/logo-gravelart.png\",\"contentUrl\":\"https:\\\/\\\/gravelart.be\\\/wp-content\\\/uploads\\\/2022\\\/10\\\/logo-gravelart.png\",\"width\":348,\"height\":186,\"caption\":\"Gravelart\"},\"image\":{\"@id\":\"https:\\\/\\\/gravelart.be\\\/fr\\\/#\\\/schema\\\/logo\\\/image\\\/\"}}]}<\/script>\n<!-- \/ Yoast SEO plugin. -->","yoast_head_json":{"title":"Gravelizer Red - Gravelart","description":"Surface stabilis\u00e9e et perm\u00e9able \u00e0 base de Gravelizer by Organic Lock, id\u00e9ale pour sentiers, terrasses et projets paysagers. R\u00e9sistante \u00e0 l\u2019\u00e9rosion, auto-r\u00e9paratrice et disponible en plusieurs couleurs.","robots":{"index":"index","follow":"follow","max-snippet":"max-snippet:-1","max-image-preview":"max-image-preview:large","max-video-preview":"max-video-preview:-1"},"canonical":"https:\/\/gravelart.be\/fr\/product\/gravelizer-red\/","og_locale":"fr_FR","og_type":"article","og_title":"Gravelizer Red - Gravelart","og_description":"Surface stabilis\u00e9e et perm\u00e9able \u00e0 base de Gravelizer by Organic Lock, id\u00e9ale pour sentiers, terrasses et projets paysagers. R\u00e9sistante \u00e0 l\u2019\u00e9rosion, auto-r\u00e9paratrice et disponible en plusieurs couleurs.","og_url":"https:\/\/gravelart.be\/fr\/product\/gravelizer-red\/","og_site_name":"Gravelart","article_modified_time":"2025-11-28T10:51:33+00:00","og_image":[{"width":637,"height":959,"url":"https:\/\/gravelart.be\/wp-content\/uploads\/2024\/05\/Gravelizer-by-Organic-Lock-Indianapolis.png","type":"image\/png"}],"twitter_card":"summary_large_image","twitter_misc":{"Dur\u00e9e de lecture estim\u00e9e":"1 minute"},"schema":{"@context":"https:\/\/schema.org","@graph":[{"@type":"WebPage","@id":"https:\/\/gravelart.be\/fr\/product\/gravelizer-red\/","url":"https:\/\/gravelart.be\/fr\/product\/gravelizer-red\/","name":"Gravelizer Red - Gravelart","isPartOf":{"@id":"https:\/\/gravelart.be\/fr\/#website"},"primaryImageOfPage":{"@id":"https:\/\/gravelart.be\/fr\/product\/gravelizer-red\/#primaryimage"},"image":{"@id":"https:\/\/gravelart.be\/fr\/product\/gravelizer-red\/#primaryimage"},"thumbnailUrl":"https:\/\/gravelart.be\/wp-content\/uploads\/2024\/05\/Gravelizer-by-Organic-Lock-Indianapolis.png","datePublished":"2024-05-29T07:11:03+00:00","dateModified":"2025-11-28T10:51:33+00:00","description":"Surface stabilis\u00e9e et perm\u00e9able \u00e0 base de Gravelizer by Organic Lock, id\u00e9ale pour sentiers, terrasses et projets paysagers. R\u00e9sistante \u00e0 l\u2019\u00e9rosion, auto-r\u00e9paratrice et disponible en plusieurs couleurs.","breadcrumb":{"@id":"https:\/\/gravelart.be\/fr\/product\/gravelizer-red\/#breadcrumb"},"inLanguage":"fr-FR","potentialAction":[{"@type":"ReadAction","target":["https:\/\/gravelart.be\/fr\/product\/gravelizer-red\/"]}]},{"@type":"ImageObject","inLanguage":"fr-FR","@id":"https:\/\/gravelart.be\/fr\/product\/gravelizer-red\/#primaryimage","url":"https:\/\/gravelart.be\/wp-content\/uploads\/2024\/05\/Gravelizer-by-Organic-Lock-Indianapolis.png","contentUrl":"https:\/\/gravelart.be\/wp-content\/uploads\/2024\/05\/Gravelizer-by-Organic-Lock-Indianapolis.png","width":637,"height":959,"caption":"Gravelizer red"},{"@type":"BreadcrumbList","@id":"https:\/\/gravelart.be\/fr\/product\/gravelizer-red\/#breadcrumb","itemListElement":[{"@type":"ListItem","position":1,"name":"Home","item":"https:\/\/gravelart.be\/fr\/"},{"@type":"ListItem","position":2,"name":"Produits","item":"https:\/\/gravelart.be\/fr\/boutique\/"},{"@type":"ListItem","position":3,"name":"Gravelizer Red"}]},{"@type":"WebSite","@id":"https:\/\/gravelart.be\/fr\/#website","url":"https:\/\/gravelart.be\/fr\/","name":"Gravelart","description":"Alles voor tuin en park","publisher":{"@id":"https:\/\/gravelart.be\/fr\/#organization"},"potentialAction":[{"@type":"SearchAction","target":{"@type":"EntryPoint","urlTemplate":"https:\/\/gravelart.be\/fr\/?s={search_term_string}"},"query-input":{"@type":"PropertyValueSpecification","valueRequired":true,"valueName":"search_term_string"}}],"inLanguage":"fr-FR"},{"@type":"Organization","@id":"https:\/\/gravelart.be\/fr\/#organization","name":"Gravelart","url":"https:\/\/gravelart.be\/fr\/","logo":{"@type":"ImageObject","inLanguage":"fr-FR","@id":"https:\/\/gravelart.be\/fr\/#\/schema\/logo\/image\/","url":"https:\/\/gravelart.be\/wp-content\/uploads\/2022\/10\/logo-gravelart.png","contentUrl":"https:\/\/gravelart.be\/wp-content\/uploads\/2022\/10\/logo-gravelart.png","width":348,"height":186,"caption":"Gravelart"},"image":{"@id":"https:\/\/gravelart.be\/fr\/#\/schema\/logo\/image\/"}}]}},"_links":{"self":[{"href":"https:\/\/gravelart.be\/fr\/wp-json\/wp\/v2\/product\/46342","targetHints":{"allow":["GET"]}}],"collection":[{"href":"https:\/\/gravelart.be\/fr\/wp-json\/wp\/v2\/product"}],"about":[{"href":"https:\/\/gravelart.be\/fr\/wp-json\/wp\/v2\/types\/product"}],"replies":[{"embeddable":true,"href":"https:\/\/gravelart.be\/fr\/wp-json\/wp\/v2\/comments?post=46342"}],"wp:featuredmedia":[{"embeddable":true,"href":"https:\/\/gravelart.be\/fr\/wp-json\/wp\/v2\/media\/46364"}],"wp:attachment":[{"href":"https:\/\/gravelart.be\/fr\/wp-json\/wp\/v2\/media?parent=46342"}],"wp:term":[{"taxonomy":"product_brand","embeddable":true,"href":"https:\/\/gravelart.be\/fr\/wp-json\/wp\/v2\/product_brand?post=46342"},{"taxonomy":"product_cat","embeddable":true,"href":"https:\/\/gravelart.be\/fr\/wp-json\/wp\/v2\/product_cat?post=46342"},{"taxonomy":"product_tag","embeddable":true,"href":"https:\/\/gravelart.be\/fr\/wp-json\/wp\/v2\/product_tag?post=46342"}],"curies":[{"name":"wp","href":"https:\/\/api.w.org\/{rel}","templated":true}]}}