{"id":47958,"date":"2024-11-07T15:26:44","date_gmt":"2024-11-07T14:26:44","guid":{"rendered":"https:\/\/gravelart.be\/?post_type=product&#038;p=47958"},"modified":"2026-04-30T04:00:14","modified_gmt":"2026-04-30T02:00:14","slug":"boutures-de-sedum","status":"publish","type":"product","link":"https:\/\/gravelart.be\/fr\/product\/boutures-de-sedum\/","title":{"rendered":"Boutures de sedum"},"content":{"rendered":"","protected":false},"excerpt":{"rendered":"<p data-start=\"93\" data-end=\"595\">Nos <strong data-start=\"97\" data-end=\"145\">boutures de sedum pour toitures v\u00e9g\u00e9talis\u00e9es<\/strong> sont id\u00e9ales pour la r\u00e9alisation rapide et facile d\u2019un toit vert. Ces boutures contiennent des pousses de diff\u00e9rentes esp\u00e8ces de sedum (<strong data-start=\"282\" data-end=\"300\">4 \u00e0 8 vari\u00e9t\u00e9s<\/strong>), cultiv\u00e9es sur sol belge. La composition varie selon la saison, garantissant \u00e0 chaque p\u00e9riode de pose un aspect naturel et harmonieux.<br data-start=\"436\" data-end=\"439\" \/>Les boutures de sedum se r\u00e9partissent facilement sur le substrat pour toitures v\u00e9g\u00e9talis\u00e9es <strong data-start=\"531\" data-end=\"543\">CREAroof<\/strong> et se d\u00e9veloppent en un magnifique couvre-sol vert.<\/p>\n<h3 data-start=\"597\" data-end=\"661\">Avantages des boutures de sedum pour toitures v\u00e9g\u00e9talis\u00e9es :<\/h3>\n<ul data-start=\"662\" data-end=\"1107\">\n<li data-start=\"662\" data-end=\"810\">\n<p data-start=\"664\" data-end=\"810\"><strong data-start=\"664\" data-end=\"711\">R\u00e9sistantes \u00e0 la chaleur et \u00e0 la s\u00e9cheresse<\/strong> : adapt\u00e9es aux conditions climatiques extr\u00eames et parfaitement compatibles avec le climat belge.<\/p>\n<\/li>\n<li data-start=\"811\" data-end=\"899\">\n<p data-start=\"813\" data-end=\"899\"><strong data-start=\"813\" data-end=\"838\">Variation saisonni\u00e8re<\/strong> : le m\u00e9lange \u00e9volue selon la saison pour un rendu naturel.<\/p>\n<\/li>\n<li data-start=\"900\" data-end=\"986\">\n<p data-start=\"902\" data-end=\"986\"><strong data-start=\"902\" data-end=\"924\">Application facile<\/strong> : \u00e0 \u00e9pandre directement sur le substrat, pr\u00eates \u00e0 l\u2019emploi.<\/p>\n<\/li>\n<li data-start=\"987\" data-end=\"1107\">\n<p data-start=\"989\" data-end=\"1107\"><strong data-start=\"989\" data-end=\"1032\">Durables et n\u00e9cessitant peu d\u2019entretien<\/strong> : le sedum demande peu de soins tout en assurant un r\u00e9sultat vert durable.<\/p>\n<\/li>\n<\/ul>\n<p data-start=\"1109\" data-end=\"1142\"><strong data-start=\"1109\" data-end=\"1121\">Dosage :<\/strong><br data-start=\"1121\" data-end=\"1124\" \/>100 \u00e0 200 g par m\u00b2<\/p>\n<p data-start=\"1144\" data-end=\"1320\">Compl\u00e9tez votre toiture v\u00e9g\u00e9talis\u00e9e avec nos <strong data-start=\"1189\" data-end=\"1210\">boutures de sedum<\/strong> et offrez \u00e0 votre projet une finition durable et naturelle.<br data-start=\"1270\" data-end=\"1273\" \/><strong data-start=\"1273\" data-end=\"1291\">Contactez-nous<\/strong> pour passer votre commande !<\/p>\n<p data-start=\"1322\" data-end=\"1384\">\u26a0\ufe0f <strong data-start=\"1325\" data-end=\"1384\">Disponible uniquement sur commande, de mai \u00e0 septembre.<\/strong><\/p>\n","protected":false},"featured_media":47978,"comment_status":"open","ping_status":"closed","template":"","meta":{"_acf_changed":false,"inline_featured_image":false},"product_brand":[],"product_cat":[4152],"product_tag":[],"class_list":{"0":"post-47958","1":"product","2":"type-product","3":"status-publish","4":"has-post-thumbnail","6":"product_cat-toitures-vertes","8":"first","9":"instock","10":"taxable","11":"shipping-taxable","12":"purchasable","13":"product-type-variable","14":"has-default-attributes"},"acf":{"woocommerce_erp_id":"17342","woocommerce_cnk_id":"103036","product_density":0,"custom_prices":[{"variation_id":"47959","customer_group":"PRO","customer_id":"","min_qty":1,"max_qty":9999999,"steps":1,"price":25,"price_incl":26.5,"delivery_group":"COLLECT","warehouse_id":""},{"variation_id":"47959","customer_group":"PRO","customer_id":"","min_qty":1,"max_qty":9999999,"steps":1,"price":25,"price_incl":26.5,"delivery_group":"DELIVERY","warehouse_id":""},{"variation_id":"47959","customer_group":"PRO","customer_id":"","min_qty":1,"max_qty":9999999,"steps":1,"price":24.15,"price_incl":25.6,"delivery_group":"COLLECT","warehouse_id":"L"},{"variation_id":"47959","customer_group":"PRO","customer_id":"","min_qty":1,"max_qty":9999999,"steps":1,"price":24.15,"price_incl":25.6,"delivery_group":"DELIVERY","warehouse_id":"L"},{"variation_id":"47959","customer_group":"PRO","customer_id":"","min_qty":1,"max_qty":9999999,"steps":1,"price":25,"price_incl":26.5,"delivery_group":"COLLECT","warehouse_id":""},{"variation_id":"47959","customer_group":"PRO","customer_id":"","min_qty":1,"max_qty":9999999,"steps":1,"price":25,"price_incl":26.5,"delivery_group":"DELIVERY","warehouse_id":""},{"variation_id":"47959","customer_group":"CON","customer_id":"","min_qty":1,"max_qty":9999999,"steps":1,"price":33.02,"price_incl":35,"delivery_group":"COLLECT","warehouse_id":"L"},{"variation_id":"47959","customer_group":"CON","customer_id":"","min_qty":1,"max_qty":9999999,"steps":1,"price":33.02,"price_incl":35,"delivery_group":"DELIVERY","warehouse_id":"L"},{"variation_id":"47959","customer_group":"DISTRI","customer_id":"","min_qty":1,"max_qty":9999999,"steps":1,"price":20.53,"price_incl":21.76,"delivery_group":"COLLECT","warehouse_id":"L"},{"variation_id":"47959","customer_group":"DISTRI","customer_id":"","min_qty":1,"max_qty":9999999,"steps":1,"price":20.53,"price_incl":21.76,"delivery_group":"DELIVERY","warehouse_id":"L"},{"variation_id":"47959","customer_group":"DISTRI","customer_id":"129214","min_qty":1,"max_qty":9999999,"steps":1,"price":10.21,"price_incl":10.82,"delivery_group":"COLLECT","warehouse_id":"L"},{"variation_id":"47959","customer_group":"DISTRI","customer_id":"129214","min_qty":1,"max_qty":9999999,"steps":1,"price":10.21,"price_incl":10.82,"delivery_group":"DELIVERY","warehouse_id":"L"}],"packaging_ids":[{"packaging_name":"Sacs","packaging_id":"95","erp_id":"17342"}]},"yoast_head":"<!-- This site is optimized with the Yoast SEO plugin v27.3 - https:\/\/yoast.com\/product\/yoast-seo-wordpress\/ -->\n<title>Boutures de sedum - Gravelart<\/title>\n<meta name=\"description\" content=\"Boutures de sedum , cultiv\u00e9es en Belgique, faciles \u00e0 poser, r\u00e9sistantes \u00e0 la chaleur et \u00e0 la s\u00e9cheresse. Disponibles de mai \u00e0 septembre.\" \/>\n<meta name=\"robots\" content=\"index, follow, max-snippet:-1, max-image-preview:large, max-video-preview:-1\" \/>\n<link rel=\"canonical\" href=\"https:\/\/gravelart.be\/fr\/product\/boutures-de-sedum\/\" \/>\n<meta property=\"og:locale\" content=\"fr_FR\" \/>\n<meta property=\"og:type\" content=\"article\" \/>\n<meta property=\"og:title\" content=\"Boutures de sedum - Gravelart\" \/>\n<meta property=\"og:description\" content=\"Boutures de sedum , cultiv\u00e9es en Belgique, faciles \u00e0 poser, r\u00e9sistantes \u00e0 la chaleur et \u00e0 la s\u00e9cheresse. Disponibles de mai \u00e0 septembre.\" \/>\n<meta property=\"og:url\" content=\"https:\/\/gravelart.be\/fr\/product\/boutures-de-sedum\/\" \/>\n<meta property=\"og:site_name\" content=\"Gravelart\" \/>\n<meta property=\"article:modified_time\" content=\"2026-04-30T02:00:14+00:00\" \/>\n<meta property=\"og:image\" content=\"https:\/\/gravelart.be\/wp-content\/uploads\/2024\/11\/Sedumstek.jpg\" \/>\n\t<meta property=\"og:image:width\" content=\"1200\" \/>\n\t<meta property=\"og:image:height\" content=\"1600\" \/>\n\t<meta property=\"og:image:type\" content=\"image\/jpeg\" \/>\n<meta name=\"twitter:card\" content=\"summary_large_image\" \/>\n<meta name=\"twitter:label1\" content=\"Dur\u00e9e de lecture estim\u00e9e\" \/>\n\t<meta name=\"twitter:data1\" content=\"1 minute\" \/>\n<script type=\"application\/ld+json\" class=\"yoast-schema-graph\">{\"@context\":\"https:\\\/\\\/schema.org\",\"@graph\":[{\"@type\":\"WebPage\",\"@id\":\"https:\\\/\\\/gravelart.be\\\/fr\\\/product\\\/boutures-de-sedum\\\/\",\"url\":\"https:\\\/\\\/gravelart.be\\\/fr\\\/product\\\/boutures-de-sedum\\\/\",\"name\":\"Boutures de sedum - Gravelart\",\"isPartOf\":{\"@id\":\"https:\\\/\\\/gravelart.be\\\/fr\\\/#website\"},\"primaryImageOfPage\":{\"@id\":\"https:\\\/\\\/gravelart.be\\\/fr\\\/product\\\/boutures-de-sedum\\\/#primaryimage\"},\"image\":{\"@id\":\"https:\\\/\\\/gravelart.be\\\/fr\\\/product\\\/boutures-de-sedum\\\/#primaryimage\"},\"thumbnailUrl\":\"https:\\\/\\\/gravelart.be\\\/wp-content\\\/uploads\\\/2024\\\/11\\\/Sedumstek.jpg\",\"datePublished\":\"2024-11-07T14:26:44+00:00\",\"dateModified\":\"2026-04-30T02:00:14+00:00\",\"description\":\"Boutures de sedum , cultiv\u00e9es en Belgique, faciles \u00e0 poser, r\u00e9sistantes \u00e0 la chaleur et \u00e0 la s\u00e9cheresse. Disponibles de mai \u00e0 septembre.\",\"breadcrumb\":{\"@id\":\"https:\\\/\\\/gravelart.be\\\/fr\\\/product\\\/boutures-de-sedum\\\/#breadcrumb\"},\"inLanguage\":\"fr-FR\",\"potentialAction\":[{\"@type\":\"ReadAction\",\"target\":[\"https:\\\/\\\/gravelart.be\\\/fr\\\/product\\\/boutures-de-sedum\\\/\"]}]},{\"@type\":\"ImageObject\",\"inLanguage\":\"fr-FR\",\"@id\":\"https:\\\/\\\/gravelart.be\\\/fr\\\/product\\\/boutures-de-sedum\\\/#primaryimage\",\"url\":\"https:\\\/\\\/gravelart.be\\\/wp-content\\\/uploads\\\/2024\\\/11\\\/Sedumstek.jpg\",\"contentUrl\":\"https:\\\/\\\/gravelart.be\\\/wp-content\\\/uploads\\\/2024\\\/11\\\/Sedumstek.jpg\",\"width\":1200,\"height\":1600,\"caption\":\"Sedumstekken\"},{\"@type\":\"BreadcrumbList\",\"@id\":\"https:\\\/\\\/gravelart.be\\\/fr\\\/product\\\/boutures-de-sedum\\\/#breadcrumb\",\"itemListElement\":[{\"@type\":\"ListItem\",\"position\":1,\"name\":\"Home\",\"item\":\"https:\\\/\\\/gravelart.be\\\/fr\\\/\"},{\"@type\":\"ListItem\",\"position\":2,\"name\":\"Produits\",\"item\":\"https:\\\/\\\/gravelart.be\\\/fr\\\/boutique\\\/\"},{\"@type\":\"ListItem\",\"position\":3,\"name\":\"Boutures de sedum\"}]},{\"@type\":\"WebSite\",\"@id\":\"https:\\\/\\\/gravelart.be\\\/fr\\\/#website\",\"url\":\"https:\\\/\\\/gravelart.be\\\/fr\\\/\",\"name\":\"Gravelart\",\"description\":\"Alles voor tuin en park\",\"publisher\":{\"@id\":\"https:\\\/\\\/gravelart.be\\\/fr\\\/#organization\"},\"potentialAction\":[{\"@type\":\"SearchAction\",\"target\":{\"@type\":\"EntryPoint\",\"urlTemplate\":\"https:\\\/\\\/gravelart.be\\\/fr\\\/?s={search_term_string}\"},\"query-input\":{\"@type\":\"PropertyValueSpecification\",\"valueRequired\":true,\"valueName\":\"search_term_string\"}}],\"inLanguage\":\"fr-FR\"},{\"@type\":\"Organization\",\"@id\":\"https:\\\/\\\/gravelart.be\\\/fr\\\/#organization\",\"name\":\"Gravelart\",\"url\":\"https:\\\/\\\/gravelart.be\\\/fr\\\/\",\"logo\":{\"@type\":\"ImageObject\",\"inLanguage\":\"fr-FR\",\"@id\":\"https:\\\/\\\/gravelart.be\\\/fr\\\/#\\\/schema\\\/logo\\\/image\\\/\",\"url\":\"https:\\\/\\\/gravelart.be\\\/wp-content\\\/uploads\\\/2022\\\/10\\\/logo-gravelart.png\",\"contentUrl\":\"https:\\\/\\\/gravelart.be\\\/wp-content\\\/uploads\\\/2022\\\/10\\\/logo-gravelart.png\",\"width\":348,\"height\":186,\"caption\":\"Gravelart\"},\"image\":{\"@id\":\"https:\\\/\\\/gravelart.be\\\/fr\\\/#\\\/schema\\\/logo\\\/image\\\/\"}}]}<\/script>\n<!-- \/ Yoast SEO plugin. -->","yoast_head_json":{"title":"Boutures de sedum - Gravelart","description":"Boutures de sedum , cultiv\u00e9es en Belgique, faciles \u00e0 poser, r\u00e9sistantes \u00e0 la chaleur et \u00e0 la s\u00e9cheresse. Disponibles de mai \u00e0 septembre.","robots":{"index":"index","follow":"follow","max-snippet":"max-snippet:-1","max-image-preview":"max-image-preview:large","max-video-preview":"max-video-preview:-1"},"canonical":"https:\/\/gravelart.be\/fr\/product\/boutures-de-sedum\/","og_locale":"fr_FR","og_type":"article","og_title":"Boutures de sedum - Gravelart","og_description":"Boutures de sedum , cultiv\u00e9es en Belgique, faciles \u00e0 poser, r\u00e9sistantes \u00e0 la chaleur et \u00e0 la s\u00e9cheresse. Disponibles de mai \u00e0 septembre.","og_url":"https:\/\/gravelart.be\/fr\/product\/boutures-de-sedum\/","og_site_name":"Gravelart","article_modified_time":"2026-04-30T02:00:14+00:00","og_image":[{"width":1200,"height":1600,"url":"https:\/\/gravelart.be\/wp-content\/uploads\/2024\/11\/Sedumstek.jpg","type":"image\/jpeg"}],"twitter_card":"summary_large_image","twitter_misc":{"Dur\u00e9e de lecture estim\u00e9e":"1 minute"},"schema":{"@context":"https:\/\/schema.org","@graph":[{"@type":"WebPage","@id":"https:\/\/gravelart.be\/fr\/product\/boutures-de-sedum\/","url":"https:\/\/gravelart.be\/fr\/product\/boutures-de-sedum\/","name":"Boutures de sedum - Gravelart","isPartOf":{"@id":"https:\/\/gravelart.be\/fr\/#website"},"primaryImageOfPage":{"@id":"https:\/\/gravelart.be\/fr\/product\/boutures-de-sedum\/#primaryimage"},"image":{"@id":"https:\/\/gravelart.be\/fr\/product\/boutures-de-sedum\/#primaryimage"},"thumbnailUrl":"https:\/\/gravelart.be\/wp-content\/uploads\/2024\/11\/Sedumstek.jpg","datePublished":"2024-11-07T14:26:44+00:00","dateModified":"2026-04-30T02:00:14+00:00","description":"Boutures de sedum , cultiv\u00e9es en Belgique, faciles \u00e0 poser, r\u00e9sistantes \u00e0 la chaleur et \u00e0 la s\u00e9cheresse. Disponibles de mai \u00e0 septembre.","breadcrumb":{"@id":"https:\/\/gravelart.be\/fr\/product\/boutures-de-sedum\/#breadcrumb"},"inLanguage":"fr-FR","potentialAction":[{"@type":"ReadAction","target":["https:\/\/gravelart.be\/fr\/product\/boutures-de-sedum\/"]}]},{"@type":"ImageObject","inLanguage":"fr-FR","@id":"https:\/\/gravelart.be\/fr\/product\/boutures-de-sedum\/#primaryimage","url":"https:\/\/gravelart.be\/wp-content\/uploads\/2024\/11\/Sedumstek.jpg","contentUrl":"https:\/\/gravelart.be\/wp-content\/uploads\/2024\/11\/Sedumstek.jpg","width":1200,"height":1600,"caption":"Sedumstekken"},{"@type":"BreadcrumbList","@id":"https:\/\/gravelart.be\/fr\/product\/boutures-de-sedum\/#breadcrumb","itemListElement":[{"@type":"ListItem","position":1,"name":"Home","item":"https:\/\/gravelart.be\/fr\/"},{"@type":"ListItem","position":2,"name":"Produits","item":"https:\/\/gravelart.be\/fr\/boutique\/"},{"@type":"ListItem","position":3,"name":"Boutures de sedum"}]},{"@type":"WebSite","@id":"https:\/\/gravelart.be\/fr\/#website","url":"https:\/\/gravelart.be\/fr\/","name":"Gravelart","description":"Alles voor tuin en park","publisher":{"@id":"https:\/\/gravelart.be\/fr\/#organization"},"potentialAction":[{"@type":"SearchAction","target":{"@type":"EntryPoint","urlTemplate":"https:\/\/gravelart.be\/fr\/?s={search_term_string}"},"query-input":{"@type":"PropertyValueSpecification","valueRequired":true,"valueName":"search_term_string"}}],"inLanguage":"fr-FR"},{"@type":"Organization","@id":"https:\/\/gravelart.be\/fr\/#organization","name":"Gravelart","url":"https:\/\/gravelart.be\/fr\/","logo":{"@type":"ImageObject","inLanguage":"fr-FR","@id":"https:\/\/gravelart.be\/fr\/#\/schema\/logo\/image\/","url":"https:\/\/gravelart.be\/wp-content\/uploads\/2022\/10\/logo-gravelart.png","contentUrl":"https:\/\/gravelart.be\/wp-content\/uploads\/2022\/10\/logo-gravelart.png","width":348,"height":186,"caption":"Gravelart"},"image":{"@id":"https:\/\/gravelart.be\/fr\/#\/schema\/logo\/image\/"}}]}},"_links":{"self":[{"href":"https:\/\/gravelart.be\/fr\/wp-json\/wp\/v2\/product\/47958","targetHints":{"allow":["GET"]}}],"collection":[{"href":"https:\/\/gravelart.be\/fr\/wp-json\/wp\/v2\/product"}],"about":[{"href":"https:\/\/gravelart.be\/fr\/wp-json\/wp\/v2\/types\/product"}],"replies":[{"embeddable":true,"href":"https:\/\/gravelart.be\/fr\/wp-json\/wp\/v2\/comments?post=47958"}],"wp:featuredmedia":[{"embeddable":true,"href":"https:\/\/gravelart.be\/fr\/wp-json\/wp\/v2\/media\/47978"}],"wp:attachment":[{"href":"https:\/\/gravelart.be\/fr\/wp-json\/wp\/v2\/media?parent=47958"}],"wp:term":[{"taxonomy":"product_brand","embeddable":true,"href":"https:\/\/gravelart.be\/fr\/wp-json\/wp\/v2\/product_brand?post=47958"},{"taxonomy":"product_cat","embeddable":true,"href":"https:\/\/gravelart.be\/fr\/wp-json\/wp\/v2\/product_cat?post=47958"},{"taxonomy":"product_tag","embeddable":true,"href":"https:\/\/gravelart.be\/fr\/wp-json\/wp\/v2\/product_tag?post=47958"}],"curies":[{"name":"wp","href":"https:\/\/api.w.org\/{rel}","templated":true}]}}