{"id":48078,"date":"2024-11-28T13:57:53","date_gmt":"2024-11-28T12:57:53","guid":{"rendered":"https:\/\/gravelart.be\/?post_type=product&#038;p=48078"},"modified":"2026-05-14T04:00:11","modified_gmt":"2026-05-14T02:00:11","slug":"beach-pebbles-black-60-100","status":"publish","type":"product","link":"https:\/\/gravelart.be\/fr\/product\/beach-pebbles-black-60-100\/","title":{"rendered":"Beach Pebbles Black 60\/100"},"content":{"rendered":"","protected":false},"excerpt":{"rendered":"<p>Les Beach Pebbles Black 60\/100 apportent un charme intemporel \u00e0 vos am\u00e9nagements ext\u00e9rieurs.<br \/>Notre <strong><a href=\"https:\/\/gravelart.be\/fr\/product-categorie\/gravier-stabilisateurs-de-gravier\/gravier-roule\/\">gamme de Beach Pebbles<\/a><\/strong> provient de diff\u00e9rentes carri\u00e8res autour de la M\u00e9diterran\u00e9e et apporte une touche de beaut\u00e9 naturelle aux bassins de baignade, aux vitrines ou encore comme accent d\u00e9coratif dans des bacs \u00e0 plantes.<\/p>\n<p><strong>Avantages des Beach Pebbles Black 60\/100 :<\/strong><\/p>\n<ul>\n<li><strong>Durables et r\u00e9sistants aux intemp\u00e9ries<\/strong> : Supportent toutes les conditions climatiques.<\/li>\n<li><strong>Design polyvalent <\/strong>: Conviennent \u00e0 de nombreuses applications d\u00e9coratives.<\/li>\n<li><strong>Id\u00e9als pour les gabions<\/strong> : Les grands formats s\u2019int\u00e8grent parfaitement dans des gabions.<\/li>\n<\/ul>\n<p><strong>Disponible uniquement \u00e0 Wevelgem \u2013 enl\u00e8vement en big bag<\/strong><\/p>\n<p><strong>Sacs disponibles \u00e0 Zedelgem &amp; Wevelgem<\/strong><\/p>\n","protected":false},"featured_media":44676,"comment_status":"open","ping_status":"closed","template":"","meta":{"_acf_changed":false,"inline_featured_image":false},"product_brand":[],"product_cat":[4162,4151],"product_tag":[],"class_list":{"0":"post-48078","1":"product","2":"type-product","3":"status-publish","4":"has-post-thumbnail","6":"product_cat-gravier-roule","7":"product_cat-moellons-galets","9":"first","10":"instock","11":"taxable","12":"shipping-taxable","13":"purchasable","14":"product-type-variable","15":"has-default-attributes"},"acf":{"woocommerce_erp_id":"5962","woocommerce_cnk_id":"100405","product_density":1.6,"custom_prices":[{"variation_id":"48079","customer_group":"DISTRI","customer_id":"","min_qty":1,"max_qty":9999999,"steps":1,"price":421.6,"price_incl":510.14,"delivery_group":"COLLECT","warehouse_id":""},{"variation_id":"48079","customer_group":"DISTRI","customer_id":"","min_qty":1,"max_qty":9999999,"steps":1,"price":421.6,"price_incl":510.14,"delivery_group":"DELIVERY","warehouse_id":""},{"variation_id":"48079","customer_group":"PRO","customer_id":"","min_qty":1,"max_qty":9999999,"steps":1,"price":461.55,"price_incl":558.48,"delivery_group":"COLLECT","warehouse_id":""},{"variation_id":"48079","customer_group":"PRO","customer_id":"","min_qty":1,"max_qty":9999999,"steps":1,"price":461.55,"price_incl":558.48,"delivery_group":"DELIVERY","warehouse_id":""},{"variation_id":"48079","customer_group":"CON","customer_id":"","min_qty":1,"max_qty":9999999,"steps":1,"price":556.49,"price_incl":673.35,"delivery_group":"COLLECT","warehouse_id":""},{"variation_id":"48079","customer_group":"CON","customer_id":"","min_qty":1,"max_qty":9999999,"steps":1,"price":556.49,"price_incl":673.35,"delivery_group":"DELIVERY","warehouse_id":""},{"variation_id":"48079","customer_group":"PER","customer_id":"","min_qty":1,"max_qty":9999999,"steps":1,"price":336.15,"price_incl":406.74,"delivery_group":"COLLECT","warehouse_id":""},{"variation_id":"48079","customer_group":"PER","customer_id":"","min_qty":1,"max_qty":9999999,"steps":1,"price":336.15,"price_incl":406.74,"delivery_group":"DELIVERY","warehouse_id":""},{"variation_id":"48079","customer_group":"DISTRI","customer_id":"129214","min_qty":1,"max_qty":9999999,"steps":1,"price":371.34,"price_incl":449.32,"delivery_group":"COLLECT","warehouse_id":""},{"variation_id":"48079","customer_group":"DISTRI","customer_id":"129214","min_qty":1,"max_qty":9999999,"steps":1,"price":371.34,"price_incl":449.32,"delivery_group":"DELIVERY","warehouse_id":""},{"variation_id":"48080","customer_group":"PRO","customer_id":"","min_qty":1,"max_qty":9999999,"steps":1,"price":6.91,"price_incl":8.36,"delivery_group":"COLLECT","warehouse_id":"W"},{"variation_id":"48080","customer_group":"DISTRI","customer_id":"129214","min_qty":1,"max_qty":9999999,"steps":1,"price":5.88,"price_incl":7.11,"delivery_group":"COLLECT","warehouse_id":""},{"variation_id":"48080","customer_group":"DISTRI","customer_id":"129214","min_qty":1,"max_qty":9999999,"steps":1,"price":5.88,"price_incl":7.11,"delivery_group":"DELIVERY","warehouse_id":""}],"packaging_ids":[{"packaging_name":"Big bag 1500 kg","packaging_id":"77","erp_id":"16586"},{"packaging_name":"Pi\u00e8ce","packaging_id":"73","erp_id":"17327"}]},"yoast_head":"<!-- This site is optimized with the Yoast SEO plugin v27.3 - https:\/\/yoast.com\/product\/yoast-seo-wordpress\/ -->\n<title>Beach Pebbles Black 60\/100 - Gravelart<\/title>\n<meta name=\"description\" content=\"Beach Pebbles Black 60\/100 : galets noirs faciles d\u2019entretien au charme naturel. Disponibles en big bag ou en sacs.\" \/>\n<meta name=\"robots\" content=\"index, follow, max-snippet:-1, max-image-preview:large, max-video-preview:-1\" \/>\n<link rel=\"canonical\" href=\"https:\/\/gravelart.be\/fr\/product\/beach-pebbles-black-60-100\/\" \/>\n<meta property=\"og:locale\" content=\"fr_FR\" \/>\n<meta property=\"og:type\" content=\"article\" \/>\n<meta property=\"og:title\" content=\"Beach Pebbles Black 60\/100 - Gravelart\" \/>\n<meta property=\"og:description\" content=\"Beach Pebbles Black 60\/100 : galets noirs faciles d\u2019entretien au charme naturel. Disponibles en big bag ou en sacs.\" \/>\n<meta property=\"og:url\" content=\"https:\/\/gravelart.be\/fr\/product\/beach-pebbles-black-60-100\/\" \/>\n<meta property=\"og:site_name\" content=\"Gravelart\" \/>\n<meta property=\"article:modified_time\" content=\"2026-05-14T02:00:11+00:00\" \/>\n<meta property=\"og:image\" content=\"https:\/\/gravelart.be\/wp-content\/uploads\/2023\/08\/Beach-Pebbles-Black-80-100-droog-scaled.jpg\" \/>\n\t<meta property=\"og:image:width\" content=\"2560\" \/>\n\t<meta property=\"og:image:height\" content=\"1707\" \/>\n\t<meta property=\"og:image:type\" content=\"image\/jpeg\" \/>\n<meta name=\"twitter:card\" content=\"summary_large_image\" \/>\n<meta name=\"twitter:label1\" content=\"Dur\u00e9e de lecture estim\u00e9e\" \/>\n\t<meta name=\"twitter:data1\" content=\"1 minute\" \/>\n<script type=\"application\/ld+json\" class=\"yoast-schema-graph\">{\"@context\":\"https:\\\/\\\/schema.org\",\"@graph\":[{\"@type\":\"WebPage\",\"@id\":\"https:\\\/\\\/gravelart.be\\\/fr\\\/product\\\/beach-pebbles-black-60-100\\\/\",\"url\":\"https:\\\/\\\/gravelart.be\\\/fr\\\/product\\\/beach-pebbles-black-60-100\\\/\",\"name\":\"Beach Pebbles Black 60\\\/100 - Gravelart\",\"isPartOf\":{\"@id\":\"https:\\\/\\\/gravelart.be\\\/fr\\\/#website\"},\"primaryImageOfPage\":{\"@id\":\"https:\\\/\\\/gravelart.be\\\/fr\\\/product\\\/beach-pebbles-black-60-100\\\/#primaryimage\"},\"image\":{\"@id\":\"https:\\\/\\\/gravelart.be\\\/fr\\\/product\\\/beach-pebbles-black-60-100\\\/#primaryimage\"},\"thumbnailUrl\":\"https:\\\/\\\/gravelart.be\\\/wp-content\\\/uploads\\\/2023\\\/08\\\/Beach-Pebbles-Black-80-100-droog-scaled.jpg\",\"datePublished\":\"2024-11-28T12:57:53+00:00\",\"dateModified\":\"2026-05-14T02:00:11+00:00\",\"description\":\"Beach Pebbles Black 60\\\/100 : galets noirs faciles d\u2019entretien au charme naturel. Disponibles en big bag ou en sacs.\",\"breadcrumb\":{\"@id\":\"https:\\\/\\\/gravelart.be\\\/fr\\\/product\\\/beach-pebbles-black-60-100\\\/#breadcrumb\"},\"inLanguage\":\"fr-FR\",\"potentialAction\":[{\"@type\":\"ReadAction\",\"target\":[\"https:\\\/\\\/gravelart.be\\\/fr\\\/product\\\/beach-pebbles-black-60-100\\\/\"]}]},{\"@type\":\"ImageObject\",\"inLanguage\":\"fr-FR\",\"@id\":\"https:\\\/\\\/gravelart.be\\\/fr\\\/product\\\/beach-pebbles-black-60-100\\\/#primaryimage\",\"url\":\"https:\\\/\\\/gravelart.be\\\/wp-content\\\/uploads\\\/2023\\\/08\\\/Beach-Pebbles-Black-80-100-droog-scaled.jpg\",\"contentUrl\":\"https:\\\/\\\/gravelart.be\\\/wp-content\\\/uploads\\\/2023\\\/08\\\/Beach-Pebbles-Black-80-100-droog-scaled.jpg\",\"width\":2560,\"height\":1707,\"caption\":\"Galets d\u00e9coratifs noirs\"},{\"@type\":\"BreadcrumbList\",\"@id\":\"https:\\\/\\\/gravelart.be\\\/fr\\\/product\\\/beach-pebbles-black-60-100\\\/#breadcrumb\",\"itemListElement\":[{\"@type\":\"ListItem\",\"position\":1,\"name\":\"Home\",\"item\":\"https:\\\/\\\/gravelart.be\\\/fr\\\/\"},{\"@type\":\"ListItem\",\"position\":2,\"name\":\"Produits\",\"item\":\"https:\\\/\\\/gravelart.be\\\/fr\\\/boutique\\\/\"},{\"@type\":\"ListItem\",\"position\":3,\"name\":\"Beach Pebbles Black 60\\\/100\"}]},{\"@type\":\"WebSite\",\"@id\":\"https:\\\/\\\/gravelart.be\\\/fr\\\/#website\",\"url\":\"https:\\\/\\\/gravelart.be\\\/fr\\\/\",\"name\":\"Gravelart\",\"description\":\"Alles voor tuin en park\",\"publisher\":{\"@id\":\"https:\\\/\\\/gravelart.be\\\/fr\\\/#organization\"},\"potentialAction\":[{\"@type\":\"SearchAction\",\"target\":{\"@type\":\"EntryPoint\",\"urlTemplate\":\"https:\\\/\\\/gravelart.be\\\/fr\\\/?s={search_term_string}\"},\"query-input\":{\"@type\":\"PropertyValueSpecification\",\"valueRequired\":true,\"valueName\":\"search_term_string\"}}],\"inLanguage\":\"fr-FR\"},{\"@type\":\"Organization\",\"@id\":\"https:\\\/\\\/gravelart.be\\\/fr\\\/#organization\",\"name\":\"Gravelart\",\"url\":\"https:\\\/\\\/gravelart.be\\\/fr\\\/\",\"logo\":{\"@type\":\"ImageObject\",\"inLanguage\":\"fr-FR\",\"@id\":\"https:\\\/\\\/gravelart.be\\\/fr\\\/#\\\/schema\\\/logo\\\/image\\\/\",\"url\":\"https:\\\/\\\/gravelart.be\\\/wp-content\\\/uploads\\\/2022\\\/10\\\/logo-gravelart.png\",\"contentUrl\":\"https:\\\/\\\/gravelart.be\\\/wp-content\\\/uploads\\\/2022\\\/10\\\/logo-gravelart.png\",\"width\":348,\"height\":186,\"caption\":\"Gravelart\"},\"image\":{\"@id\":\"https:\\\/\\\/gravelart.be\\\/fr\\\/#\\\/schema\\\/logo\\\/image\\\/\"}}]}<\/script>\n<!-- \/ Yoast SEO plugin. -->","yoast_head_json":{"title":"Beach Pebbles Black 60\/100 - Gravelart","description":"Beach Pebbles Black 60\/100 : galets noirs faciles d\u2019entretien au charme naturel. Disponibles en big bag ou en sacs.","robots":{"index":"index","follow":"follow","max-snippet":"max-snippet:-1","max-image-preview":"max-image-preview:large","max-video-preview":"max-video-preview:-1"},"canonical":"https:\/\/gravelart.be\/fr\/product\/beach-pebbles-black-60-100\/","og_locale":"fr_FR","og_type":"article","og_title":"Beach Pebbles Black 60\/100 - Gravelart","og_description":"Beach Pebbles Black 60\/100 : galets noirs faciles d\u2019entretien au charme naturel. Disponibles en big bag ou en sacs.","og_url":"https:\/\/gravelart.be\/fr\/product\/beach-pebbles-black-60-100\/","og_site_name":"Gravelart","article_modified_time":"2026-05-14T02:00:11+00:00","og_image":[{"width":2560,"height":1707,"url":"https:\/\/gravelart.be\/wp-content\/uploads\/2023\/08\/Beach-Pebbles-Black-80-100-droog-scaled.jpg","type":"image\/jpeg"}],"twitter_card":"summary_large_image","twitter_misc":{"Dur\u00e9e de lecture estim\u00e9e":"1 minute"},"schema":{"@context":"https:\/\/schema.org","@graph":[{"@type":"WebPage","@id":"https:\/\/gravelart.be\/fr\/product\/beach-pebbles-black-60-100\/","url":"https:\/\/gravelart.be\/fr\/product\/beach-pebbles-black-60-100\/","name":"Beach Pebbles Black 60\/100 - Gravelart","isPartOf":{"@id":"https:\/\/gravelart.be\/fr\/#website"},"primaryImageOfPage":{"@id":"https:\/\/gravelart.be\/fr\/product\/beach-pebbles-black-60-100\/#primaryimage"},"image":{"@id":"https:\/\/gravelart.be\/fr\/product\/beach-pebbles-black-60-100\/#primaryimage"},"thumbnailUrl":"https:\/\/gravelart.be\/wp-content\/uploads\/2023\/08\/Beach-Pebbles-Black-80-100-droog-scaled.jpg","datePublished":"2024-11-28T12:57:53+00:00","dateModified":"2026-05-14T02:00:11+00:00","description":"Beach Pebbles Black 60\/100 : galets noirs faciles d\u2019entretien au charme naturel. Disponibles en big bag ou en sacs.","breadcrumb":{"@id":"https:\/\/gravelart.be\/fr\/product\/beach-pebbles-black-60-100\/#breadcrumb"},"inLanguage":"fr-FR","potentialAction":[{"@type":"ReadAction","target":["https:\/\/gravelart.be\/fr\/product\/beach-pebbles-black-60-100\/"]}]},{"@type":"ImageObject","inLanguage":"fr-FR","@id":"https:\/\/gravelart.be\/fr\/product\/beach-pebbles-black-60-100\/#primaryimage","url":"https:\/\/gravelart.be\/wp-content\/uploads\/2023\/08\/Beach-Pebbles-Black-80-100-droog-scaled.jpg","contentUrl":"https:\/\/gravelart.be\/wp-content\/uploads\/2023\/08\/Beach-Pebbles-Black-80-100-droog-scaled.jpg","width":2560,"height":1707,"caption":"Galets d\u00e9coratifs noirs"},{"@type":"BreadcrumbList","@id":"https:\/\/gravelart.be\/fr\/product\/beach-pebbles-black-60-100\/#breadcrumb","itemListElement":[{"@type":"ListItem","position":1,"name":"Home","item":"https:\/\/gravelart.be\/fr\/"},{"@type":"ListItem","position":2,"name":"Produits","item":"https:\/\/gravelart.be\/fr\/boutique\/"},{"@type":"ListItem","position":3,"name":"Beach Pebbles Black 60\/100"}]},{"@type":"WebSite","@id":"https:\/\/gravelart.be\/fr\/#website","url":"https:\/\/gravelart.be\/fr\/","name":"Gravelart","description":"Alles voor tuin en park","publisher":{"@id":"https:\/\/gravelart.be\/fr\/#organization"},"potentialAction":[{"@type":"SearchAction","target":{"@type":"EntryPoint","urlTemplate":"https:\/\/gravelart.be\/fr\/?s={search_term_string}"},"query-input":{"@type":"PropertyValueSpecification","valueRequired":true,"valueName":"search_term_string"}}],"inLanguage":"fr-FR"},{"@type":"Organization","@id":"https:\/\/gravelart.be\/fr\/#organization","name":"Gravelart","url":"https:\/\/gravelart.be\/fr\/","logo":{"@type":"ImageObject","inLanguage":"fr-FR","@id":"https:\/\/gravelart.be\/fr\/#\/schema\/logo\/image\/","url":"https:\/\/gravelart.be\/wp-content\/uploads\/2022\/10\/logo-gravelart.png","contentUrl":"https:\/\/gravelart.be\/wp-content\/uploads\/2022\/10\/logo-gravelart.png","width":348,"height":186,"caption":"Gravelart"},"image":{"@id":"https:\/\/gravelart.be\/fr\/#\/schema\/logo\/image\/"}}]}},"_links":{"self":[{"href":"https:\/\/gravelart.be\/fr\/wp-json\/wp\/v2\/product\/48078","targetHints":{"allow":["GET"]}}],"collection":[{"href":"https:\/\/gravelart.be\/fr\/wp-json\/wp\/v2\/product"}],"about":[{"href":"https:\/\/gravelart.be\/fr\/wp-json\/wp\/v2\/types\/product"}],"replies":[{"embeddable":true,"href":"https:\/\/gravelart.be\/fr\/wp-json\/wp\/v2\/comments?post=48078"}],"wp:featuredmedia":[{"embeddable":true,"href":"https:\/\/gravelart.be\/fr\/wp-json\/wp\/v2\/media\/44676"}],"wp:attachment":[{"href":"https:\/\/gravelart.be\/fr\/wp-json\/wp\/v2\/media?parent=48078"}],"wp:term":[{"taxonomy":"product_brand","embeddable":true,"href":"https:\/\/gravelart.be\/fr\/wp-json\/wp\/v2\/product_brand?post=48078"},{"taxonomy":"product_cat","embeddable":true,"href":"https:\/\/gravelart.be\/fr\/wp-json\/wp\/v2\/product_cat?post=48078"},{"taxonomy":"product_tag","embeddable":true,"href":"https:\/\/gravelart.be\/fr\/wp-json\/wp\/v2\/product_tag?post=48078"}],"curies":[{"name":"wp","href":"https:\/\/api.w.org\/{rel}","templated":true}]}}