{"id":48201,"date":"2024-12-12T13:00:55","date_gmt":"2024-12-12T12:00:55","guid":{"rendered":"https:\/\/gravelart.be\/?post_type=product&#038;p=48201"},"modified":"2026-05-15T04:00:09","modified_gmt":"2026-05-15T02:00:09","slug":"autumn-grey-flagstones","status":"publish","type":"product","link":"https:\/\/gravelart.be\/fr\/product\/autumn-grey-flagstones\/","title":{"rendered":"Autumn Grey Flagstones"},"content":{"rendered":"","protected":false},"excerpt":{"rendered":"<p data-start=\"52\" data-end=\"395\"><strong data-start=\"52\" data-end=\"141\">Vous cherchez une solution \u00e9l\u00e9gante et durable pour votre jardin, terrasse ou all\u00e9e ?<\/strong><br data-start=\"141\" data-end=\"144\" \/>Optez pour les <strong data-start=\"159\" data-end=\"192\">dalles Autumn Grey Flagstones<\/strong>.<br data-start=\"193\" data-end=\"196\" \/>Ces dalles en pierre naturelle associent une teinte grise classique \u00e0 une texture naturelle, offrant ainsi un aspect rustique et intemporel. Parfaites pour une grande vari\u00e9t\u00e9 de projets de pavage !<\/p>\n<h3 data-start=\"397\" data-end=\"448\">Pourquoi choisir les Autumn Grey Flagstones ?<\/h3>\n<ul>\n<li data-start=\"451\" data-end=\"464\">Golden Leaf<\/li>\n<li data-start=\"467\" data-end=\"481\">Desert Black<\/li>\n<li data-start=\"484\" data-end=\"493\">Mandana<\/li>\n<li data-start=\"496\" data-end=\"503\">Modak<\/li>\n<\/ul>\n<h3 data-start=\"505\" data-end=\"531\">Couleurs disponibles<\/h3>\n<p data-start=\"532\" data-end=\"606\">En plus de l\u2019Autumn Grey, nos flagstones sont \u00e9galement disponibles en :<\/p>\n<ul>\n<li data-start=\"610\" data-end=\"686\"><strong data-start=\"610\" data-end=\"626\">Desert Black<\/strong> : Pour un look robuste et sombre avec une touche moderne.<\/li>\n<li data-start=\"689\" data-end=\"774\"><strong data-start=\"689\" data-end=\"704\">Golden Leaf<\/strong> : Des tons dor\u00e9s et chaleureux qui cr\u00e9ent une ambiance ensoleill\u00e9e.<\/li>\n<\/ul>\n<h3 data-start=\"776\" data-end=\"806\">Associer l\u2019Autumn Grey ?<\/h3>\n<p data-start=\"807\" data-end=\"1026\">Ces flagstones s\u2019accordent parfaitement avec du gravier, des joints engazonn\u00e9s et d\u2019autres mat\u00e9riaux naturels.<br data-start=\"917\" data-end=\"920\" \/>Cr\u00e9ez un design harmonieux qui mettra en valeur et \u00e9l\u00e8vera votre espace ext\u00e9rieur \u00e0 un niveau sup\u00e9rieur.<\/p>\n","protected":false},"featured_media":48204,"comment_status":"open","ping_status":"closed","template":"","meta":{"_acf_changed":false,"inline_featured_image":false},"product_brand":[],"product_cat":[4894],"product_tag":[],"class_list":{"0":"post-48201","1":"product","2":"type-product","3":"status-publish","4":"has-post-thumbnail","6":"product_cat-gravier-stabilisateurs-de-gravier","8":"first","9":"instock","10":"taxable","11":"shipping-taxable","12":"purchasable","13":"product-type-variable","14":"has-default-attributes"},"acf":{"woocommerce_erp_id":"17404","woocommerce_cnk_id":"103101","product_density":0,"custom_prices":[{"variation_id":"48202","customer_group":"PRO","customer_id":"","min_qty":1,"max_qty":9999999,"steps":1,"price":13,"price_incl":15.73,"delivery_group":"COLLECT","warehouse_id":""},{"variation_id":"48202","customer_group":"PRO","customer_id":"","min_qty":1,"max_qty":9999999,"steps":1,"price":13,"price_incl":15.73,"delivery_group":"DELIVERY","warehouse_id":""},{"variation_id":"48202","customer_group":"DISTRI","customer_id":"129214","min_qty":1,"max_qty":9999999,"steps":1,"price":10.53,"price_incl":12.74,"delivery_group":"COLLECT","warehouse_id":""},{"variation_id":"48202","customer_group":"DISTRI","customer_id":"129214","min_qty":1,"max_qty":9999999,"steps":1,"price":10.53,"price_incl":12.74,"delivery_group":"DELIVERY","warehouse_id":""},{"variation_id":"48202","customer_group":"DISTRI","customer_id":"","min_qty":1,"max_qty":9999999,"steps":1,"price":13,"price_incl":15.73,"delivery_group":"DELIVERY","warehouse_id":""},{"variation_id":"48202","customer_group":"DISTRI","customer_id":"","min_qty":1,"max_qty":9999999,"steps":1,"price":13,"price_incl":15.73,"delivery_group":"COLLECT","warehouse_id":""},{"variation_id":"48202","customer_group":"CON","customer_id":"","min_qty":1,"max_qty":9999999,"steps":1,"price":15.2,"price_incl":18.39,"delivery_group":"COLLECT","warehouse_id":""},{"variation_id":"48202","customer_group":"CON","customer_id":"","min_qty":1,"max_qty":9999999,"steps":1,"price":15.2,"price_incl":18.39,"delivery_group":"DELIVERY","warehouse_id":""}],"packaging_ids":[{"packaging_name":"Pi\u00e8ce","packaging_id":"73","erp_id":"17404"}]},"yoast_head":"<!-- This site is optimized with the Yoast SEO plugin v27.3 - https:\/\/yoast.com\/product\/yoast-seo-wordpress\/ -->\n<title>Autumn Grey Flagstones - Gravelart<\/title>\n<meta name=\"description\" content=\"D\u00e9couvrez les Autumn Grey Flagstones: pierres naturelles grises au style intemporel. Durables, faciles \u00e0 entretenir et id\u00e9ales pour jardin ou terrasse\" \/>\n<meta name=\"robots\" content=\"index, follow, max-snippet:-1, max-image-preview:large, max-video-preview:-1\" \/>\n<link rel=\"canonical\" href=\"https:\/\/gravelart.be\/fr\/product\/autumn-grey-flagstones\/\" \/>\n<meta property=\"og:locale\" content=\"fr_FR\" \/>\n<meta property=\"og:type\" content=\"article\" \/>\n<meta property=\"og:title\" content=\"Autumn Grey Flagstones - Gravelart\" \/>\n<meta property=\"og:description\" content=\"D\u00e9couvrez les Autumn Grey Flagstones: pierres naturelles grises au style intemporel. Durables, faciles \u00e0 entretenir et id\u00e9ales pour jardin ou terrasse\" \/>\n<meta property=\"og:url\" content=\"https:\/\/gravelart.be\/fr\/product\/autumn-grey-flagstones\/\" \/>\n<meta property=\"og:site_name\" content=\"Gravelart\" \/>\n<meta property=\"article:modified_time\" content=\"2026-05-15T02:00:09+00:00\" \/>\n<meta property=\"og:image\" content=\"https:\/\/gravelart.be\/wp-content\/uploads\/2024\/12\/Autumn-Grey-Flagstones.png\" \/>\n\t<meta property=\"og:image:width\" content=\"500\" \/>\n\t<meta property=\"og:image:height\" content=\"500\" \/>\n\t<meta property=\"og:image:type\" content=\"image\/png\" \/>\n<meta name=\"twitter:card\" content=\"summary_large_image\" \/>\n<meta name=\"twitter:label1\" content=\"Dur\u00e9e de lecture estim\u00e9e\" \/>\n\t<meta name=\"twitter:data1\" content=\"1 minute\" \/>\n<script type=\"application\/ld+json\" class=\"yoast-schema-graph\">{\"@context\":\"https:\\\/\\\/schema.org\",\"@graph\":[{\"@type\":\"WebPage\",\"@id\":\"https:\\\/\\\/gravelart.be\\\/fr\\\/product\\\/autumn-grey-flagstones\\\/\",\"url\":\"https:\\\/\\\/gravelart.be\\\/fr\\\/product\\\/autumn-grey-flagstones\\\/\",\"name\":\"Autumn Grey Flagstones - Gravelart\",\"isPartOf\":{\"@id\":\"https:\\\/\\\/gravelart.be\\\/fr\\\/#website\"},\"primaryImageOfPage\":{\"@id\":\"https:\\\/\\\/gravelart.be\\\/fr\\\/product\\\/autumn-grey-flagstones\\\/#primaryimage\"},\"image\":{\"@id\":\"https:\\\/\\\/gravelart.be\\\/fr\\\/product\\\/autumn-grey-flagstones\\\/#primaryimage\"},\"thumbnailUrl\":\"https:\\\/\\\/gravelart.be\\\/wp-content\\\/uploads\\\/2024\\\/12\\\/Autumn-Grey-Flagstones.png\",\"datePublished\":\"2024-12-12T12:00:55+00:00\",\"dateModified\":\"2026-05-15T02:00:09+00:00\",\"description\":\"D\u00e9couvrez les Autumn Grey Flagstones: pierres naturelles grises au style intemporel. Durables, faciles \u00e0 entretenir et id\u00e9ales pour jardin ou terrasse\",\"breadcrumb\":{\"@id\":\"https:\\\/\\\/gravelart.be\\\/fr\\\/product\\\/autumn-grey-flagstones\\\/#breadcrumb\"},\"inLanguage\":\"fr-FR\",\"potentialAction\":[{\"@type\":\"ReadAction\",\"target\":[\"https:\\\/\\\/gravelart.be\\\/fr\\\/product\\\/autumn-grey-flagstones\\\/\"]}]},{\"@type\":\"ImageObject\",\"inLanguage\":\"fr-FR\",\"@id\":\"https:\\\/\\\/gravelart.be\\\/fr\\\/product\\\/autumn-grey-flagstones\\\/#primaryimage\",\"url\":\"https:\\\/\\\/gravelart.be\\\/wp-content\\\/uploads\\\/2024\\\/12\\\/Autumn-Grey-Flagstones.png\",\"contentUrl\":\"https:\\\/\\\/gravelart.be\\\/wp-content\\\/uploads\\\/2024\\\/12\\\/Autumn-Grey-Flagstones.png\",\"width\":500,\"height\":500},{\"@type\":\"BreadcrumbList\",\"@id\":\"https:\\\/\\\/gravelart.be\\\/fr\\\/product\\\/autumn-grey-flagstones\\\/#breadcrumb\",\"itemListElement\":[{\"@type\":\"ListItem\",\"position\":1,\"name\":\"Home\",\"item\":\"https:\\\/\\\/gravelart.be\\\/fr\\\/\"},{\"@type\":\"ListItem\",\"position\":2,\"name\":\"Produits\",\"item\":\"https:\\\/\\\/gravelart.be\\\/fr\\\/boutique\\\/\"},{\"@type\":\"ListItem\",\"position\":3,\"name\":\"Autumn Grey Flagstones\"}]},{\"@type\":\"WebSite\",\"@id\":\"https:\\\/\\\/gravelart.be\\\/fr\\\/#website\",\"url\":\"https:\\\/\\\/gravelart.be\\\/fr\\\/\",\"name\":\"Gravelart\",\"description\":\"Alles voor tuin en park\",\"publisher\":{\"@id\":\"https:\\\/\\\/gravelart.be\\\/fr\\\/#organization\"},\"potentialAction\":[{\"@type\":\"SearchAction\",\"target\":{\"@type\":\"EntryPoint\",\"urlTemplate\":\"https:\\\/\\\/gravelart.be\\\/fr\\\/?s={search_term_string}\"},\"query-input\":{\"@type\":\"PropertyValueSpecification\",\"valueRequired\":true,\"valueName\":\"search_term_string\"}}],\"inLanguage\":\"fr-FR\"},{\"@type\":\"Organization\",\"@id\":\"https:\\\/\\\/gravelart.be\\\/fr\\\/#organization\",\"name\":\"Gravelart\",\"url\":\"https:\\\/\\\/gravelart.be\\\/fr\\\/\",\"logo\":{\"@type\":\"ImageObject\",\"inLanguage\":\"fr-FR\",\"@id\":\"https:\\\/\\\/gravelart.be\\\/fr\\\/#\\\/schema\\\/logo\\\/image\\\/\",\"url\":\"https:\\\/\\\/gravelart.be\\\/wp-content\\\/uploads\\\/2022\\\/10\\\/logo-gravelart.png\",\"contentUrl\":\"https:\\\/\\\/gravelart.be\\\/wp-content\\\/uploads\\\/2022\\\/10\\\/logo-gravelart.png\",\"width\":348,\"height\":186,\"caption\":\"Gravelart\"},\"image\":{\"@id\":\"https:\\\/\\\/gravelart.be\\\/fr\\\/#\\\/schema\\\/logo\\\/image\\\/\"}}]}<\/script>\n<!-- \/ Yoast SEO plugin. -->","yoast_head_json":{"title":"Autumn Grey Flagstones - Gravelart","description":"D\u00e9couvrez les Autumn Grey Flagstones: pierres naturelles grises au style intemporel. Durables, faciles \u00e0 entretenir et id\u00e9ales pour jardin ou terrasse","robots":{"index":"index","follow":"follow","max-snippet":"max-snippet:-1","max-image-preview":"max-image-preview:large","max-video-preview":"max-video-preview:-1"},"canonical":"https:\/\/gravelart.be\/fr\/product\/autumn-grey-flagstones\/","og_locale":"fr_FR","og_type":"article","og_title":"Autumn Grey Flagstones - Gravelart","og_description":"D\u00e9couvrez les Autumn Grey Flagstones: pierres naturelles grises au style intemporel. Durables, faciles \u00e0 entretenir et id\u00e9ales pour jardin ou terrasse","og_url":"https:\/\/gravelart.be\/fr\/product\/autumn-grey-flagstones\/","og_site_name":"Gravelart","article_modified_time":"2026-05-15T02:00:09+00:00","og_image":[{"width":500,"height":500,"url":"https:\/\/gravelart.be\/wp-content\/uploads\/2024\/12\/Autumn-Grey-Flagstones.png","type":"image\/png"}],"twitter_card":"summary_large_image","twitter_misc":{"Dur\u00e9e de lecture estim\u00e9e":"1 minute"},"schema":{"@context":"https:\/\/schema.org","@graph":[{"@type":"WebPage","@id":"https:\/\/gravelart.be\/fr\/product\/autumn-grey-flagstones\/","url":"https:\/\/gravelart.be\/fr\/product\/autumn-grey-flagstones\/","name":"Autumn Grey Flagstones - Gravelart","isPartOf":{"@id":"https:\/\/gravelart.be\/fr\/#website"},"primaryImageOfPage":{"@id":"https:\/\/gravelart.be\/fr\/product\/autumn-grey-flagstones\/#primaryimage"},"image":{"@id":"https:\/\/gravelart.be\/fr\/product\/autumn-grey-flagstones\/#primaryimage"},"thumbnailUrl":"https:\/\/gravelart.be\/wp-content\/uploads\/2024\/12\/Autumn-Grey-Flagstones.png","datePublished":"2024-12-12T12:00:55+00:00","dateModified":"2026-05-15T02:00:09+00:00","description":"D\u00e9couvrez les Autumn Grey Flagstones: pierres naturelles grises au style intemporel. Durables, faciles \u00e0 entretenir et id\u00e9ales pour jardin ou terrasse","breadcrumb":{"@id":"https:\/\/gravelart.be\/fr\/product\/autumn-grey-flagstones\/#breadcrumb"},"inLanguage":"fr-FR","potentialAction":[{"@type":"ReadAction","target":["https:\/\/gravelart.be\/fr\/product\/autumn-grey-flagstones\/"]}]},{"@type":"ImageObject","inLanguage":"fr-FR","@id":"https:\/\/gravelart.be\/fr\/product\/autumn-grey-flagstones\/#primaryimage","url":"https:\/\/gravelart.be\/wp-content\/uploads\/2024\/12\/Autumn-Grey-Flagstones.png","contentUrl":"https:\/\/gravelart.be\/wp-content\/uploads\/2024\/12\/Autumn-Grey-Flagstones.png","width":500,"height":500},{"@type":"BreadcrumbList","@id":"https:\/\/gravelart.be\/fr\/product\/autumn-grey-flagstones\/#breadcrumb","itemListElement":[{"@type":"ListItem","position":1,"name":"Home","item":"https:\/\/gravelart.be\/fr\/"},{"@type":"ListItem","position":2,"name":"Produits","item":"https:\/\/gravelart.be\/fr\/boutique\/"},{"@type":"ListItem","position":3,"name":"Autumn Grey Flagstones"}]},{"@type":"WebSite","@id":"https:\/\/gravelart.be\/fr\/#website","url":"https:\/\/gravelart.be\/fr\/","name":"Gravelart","description":"Alles voor tuin en park","publisher":{"@id":"https:\/\/gravelart.be\/fr\/#organization"},"potentialAction":[{"@type":"SearchAction","target":{"@type":"EntryPoint","urlTemplate":"https:\/\/gravelart.be\/fr\/?s={search_term_string}"},"query-input":{"@type":"PropertyValueSpecification","valueRequired":true,"valueName":"search_term_string"}}],"inLanguage":"fr-FR"},{"@type":"Organization","@id":"https:\/\/gravelart.be\/fr\/#organization","name":"Gravelart","url":"https:\/\/gravelart.be\/fr\/","logo":{"@type":"ImageObject","inLanguage":"fr-FR","@id":"https:\/\/gravelart.be\/fr\/#\/schema\/logo\/image\/","url":"https:\/\/gravelart.be\/wp-content\/uploads\/2022\/10\/logo-gravelart.png","contentUrl":"https:\/\/gravelart.be\/wp-content\/uploads\/2022\/10\/logo-gravelart.png","width":348,"height":186,"caption":"Gravelart"},"image":{"@id":"https:\/\/gravelart.be\/fr\/#\/schema\/logo\/image\/"}}]}},"_links":{"self":[{"href":"https:\/\/gravelart.be\/fr\/wp-json\/wp\/v2\/product\/48201","targetHints":{"allow":["GET"]}}],"collection":[{"href":"https:\/\/gravelart.be\/fr\/wp-json\/wp\/v2\/product"}],"about":[{"href":"https:\/\/gravelart.be\/fr\/wp-json\/wp\/v2\/types\/product"}],"replies":[{"embeddable":true,"href":"https:\/\/gravelart.be\/fr\/wp-json\/wp\/v2\/comments?post=48201"}],"wp:featuredmedia":[{"embeddable":true,"href":"https:\/\/gravelart.be\/fr\/wp-json\/wp\/v2\/media\/48204"}],"wp:attachment":[{"href":"https:\/\/gravelart.be\/fr\/wp-json\/wp\/v2\/media?parent=48201"}],"wp:term":[{"taxonomy":"product_brand","embeddable":true,"href":"https:\/\/gravelart.be\/fr\/wp-json\/wp\/v2\/product_brand?post=48201"},{"taxonomy":"product_cat","embeddable":true,"href":"https:\/\/gravelart.be\/fr\/wp-json\/wp\/v2\/product_cat?post=48201"},{"taxonomy":"product_tag","embeddable":true,"href":"https:\/\/gravelart.be\/fr\/wp-json\/wp\/v2\/product_tag?post=48201"}],"curies":[{"name":"wp","href":"https:\/\/api.w.org\/{rel}","templated":true}]}}