{"id":48826,"date":"2025-01-30T10:56:25","date_gmt":"2025-01-30T09:56:25","guid":{"rendered":"https:\/\/gravelart.be\/?post_type=product&#038;p=48826"},"modified":"2026-05-14T03:50:52","modified_gmt":"2026-05-14T01:50:52","slug":"couvercle-300-x-300-x-60-mm","status":"publish","type":"product","link":"https:\/\/gravelart.be\/fr\/product\/couvercle-300-x-300-x-60-mm\/","title":{"rendered":"Couvercle 300 x 300 x 60 mm"},"content":{"rendered":"","protected":false},"excerpt":{"rendered":"<p data-start=\"84\" data-end=\"406\">Ces couvercles de regard sont fabriqu\u00e9s en aluminium extrud\u00e9 et s\u2019ouvrent facilement \u00e0 l\u2019aide de cl\u00e9s de levage. Ils conviennent aux applications ext\u00e9rieures et sont \u00e9quip\u00e9s d\u2019un couvercle libre dans le cadre, muni d\u2019un treillis en b\u00e9ton. La plaque inf\u00e9rieure est compos\u00e9e d\u2019une t\u00f4le d\u2019acier galvanis\u00e9 de 3 mm d\u2019\u00e9paisseur.<\/p>\n<p data-start=\"408\" data-end=\"751\">Gr\u00e2ce \u00e0 la double \u00e9tanch\u00e9it\u00e9 \u2014 un joint de fond et un joint en T sur le c\u00f4t\u00e9 du cadre ext\u00e9rieur \u2014 ces couvercles offrent une protection optimale. Le joint en T emp\u00eache l\u2019accumulation de salet\u00e9s entre le couvercle de remplissage et le cadre, absorbe les tensions gr\u00e2ce \u00e0 son \u00e9lasticit\u00e9 et assure une \u00e9tanch\u00e9it\u00e9 suppl\u00e9mentaire contre les odeurs.<\/p>\n<p data-start=\"753\" data-end=\"793\"><strong data-start=\"753\" data-end=\"793\">Disponible en plusieurs dimensions :<\/strong><\/p>\n<p data-start=\"795\" data-end=\"880\">\u2013 300 \u00d7 300 \u00d7 60 mm<br data-start=\"814\" data-end=\"817\" \/>\u2013 <a href=\"https:\/\/gravelart.be\/fr\/product\/couvercle-400-x-400-x-60-mm\/\">400 \u00d7 400 \u00d7 60 mm<\/a><br data-start=\"836\" data-end=\"839\" \/>\u2013 <a href=\"https:\/\/gravelart.be\/fr\/product\/couvercle-500-x-500-x-60-mm\/\">500 \u00d7 500 \u00d7 60 mm<\/a><br data-start=\"858\" data-end=\"861\" \/>\u2013 <a href=\"https:\/\/gravelart.be\/fr\/product\/couvercle-600-x-600-x-60-mm\/\">600 \u00d7 600 \u00d7 60 mm<\/a><\/p>\n","protected":false},"featured_media":48841,"comment_status":"open","ping_status":"closed","template":"","meta":{"_acf_changed":false,"inline_featured_image":false},"product_brand":[],"product_cat":[4155],"product_tag":[],"class_list":{"0":"post-48826","1":"product","2":"type-product","3":"status-publish","4":"has-post-thumbnail","6":"product_cat-stabilisateur-de-gravier","8":"first","9":"instock","10":"taxable","11":"shipping-taxable","12":"purchasable","13":"product-type-variable","14":"has-default-attributes"},"acf":{"woocommerce_erp_id":"18094","woocommerce_cnk_id":"103841","product_density":0,"custom_prices":[{"variation_id":"48827","customer_group":"PRO","customer_id":"","min_qty":1,"max_qty":9999999,"steps":1,"price":48.26,"price_incl":58.39,"delivery_group":"DELIVERY","warehouse_id":""},{"variation_id":"48827","customer_group":"PRO","customer_id":"","min_qty":1,"max_qty":9999999,"steps":1,"price":48.26,"price_incl":58.39,"delivery_group":"COLLECT","warehouse_id":""},{"variation_id":"48827","customer_group":"DISTRI","customer_id":"","min_qty":1,"max_qty":9999999,"steps":1,"price":42.23,"price_incl":51.1,"delivery_group":"COLLECT","warehouse_id":""},{"variation_id":"48827","customer_group":"DISTRI","customer_id":"","min_qty":1,"max_qty":9999999,"steps":1,"price":42.23,"price_incl":51.1,"delivery_group":"DELIVERY","warehouse_id":""},{"variation_id":"48827","customer_group":"CON","customer_id":"","min_qty":1,"max_qty":9999999,"steps":1,"price":70.37,"price_incl":85.15,"delivery_group":"COLLECT","warehouse_id":""},{"variation_id":"48827","customer_group":"CON","customer_id":"","min_qty":1,"max_qty":9999999,"steps":1,"price":70.37,"price_incl":85.15,"delivery_group":"DELIVERY","warehouse_id":""},{"variation_id":"48827","customer_group":"DISTRI","customer_id":"129214","min_qty":1,"max_qty":9999999,"steps":1,"price":38.97,"price_incl":47.15,"delivery_group":"COLLECT","warehouse_id":""},{"variation_id":"48827","customer_group":"DISTRI","customer_id":"129214","min_qty":1,"max_qty":9999999,"steps":1,"price":38.97,"price_incl":47.15,"delivery_group":"DELIVERY","warehouse_id":""}],"packaging_ids":[{"packaging_name":"Pi\u00e8ce","packaging_id":"73","erp_id":"18094"}]},"yoast_head":"<!-- This site is optimized with the Yoast SEO plugin v27.3 - https:\/\/yoast.com\/product\/yoast-seo-wordpress\/ -->\n<title>Couvercle 300 x 300 x 60 mm - Gravelart<\/title>\n<meta name=\"description\" content=\"Couvercle 300 x 300 x 60 mm en aluminium extrud\u00e9 avec treillis en b\u00e9ton. Dot\u00e9 d\u2019une double \u00e9tanch\u00e9it\u00e9 et adapt\u00e9 aux applications ext\u00e9rieures.\" \/>\n<meta name=\"robots\" content=\"index, follow, max-snippet:-1, max-image-preview:large, max-video-preview:-1\" \/>\n<link rel=\"canonical\" href=\"https:\/\/gravelart.be\/fr\/product\/couvercle-300-x-300-x-60-mm\/\" \/>\n<meta property=\"og:locale\" content=\"fr_FR\" \/>\n<meta property=\"og:type\" content=\"article\" \/>\n<meta property=\"og:title\" content=\"Couvercle 300 x 300 x 60 mm - Gravelart\" \/>\n<meta property=\"og:description\" content=\"Couvercle 300 x 300 x 60 mm en aluminium extrud\u00e9 avec treillis en b\u00e9ton. Dot\u00e9 d\u2019une double \u00e9tanch\u00e9it\u00e9 et adapt\u00e9 aux applications ext\u00e9rieures.\" \/>\n<meta property=\"og:url\" content=\"https:\/\/gravelart.be\/fr\/product\/couvercle-300-x-300-x-60-mm\/\" \/>\n<meta property=\"og:site_name\" content=\"Gravelart\" \/>\n<meta property=\"article:modified_time\" content=\"2026-05-14T01:50:52+00:00\" \/>\n<meta property=\"og:image\" content=\"https:\/\/gravelart.be\/wp-content\/uploads\/2025\/01\/Light-line-6cm-002.jpg\" \/>\n\t<meta property=\"og:image:width\" content=\"1000\" \/>\n\t<meta property=\"og:image:height\" content=\"1000\" \/>\n\t<meta property=\"og:image:type\" content=\"image\/jpeg\" \/>\n<meta name=\"twitter:card\" content=\"summary_large_image\" \/>\n<meta name=\"twitter:label1\" content=\"Dur\u00e9e de lecture estim\u00e9e\" \/>\n\t<meta name=\"twitter:data1\" content=\"1 minute\" \/>\n<script type=\"application\/ld+json\" class=\"yoast-schema-graph\">{\"@context\":\"https:\\\/\\\/schema.org\",\"@graph\":[{\"@type\":\"WebPage\",\"@id\":\"https:\\\/\\\/gravelart.be\\\/fr\\\/product\\\/couvercle-300-x-300-x-60-mm\\\/\",\"url\":\"https:\\\/\\\/gravelart.be\\\/fr\\\/product\\\/couvercle-300-x-300-x-60-mm\\\/\",\"name\":\"Couvercle 300 x 300 x 60 mm - Gravelart\",\"isPartOf\":{\"@id\":\"https:\\\/\\\/gravelart.be\\\/fr\\\/#website\"},\"primaryImageOfPage\":{\"@id\":\"https:\\\/\\\/gravelart.be\\\/fr\\\/product\\\/couvercle-300-x-300-x-60-mm\\\/#primaryimage\"},\"image\":{\"@id\":\"https:\\\/\\\/gravelart.be\\\/fr\\\/product\\\/couvercle-300-x-300-x-60-mm\\\/#primaryimage\"},\"thumbnailUrl\":\"https:\\\/\\\/gravelart.be\\\/wp-content\\\/uploads\\\/2025\\\/01\\\/Light-line-6cm-002.jpg\",\"datePublished\":\"2025-01-30T09:56:25+00:00\",\"dateModified\":\"2026-05-14T01:50:52+00:00\",\"description\":\"Couvercle 300 x 300 x 60 mm en aluminium extrud\u00e9 avec treillis en b\u00e9ton. Dot\u00e9 d\u2019une double \u00e9tanch\u00e9it\u00e9 et adapt\u00e9 aux applications ext\u00e9rieures.\",\"breadcrumb\":{\"@id\":\"https:\\\/\\\/gravelart.be\\\/fr\\\/product\\\/couvercle-300-x-300-x-60-mm\\\/#breadcrumb\"},\"inLanguage\":\"fr-FR\",\"potentialAction\":[{\"@type\":\"ReadAction\",\"target\":[\"https:\\\/\\\/gravelart.be\\\/fr\\\/product\\\/couvercle-300-x-300-x-60-mm\\\/\"]}]},{\"@type\":\"ImageObject\",\"inLanguage\":\"fr-FR\",\"@id\":\"https:\\\/\\\/gravelart.be\\\/fr\\\/product\\\/couvercle-300-x-300-x-60-mm\\\/#primaryimage\",\"url\":\"https:\\\/\\\/gravelart.be\\\/wp-content\\\/uploads\\\/2025\\\/01\\\/Light-line-6cm-002.jpg\",\"contentUrl\":\"https:\\\/\\\/gravelart.be\\\/wp-content\\\/uploads\\\/2025\\\/01\\\/Light-line-6cm-002.jpg\",\"width\":1000,\"height\":1000,\"caption\":\"Couvercle\"},{\"@type\":\"BreadcrumbList\",\"@id\":\"https:\\\/\\\/gravelart.be\\\/fr\\\/product\\\/couvercle-300-x-300-x-60-mm\\\/#breadcrumb\",\"itemListElement\":[{\"@type\":\"ListItem\",\"position\":1,\"name\":\"Home\",\"item\":\"https:\\\/\\\/gravelart.be\\\/fr\\\/\"},{\"@type\":\"ListItem\",\"position\":2,\"name\":\"Produits\",\"item\":\"https:\\\/\\\/gravelart.be\\\/fr\\\/boutique\\\/\"},{\"@type\":\"ListItem\",\"position\":3,\"name\":\"Couvercle 300 x 300 x 60 mm\"}]},{\"@type\":\"WebSite\",\"@id\":\"https:\\\/\\\/gravelart.be\\\/fr\\\/#website\",\"url\":\"https:\\\/\\\/gravelart.be\\\/fr\\\/\",\"name\":\"Gravelart\",\"description\":\"Alles voor tuin en park\",\"publisher\":{\"@id\":\"https:\\\/\\\/gravelart.be\\\/fr\\\/#organization\"},\"potentialAction\":[{\"@type\":\"SearchAction\",\"target\":{\"@type\":\"EntryPoint\",\"urlTemplate\":\"https:\\\/\\\/gravelart.be\\\/fr\\\/?s={search_term_string}\"},\"query-input\":{\"@type\":\"PropertyValueSpecification\",\"valueRequired\":true,\"valueName\":\"search_term_string\"}}],\"inLanguage\":\"fr-FR\"},{\"@type\":\"Organization\",\"@id\":\"https:\\\/\\\/gravelart.be\\\/fr\\\/#organization\",\"name\":\"Gravelart\",\"url\":\"https:\\\/\\\/gravelart.be\\\/fr\\\/\",\"logo\":{\"@type\":\"ImageObject\",\"inLanguage\":\"fr-FR\",\"@id\":\"https:\\\/\\\/gravelart.be\\\/fr\\\/#\\\/schema\\\/logo\\\/image\\\/\",\"url\":\"https:\\\/\\\/gravelart.be\\\/wp-content\\\/uploads\\\/2022\\\/10\\\/logo-gravelart.png\",\"contentUrl\":\"https:\\\/\\\/gravelart.be\\\/wp-content\\\/uploads\\\/2022\\\/10\\\/logo-gravelart.png\",\"width\":348,\"height\":186,\"caption\":\"Gravelart\"},\"image\":{\"@id\":\"https:\\\/\\\/gravelart.be\\\/fr\\\/#\\\/schema\\\/logo\\\/image\\\/\"}}]}<\/script>\n<!-- \/ Yoast SEO plugin. -->","yoast_head_json":{"title":"Couvercle 300 x 300 x 60 mm - Gravelart","description":"Couvercle 300 x 300 x 60 mm en aluminium extrud\u00e9 avec treillis en b\u00e9ton. Dot\u00e9 d\u2019une double \u00e9tanch\u00e9it\u00e9 et adapt\u00e9 aux applications ext\u00e9rieures.","robots":{"index":"index","follow":"follow","max-snippet":"max-snippet:-1","max-image-preview":"max-image-preview:large","max-video-preview":"max-video-preview:-1"},"canonical":"https:\/\/gravelart.be\/fr\/product\/couvercle-300-x-300-x-60-mm\/","og_locale":"fr_FR","og_type":"article","og_title":"Couvercle 300 x 300 x 60 mm - Gravelart","og_description":"Couvercle 300 x 300 x 60 mm en aluminium extrud\u00e9 avec treillis en b\u00e9ton. Dot\u00e9 d\u2019une double \u00e9tanch\u00e9it\u00e9 et adapt\u00e9 aux applications ext\u00e9rieures.","og_url":"https:\/\/gravelart.be\/fr\/product\/couvercle-300-x-300-x-60-mm\/","og_site_name":"Gravelart","article_modified_time":"2026-05-14T01:50:52+00:00","og_image":[{"width":1000,"height":1000,"url":"https:\/\/gravelart.be\/wp-content\/uploads\/2025\/01\/Light-line-6cm-002.jpg","type":"image\/jpeg"}],"twitter_card":"summary_large_image","twitter_misc":{"Dur\u00e9e de lecture estim\u00e9e":"1 minute"},"schema":{"@context":"https:\/\/schema.org","@graph":[{"@type":"WebPage","@id":"https:\/\/gravelart.be\/fr\/product\/couvercle-300-x-300-x-60-mm\/","url":"https:\/\/gravelart.be\/fr\/product\/couvercle-300-x-300-x-60-mm\/","name":"Couvercle 300 x 300 x 60 mm - Gravelart","isPartOf":{"@id":"https:\/\/gravelart.be\/fr\/#website"},"primaryImageOfPage":{"@id":"https:\/\/gravelart.be\/fr\/product\/couvercle-300-x-300-x-60-mm\/#primaryimage"},"image":{"@id":"https:\/\/gravelart.be\/fr\/product\/couvercle-300-x-300-x-60-mm\/#primaryimage"},"thumbnailUrl":"https:\/\/gravelart.be\/wp-content\/uploads\/2025\/01\/Light-line-6cm-002.jpg","datePublished":"2025-01-30T09:56:25+00:00","dateModified":"2026-05-14T01:50:52+00:00","description":"Couvercle 300 x 300 x 60 mm en aluminium extrud\u00e9 avec treillis en b\u00e9ton. Dot\u00e9 d\u2019une double \u00e9tanch\u00e9it\u00e9 et adapt\u00e9 aux applications ext\u00e9rieures.","breadcrumb":{"@id":"https:\/\/gravelart.be\/fr\/product\/couvercle-300-x-300-x-60-mm\/#breadcrumb"},"inLanguage":"fr-FR","potentialAction":[{"@type":"ReadAction","target":["https:\/\/gravelart.be\/fr\/product\/couvercle-300-x-300-x-60-mm\/"]}]},{"@type":"ImageObject","inLanguage":"fr-FR","@id":"https:\/\/gravelart.be\/fr\/product\/couvercle-300-x-300-x-60-mm\/#primaryimage","url":"https:\/\/gravelart.be\/wp-content\/uploads\/2025\/01\/Light-line-6cm-002.jpg","contentUrl":"https:\/\/gravelart.be\/wp-content\/uploads\/2025\/01\/Light-line-6cm-002.jpg","width":1000,"height":1000,"caption":"Couvercle"},{"@type":"BreadcrumbList","@id":"https:\/\/gravelart.be\/fr\/product\/couvercle-300-x-300-x-60-mm\/#breadcrumb","itemListElement":[{"@type":"ListItem","position":1,"name":"Home","item":"https:\/\/gravelart.be\/fr\/"},{"@type":"ListItem","position":2,"name":"Produits","item":"https:\/\/gravelart.be\/fr\/boutique\/"},{"@type":"ListItem","position":3,"name":"Couvercle 300 x 300 x 60 mm"}]},{"@type":"WebSite","@id":"https:\/\/gravelart.be\/fr\/#website","url":"https:\/\/gravelart.be\/fr\/","name":"Gravelart","description":"Alles voor tuin en park","publisher":{"@id":"https:\/\/gravelart.be\/fr\/#organization"},"potentialAction":[{"@type":"SearchAction","target":{"@type":"EntryPoint","urlTemplate":"https:\/\/gravelart.be\/fr\/?s={search_term_string}"},"query-input":{"@type":"PropertyValueSpecification","valueRequired":true,"valueName":"search_term_string"}}],"inLanguage":"fr-FR"},{"@type":"Organization","@id":"https:\/\/gravelart.be\/fr\/#organization","name":"Gravelart","url":"https:\/\/gravelart.be\/fr\/","logo":{"@type":"ImageObject","inLanguage":"fr-FR","@id":"https:\/\/gravelart.be\/fr\/#\/schema\/logo\/image\/","url":"https:\/\/gravelart.be\/wp-content\/uploads\/2022\/10\/logo-gravelart.png","contentUrl":"https:\/\/gravelart.be\/wp-content\/uploads\/2022\/10\/logo-gravelart.png","width":348,"height":186,"caption":"Gravelart"},"image":{"@id":"https:\/\/gravelart.be\/fr\/#\/schema\/logo\/image\/"}}]}},"_links":{"self":[{"href":"https:\/\/gravelart.be\/fr\/wp-json\/wp\/v2\/product\/48826","targetHints":{"allow":["GET"]}}],"collection":[{"href":"https:\/\/gravelart.be\/fr\/wp-json\/wp\/v2\/product"}],"about":[{"href":"https:\/\/gravelart.be\/fr\/wp-json\/wp\/v2\/types\/product"}],"replies":[{"embeddable":true,"href":"https:\/\/gravelart.be\/fr\/wp-json\/wp\/v2\/comments?post=48826"}],"wp:featuredmedia":[{"embeddable":true,"href":"https:\/\/gravelart.be\/fr\/wp-json\/wp\/v2\/media\/48841"}],"wp:attachment":[{"href":"https:\/\/gravelart.be\/fr\/wp-json\/wp\/v2\/media?parent=48826"}],"wp:term":[{"taxonomy":"product_brand","embeddable":true,"href":"https:\/\/gravelart.be\/fr\/wp-json\/wp\/v2\/product_brand?post=48826"},{"taxonomy":"product_cat","embeddable":true,"href":"https:\/\/gravelart.be\/fr\/wp-json\/wp\/v2\/product_cat?post=48826"},{"taxonomy":"product_tag","embeddable":true,"href":"https:\/\/gravelart.be\/fr\/wp-json\/wp\/v2\/product_tag?post=48826"}],"curies":[{"name":"wp","href":"https:\/\/api.w.org\/{rel}","templated":true}]}}