{"id":48854,"date":"2025-01-30T12:36:39","date_gmt":"2025-01-30T11:36:39","guid":{"rendered":"https:\/\/gravelart.be\/?post_type=product&#038;p=48854"},"modified":"2026-04-30T03:50:45","modified_gmt":"2026-04-30T01:50:45","slug":"__trashed","status":"publish","type":"product","link":"https:\/\/gravelart.be\/fr\/product\/__trashed\/","title":{"rendered":"Biomix Pro ATM 20l"},"content":{"rendered":"","protected":false},"excerpt":{"rendered":"<p>Vous \u00eates confront\u00e9 \u00e0 des salissures vertes naturelles dans les projets que vous r\u00e9alisez ? Gravelart a la solution pour vous avec notre <strong>Biomix<\/strong>, un <strong>produit de nettoyage biod\u00e9gradable<\/strong> qui a prouv\u00e9 son efficacit\u00e9. Cette formule \u00e9cologique \u00e0 base d\u2019enzymes est id\u00e9ale pour tout professionnel du jardin qui vise un espace ext\u00e9rieur propre sans nuire \u00e0 l\u2019environnement.<\/p>\n<p>Biomix est disponible \u00e0 l\u2019enl\u00e8vement ou avec livraison gratuite. Nous assurons une livraison partout en Belgique dans un d\u00e9lai de quatre jours ouvrables. Passez votre commande d\u00e8s aujourd\u2019hui et garantissez l\u2019entretien optimal que vos projets m\u00e9ritent.<\/p>\n<p><strong>Applications du Biomix ATM<\/strong><\/p>\n<p>Avec Biomix ATM, vous pouvez traiter tous les espaces ext\u00e9rieurs touch\u00e9s par une v\u00e9g\u00e9tation ind\u00e9sirable. Gr\u00e2ce \u00e0 son action enzymatique, il convient \u00e0 une large gamme de mat\u00e9riaux et de surfaces :<\/p>\n<ul>\n<li><strong>Terrasses et all\u00e9es<\/strong> : convient pour le gravier, le concass\u00e9, les pav\u00e9s, les dalles et le bois.<\/li>\n<li>Fa\u00e7ades : id\u00e9al pour la brique, le b\u00e9ton, le plafonnage, le cr\u00e9pi et le bois.<\/li>\n<li>Mobilier et d\u00e9coration de jardin : efficace sur le plastique, le m\u00e9tal, le teck, la terre cuite, le b\u00e9ton, la pierre naturelle, et bien plus encore.<\/li>\n<li>Toitures : fonctionne bien sur les ardoises, les tuiles, les plaques ondul\u00e9es, le chaume et le roofing.<\/li>\n<\/ul>\n<p>Attention : pour les mat\u00e9riaux thermolaqu\u00e9s, il est recommand\u00e9 de tester d\u2019abord Biomix ATM sur une petite surface peu visible.<\/p>\n<p><strong>Mode d\u2019emploi<\/strong><\/p>\n<ol>\n<li>Diluez Biomix ATM en fonction du degr\u00e9 de salissure :\n<ul>\n<li><strong>Salissures importantes<\/strong> : 1 L avec 1 L d\u2019eau pour 50 m\u00b2.<\/li>\n<li><strong>Salissures normales <\/strong>: 1 L avec 2 L d\u2019eau pour 100 m\u00b2.<\/li>\n<li><strong>Salissures l\u00e9g\u00e8res<\/strong> : 1 L avec 3 L d\u2019eau pour 150 m\u00b2.<\/li>\n<li><strong>Pr\u00e9ventif <\/strong>: 1 L avec 5 L d\u2019eau pour 250 m\u00b2.<\/li>\n<\/ul>\n<\/li>\n<li><strong>Appliquez le produit<\/strong> sur la surface \u00e0 traiter \u00e0 l\u2019aide d\u2019un pulv\u00e9risateur, de pr\u00e9f\u00e9rence sur un support sec ou l\u00e9g\u00e8rement humide.<\/li>\n<li><strong>Laissez le produit agir.<\/strong> Les enzymes contenues dans Biomix ATM font le gros du travail \u00e0 votre place. Il n\u2019est pas n\u00e9cessaire de frotter ; laissez le produit agir et les \u00e9l\u00e9ments naturels \u00e9liminer biologiquement les d\u00e9p\u00f4ts verts. Je hoeft niet te schrobben; laat het product inwerken en de natuurlijke elementen het groen biologisch verwijderen.<\/li>\n<\/ol>\n<p><strong>Important <\/strong>: n\u2019utilisez pas Biomix ATM \u00e0 des temp\u00e9ratures inf\u00e9rieures \u00e0 8 \u00b0C ou lorsqu\u2019une pluie est attendue dans les 24 heures.<\/p>\n<p>Avec Biomix ATM, Gravelart vous propose une solution puissante et \u00e9cologique, ax\u00e9e sur l\u2019efficacit\u00e9 et le respect de l\u2019environnement dans tous vos projets de jardin.<\/p>\n","protected":false},"featured_media":48862,"comment_status":"open","ping_status":"closed","template":"","meta":{"_acf_changed":false,"inline_featured_image":false},"product_brand":[],"product_cat":[5183],"product_tag":[],"class_list":{"0":"post-48854","1":"product","2":"type-product","3":"status-publish","4":"has-post-thumbnail","6":"product_cat-lutte-biologique","8":"first","9":"instock","10":"taxable","11":"shipping-taxable","12":"purchasable","13":"product-type-variable","14":"has-default-attributes"},"acf":{"woocommerce_erp_id":"18092","woocommerce_cnk_id":"103839","product_density":0,"custom_prices":[{"variation_id":"48855","customer_group":"PRO","customer_id":"","min_qty":1,"max_qty":9999999,"steps":1,"price":97.33,"price_incl":117.77,"delivery_group":"COLLECT","warehouse_id":""},{"variation_id":"48855","customer_group":"PRO","customer_id":"","min_qty":1,"max_qty":9999999,"steps":1,"price":97.33,"price_incl":117.77,"delivery_group":"DELIVERY","warehouse_id":""},{"variation_id":"48855","customer_group":"DISTRI","customer_id":"","min_qty":1,"max_qty":9999999,"steps":1,"price":97.33,"price_incl":117.77,"delivery_group":"COLLECT","warehouse_id":""},{"variation_id":"48855","customer_group":"DISTRI","customer_id":"","min_qty":1,"max_qty":9999999,"steps":1,"price":97.33,"price_incl":117.77,"delivery_group":"DELIVERY","warehouse_id":""},{"variation_id":"48855","customer_group":"CON","customer_id":"","min_qty":1,"max_qty":9999999,"steps":1,"price":136.26,"price_incl":164.87,"delivery_group":"COLLECT","warehouse_id":""},{"variation_id":"48855","customer_group":"CON","customer_id":"","min_qty":1,"max_qty":9999999,"steps":1,"price":136.26,"price_incl":164.87,"delivery_group":"DELIVERY","warehouse_id":""},{"variation_id":"48855","customer_group":"DISTRI","customer_id":"129214","min_qty":1,"max_qty":9999999,"steps":1,"price":71.82,"price_incl":86.9,"delivery_group":"COLLECT","warehouse_id":""},{"variation_id":"48855","customer_group":"DISTRI","customer_id":"129214","min_qty":1,"max_qty":9999999,"steps":1,"price":71.82,"price_incl":86.9,"delivery_group":"DELIVERY","warehouse_id":""}],"packaging_ids":[{"packaging_name":"Pi\u00e8ce","packaging_id":"73","erp_id":"18092"}]},"yoast_head":"<!-- This site is optimized with the Yoast SEO plugin v27.3 - https:\/\/yoast.com\/product\/yoast-seo-wordpress\/ -->\n<title>Biomix Pro ATM 20l - Gravelart<\/title>\n<meta name=\"description\" content=\"Nettoyez terrasses, all\u00e9es, fa\u00e7ades et mobilier de jardin avec Biomix Pro ATM 20l. Ce produit biod\u00e9gradable \u00e9limine les d\u00e9p\u00f4ts verts.\" \/>\n<meta name=\"robots\" content=\"index, follow, max-snippet:-1, max-image-preview:large, max-video-preview:-1\" \/>\n<link rel=\"canonical\" href=\"https:\/\/gravelart.be\/fr\/product\/__trashed\/\" \/>\n<meta property=\"og:locale\" content=\"fr_FR\" \/>\n<meta property=\"og:type\" content=\"article\" \/>\n<meta property=\"og:title\" content=\"Biomix Pro ATM 20l - Gravelart\" \/>\n<meta property=\"og:description\" content=\"Nettoyez terrasses, all\u00e9es, fa\u00e7ades et mobilier de jardin avec Biomix Pro ATM 20l. Ce produit biod\u00e9gradable \u00e9limine les d\u00e9p\u00f4ts verts.\" \/>\n<meta property=\"og:url\" content=\"https:\/\/gravelart.be\/fr\/product\/__trashed\/\" \/>\n<meta property=\"og:site_name\" content=\"Gravelart\" \/>\n<meta property=\"article:modified_time\" content=\"2026-04-30T01:50:45+00:00\" \/>\n<meta property=\"og:image\" content=\"https:\/\/gravelart.be\/wp-content\/uploads\/2025\/01\/BIOmix-e1738249306863.png\" \/>\n\t<meta property=\"og:image:width\" content=\"1000\" \/>\n\t<meta property=\"og:image:height\" content=\"1000\" \/>\n\t<meta property=\"og:image:type\" content=\"image\/png\" \/>\n<meta name=\"twitter:card\" content=\"summary_large_image\" \/>\n<meta name=\"twitter:label1\" content=\"Dur\u00e9e de lecture estim\u00e9e\" \/>\n\t<meta name=\"twitter:data1\" content=\"1 minute\" \/>\n<script type=\"application\/ld+json\" class=\"yoast-schema-graph\">{\"@context\":\"https:\\\/\\\/schema.org\",\"@graph\":[{\"@type\":\"WebPage\",\"@id\":\"https:\\\/\\\/gravelart.be\\\/fr\\\/product\\\/__trashed\\\/\",\"url\":\"https:\\\/\\\/gravelart.be\\\/fr\\\/product\\\/__trashed\\\/\",\"name\":\"Biomix Pro ATM 20l - Gravelart\",\"isPartOf\":{\"@id\":\"https:\\\/\\\/gravelart.be\\\/fr\\\/#website\"},\"primaryImageOfPage\":{\"@id\":\"https:\\\/\\\/gravelart.be\\\/fr\\\/product\\\/__trashed\\\/#primaryimage\"},\"image\":{\"@id\":\"https:\\\/\\\/gravelart.be\\\/fr\\\/product\\\/__trashed\\\/#primaryimage\"},\"thumbnailUrl\":\"https:\\\/\\\/gravelart.be\\\/wp-content\\\/uploads\\\/2025\\\/01\\\/BIOmix-e1738249306863.png\",\"datePublished\":\"2025-01-30T11:36:39+00:00\",\"dateModified\":\"2026-04-30T01:50:45+00:00\",\"description\":\"Nettoyez terrasses, all\u00e9es, fa\u00e7ades et mobilier de jardin avec Biomix Pro ATM 20l. Ce produit biod\u00e9gradable \u00e9limine les d\u00e9p\u00f4ts verts.\",\"breadcrumb\":{\"@id\":\"https:\\\/\\\/gravelart.be\\\/fr\\\/product\\\/__trashed\\\/#breadcrumb\"},\"inLanguage\":\"fr-FR\",\"potentialAction\":[{\"@type\":\"ReadAction\",\"target\":[\"https:\\\/\\\/gravelart.be\\\/fr\\\/product\\\/__trashed\\\/\"]}]},{\"@type\":\"ImageObject\",\"inLanguage\":\"fr-FR\",\"@id\":\"https:\\\/\\\/gravelart.be\\\/fr\\\/product\\\/__trashed\\\/#primaryimage\",\"url\":\"https:\\\/\\\/gravelart.be\\\/wp-content\\\/uploads\\\/2025\\\/01\\\/BIOmix-e1738249306863.png\",\"contentUrl\":\"https:\\\/\\\/gravelart.be\\\/wp-content\\\/uploads\\\/2025\\\/01\\\/BIOmix-e1738249306863.png\",\"width\":1000,\"height\":1000,\"caption\":\"Produit de nettoyage pour terrasse\"},{\"@type\":\"BreadcrumbList\",\"@id\":\"https:\\\/\\\/gravelart.be\\\/fr\\\/product\\\/__trashed\\\/#breadcrumb\",\"itemListElement\":[{\"@type\":\"ListItem\",\"position\":1,\"name\":\"Home\",\"item\":\"https:\\\/\\\/gravelart.be\\\/fr\\\/\"},{\"@type\":\"ListItem\",\"position\":2,\"name\":\"Produits\",\"item\":\"https:\\\/\\\/gravelart.be\\\/fr\\\/boutique\\\/\"},{\"@type\":\"ListItem\",\"position\":3,\"name\":\"Biomix Pro ATM 20l\"}]},{\"@type\":\"WebSite\",\"@id\":\"https:\\\/\\\/gravelart.be\\\/fr\\\/#website\",\"url\":\"https:\\\/\\\/gravelart.be\\\/fr\\\/\",\"name\":\"Gravelart\",\"description\":\"Alles voor tuin en park\",\"publisher\":{\"@id\":\"https:\\\/\\\/gravelart.be\\\/fr\\\/#organization\"},\"potentialAction\":[{\"@type\":\"SearchAction\",\"target\":{\"@type\":\"EntryPoint\",\"urlTemplate\":\"https:\\\/\\\/gravelart.be\\\/fr\\\/?s={search_term_string}\"},\"query-input\":{\"@type\":\"PropertyValueSpecification\",\"valueRequired\":true,\"valueName\":\"search_term_string\"}}],\"inLanguage\":\"fr-FR\"},{\"@type\":\"Organization\",\"@id\":\"https:\\\/\\\/gravelart.be\\\/fr\\\/#organization\",\"name\":\"Gravelart\",\"url\":\"https:\\\/\\\/gravelart.be\\\/fr\\\/\",\"logo\":{\"@type\":\"ImageObject\",\"inLanguage\":\"fr-FR\",\"@id\":\"https:\\\/\\\/gravelart.be\\\/fr\\\/#\\\/schema\\\/logo\\\/image\\\/\",\"url\":\"https:\\\/\\\/gravelart.be\\\/wp-content\\\/uploads\\\/2022\\\/10\\\/logo-gravelart.png\",\"contentUrl\":\"https:\\\/\\\/gravelart.be\\\/wp-content\\\/uploads\\\/2022\\\/10\\\/logo-gravelart.png\",\"width\":348,\"height\":186,\"caption\":\"Gravelart\"},\"image\":{\"@id\":\"https:\\\/\\\/gravelart.be\\\/fr\\\/#\\\/schema\\\/logo\\\/image\\\/\"}}]}<\/script>\n<!-- \/ Yoast SEO plugin. -->","yoast_head_json":{"title":"Biomix Pro ATM 20l - Gravelart","description":"Nettoyez terrasses, all\u00e9es, fa\u00e7ades et mobilier de jardin avec Biomix Pro ATM 20l. Ce produit biod\u00e9gradable \u00e9limine les d\u00e9p\u00f4ts verts.","robots":{"index":"index","follow":"follow","max-snippet":"max-snippet:-1","max-image-preview":"max-image-preview:large","max-video-preview":"max-video-preview:-1"},"canonical":"https:\/\/gravelart.be\/fr\/product\/__trashed\/","og_locale":"fr_FR","og_type":"article","og_title":"Biomix Pro ATM 20l - Gravelart","og_description":"Nettoyez terrasses, all\u00e9es, fa\u00e7ades et mobilier de jardin avec Biomix Pro ATM 20l. Ce produit biod\u00e9gradable \u00e9limine les d\u00e9p\u00f4ts verts.","og_url":"https:\/\/gravelart.be\/fr\/product\/__trashed\/","og_site_name":"Gravelart","article_modified_time":"2026-04-30T01:50:45+00:00","og_image":[{"width":1000,"height":1000,"url":"https:\/\/gravelart.be\/wp-content\/uploads\/2025\/01\/BIOmix-e1738249306863.png","type":"image\/png"}],"twitter_card":"summary_large_image","twitter_misc":{"Dur\u00e9e de lecture estim\u00e9e":"1 minute"},"schema":{"@context":"https:\/\/schema.org","@graph":[{"@type":"WebPage","@id":"https:\/\/gravelart.be\/fr\/product\/__trashed\/","url":"https:\/\/gravelart.be\/fr\/product\/__trashed\/","name":"Biomix Pro ATM 20l - Gravelart","isPartOf":{"@id":"https:\/\/gravelart.be\/fr\/#website"},"primaryImageOfPage":{"@id":"https:\/\/gravelart.be\/fr\/product\/__trashed\/#primaryimage"},"image":{"@id":"https:\/\/gravelart.be\/fr\/product\/__trashed\/#primaryimage"},"thumbnailUrl":"https:\/\/gravelart.be\/wp-content\/uploads\/2025\/01\/BIOmix-e1738249306863.png","datePublished":"2025-01-30T11:36:39+00:00","dateModified":"2026-04-30T01:50:45+00:00","description":"Nettoyez terrasses, all\u00e9es, fa\u00e7ades et mobilier de jardin avec Biomix Pro ATM 20l. Ce produit biod\u00e9gradable \u00e9limine les d\u00e9p\u00f4ts verts.","breadcrumb":{"@id":"https:\/\/gravelart.be\/fr\/product\/__trashed\/#breadcrumb"},"inLanguage":"fr-FR","potentialAction":[{"@type":"ReadAction","target":["https:\/\/gravelart.be\/fr\/product\/__trashed\/"]}]},{"@type":"ImageObject","inLanguage":"fr-FR","@id":"https:\/\/gravelart.be\/fr\/product\/__trashed\/#primaryimage","url":"https:\/\/gravelart.be\/wp-content\/uploads\/2025\/01\/BIOmix-e1738249306863.png","contentUrl":"https:\/\/gravelart.be\/wp-content\/uploads\/2025\/01\/BIOmix-e1738249306863.png","width":1000,"height":1000,"caption":"Produit de nettoyage pour terrasse"},{"@type":"BreadcrumbList","@id":"https:\/\/gravelart.be\/fr\/product\/__trashed\/#breadcrumb","itemListElement":[{"@type":"ListItem","position":1,"name":"Home","item":"https:\/\/gravelart.be\/fr\/"},{"@type":"ListItem","position":2,"name":"Produits","item":"https:\/\/gravelart.be\/fr\/boutique\/"},{"@type":"ListItem","position":3,"name":"Biomix Pro ATM 20l"}]},{"@type":"WebSite","@id":"https:\/\/gravelart.be\/fr\/#website","url":"https:\/\/gravelart.be\/fr\/","name":"Gravelart","description":"Alles voor tuin en park","publisher":{"@id":"https:\/\/gravelart.be\/fr\/#organization"},"potentialAction":[{"@type":"SearchAction","target":{"@type":"EntryPoint","urlTemplate":"https:\/\/gravelart.be\/fr\/?s={search_term_string}"},"query-input":{"@type":"PropertyValueSpecification","valueRequired":true,"valueName":"search_term_string"}}],"inLanguage":"fr-FR"},{"@type":"Organization","@id":"https:\/\/gravelart.be\/fr\/#organization","name":"Gravelart","url":"https:\/\/gravelart.be\/fr\/","logo":{"@type":"ImageObject","inLanguage":"fr-FR","@id":"https:\/\/gravelart.be\/fr\/#\/schema\/logo\/image\/","url":"https:\/\/gravelart.be\/wp-content\/uploads\/2022\/10\/logo-gravelart.png","contentUrl":"https:\/\/gravelart.be\/wp-content\/uploads\/2022\/10\/logo-gravelart.png","width":348,"height":186,"caption":"Gravelart"},"image":{"@id":"https:\/\/gravelart.be\/fr\/#\/schema\/logo\/image\/"}}]}},"_links":{"self":[{"href":"https:\/\/gravelart.be\/fr\/wp-json\/wp\/v2\/product\/48854","targetHints":{"allow":["GET"]}}],"collection":[{"href":"https:\/\/gravelart.be\/fr\/wp-json\/wp\/v2\/product"}],"about":[{"href":"https:\/\/gravelart.be\/fr\/wp-json\/wp\/v2\/types\/product"}],"replies":[{"embeddable":true,"href":"https:\/\/gravelart.be\/fr\/wp-json\/wp\/v2\/comments?post=48854"}],"wp:featuredmedia":[{"embeddable":true,"href":"https:\/\/gravelart.be\/fr\/wp-json\/wp\/v2\/media\/48862"}],"wp:attachment":[{"href":"https:\/\/gravelart.be\/fr\/wp-json\/wp\/v2\/media?parent=48854"}],"wp:term":[{"taxonomy":"product_brand","embeddable":true,"href":"https:\/\/gravelart.be\/fr\/wp-json\/wp\/v2\/product_brand?post=48854"},{"taxonomy":"product_cat","embeddable":true,"href":"https:\/\/gravelart.be\/fr\/wp-json\/wp\/v2\/product_cat?post=48854"},{"taxonomy":"product_tag","embeddable":true,"href":"https:\/\/gravelart.be\/fr\/wp-json\/wp\/v2\/product_tag?post=48854"}],"curies":[{"name":"wp","href":"https:\/\/api.w.org\/{rel}","templated":true}]}}