{"id":50797,"date":"2025-03-26T11:38:29","date_gmt":"2025-03-26T10:38:29","guid":{"rendered":"https:\/\/gravelart.be\/?post_type=product&#038;p=50797"},"modified":"2026-03-19T03:40:43","modified_gmt":"2026-03-19T02:40:43","slug":"pinus-sylvestris-15-25","status":"publish","type":"product","link":"https:\/\/gravelart.be\/fr\/product\/pinus-sylvestris-15-25\/","title":{"rendered":"Pinus Sylvestris 15\/25"},"content":{"rendered":"","protected":false},"excerpt":{"rendered":"<p>Notre \u00e9corce <strong>Pinus Sylvestris<\/strong> de haute qualit\u00e9, extraite dans le nord et le centre de la France, est brun clair et tr\u00e8s d\u00e9corative. Cette \u00e9corce est concass\u00e9e et tamis\u00e9e sur notre site de Lochristi. <\/p>\n<p><strong>Avantages de l\u2019\u00e9corce de pin Pinus Sylvestris :<\/strong><\/p>\n<ul>\n<li><strong>Longue dur\u00e9e de vie <\/strong>: Entre 4 et 6 ans.<\/li>\n<li>R\u00e9tention d\u2019humidit\u00e9 : Maintient le sol humide.<\/li>\n<li><strong>\u00c9rosion du sol<\/strong> : Pr\u00e9vient l\u2019\u00e9rosion du sol.<\/li>\n<li><strong>Croissance des mauvaises herbes<\/strong> : Limite la croissance des mauvaises herbes.<\/li>\n<\/ul>\n<p>\u00c9paisseur recommand\u00e9e : 8 \u00e0 10 cm.<\/p>\n<p>Cette \u00e9corce de Pin Sylvester est \u00e9galement disponible en granulom\u00e9trie <a href=\"https:\/\/gravelart.be\/fr\/product\/pinus-sylvester-8-15\/\">8\/15<\/a>, id\u00e9ale pour ceux qui pr\u00e9f\u00e8rent une structure l\u00e9g\u00e8rement plus grossi\u00e8re.<\/p>\n","protected":false},"featured_media":50848,"comment_status":"open","ping_status":"closed","template":"","meta":{"_acf_changed":false,"inline_featured_image":false},"product_brand":[],"product_cat":[4160],"product_tag":[],"class_list":{"0":"post-50797","1":"product","2":"type-product","3":"status-publish","4":"has-post-thumbnail","6":"product_cat-couverture-de-sol","8":"first","9":"instock","10":"taxable","11":"shipping-taxable","12":"purchasable","13":"product-type-variable","14":"has-default-attributes"},"acf":{"woocommerce_erp_id":"18198","woocommerce_cnk_id":"103945","product_density":0.25,"custom_prices":[{"variation_id":"50798","customer_group":"","customer_id":"129214","min_qty":1,"max_qty":9999999,"steps":0.01,"price":44.97,"price_incl":47.67,"delivery_group":"COLLECT","warehouse_id":"Z"},{"variation_id":"50798","customer_group":"PRO","customer_id":"129214","min_qty":1,"max_qty":9999999,"steps":0.01,"price":44.97,"price_incl":47.67,"delivery_group":"DELIVERY","warehouse_id":"Z"},{"variation_id":"50798","customer_group":"PER","customer_id":"129214","min_qty":1,"max_qty":9999999,"steps":0.01,"price":38.07,"price_incl":40.35,"delivery_group":"COLLECT","warehouse_id":"L"},{"variation_id":"50798","customer_group":"PER","customer_id":"129214","min_qty":1,"max_qty":9999999,"steps":0.01,"price":38.07,"price_incl":40.35,"delivery_group":"DELIVERY","warehouse_id":"L"},{"variation_id":"50798","customer_group":"PER","customer_id":"129214","min_qty":1,"max_qty":9999999,"steps":0.01,"price":44.97,"price_incl":47.67,"delivery_group":"COLLECT","warehouse_id":"W"},{"variation_id":"50798","customer_group":"PER","customer_id":"129214","min_qty":1,"max_qty":9999999,"steps":0.01,"price":44.97,"price_incl":47.67,"delivery_group":"DELIVERY","warehouse_id":"W"},{"variation_id":"50798","customer_group":"PER","customer_id":"","min_qty":1,"max_qty":9999999,"steps":0.01,"price":46.14,"price_incl":48.91,"delivery_group":"COLLECT","warehouse_id":"Z"},{"variation_id":"50798","customer_group":"PER","customer_id":"","min_qty":1,"max_qty":9999999,"steps":0.01,"price":46.14,"price_incl":48.91,"delivery_group":"DELIVERY","warehouse_id":"Z"},{"variation_id":"50798","customer_group":"PER","customer_id":"","min_qty":1,"max_qty":9999999,"steps":0.01,"price":25.55,"price_incl":27.08,"delivery_group":"COLLECT","warehouse_id":"L"},{"variation_id":"50798","customer_group":"PER","customer_id":"","min_qty":1,"max_qty":9999999,"steps":0.01,"price":25.55,"price_incl":27.08,"delivery_group":"DELIVERY","warehouse_id":"L"},{"variation_id":"50798","customer_group":"PER","customer_id":"","min_qty":1,"max_qty":9999999,"steps":0.01,"price":46.14,"price_incl":48.91,"delivery_group":"COLLECT","warehouse_id":"W"},{"variation_id":"50798","customer_group":"PER","customer_id":"","min_qty":1,"max_qty":9999999,"steps":0.01,"price":46.14,"price_incl":48.91,"delivery_group":"DELIVERY","warehouse_id":"W"},{"variation_id":"50798","customer_group":"DISTRI","customer_id":"","min_qty":1,"max_qty":9999999,"steps":0.01,"price":54.53,"price_incl":57.8,"delivery_group":"COLLECT","warehouse_id":"Z"},{"variation_id":"50798","customer_group":"DISTRI","customer_id":"","min_qty":1,"max_qty":9999999,"steps":0.01,"price":54.53,"price_incl":57.8,"delivery_group":"DELIVERY","warehouse_id":"Z"},{"variation_id":"50798","customer_group":"DISTRI","customer_id":"","min_qty":1,"max_qty":9999999,"steps":0.01,"price":41.5,"price_incl":43.99,"delivery_group":"COLLECT","warehouse_id":"L"},{"variation_id":"50798","customer_group":"DISTRI","customer_id":"","min_qty":1,"max_qty":9999999,"steps":0.01,"price":41.5,"price_incl":43.99,"delivery_group":"DELIVERY","warehouse_id":"L"},{"variation_id":"50798","customer_group":"DISTRI","customer_id":"","min_qty":1,"max_qty":9999999,"steps":0.01,"price":54.53,"price_incl":57.8,"delivery_group":"COLLECT","warehouse_id":"W"},{"variation_id":"50798","customer_group":"DISTRI","customer_id":"","min_qty":1,"max_qty":9999999,"steps":0.01,"price":54.53,"price_incl":57.8,"delivery_group":"DELIVERY","warehouse_id":"W"},{"variation_id":"50798","customer_group":"PRO","customer_id":"","min_qty":1,"max_qty":9999999,"steps":0.01,"price":59.87,"price_incl":63.46,"delivery_group":"COLLECT","warehouse_id":"Z"},{"variation_id":"50798","customer_group":"PRO","customer_id":"","min_qty":1,"max_qty":9999999,"steps":0.01,"price":59.87,"price_incl":63.46,"delivery_group":"DELIVERY","warehouse_id":"Z"},{"variation_id":"50798","customer_group":"PRO","customer_id":"","min_qty":1,"max_qty":9999999,"steps":0.01,"price":43.5,"price_incl":46.11,"delivery_group":"COLLECT","warehouse_id":"L"},{"variation_id":"50798","customer_group":"PRO","customer_id":"","min_qty":1,"max_qty":9999999,"steps":0.01,"price":43.5,"price_incl":46.11,"delivery_group":"DELIVERY","warehouse_id":"L"},{"variation_id":"50798","customer_group":"PRO","customer_id":"","min_qty":1,"max_qty":9999999,"steps":0.01,"price":59.87,"price_incl":63.46,"delivery_group":"COLLECT","warehouse_id":"W"},{"variation_id":"50798","customer_group":"PRO","customer_id":"","min_qty":1,"max_qty":9999999,"steps":0.01,"price":59.87,"price_incl":63.46,"delivery_group":"DELIVERY","warehouse_id":"W"},{"variation_id":"50798","customer_group":"PRO","customer_id":"","min_qty":30,"max_qty":49.5,"steps":0.01,"price":40.5,"price_incl":42.93,"delivery_group":"COLLECT","warehouse_id":"L"},{"variation_id":"50798","customer_group":"PRO","customer_id":"","min_qty":30,"max_qty":49.5,"steps":0.01,"price":40.5,"price_incl":42.93,"delivery_group":"DELIVERY","warehouse_id":"L"},{"variation_id":"50798","customer_group":"PRO","customer_id":"","min_qty":50,"max_qty":89.5,"steps":0.01,"price":40,"price_incl":42.4,"delivery_group":"COLLECT","warehouse_id":"L"},{"variation_id":"50798","customer_group":"PRO","customer_id":"","min_qty":50,"max_qty":89.5,"steps":0.01,"price":40,"price_incl":42.4,"delivery_group":"DELIVERY","warehouse_id":"L"},{"variation_id":"50798","customer_group":"PRO","customer_id":"","min_qty":90,"max_qty":9999999,"steps":0.01,"price":39.5,"price_incl":41.87,"delivery_group":"COLLECT","warehouse_id":"L"},{"variation_id":"50798","customer_group":"PRO","customer_id":"","min_qty":90,"max_qty":9999999,"steps":0.01,"price":39.5,"price_incl":41.87,"delivery_group":"DELIVERY","warehouse_id":"L"},{"variation_id":"50798","customer_group":"CON","customer_id":"","min_qty":1,"max_qty":9999999,"steps":0.01,"price":71.82,"price_incl":76.13,"delivery_group":"COLLECT","warehouse_id":"Z"},{"variation_id":"50798","customer_group":"CON","customer_id":"","min_qty":1,"max_qty":9999999,"steps":0.01,"price":71.82,"price_incl":76.13,"delivery_group":"DELIVERY","warehouse_id":"Z"},{"variation_id":"50798","customer_group":"CON","customer_id":"","min_qty":1,"max_qty":9999999,"steps":0.01,"price":60,"price_incl":63.6,"delivery_group":"COLLECT","warehouse_id":"L"},{"variation_id":"50798","customer_group":"CON","customer_id":"","min_qty":1,"max_qty":9999999,"steps":0.01,"price":60,"price_incl":63.6,"delivery_group":"DELIVERY","warehouse_id":"L"},{"variation_id":"50798","customer_group":"CON","customer_id":"","min_qty":1,"max_qty":9999999,"steps":0.01,"price":71.82,"price_incl":76.13,"delivery_group":"COLLECT","warehouse_id":"W"},{"variation_id":"50798","customer_group":"CON","customer_id":"","min_qty":1,"max_qty":9999999,"steps":0.01,"price":71.82,"price_incl":76.13,"delivery_group":"DELIVERY","warehouse_id":"W"},{"variation_id":"50798","customer_group":"PRO","customer_id":"131196","min_qty":1,"max_qty":9999999,"steps":0.01,"price":41.5,"price_incl":43.99,"delivery_group":"COLLECT","warehouse_id":""},{"variation_id":"50798","customer_group":"PRO","customer_id":"131196","min_qty":1,"max_qty":9999999,"steps":0.01,"price":43.5,"price_incl":46.11,"delivery_group":"DELIVERY","warehouse_id":""},{"variation_id":"50798","customer_group":"CON","customer_id":"130051","min_qty":1,"max_qty":9999999,"steps":0.01,"price":49.5,"price_incl":59.9,"delivery_group":"DELIVERY","warehouse_id":""},{"variation_id":"50798","customer_group":"CON","customer_id":"130051","min_qty":1,"max_qty":9999999,"steps":0.01,"price":49.5,"price_incl":59.9,"delivery_group":"COLLECT","warehouse_id":""},{"variation_id":"52102","customer_group":"CON","customer_id":"","min_qty":1,"max_qty":9999999,"steps":1,"price":98.36,"price_incl":104.26,"delivery_group":"COLLECT","warehouse_id":""},{"variation_id":"52102","customer_group":"CON","customer_id":"","min_qty":1,"max_qty":9999999,"steps":1,"price":98.36,"price_incl":104.26,"delivery_group":"DELIVERY","warehouse_id":""},{"variation_id":"52102","customer_group":"CON","customer_id":"","min_qty":1,"max_qty":9999999,"steps":1,"price":83.58,"price_incl":88.59,"delivery_group":"COLLECT","warehouse_id":"L"},{"variation_id":"52102","customer_group":"CON","customer_id":"","min_qty":1,"max_qty":9999999,"steps":1,"price":83.58,"price_incl":88.59,"delivery_group":"DELIVERY","warehouse_id":"L"},{"variation_id":"52102","customer_group":"CON","customer_id":"","min_qty":1,"max_qty":9999999,"steps":1,"price":98.36,"price_incl":104.26,"delivery_group":"COLLECT","warehouse_id":""},{"variation_id":"52102","customer_group":"CON","customer_id":"","min_qty":1,"max_qty":9999999,"steps":1,"price":98.36,"price_incl":104.26,"delivery_group":"DELIVERY","warehouse_id":""},{"variation_id":"52102","customer_group":"PRO","customer_id":"","min_qty":1,"max_qty":9999999,"steps":1,"price":74.87,"price_incl":79.36,"delivery_group":"COLLECT","warehouse_id":""},{"variation_id":"52102","customer_group":"PRO","customer_id":"","min_qty":1,"max_qty":9999999,"steps":1,"price":74.87,"price_incl":79.36,"delivery_group":"DELIVERY","warehouse_id":""},{"variation_id":"52102","customer_group":"PRO","customer_id":"","min_qty":1,"max_qty":9999999,"steps":1,"price":58.5,"price_incl":62.01,"delivery_group":"COLLECT","warehouse_id":"L"},{"variation_id":"52102","customer_group":"PRO","customer_id":"","min_qty":1,"max_qty":9999999,"steps":1,"price":58.5,"price_incl":62.01,"delivery_group":"DELIVERY","warehouse_id":"L"},{"variation_id":"52102","customer_group":"PRO","customer_id":"","min_qty":1,"max_qty":9999999,"steps":1,"price":74.87,"price_incl":79.36,"delivery_group":"COLLECT","warehouse_id":""},{"variation_id":"52102","customer_group":"PRO","customer_id":"","min_qty":1,"max_qty":9999999,"steps":1,"price":74.87,"price_incl":79.36,"delivery_group":"DELIVERY","warehouse_id":""},{"variation_id":"52102","customer_group":"PER","customer_id":"","min_qty":1,"max_qty":9999999,"steps":1,"price":61.14,"price_incl":64.81,"delivery_group":"COLLECT","warehouse_id":""},{"variation_id":"52102","customer_group":"PER","customer_id":"","min_qty":1,"max_qty":9999999,"steps":1,"price":61.14,"price_incl":64.81,"delivery_group":"DELIVERY","warehouse_id":""},{"variation_id":"52102","customer_group":"PER","customer_id":"","min_qty":1,"max_qty":9999999,"steps":1,"price":61.14,"price_incl":64.81,"delivery_group":"COLLECT","warehouse_id":""},{"variation_id":"52102","customer_group":"PER","customer_id":"","min_qty":1,"max_qty":9999999,"steps":1,"price":61.14,"price_incl":64.81,"delivery_group":"DELIVERY","warehouse_id":""},{"variation_id":"52102","customer_group":"DISTRI","customer_id":"","min_qty":1,"max_qty":9999999,"steps":1,"price":69.53,"price_incl":73.7,"delivery_group":"COLLECT","warehouse_id":""},{"variation_id":"52102","customer_group":"DISTRI","customer_id":"","min_qty":1,"max_qty":9999999,"steps":1,"price":69.53,"price_incl":73.7,"delivery_group":"DELIVERY","warehouse_id":""},{"variation_id":"52102","customer_group":"DISTRI","customer_id":"","min_qty":1,"max_qty":9999999,"steps":1,"price":56.5,"price_incl":59.89,"delivery_group":"COLLECT","warehouse_id":"L"},{"variation_id":"52102","customer_group":"DISTRI","customer_id":"","min_qty":1,"max_qty":9999999,"steps":1,"price":56.5,"price_incl":59.89,"delivery_group":"DELIVERY","warehouse_id":"L"},{"variation_id":"52102","customer_group":"DISTRI","customer_id":"","min_qty":1,"max_qty":9999999,"steps":1,"price":69.53,"price_incl":73.7,"delivery_group":"COLLECT","warehouse_id":""},{"variation_id":"52102","customer_group":"DISTRI","customer_id":"","min_qty":1,"max_qty":9999999,"steps":1,"price":69.53,"price_incl":73.7,"delivery_group":"DELIVERY","warehouse_id":""},{"variation_id":"52102","customer_group":"","customer_id":"129214","min_qty":1,"max_qty":9999999,"steps":1,"price":53.07,"price_incl":56.25,"delivery_group":"COLLECT","warehouse_id":"L"},{"variation_id":"52102","customer_group":"","customer_id":"129214","min_qty":1,"max_qty":9999999,"steps":1,"price":53.07,"price_incl":56.25,"delivery_group":"DELIVERY","warehouse_id":"L"},{"variation_id":"52102","customer_group":"","customer_id":"129214","min_qty":1,"max_qty":9999999,"steps":1,"price":64.97,"price_incl":68.87,"delivery_group":"COLLECT","warehouse_id":"Z"},{"variation_id":"52102","customer_group":"","customer_id":"129214","min_qty":1,"max_qty":9999999,"steps":1,"price":64.97,"price_incl":68.87,"delivery_group":"DELIVERY","warehouse_id":"Z"}],"packaging_ids":[{"packaging_name":"En vrac","packaging_id":"74","erp_id":"18198"},{"packaging_name":"Big bag 1 m\u00b3","packaging_id":"98","erp_id":"18201"}]},"yoast_head":"<!-- This site is optimized with the Yoast SEO plugin v27.3 - https:\/\/yoast.com\/product\/yoast-seo-wordpress\/ -->\n<title>Pinus Sylvestris 15\/25 - Gravelart<\/title>\n<meta name=\"description\" content=\"Commandez notre \u00e9corce Pinus Sylvestris 15\/25 pour une allure naturelle et chaleureuse. Id\u00e9ale pour les bordures, les all\u00e9es et les aires de jeux.\" \/>\n<meta name=\"robots\" content=\"index, follow, max-snippet:-1, max-image-preview:large, max-video-preview:-1\" \/>\n<link rel=\"canonical\" href=\"https:\/\/gravelart.be\/fr\/product\/pinus-sylvestris-15-25\/\" \/>\n<meta property=\"og:locale\" content=\"fr_FR\" \/>\n<meta property=\"og:type\" content=\"article\" \/>\n<meta property=\"og:title\" content=\"Pinus Sylvestris 15\/25 - Gravelart\" \/>\n<meta property=\"og:description\" content=\"Commandez notre \u00e9corce Pinus Sylvestris 15\/25 pour une allure naturelle et chaleureuse. Id\u00e9ale pour les bordures, les all\u00e9es et les aires de jeux.\" \/>\n<meta property=\"og:url\" content=\"https:\/\/gravelart.be\/fr\/product\/pinus-sylvestris-15-25\/\" \/>\n<meta property=\"og:site_name\" content=\"Gravelart\" \/>\n<meta property=\"article:modified_time\" content=\"2026-03-19T02:40:43+00:00\" \/>\n<meta property=\"og:image\" content=\"https:\/\/gravelart.be\/wp-content\/uploads\/2025\/03\/Pin-Sylvester-1525-droog.jpg\" \/>\n\t<meta property=\"og:image:width\" content=\"1080\" \/>\n\t<meta property=\"og:image:height\" content=\"1080\" \/>\n\t<meta property=\"og:image:type\" content=\"image\/jpeg\" \/>\n<meta name=\"twitter:card\" content=\"summary_large_image\" \/>\n<meta name=\"twitter:label1\" content=\"Dur\u00e9e de lecture estim\u00e9e\" \/>\n\t<meta name=\"twitter:data1\" content=\"1 minute\" \/>\n<script type=\"application\/ld+json\" class=\"yoast-schema-graph\">{\"@context\":\"https:\\\/\\\/schema.org\",\"@graph\":[{\"@type\":\"WebPage\",\"@id\":\"https:\\\/\\\/gravelart.be\\\/fr\\\/product\\\/pinus-sylvestris-15-25\\\/\",\"url\":\"https:\\\/\\\/gravelart.be\\\/fr\\\/product\\\/pinus-sylvestris-15-25\\\/\",\"name\":\"Pinus Sylvestris 15\\\/25 - Gravelart\",\"isPartOf\":{\"@id\":\"https:\\\/\\\/gravelart.be\\\/fr\\\/#website\"},\"primaryImageOfPage\":{\"@id\":\"https:\\\/\\\/gravelart.be\\\/fr\\\/product\\\/pinus-sylvestris-15-25\\\/#primaryimage\"},\"image\":{\"@id\":\"https:\\\/\\\/gravelart.be\\\/fr\\\/product\\\/pinus-sylvestris-15-25\\\/#primaryimage\"},\"thumbnailUrl\":\"https:\\\/\\\/gravelart.be\\\/wp-content\\\/uploads\\\/2025\\\/03\\\/Pin-Sylvester-1525-droog.jpg\",\"datePublished\":\"2025-03-26T10:38:29+00:00\",\"dateModified\":\"2026-03-19T02:40:43+00:00\",\"description\":\"Commandez notre \u00e9corce Pinus Sylvestris 15\\\/25 pour une allure naturelle et chaleureuse. Id\u00e9ale pour les bordures, les all\u00e9es et les aires de jeux.\",\"breadcrumb\":{\"@id\":\"https:\\\/\\\/gravelart.be\\\/fr\\\/product\\\/pinus-sylvestris-15-25\\\/#breadcrumb\"},\"inLanguage\":\"fr-FR\",\"potentialAction\":[{\"@type\":\"ReadAction\",\"target\":[\"https:\\\/\\\/gravelart.be\\\/fr\\\/product\\\/pinus-sylvestris-15-25\\\/\"]}]},{\"@type\":\"ImageObject\",\"inLanguage\":\"fr-FR\",\"@id\":\"https:\\\/\\\/gravelart.be\\\/fr\\\/product\\\/pinus-sylvestris-15-25\\\/#primaryimage\",\"url\":\"https:\\\/\\\/gravelart.be\\\/wp-content\\\/uploads\\\/2025\\\/03\\\/Pin-Sylvester-1525-droog.jpg\",\"contentUrl\":\"https:\\\/\\\/gravelart.be\\\/wp-content\\\/uploads\\\/2025\\\/03\\\/Pin-Sylvester-1525-droog.jpg\",\"width\":1080,\"height\":1080,\"caption\":\"Sec\"},{\"@type\":\"BreadcrumbList\",\"@id\":\"https:\\\/\\\/gravelart.be\\\/fr\\\/product\\\/pinus-sylvestris-15-25\\\/#breadcrumb\",\"itemListElement\":[{\"@type\":\"ListItem\",\"position\":1,\"name\":\"Home\",\"item\":\"https:\\\/\\\/gravelart.be\\\/fr\\\/\"},{\"@type\":\"ListItem\",\"position\":2,\"name\":\"Produits\",\"item\":\"https:\\\/\\\/gravelart.be\\\/fr\\\/boutique\\\/\"},{\"@type\":\"ListItem\",\"position\":3,\"name\":\"Pinus Sylvestris 15\\\/25\"}]},{\"@type\":\"WebSite\",\"@id\":\"https:\\\/\\\/gravelart.be\\\/fr\\\/#website\",\"url\":\"https:\\\/\\\/gravelart.be\\\/fr\\\/\",\"name\":\"Gravelart\",\"description\":\"Alles voor tuin en park\",\"publisher\":{\"@id\":\"https:\\\/\\\/gravelart.be\\\/fr\\\/#organization\"},\"potentialAction\":[{\"@type\":\"SearchAction\",\"target\":{\"@type\":\"EntryPoint\",\"urlTemplate\":\"https:\\\/\\\/gravelart.be\\\/fr\\\/?s={search_term_string}\"},\"query-input\":{\"@type\":\"PropertyValueSpecification\",\"valueRequired\":true,\"valueName\":\"search_term_string\"}}],\"inLanguage\":\"fr-FR\"},{\"@type\":\"Organization\",\"@id\":\"https:\\\/\\\/gravelart.be\\\/fr\\\/#organization\",\"name\":\"Gravelart\",\"url\":\"https:\\\/\\\/gravelart.be\\\/fr\\\/\",\"logo\":{\"@type\":\"ImageObject\",\"inLanguage\":\"fr-FR\",\"@id\":\"https:\\\/\\\/gravelart.be\\\/fr\\\/#\\\/schema\\\/logo\\\/image\\\/\",\"url\":\"https:\\\/\\\/gravelart.be\\\/wp-content\\\/uploads\\\/2022\\\/10\\\/logo-gravelart.png\",\"contentUrl\":\"https:\\\/\\\/gravelart.be\\\/wp-content\\\/uploads\\\/2022\\\/10\\\/logo-gravelart.png\",\"width\":348,\"height\":186,\"caption\":\"Gravelart\"},\"image\":{\"@id\":\"https:\\\/\\\/gravelart.be\\\/fr\\\/#\\\/schema\\\/logo\\\/image\\\/\"}}]}<\/script>\n<!-- \/ Yoast SEO plugin. -->","yoast_head_json":{"title":"Pinus Sylvestris 15\/25 - Gravelart","description":"Commandez notre \u00e9corce Pinus Sylvestris 15\/25 pour une allure naturelle et chaleureuse. Id\u00e9ale pour les bordures, les all\u00e9es et les aires de jeux.","robots":{"index":"index","follow":"follow","max-snippet":"max-snippet:-1","max-image-preview":"max-image-preview:large","max-video-preview":"max-video-preview:-1"},"canonical":"https:\/\/gravelart.be\/fr\/product\/pinus-sylvestris-15-25\/","og_locale":"fr_FR","og_type":"article","og_title":"Pinus Sylvestris 15\/25 - Gravelart","og_description":"Commandez notre \u00e9corce Pinus Sylvestris 15\/25 pour une allure naturelle et chaleureuse. Id\u00e9ale pour les bordures, les all\u00e9es et les aires de jeux.","og_url":"https:\/\/gravelart.be\/fr\/product\/pinus-sylvestris-15-25\/","og_site_name":"Gravelart","article_modified_time":"2026-03-19T02:40:43+00:00","og_image":[{"width":1080,"height":1080,"url":"https:\/\/gravelart.be\/wp-content\/uploads\/2025\/03\/Pin-Sylvester-1525-droog.jpg","type":"image\/jpeg"}],"twitter_card":"summary_large_image","twitter_misc":{"Dur\u00e9e de lecture estim\u00e9e":"1 minute"},"schema":{"@context":"https:\/\/schema.org","@graph":[{"@type":"WebPage","@id":"https:\/\/gravelart.be\/fr\/product\/pinus-sylvestris-15-25\/","url":"https:\/\/gravelart.be\/fr\/product\/pinus-sylvestris-15-25\/","name":"Pinus Sylvestris 15\/25 - Gravelart","isPartOf":{"@id":"https:\/\/gravelart.be\/fr\/#website"},"primaryImageOfPage":{"@id":"https:\/\/gravelart.be\/fr\/product\/pinus-sylvestris-15-25\/#primaryimage"},"image":{"@id":"https:\/\/gravelart.be\/fr\/product\/pinus-sylvestris-15-25\/#primaryimage"},"thumbnailUrl":"https:\/\/gravelart.be\/wp-content\/uploads\/2025\/03\/Pin-Sylvester-1525-droog.jpg","datePublished":"2025-03-26T10:38:29+00:00","dateModified":"2026-03-19T02:40:43+00:00","description":"Commandez notre \u00e9corce Pinus Sylvestris 15\/25 pour une allure naturelle et chaleureuse. Id\u00e9ale pour les bordures, les all\u00e9es et les aires de jeux.","breadcrumb":{"@id":"https:\/\/gravelart.be\/fr\/product\/pinus-sylvestris-15-25\/#breadcrumb"},"inLanguage":"fr-FR","potentialAction":[{"@type":"ReadAction","target":["https:\/\/gravelart.be\/fr\/product\/pinus-sylvestris-15-25\/"]}]},{"@type":"ImageObject","inLanguage":"fr-FR","@id":"https:\/\/gravelart.be\/fr\/product\/pinus-sylvestris-15-25\/#primaryimage","url":"https:\/\/gravelart.be\/wp-content\/uploads\/2025\/03\/Pin-Sylvester-1525-droog.jpg","contentUrl":"https:\/\/gravelart.be\/wp-content\/uploads\/2025\/03\/Pin-Sylvester-1525-droog.jpg","width":1080,"height":1080,"caption":"Sec"},{"@type":"BreadcrumbList","@id":"https:\/\/gravelart.be\/fr\/product\/pinus-sylvestris-15-25\/#breadcrumb","itemListElement":[{"@type":"ListItem","position":1,"name":"Home","item":"https:\/\/gravelart.be\/fr\/"},{"@type":"ListItem","position":2,"name":"Produits","item":"https:\/\/gravelart.be\/fr\/boutique\/"},{"@type":"ListItem","position":3,"name":"Pinus Sylvestris 15\/25"}]},{"@type":"WebSite","@id":"https:\/\/gravelart.be\/fr\/#website","url":"https:\/\/gravelart.be\/fr\/","name":"Gravelart","description":"Alles voor tuin en park","publisher":{"@id":"https:\/\/gravelart.be\/fr\/#organization"},"potentialAction":[{"@type":"SearchAction","target":{"@type":"EntryPoint","urlTemplate":"https:\/\/gravelart.be\/fr\/?s={search_term_string}"},"query-input":{"@type":"PropertyValueSpecification","valueRequired":true,"valueName":"search_term_string"}}],"inLanguage":"fr-FR"},{"@type":"Organization","@id":"https:\/\/gravelart.be\/fr\/#organization","name":"Gravelart","url":"https:\/\/gravelart.be\/fr\/","logo":{"@type":"ImageObject","inLanguage":"fr-FR","@id":"https:\/\/gravelart.be\/fr\/#\/schema\/logo\/image\/","url":"https:\/\/gravelart.be\/wp-content\/uploads\/2022\/10\/logo-gravelart.png","contentUrl":"https:\/\/gravelart.be\/wp-content\/uploads\/2022\/10\/logo-gravelart.png","width":348,"height":186,"caption":"Gravelart"},"image":{"@id":"https:\/\/gravelart.be\/fr\/#\/schema\/logo\/image\/"}}]}},"_links":{"self":[{"href":"https:\/\/gravelart.be\/fr\/wp-json\/wp\/v2\/product\/50797","targetHints":{"allow":["GET"]}}],"collection":[{"href":"https:\/\/gravelart.be\/fr\/wp-json\/wp\/v2\/product"}],"about":[{"href":"https:\/\/gravelart.be\/fr\/wp-json\/wp\/v2\/types\/product"}],"replies":[{"embeddable":true,"href":"https:\/\/gravelart.be\/fr\/wp-json\/wp\/v2\/comments?post=50797"}],"wp:featuredmedia":[{"embeddable":true,"href":"https:\/\/gravelart.be\/fr\/wp-json\/wp\/v2\/media\/50848"}],"wp:attachment":[{"href":"https:\/\/gravelart.be\/fr\/wp-json\/wp\/v2\/media?parent=50797"}],"wp:term":[{"taxonomy":"product_brand","embeddable":true,"href":"https:\/\/gravelart.be\/fr\/wp-json\/wp\/v2\/product_brand?post=50797"},{"taxonomy":"product_cat","embeddable":true,"href":"https:\/\/gravelart.be\/fr\/wp-json\/wp\/v2\/product_cat?post=50797"},{"taxonomy":"product_tag","embeddable":true,"href":"https:\/\/gravelart.be\/fr\/wp-json\/wp\/v2\/product_tag?post=50797"}],"curies":[{"name":"wp","href":"https:\/\/api.w.org\/{rel}","templated":true}]}}