{"id":52326,"date":"2025-07-25T14:29:55","date_gmt":"2025-07-25T12:29:55","guid":{"rendered":"https:\/\/gravelart.be\/?post_type=product&#038;p=52326"},"modified":"2026-01-29T14:06:33","modified_gmt":"2026-01-29T13:06:33","slug":"film-textile-anti-racine-4-m-x-25-m-x-05-mm","status":"publish","type":"product","link":"https:\/\/gravelart.be\/fr\/product\/film-textile-anti-racine-4-m-x-25-m-x-05-mm\/","title":{"rendered":"Film textile anti-racine 4 m x 25 m x 0,5 mm"},"content":{"rendered":"","protected":false},"excerpt":{"rendered":"<p data-start=\"0\" data-end=\"289\">La <strong data-start=\"3\" data-end=\"28\">membrane anti-racines<\/strong>, en <strong data-start=\"33\" data-end=\"47\">HDPE mince<\/strong>, est utilis\u00e9e pour prot\u00e9ger l\u2019\u00e9tanch\u00e9it\u00e9 de la toiture contre les racines pivotantes dures des plantes sur votre toiture v\u00e9g\u00e9talis\u00e9e. Les oiseaux peuvent transporter des graines d\u2019arbres qui, en se d\u00e9veloppant, peuvent endommager la toiture.<\/p>\n<p data-start=\"291\" data-end=\"310\"><strong data-start=\"291\" data-end=\"308\">Utilisation :<\/strong><\/p>\n<ul data-start=\"311\" data-end=\"554\">\n<li data-start=\"311\" data-end=\"361\">\n<p data-start=\"313\" data-end=\"361\">La membrane est pos\u00e9e librement sur la toiture<\/p>\n<\/li>\n<li data-start=\"362\" data-end=\"475\">\n<p data-start=\"364\" data-end=\"475\">Les diff\u00e9rentes bandes sont assembl\u00e9es par soudures thermiques ou par un chevauchement suffisant (min. 60 cm)<\/p>\n<\/li>\n<li data-start=\"476\" data-end=\"554\">\n<p data-start=\"478\" data-end=\"554\">L\u2019ensemble est relev\u00e9 jusqu\u2019aux bords du toit pour une protection compl\u00e8te<\/p>\n<\/li>\n<\/ul>\n<p data-start=\"556\" data-end=\"580\"><strong data-start=\"556\" data-end=\"578\">Caract\u00e9ristiques :<\/strong><\/p>\n<ul data-start=\"581\" data-end=\"851\">\n<li data-start=\"581\" data-end=\"621\">\n<p data-start=\"583\" data-end=\"621\"><strong data-start=\"583\" data-end=\"599\">Dimensions :<\/strong> 4 m x 25 m x 0,5 mm<\/p>\n<\/li>\n<li data-start=\"622\" data-end=\"644\">\n<p data-start=\"624\" data-end=\"644\"><strong data-start=\"624\" data-end=\"637\">Couleur :<\/strong> noir<\/p>\n<\/li>\n<li data-start=\"645\" data-end=\"821\">\n<p data-start=\"647\" data-end=\"821\"><strong data-start=\"647\" data-end=\"667\">Unit\u00e9 de vente :<\/strong> la membrane est \u00e9galement disponible dans d\u2019autres dimensions, tant en longueur qu\u2019en largeur. N\u2019h\u00e9sitez pas \u00e0 nous contacter pour plus d\u2019informations.<\/p>\n<\/li>\n<li data-start=\"822\" data-end=\"851\">\n<p data-start=\"824\" data-end=\"851\"><strong data-start=\"824\" data-end=\"838\">Mat\u00e9riau :<\/strong> film en LDPE<\/p>\n<\/li>\n<\/ul>\n","protected":false},"featured_media":52331,"comment_status":"open","ping_status":"closed","template":"","meta":{"_acf_changed":false,"inline_featured_image":false},"product_brand":[],"product_cat":[4163,4152],"product_tag":[],"class_list":{"0":"post-52326","1":"product","2":"type-product","3":"status-publish","4":"has-post-thumbnail","6":"product_cat-textiles-techniques","7":"product_cat-toitures-vertes","9":"first","10":"instock","11":"taxable","12":"shipping-taxable","13":"purchasable","14":"product-type-variable"},"acf":{"woocommerce_erp_id":"16895","woocommerce_cnk_id":"102585","product_density":100,"custom_prices":[{"variation_id":"52327","customer_group":"PRO","customer_id":"","min_qty":1,"max_qty":9999999,"steps":1,"price":374,"price_incl":452.54,"delivery_group":"COLLECT","warehouse_id":""},{"variation_id":"52327","customer_group":"PRO","customer_id":"","min_qty":1,"max_qty":9999999,"steps":1,"price":374,"price_incl":452.54,"delivery_group":"DELIVERY","warehouse_id":""},{"variation_id":"52327","customer_group":"DISTRI","customer_id":"","min_qty":1,"max_qty":9999999,"steps":1,"price":316,"price_incl":382.36,"delivery_group":"COLLECT","warehouse_id":""},{"variation_id":"52327","customer_group":"DISTRI","customer_id":"","min_qty":1,"max_qty":9999999,"steps":1,"price":187,"price_incl":226.27,"delivery_group":"DELIVERY","warehouse_id":""},{"variation_id":"52327","customer_group":"CON","customer_id":"","min_qty":1,"max_qty":9999999,"steps":1,"price":452.07,"price_incl":547,"delivery_group":"COLLECT","warehouse_id":""},{"variation_id":"52327","customer_group":"CON","customer_id":"","min_qty":1,"max_qty":9999999,"steps":1,"price":452.07,"price_incl":547,"delivery_group":"DELIVERY","warehouse_id":""}],"packaging_ids":[{"packaging_name":"Pi\u00e8ce","packaging_id":"7","erp_id":"16895"}]},"yoast_head":"<!-- This site is optimized with the Yoast SEO plugin v27.3 - https:\/\/yoast.com\/product\/yoast-seo-wordpress\/ -->\n<title>Film textile anti-racine 4 m x 25 m x 0,5 mm - Gravelart<\/title>\n<meta name=\"description\" content=\"Membrane anti-racines en HDPE durable, l\u00e9g\u00e8re et flexible, prot\u00e9geant l\u2019\u00e9tanch\u00e9it\u00e9 des toitures v\u00e9g\u00e9talis\u00e9es contre la p\u00e9n\u00e9tration des racines.\" \/>\n<meta name=\"robots\" content=\"index, follow, max-snippet:-1, max-image-preview:large, max-video-preview:-1\" \/>\n<link rel=\"canonical\" href=\"https:\/\/gravelart.be\/fr\/product\/film-textile-anti-racine-4-m-x-25-m-x-05-mm\/\" \/>\n<meta property=\"og:locale\" content=\"fr_FR\" \/>\n<meta property=\"og:type\" content=\"article\" \/>\n<meta property=\"og:title\" content=\"Film textile anti-racine 4 m x 25 m x 0,5 mm - Gravelart\" \/>\n<meta property=\"og:description\" content=\"Membrane anti-racines en HDPE durable, l\u00e9g\u00e8re et flexible, prot\u00e9geant l\u2019\u00e9tanch\u00e9it\u00e9 des toitures v\u00e9g\u00e9talis\u00e9es contre la p\u00e9n\u00e9tration des racines.\" \/>\n<meta property=\"og:url\" content=\"https:\/\/gravelart.be\/fr\/product\/film-textile-anti-racine-4-m-x-25-m-x-05-mm\/\" \/>\n<meta property=\"og:site_name\" content=\"Gravelart\" \/>\n<meta property=\"article:modified_time\" content=\"2026-01-29T13:06:33+00:00\" \/>\n<meta property=\"og:image\" content=\"https:\/\/gravelart.be\/wp-content\/uploads\/2025\/07\/Aangepast-transport-levering-met-huifwagen-of-kooiaap-Jatu.be-8.jpg\" \/>\n\t<meta property=\"og:image:width\" content=\"800\" \/>\n\t<meta property=\"og:image:height\" content=\"800\" \/>\n\t<meta property=\"og:image:type\" content=\"image\/jpeg\" \/>\n<meta name=\"twitter:card\" content=\"summary_large_image\" \/>\n<meta name=\"twitter:label1\" content=\"Dur\u00e9e de lecture estim\u00e9e\" \/>\n\t<meta name=\"twitter:data1\" content=\"1 minute\" \/>\n<script type=\"application\/ld+json\" class=\"yoast-schema-graph\">{\"@context\":\"https:\\\/\\\/schema.org\",\"@graph\":[{\"@type\":\"WebPage\",\"@id\":\"https:\\\/\\\/gravelart.be\\\/fr\\\/product\\\/film-textile-anti-racine-4-m-x-25-m-x-05-mm\\\/\",\"url\":\"https:\\\/\\\/gravelart.be\\\/fr\\\/product\\\/film-textile-anti-racine-4-m-x-25-m-x-05-mm\\\/\",\"name\":\"Film textile anti-racine 4 m x 25 m x 0,5 mm - Gravelart\",\"isPartOf\":{\"@id\":\"https:\\\/\\\/gravelart.be\\\/fr\\\/#website\"},\"primaryImageOfPage\":{\"@id\":\"https:\\\/\\\/gravelart.be\\\/fr\\\/product\\\/film-textile-anti-racine-4-m-x-25-m-x-05-mm\\\/#primaryimage\"},\"image\":{\"@id\":\"https:\\\/\\\/gravelart.be\\\/fr\\\/product\\\/film-textile-anti-racine-4-m-x-25-m-x-05-mm\\\/#primaryimage\"},\"thumbnailUrl\":\"https:\\\/\\\/gravelart.be\\\/wp-content\\\/uploads\\\/2025\\\/07\\\/Aangepast-transport-levering-met-huifwagen-of-kooiaap-Jatu.be-8.jpg\",\"datePublished\":\"2025-07-25T12:29:55+00:00\",\"dateModified\":\"2026-01-29T13:06:33+00:00\",\"description\":\"Membrane anti-racines en HDPE durable, l\u00e9g\u00e8re et flexible, prot\u00e9geant l\u2019\u00e9tanch\u00e9it\u00e9 des toitures v\u00e9g\u00e9talis\u00e9es contre la p\u00e9n\u00e9tration des racines.\",\"breadcrumb\":{\"@id\":\"https:\\\/\\\/gravelart.be\\\/fr\\\/product\\\/film-textile-anti-racine-4-m-x-25-m-x-05-mm\\\/#breadcrumb\"},\"inLanguage\":\"fr-FR\",\"potentialAction\":[{\"@type\":\"ReadAction\",\"target\":[\"https:\\\/\\\/gravelart.be\\\/fr\\\/product\\\/film-textile-anti-racine-4-m-x-25-m-x-05-mm\\\/\"]}]},{\"@type\":\"ImageObject\",\"inLanguage\":\"fr-FR\",\"@id\":\"https:\\\/\\\/gravelart.be\\\/fr\\\/product\\\/film-textile-anti-racine-4-m-x-25-m-x-05-mm\\\/#primaryimage\",\"url\":\"https:\\\/\\\/gravelart.be\\\/wp-content\\\/uploads\\\/2025\\\/07\\\/Aangepast-transport-levering-met-huifwagen-of-kooiaap-Jatu.be-8.jpg\",\"contentUrl\":\"https:\\\/\\\/gravelart.be\\\/wp-content\\\/uploads\\\/2025\\\/07\\\/Aangepast-transport-levering-met-huifwagen-of-kooiaap-Jatu.be-8.jpg\",\"width\":800,\"height\":800,\"caption\":\"Wortelvaste folie\"},{\"@type\":\"BreadcrumbList\",\"@id\":\"https:\\\/\\\/gravelart.be\\\/fr\\\/product\\\/film-textile-anti-racine-4-m-x-25-m-x-05-mm\\\/#breadcrumb\",\"itemListElement\":[{\"@type\":\"ListItem\",\"position\":1,\"name\":\"Home\",\"item\":\"https:\\\/\\\/gravelart.be\\\/fr\\\/\"},{\"@type\":\"ListItem\",\"position\":2,\"name\":\"Produits\",\"item\":\"https:\\\/\\\/gravelart.be\\\/fr\\\/boutique\\\/\"},{\"@type\":\"ListItem\",\"position\":3,\"name\":\"Film textile anti-racine 4 m x 25 m x 0,5 mm\"}]},{\"@type\":\"WebSite\",\"@id\":\"https:\\\/\\\/gravelart.be\\\/fr\\\/#website\",\"url\":\"https:\\\/\\\/gravelart.be\\\/fr\\\/\",\"name\":\"Gravelart\",\"description\":\"Alles voor tuin en park\",\"publisher\":{\"@id\":\"https:\\\/\\\/gravelart.be\\\/fr\\\/#organization\"},\"potentialAction\":[{\"@type\":\"SearchAction\",\"target\":{\"@type\":\"EntryPoint\",\"urlTemplate\":\"https:\\\/\\\/gravelart.be\\\/fr\\\/?s={search_term_string}\"},\"query-input\":{\"@type\":\"PropertyValueSpecification\",\"valueRequired\":true,\"valueName\":\"search_term_string\"}}],\"inLanguage\":\"fr-FR\"},{\"@type\":\"Organization\",\"@id\":\"https:\\\/\\\/gravelart.be\\\/fr\\\/#organization\",\"name\":\"Gravelart\",\"url\":\"https:\\\/\\\/gravelart.be\\\/fr\\\/\",\"logo\":{\"@type\":\"ImageObject\",\"inLanguage\":\"fr-FR\",\"@id\":\"https:\\\/\\\/gravelart.be\\\/fr\\\/#\\\/schema\\\/logo\\\/image\\\/\",\"url\":\"https:\\\/\\\/gravelart.be\\\/wp-content\\\/uploads\\\/2022\\\/10\\\/logo-gravelart.png\",\"contentUrl\":\"https:\\\/\\\/gravelart.be\\\/wp-content\\\/uploads\\\/2022\\\/10\\\/logo-gravelart.png\",\"width\":348,\"height\":186,\"caption\":\"Gravelart\"},\"image\":{\"@id\":\"https:\\\/\\\/gravelart.be\\\/fr\\\/#\\\/schema\\\/logo\\\/image\\\/\"}}]}<\/script>\n<!-- \/ Yoast SEO plugin. -->","yoast_head_json":{"title":"Film textile anti-racine 4 m x 25 m x 0,5 mm - Gravelart","description":"Membrane anti-racines en HDPE durable, l\u00e9g\u00e8re et flexible, prot\u00e9geant l\u2019\u00e9tanch\u00e9it\u00e9 des toitures v\u00e9g\u00e9talis\u00e9es contre la p\u00e9n\u00e9tration des racines.","robots":{"index":"index","follow":"follow","max-snippet":"max-snippet:-1","max-image-preview":"max-image-preview:large","max-video-preview":"max-video-preview:-1"},"canonical":"https:\/\/gravelart.be\/fr\/product\/film-textile-anti-racine-4-m-x-25-m-x-05-mm\/","og_locale":"fr_FR","og_type":"article","og_title":"Film textile anti-racine 4 m x 25 m x 0,5 mm - Gravelart","og_description":"Membrane anti-racines en HDPE durable, l\u00e9g\u00e8re et flexible, prot\u00e9geant l\u2019\u00e9tanch\u00e9it\u00e9 des toitures v\u00e9g\u00e9talis\u00e9es contre la p\u00e9n\u00e9tration des racines.","og_url":"https:\/\/gravelart.be\/fr\/product\/film-textile-anti-racine-4-m-x-25-m-x-05-mm\/","og_site_name":"Gravelart","article_modified_time":"2026-01-29T13:06:33+00:00","og_image":[{"width":800,"height":800,"url":"https:\/\/gravelart.be\/wp-content\/uploads\/2025\/07\/Aangepast-transport-levering-met-huifwagen-of-kooiaap-Jatu.be-8.jpg","type":"image\/jpeg"}],"twitter_card":"summary_large_image","twitter_misc":{"Dur\u00e9e de lecture estim\u00e9e":"1 minute"},"schema":{"@context":"https:\/\/schema.org","@graph":[{"@type":"WebPage","@id":"https:\/\/gravelart.be\/fr\/product\/film-textile-anti-racine-4-m-x-25-m-x-05-mm\/","url":"https:\/\/gravelart.be\/fr\/product\/film-textile-anti-racine-4-m-x-25-m-x-05-mm\/","name":"Film textile anti-racine 4 m x 25 m x 0,5 mm - Gravelart","isPartOf":{"@id":"https:\/\/gravelart.be\/fr\/#website"},"primaryImageOfPage":{"@id":"https:\/\/gravelart.be\/fr\/product\/film-textile-anti-racine-4-m-x-25-m-x-05-mm\/#primaryimage"},"image":{"@id":"https:\/\/gravelart.be\/fr\/product\/film-textile-anti-racine-4-m-x-25-m-x-05-mm\/#primaryimage"},"thumbnailUrl":"https:\/\/gravelart.be\/wp-content\/uploads\/2025\/07\/Aangepast-transport-levering-met-huifwagen-of-kooiaap-Jatu.be-8.jpg","datePublished":"2025-07-25T12:29:55+00:00","dateModified":"2026-01-29T13:06:33+00:00","description":"Membrane anti-racines en HDPE durable, l\u00e9g\u00e8re et flexible, prot\u00e9geant l\u2019\u00e9tanch\u00e9it\u00e9 des toitures v\u00e9g\u00e9talis\u00e9es contre la p\u00e9n\u00e9tration des racines.","breadcrumb":{"@id":"https:\/\/gravelart.be\/fr\/product\/film-textile-anti-racine-4-m-x-25-m-x-05-mm\/#breadcrumb"},"inLanguage":"fr-FR","potentialAction":[{"@type":"ReadAction","target":["https:\/\/gravelart.be\/fr\/product\/film-textile-anti-racine-4-m-x-25-m-x-05-mm\/"]}]},{"@type":"ImageObject","inLanguage":"fr-FR","@id":"https:\/\/gravelart.be\/fr\/product\/film-textile-anti-racine-4-m-x-25-m-x-05-mm\/#primaryimage","url":"https:\/\/gravelart.be\/wp-content\/uploads\/2025\/07\/Aangepast-transport-levering-met-huifwagen-of-kooiaap-Jatu.be-8.jpg","contentUrl":"https:\/\/gravelart.be\/wp-content\/uploads\/2025\/07\/Aangepast-transport-levering-met-huifwagen-of-kooiaap-Jatu.be-8.jpg","width":800,"height":800,"caption":"Wortelvaste folie"},{"@type":"BreadcrumbList","@id":"https:\/\/gravelart.be\/fr\/product\/film-textile-anti-racine-4-m-x-25-m-x-05-mm\/#breadcrumb","itemListElement":[{"@type":"ListItem","position":1,"name":"Home","item":"https:\/\/gravelart.be\/fr\/"},{"@type":"ListItem","position":2,"name":"Produits","item":"https:\/\/gravelart.be\/fr\/boutique\/"},{"@type":"ListItem","position":3,"name":"Film textile anti-racine 4 m x 25 m x 0,5 mm"}]},{"@type":"WebSite","@id":"https:\/\/gravelart.be\/fr\/#website","url":"https:\/\/gravelart.be\/fr\/","name":"Gravelart","description":"Alles voor tuin en park","publisher":{"@id":"https:\/\/gravelart.be\/fr\/#organization"},"potentialAction":[{"@type":"SearchAction","target":{"@type":"EntryPoint","urlTemplate":"https:\/\/gravelart.be\/fr\/?s={search_term_string}"},"query-input":{"@type":"PropertyValueSpecification","valueRequired":true,"valueName":"search_term_string"}}],"inLanguage":"fr-FR"},{"@type":"Organization","@id":"https:\/\/gravelart.be\/fr\/#organization","name":"Gravelart","url":"https:\/\/gravelart.be\/fr\/","logo":{"@type":"ImageObject","inLanguage":"fr-FR","@id":"https:\/\/gravelart.be\/fr\/#\/schema\/logo\/image\/","url":"https:\/\/gravelart.be\/wp-content\/uploads\/2022\/10\/logo-gravelart.png","contentUrl":"https:\/\/gravelart.be\/wp-content\/uploads\/2022\/10\/logo-gravelart.png","width":348,"height":186,"caption":"Gravelart"},"image":{"@id":"https:\/\/gravelart.be\/fr\/#\/schema\/logo\/image\/"}}]}},"_links":{"self":[{"href":"https:\/\/gravelart.be\/fr\/wp-json\/wp\/v2\/product\/52326","targetHints":{"allow":["GET"]}}],"collection":[{"href":"https:\/\/gravelart.be\/fr\/wp-json\/wp\/v2\/product"}],"about":[{"href":"https:\/\/gravelart.be\/fr\/wp-json\/wp\/v2\/types\/product"}],"replies":[{"embeddable":true,"href":"https:\/\/gravelart.be\/fr\/wp-json\/wp\/v2\/comments?post=52326"}],"wp:featuredmedia":[{"embeddable":true,"href":"https:\/\/gravelart.be\/fr\/wp-json\/wp\/v2\/media\/52331"}],"wp:attachment":[{"href":"https:\/\/gravelart.be\/fr\/wp-json\/wp\/v2\/media?parent=52326"}],"wp:term":[{"taxonomy":"product_brand","embeddable":true,"href":"https:\/\/gravelart.be\/fr\/wp-json\/wp\/v2\/product_brand?post=52326"},{"taxonomy":"product_cat","embeddable":true,"href":"https:\/\/gravelart.be\/fr\/wp-json\/wp\/v2\/product_cat?post=52326"},{"taxonomy":"product_tag","embeddable":true,"href":"https:\/\/gravelart.be\/fr\/wp-json\/wp\/v2\/product_tag?post=52326"}],"curies":[{"name":"wp","href":"https:\/\/api.w.org\/{rel}","templated":true}]}}