{"id":52529,"date":"2025-08-20T14:45:01","date_gmt":"2025-08-20T12:45:01","guid":{"rendered":"https:\/\/gravelart.be\/?post_type=product&#038;p=52529"},"modified":"2026-04-30T03:40:19","modified_gmt":"2026-04-30T01:40:19","slug":"film-textile-anti-racines-sur-mesure","status":"publish","type":"product","link":"https:\/\/gravelart.be\/fr\/product\/film-textile-anti-racines-sur-mesure\/","title":{"rendered":"Film textile anti-racines sur mesure"},"content":{"rendered":"","protected":false},"excerpt":{"rendered":"<p data-start=\"0\" data-end=\"289\">Notre <strong data-start=\"6\" data-end=\"31\">membrane anti-racines<\/strong> en <strong data-start=\"35\" data-end=\"51\">HDPE durable<\/strong> prot\u00e8ge l\u2019\u00e9tanch\u00e9it\u00e9 de la toiture contre la p\u00e9n\u00e9tration des racines. Elle permet d\u2019\u00e9viter les dommages caus\u00e9s par des racines pivotantes dures ou par la germination spontan\u00e9e d\u2019arbres. La membrane est l\u00e9g\u00e8re, flexible et facile \u00e0 poser.<\/p>\n<p data-start=\"291\" data-end=\"339\"><strong data-start=\"291\" data-end=\"312\">Conditionnement :<\/strong><br data-start=\"312\" data-end=\"315\" \/>Commandable par <strong data-start=\"331\" data-end=\"339\">4 m\u00b2<\/strong><\/p>\n<p data-start=\"341\" data-end=\"360\"><strong data-start=\"341\" data-end=\"358\">Utilisation :<\/strong><\/p>\n<ul data-start=\"361\" data-end=\"513\">\n<li data-start=\"361\" data-end=\"390\">\n<p data-start=\"363\" data-end=\"390\">Pose libre sur la toiture<\/p>\n<\/li>\n<li data-start=\"391\" data-end=\"450\">\n<p data-start=\"393\" data-end=\"450\">Chevauchement des l\u00e9s (min. 60 cm) ou soudure thermique<\/p>\n<\/li>\n<li data-start=\"451\" data-end=\"513\">\n<p data-start=\"453\" data-end=\"513\">Relev\u00e9e jusqu\u2019aux bords du toit pour une protection compl\u00e8te<\/p>\n<\/li>\n<\/ul>\n","protected":false},"featured_media":52331,"comment_status":"open","ping_status":"closed","template":"","meta":{"_acf_changed":false,"inline_featured_image":false},"product_brand":[],"product_cat":[4163,4152],"product_tag":[],"class_list":{"0":"post-52529","1":"product","2":"type-product","3":"status-publish","4":"has-post-thumbnail","6":"product_cat-textiles-techniques","7":"product_cat-toitures-vertes","9":"first","10":"instock","11":"taxable","12":"shipping-taxable","13":"purchasable","14":"product-type-variable","15":"has-default-attributes"},"acf":{"woocommerce_erp_id":"18091","woocommerce_cnk_id":"103838","product_density":4,"custom_prices":[{"variation_id":"52530","customer_group":"PRO","customer_id":"","min_qty":4,"max_qty":10,"steps":4,"price":4.24,"price_incl":5.13,"delivery_group":"COLLECT","warehouse_id":""},{"variation_id":"52530","customer_group":"PRO","customer_id":"","min_qty":4,"max_qty":10,"steps":4,"price":4.24,"price_incl":5.13,"delivery_group":"DELIVERY","warehouse_id":""},{"variation_id":"52530","customer_group":"PRO","customer_id":"","min_qty":11,"max_qty":25,"steps":4,"price":4.02,"price_incl":4.86,"delivery_group":"COLLECT","warehouse_id":""},{"variation_id":"52530","customer_group":"PRO","customer_id":"","min_qty":11,"max_qty":25,"steps":4,"price":4.02,"price_incl":4.86,"delivery_group":"DELIVERY","warehouse_id":""},{"variation_id":"52530","customer_group":"PRO","customer_id":"","min_qty":26,"max_qty":98,"steps":4,"price":3.87,"price_incl":4.68,"delivery_group":"DELIVERY","warehouse_id":""},{"variation_id":"52530","customer_group":"PRO","customer_id":"","min_qty":26,"max_qty":98,"steps":4,"price":3.87,"price_incl":4.68,"delivery_group":"COLLECT","warehouse_id":""},{"variation_id":"52530","customer_group":"DISTRI","customer_id":"","min_qty":11,"max_qty":9999999,"steps":4,"price":4.02,"price_incl":4.86,"delivery_group":"COLLECT","warehouse_id":"Z"},{"variation_id":"52530","customer_group":"DISTRI","customer_id":"","min_qty":11,"max_qty":9999999,"steps":4,"price":4.02,"price_incl":4.86,"delivery_group":"DELIVERY","warehouse_id":"Z"},{"variation_id":"52530","customer_group":"DISTRI","customer_id":"","min_qty":11,"max_qty":9999999,"steps":4,"price":4.02,"price_incl":4.86,"delivery_group":"COLLECT","warehouse_id":""},{"variation_id":"52530","customer_group":"DISTRI","customer_id":"","min_qty":11,"max_qty":9999999,"steps":4,"price":4.02,"price_incl":4.86,"delivery_group":"DELIVERY","warehouse_id":""},{"variation_id":"52530","customer_group":"CON","customer_id":"","min_qty":4,"max_qty":10,"steps":4,"price":5.02,"price_incl":6.07,"delivery_group":"COLLECT","warehouse_id":""},{"variation_id":"52530","customer_group":"CON","customer_id":"","min_qty":4,"max_qty":10,"steps":4,"price":5.02,"price_incl":6.07,"delivery_group":"DELIVERY","warehouse_id":""},{"variation_id":"52530","customer_group":"CON","customer_id":"","min_qty":11,"max_qty":25,"steps":4,"price":4.8,"price_incl":5.81,"delivery_group":"COLLECT","warehouse_id":""},{"variation_id":"52530","customer_group":"CON","customer_id":"","min_qty":11,"max_qty":25,"steps":4,"price":4.8,"price_incl":5.81,"delivery_group":"DELIVERY","warehouse_id":""},{"variation_id":"52530","customer_group":"CON","customer_id":"","min_qty":26,"max_qty":50,"steps":4,"price":4.65,"price_incl":5.63,"delivery_group":"COLLECT","warehouse_id":""},{"variation_id":"52530","customer_group":"CON","customer_id":"","min_qty":26,"max_qty":50,"steps":4,"price":4.65,"price_incl":5.63,"delivery_group":"DELIVERY","warehouse_id":""},{"variation_id":"52530","customer_group":"DISTRI","customer_id":"129214","min_qty":4,"max_qty":10,"steps":4,"price":2.46,"price_incl":2.98,"delivery_group":"COLLECT","warehouse_id":"L"},{"variation_id":"52530","customer_group":"DISTRI","customer_id":"129214","min_qty":4,"max_qty":10,"steps":4,"price":2.46,"price_incl":2.98,"delivery_group":"DELIVERY","warehouse_id":"L"},{"variation_id":"52530","customer_group":"DISTRI","customer_id":"129214","min_qty":11,"max_qty":25,"steps":4,"price":2.24,"price_incl":2.71,"delivery_group":"COLLECT","warehouse_id":"L"},{"variation_id":"52530","customer_group":"DISTRI","customer_id":"129214","min_qty":11,"max_qty":25,"steps":4,"price":2.24,"price_incl":2.71,"delivery_group":"DELIVERY","warehouse_id":"L"},{"variation_id":"52530","customer_group":"DISTRI","customer_id":"129214","min_qty":26,"max_qty":50,"steps":4,"price":2.09,"price_incl":2.53,"delivery_group":"COLLECT","warehouse_id":"L"},{"variation_id":"52530","customer_group":"DISTRI","customer_id":"129214","min_qty":26,"max_qty":50,"steps":4,"price":2.09,"price_incl":2.53,"delivery_group":"DELIVERY","warehouse_id":"L"}],"packaging_ids":[{"packaging_name":"m\u00b2","packaging_id":"96","erp_id":"18091"}]},"yoast_head":"<!-- This site is optimized with the Yoast SEO plugin v27.3 - https:\/\/yoast.com\/product\/yoast-seo-wordpress\/ -->\n<title>Film textile anti-racines sur mesure - Gravelart<\/title>\n<meta name=\"description\" content=\"Membrane anti-racines en HDPE durable, l\u00e9g\u00e8re et flexible, prot\u00e9geant l\u2019\u00e9tanch\u00e9it\u00e9 des toitures v\u00e9g\u00e9talis\u00e9es contre la p\u00e9n\u00e9tration des racines.\" \/>\n<meta name=\"robots\" content=\"index, follow, max-snippet:-1, max-image-preview:large, max-video-preview:-1\" \/>\n<link rel=\"canonical\" href=\"https:\/\/gravelart.be\/fr\/product\/film-textile-anti-racines-sur-mesure\/\" \/>\n<meta property=\"og:locale\" content=\"fr_FR\" \/>\n<meta property=\"og:type\" content=\"article\" \/>\n<meta property=\"og:title\" content=\"Film textile anti-racines sur mesure - Gravelart\" \/>\n<meta property=\"og:description\" content=\"Membrane anti-racines en HDPE durable, l\u00e9g\u00e8re et flexible, prot\u00e9geant l\u2019\u00e9tanch\u00e9it\u00e9 des toitures v\u00e9g\u00e9talis\u00e9es contre la p\u00e9n\u00e9tration des racines.\" \/>\n<meta property=\"og:url\" content=\"https:\/\/gravelart.be\/fr\/product\/film-textile-anti-racines-sur-mesure\/\" \/>\n<meta property=\"og:site_name\" content=\"Gravelart\" \/>\n<meta property=\"article:modified_time\" content=\"2026-04-30T01:40:19+00:00\" \/>\n<meta property=\"og:image\" content=\"https:\/\/gravelart.be\/wp-content\/uploads\/2025\/07\/Aangepast-transport-levering-met-huifwagen-of-kooiaap-Jatu.be-8.jpg\" \/>\n\t<meta property=\"og:image:width\" content=\"800\" \/>\n\t<meta property=\"og:image:height\" content=\"800\" \/>\n\t<meta property=\"og:image:type\" content=\"image\/jpeg\" \/>\n<meta name=\"twitter:card\" content=\"summary_large_image\" \/>\n<meta name=\"twitter:label1\" content=\"Dur\u00e9e de lecture estim\u00e9e\" \/>\n\t<meta name=\"twitter:data1\" content=\"1 minute\" \/>\n<script type=\"application\/ld+json\" class=\"yoast-schema-graph\">{\"@context\":\"https:\\\/\\\/schema.org\",\"@graph\":[{\"@type\":\"WebPage\",\"@id\":\"https:\\\/\\\/gravelart.be\\\/fr\\\/product\\\/film-textile-anti-racines-sur-mesure\\\/\",\"url\":\"https:\\\/\\\/gravelart.be\\\/fr\\\/product\\\/film-textile-anti-racines-sur-mesure\\\/\",\"name\":\"Film textile anti-racines sur mesure - Gravelart\",\"isPartOf\":{\"@id\":\"https:\\\/\\\/gravelart.be\\\/fr\\\/#website\"},\"primaryImageOfPage\":{\"@id\":\"https:\\\/\\\/gravelart.be\\\/fr\\\/product\\\/film-textile-anti-racines-sur-mesure\\\/#primaryimage\"},\"image\":{\"@id\":\"https:\\\/\\\/gravelart.be\\\/fr\\\/product\\\/film-textile-anti-racines-sur-mesure\\\/#primaryimage\"},\"thumbnailUrl\":\"https:\\\/\\\/gravelart.be\\\/wp-content\\\/uploads\\\/2025\\\/07\\\/Aangepast-transport-levering-met-huifwagen-of-kooiaap-Jatu.be-8.jpg\",\"datePublished\":\"2025-08-20T12:45:01+00:00\",\"dateModified\":\"2026-04-30T01:40:19+00:00\",\"description\":\"Membrane anti-racines en HDPE durable, l\u00e9g\u00e8re et flexible, prot\u00e9geant l\u2019\u00e9tanch\u00e9it\u00e9 des toitures v\u00e9g\u00e9talis\u00e9es contre la p\u00e9n\u00e9tration des racines.\",\"breadcrumb\":{\"@id\":\"https:\\\/\\\/gravelart.be\\\/fr\\\/product\\\/film-textile-anti-racines-sur-mesure\\\/#breadcrumb\"},\"inLanguage\":\"fr-FR\",\"potentialAction\":[{\"@type\":\"ReadAction\",\"target\":[\"https:\\\/\\\/gravelart.be\\\/fr\\\/product\\\/film-textile-anti-racines-sur-mesure\\\/\"]}]},{\"@type\":\"ImageObject\",\"inLanguage\":\"fr-FR\",\"@id\":\"https:\\\/\\\/gravelart.be\\\/fr\\\/product\\\/film-textile-anti-racines-sur-mesure\\\/#primaryimage\",\"url\":\"https:\\\/\\\/gravelart.be\\\/wp-content\\\/uploads\\\/2025\\\/07\\\/Aangepast-transport-levering-met-huifwagen-of-kooiaap-Jatu.be-8.jpg\",\"contentUrl\":\"https:\\\/\\\/gravelart.be\\\/wp-content\\\/uploads\\\/2025\\\/07\\\/Aangepast-transport-levering-met-huifwagen-of-kooiaap-Jatu.be-8.jpg\",\"width\":800,\"height\":800,\"caption\":\"Wortelvaste folie\"},{\"@type\":\"BreadcrumbList\",\"@id\":\"https:\\\/\\\/gravelart.be\\\/fr\\\/product\\\/film-textile-anti-racines-sur-mesure\\\/#breadcrumb\",\"itemListElement\":[{\"@type\":\"ListItem\",\"position\":1,\"name\":\"Home\",\"item\":\"https:\\\/\\\/gravelart.be\\\/fr\\\/\"},{\"@type\":\"ListItem\",\"position\":2,\"name\":\"Produits\",\"item\":\"https:\\\/\\\/gravelart.be\\\/fr\\\/boutique\\\/\"},{\"@type\":\"ListItem\",\"position\":3,\"name\":\"Film textile anti-racines sur mesure\"}]},{\"@type\":\"WebSite\",\"@id\":\"https:\\\/\\\/gravelart.be\\\/fr\\\/#website\",\"url\":\"https:\\\/\\\/gravelart.be\\\/fr\\\/\",\"name\":\"Gravelart\",\"description\":\"Alles voor tuin en park\",\"publisher\":{\"@id\":\"https:\\\/\\\/gravelart.be\\\/fr\\\/#organization\"},\"potentialAction\":[{\"@type\":\"SearchAction\",\"target\":{\"@type\":\"EntryPoint\",\"urlTemplate\":\"https:\\\/\\\/gravelart.be\\\/fr\\\/?s={search_term_string}\"},\"query-input\":{\"@type\":\"PropertyValueSpecification\",\"valueRequired\":true,\"valueName\":\"search_term_string\"}}],\"inLanguage\":\"fr-FR\"},{\"@type\":\"Organization\",\"@id\":\"https:\\\/\\\/gravelart.be\\\/fr\\\/#organization\",\"name\":\"Gravelart\",\"url\":\"https:\\\/\\\/gravelart.be\\\/fr\\\/\",\"logo\":{\"@type\":\"ImageObject\",\"inLanguage\":\"fr-FR\",\"@id\":\"https:\\\/\\\/gravelart.be\\\/fr\\\/#\\\/schema\\\/logo\\\/image\\\/\",\"url\":\"https:\\\/\\\/gravelart.be\\\/wp-content\\\/uploads\\\/2022\\\/10\\\/logo-gravelart.png\",\"contentUrl\":\"https:\\\/\\\/gravelart.be\\\/wp-content\\\/uploads\\\/2022\\\/10\\\/logo-gravelart.png\",\"width\":348,\"height\":186,\"caption\":\"Gravelart\"},\"image\":{\"@id\":\"https:\\\/\\\/gravelart.be\\\/fr\\\/#\\\/schema\\\/logo\\\/image\\\/\"}}]}<\/script>\n<!-- \/ Yoast SEO plugin. -->","yoast_head_json":{"title":"Film textile anti-racines sur mesure - Gravelart","description":"Membrane anti-racines en HDPE durable, l\u00e9g\u00e8re et flexible, prot\u00e9geant l\u2019\u00e9tanch\u00e9it\u00e9 des toitures v\u00e9g\u00e9talis\u00e9es contre la p\u00e9n\u00e9tration des racines.","robots":{"index":"index","follow":"follow","max-snippet":"max-snippet:-1","max-image-preview":"max-image-preview:large","max-video-preview":"max-video-preview:-1"},"canonical":"https:\/\/gravelart.be\/fr\/product\/film-textile-anti-racines-sur-mesure\/","og_locale":"fr_FR","og_type":"article","og_title":"Film textile anti-racines sur mesure - Gravelart","og_description":"Membrane anti-racines en HDPE durable, l\u00e9g\u00e8re et flexible, prot\u00e9geant l\u2019\u00e9tanch\u00e9it\u00e9 des toitures v\u00e9g\u00e9talis\u00e9es contre la p\u00e9n\u00e9tration des racines.","og_url":"https:\/\/gravelart.be\/fr\/product\/film-textile-anti-racines-sur-mesure\/","og_site_name":"Gravelart","article_modified_time":"2026-04-30T01:40:19+00:00","og_image":[{"width":800,"height":800,"url":"https:\/\/gravelart.be\/wp-content\/uploads\/2025\/07\/Aangepast-transport-levering-met-huifwagen-of-kooiaap-Jatu.be-8.jpg","type":"image\/jpeg"}],"twitter_card":"summary_large_image","twitter_misc":{"Dur\u00e9e de lecture estim\u00e9e":"1 minute"},"schema":{"@context":"https:\/\/schema.org","@graph":[{"@type":"WebPage","@id":"https:\/\/gravelart.be\/fr\/product\/film-textile-anti-racines-sur-mesure\/","url":"https:\/\/gravelart.be\/fr\/product\/film-textile-anti-racines-sur-mesure\/","name":"Film textile anti-racines sur mesure - Gravelart","isPartOf":{"@id":"https:\/\/gravelart.be\/fr\/#website"},"primaryImageOfPage":{"@id":"https:\/\/gravelart.be\/fr\/product\/film-textile-anti-racines-sur-mesure\/#primaryimage"},"image":{"@id":"https:\/\/gravelart.be\/fr\/product\/film-textile-anti-racines-sur-mesure\/#primaryimage"},"thumbnailUrl":"https:\/\/gravelart.be\/wp-content\/uploads\/2025\/07\/Aangepast-transport-levering-met-huifwagen-of-kooiaap-Jatu.be-8.jpg","datePublished":"2025-08-20T12:45:01+00:00","dateModified":"2026-04-30T01:40:19+00:00","description":"Membrane anti-racines en HDPE durable, l\u00e9g\u00e8re et flexible, prot\u00e9geant l\u2019\u00e9tanch\u00e9it\u00e9 des toitures v\u00e9g\u00e9talis\u00e9es contre la p\u00e9n\u00e9tration des racines.","breadcrumb":{"@id":"https:\/\/gravelart.be\/fr\/product\/film-textile-anti-racines-sur-mesure\/#breadcrumb"},"inLanguage":"fr-FR","potentialAction":[{"@type":"ReadAction","target":["https:\/\/gravelart.be\/fr\/product\/film-textile-anti-racines-sur-mesure\/"]}]},{"@type":"ImageObject","inLanguage":"fr-FR","@id":"https:\/\/gravelart.be\/fr\/product\/film-textile-anti-racines-sur-mesure\/#primaryimage","url":"https:\/\/gravelart.be\/wp-content\/uploads\/2025\/07\/Aangepast-transport-levering-met-huifwagen-of-kooiaap-Jatu.be-8.jpg","contentUrl":"https:\/\/gravelart.be\/wp-content\/uploads\/2025\/07\/Aangepast-transport-levering-met-huifwagen-of-kooiaap-Jatu.be-8.jpg","width":800,"height":800,"caption":"Wortelvaste folie"},{"@type":"BreadcrumbList","@id":"https:\/\/gravelart.be\/fr\/product\/film-textile-anti-racines-sur-mesure\/#breadcrumb","itemListElement":[{"@type":"ListItem","position":1,"name":"Home","item":"https:\/\/gravelart.be\/fr\/"},{"@type":"ListItem","position":2,"name":"Produits","item":"https:\/\/gravelart.be\/fr\/boutique\/"},{"@type":"ListItem","position":3,"name":"Film textile anti-racines sur mesure"}]},{"@type":"WebSite","@id":"https:\/\/gravelart.be\/fr\/#website","url":"https:\/\/gravelart.be\/fr\/","name":"Gravelart","description":"Alles voor tuin en park","publisher":{"@id":"https:\/\/gravelart.be\/fr\/#organization"},"potentialAction":[{"@type":"SearchAction","target":{"@type":"EntryPoint","urlTemplate":"https:\/\/gravelart.be\/fr\/?s={search_term_string}"},"query-input":{"@type":"PropertyValueSpecification","valueRequired":true,"valueName":"search_term_string"}}],"inLanguage":"fr-FR"},{"@type":"Organization","@id":"https:\/\/gravelart.be\/fr\/#organization","name":"Gravelart","url":"https:\/\/gravelart.be\/fr\/","logo":{"@type":"ImageObject","inLanguage":"fr-FR","@id":"https:\/\/gravelart.be\/fr\/#\/schema\/logo\/image\/","url":"https:\/\/gravelart.be\/wp-content\/uploads\/2022\/10\/logo-gravelart.png","contentUrl":"https:\/\/gravelart.be\/wp-content\/uploads\/2022\/10\/logo-gravelart.png","width":348,"height":186,"caption":"Gravelart"},"image":{"@id":"https:\/\/gravelart.be\/fr\/#\/schema\/logo\/image\/"}}]}},"_links":{"self":[{"href":"https:\/\/gravelart.be\/fr\/wp-json\/wp\/v2\/product\/52529","targetHints":{"allow":["GET"]}}],"collection":[{"href":"https:\/\/gravelart.be\/fr\/wp-json\/wp\/v2\/product"}],"about":[{"href":"https:\/\/gravelart.be\/fr\/wp-json\/wp\/v2\/types\/product"}],"replies":[{"embeddable":true,"href":"https:\/\/gravelart.be\/fr\/wp-json\/wp\/v2\/comments?post=52529"}],"wp:featuredmedia":[{"embeddable":true,"href":"https:\/\/gravelart.be\/fr\/wp-json\/wp\/v2\/media\/52331"}],"wp:attachment":[{"href":"https:\/\/gravelart.be\/fr\/wp-json\/wp\/v2\/media?parent=52529"}],"wp:term":[{"taxonomy":"product_brand","embeddable":true,"href":"https:\/\/gravelart.be\/fr\/wp-json\/wp\/v2\/product_brand?post=52529"},{"taxonomy":"product_cat","embeddable":true,"href":"https:\/\/gravelart.be\/fr\/wp-json\/wp\/v2\/product_cat?post=52529"},{"taxonomy":"product_tag","embeddable":true,"href":"https:\/\/gravelart.be\/fr\/wp-json\/wp\/v2\/product_tag?post=52529"}],"curies":[{"name":"wp","href":"https:\/\/api.w.org\/{rel}","templated":true}]}}