{"id":53335,"date":"2025-10-03T09:13:37","date_gmt":"2025-10-03T07:13:37","guid":{"rendered":"https:\/\/gravelart.be\/?post_type=product&#038;p=53335"},"modified":"2026-05-06T03:40:06","modified_gmt":"2026-05-06T01:40:06","slug":"nevada-6-8","status":"publish","type":"product","link":"https:\/\/gravelart.be\/fr\/product\/nevada-6-8\/","title":{"rendered":"Nevada 6\/8"},"content":{"rendered":"","protected":false},"excerpt":{"rendered":"<p>Ce magnifique marbre doit son nom \u00e0 la Sierra Nevada, la deuxi\u00e8me plus haute cha\u00eene de montagnes d\u2019Europe apr\u00e8s les Alpes. Des teintes blanc arctique et gris clair caract\u00e9risent ce gravier d\u00e9coratif.<br \/>Nevada est un gravier d\u2019ornement exceptionnel et intemporel, comparable au <a href=\"https:\/\/gravelart.be\/fr\/product\/niagara-blue-8-12\/\">Niagara Blue<\/a>, mais d\u2019une couleur plus claire.   <\/p>\n<p>\u00c9galement disponible dans d\u2019autres granulom\u00e9tries: <a href=\"https:\/\/gravelart.be\/fr\/product\/nevada-8-12\/\">8\/12<\/a>, <a href=\"https:\/\/gravelart.be\/fr\/product\/nevada-16-22\/\">16\/22<\/a> en <a href=\"https:\/\/gravelart.be\/fr\/product\/nevada-22-30\/\">22\/30<\/a>.<\/p>\n","protected":false},"featured_media":53661,"comment_status":"open","ping_status":"closed","template":"","meta":{"_acf_changed":false,"inline_featured_image":false},"product_brand":[],"product_cat":[4894,4154],"product_tag":[],"class_list":{"0":"post-53335","1":"product","2":"type-product","3":"status-publish","4":"has-post-thumbnail","6":"product_cat-gravier-stabilisateurs-de-gravier","7":"product_cat-gravier-decoratif","9":"first","10":"instock","11":"taxable","12":"shipping-taxable","13":"purchasable","14":"product-type-variable","15":"has-default-attributes"},"acf":{"woocommerce_erp_id":"18290","woocommerce_cnk_id":"104037","product_density":1.6,"custom_prices":[{"variation_id":"53336","customer_group":"CON","customer_id":"","min_qty":0.5,"max_qty":9999999,"steps":0.01,"price":167.58,"price_incl":202.77,"delivery_group":"COLLECT","warehouse_id":""},{"variation_id":"53336","customer_group":"CON","customer_id":"","min_qty":0.5,"max_qty":9999999,"steps":0.01,"price":167.58,"price_incl":202.77,"delivery_group":"DELIVERY","warehouse_id":""},{"variation_id":"53336","customer_group":"CON","customer_id":"","min_qty":0.5,"max_qty":9999999,"steps":0.01,"price":167.58,"price_incl":202.77,"delivery_group":"COLLECT","warehouse_id":""},{"variation_id":"53336","customer_group":"CON","customer_id":"","min_qty":0.5,"max_qty":9999999,"steps":0.01,"price":167.58,"price_incl":202.77,"delivery_group":"DELIVERY","warehouse_id":""},{"variation_id":"53336","customer_group":"DISTRI","customer_id":"","min_qty":0.5,"max_qty":9999999,"steps":0.01,"price":109.95,"price_incl":133.04,"delivery_group":"COLLECT","warehouse_id":""},{"variation_id":"53336","customer_group":"DISTRI","customer_id":"","min_qty":0.5,"max_qty":9999999,"steps":0.01,"price":109.95,"price_incl":133.04,"delivery_group":"DELIVERY","warehouse_id":""},{"variation_id":"53336","customer_group":"DISTRI","customer_id":"","min_qty":0.5,"max_qty":9999999,"steps":0.01,"price":109.95,"price_incl":133.04,"delivery_group":"COLLECT","warehouse_id":""},{"variation_id":"53336","customer_group":"DISTRI","customer_id":"","min_qty":0.5,"max_qty":9999999,"steps":0.01,"price":109.95,"price_incl":133.04,"delivery_group":"DELIVERY","warehouse_id":""},{"variation_id":"53336","customer_group":"PER","customer_id":"","min_qty":0.5,"max_qty":9999999,"steps":0.01,"price":69.96,"price_incl":84.65,"delivery_group":"DELIVERY","warehouse_id":""},{"variation_id":"53336","customer_group":"PER","customer_id":"","min_qty":0.5,"max_qty":9999999,"steps":0.01,"price":69.96,"price_incl":84.65,"delivery_group":"COLLECT","warehouse_id":""},{"variation_id":"53336","customer_group":"PRO","customer_id":"129214","min_qty":0.5,"max_qty":9999999,"steps":0.01,"price":80.23,"price_incl":97.08,"delivery_group":"DELIVERY","warehouse_id":""},{"variation_id":"53336","customer_group":"PRO","customer_id":"129214","min_qty":0.5,"max_qty":9999999,"steps":0.01,"price":80.23,"price_incl":97.08,"delivery_group":"COLLECT","warehouse_id":""},{"variation_id":"53336","customer_group":"PRO","customer_id":"","min_qty":0.5,"max_qty":9999999,"steps":0.01,"price":139.67,"price_incl":169,"delivery_group":"COLLECT","warehouse_id":""},{"variation_id":"53336","customer_group":"PRO","customer_id":"","min_qty":0.5,"max_qty":9999999,"steps":0.01,"price":139.67,"price_incl":169,"delivery_group":"DELIVERY","warehouse_id":""},{"variation_id":"53336","customer_group":"PRO","customer_id":"","min_qty":0.5,"max_qty":9999999,"steps":0.01,"price":139.67,"price_incl":169,"delivery_group":"DELIVERY","warehouse_id":""},{"variation_id":"53336","customer_group":"PRO","customer_id":"","min_qty":0.5,"max_qty":9999999,"steps":0.01,"price":139.67,"price_incl":169,"delivery_group":"COLLECT","warehouse_id":""},{"variation_id":"53336","customer_group":"","customer_id":"126689","min_qty":0.5,"max_qty":9999999,"steps":0.01,"price":78.96,"price_incl":95.54,"delivery_group":"COLLECT","warehouse_id":""},{"variation_id":"53336","customer_group":"","customer_id":"126689","min_qty":0.5,"max_qty":9999999,"steps":0.01,"price":78.96,"price_incl":95.54,"delivery_group":"DELIVERY","warehouse_id":""},{"variation_id":"57326","customer_group":"PRO","customer_id":"","min_qty":1,"max_qty":9999999,"steps":1,"price":84.84,"price_incl":102.66,"delivery_group":"COLLECT","warehouse_id":""},{"variation_id":"57326","customer_group":"PRO","customer_id":"","min_qty":1,"max_qty":9999999,"steps":1,"price":84.84,"price_incl":102.66,"delivery_group":"DELIVERY","warehouse_id":""},{"variation_id":"57326","customer_group":"PRO","customer_id":"","min_qty":1,"max_qty":9999999,"steps":1,"price":84.84,"price_incl":102.66,"delivery_group":"COLLECT","warehouse_id":""},{"variation_id":"57326","customer_group":"PRO","customer_id":"","min_qty":1,"max_qty":9999999,"steps":1,"price":84.84,"price_incl":102.66,"delivery_group":"DELIVERY","warehouse_id":""},{"variation_id":"57326","customer_group":"DISTRI","customer_id":"","min_qty":1,"max_qty":9999999,"steps":1,"price":69.98,"price_incl":84.68,"delivery_group":"DELIVERY","warehouse_id":""},{"variation_id":"57326","customer_group":"DISTRI","customer_id":"","min_qty":1,"max_qty":9999999,"steps":1,"price":69.98,"price_incl":84.68,"delivery_group":"COLLECT","warehouse_id":""},{"variation_id":"57326","customer_group":"CON","customer_id":"","min_qty":1,"max_qty":9999999,"steps":1,"price":104.46,"price_incl":126.4,"delivery_group":"COLLECT","warehouse_id":""},{"variation_id":"57326","customer_group":"CON","customer_id":"","min_qty":1,"max_qty":9999999,"steps":1,"price":104.46,"price_incl":126.4,"delivery_group":"DELIVERY","warehouse_id":""},{"variation_id":"57326","customer_group":"PER","customer_id":"","min_qty":1,"max_qty":9999999,"steps":1,"price":49.99,"price_incl":60.49,"delivery_group":"DELIVERY","warehouse_id":""},{"variation_id":"57326","customer_group":"PER","customer_id":"","min_qty":1,"max_qty":9999999,"steps":1,"price":49.99,"price_incl":60.49,"delivery_group":"COLLECT","warehouse_id":""},{"variation_id":"57327","customer_group":"PRO","customer_id":"","min_qty":1,"max_qty":9999999,"steps":1,"price":154.67,"price_incl":187.15,"delivery_group":"DELIVERY","warehouse_id":""},{"variation_id":"57327","customer_group":"PRO","customer_id":"","min_qty":1,"max_qty":9999999,"steps":1,"price":154.67,"price_incl":187.15,"delivery_group":"COLLECT","warehouse_id":""},{"variation_id":"57327","customer_group":"CON","customer_id":"","min_qty":1,"max_qty":9999999,"steps":1,"price":188.24,"price_incl":227.77,"delivery_group":"COLLECT","warehouse_id":""},{"variation_id":"57327","customer_group":"CON","customer_id":"","min_qty":1,"max_qty":9999999,"steps":1,"price":188.24,"price_incl":227.77,"delivery_group":"DELIVERY","warehouse_id":""},{"variation_id":"57327","customer_group":"DISTRI","customer_id":"","min_qty":1,"max_qty":9999999,"steps":1,"price":124.95,"price_incl":151.19,"delivery_group":"DELIVERY","warehouse_id":""},{"variation_id":"57327","customer_group":"DISTRI","customer_id":"","min_qty":1,"max_qty":9999999,"steps":1,"price":124.95,"price_incl":151.19,"delivery_group":"COLLECT","warehouse_id":""},{"variation_id":"57327","customer_group":"PER","customer_id":"","min_qty":1,"max_qty":9999999,"steps":1,"price":84.96,"price_incl":102.8,"delivery_group":"DELIVERY","warehouse_id":""},{"variation_id":"57327","customer_group":"PER","customer_id":"","min_qty":1,"max_qty":9999999,"steps":1,"price":84.96,"price_incl":102.8,"delivery_group":"COLLECT","warehouse_id":""},{"variation_id":"57328","customer_group":"CON","customer_id":"","min_qty":1,"max_qty":9999999,"steps":1,"price":272.04,"price_incl":329.17,"delivery_group":"COLLECT","warehouse_id":""},{"variation_id":"57328","customer_group":"CON","customer_id":"","min_qty":1,"max_qty":9999999,"steps":1,"price":272.04,"price_incl":329.17,"delivery_group":"DELIVERY","warehouse_id":""},{"variation_id":"57328","customer_group":"PRO","customer_id":"","min_qty":1,"max_qty":9999999,"steps":1,"price":224.5,"price_incl":271.65,"delivery_group":"DELIVERY","warehouse_id":""},{"variation_id":"57328","customer_group":"PRO","customer_id":"","min_qty":1,"max_qty":9999999,"steps":1,"price":224.5,"price_incl":271.65,"delivery_group":"COLLECT","warehouse_id":""},{"variation_id":"57328","customer_group":"DISTRI","customer_id":"","min_qty":1,"max_qty":9999999,"steps":1,"price":179.93,"price_incl":217.72,"delivery_group":"DELIVERY","warehouse_id":""},{"variation_id":"57328","customer_group":"DISTRI","customer_id":"","min_qty":1,"max_qty":9999999,"steps":1,"price":179.93,"price_incl":217.72,"delivery_group":"COLLECT","warehouse_id":""},{"variation_id":"57328","customer_group":"PER","customer_id":"","min_qty":1,"max_qty":9999999,"steps":1,"price":119.95,"price_incl":145.14,"delivery_group":"DELIVERY","warehouse_id":""},{"variation_id":"57328","customer_group":"PER","customer_id":"","min_qty":1,"max_qty":9999999,"steps":1,"price":119.95,"price_incl":145.14,"delivery_group":"COLLECT","warehouse_id":""},{"variation_id":"57329","customer_group":"CON","customer_id":"","min_qty":1,"max_qty":9999999,"steps":1,"price":7.06,"price_incl":8.54,"delivery_group":"DELIVERY","warehouse_id":""},{"variation_id":"57329","customer_group":"CON","customer_id":"","min_qty":1,"max_qty":9999999,"steps":1,"price":7.06,"price_incl":8.54,"delivery_group":"COLLECT","warehouse_id":""},{"variation_id":"57329","customer_group":"PRO","customer_id":"","min_qty":1,"max_qty":9999999,"steps":1,"price":4.7,"price_incl":5.69,"delivery_group":"COLLECT","warehouse_id":""},{"variation_id":"57329","customer_group":"PRO","customer_id":"","min_qty":1,"max_qty":9999999,"steps":1,"price":4.7,"price_incl":5.69,"delivery_group":"DELIVERY","warehouse_id":""},{"variation_id":"57329","customer_group":"DISTRI","customer_id":"","min_qty":1,"max_qty":9999999,"steps":1,"price":3.95,"price_incl":4.78,"delivery_group":"DELIVERY","warehouse_id":""},{"variation_id":"57329","customer_group":"DISTRI","customer_id":"","min_qty":1,"max_qty":9999999,"steps":1,"price":3.95,"price_incl":4.78,"delivery_group":"COLLECT","warehouse_id":""},{"variation_id":"57329","customer_group":"PER","customer_id":"","min_qty":1,"max_qty":9999999,"steps":1,"price":2.95,"price_incl":3.57,"delivery_group":"COLLECT","warehouse_id":""},{"variation_id":"57329","customer_group":"PER","customer_id":"","min_qty":1,"max_qty":9999999,"steps":1,"price":2.95,"price_incl":3.57,"delivery_group":"DELIVERY","warehouse_id":""},{"variation_id":"57329","customer_group":"","customer_id":"129214","min_qty":1,"max_qty":9999999,"steps":1,"price":3.21,"price_incl":3.88,"delivery_group":"COLLECT","warehouse_id":""},{"variation_id":"57329","customer_group":"","customer_id":"129214","min_qty":1,"max_qty":9999999,"steps":1,"price":3.21,"price_incl":3.88,"delivery_group":"DELIVERY","warehouse_id":""}],"packaging_ids":[{"packaging_name":"En vrac","packaging_id":"74","erp_id":"18290"},{"packaging_name":"Big bag 500 kg","packaging_id":"75","erp_id":"18293"},{"packaging_name":"Big bag 1000 kg","packaging_id":"76","erp_id":"18295"},{"packaging_name":"Big bag 1500 kg","packaging_id":"77","erp_id":"18294"},{"packaging_name":"Sacs","packaging_id":"95","erp_id":"18327"}]},"yoast_head":"<!-- This site is optimized with the Yoast SEO plugin v27.3 - https:\/\/yoast.com\/product\/yoast-seo-wordpress\/ -->\n<title>Nevada 6\/8 - Gravelart<\/title>\n<meta name=\"description\" content=\"Nevada 6\/8 combine le blanc arctique et le gris clair dans un marbre intemporel qui conf\u00e8re \u00e0 chaque jardin et all\u00e9e une allure \u00e9l\u00e9gante et luxueuse.\" \/>\n<meta name=\"robots\" content=\"index, follow, max-snippet:-1, max-image-preview:large, max-video-preview:-1\" \/>\n<link rel=\"canonical\" href=\"https:\/\/gravelart.be\/fr\/product\/nevada-6-8\/\" \/>\n<meta property=\"og:locale\" content=\"fr_FR\" \/>\n<meta property=\"og:type\" content=\"article\" \/>\n<meta property=\"og:title\" content=\"Nevada 6\/8 - Gravelart\" \/>\n<meta property=\"og:description\" content=\"Nevada 6\/8 combine le blanc arctique et le gris clair dans un marbre intemporel qui conf\u00e8re \u00e0 chaque jardin et all\u00e9e une allure \u00e9l\u00e9gante et luxueuse.\" \/>\n<meta property=\"og:url\" content=\"https:\/\/gravelart.be\/fr\/product\/nevada-6-8\/\" \/>\n<meta property=\"og:site_name\" content=\"Gravelart\" \/>\n<meta property=\"article:modified_time\" content=\"2026-05-06T01:40:06+00:00\" \/>\n<meta property=\"og:image\" content=\"https:\/\/gravelart.be\/wp-content\/uploads\/2025\/10\/Nevada-6-8-2.png\" \/>\n\t<meta property=\"og:image:width\" content=\"1000\" \/>\n\t<meta property=\"og:image:height\" content=\"1000\" \/>\n\t<meta property=\"og:image:type\" content=\"image\/png\" \/>\n<meta name=\"twitter:card\" content=\"summary_large_image\" \/>\n<meta name=\"twitter:label1\" content=\"Dur\u00e9e de lecture estim\u00e9e\" \/>\n\t<meta name=\"twitter:data1\" content=\"1 minute\" \/>\n<script type=\"application\/ld+json\" class=\"yoast-schema-graph\">{\"@context\":\"https:\\\/\\\/schema.org\",\"@graph\":[{\"@type\":\"WebPage\",\"@id\":\"https:\\\/\\\/gravelart.be\\\/fr\\\/product\\\/nevada-6-8\\\/\",\"url\":\"https:\\\/\\\/gravelart.be\\\/fr\\\/product\\\/nevada-6-8\\\/\",\"name\":\"Nevada 6\\\/8 - Gravelart\",\"isPartOf\":{\"@id\":\"https:\\\/\\\/gravelart.be\\\/fr\\\/#website\"},\"primaryImageOfPage\":{\"@id\":\"https:\\\/\\\/gravelart.be\\\/fr\\\/product\\\/nevada-6-8\\\/#primaryimage\"},\"image\":{\"@id\":\"https:\\\/\\\/gravelart.be\\\/fr\\\/product\\\/nevada-6-8\\\/#primaryimage\"},\"thumbnailUrl\":\"https:\\\/\\\/gravelart.be\\\/wp-content\\\/uploads\\\/2025\\\/10\\\/Nevada-6-8-2.png\",\"datePublished\":\"2025-10-03T07:13:37+00:00\",\"dateModified\":\"2026-05-06T01:40:06+00:00\",\"description\":\"Nevada 6\\\/8 combine le blanc arctique et le gris clair dans un marbre intemporel qui conf\u00e8re \u00e0 chaque jardin et all\u00e9e une allure \u00e9l\u00e9gante et luxueuse.\",\"breadcrumb\":{\"@id\":\"https:\\\/\\\/gravelart.be\\\/fr\\\/product\\\/nevada-6-8\\\/#breadcrumb\"},\"inLanguage\":\"fr-FR\",\"potentialAction\":[{\"@type\":\"ReadAction\",\"target\":[\"https:\\\/\\\/gravelart.be\\\/fr\\\/product\\\/nevada-6-8\\\/\"]}]},{\"@type\":\"ImageObject\",\"inLanguage\":\"fr-FR\",\"@id\":\"https:\\\/\\\/gravelart.be\\\/fr\\\/product\\\/nevada-6-8\\\/#primaryimage\",\"url\":\"https:\\\/\\\/gravelart.be\\\/wp-content\\\/uploads\\\/2025\\\/10\\\/Nevada-6-8-2.png\",\"contentUrl\":\"https:\\\/\\\/gravelart.be\\\/wp-content\\\/uploads\\\/2025\\\/10\\\/Nevada-6-8-2.png\",\"width\":1000,\"height\":1000,\"caption\":\"Sec\"},{\"@type\":\"BreadcrumbList\",\"@id\":\"https:\\\/\\\/gravelart.be\\\/fr\\\/product\\\/nevada-6-8\\\/#breadcrumb\",\"itemListElement\":[{\"@type\":\"ListItem\",\"position\":1,\"name\":\"Home\",\"item\":\"https:\\\/\\\/gravelart.be\\\/fr\\\/\"},{\"@type\":\"ListItem\",\"position\":2,\"name\":\"Produits\",\"item\":\"https:\\\/\\\/gravelart.be\\\/fr\\\/boutique\\\/\"},{\"@type\":\"ListItem\",\"position\":3,\"name\":\"Nevada 6\\\/8\"}]},{\"@type\":\"WebSite\",\"@id\":\"https:\\\/\\\/gravelart.be\\\/fr\\\/#website\",\"url\":\"https:\\\/\\\/gravelart.be\\\/fr\\\/\",\"name\":\"Gravelart\",\"description\":\"Alles voor tuin en park\",\"publisher\":{\"@id\":\"https:\\\/\\\/gravelart.be\\\/fr\\\/#organization\"},\"potentialAction\":[{\"@type\":\"SearchAction\",\"target\":{\"@type\":\"EntryPoint\",\"urlTemplate\":\"https:\\\/\\\/gravelart.be\\\/fr\\\/?s={search_term_string}\"},\"query-input\":{\"@type\":\"PropertyValueSpecification\",\"valueRequired\":true,\"valueName\":\"search_term_string\"}}],\"inLanguage\":\"fr-FR\"},{\"@type\":\"Organization\",\"@id\":\"https:\\\/\\\/gravelart.be\\\/fr\\\/#organization\",\"name\":\"Gravelart\",\"url\":\"https:\\\/\\\/gravelart.be\\\/fr\\\/\",\"logo\":{\"@type\":\"ImageObject\",\"inLanguage\":\"fr-FR\",\"@id\":\"https:\\\/\\\/gravelart.be\\\/fr\\\/#\\\/schema\\\/logo\\\/image\\\/\",\"url\":\"https:\\\/\\\/gravelart.be\\\/wp-content\\\/uploads\\\/2022\\\/10\\\/logo-gravelart.png\",\"contentUrl\":\"https:\\\/\\\/gravelart.be\\\/wp-content\\\/uploads\\\/2022\\\/10\\\/logo-gravelart.png\",\"width\":348,\"height\":186,\"caption\":\"Gravelart\"},\"image\":{\"@id\":\"https:\\\/\\\/gravelart.be\\\/fr\\\/#\\\/schema\\\/logo\\\/image\\\/\"}}]}<\/script>\n<!-- \/ Yoast SEO plugin. -->","yoast_head_json":{"title":"Nevada 6\/8 - Gravelart","description":"Nevada 6\/8 combine le blanc arctique et le gris clair dans un marbre intemporel qui conf\u00e8re \u00e0 chaque jardin et all\u00e9e une allure \u00e9l\u00e9gante et luxueuse.","robots":{"index":"index","follow":"follow","max-snippet":"max-snippet:-1","max-image-preview":"max-image-preview:large","max-video-preview":"max-video-preview:-1"},"canonical":"https:\/\/gravelart.be\/fr\/product\/nevada-6-8\/","og_locale":"fr_FR","og_type":"article","og_title":"Nevada 6\/8 - Gravelart","og_description":"Nevada 6\/8 combine le blanc arctique et le gris clair dans un marbre intemporel qui conf\u00e8re \u00e0 chaque jardin et all\u00e9e une allure \u00e9l\u00e9gante et luxueuse.","og_url":"https:\/\/gravelart.be\/fr\/product\/nevada-6-8\/","og_site_name":"Gravelart","article_modified_time":"2026-05-06T01:40:06+00:00","og_image":[{"width":1000,"height":1000,"url":"https:\/\/gravelart.be\/wp-content\/uploads\/2025\/10\/Nevada-6-8-2.png","type":"image\/png"}],"twitter_card":"summary_large_image","twitter_misc":{"Dur\u00e9e de lecture estim\u00e9e":"1 minute"},"schema":{"@context":"https:\/\/schema.org","@graph":[{"@type":"WebPage","@id":"https:\/\/gravelart.be\/fr\/product\/nevada-6-8\/","url":"https:\/\/gravelart.be\/fr\/product\/nevada-6-8\/","name":"Nevada 6\/8 - Gravelart","isPartOf":{"@id":"https:\/\/gravelart.be\/fr\/#website"},"primaryImageOfPage":{"@id":"https:\/\/gravelart.be\/fr\/product\/nevada-6-8\/#primaryimage"},"image":{"@id":"https:\/\/gravelart.be\/fr\/product\/nevada-6-8\/#primaryimage"},"thumbnailUrl":"https:\/\/gravelart.be\/wp-content\/uploads\/2025\/10\/Nevada-6-8-2.png","datePublished":"2025-10-03T07:13:37+00:00","dateModified":"2026-05-06T01:40:06+00:00","description":"Nevada 6\/8 combine le blanc arctique et le gris clair dans un marbre intemporel qui conf\u00e8re \u00e0 chaque jardin et all\u00e9e une allure \u00e9l\u00e9gante et luxueuse.","breadcrumb":{"@id":"https:\/\/gravelart.be\/fr\/product\/nevada-6-8\/#breadcrumb"},"inLanguage":"fr-FR","potentialAction":[{"@type":"ReadAction","target":["https:\/\/gravelart.be\/fr\/product\/nevada-6-8\/"]}]},{"@type":"ImageObject","inLanguage":"fr-FR","@id":"https:\/\/gravelart.be\/fr\/product\/nevada-6-8\/#primaryimage","url":"https:\/\/gravelart.be\/wp-content\/uploads\/2025\/10\/Nevada-6-8-2.png","contentUrl":"https:\/\/gravelart.be\/wp-content\/uploads\/2025\/10\/Nevada-6-8-2.png","width":1000,"height":1000,"caption":"Sec"},{"@type":"BreadcrumbList","@id":"https:\/\/gravelart.be\/fr\/product\/nevada-6-8\/#breadcrumb","itemListElement":[{"@type":"ListItem","position":1,"name":"Home","item":"https:\/\/gravelart.be\/fr\/"},{"@type":"ListItem","position":2,"name":"Produits","item":"https:\/\/gravelart.be\/fr\/boutique\/"},{"@type":"ListItem","position":3,"name":"Nevada 6\/8"}]},{"@type":"WebSite","@id":"https:\/\/gravelart.be\/fr\/#website","url":"https:\/\/gravelart.be\/fr\/","name":"Gravelart","description":"Alles voor tuin en park","publisher":{"@id":"https:\/\/gravelart.be\/fr\/#organization"},"potentialAction":[{"@type":"SearchAction","target":{"@type":"EntryPoint","urlTemplate":"https:\/\/gravelart.be\/fr\/?s={search_term_string}"},"query-input":{"@type":"PropertyValueSpecification","valueRequired":true,"valueName":"search_term_string"}}],"inLanguage":"fr-FR"},{"@type":"Organization","@id":"https:\/\/gravelart.be\/fr\/#organization","name":"Gravelart","url":"https:\/\/gravelart.be\/fr\/","logo":{"@type":"ImageObject","inLanguage":"fr-FR","@id":"https:\/\/gravelart.be\/fr\/#\/schema\/logo\/image\/","url":"https:\/\/gravelart.be\/wp-content\/uploads\/2022\/10\/logo-gravelart.png","contentUrl":"https:\/\/gravelart.be\/wp-content\/uploads\/2022\/10\/logo-gravelart.png","width":348,"height":186,"caption":"Gravelart"},"image":{"@id":"https:\/\/gravelart.be\/fr\/#\/schema\/logo\/image\/"}}]}},"_links":{"self":[{"href":"https:\/\/gravelart.be\/fr\/wp-json\/wp\/v2\/product\/53335","targetHints":{"allow":["GET"]}}],"collection":[{"href":"https:\/\/gravelart.be\/fr\/wp-json\/wp\/v2\/product"}],"about":[{"href":"https:\/\/gravelart.be\/fr\/wp-json\/wp\/v2\/types\/product"}],"replies":[{"embeddable":true,"href":"https:\/\/gravelart.be\/fr\/wp-json\/wp\/v2\/comments?post=53335"}],"wp:featuredmedia":[{"embeddable":true,"href":"https:\/\/gravelart.be\/fr\/wp-json\/wp\/v2\/media\/53661"}],"wp:attachment":[{"href":"https:\/\/gravelart.be\/fr\/wp-json\/wp\/v2\/media?parent=53335"}],"wp:term":[{"taxonomy":"product_brand","embeddable":true,"href":"https:\/\/gravelart.be\/fr\/wp-json\/wp\/v2\/product_brand?post=53335"},{"taxonomy":"product_cat","embeddable":true,"href":"https:\/\/gravelart.be\/fr\/wp-json\/wp\/v2\/product_cat?post=53335"},{"taxonomy":"product_tag","embeddable":true,"href":"https:\/\/gravelart.be\/fr\/wp-json\/wp\/v2\/product_tag?post=53335"}],"curies":[{"name":"wp","href":"https:\/\/api.w.org\/{rel}","templated":true}]}}