{"id":53973,"date":"2025-03-03T16:40:08","date_gmt":"2025-03-03T15:40:08","guid":{"rendered":"https:\/\/gravelart.be\/product\/conception-du-plan-dirrigation\/"},"modified":"2025-03-03T16:40:08","modified_gmt":"2025-03-03T15:40:08","slug":"conception-du-plan-dirrigation","status":"publish","type":"product","link":"https:\/\/gravelart.be\/fr\/product\/conception-du-plan-dirrigation\/","title":{"rendered":"Conception du plan d\u2019irrigation"},"content":{"rendered":"","protected":false},"excerpt":{"rendered":"<article class=\"w-full text-token-text-primary focus-visible:outline-2 focus-visible:outline-offset-[-4px]\" dir=\"auto\" data-testid=\"conversation-turn-117\" data-scroll-anchor=\"false\">\n<div class=\"m-auto text-base py-[18px] px-6\">\n<div class=\"mx-auto flex flex-1 text-base gap-4 md:gap-5 lg:gap-6 md:max-w-3xl lg:max-w-[40rem] xl:max-w-[48rem]\">\n<div class=\"group\/conversation-turn relative flex w-full min-w-0 flex-col agent-turn @xs\/thread:px-0 @sm\/thread:px-1.5 @md\/thread:px-4\">\n<div class=\"flex-col gap-1 md:gap-3\">\n<div class=\"flex max-w-full flex-col flex-grow\">\n<div class=\"min-h-8 text-message relative flex w-full flex-col items-end gap-2 whitespace-normal break-words text-start [.text-message+&amp;]:mt-5\" dir=\"auto\" data-message-author-role=\"assistant\" data-message-id=\"7110e4e2-6f31-4cb2-b9b6-4f2bbe1543e4\" data-message-model-slug=\"gpt-4o\">\n<div class=\"flex w-full flex-col gap-1 empty:hidden first:pt-[3px]\">\n<div class=\"markdown prose w-full break-words dark:prose-invert light\">\n<p data-start=\"48\" data-end=\"378\">Un bon plan d\u2019irrigation est la cl\u00e9 d\u2019un arrosage de jardin efficace et \u00e9conome en eau. <strong data-start=\"141\" data-end=\"207\">Apportez votre plan de jardin et nous \u00e9laborons un plan d\u2019irrigation sur mesure<\/strong>, parfaitement adapt\u00e9 aux besoins sp\u00e9cifiques de votre projet. Vous b\u00e9n\u00e9ficiez ainsi d\u2019une irrigation \u00e9quilibr\u00e9e et r\u00e9fl\u00e9chie, enti\u00e8rement ajust\u00e9e \u00e0 la plantation, au type de sol et \u00e0 la surface. <\/p>\n<h3 data-start=\"380\" data-end=\"404\"><strong data-start=\"384\" data-end=\"402\">Comment \u00e7a fonctionne ?<\/strong><\/h3>\n<p data-start=\"405\" data-end=\"666\">\u2714<strong data-start=\"407\" data-end=\"436\"> Analyse de votre plan de jardin<\/strong> \u2013 Nous examinons la surface, la disposition et les plantations.<br data-start=\"490\" data-end=\"493\">\u2714 <strong data-start=\"495\" data-end=\"522\">Plan d\u2019irrigation sur mesure<\/strong> \u2013 Nous d\u00e9terminons les arroseurs, tuyaux goutte-\u00e0-goutte et zones id\u00e9ales.<br data-start=\"581\" data-end=\"584\" data-is-only-node=\"\">\u2714 <strong data-start=\"586\" data-end=\"605\">Offre personnalis\u00e9e <\/strong>\u2013 Vous recevez une proposition compl\u00e8te avec tous les mat\u00e9riaux et les prix.<\/p>\n<p data-start=\"668\" data-end=\"774\" data-is-last-node=\"\" data-is-only-node=\"\">Souhaitez-vous faire \u00e9laborer un plan d\u2019irrigation ? <strong data-start=\"710\" data-end=\"774\" data-is-last-node=\"\">Passez chez nous avec votre plan de jardin ou <a href=\"https:\/\/gravelart.be\/fr\/service-clientele\/contact\/\">contactez-nous<\/a> pour plus d\u2019informations !<\/strong><\/p>\n<\/div>\n<\/div>\n<\/div>\n<\/div>\n<\/div>\n<\/div>\n<\/div>\n<\/div>\n<\/article>\n","protected":false},"featured_media":49685,"comment_status":"open","ping_status":"closed","template":"","meta":{"_acf_changed":false,"inline_featured_image":false},"product_brand":[],"product_cat":[5139],"product_tag":[],"class_list":{"0":"post-53973","1":"product","2":"type-product","3":"status-publish","4":"has-post-thumbnail","6":"product_cat-irrigation","8":"first","9":"instock","10":"taxable","11":"shipping-taxable","12":"purchasable","13":"product-type-variable","14":"has-default-attributes"},"acf":{"woocommerce_erp_id":"18180","woocommerce_cnk_id":"103927","product_density":"","custom_prices":null,"packaging_ids":null},"yoast_head":"<!-- This site is optimized with the Yoast SEO plugin v27.3 - https:\/\/yoast.com\/product\/yoast-seo-wordpress\/ -->\n<title>Conception du plan d\u2019irrigation - Gravelart<\/title>\n<meta name=\"description\" content=\"Bestel Conception du plan d\u2019irrigation voor jouw volgende tuinproject.\" \/>\n<meta name=\"robots\" content=\"index, follow, max-snippet:-1, max-image-preview:large, max-video-preview:-1\" \/>\n<link rel=\"canonical\" href=\"https:\/\/gravelart.be\/fr\/product\/conception-du-plan-dirrigation\/\" \/>\n<meta property=\"og:locale\" content=\"fr_FR\" \/>\n<meta property=\"og:type\" content=\"article\" \/>\n<meta property=\"og:title\" content=\"Conception du plan d\u2019irrigation - Gravelart\" \/>\n<meta property=\"og:description\" content=\"Bestel Conception du plan d\u2019irrigation voor jouw volgende tuinproject.\" \/>\n<meta property=\"og:url\" content=\"https:\/\/gravelart.be\/fr\/product\/conception-du-plan-dirrigation\/\" \/>\n<meta property=\"og:site_name\" content=\"Gravelart\" \/>\n<meta property=\"og:image\" content=\"https:\/\/gravelart.be\/wp-content\/uploads\/2025\/03\/Beregeningsplan.png\" \/>\n\t<meta property=\"og:image:width\" content=\"500\" \/>\n\t<meta property=\"og:image:height\" content=\"500\" \/>\n\t<meta property=\"og:image:type\" content=\"image\/png\" \/>\n<meta name=\"twitter:card\" content=\"summary_large_image\" \/>\n<script type=\"application\/ld+json\" class=\"yoast-schema-graph\">{\"@context\":\"https:\\\/\\\/schema.org\",\"@graph\":[{\"@type\":\"WebPage\",\"@id\":\"https:\\\/\\\/gravelart.be\\\/fr\\\/product\\\/conception-du-plan-dirrigation\\\/\",\"url\":\"https:\\\/\\\/gravelart.be\\\/fr\\\/product\\\/conception-du-plan-dirrigation\\\/\",\"name\":\"Conception du plan d\u2019irrigation - Gravelart\",\"isPartOf\":{\"@id\":\"https:\\\/\\\/gravelart.be\\\/fr\\\/#website\"},\"primaryImageOfPage\":{\"@id\":\"https:\\\/\\\/gravelart.be\\\/fr\\\/product\\\/conception-du-plan-dirrigation\\\/#primaryimage\"},\"image\":{\"@id\":\"https:\\\/\\\/gravelart.be\\\/fr\\\/product\\\/conception-du-plan-dirrigation\\\/#primaryimage\"},\"thumbnailUrl\":\"https:\\\/\\\/gravelart.be\\\/wp-content\\\/uploads\\\/2025\\\/03\\\/Beregeningsplan.png\",\"datePublished\":\"2025-03-03T15:40:08+00:00\",\"description\":\"Bestel Conception du plan d\u2019irrigation voor jouw volgende tuinproject.\",\"breadcrumb\":{\"@id\":\"https:\\\/\\\/gravelart.be\\\/fr\\\/product\\\/conception-du-plan-dirrigation\\\/#breadcrumb\"},\"inLanguage\":\"fr-FR\",\"potentialAction\":[{\"@type\":\"ReadAction\",\"target\":[\"https:\\\/\\\/gravelart.be\\\/fr\\\/product\\\/conception-du-plan-dirrigation\\\/\"]}]},{\"@type\":\"ImageObject\",\"inLanguage\":\"fr-FR\",\"@id\":\"https:\\\/\\\/gravelart.be\\\/fr\\\/product\\\/conception-du-plan-dirrigation\\\/#primaryimage\",\"url\":\"https:\\\/\\\/gravelart.be\\\/wp-content\\\/uploads\\\/2025\\\/03\\\/Beregeningsplan.png\",\"contentUrl\":\"https:\\\/\\\/gravelart.be\\\/wp-content\\\/uploads\\\/2025\\\/03\\\/Beregeningsplan.png\",\"width\":500,\"height\":500,\"caption\":\"Beregeningsplan\"},{\"@type\":\"BreadcrumbList\",\"@id\":\"https:\\\/\\\/gravelart.be\\\/fr\\\/product\\\/conception-du-plan-dirrigation\\\/#breadcrumb\",\"itemListElement\":[{\"@type\":\"ListItem\",\"position\":1,\"name\":\"Home\",\"item\":\"https:\\\/\\\/gravelart.be\\\/fr\\\/\"},{\"@type\":\"ListItem\",\"position\":2,\"name\":\"Produits\",\"item\":\"https:\\\/\\\/gravelart.be\\\/fr\\\/boutique\\\/\"},{\"@type\":\"ListItem\",\"position\":3,\"name\":\"Conception du plan d\u2019irrigation\"}]},{\"@type\":\"WebSite\",\"@id\":\"https:\\\/\\\/gravelart.be\\\/fr\\\/#website\",\"url\":\"https:\\\/\\\/gravelart.be\\\/fr\\\/\",\"name\":\"Gravelart\",\"description\":\"Alles voor tuin en park\",\"publisher\":{\"@id\":\"https:\\\/\\\/gravelart.be\\\/fr\\\/#organization\"},\"potentialAction\":[{\"@type\":\"SearchAction\",\"target\":{\"@type\":\"EntryPoint\",\"urlTemplate\":\"https:\\\/\\\/gravelart.be\\\/fr\\\/?s={search_term_string}\"},\"query-input\":{\"@type\":\"PropertyValueSpecification\",\"valueRequired\":true,\"valueName\":\"search_term_string\"}}],\"inLanguage\":\"fr-FR\"},{\"@type\":\"Organization\",\"@id\":\"https:\\\/\\\/gravelart.be\\\/fr\\\/#organization\",\"name\":\"Gravelart\",\"url\":\"https:\\\/\\\/gravelart.be\\\/fr\\\/\",\"logo\":{\"@type\":\"ImageObject\",\"inLanguage\":\"fr-FR\",\"@id\":\"https:\\\/\\\/gravelart.be\\\/fr\\\/#\\\/schema\\\/logo\\\/image\\\/\",\"url\":\"https:\\\/\\\/gravelart.be\\\/wp-content\\\/uploads\\\/2022\\\/10\\\/logo-gravelart.png\",\"contentUrl\":\"https:\\\/\\\/gravelart.be\\\/wp-content\\\/uploads\\\/2022\\\/10\\\/logo-gravelart.png\",\"width\":348,\"height\":186,\"caption\":\"Gravelart\"},\"image\":{\"@id\":\"https:\\\/\\\/gravelart.be\\\/fr\\\/#\\\/schema\\\/logo\\\/image\\\/\"}}]}<\/script>\n<!-- \/ Yoast SEO plugin. -->","yoast_head_json":{"title":"Conception du plan d\u2019irrigation - Gravelart","description":"Bestel Conception du plan d\u2019irrigation voor jouw volgende tuinproject.","robots":{"index":"index","follow":"follow","max-snippet":"max-snippet:-1","max-image-preview":"max-image-preview:large","max-video-preview":"max-video-preview:-1"},"canonical":"https:\/\/gravelart.be\/fr\/product\/conception-du-plan-dirrigation\/","og_locale":"fr_FR","og_type":"article","og_title":"Conception du plan d\u2019irrigation - Gravelart","og_description":"Bestel Conception du plan d\u2019irrigation voor jouw volgende tuinproject.","og_url":"https:\/\/gravelart.be\/fr\/product\/conception-du-plan-dirrigation\/","og_site_name":"Gravelart","og_image":[{"width":500,"height":500,"url":"https:\/\/gravelart.be\/wp-content\/uploads\/2025\/03\/Beregeningsplan.png","type":"image\/png"}],"twitter_card":"summary_large_image","schema":{"@context":"https:\/\/schema.org","@graph":[{"@type":"WebPage","@id":"https:\/\/gravelart.be\/fr\/product\/conception-du-plan-dirrigation\/","url":"https:\/\/gravelart.be\/fr\/product\/conception-du-plan-dirrigation\/","name":"Conception du plan d\u2019irrigation - Gravelart","isPartOf":{"@id":"https:\/\/gravelart.be\/fr\/#website"},"primaryImageOfPage":{"@id":"https:\/\/gravelart.be\/fr\/product\/conception-du-plan-dirrigation\/#primaryimage"},"image":{"@id":"https:\/\/gravelart.be\/fr\/product\/conception-du-plan-dirrigation\/#primaryimage"},"thumbnailUrl":"https:\/\/gravelart.be\/wp-content\/uploads\/2025\/03\/Beregeningsplan.png","datePublished":"2025-03-03T15:40:08+00:00","description":"Bestel Conception du plan d\u2019irrigation voor jouw volgende tuinproject.","breadcrumb":{"@id":"https:\/\/gravelart.be\/fr\/product\/conception-du-plan-dirrigation\/#breadcrumb"},"inLanguage":"fr-FR","potentialAction":[{"@type":"ReadAction","target":["https:\/\/gravelart.be\/fr\/product\/conception-du-plan-dirrigation\/"]}]},{"@type":"ImageObject","inLanguage":"fr-FR","@id":"https:\/\/gravelart.be\/fr\/product\/conception-du-plan-dirrigation\/#primaryimage","url":"https:\/\/gravelart.be\/wp-content\/uploads\/2025\/03\/Beregeningsplan.png","contentUrl":"https:\/\/gravelart.be\/wp-content\/uploads\/2025\/03\/Beregeningsplan.png","width":500,"height":500,"caption":"Beregeningsplan"},{"@type":"BreadcrumbList","@id":"https:\/\/gravelart.be\/fr\/product\/conception-du-plan-dirrigation\/#breadcrumb","itemListElement":[{"@type":"ListItem","position":1,"name":"Home","item":"https:\/\/gravelart.be\/fr\/"},{"@type":"ListItem","position":2,"name":"Produits","item":"https:\/\/gravelart.be\/fr\/boutique\/"},{"@type":"ListItem","position":3,"name":"Conception du plan d\u2019irrigation"}]},{"@type":"WebSite","@id":"https:\/\/gravelart.be\/fr\/#website","url":"https:\/\/gravelart.be\/fr\/","name":"Gravelart","description":"Alles voor tuin en park","publisher":{"@id":"https:\/\/gravelart.be\/fr\/#organization"},"potentialAction":[{"@type":"SearchAction","target":{"@type":"EntryPoint","urlTemplate":"https:\/\/gravelart.be\/fr\/?s={search_term_string}"},"query-input":{"@type":"PropertyValueSpecification","valueRequired":true,"valueName":"search_term_string"}}],"inLanguage":"fr-FR"},{"@type":"Organization","@id":"https:\/\/gravelart.be\/fr\/#organization","name":"Gravelart","url":"https:\/\/gravelart.be\/fr\/","logo":{"@type":"ImageObject","inLanguage":"fr-FR","@id":"https:\/\/gravelart.be\/fr\/#\/schema\/logo\/image\/","url":"https:\/\/gravelart.be\/wp-content\/uploads\/2022\/10\/logo-gravelart.png","contentUrl":"https:\/\/gravelart.be\/wp-content\/uploads\/2022\/10\/logo-gravelart.png","width":348,"height":186,"caption":"Gravelart"},"image":{"@id":"https:\/\/gravelart.be\/fr\/#\/schema\/logo\/image\/"}}]}},"_links":{"self":[{"href":"https:\/\/gravelart.be\/fr\/wp-json\/wp\/v2\/product\/53973","targetHints":{"allow":["GET"]}}],"collection":[{"href":"https:\/\/gravelart.be\/fr\/wp-json\/wp\/v2\/product"}],"about":[{"href":"https:\/\/gravelart.be\/fr\/wp-json\/wp\/v2\/types\/product"}],"replies":[{"embeddable":true,"href":"https:\/\/gravelart.be\/fr\/wp-json\/wp\/v2\/comments?post=53973"}],"wp:featuredmedia":[{"embeddable":true,"href":"https:\/\/gravelart.be\/fr\/wp-json\/wp\/v2\/media\/49685"}],"wp:attachment":[{"href":"https:\/\/gravelart.be\/fr\/wp-json\/wp\/v2\/media?parent=53973"}],"wp:term":[{"taxonomy":"product_brand","embeddable":true,"href":"https:\/\/gravelart.be\/fr\/wp-json\/wp\/v2\/product_brand?post=53973"},{"taxonomy":"product_cat","embeddable":true,"href":"https:\/\/gravelart.be\/fr\/wp-json\/wp\/v2\/product_cat?post=53973"},{"taxonomy":"product_tag","embeddable":true,"href":"https:\/\/gravelart.be\/fr\/wp-json\/wp\/v2\/product_tag?post=53973"}],"curies":[{"name":"wp","href":"https:\/\/api.w.org\/{rel}","templated":true}]}}