{"id":54615,"date":"2026-01-23T12:58:00","date_gmt":"2026-01-23T11:58:00","guid":{"rendered":"https:\/\/gravelart.be\/?post_type=product&#038;p=54615"},"modified":"2026-04-30T03:30:42","modified_gmt":"2026-04-30T01:30:42","slug":"plaque-de-substrat-pour-toiture-vegetalisee-s50","status":"publish","type":"product","link":"https:\/\/gravelart.be\/fr\/product\/plaque-de-substrat-pour-toiture-vegetalisee-s50\/","title":{"rendered":"Plaque de substrat pour toiture v\u00e9g\u00e9talis\u00e9e S50"},"content":{"rendered":"","protected":false},"excerpt":{"rendered":"<div class=\"flex flex-col text-sm pb-25\">\n<article class=\"text-token-text-primary w-full focus:outline-none [--shadow-height:45px] has-data-writing-block:pointer-events-none has-data-writing-block:-mt-(--shadow-height) has-data-writing-block:pt-(--shadow-height) [&amp;:has([data-writing-block])&gt;*]:pointer-events-auto scroll-mt-[calc(var(--header-height)+min(200px,max(70px,20svh)))]\" dir=\"auto\" tabindex=\"-1\" data-turn-id=\"request-WEB:8043b13d-6080-44c1-9db2-fdcc7bc5fa1a-75\" data-testid=\"conversation-turn-56\" data-scroll-anchor=\"true\" data-turn=\"assistant\">\n<div class=\"text-base my-auto mx-auto pb-10 [--thread-content-margin:--spacing(4)] @w-sm\/main:[--thread-content-margin:--spacing(6)] @w-lg\/main:[--thread-content-margin:--spacing(16)] px-(--thread-content-margin)\">\n<div class=\"[--thread-content-max-width:40rem] @w-lg\/main:[--thread-content-max-width:48rem] mx-auto max-w-(--thread-content-max-width) flex-1 group\/turn-messages focus-visible:outline-hidden relative flex w-full min-w-0 flex-col agent-turn\" tabindex=\"-1\">\n<div class=\"flex max-w-full flex-col grow\">\n<div class=\"min-h-8 text-message relative flex w-full flex-col items-end gap-2 text-start break-words whitespace-normal [.text-message+&amp;]:mt-1\" dir=\"auto\" data-message-author-role=\"assistant\" data-message-id=\"2c845576-349a-42c8-abdf-9bea1c98140b\" data-message-model-slug=\"gpt-5-2\">\n<div class=\"flex w-full flex-col gap-1 empty:hidden first:pt-[1px]\">\n<div class=\"markdown prose dark:prose-invert w-full wrap-break-word light markdown-new-styling\">\n<p data-start=\"0\" data-end=\"126\">La <strong data-start=\"3\" data-end=\"37\">plaque de substrat min\u00e9ral S50<\/strong> est une plaque durable, r\u00e9sistante \u00e0 la pression et r\u00e9tentrice d\u2019eau, en laine de roche.<\/p>\n<p data-start=\"128\" data-end=\"283\">Cette plaque de substrat est plac\u00e9e entre la couche de drainage et le substrat afin de stocker environ <strong data-start=\"231\" data-end=\"266\">30 litres d\u2019eau de pluie par m\u00b2<\/strong> suppl\u00e9mentaires.<\/p>\n<p data-start=\"285\" data-end=\"392\">Les \u00e9ventuelles <strong data-start=\"301\" data-end=\"316\">subventions<\/strong> sont \u00e0 v\u00e9rifier au pr\u00e9alable aupr\u00e8s de la commune ou de la ville concern\u00e9e.<\/p>\n<p data-start=\"394\" data-end=\"412\"><strong data-start=\"394\" data-end=\"410\">Dimensions :<\/strong><\/p>\n<ul data-start=\"413\" data-end=\"475\">\n<li data-start=\"413\" data-end=\"434\">\n<p data-start=\"415\" data-end=\"434\">Longueur : 120 cm<\/p>\n<\/li>\n<li data-start=\"435\" data-end=\"455\">\n<p data-start=\"437\" data-end=\"455\">Largeur : 100 cm<\/p>\n<\/li>\n<li data-start=\"456\" data-end=\"475\">\n<p data-start=\"458\" data-end=\"475\">\u00c9paisseur : 50 mm<\/p>\n<\/li>\n<\/ul>\n<\/div>\n<\/div>\n<\/div>\n<\/div>\n<\/div>\n<\/div>\n<\/article>\n<\/div>\n","protected":false},"featured_media":54619,"comment_status":"open","ping_status":"closed","template":"","meta":{"_acf_changed":false,"inline_featured_image":false},"product_brand":[],"product_cat":[4152],"product_tag":[],"class_list":{"0":"post-54615","1":"product","2":"type-product","3":"status-publish","4":"has-post-thumbnail","6":"product_cat-toitures-vertes","8":"first","9":"instock","10":"taxable","11":"shipping-taxable","12":"purchasable","13":"product-type-variable","14":"has-default-attributes"},"acf":{"woocommerce_erp_id":"17364","woocommerce_cnk_id":"103060","product_density":1.2,"custom_prices":[{"variation_id":"54616","customer_group":"PRO","customer_id":"","min_qty":1,"max_qty":99.9,"steps":1,"price":11.73,"price_incl":14.19,"delivery_group":"DELIVERY","warehouse_id":""},{"variation_id":"54616","customer_group":"PRO","customer_id":"","min_qty":1,"max_qty":99.9,"steps":1,"price":11.73,"price_incl":14.19,"delivery_group":"COLLECT","warehouse_id":""},{"variation_id":"54616","customer_group":"PRO","customer_id":"","min_qty":100,"max_qty":199,"steps":1,"price":10.58,"price_incl":12.8,"delivery_group":"COLLECT","warehouse_id":""},{"variation_id":"54616","customer_group":"PRO","customer_id":"","min_qty":100,"max_qty":199,"steps":1,"price":10.58,"price_incl":12.8,"delivery_group":"DELIVERY","warehouse_id":""},{"variation_id":"54616","customer_group":"PRO","customer_id":"","min_qty":200,"max_qty":9999999,"steps":1,"price":9.43,"price_incl":11.41,"delivery_group":"COLLECT","warehouse_id":""},{"variation_id":"54616","customer_group":"PRO","customer_id":"","min_qty":200,"max_qty":9999999,"steps":1,"price":9.43,"price_incl":11.41,"delivery_group":"DELIVERY","warehouse_id":""},{"variation_id":"54616","customer_group":"CON","customer_id":"","min_qty":1,"max_qty":99.9,"steps":1,"price":13.5,"price_incl":16.34,"delivery_group":"DELIVERY","warehouse_id":""},{"variation_id":"54616","customer_group":"CON","customer_id":"","min_qty":1,"max_qty":99.9,"steps":1,"price":13.5,"price_incl":16.34,"delivery_group":"COLLECT","warehouse_id":""},{"variation_id":"54616","customer_group":"CON","customer_id":"","min_qty":100,"max_qty":199,"steps":1,"price":12.17,"price_incl":14.73,"delivery_group":"COLLECT","warehouse_id":""},{"variation_id":"54616","customer_group":"CON","customer_id":"","min_qty":100,"max_qty":199,"steps":1,"price":12.17,"price_incl":14.73,"delivery_group":"DELIVERY","warehouse_id":""},{"variation_id":"54616","customer_group":"CON","customer_id":"","min_qty":200,"max_qty":9999999,"steps":1,"price":10.83,"price_incl":13.1,"delivery_group":"COLLECT","warehouse_id":""},{"variation_id":"54616","customer_group":"CON","customer_id":"","min_qty":200,"max_qty":9999999,"steps":1,"price":10.83,"price_incl":13.1,"delivery_group":"DELIVERY","warehouse_id":""},{"variation_id":"54616","customer_group":"DISTRI","customer_id":"","min_qty":1,"max_qty":99.9,"steps":1,"price":10.58,"price_incl":12.8,"delivery_group":"DELIVERY","warehouse_id":""},{"variation_id":"54616","customer_group":"DISTRI","customer_id":"","min_qty":1,"max_qty":99.9,"steps":1,"price":10.58,"price_incl":12.8,"delivery_group":"COLLECT","warehouse_id":""},{"variation_id":"54616","customer_group":"DISTRI","customer_id":"","min_qty":1,"max_qty":9999999,"steps":1,"price":9.43,"price_incl":11.41,"delivery_group":"DELIVERY","warehouse_id":"Z"},{"variation_id":"54616","customer_group":"DISTRI","customer_id":"","min_qty":1,"max_qty":9999999,"steps":1,"price":9.43,"price_incl":11.41,"delivery_group":"COLLECT","warehouse_id":"Z"},{"variation_id":"54616","customer_group":"DISTRI","customer_id":"","min_qty":100,"max_qty":9999999,"steps":1,"price":9.43,"price_incl":11.41,"delivery_group":"COLLECT","warehouse_id":""},{"variation_id":"54616","customer_group":"DISTRI","customer_id":"","min_qty":100,"max_qty":9999999,"steps":1,"price":9.43,"price_incl":11.41,"delivery_group":"DELIVERY","warehouse_id":""},{"variation_id":"54616","customer_group":"CON","customer_id":"131196","min_qty":1,"max_qty":9999999,"steps":1,"price":10.79,"price_incl":13.06,"delivery_group":"DELIVERY","warehouse_id":""},{"variation_id":"54616","customer_group":"CON","customer_id":"131196","min_qty":1,"max_qty":9999999,"steps":1,"price":9.79,"price_incl":11.85,"delivery_group":"COLLECT","warehouse_id":""},{"variation_id":"54616","customer_group":"","customer_id":"131114","min_qty":1,"max_qty":9999999,"steps":1,"price":9.43,"price_incl":11.41,"delivery_group":"COLLECT","warehouse_id":"L"}],"packaging_ids":[{"packaging_name":"Pi\u00e8ce","packaging_id":"73","erp_id":"17364"}]},"yoast_head":"<!-- This site is optimized with the Yoast SEO plugin v27.3 - https:\/\/yoast.com\/product\/yoast-seo-wordpress\/ -->\n<title>Plaque de substrat pour toiture v\u00e9g\u00e9talis\u00e9e S50 - Gravelart<\/title>\n<meta name=\"description\" content=\"Plaque de substrat en laine de roche, durable et r\u00e9sistante \u00e0 la pression, permettant de stocker jusqu\u2019\u00e0 30 l\/m\u00b2 d\u2019eau de pluie pour toitures v\u00e9g\u00e9talis\u00e9es.\" \/>\n<meta name=\"robots\" content=\"index, follow, max-snippet:-1, max-image-preview:large, max-video-preview:-1\" \/>\n<link rel=\"canonical\" href=\"https:\/\/gravelart.be\/fr\/product\/plaque-de-substrat-pour-toiture-vegetalisee-s50\/\" \/>\n<meta property=\"og:locale\" content=\"fr_FR\" \/>\n<meta property=\"og:type\" content=\"article\" \/>\n<meta property=\"og:title\" content=\"Plaque de substrat pour toiture v\u00e9g\u00e9talis\u00e9e S50 - Gravelart\" \/>\n<meta property=\"og:description\" content=\"Plaque de substrat en laine de roche, durable et r\u00e9sistante \u00e0 la pression, permettant de stocker jusqu\u2019\u00e0 30 l\/m\u00b2 d\u2019eau de pluie pour toitures v\u00e9g\u00e9talis\u00e9es.\" \/>\n<meta property=\"og:url\" content=\"https:\/\/gravelart.be\/fr\/product\/plaque-de-substrat-pour-toiture-vegetalisee-s50\/\" \/>\n<meta property=\"og:site_name\" content=\"Gravelart\" \/>\n<meta property=\"article:modified_time\" content=\"2026-04-30T01:30:42+00:00\" \/>\n<meta property=\"og:image\" content=\"https:\/\/gravelart.be\/wp-content\/uploads\/2026\/01\/substraatplaat.jpg\" \/>\n\t<meta property=\"og:image:width\" content=\"250\" \/>\n\t<meta property=\"og:image:height\" content=\"250\" \/>\n\t<meta property=\"og:image:type\" content=\"image\/jpeg\" \/>\n<meta name=\"twitter:card\" content=\"summary_large_image\" \/>\n<meta name=\"twitter:label1\" content=\"Dur\u00e9e de lecture estim\u00e9e\" \/>\n\t<meta name=\"twitter:data1\" content=\"1 minute\" \/>\n<script type=\"application\/ld+json\" class=\"yoast-schema-graph\">{\"@context\":\"https:\\\/\\\/schema.org\",\"@graph\":[{\"@type\":\"WebPage\",\"@id\":\"https:\\\/\\\/gravelart.be\\\/fr\\\/product\\\/plaque-de-substrat-pour-toiture-vegetalisee-s50\\\/\",\"url\":\"https:\\\/\\\/gravelart.be\\\/fr\\\/product\\\/plaque-de-substrat-pour-toiture-vegetalisee-s50\\\/\",\"name\":\"Plaque de substrat pour toiture v\u00e9g\u00e9talis\u00e9e S50 - Gravelart\",\"isPartOf\":{\"@id\":\"https:\\\/\\\/gravelart.be\\\/fr\\\/#website\"},\"primaryImageOfPage\":{\"@id\":\"https:\\\/\\\/gravelart.be\\\/fr\\\/product\\\/plaque-de-substrat-pour-toiture-vegetalisee-s50\\\/#primaryimage\"},\"image\":{\"@id\":\"https:\\\/\\\/gravelart.be\\\/fr\\\/product\\\/plaque-de-substrat-pour-toiture-vegetalisee-s50\\\/#primaryimage\"},\"thumbnailUrl\":\"https:\\\/\\\/gravelart.be\\\/wp-content\\\/uploads\\\/2026\\\/01\\\/substraatplaat.jpg\",\"datePublished\":\"2026-01-23T11:58:00+00:00\",\"dateModified\":\"2026-04-30T01:30:42+00:00\",\"description\":\"Plaque de substrat en laine de roche, durable et r\u00e9sistante \u00e0 la pression, permettant de stocker jusqu\u2019\u00e0 30 l\\\/m\u00b2 d\u2019eau de pluie pour toitures v\u00e9g\u00e9talis\u00e9es.\",\"breadcrumb\":{\"@id\":\"https:\\\/\\\/gravelart.be\\\/fr\\\/product\\\/plaque-de-substrat-pour-toiture-vegetalisee-s50\\\/#breadcrumb\"},\"inLanguage\":\"fr-FR\",\"potentialAction\":[{\"@type\":\"ReadAction\",\"target\":[\"https:\\\/\\\/gravelart.be\\\/fr\\\/product\\\/plaque-de-substrat-pour-toiture-vegetalisee-s50\\\/\"]}]},{\"@type\":\"ImageObject\",\"inLanguage\":\"fr-FR\",\"@id\":\"https:\\\/\\\/gravelart.be\\\/fr\\\/product\\\/plaque-de-substrat-pour-toiture-vegetalisee-s50\\\/#primaryimage\",\"url\":\"https:\\\/\\\/gravelart.be\\\/wp-content\\\/uploads\\\/2026\\\/01\\\/substraatplaat.jpg\",\"contentUrl\":\"https:\\\/\\\/gravelart.be\\\/wp-content\\\/uploads\\\/2026\\\/01\\\/substraatplaat.jpg\",\"width\":250,\"height\":250},{\"@type\":\"BreadcrumbList\",\"@id\":\"https:\\\/\\\/gravelart.be\\\/fr\\\/product\\\/plaque-de-substrat-pour-toiture-vegetalisee-s50\\\/#breadcrumb\",\"itemListElement\":[{\"@type\":\"ListItem\",\"position\":1,\"name\":\"Home\",\"item\":\"https:\\\/\\\/gravelart.be\\\/fr\\\/\"},{\"@type\":\"ListItem\",\"position\":2,\"name\":\"Produits\",\"item\":\"https:\\\/\\\/gravelart.be\\\/fr\\\/boutique\\\/\"},{\"@type\":\"ListItem\",\"position\":3,\"name\":\"Plaque de substrat pour toiture v\u00e9g\u00e9talis\u00e9e S50\"}]},{\"@type\":\"WebSite\",\"@id\":\"https:\\\/\\\/gravelart.be\\\/fr\\\/#website\",\"url\":\"https:\\\/\\\/gravelart.be\\\/fr\\\/\",\"name\":\"Gravelart\",\"description\":\"Alles voor tuin en park\",\"publisher\":{\"@id\":\"https:\\\/\\\/gravelart.be\\\/fr\\\/#organization\"},\"potentialAction\":[{\"@type\":\"SearchAction\",\"target\":{\"@type\":\"EntryPoint\",\"urlTemplate\":\"https:\\\/\\\/gravelart.be\\\/fr\\\/?s={search_term_string}\"},\"query-input\":{\"@type\":\"PropertyValueSpecification\",\"valueRequired\":true,\"valueName\":\"search_term_string\"}}],\"inLanguage\":\"fr-FR\"},{\"@type\":\"Organization\",\"@id\":\"https:\\\/\\\/gravelart.be\\\/fr\\\/#organization\",\"name\":\"Gravelart\",\"url\":\"https:\\\/\\\/gravelart.be\\\/fr\\\/\",\"logo\":{\"@type\":\"ImageObject\",\"inLanguage\":\"fr-FR\",\"@id\":\"https:\\\/\\\/gravelart.be\\\/fr\\\/#\\\/schema\\\/logo\\\/image\\\/\",\"url\":\"https:\\\/\\\/gravelart.be\\\/wp-content\\\/uploads\\\/2022\\\/10\\\/logo-gravelart.png\",\"contentUrl\":\"https:\\\/\\\/gravelart.be\\\/wp-content\\\/uploads\\\/2022\\\/10\\\/logo-gravelart.png\",\"width\":348,\"height\":186,\"caption\":\"Gravelart\"},\"image\":{\"@id\":\"https:\\\/\\\/gravelart.be\\\/fr\\\/#\\\/schema\\\/logo\\\/image\\\/\"}}]}<\/script>\n<!-- \/ Yoast SEO plugin. -->","yoast_head_json":{"title":"Plaque de substrat pour toiture v\u00e9g\u00e9talis\u00e9e S50 - Gravelart","description":"Plaque de substrat en laine de roche, durable et r\u00e9sistante \u00e0 la pression, permettant de stocker jusqu\u2019\u00e0 30 l\/m\u00b2 d\u2019eau de pluie pour toitures v\u00e9g\u00e9talis\u00e9es.","robots":{"index":"index","follow":"follow","max-snippet":"max-snippet:-1","max-image-preview":"max-image-preview:large","max-video-preview":"max-video-preview:-1"},"canonical":"https:\/\/gravelart.be\/fr\/product\/plaque-de-substrat-pour-toiture-vegetalisee-s50\/","og_locale":"fr_FR","og_type":"article","og_title":"Plaque de substrat pour toiture v\u00e9g\u00e9talis\u00e9e S50 - Gravelart","og_description":"Plaque de substrat en laine de roche, durable et r\u00e9sistante \u00e0 la pression, permettant de stocker jusqu\u2019\u00e0 30 l\/m\u00b2 d\u2019eau de pluie pour toitures v\u00e9g\u00e9talis\u00e9es.","og_url":"https:\/\/gravelart.be\/fr\/product\/plaque-de-substrat-pour-toiture-vegetalisee-s50\/","og_site_name":"Gravelart","article_modified_time":"2026-04-30T01:30:42+00:00","og_image":[{"width":250,"height":250,"url":"https:\/\/gravelart.be\/wp-content\/uploads\/2026\/01\/substraatplaat.jpg","type":"image\/jpeg"}],"twitter_card":"summary_large_image","twitter_misc":{"Dur\u00e9e de lecture estim\u00e9e":"1 minute"},"schema":{"@context":"https:\/\/schema.org","@graph":[{"@type":"WebPage","@id":"https:\/\/gravelart.be\/fr\/product\/plaque-de-substrat-pour-toiture-vegetalisee-s50\/","url":"https:\/\/gravelart.be\/fr\/product\/plaque-de-substrat-pour-toiture-vegetalisee-s50\/","name":"Plaque de substrat pour toiture v\u00e9g\u00e9talis\u00e9e S50 - Gravelart","isPartOf":{"@id":"https:\/\/gravelart.be\/fr\/#website"},"primaryImageOfPage":{"@id":"https:\/\/gravelart.be\/fr\/product\/plaque-de-substrat-pour-toiture-vegetalisee-s50\/#primaryimage"},"image":{"@id":"https:\/\/gravelart.be\/fr\/product\/plaque-de-substrat-pour-toiture-vegetalisee-s50\/#primaryimage"},"thumbnailUrl":"https:\/\/gravelart.be\/wp-content\/uploads\/2026\/01\/substraatplaat.jpg","datePublished":"2026-01-23T11:58:00+00:00","dateModified":"2026-04-30T01:30:42+00:00","description":"Plaque de substrat en laine de roche, durable et r\u00e9sistante \u00e0 la pression, permettant de stocker jusqu\u2019\u00e0 30 l\/m\u00b2 d\u2019eau de pluie pour toitures v\u00e9g\u00e9talis\u00e9es.","breadcrumb":{"@id":"https:\/\/gravelart.be\/fr\/product\/plaque-de-substrat-pour-toiture-vegetalisee-s50\/#breadcrumb"},"inLanguage":"fr-FR","potentialAction":[{"@type":"ReadAction","target":["https:\/\/gravelart.be\/fr\/product\/plaque-de-substrat-pour-toiture-vegetalisee-s50\/"]}]},{"@type":"ImageObject","inLanguage":"fr-FR","@id":"https:\/\/gravelart.be\/fr\/product\/plaque-de-substrat-pour-toiture-vegetalisee-s50\/#primaryimage","url":"https:\/\/gravelart.be\/wp-content\/uploads\/2026\/01\/substraatplaat.jpg","contentUrl":"https:\/\/gravelart.be\/wp-content\/uploads\/2026\/01\/substraatplaat.jpg","width":250,"height":250},{"@type":"BreadcrumbList","@id":"https:\/\/gravelart.be\/fr\/product\/plaque-de-substrat-pour-toiture-vegetalisee-s50\/#breadcrumb","itemListElement":[{"@type":"ListItem","position":1,"name":"Home","item":"https:\/\/gravelart.be\/fr\/"},{"@type":"ListItem","position":2,"name":"Produits","item":"https:\/\/gravelart.be\/fr\/boutique\/"},{"@type":"ListItem","position":3,"name":"Plaque de substrat pour toiture v\u00e9g\u00e9talis\u00e9e S50"}]},{"@type":"WebSite","@id":"https:\/\/gravelart.be\/fr\/#website","url":"https:\/\/gravelart.be\/fr\/","name":"Gravelart","description":"Alles voor tuin en park","publisher":{"@id":"https:\/\/gravelart.be\/fr\/#organization"},"potentialAction":[{"@type":"SearchAction","target":{"@type":"EntryPoint","urlTemplate":"https:\/\/gravelart.be\/fr\/?s={search_term_string}"},"query-input":{"@type":"PropertyValueSpecification","valueRequired":true,"valueName":"search_term_string"}}],"inLanguage":"fr-FR"},{"@type":"Organization","@id":"https:\/\/gravelart.be\/fr\/#organization","name":"Gravelart","url":"https:\/\/gravelart.be\/fr\/","logo":{"@type":"ImageObject","inLanguage":"fr-FR","@id":"https:\/\/gravelart.be\/fr\/#\/schema\/logo\/image\/","url":"https:\/\/gravelart.be\/wp-content\/uploads\/2022\/10\/logo-gravelart.png","contentUrl":"https:\/\/gravelart.be\/wp-content\/uploads\/2022\/10\/logo-gravelart.png","width":348,"height":186,"caption":"Gravelart"},"image":{"@id":"https:\/\/gravelart.be\/fr\/#\/schema\/logo\/image\/"}}]}},"_links":{"self":[{"href":"https:\/\/gravelart.be\/fr\/wp-json\/wp\/v2\/product\/54615","targetHints":{"allow":["GET"]}}],"collection":[{"href":"https:\/\/gravelart.be\/fr\/wp-json\/wp\/v2\/product"}],"about":[{"href":"https:\/\/gravelart.be\/fr\/wp-json\/wp\/v2\/types\/product"}],"replies":[{"embeddable":true,"href":"https:\/\/gravelart.be\/fr\/wp-json\/wp\/v2\/comments?post=54615"}],"wp:featuredmedia":[{"embeddable":true,"href":"https:\/\/gravelart.be\/fr\/wp-json\/wp\/v2\/media\/54619"}],"wp:attachment":[{"href":"https:\/\/gravelart.be\/fr\/wp-json\/wp\/v2\/media?parent=54615"}],"wp:term":[{"taxonomy":"product_brand","embeddable":true,"href":"https:\/\/gravelart.be\/fr\/wp-json\/wp\/v2\/product_brand?post=54615"},{"taxonomy":"product_cat","embeddable":true,"href":"https:\/\/gravelart.be\/fr\/wp-json\/wp\/v2\/product_cat?post=54615"},{"taxonomy":"product_tag","embeddable":true,"href":"https:\/\/gravelart.be\/fr\/wp-json\/wp\/v2\/product_tag?post=54615"}],"curies":[{"name":"wp","href":"https:\/\/api.w.org\/{rel}","templated":true}]}}