{"id":54775,"date":"2026-01-27T09:35:37","date_gmt":"2026-01-27T08:35:37","guid":{"rendered":"https:\/\/gravelart.be\/?post_type=product&#038;p=54775"},"modified":"2026-04-30T03:30:22","modified_gmt":"2026-04-30T01:30:22","slug":"regard-dinspection-30-x-30-x-8-cm","status":"publish","type":"product","link":"https:\/\/gravelart.be\/fr\/product\/regard-dinspection-30-x-30-x-8-cm\/","title":{"rendered":"Regard d\u2019inspection"},"content":{"rendered":"","protected":false},"excerpt":{"rendered":"<p>Le <strong data-start=\"3\" data-end=\"26\">regard d\u2019inspection<\/strong> assure un acc\u00e8s permanent \u00e0 l\u2019\u00e9vacuation des eaux pluviales pour le contr\u00f4le, le nettoyage et l\u2019entretien. Aucune fixation suppl\u00e9mentaire n\u2019est n\u00e9cessaire. Les regards sont entour\u00e9s de gravier afin d\u2019\u00e9viter que la v\u00e9g\u00e9tation n\u2019obstrue l\u2019\u00e9vacuation.<\/p>\n","protected":false},"featured_media":54780,"comment_status":"open","ping_status":"closed","template":"","meta":{"_acf_changed":false,"inline_featured_image":false},"product_brand":[],"product_cat":[4152],"product_tag":[],"class_list":{"0":"post-54775","1":"product","2":"type-product","3":"status-publish","4":"has-post-thumbnail","6":"product_cat-toitures-vertes","8":"first","9":"instock","10":"taxable","11":"shipping-taxable","12":"purchasable","13":"product-type-variable","14":"has-default-attributes"},"acf":{"woocommerce_erp_id":"17305","woocommerce_cnk_id":"102999","product_density":0,"custom_prices":[{"variation_id":"54776","customer_group":"DISTRI","customer_id":"","min_qty":1,"max_qty":9999999,"steps":1,"price":115,"price_incl":139.15,"delivery_group":"COLLECT","warehouse_id":""},{"variation_id":"54776","customer_group":"PRO","customer_id":"","min_qty":1,"max_qty":9999999,"steps":1,"price":115,"price_incl":139.15,"delivery_group":"DELIVERY","warehouse_id":""},{"variation_id":"54776","customer_group":"PRO","customer_id":"","min_qty":1,"max_qty":9999999,"steps":1,"price":115,"price_incl":139.15,"delivery_group":"COLLECT","warehouse_id":""},{"variation_id":"54776","customer_group":"CON","customer_id":"","min_qty":1,"max_qty":9999999,"steps":1,"price":126.41,"price_incl":152.96,"delivery_group":"COLLECT","warehouse_id":""},{"variation_id":"54776","customer_group":"CON","customer_id":"","min_qty":1,"max_qty":9999999,"steps":1,"price":126.41,"price_incl":152.96,"delivery_group":"DELIVERY","warehouse_id":""},{"variation_id":"54776","customer_group":"","customer_id":"131114","min_qty":1,"max_qty":9999999,"steps":1,"price":115,"price_incl":139.15,"delivery_group":"COLLECT","warehouse_id":"L"}],"packaging_ids":[{"packaging_name":"Pi\u00e8ce","packaging_id":"73","erp_id":"17305"}]},"yoast_head":"<!-- This site is optimized with the Yoast SEO plugin v27.3 - https:\/\/yoast.com\/product\/yoast-seo-wordpress\/ -->\n<title>Regard d\u2019inspection - Gravelart<\/title>\n<meta name=\"description\" content=\"Regard d\u2019inspection pour toiture v\u00e9g\u00e9talis\u00e9e, garantissant un acc\u00e8s facile \u00e0 l\u2019\u00e9vacuation des eaux pluviales pour le contr\u00f4le, le nettoyage et l\u2019entretien.\" \/>\n<meta name=\"robots\" content=\"index, follow, max-snippet:-1, max-image-preview:large, max-video-preview:-1\" \/>\n<link rel=\"canonical\" href=\"https:\/\/gravelart.be\/fr\/product\/regard-dinspection-30-x-30-x-8-cm\/\" \/>\n<meta property=\"og:locale\" content=\"fr_FR\" \/>\n<meta property=\"og:type\" content=\"article\" \/>\n<meta property=\"og:title\" content=\"Regard d\u2019inspection - Gravelart\" \/>\n<meta property=\"og:description\" content=\"Regard d\u2019inspection pour toiture v\u00e9g\u00e9talis\u00e9e, garantissant un acc\u00e8s facile \u00e0 l\u2019\u00e9vacuation des eaux pluviales pour le contr\u00f4le, le nettoyage et l\u2019entretien.\" \/>\n<meta property=\"og:url\" content=\"https:\/\/gravelart.be\/fr\/product\/regard-dinspection-30-x-30-x-8-cm\/\" \/>\n<meta property=\"og:site_name\" content=\"Gravelart\" \/>\n<meta property=\"article:modified_time\" content=\"2026-04-30T01:30:22+00:00\" \/>\n<meta property=\"og:image\" content=\"https:\/\/gravelart.be\/wp-content\/uploads\/2026\/01\/Ontwerp-zonder-titel-1-e1769503446179.png\" \/>\n\t<meta property=\"og:image:width\" content=\"1000\" \/>\n\t<meta property=\"og:image:height\" content=\"1000\" \/>\n\t<meta property=\"og:image:type\" content=\"image\/png\" \/>\n<meta name=\"twitter:card\" content=\"summary_large_image\" \/>\n<meta name=\"twitter:label1\" content=\"Dur\u00e9e de lecture estim\u00e9e\" \/>\n\t<meta name=\"twitter:data1\" content=\"1 minute\" \/>\n<script type=\"application\/ld+json\" class=\"yoast-schema-graph\">{\"@context\":\"https:\\\/\\\/schema.org\",\"@graph\":[{\"@type\":\"WebPage\",\"@id\":\"https:\\\/\\\/gravelart.be\\\/fr\\\/product\\\/regard-dinspection-30-x-30-x-8-cm\\\/\",\"url\":\"https:\\\/\\\/gravelart.be\\\/fr\\\/product\\\/regard-dinspection-30-x-30-x-8-cm\\\/\",\"name\":\"Regard d\u2019inspection - Gravelart\",\"isPartOf\":{\"@id\":\"https:\\\/\\\/gravelart.be\\\/fr\\\/#website\"},\"primaryImageOfPage\":{\"@id\":\"https:\\\/\\\/gravelart.be\\\/fr\\\/product\\\/regard-dinspection-30-x-30-x-8-cm\\\/#primaryimage\"},\"image\":{\"@id\":\"https:\\\/\\\/gravelart.be\\\/fr\\\/product\\\/regard-dinspection-30-x-30-x-8-cm\\\/#primaryimage\"},\"thumbnailUrl\":\"https:\\\/\\\/gravelart.be\\\/wp-content\\\/uploads\\\/2026\\\/01\\\/Ontwerp-zonder-titel-1-e1769503446179.png\",\"datePublished\":\"2026-01-27T08:35:37+00:00\",\"dateModified\":\"2026-04-30T01:30:22+00:00\",\"description\":\"Regard d\u2019inspection pour toiture v\u00e9g\u00e9talis\u00e9e, garantissant un acc\u00e8s facile \u00e0 l\u2019\u00e9vacuation des eaux pluviales pour le contr\u00f4le, le nettoyage et l\u2019entretien.\",\"breadcrumb\":{\"@id\":\"https:\\\/\\\/gravelart.be\\\/fr\\\/product\\\/regard-dinspection-30-x-30-x-8-cm\\\/#breadcrumb\"},\"inLanguage\":\"fr-FR\",\"potentialAction\":[{\"@type\":\"ReadAction\",\"target\":[\"https:\\\/\\\/gravelart.be\\\/fr\\\/product\\\/regard-dinspection-30-x-30-x-8-cm\\\/\"]}]},{\"@type\":\"ImageObject\",\"inLanguage\":\"fr-FR\",\"@id\":\"https:\\\/\\\/gravelart.be\\\/fr\\\/product\\\/regard-dinspection-30-x-30-x-8-cm\\\/#primaryimage\",\"url\":\"https:\\\/\\\/gravelart.be\\\/wp-content\\\/uploads\\\/2026\\\/01\\\/Ontwerp-zonder-titel-1-e1769503446179.png\",\"contentUrl\":\"https:\\\/\\\/gravelart.be\\\/wp-content\\\/uploads\\\/2026\\\/01\\\/Ontwerp-zonder-titel-1-e1769503446179.png\",\"width\":1000,\"height\":1000},{\"@type\":\"BreadcrumbList\",\"@id\":\"https:\\\/\\\/gravelart.be\\\/fr\\\/product\\\/regard-dinspection-30-x-30-x-8-cm\\\/#breadcrumb\",\"itemListElement\":[{\"@type\":\"ListItem\",\"position\":1,\"name\":\"Home\",\"item\":\"https:\\\/\\\/gravelart.be\\\/fr\\\/\"},{\"@type\":\"ListItem\",\"position\":2,\"name\":\"Produits\",\"item\":\"https:\\\/\\\/gravelart.be\\\/fr\\\/boutique\\\/\"},{\"@type\":\"ListItem\",\"position\":3,\"name\":\"Regard d\u2019inspection\"}]},{\"@type\":\"WebSite\",\"@id\":\"https:\\\/\\\/gravelart.be\\\/fr\\\/#website\",\"url\":\"https:\\\/\\\/gravelart.be\\\/fr\\\/\",\"name\":\"Gravelart\",\"description\":\"Alles voor tuin en park\",\"publisher\":{\"@id\":\"https:\\\/\\\/gravelart.be\\\/fr\\\/#organization\"},\"potentialAction\":[{\"@type\":\"SearchAction\",\"target\":{\"@type\":\"EntryPoint\",\"urlTemplate\":\"https:\\\/\\\/gravelart.be\\\/fr\\\/?s={search_term_string}\"},\"query-input\":{\"@type\":\"PropertyValueSpecification\",\"valueRequired\":true,\"valueName\":\"search_term_string\"}}],\"inLanguage\":\"fr-FR\"},{\"@type\":\"Organization\",\"@id\":\"https:\\\/\\\/gravelart.be\\\/fr\\\/#organization\",\"name\":\"Gravelart\",\"url\":\"https:\\\/\\\/gravelart.be\\\/fr\\\/\",\"logo\":{\"@type\":\"ImageObject\",\"inLanguage\":\"fr-FR\",\"@id\":\"https:\\\/\\\/gravelart.be\\\/fr\\\/#\\\/schema\\\/logo\\\/image\\\/\",\"url\":\"https:\\\/\\\/gravelart.be\\\/wp-content\\\/uploads\\\/2022\\\/10\\\/logo-gravelart.png\",\"contentUrl\":\"https:\\\/\\\/gravelart.be\\\/wp-content\\\/uploads\\\/2022\\\/10\\\/logo-gravelart.png\",\"width\":348,\"height\":186,\"caption\":\"Gravelart\"},\"image\":{\"@id\":\"https:\\\/\\\/gravelart.be\\\/fr\\\/#\\\/schema\\\/logo\\\/image\\\/\"}}]}<\/script>\n<!-- \/ Yoast SEO plugin. -->","yoast_head_json":{"title":"Regard d\u2019inspection - Gravelart","description":"Regard d\u2019inspection pour toiture v\u00e9g\u00e9talis\u00e9e, garantissant un acc\u00e8s facile \u00e0 l\u2019\u00e9vacuation des eaux pluviales pour le contr\u00f4le, le nettoyage et l\u2019entretien.","robots":{"index":"index","follow":"follow","max-snippet":"max-snippet:-1","max-image-preview":"max-image-preview:large","max-video-preview":"max-video-preview:-1"},"canonical":"https:\/\/gravelart.be\/fr\/product\/regard-dinspection-30-x-30-x-8-cm\/","og_locale":"fr_FR","og_type":"article","og_title":"Regard d\u2019inspection - Gravelart","og_description":"Regard d\u2019inspection pour toiture v\u00e9g\u00e9talis\u00e9e, garantissant un acc\u00e8s facile \u00e0 l\u2019\u00e9vacuation des eaux pluviales pour le contr\u00f4le, le nettoyage et l\u2019entretien.","og_url":"https:\/\/gravelart.be\/fr\/product\/regard-dinspection-30-x-30-x-8-cm\/","og_site_name":"Gravelart","article_modified_time":"2026-04-30T01:30:22+00:00","og_image":[{"width":1000,"height":1000,"url":"https:\/\/gravelart.be\/wp-content\/uploads\/2026\/01\/Ontwerp-zonder-titel-1-e1769503446179.png","type":"image\/png"}],"twitter_card":"summary_large_image","twitter_misc":{"Dur\u00e9e de lecture estim\u00e9e":"1 minute"},"schema":{"@context":"https:\/\/schema.org","@graph":[{"@type":"WebPage","@id":"https:\/\/gravelart.be\/fr\/product\/regard-dinspection-30-x-30-x-8-cm\/","url":"https:\/\/gravelart.be\/fr\/product\/regard-dinspection-30-x-30-x-8-cm\/","name":"Regard d\u2019inspection - Gravelart","isPartOf":{"@id":"https:\/\/gravelart.be\/fr\/#website"},"primaryImageOfPage":{"@id":"https:\/\/gravelart.be\/fr\/product\/regard-dinspection-30-x-30-x-8-cm\/#primaryimage"},"image":{"@id":"https:\/\/gravelart.be\/fr\/product\/regard-dinspection-30-x-30-x-8-cm\/#primaryimage"},"thumbnailUrl":"https:\/\/gravelart.be\/wp-content\/uploads\/2026\/01\/Ontwerp-zonder-titel-1-e1769503446179.png","datePublished":"2026-01-27T08:35:37+00:00","dateModified":"2026-04-30T01:30:22+00:00","description":"Regard d\u2019inspection pour toiture v\u00e9g\u00e9talis\u00e9e, garantissant un acc\u00e8s facile \u00e0 l\u2019\u00e9vacuation des eaux pluviales pour le contr\u00f4le, le nettoyage et l\u2019entretien.","breadcrumb":{"@id":"https:\/\/gravelart.be\/fr\/product\/regard-dinspection-30-x-30-x-8-cm\/#breadcrumb"},"inLanguage":"fr-FR","potentialAction":[{"@type":"ReadAction","target":["https:\/\/gravelart.be\/fr\/product\/regard-dinspection-30-x-30-x-8-cm\/"]}]},{"@type":"ImageObject","inLanguage":"fr-FR","@id":"https:\/\/gravelart.be\/fr\/product\/regard-dinspection-30-x-30-x-8-cm\/#primaryimage","url":"https:\/\/gravelart.be\/wp-content\/uploads\/2026\/01\/Ontwerp-zonder-titel-1-e1769503446179.png","contentUrl":"https:\/\/gravelart.be\/wp-content\/uploads\/2026\/01\/Ontwerp-zonder-titel-1-e1769503446179.png","width":1000,"height":1000},{"@type":"BreadcrumbList","@id":"https:\/\/gravelart.be\/fr\/product\/regard-dinspection-30-x-30-x-8-cm\/#breadcrumb","itemListElement":[{"@type":"ListItem","position":1,"name":"Home","item":"https:\/\/gravelart.be\/fr\/"},{"@type":"ListItem","position":2,"name":"Produits","item":"https:\/\/gravelart.be\/fr\/boutique\/"},{"@type":"ListItem","position":3,"name":"Regard d\u2019inspection"}]},{"@type":"WebSite","@id":"https:\/\/gravelart.be\/fr\/#website","url":"https:\/\/gravelart.be\/fr\/","name":"Gravelart","description":"Alles voor tuin en park","publisher":{"@id":"https:\/\/gravelart.be\/fr\/#organization"},"potentialAction":[{"@type":"SearchAction","target":{"@type":"EntryPoint","urlTemplate":"https:\/\/gravelart.be\/fr\/?s={search_term_string}"},"query-input":{"@type":"PropertyValueSpecification","valueRequired":true,"valueName":"search_term_string"}}],"inLanguage":"fr-FR"},{"@type":"Organization","@id":"https:\/\/gravelart.be\/fr\/#organization","name":"Gravelart","url":"https:\/\/gravelart.be\/fr\/","logo":{"@type":"ImageObject","inLanguage":"fr-FR","@id":"https:\/\/gravelart.be\/fr\/#\/schema\/logo\/image\/","url":"https:\/\/gravelart.be\/wp-content\/uploads\/2022\/10\/logo-gravelart.png","contentUrl":"https:\/\/gravelart.be\/wp-content\/uploads\/2022\/10\/logo-gravelart.png","width":348,"height":186,"caption":"Gravelart"},"image":{"@id":"https:\/\/gravelart.be\/fr\/#\/schema\/logo\/image\/"}}]}},"_links":{"self":[{"href":"https:\/\/gravelart.be\/fr\/wp-json\/wp\/v2\/product\/54775","targetHints":{"allow":["GET"]}}],"collection":[{"href":"https:\/\/gravelart.be\/fr\/wp-json\/wp\/v2\/product"}],"about":[{"href":"https:\/\/gravelart.be\/fr\/wp-json\/wp\/v2\/types\/product"}],"replies":[{"embeddable":true,"href":"https:\/\/gravelart.be\/fr\/wp-json\/wp\/v2\/comments?post=54775"}],"wp:featuredmedia":[{"embeddable":true,"href":"https:\/\/gravelart.be\/fr\/wp-json\/wp\/v2\/media\/54780"}],"wp:attachment":[{"href":"https:\/\/gravelart.be\/fr\/wp-json\/wp\/v2\/media?parent=54775"}],"wp:term":[{"taxonomy":"product_brand","embeddable":true,"href":"https:\/\/gravelart.be\/fr\/wp-json\/wp\/v2\/product_brand?post=54775"},{"taxonomy":"product_cat","embeddable":true,"href":"https:\/\/gravelart.be\/fr\/wp-json\/wp\/v2\/product_cat?post=54775"},{"taxonomy":"product_tag","embeddable":true,"href":"https:\/\/gravelart.be\/fr\/wp-json\/wp\/v2\/product_tag?post=54775"}],"curies":[{"name":"wp","href":"https:\/\/api.w.org\/{rel}","templated":true}]}}