{"id":55103,"date":"2026-01-27T16:11:01","date_gmt":"2026-01-27T15:11:01","guid":{"rendered":"https:\/\/gravelart.be\/?post_type=product&#038;p=55103"},"modified":"2026-04-30T03:20:32","modified_gmt":"2026-04-30T01:20:32","slug":"cassette-de-sedum-vide","status":"publish","type":"product","link":"https:\/\/gravelart.be\/fr\/product\/cassette-de-sedum-vide\/","title":{"rendered":"Cassette de sedum vide"},"content":{"rendered":"","protected":false},"excerpt":{"rendered":"<p data-start=\"0\" data-end=\"326\">Les cassettes de sedum non remplies sont id\u00e9ales pour les petits projets de jardins de toiture. Vous pouvez \u00e9ventuellement les remplir vous-m\u00eame avec notre substrat pour toitures v\u00e9g\u00e9talis\u00e9es (<strong data-start=\"222\" data-end=\"245\">CREAroof by VIVAMIX<\/strong>) et y m\u00e9langer un m\u00e9lange de fleurs sauvages, ou d\u2019autres semences ou plantes.<\/p>\n<p data-start=\"328\" data-end=\"536\">Les cassettes de sedum ont comme grand avantage d\u2019\u00eatre faciles et rapides \u00e0 installer. Elles peuvent \u00e9galement \u00eatre retir\u00e9es tout aussi facilement et rapidement si une r\u00e9paration de la toiture est n\u00e9cessaire.<\/p>\n<p data-start=\"538\" data-end=\"618\"><strong data-start=\"538\" data-end=\"554\">Dimensions :<\/strong><br data-start=\"554\" data-end=\"557\" \/>45 cm x 49,5 cm x 8,5 cm (L x l x h)<br data-start=\"593\" data-end=\"596\" \/>4,4 cassettes \/ m\u00b2<\/p>\n","protected":false},"featured_media":55106,"comment_status":"open","ping_status":"closed","template":"","meta":{"_acf_changed":false,"inline_featured_image":false},"product_brand":[],"product_cat":[4152],"product_tag":[],"class_list":{"0":"post-55103","1":"product","2":"type-product","3":"status-publish","4":"has-post-thumbnail","6":"product_cat-toitures-vertes","8":"first","9":"instock","10":"taxable","11":"shipping-taxable","12":"purchasable","13":"product-type-variable","14":"has-default-attributes"},"acf":{"woocommerce_erp_id":"18464","woocommerce_cnk_id":"105124","product_density":4.4,"custom_prices":[{"variation_id":"55104","customer_group":"DISTRI","customer_id":"","min_qty":1,"max_qty":439,"steps":0.01,"price":4.95,"price_incl":5.99,"delivery_group":"DELIVERY","warehouse_id":"L"},{"variation_id":"55104","customer_group":"DISTRI","customer_id":"","min_qty":1,"max_qty":439,"steps":0.01,"price":4.95,"price_incl":5.99,"delivery_group":"COLLECT","warehouse_id":"L"},{"variation_id":"55104","customer_group":"DISTRI","customer_id":"","min_qty":440,"max_qty":9999999,"steps":0.01,"price":4.83,"price_incl":5.84,"delivery_group":"COLLECT","warehouse_id":"L"},{"variation_id":"55104","customer_group":"DISTRI","customer_id":"","min_qty":440,"max_qty":9999999,"steps":0.01,"price":4.83,"price_incl":5.84,"delivery_group":"DELIVERY","warehouse_id":"L"},{"variation_id":"55104","customer_group":"CON","customer_id":"","min_qty":1,"max_qty":439,"steps":0.01,"price":5.7,"price_incl":6.9,"delivery_group":"DELIVERY","warehouse_id":"L"},{"variation_id":"55104","customer_group":"CON","customer_id":"","min_qty":1,"max_qty":439,"steps":0.01,"price":5.7,"price_incl":6.9,"delivery_group":"COLLECT","warehouse_id":"L"},{"variation_id":"55104","customer_group":"CON","customer_id":"","min_qty":440,"max_qty":9999999,"steps":0.01,"price":5.51,"price_incl":6.67,"delivery_group":"COLLECT","warehouse_id":"L"},{"variation_id":"55104","customer_group":"CON","customer_id":"","min_qty":440,"max_qty":9999999,"steps":0.01,"price":5.51,"price_incl":6.67,"delivery_group":"DELIVERY","warehouse_id":"L"},{"variation_id":"55104","customer_group":"PRO","customer_id":"","min_qty":1,"max_qty":439,"steps":0.01,"price":5.06,"price_incl":6.12,"delivery_group":"DELIVERY","warehouse_id":"L"},{"variation_id":"55104","customer_group":"PRO","customer_id":"","min_qty":1,"max_qty":439,"steps":0.01,"price":5.06,"price_incl":6.12,"delivery_group":"COLLECT","warehouse_id":"L"},{"variation_id":"55104","customer_group":"PRO","customer_id":"","min_qty":440,"max_qty":9999999,"steps":0.01,"price":4.95,"price_incl":5.99,"delivery_group":"COLLECT","warehouse_id":"L"},{"variation_id":"55104","customer_group":"PRO","customer_id":"","min_qty":440,"max_qty":9999999,"steps":0.01,"price":4.95,"price_incl":5.99,"delivery_group":"DELIVERY","warehouse_id":"L"}],"packaging_ids":[{"packaging_name":"Pi\u00e8ce","packaging_id":"73","erp_id":"18464"}]},"yoast_head":"<!-- This site is optimized with the Yoast SEO plugin v27.3 - https:\/\/yoast.com\/product\/yoast-seo-wordpress\/ -->\n<title>Cassette de sedum vide - Gravelart<\/title>\n<meta name=\"description\" content=\"Cassette de sedum vide, id\u00e9ale pour les petits projets de toiture v\u00e9g\u00e9talis\u00e9e. Facile \u00e0 remplir, \u00e0 poser et \u00e0 retirer en cas de travaux sur la toiture.\" \/>\n<meta name=\"robots\" content=\"index, follow, max-snippet:-1, max-image-preview:large, max-video-preview:-1\" \/>\n<link rel=\"canonical\" href=\"https:\/\/gravelart.be\/fr\/product\/cassette-de-sedum-vide\/\" \/>\n<meta property=\"og:locale\" content=\"fr_FR\" \/>\n<meta property=\"og:type\" content=\"article\" \/>\n<meta property=\"og:title\" content=\"Cassette de sedum vide - Gravelart\" \/>\n<meta property=\"og:description\" content=\"Cassette de sedum vide, id\u00e9ale pour les petits projets de toiture v\u00e9g\u00e9talis\u00e9e. Facile \u00e0 remplir, \u00e0 poser et \u00e0 retirer en cas de travaux sur la toiture.\" \/>\n<meta property=\"og:url\" content=\"https:\/\/gravelart.be\/fr\/product\/cassette-de-sedum-vide\/\" \/>\n<meta property=\"og:site_name\" content=\"Gravelart\" \/>\n<meta property=\"article:modified_time\" content=\"2026-04-30T01:20:32+00:00\" \/>\n<meta property=\"og:image\" content=\"https:\/\/gravelart.be\/wp-content\/uploads\/2026\/01\/Sedumcassette-Leeg.jpg\" \/>\n\t<meta property=\"og:image:width\" content=\"600\" \/>\n\t<meta property=\"og:image:height\" content=\"399\" \/>\n\t<meta property=\"og:image:type\" content=\"image\/jpeg\" \/>\n<meta name=\"twitter:card\" content=\"summary_large_image\" \/>\n<meta name=\"twitter:label1\" content=\"Dur\u00e9e de lecture estim\u00e9e\" \/>\n\t<meta name=\"twitter:data1\" content=\"1 minute\" \/>\n<script type=\"application\/ld+json\" class=\"yoast-schema-graph\">{\"@context\":\"https:\\\/\\\/schema.org\",\"@graph\":[{\"@type\":\"WebPage\",\"@id\":\"https:\\\/\\\/gravelart.be\\\/fr\\\/product\\\/cassette-de-sedum-vide\\\/\",\"url\":\"https:\\\/\\\/gravelart.be\\\/fr\\\/product\\\/cassette-de-sedum-vide\\\/\",\"name\":\"Cassette de sedum vide - Gravelart\",\"isPartOf\":{\"@id\":\"https:\\\/\\\/gravelart.be\\\/fr\\\/#website\"},\"primaryImageOfPage\":{\"@id\":\"https:\\\/\\\/gravelart.be\\\/fr\\\/product\\\/cassette-de-sedum-vide\\\/#primaryimage\"},\"image\":{\"@id\":\"https:\\\/\\\/gravelart.be\\\/fr\\\/product\\\/cassette-de-sedum-vide\\\/#primaryimage\"},\"thumbnailUrl\":\"https:\\\/\\\/gravelart.be\\\/wp-content\\\/uploads\\\/2026\\\/01\\\/Sedumcassette-Leeg.jpg\",\"datePublished\":\"2026-01-27T15:11:01+00:00\",\"dateModified\":\"2026-04-30T01:20:32+00:00\",\"description\":\"Cassette de sedum vide, id\u00e9ale pour les petits projets de toiture v\u00e9g\u00e9talis\u00e9e. Facile \u00e0 remplir, \u00e0 poser et \u00e0 retirer en cas de travaux sur la toiture.\",\"breadcrumb\":{\"@id\":\"https:\\\/\\\/gravelart.be\\\/fr\\\/product\\\/cassette-de-sedum-vide\\\/#breadcrumb\"},\"inLanguage\":\"fr-FR\",\"potentialAction\":[{\"@type\":\"ReadAction\",\"target\":[\"https:\\\/\\\/gravelart.be\\\/fr\\\/product\\\/cassette-de-sedum-vide\\\/\"]}]},{\"@type\":\"ImageObject\",\"inLanguage\":\"fr-FR\",\"@id\":\"https:\\\/\\\/gravelart.be\\\/fr\\\/product\\\/cassette-de-sedum-vide\\\/#primaryimage\",\"url\":\"https:\\\/\\\/gravelart.be\\\/wp-content\\\/uploads\\\/2026\\\/01\\\/Sedumcassette-Leeg.jpg\",\"contentUrl\":\"https:\\\/\\\/gravelart.be\\\/wp-content\\\/uploads\\\/2026\\\/01\\\/Sedumcassette-Leeg.jpg\",\"width\":600,\"height\":399},{\"@type\":\"BreadcrumbList\",\"@id\":\"https:\\\/\\\/gravelart.be\\\/fr\\\/product\\\/cassette-de-sedum-vide\\\/#breadcrumb\",\"itemListElement\":[{\"@type\":\"ListItem\",\"position\":1,\"name\":\"Home\",\"item\":\"https:\\\/\\\/gravelart.be\\\/fr\\\/\"},{\"@type\":\"ListItem\",\"position\":2,\"name\":\"Produits\",\"item\":\"https:\\\/\\\/gravelart.be\\\/fr\\\/boutique\\\/\"},{\"@type\":\"ListItem\",\"position\":3,\"name\":\"Cassette de sedum vide\"}]},{\"@type\":\"WebSite\",\"@id\":\"https:\\\/\\\/gravelart.be\\\/fr\\\/#website\",\"url\":\"https:\\\/\\\/gravelart.be\\\/fr\\\/\",\"name\":\"Gravelart\",\"description\":\"Alles voor tuin en park\",\"publisher\":{\"@id\":\"https:\\\/\\\/gravelart.be\\\/fr\\\/#organization\"},\"potentialAction\":[{\"@type\":\"SearchAction\",\"target\":{\"@type\":\"EntryPoint\",\"urlTemplate\":\"https:\\\/\\\/gravelart.be\\\/fr\\\/?s={search_term_string}\"},\"query-input\":{\"@type\":\"PropertyValueSpecification\",\"valueRequired\":true,\"valueName\":\"search_term_string\"}}],\"inLanguage\":\"fr-FR\"},{\"@type\":\"Organization\",\"@id\":\"https:\\\/\\\/gravelart.be\\\/fr\\\/#organization\",\"name\":\"Gravelart\",\"url\":\"https:\\\/\\\/gravelart.be\\\/fr\\\/\",\"logo\":{\"@type\":\"ImageObject\",\"inLanguage\":\"fr-FR\",\"@id\":\"https:\\\/\\\/gravelart.be\\\/fr\\\/#\\\/schema\\\/logo\\\/image\\\/\",\"url\":\"https:\\\/\\\/gravelart.be\\\/wp-content\\\/uploads\\\/2022\\\/10\\\/logo-gravelart.png\",\"contentUrl\":\"https:\\\/\\\/gravelart.be\\\/wp-content\\\/uploads\\\/2022\\\/10\\\/logo-gravelart.png\",\"width\":348,\"height\":186,\"caption\":\"Gravelart\"},\"image\":{\"@id\":\"https:\\\/\\\/gravelart.be\\\/fr\\\/#\\\/schema\\\/logo\\\/image\\\/\"}}]}<\/script>\n<!-- \/ Yoast SEO plugin. -->","yoast_head_json":{"title":"Cassette de sedum vide - Gravelart","description":"Cassette de sedum vide, id\u00e9ale pour les petits projets de toiture v\u00e9g\u00e9talis\u00e9e. Facile \u00e0 remplir, \u00e0 poser et \u00e0 retirer en cas de travaux sur la toiture.","robots":{"index":"index","follow":"follow","max-snippet":"max-snippet:-1","max-image-preview":"max-image-preview:large","max-video-preview":"max-video-preview:-1"},"canonical":"https:\/\/gravelart.be\/fr\/product\/cassette-de-sedum-vide\/","og_locale":"fr_FR","og_type":"article","og_title":"Cassette de sedum vide - Gravelart","og_description":"Cassette de sedum vide, id\u00e9ale pour les petits projets de toiture v\u00e9g\u00e9talis\u00e9e. Facile \u00e0 remplir, \u00e0 poser et \u00e0 retirer en cas de travaux sur la toiture.","og_url":"https:\/\/gravelart.be\/fr\/product\/cassette-de-sedum-vide\/","og_site_name":"Gravelart","article_modified_time":"2026-04-30T01:20:32+00:00","og_image":[{"width":600,"height":399,"url":"https:\/\/gravelart.be\/wp-content\/uploads\/2026\/01\/Sedumcassette-Leeg.jpg","type":"image\/jpeg"}],"twitter_card":"summary_large_image","twitter_misc":{"Dur\u00e9e de lecture estim\u00e9e":"1 minute"},"schema":{"@context":"https:\/\/schema.org","@graph":[{"@type":"WebPage","@id":"https:\/\/gravelart.be\/fr\/product\/cassette-de-sedum-vide\/","url":"https:\/\/gravelart.be\/fr\/product\/cassette-de-sedum-vide\/","name":"Cassette de sedum vide - Gravelart","isPartOf":{"@id":"https:\/\/gravelart.be\/fr\/#website"},"primaryImageOfPage":{"@id":"https:\/\/gravelart.be\/fr\/product\/cassette-de-sedum-vide\/#primaryimage"},"image":{"@id":"https:\/\/gravelart.be\/fr\/product\/cassette-de-sedum-vide\/#primaryimage"},"thumbnailUrl":"https:\/\/gravelart.be\/wp-content\/uploads\/2026\/01\/Sedumcassette-Leeg.jpg","datePublished":"2026-01-27T15:11:01+00:00","dateModified":"2026-04-30T01:20:32+00:00","description":"Cassette de sedum vide, id\u00e9ale pour les petits projets de toiture v\u00e9g\u00e9talis\u00e9e. Facile \u00e0 remplir, \u00e0 poser et \u00e0 retirer en cas de travaux sur la toiture.","breadcrumb":{"@id":"https:\/\/gravelart.be\/fr\/product\/cassette-de-sedum-vide\/#breadcrumb"},"inLanguage":"fr-FR","potentialAction":[{"@type":"ReadAction","target":["https:\/\/gravelart.be\/fr\/product\/cassette-de-sedum-vide\/"]}]},{"@type":"ImageObject","inLanguage":"fr-FR","@id":"https:\/\/gravelart.be\/fr\/product\/cassette-de-sedum-vide\/#primaryimage","url":"https:\/\/gravelart.be\/wp-content\/uploads\/2026\/01\/Sedumcassette-Leeg.jpg","contentUrl":"https:\/\/gravelart.be\/wp-content\/uploads\/2026\/01\/Sedumcassette-Leeg.jpg","width":600,"height":399},{"@type":"BreadcrumbList","@id":"https:\/\/gravelart.be\/fr\/product\/cassette-de-sedum-vide\/#breadcrumb","itemListElement":[{"@type":"ListItem","position":1,"name":"Home","item":"https:\/\/gravelart.be\/fr\/"},{"@type":"ListItem","position":2,"name":"Produits","item":"https:\/\/gravelart.be\/fr\/boutique\/"},{"@type":"ListItem","position":3,"name":"Cassette de sedum vide"}]},{"@type":"WebSite","@id":"https:\/\/gravelart.be\/fr\/#website","url":"https:\/\/gravelart.be\/fr\/","name":"Gravelart","description":"Alles voor tuin en park","publisher":{"@id":"https:\/\/gravelart.be\/fr\/#organization"},"potentialAction":[{"@type":"SearchAction","target":{"@type":"EntryPoint","urlTemplate":"https:\/\/gravelart.be\/fr\/?s={search_term_string}"},"query-input":{"@type":"PropertyValueSpecification","valueRequired":true,"valueName":"search_term_string"}}],"inLanguage":"fr-FR"},{"@type":"Organization","@id":"https:\/\/gravelart.be\/fr\/#organization","name":"Gravelart","url":"https:\/\/gravelart.be\/fr\/","logo":{"@type":"ImageObject","inLanguage":"fr-FR","@id":"https:\/\/gravelart.be\/fr\/#\/schema\/logo\/image\/","url":"https:\/\/gravelart.be\/wp-content\/uploads\/2022\/10\/logo-gravelart.png","contentUrl":"https:\/\/gravelart.be\/wp-content\/uploads\/2022\/10\/logo-gravelart.png","width":348,"height":186,"caption":"Gravelart"},"image":{"@id":"https:\/\/gravelart.be\/fr\/#\/schema\/logo\/image\/"}}]}},"_links":{"self":[{"href":"https:\/\/gravelart.be\/fr\/wp-json\/wp\/v2\/product\/55103","targetHints":{"allow":["GET"]}}],"collection":[{"href":"https:\/\/gravelart.be\/fr\/wp-json\/wp\/v2\/product"}],"about":[{"href":"https:\/\/gravelart.be\/fr\/wp-json\/wp\/v2\/types\/product"}],"replies":[{"embeddable":true,"href":"https:\/\/gravelart.be\/fr\/wp-json\/wp\/v2\/comments?post=55103"}],"wp:featuredmedia":[{"embeddable":true,"href":"https:\/\/gravelart.be\/fr\/wp-json\/wp\/v2\/media\/55106"}],"wp:attachment":[{"href":"https:\/\/gravelart.be\/fr\/wp-json\/wp\/v2\/media?parent=55103"}],"wp:term":[{"taxonomy":"product_brand","embeddable":true,"href":"https:\/\/gravelart.be\/fr\/wp-json\/wp\/v2\/product_brand?post=55103"},{"taxonomy":"product_cat","embeddable":true,"href":"https:\/\/gravelart.be\/fr\/wp-json\/wp\/v2\/product_cat?post=55103"},{"taxonomy":"product_tag","embeddable":true,"href":"https:\/\/gravelart.be\/fr\/wp-json\/wp\/v2\/product_tag?post=55103"}],"curies":[{"name":"wp","href":"https:\/\/api.w.org\/{rel}","templated":true}]}}