{"id":55186,"date":"2026-01-28T09:07:56","date_gmt":"2026-01-28T08:07:56","guid":{"rendered":"https:\/\/gravelart.be\/?post_type=product&#038;p=55186"},"modified":"2026-04-14T03:20:16","modified_gmt":"2026-04-14T01:20:16","slug":"pinus-sylvestris-0-15","status":"publish","type":"product","link":"https:\/\/gravelart.be\/fr\/product\/pinus-sylvestris-0-15\/","title":{"rendered":"Pinus Sylvestris 0\/15"},"content":{"rendered":"","protected":false},"excerpt":{"rendered":"<p data-start=\"0\" data-end=\"171\">Le <strong data-start=\"3\" data-end=\"28\">Pinus Sylvestris 0\/15<\/strong> est une \u00e9corce d\u00e9corative de couleur brun clair. Cette \u00e9corce a une dur\u00e9e de vie de 4 \u00e0 6 ans et convient \u00e0 diverses applications au jardin.<\/p>\n<p data-start=\"173\" data-end=\"397\" data-is-last-node=\"\" data-is-only-node=\"\">Gr\u00e2ce \u00e0 ses propri\u00e9t\u00e9s r\u00e9gulatrices d\u2019humidit\u00e9, elle aide \u00e0 maintenir le sol humide, \u00e0 pr\u00e9venir l\u2019\u00e9rosion et \u00e0 limiter la croissance des mauvaises herbes. Pour un r\u00e9sultat optimal, une \u00e9paisseur de 8 \u00e0 10 cm est recommand\u00e9e.<\/p>\n","protected":false},"featured_media":55208,"comment_status":"open","ping_status":"closed","template":"","meta":{"_acf_changed":false,"inline_featured_image":false},"product_brand":[],"product_cat":[4160],"product_tag":[],"class_list":{"0":"post-55186","1":"product","2":"type-product","3":"status-publish","4":"has-post-thumbnail","6":"product_cat-couverture-de-sol","8":"first","9":"instock","10":"taxable","11":"shipping-taxable","12":"purchasable","13":"product-type-variable","14":"has-default-attributes"},"acf":{"woocommerce_erp_id":"18920","woocommerce_cnk_id":"105580","product_density":0.52,"custom_prices":[{"variation_id":"0","customer_group":"PRO","customer_id":"","min_qty":1,"max_qty":9999999,"steps":0.01,"price":43.5,"price_incl":46.11,"delivery_group":"COLLECT","warehouse_id":"L"},{"variation_id":"0","customer_group":"PRO","customer_id":"","min_qty":1,"max_qty":9999999,"steps":0.01,"price":43.5,"price_incl":46.11,"delivery_group":"DELIVERY","warehouse_id":""},{"variation_id":"0","customer_group":"DISTRI","customer_id":"","min_qty":1,"max_qty":9999999,"steps":0.01,"price":41.5,"price_incl":43.99,"delivery_group":"COLLECT","warehouse_id":"L"},{"variation_id":"0","customer_group":"DISTRI","customer_id":"","min_qty":1,"max_qty":9999999,"steps":0.01,"price":41.5,"price_incl":43.99,"delivery_group":"DELIVERY","warehouse_id":"L"},{"variation_id":"0","customer_group":"CON","customer_id":"","min_qty":1,"max_qty":9999999,"steps":0.01,"price":60,"price_incl":63.6,"delivery_group":"COLLECT","warehouse_id":"L"},{"variation_id":"0","customer_group":"CON","customer_id":"","min_qty":1,"max_qty":9999999,"steps":0.01,"price":60,"price_incl":63.6,"delivery_group":"DELIVERY","warehouse_id":"L"},{"variation_id":"0","customer_group":"CON","customer_id":"129214","min_qty":1,"max_qty":9999999,"steps":0.01,"price":38.07,"price_incl":40.35,"delivery_group":"COLLECT","warehouse_id":"L"},{"variation_id":"0","customer_group":"CON","customer_id":"129214","min_qty":1,"max_qty":9999999,"steps":0.01,"price":38.07,"price_incl":40.35,"delivery_group":"DELIVERY","warehouse_id":"L"},{"variation_id":"55188","customer_group":"PRO","customer_id":"","min_qty":1,"max_qty":9999999,"steps":1,"price":58.5,"price_incl":62.01,"delivery_group":"COLLECT","warehouse_id":"L"},{"variation_id":"55188","customer_group":"PRO","customer_id":"","min_qty":1,"max_qty":9999999,"steps":1,"price":58.5,"price_incl":62.01,"delivery_group":"DELIVERY","warehouse_id":"L"},{"variation_id":"55188","customer_group":"DISTRI","customer_id":"","min_qty":1,"max_qty":9999999,"steps":1,"price":56.5,"price_incl":59.89,"delivery_group":"DELIVERY","warehouse_id":"L"},{"variation_id":"55188","customer_group":"DISTRI","customer_id":"","min_qty":1,"max_qty":9999999,"steps":1,"price":56.5,"price_incl":59.89,"delivery_group":"COLLECT","warehouse_id":"L"},{"variation_id":"55188","customer_group":"DISTRI","customer_id":"129214","min_qty":1,"max_qty":9999999,"steps":1,"price":53.07,"price_incl":56.25,"delivery_group":"COLLECT","warehouse_id":"L"},{"variation_id":"55188","customer_group":"DISTRI","customer_id":"129214","min_qty":1,"max_qty":9999999,"steps":1,"price":53.07,"price_incl":56.25,"delivery_group":"DELIVERY","warehouse_id":"L"},{"variation_id":"55188","customer_group":"CON","customer_id":"","min_qty":1,"max_qty":9999999,"steps":1,"price":83.58,"price_incl":88.59,"delivery_group":"COLLECT","warehouse_id":"L"},{"variation_id":"55188","customer_group":"CON","customer_id":"","min_qty":1,"max_qty":9999999,"steps":1,"price":83.58,"price_incl":88.59,"delivery_group":"DELIVERY","warehouse_id":"L"}],"packaging_ids":[{"packaging_name":"m\u00b3","packaging_id":"4166","erp_id":"18920"},{"packaging_name":"Big bag 1 m\u00b3","packaging_id":"98","erp_id":"18922"}]},"yoast_head":"<!-- This site is optimized with the Yoast SEO plugin v27.3 - https:\/\/yoast.com\/product\/yoast-seo-wordpress\/ -->\n<title>Pinus Sylvestris 0\/15 - Gravelart<\/title>\n<meta name=\"description\" content=\"Pinus Sylvestris 0\/15 est une \u00e9corce d\u00e9corative brun clair. Elle maintient le sol humide et limite l\u2019\u00e9rosion ainsi que les mauvaises herbes.\" \/>\n<meta name=\"robots\" content=\"index, follow, max-snippet:-1, max-image-preview:large, max-video-preview:-1\" \/>\n<link rel=\"canonical\" href=\"https:\/\/gravelart.be\/fr\/product\/pinus-sylvestris-0-15\/\" \/>\n<meta property=\"og:locale\" content=\"fr_FR\" \/>\n<meta property=\"og:type\" content=\"article\" \/>\n<meta property=\"og:title\" content=\"Pinus Sylvestris 0\/15 - Gravelart\" \/>\n<meta property=\"og:description\" content=\"Pinus Sylvestris 0\/15 est une \u00e9corce d\u00e9corative brun clair. Elle maintient le sol humide et limite l\u2019\u00e9rosion ainsi que les mauvaises herbes.\" \/>\n<meta property=\"og:url\" content=\"https:\/\/gravelart.be\/fr\/product\/pinus-sylvestris-0-15\/\" \/>\n<meta property=\"og:site_name\" content=\"Gravelart\" \/>\n<meta property=\"article:modified_time\" content=\"2026-04-14T01:20:16+00:00\" \/>\n<meta property=\"og:image\" content=\"https:\/\/gravelart.be\/wp-content\/uploads\/2026\/01\/Pinus-Sylvestris-015.png\" \/>\n\t<meta property=\"og:image:width\" content=\"1000\" \/>\n\t<meta property=\"og:image:height\" content=\"1000\" \/>\n\t<meta property=\"og:image:type\" content=\"image\/png\" \/>\n<meta name=\"twitter:card\" content=\"summary_large_image\" \/>\n<meta name=\"twitter:label1\" content=\"Dur\u00e9e de lecture estim\u00e9e\" \/>\n\t<meta name=\"twitter:data1\" content=\"1 minute\" \/>\n<script type=\"application\/ld+json\" class=\"yoast-schema-graph\">{\"@context\":\"https:\\\/\\\/schema.org\",\"@graph\":[{\"@type\":\"WebPage\",\"@id\":\"https:\\\/\\\/gravelart.be\\\/fr\\\/product\\\/pinus-sylvestris-0-15\\\/\",\"url\":\"https:\\\/\\\/gravelart.be\\\/fr\\\/product\\\/pinus-sylvestris-0-15\\\/\",\"name\":\"Pinus Sylvestris 0\\\/15 - Gravelart\",\"isPartOf\":{\"@id\":\"https:\\\/\\\/gravelart.be\\\/fr\\\/#website\"},\"primaryImageOfPage\":{\"@id\":\"https:\\\/\\\/gravelart.be\\\/fr\\\/product\\\/pinus-sylvestris-0-15\\\/#primaryimage\"},\"image\":{\"@id\":\"https:\\\/\\\/gravelart.be\\\/fr\\\/product\\\/pinus-sylvestris-0-15\\\/#primaryimage\"},\"thumbnailUrl\":\"https:\\\/\\\/gravelart.be\\\/wp-content\\\/uploads\\\/2026\\\/01\\\/Pinus-Sylvestris-015.png\",\"datePublished\":\"2026-01-28T08:07:56+00:00\",\"dateModified\":\"2026-04-14T01:20:16+00:00\",\"description\":\"Pinus Sylvestris 0\\\/15 est une \u00e9corce d\u00e9corative brun clair. Elle maintient le sol humide et limite l\u2019\u00e9rosion ainsi que les mauvaises herbes.\",\"breadcrumb\":{\"@id\":\"https:\\\/\\\/gravelart.be\\\/fr\\\/product\\\/pinus-sylvestris-0-15\\\/#breadcrumb\"},\"inLanguage\":\"fr-FR\",\"potentialAction\":[{\"@type\":\"ReadAction\",\"target\":[\"https:\\\/\\\/gravelart.be\\\/fr\\\/product\\\/pinus-sylvestris-0-15\\\/\"]}]},{\"@type\":\"ImageObject\",\"inLanguage\":\"fr-FR\",\"@id\":\"https:\\\/\\\/gravelart.be\\\/fr\\\/product\\\/pinus-sylvestris-0-15\\\/#primaryimage\",\"url\":\"https:\\\/\\\/gravelart.be\\\/wp-content\\\/uploads\\\/2026\\\/01\\\/Pinus-Sylvestris-015.png\",\"contentUrl\":\"https:\\\/\\\/gravelart.be\\\/wp-content\\\/uploads\\\/2026\\\/01\\\/Pinus-Sylvestris-015.png\",\"width\":1000,\"height\":1000},{\"@type\":\"BreadcrumbList\",\"@id\":\"https:\\\/\\\/gravelart.be\\\/fr\\\/product\\\/pinus-sylvestris-0-15\\\/#breadcrumb\",\"itemListElement\":[{\"@type\":\"ListItem\",\"position\":1,\"name\":\"Home\",\"item\":\"https:\\\/\\\/gravelart.be\\\/fr\\\/\"},{\"@type\":\"ListItem\",\"position\":2,\"name\":\"Produits\",\"item\":\"https:\\\/\\\/gravelart.be\\\/fr\\\/boutique\\\/\"},{\"@type\":\"ListItem\",\"position\":3,\"name\":\"Pinus Sylvestris 0\\\/15\"}]},{\"@type\":\"WebSite\",\"@id\":\"https:\\\/\\\/gravelart.be\\\/fr\\\/#website\",\"url\":\"https:\\\/\\\/gravelart.be\\\/fr\\\/\",\"name\":\"Gravelart\",\"description\":\"Alles voor tuin en park\",\"publisher\":{\"@id\":\"https:\\\/\\\/gravelart.be\\\/fr\\\/#organization\"},\"potentialAction\":[{\"@type\":\"SearchAction\",\"target\":{\"@type\":\"EntryPoint\",\"urlTemplate\":\"https:\\\/\\\/gravelart.be\\\/fr\\\/?s={search_term_string}\"},\"query-input\":{\"@type\":\"PropertyValueSpecification\",\"valueRequired\":true,\"valueName\":\"search_term_string\"}}],\"inLanguage\":\"fr-FR\"},{\"@type\":\"Organization\",\"@id\":\"https:\\\/\\\/gravelart.be\\\/fr\\\/#organization\",\"name\":\"Gravelart\",\"url\":\"https:\\\/\\\/gravelart.be\\\/fr\\\/\",\"logo\":{\"@type\":\"ImageObject\",\"inLanguage\":\"fr-FR\",\"@id\":\"https:\\\/\\\/gravelart.be\\\/fr\\\/#\\\/schema\\\/logo\\\/image\\\/\",\"url\":\"https:\\\/\\\/gravelart.be\\\/wp-content\\\/uploads\\\/2022\\\/10\\\/logo-gravelart.png\",\"contentUrl\":\"https:\\\/\\\/gravelart.be\\\/wp-content\\\/uploads\\\/2022\\\/10\\\/logo-gravelart.png\",\"width\":348,\"height\":186,\"caption\":\"Gravelart\"},\"image\":{\"@id\":\"https:\\\/\\\/gravelart.be\\\/fr\\\/#\\\/schema\\\/logo\\\/image\\\/\"}}]}<\/script>\n<!-- \/ Yoast SEO plugin. -->","yoast_head_json":{"title":"Pinus Sylvestris 0\/15 - Gravelart","description":"Pinus Sylvestris 0\/15 est une \u00e9corce d\u00e9corative brun clair. Elle maintient le sol humide et limite l\u2019\u00e9rosion ainsi que les mauvaises herbes.","robots":{"index":"index","follow":"follow","max-snippet":"max-snippet:-1","max-image-preview":"max-image-preview:large","max-video-preview":"max-video-preview:-1"},"canonical":"https:\/\/gravelart.be\/fr\/product\/pinus-sylvestris-0-15\/","og_locale":"fr_FR","og_type":"article","og_title":"Pinus Sylvestris 0\/15 - Gravelart","og_description":"Pinus Sylvestris 0\/15 est une \u00e9corce d\u00e9corative brun clair. Elle maintient le sol humide et limite l\u2019\u00e9rosion ainsi que les mauvaises herbes.","og_url":"https:\/\/gravelart.be\/fr\/product\/pinus-sylvestris-0-15\/","og_site_name":"Gravelart","article_modified_time":"2026-04-14T01:20:16+00:00","og_image":[{"url":"https:\/\/gravelart.be\/wp-content\/uploads\/2026\/01\/Pinus-Sylvestris-015.png","width":1000,"height":1000,"type":"image\/png"}],"twitter_card":"summary_large_image","twitter_misc":{"Dur\u00e9e de lecture estim\u00e9e":"1 minute"},"schema":{"@context":"https:\/\/schema.org","@graph":[{"@type":"WebPage","@id":"https:\/\/gravelart.be\/fr\/product\/pinus-sylvestris-0-15\/","url":"https:\/\/gravelart.be\/fr\/product\/pinus-sylvestris-0-15\/","name":"Pinus Sylvestris 0\/15 - Gravelart","isPartOf":{"@id":"https:\/\/gravelart.be\/fr\/#website"},"primaryImageOfPage":{"@id":"https:\/\/gravelart.be\/fr\/product\/pinus-sylvestris-0-15\/#primaryimage"},"image":{"@id":"https:\/\/gravelart.be\/fr\/product\/pinus-sylvestris-0-15\/#primaryimage"},"thumbnailUrl":"https:\/\/gravelart.be\/wp-content\/uploads\/2026\/01\/Pinus-Sylvestris-015.png","datePublished":"2026-01-28T08:07:56+00:00","dateModified":"2026-04-14T01:20:16+00:00","description":"Pinus Sylvestris 0\/15 est une \u00e9corce d\u00e9corative brun clair. Elle maintient le sol humide et limite l\u2019\u00e9rosion ainsi que les mauvaises herbes.","breadcrumb":{"@id":"https:\/\/gravelart.be\/fr\/product\/pinus-sylvestris-0-15\/#breadcrumb"},"inLanguage":"fr-FR","potentialAction":[{"@type":"ReadAction","target":["https:\/\/gravelart.be\/fr\/product\/pinus-sylvestris-0-15\/"]}]},{"@type":"ImageObject","inLanguage":"fr-FR","@id":"https:\/\/gravelart.be\/fr\/product\/pinus-sylvestris-0-15\/#primaryimage","url":"https:\/\/gravelart.be\/wp-content\/uploads\/2026\/01\/Pinus-Sylvestris-015.png","contentUrl":"https:\/\/gravelart.be\/wp-content\/uploads\/2026\/01\/Pinus-Sylvestris-015.png","width":1000,"height":1000},{"@type":"BreadcrumbList","@id":"https:\/\/gravelart.be\/fr\/product\/pinus-sylvestris-0-15\/#breadcrumb","itemListElement":[{"@type":"ListItem","position":1,"name":"Home","item":"https:\/\/gravelart.be\/fr\/"},{"@type":"ListItem","position":2,"name":"Produits","item":"https:\/\/gravelart.be\/fr\/boutique\/"},{"@type":"ListItem","position":3,"name":"Pinus Sylvestris 0\/15"}]},{"@type":"WebSite","@id":"https:\/\/gravelart.be\/fr\/#website","url":"https:\/\/gravelart.be\/fr\/","name":"Gravelart","description":"Alles voor tuin en park","publisher":{"@id":"https:\/\/gravelart.be\/fr\/#organization"},"potentialAction":[{"@type":"SearchAction","target":{"@type":"EntryPoint","urlTemplate":"https:\/\/gravelart.be\/fr\/?s={search_term_string}"},"query-input":{"@type":"PropertyValueSpecification","valueRequired":true,"valueName":"search_term_string"}}],"inLanguage":"fr-FR"},{"@type":"Organization","@id":"https:\/\/gravelart.be\/fr\/#organization","name":"Gravelart","url":"https:\/\/gravelart.be\/fr\/","logo":{"@type":"ImageObject","inLanguage":"fr-FR","@id":"https:\/\/gravelart.be\/fr\/#\/schema\/logo\/image\/","url":"https:\/\/gravelart.be\/wp-content\/uploads\/2022\/10\/logo-gravelart.png","contentUrl":"https:\/\/gravelart.be\/wp-content\/uploads\/2022\/10\/logo-gravelart.png","width":348,"height":186,"caption":"Gravelart"},"image":{"@id":"https:\/\/gravelart.be\/fr\/#\/schema\/logo\/image\/"}}]}},"_links":{"self":[{"href":"https:\/\/gravelart.be\/fr\/wp-json\/wp\/v2\/product\/55186","targetHints":{"allow":["GET"]}}],"collection":[{"href":"https:\/\/gravelart.be\/fr\/wp-json\/wp\/v2\/product"}],"about":[{"href":"https:\/\/gravelart.be\/fr\/wp-json\/wp\/v2\/types\/product"}],"replies":[{"embeddable":true,"href":"https:\/\/gravelart.be\/fr\/wp-json\/wp\/v2\/comments?post=55186"}],"wp:featuredmedia":[{"embeddable":true,"href":"https:\/\/gravelart.be\/fr\/wp-json\/wp\/v2\/media\/55208"}],"wp:attachment":[{"href":"https:\/\/gravelart.be\/fr\/wp-json\/wp\/v2\/media?parent=55186"}],"wp:term":[{"taxonomy":"product_brand","embeddable":true,"href":"https:\/\/gravelart.be\/fr\/wp-json\/wp\/v2\/product_brand?post=55186"},{"taxonomy":"product_cat","embeddable":true,"href":"https:\/\/gravelart.be\/fr\/wp-json\/wp\/v2\/product_cat?post=55186"},{"taxonomy":"product_tag","embeddable":true,"href":"https:\/\/gravelart.be\/fr\/wp-json\/wp\/v2\/product_tag?post=55186"}],"curies":[{"name":"wp","href":"https:\/\/api.w.org\/{rel}","templated":true}]}}