{"id":55192,"date":"2026-01-28T09:08:30","date_gmt":"2026-01-28T08:08:30","guid":{"rendered":"https:\/\/gravelart.be\/?post_type=product&#038;p=55192"},"modified":"2026-04-14T03:20:15","modified_gmt":"2026-04-14T01:20:15","slug":"pinus-sylvestris-0-40","status":"publish","type":"product","link":"https:\/\/gravelart.be\/fr\/product\/pinus-sylvestris-0-40\/","title":{"rendered":"Pinus Sylvestris 0\/40"},"content":{"rendered":"","protected":false},"excerpt":{"rendered":"<div class=\"flex flex-col text-sm pb-25\">\n<article class=\"text-token-text-primary w-full focus:outline-none [--shadow-height:45px] has-data-writing-block:pointer-events-none has-data-writing-block:-mt-(--shadow-height) has-data-writing-block:pt-(--shadow-height) [&amp;:has([data-writing-block])&gt;*]:pointer-events-auto scroll-mt-[calc(var(--header-height)+min(200px,max(70px,20svh)))]\" dir=\"auto\" tabindex=\"-1\" data-turn-id=\"request-WEB:916ce83e-dec7-4dd3-b344-a105ffaa6e65-87\" data-testid=\"conversation-turn-176\" data-scroll-anchor=\"true\" data-turn=\"assistant\">\n<div class=\"text-base my-auto mx-auto pb-10 [--thread-content-margin:--spacing(4)] @w-sm\/main:[--thread-content-margin:--spacing(6)] @w-lg\/main:[--thread-content-margin:--spacing(16)] px-(--thread-content-margin)\">\n<div class=\"[--thread-content-max-width:40rem] @w-lg\/main:[--thread-content-max-width:48rem] mx-auto max-w-(--thread-content-max-width) flex-1 group\/turn-messages focus-visible:outline-hidden relative flex w-full min-w-0 flex-col agent-turn\" tabindex=\"-1\">\n<div class=\"flex max-w-full flex-col grow\">\n<div class=\"min-h-8 text-message relative flex w-full flex-col items-end gap-2 text-start break-words whitespace-normal [.text-message+&amp;]:mt-1\" dir=\"auto\" data-message-author-role=\"assistant\" data-message-id=\"fa9b8188-e2b5-4c3b-be5d-6b9ce01bd683\" data-message-model-slug=\"gpt-5-2\">\n<div class=\"flex w-full flex-col gap-1 empty:hidden first:pt-[1px]\">\n<div class=\"markdown prose dark:prose-invert w-full wrap-break-word light markdown-new-styling\">\n<p data-start=\"0\" data-end=\"171\">Le <strong data-start=\"3\" data-end=\"28\">Pinus Sylvestris 0\/40<\/strong> est une \u00e9corce d\u00e9corative de couleur brun clair. Cette \u00e9corce a une dur\u00e9e de vie de 4 \u00e0 6 ans et convient \u00e0 diverses applications au jardin.<\/p>\n<p data-start=\"173\" data-end=\"402\" data-is-last-node=\"\" data-is-only-node=\"\">Gr\u00e2ce \u00e0 ses propri\u00e9t\u00e9s r\u00e9gulatrices d\u2019humidit\u00e9, elle aide \u00e0 maintenir le sol humide, \u00e0 lutter contre l\u2019\u00e9rosion et \u00e0 limiter la croissance des mauvaises herbes. Pour un r\u00e9sultat optimal, une \u00e9paisseur de 8 \u00e0 10 cm est recommand\u00e9e.<\/p>\n<\/div>\n<\/div>\n<\/div>\n<\/div>\n<\/div>\n<\/div>\n<\/article>\n<\/div>\n","protected":false},"featured_media":55212,"comment_status":"open","ping_status":"closed","template":"","meta":{"_acf_changed":false,"inline_featured_image":false},"product_brand":[],"product_cat":[4160],"product_tag":[],"class_list":{"0":"post-55192","1":"product","2":"type-product","3":"status-publish","4":"has-post-thumbnail","6":"product_cat-couverture-de-sol","8":"first","9":"instock","10":"taxable","11":"shipping-taxable","12":"purchasable","13":"product-type-variable","14":"has-default-attributes"},"acf":{"woocommerce_erp_id":"19015","woocommerce_cnk_id":"105751","product_density":0.36,"custom_prices":[{"variation_id":"0","customer_group":"DISTRI","customer_id":"","min_qty":1,"max_qty":9999999,"steps":0.1,"price":35.7,"price_incl":37.84,"delivery_group":"COLLECT","warehouse_id":"L"},{"variation_id":"0","customer_group":"DISTRI","customer_id":"","min_qty":1,"max_qty":9999999,"steps":0.1,"price":35.7,"price_incl":37.84,"delivery_group":"DELIVERY","warehouse_id":"L"},{"variation_id":"0","customer_group":"CON","customer_id":"","min_qty":1,"max_qty":9999999,"steps":0.1,"price":43.65,"price_incl":46.27,"delivery_group":"COLLECT","warehouse_id":"L"},{"variation_id":"0","customer_group":"CON","customer_id":"","min_qty":1,"max_qty":9999999,"steps":0.1,"price":43.65,"price_incl":46.27,"delivery_group":"DELIVERY","warehouse_id":""},{"variation_id":"0","customer_group":"PRO","customer_id":"","min_qty":1,"max_qty":9999999,"steps":0.1,"price":37.8,"price_incl":40.07,"delivery_group":"COLLECT","warehouse_id":"L"},{"variation_id":"0","customer_group":"PRO","customer_id":"","min_qty":1,"max_qty":9999999,"steps":0.1,"price":37.8,"price_incl":40.07,"delivery_group":"DELIVERY","warehouse_id":"L"},{"variation_id":"0","customer_group":"PRO","customer_id":"","min_qty":30,"max_qty":49.5,"steps":0.1,"price":34.8,"price_incl":36.89,"delivery_group":"COLLECT","warehouse_id":"L"},{"variation_id":"0","customer_group":"DISTRI","customer_id":"129214","min_qty":1,"max_qty":9999999,"steps":0.1,"price":28.75,"price_incl":30.48,"delivery_group":"COLLECT","warehouse_id":""},{"variation_id":"0","customer_group":"DISTRI","customer_id":"129214","min_qty":1,"max_qty":9999999,"steps":0.1,"price":28.75,"price_incl":30.48,"delivery_group":"DELIVERY","warehouse_id":""},{"variation_id":"55194","customer_group":"DISTRI","customer_id":"","min_qty":1,"max_qty":9999999,"steps":1,"price":50.7,"price_incl":53.74,"delivery_group":"COLLECT","warehouse_id":"L"},{"variation_id":"55194","customer_group":"DISTRI","customer_id":"","min_qty":1,"max_qty":9999999,"steps":1,"price":50.7,"price_incl":53.74,"delivery_group":"DELIVERY","warehouse_id":"L"},{"variation_id":"55194","customer_group":"CON","customer_id":"","min_qty":1,"max_qty":9999999,"steps":1,"price":67.24,"price_incl":71.27,"delivery_group":"COLLECT","warehouse_id":"L"},{"variation_id":"55194","customer_group":"CON","customer_id":"","min_qty":1,"max_qty":9999999,"steps":1,"price":67.24,"price_incl":71.27,"delivery_group":"DELIVERY","warehouse_id":"L"},{"variation_id":"55194","customer_group":"PRO","customer_id":"","min_qty":1,"max_qty":9999999,"steps":1,"price":52.8,"price_incl":55.97,"delivery_group":"COLLECT","warehouse_id":"L"},{"variation_id":"55194","customer_group":"PRO","customer_id":"","min_qty":1,"max_qty":9999999,"steps":1,"price":52.8,"price_incl":55.97,"delivery_group":"DELIVERY","warehouse_id":"L"}],"packaging_ids":[{"packaging_name":"m\u00b3","packaging_id":"4166","erp_id":"19015"},{"packaging_name":"Big bag 1 m\u00b3","packaging_id":"98","erp_id":"18527"}]},"yoast_head":"<!-- This site is optimized with the Yoast SEO plugin v27.3 - https:\/\/yoast.com\/product\/yoast-seo-wordpress\/ -->\n<title>Pinus Sylvestris 0\/40 - Gravelart<\/title>\n<meta name=\"description\" content=\"Commandez Pinus Sylvestris 0\/40 et transformez votre espace ext\u00e9rieur en un environnement \u00e9l\u00e9gant et fonctionnel. D\u00e9couvrez-le sur la boutique en ligne.\" \/>\n<meta name=\"robots\" content=\"index, follow, max-snippet:-1, max-image-preview:large, max-video-preview:-1\" \/>\n<link rel=\"canonical\" href=\"https:\/\/gravelart.be\/fr\/product\/pinus-sylvestris-0-40\/\" \/>\n<meta property=\"og:locale\" content=\"fr_FR\" \/>\n<meta property=\"og:type\" content=\"article\" \/>\n<meta property=\"og:title\" content=\"Pinus Sylvestris 0\/40 - Gravelart\" \/>\n<meta property=\"og:description\" content=\"Commandez Pinus Sylvestris 0\/40 et transformez votre espace ext\u00e9rieur en un environnement \u00e9l\u00e9gant et fonctionnel. D\u00e9couvrez-le sur la boutique en ligne.\" \/>\n<meta property=\"og:url\" content=\"https:\/\/gravelart.be\/fr\/product\/pinus-sylvestris-0-40\/\" \/>\n<meta property=\"og:site_name\" content=\"Gravelart\" \/>\n<meta property=\"article:modified_time\" content=\"2026-04-14T01:20:15+00:00\" \/>\n<meta property=\"og:image\" content=\"https:\/\/gravelart.be\/wp-content\/uploads\/2026\/01\/Pinus-Sylvestris-0-40.jpg\" \/>\n\t<meta property=\"og:image:width\" content=\"700\" \/>\n\t<meta property=\"og:image:height\" content=\"657\" \/>\n\t<meta property=\"og:image:type\" content=\"image\/jpeg\" \/>\n<meta name=\"twitter:card\" content=\"summary_large_image\" \/>\n<meta name=\"twitter:label1\" content=\"Dur\u00e9e de lecture estim\u00e9e\" \/>\n\t<meta name=\"twitter:data1\" content=\"1 minute\" \/>\n<script type=\"application\/ld+json\" class=\"yoast-schema-graph\">{\"@context\":\"https:\\\/\\\/schema.org\",\"@graph\":[{\"@type\":\"WebPage\",\"@id\":\"https:\\\/\\\/gravelart.be\\\/fr\\\/product\\\/pinus-sylvestris-0-40\\\/\",\"url\":\"https:\\\/\\\/gravelart.be\\\/fr\\\/product\\\/pinus-sylvestris-0-40\\\/\",\"name\":\"Pinus Sylvestris 0\\\/40 - Gravelart\",\"isPartOf\":{\"@id\":\"https:\\\/\\\/gravelart.be\\\/fr\\\/#website\"},\"primaryImageOfPage\":{\"@id\":\"https:\\\/\\\/gravelart.be\\\/fr\\\/product\\\/pinus-sylvestris-0-40\\\/#primaryimage\"},\"image\":{\"@id\":\"https:\\\/\\\/gravelart.be\\\/fr\\\/product\\\/pinus-sylvestris-0-40\\\/#primaryimage\"},\"thumbnailUrl\":\"https:\\\/\\\/gravelart.be\\\/wp-content\\\/uploads\\\/2026\\\/01\\\/Pinus-Sylvestris-0-40.jpg\",\"datePublished\":\"2026-01-28T08:08:30+00:00\",\"dateModified\":\"2026-04-14T01:20:15+00:00\",\"description\":\"Commandez Pinus Sylvestris 0\\\/40 et transformez votre espace ext\u00e9rieur en un environnement \u00e9l\u00e9gant et fonctionnel. D\u00e9couvrez-le sur la boutique en ligne.\",\"breadcrumb\":{\"@id\":\"https:\\\/\\\/gravelart.be\\\/fr\\\/product\\\/pinus-sylvestris-0-40\\\/#breadcrumb\"},\"inLanguage\":\"fr-FR\",\"potentialAction\":[{\"@type\":\"ReadAction\",\"target\":[\"https:\\\/\\\/gravelart.be\\\/fr\\\/product\\\/pinus-sylvestris-0-40\\\/\"]}]},{\"@type\":\"ImageObject\",\"inLanguage\":\"fr-FR\",\"@id\":\"https:\\\/\\\/gravelart.be\\\/fr\\\/product\\\/pinus-sylvestris-0-40\\\/#primaryimage\",\"url\":\"https:\\\/\\\/gravelart.be\\\/wp-content\\\/uploads\\\/2026\\\/01\\\/Pinus-Sylvestris-0-40.jpg\",\"contentUrl\":\"https:\\\/\\\/gravelart.be\\\/wp-content\\\/uploads\\\/2026\\\/01\\\/Pinus-Sylvestris-0-40.jpg\",\"width\":700,\"height\":657},{\"@type\":\"BreadcrumbList\",\"@id\":\"https:\\\/\\\/gravelart.be\\\/fr\\\/product\\\/pinus-sylvestris-0-40\\\/#breadcrumb\",\"itemListElement\":[{\"@type\":\"ListItem\",\"position\":1,\"name\":\"Home\",\"item\":\"https:\\\/\\\/gravelart.be\\\/fr\\\/\"},{\"@type\":\"ListItem\",\"position\":2,\"name\":\"Produits\",\"item\":\"https:\\\/\\\/gravelart.be\\\/fr\\\/boutique\\\/\"},{\"@type\":\"ListItem\",\"position\":3,\"name\":\"Pinus Sylvestris 0\\\/40\"}]},{\"@type\":\"WebSite\",\"@id\":\"https:\\\/\\\/gravelart.be\\\/fr\\\/#website\",\"url\":\"https:\\\/\\\/gravelart.be\\\/fr\\\/\",\"name\":\"Gravelart\",\"description\":\"Alles voor tuin en park\",\"publisher\":{\"@id\":\"https:\\\/\\\/gravelart.be\\\/fr\\\/#organization\"},\"potentialAction\":[{\"@type\":\"SearchAction\",\"target\":{\"@type\":\"EntryPoint\",\"urlTemplate\":\"https:\\\/\\\/gravelart.be\\\/fr\\\/?s={search_term_string}\"},\"query-input\":{\"@type\":\"PropertyValueSpecification\",\"valueRequired\":true,\"valueName\":\"search_term_string\"}}],\"inLanguage\":\"fr-FR\"},{\"@type\":\"Organization\",\"@id\":\"https:\\\/\\\/gravelart.be\\\/fr\\\/#organization\",\"name\":\"Gravelart\",\"url\":\"https:\\\/\\\/gravelart.be\\\/fr\\\/\",\"logo\":{\"@type\":\"ImageObject\",\"inLanguage\":\"fr-FR\",\"@id\":\"https:\\\/\\\/gravelart.be\\\/fr\\\/#\\\/schema\\\/logo\\\/image\\\/\",\"url\":\"https:\\\/\\\/gravelart.be\\\/wp-content\\\/uploads\\\/2022\\\/10\\\/logo-gravelart.png\",\"contentUrl\":\"https:\\\/\\\/gravelart.be\\\/wp-content\\\/uploads\\\/2022\\\/10\\\/logo-gravelart.png\",\"width\":348,\"height\":186,\"caption\":\"Gravelart\"},\"image\":{\"@id\":\"https:\\\/\\\/gravelart.be\\\/fr\\\/#\\\/schema\\\/logo\\\/image\\\/\"}}]}<\/script>\n<!-- \/ Yoast SEO plugin. -->","yoast_head_json":{"title":"Pinus Sylvestris 0\/40 - Gravelart","description":"Commandez Pinus Sylvestris 0\/40 et transformez votre espace ext\u00e9rieur en un environnement \u00e9l\u00e9gant et fonctionnel. D\u00e9couvrez-le sur la boutique en ligne.","robots":{"index":"index","follow":"follow","max-snippet":"max-snippet:-1","max-image-preview":"max-image-preview:large","max-video-preview":"max-video-preview:-1"},"canonical":"https:\/\/gravelart.be\/fr\/product\/pinus-sylvestris-0-40\/","og_locale":"fr_FR","og_type":"article","og_title":"Pinus Sylvestris 0\/40 - Gravelart","og_description":"Commandez Pinus Sylvestris 0\/40 et transformez votre espace ext\u00e9rieur en un environnement \u00e9l\u00e9gant et fonctionnel. D\u00e9couvrez-le sur la boutique en ligne.","og_url":"https:\/\/gravelart.be\/fr\/product\/pinus-sylvestris-0-40\/","og_site_name":"Gravelart","article_modified_time":"2026-04-14T01:20:15+00:00","og_image":[{"width":700,"height":657,"url":"https:\/\/gravelart.be\/wp-content\/uploads\/2026\/01\/Pinus-Sylvestris-0-40.jpg","type":"image\/jpeg"}],"twitter_card":"summary_large_image","twitter_misc":{"Dur\u00e9e de lecture estim\u00e9e":"1 minute"},"schema":{"@context":"https:\/\/schema.org","@graph":[{"@type":"WebPage","@id":"https:\/\/gravelart.be\/fr\/product\/pinus-sylvestris-0-40\/","url":"https:\/\/gravelart.be\/fr\/product\/pinus-sylvestris-0-40\/","name":"Pinus Sylvestris 0\/40 - Gravelart","isPartOf":{"@id":"https:\/\/gravelart.be\/fr\/#website"},"primaryImageOfPage":{"@id":"https:\/\/gravelart.be\/fr\/product\/pinus-sylvestris-0-40\/#primaryimage"},"image":{"@id":"https:\/\/gravelart.be\/fr\/product\/pinus-sylvestris-0-40\/#primaryimage"},"thumbnailUrl":"https:\/\/gravelart.be\/wp-content\/uploads\/2026\/01\/Pinus-Sylvestris-0-40.jpg","datePublished":"2026-01-28T08:08:30+00:00","dateModified":"2026-04-14T01:20:15+00:00","description":"Commandez Pinus Sylvestris 0\/40 et transformez votre espace ext\u00e9rieur en un environnement \u00e9l\u00e9gant et fonctionnel. D\u00e9couvrez-le sur la boutique en ligne.","breadcrumb":{"@id":"https:\/\/gravelart.be\/fr\/product\/pinus-sylvestris-0-40\/#breadcrumb"},"inLanguage":"fr-FR","potentialAction":[{"@type":"ReadAction","target":["https:\/\/gravelart.be\/fr\/product\/pinus-sylvestris-0-40\/"]}]},{"@type":"ImageObject","inLanguage":"fr-FR","@id":"https:\/\/gravelart.be\/fr\/product\/pinus-sylvestris-0-40\/#primaryimage","url":"https:\/\/gravelart.be\/wp-content\/uploads\/2026\/01\/Pinus-Sylvestris-0-40.jpg","contentUrl":"https:\/\/gravelart.be\/wp-content\/uploads\/2026\/01\/Pinus-Sylvestris-0-40.jpg","width":700,"height":657},{"@type":"BreadcrumbList","@id":"https:\/\/gravelart.be\/fr\/product\/pinus-sylvestris-0-40\/#breadcrumb","itemListElement":[{"@type":"ListItem","position":1,"name":"Home","item":"https:\/\/gravelart.be\/fr\/"},{"@type":"ListItem","position":2,"name":"Produits","item":"https:\/\/gravelart.be\/fr\/boutique\/"},{"@type":"ListItem","position":3,"name":"Pinus Sylvestris 0\/40"}]},{"@type":"WebSite","@id":"https:\/\/gravelart.be\/fr\/#website","url":"https:\/\/gravelart.be\/fr\/","name":"Gravelart","description":"Alles voor tuin en park","publisher":{"@id":"https:\/\/gravelart.be\/fr\/#organization"},"potentialAction":[{"@type":"SearchAction","target":{"@type":"EntryPoint","urlTemplate":"https:\/\/gravelart.be\/fr\/?s={search_term_string}"},"query-input":{"@type":"PropertyValueSpecification","valueRequired":true,"valueName":"search_term_string"}}],"inLanguage":"fr-FR"},{"@type":"Organization","@id":"https:\/\/gravelart.be\/fr\/#organization","name":"Gravelart","url":"https:\/\/gravelart.be\/fr\/","logo":{"@type":"ImageObject","inLanguage":"fr-FR","@id":"https:\/\/gravelart.be\/fr\/#\/schema\/logo\/image\/","url":"https:\/\/gravelart.be\/wp-content\/uploads\/2022\/10\/logo-gravelart.png","contentUrl":"https:\/\/gravelart.be\/wp-content\/uploads\/2022\/10\/logo-gravelart.png","width":348,"height":186,"caption":"Gravelart"},"image":{"@id":"https:\/\/gravelart.be\/fr\/#\/schema\/logo\/image\/"}}]}},"_links":{"self":[{"href":"https:\/\/gravelart.be\/fr\/wp-json\/wp\/v2\/product\/55192","targetHints":{"allow":["GET"]}}],"collection":[{"href":"https:\/\/gravelart.be\/fr\/wp-json\/wp\/v2\/product"}],"about":[{"href":"https:\/\/gravelart.be\/fr\/wp-json\/wp\/v2\/types\/product"}],"replies":[{"embeddable":true,"href":"https:\/\/gravelart.be\/fr\/wp-json\/wp\/v2\/comments?post=55192"}],"wp:featuredmedia":[{"embeddable":true,"href":"https:\/\/gravelart.be\/fr\/wp-json\/wp\/v2\/media\/55212"}],"wp:attachment":[{"href":"https:\/\/gravelart.be\/fr\/wp-json\/wp\/v2\/media?parent=55192"}],"wp:term":[{"taxonomy":"product_brand","embeddable":true,"href":"https:\/\/gravelart.be\/fr\/wp-json\/wp\/v2\/product_brand?post=55192"},{"taxonomy":"product_cat","embeddable":true,"href":"https:\/\/gravelart.be\/fr\/wp-json\/wp\/v2\/product_cat?post=55192"},{"taxonomy":"product_tag","embeddable":true,"href":"https:\/\/gravelart.be\/fr\/wp-json\/wp\/v2\/product_tag?post=55192"}],"curies":[{"name":"wp","href":"https:\/\/api.w.org\/{rel}","templated":true}]}}