{"id":55198,"date":"2026-01-28T09:09:19","date_gmt":"2026-01-28T08:09:19","guid":{"rendered":"https:\/\/gravelart.be\/?post_type=product&#038;p=55198"},"modified":"2026-04-14T03:20:13","modified_gmt":"2026-04-14T01:20:13","slug":"pinus-sylvestris-25-40","status":"publish","type":"product","link":"https:\/\/gravelart.be\/fr\/product\/pinus-sylvestris-25-40\/","title":{"rendered":"Pinus Sylvestris 25\/40"},"content":{"rendered":"","protected":false},"excerpt":{"rendered":"<p>Notre \u00e9corce de <strong>Pinus Sylvestris 25\/40<\/strong> est une \u00e9corce d\u00e9corative de couleur brun clair. Avec une dur\u00e9e de vie de 4 \u00e0 6 ans, cette \u00e9corce de haute qualit\u00e9 est polyvalente et convient \u00e0 diverses applications. <\/p>\n<p>Gr\u00e2ce \u00e0 ses propri\u00e9t\u00e9s r\u00e9gulatrices d\u2019humidit\u00e9, l\u2019\u00e9corce aide \u00e0 maintenir le sol humide, \u00e0 limiter l\u2019\u00e9rosion et \u00e0 freiner la croissance des mauvaises herbes. Pour un r\u00e9sultat optimal, nous recommandons une \u00e9paisseur de 8 \u00e0 10 cm. <\/p>\n","protected":false},"featured_media":55214,"comment_status":"open","ping_status":"closed","template":"","meta":{"_acf_changed":false,"inline_featured_image":false},"product_brand":[],"product_cat":[4160],"product_tag":[],"class_list":{"0":"post-55198","1":"product","2":"type-product","3":"status-publish","4":"has-post-thumbnail","6":"product_cat-couverture-de-sol","8":"first","9":"instock","10":"taxable","11":"shipping-taxable","12":"purchasable","13":"product-type-variable","14":"has-default-attributes"},"acf":{"woocommerce_erp_id":"18921","woocommerce_cnk_id":"105581","product_density":0.25,"custom_prices":[{"variation_id":"0","customer_group":"PRO","customer_id":"","min_qty":1,"max_qty":9999999,"steps":0.01,"price":43.5,"price_incl":46.11,"delivery_group":"COLLECT","warehouse_id":"L"},{"variation_id":"0","customer_group":"PRO","customer_id":"","min_qty":1,"max_qty":9999999,"steps":0.01,"price":43.5,"price_incl":46.11,"delivery_group":"DELIVERY","warehouse_id":"L"},{"variation_id":"0","customer_group":"PRO","customer_id":"","min_qty":1,"max_qty":9999999,"steps":0.01,"price":59.87,"price_incl":63.46,"delivery_group":"COLLECT","warehouse_id":"W"},{"variation_id":"0","customer_group":"PRO","customer_id":"","min_qty":1,"max_qty":9999999,"steps":0.01,"price":59.87,"price_incl":63.46,"delivery_group":"DELIVERY","warehouse_id":"W"},{"variation_id":"0","customer_group":"PRO","customer_id":"","min_qty":1,"max_qty":9999999,"steps":0.01,"price":59.87,"price_incl":63.46,"delivery_group":"COLLECT","warehouse_id":"Z"},{"variation_id":"0","customer_group":"PRO","customer_id":"","min_qty":1,"max_qty":9999999,"steps":0.01,"price":59.87,"price_incl":63.46,"delivery_group":"DELIVERY","warehouse_id":"Z"},{"variation_id":"0","customer_group":"PRO","customer_id":"","min_qty":30,"max_qty":49.5,"steps":0.01,"price":40.5,"price_incl":42.93,"delivery_group":"COLLECT","warehouse_id":"L"},{"variation_id":"0","customer_group":"PRO","customer_id":"","min_qty":30,"max_qty":49.5,"steps":0.01,"price":40.5,"price_incl":42.93,"delivery_group":"DELIVERY","warehouse_id":"L"},{"variation_id":"0","customer_group":"PRO","customer_id":"","min_qty":50,"max_qty":89.5,"steps":0.01,"price":40,"price_incl":42.4,"delivery_group":"COLLECT","warehouse_id":"L"},{"variation_id":"0","customer_group":"PRO","customer_id":"","min_qty":50,"max_qty":89.5,"steps":0.01,"price":40,"price_incl":42.4,"delivery_group":"DELIVERY","warehouse_id":"L"},{"variation_id":"0","customer_group":"PRO","customer_id":"","min_qty":90,"max_qty":9999999,"steps":0.01,"price":39.5,"price_incl":41.87,"delivery_group":"COLLECT","warehouse_id":"L"},{"variation_id":"0","customer_group":"PRO","customer_id":"","min_qty":90,"max_qty":9999999,"steps":0.01,"price":39.5,"price_incl":41.87,"delivery_group":"DELIVERY","warehouse_id":"L"},{"variation_id":"0","customer_group":"DISTRI","customer_id":"","min_qty":1,"max_qty":9999999,"steps":0.01,"price":41.5,"price_incl":43.99,"delivery_group":"COLLECT","warehouse_id":"L"},{"variation_id":"0","customer_group":"DISTRI","customer_id":"","min_qty":1,"max_qty":9999999,"steps":0.01,"price":41.5,"price_incl":43.99,"delivery_group":"DELIVERY","warehouse_id":"L"},{"variation_id":"0","customer_group":"DISTRI","customer_id":"","min_qty":1,"max_qty":9999999,"steps":0.01,"price":43.5,"price_incl":46.11,"delivery_group":"COLLECT","warehouse_id":""},{"variation_id":"0","customer_group":"DISTRI","customer_id":"","min_qty":1,"max_qty":9999999,"steps":0.01,"price":43.5,"price_incl":46.11,"delivery_group":"DELIVERY","warehouse_id":""},{"variation_id":"0","customer_group":"DISTRI","customer_id":"","min_qty":1,"max_qty":9999999,"steps":0.01,"price":54.53,"price_incl":57.8,"delivery_group":"COLLECT","warehouse_id":"W"},{"variation_id":"0","customer_group":"DISTRI","customer_id":"","min_qty":1,"max_qty":9999999,"steps":0.01,"price":54.53,"price_incl":57.8,"delivery_group":"DELIVERY","warehouse_id":"W"},{"variation_id":"0","customer_group":"DISTRI","customer_id":"","min_qty":1,"max_qty":9999999,"steps":0.01,"price":54.53,"price_incl":57.8,"delivery_group":"COLLECT","warehouse_id":"Z"},{"variation_id":"0","customer_group":"DISTRI","customer_id":"","min_qty":1,"max_qty":9999999,"steps":0.01,"price":54.53,"price_incl":57.8,"delivery_group":"DELIVERY","warehouse_id":"Z"},{"variation_id":"0","customer_group":"CON","customer_id":"","min_qty":1,"max_qty":9999999,"steps":0.01,"price":60,"price_incl":63.6,"delivery_group":"COLLECT","warehouse_id":"L"},{"variation_id":"0","customer_group":"CON","customer_id":"","min_qty":1,"max_qty":9999999,"steps":0.01,"price":60,"price_incl":63.6,"delivery_group":"DELIVERY","warehouse_id":"L"},{"variation_id":"0","customer_group":"DISTRI","customer_id":"129214","min_qty":1,"max_qty":9999999,"steps":0.01,"price":38.07,"price_incl":40.35,"delivery_group":"COLLECT","warehouse_id":"L"},{"variation_id":"0","customer_group":"DISTRI","customer_id":"129214","min_qty":1,"max_qty":9999999,"steps":0.01,"price":38.07,"price_incl":40.35,"delivery_group":"DELIVERY","warehouse_id":"L"},{"variation_id":"0","customer_group":"DISTRI","customer_id":"129214","min_qty":1,"max_qty":9999999,"steps":0.01,"price":44.07,"price_incl":46.71,"delivery_group":"COLLECT","warehouse_id":"W"},{"variation_id":"0","customer_group":"DISTRI","customer_id":"129214","min_qty":1,"max_qty":9999999,"steps":0.01,"price":44.07,"price_incl":46.71,"delivery_group":"DELIVERY","warehouse_id":"W"},{"variation_id":"0","customer_group":"DISTRI","customer_id":"129214","min_qty":1,"max_qty":9999999,"steps":0.01,"price":44.07,"price_incl":46.71,"delivery_group":"COLLECT","warehouse_id":"Z"},{"variation_id":"0","customer_group":"DISTRI","customer_id":"129214","min_qty":1,"max_qty":9999999,"steps":0.01,"price":44.07,"price_incl":46.71,"delivery_group":"DELIVERY","warehouse_id":"Z"},{"variation_id":"0","customer_group":"DISTRI","customer_id":"131196","min_qty":1,"max_qty":9999999,"steps":0.01,"price":41.5,"price_incl":43.99,"delivery_group":"COLLECT","warehouse_id":""},{"variation_id":"0","customer_group":"DISTRI","customer_id":"131196","min_qty":1,"max_qty":9999999,"steps":0.01,"price":43.5,"price_incl":46.11,"delivery_group":"DELIVERY","warehouse_id":""},{"variation_id":"0","customer_group":"DISTRI","customer_id":"130051","min_qty":1,"max_qty":9999999,"steps":0.01,"price":49.5,"price_incl":59.9,"delivery_group":"COLLECT","warehouse_id":""},{"variation_id":"0","customer_group":"DISTRI","customer_id":"130051","min_qty":1,"max_qty":9999999,"steps":0.01,"price":49.5,"price_incl":59.9,"delivery_group":"DELIVERY","warehouse_id":""},{"variation_id":"55200","customer_group":"DISTRI","customer_id":"","min_qty":1,"max_qty":9999999,"steps":1,"price":56.5,"price_incl":59.89,"delivery_group":"COLLECT","warehouse_id":"L"},{"variation_id":"55200","customer_group":"DISTRI","customer_id":"","min_qty":1,"max_qty":9999999,"steps":1,"price":56.5,"price_incl":59.89,"delivery_group":"DELIVERY","warehouse_id":"L"},{"variation_id":"55200","customer_group":"DISTRI","customer_id":"","min_qty":1,"max_qty":9999999,"steps":1,"price":70.53,"price_incl":74.76,"delivery_group":"COLLECT","warehouse_id":""},{"variation_id":"55200","customer_group":"DISTRI","customer_id":"","min_qty":1,"max_qty":9999999,"steps":1,"price":70.53,"price_incl":74.76,"delivery_group":"DELIVERY","warehouse_id":""},{"variation_id":"55200","customer_group":"PRO","customer_id":"","min_qty":1,"max_qty":9999999,"steps":1,"price":58.5,"price_incl":62.01,"delivery_group":"COLLECT","warehouse_id":"L"},{"variation_id":"55200","customer_group":"PRO","customer_id":"","min_qty":1,"max_qty":9999999,"steps":1,"price":58.5,"price_incl":62.01,"delivery_group":"DELIVERY","warehouse_id":"L"},{"variation_id":"55200","customer_group":"PRO","customer_id":"","min_qty":1,"max_qty":9999999,"steps":1,"price":75.87,"price_incl":80.42,"delivery_group":"COLLECT","warehouse_id":""},{"variation_id":"55200","customer_group":"PRO","customer_id":"","min_qty":1,"max_qty":9999999,"steps":1,"price":75.87,"price_incl":80.42,"delivery_group":"DELIVERY","warehouse_id":""},{"variation_id":"55200","customer_group":"PRO","customer_id":"129214","min_qty":1,"max_qty":9999999,"steps":1,"price":53.07,"price_incl":56.25,"delivery_group":"DELIVERY","warehouse_id":"L"},{"variation_id":"55200","customer_group":"PRO","customer_id":"129214","min_qty":1,"max_qty":9999999,"steps":1,"price":53.07,"price_incl":56.25,"delivery_group":"COLLECT","warehouse_id":"L"},{"variation_id":"55200","customer_group":"CON","customer_id":"","min_qty":1,"max_qty":9999999,"steps":1,"price":71.75,"price_incl":76.06,"delivery_group":"COLLECT","warehouse_id":"L"},{"variation_id":"55200","customer_group":"CON","customer_id":"","min_qty":1,"max_qty":9999999,"steps":1,"price":71.75,"price_incl":76.06,"delivery_group":"DELIVERY","warehouse_id":"L"},{"variation_id":"57322","customer_group":"DISTRI","customer_id":"129214","min_qty":1,"max_qty":9999999,"steps":1,"price":102.14,"price_incl":108.27,"delivery_group":"COLLECT","warehouse_id":"L"},{"variation_id":"57322","customer_group":"DISTRI","customer_id":"129214","min_qty":1,"max_qty":9999999,"steps":1,"price":102.14,"price_incl":108.27,"delivery_group":"DELIVERY","warehouse_id":"L"},{"variation_id":"57322","customer_group":"PRO","customer_id":"","min_qty":1,"max_qty":9999999,"steps":1,"price":113,"price_incl":119.78,"delivery_group":"COLLECT","warehouse_id":"L"},{"variation_id":"57322","customer_group":"PRO","customer_id":"","min_qty":1,"max_qty":9999999,"steps":1,"price":113,"price_incl":119.78,"delivery_group":"DELIVERY","warehouse_id":"L"},{"variation_id":"57322","customer_group":"DISTRI","customer_id":"","min_qty":1,"max_qty":9999999,"steps":1,"price":109,"price_incl":115.54,"delivery_group":"COLLECT","warehouse_id":"L"},{"variation_id":"57322","customer_group":"DISTRI","customer_id":"","min_qty":1,"max_qty":9999999,"steps":1,"price":109,"price_incl":115.54,"delivery_group":"DELIVERY","warehouse_id":"L"},{"variation_id":"57322","customer_group":"CON","customer_id":"","min_qty":1,"max_qty":9999999,"steps":1,"price":122.34,"price_incl":129.68,"delivery_group":"COLLECT","warehouse_id":"L"},{"variation_id":"57322","customer_group":"CON","customer_id":"","min_qty":1,"max_qty":9999999,"steps":1,"price":122.34,"price_incl":129.68,"delivery_group":"DELIVERY","warehouse_id":"L"}],"packaging_ids":[{"packaging_name":"m\u00b3","packaging_id":"4166","erp_id":"18921"},{"packaging_name":"Big bag 1 m\u00b3","packaging_id":"98","erp_id":"18923"},{"packaging_name":"Big bag 2 m\u00b3","packaging_id":"4165","erp_id":"18925"}]},"yoast_head":"<!-- This site is optimized with the Yoast SEO plugin v27.3 - https:\/\/yoast.com\/product\/yoast-seo-wordpress\/ -->\n<title>Pinus Sylvestris 25\/40 - Gravelart<\/title>\n<meta name=\"description\" content=\"Notre \u00e9corce de Pinus Sylvester 25\/40 est une \u00e9corce d\u00e9corative brun clair. R\u00e9gulatrice d\u2019humidit\u00e9, elle limite l\u2019\u00e9rosion du sol et freine la croissance des mauvaises herbes.\" \/>\n<meta name=\"robots\" content=\"index, follow, max-snippet:-1, max-image-preview:large, max-video-preview:-1\" \/>\n<link rel=\"canonical\" href=\"https:\/\/gravelart.be\/fr\/product\/pinus-sylvestris-25-40\/\" \/>\n<meta property=\"og:locale\" content=\"fr_FR\" \/>\n<meta property=\"og:type\" content=\"article\" \/>\n<meta property=\"og:title\" content=\"Pinus Sylvestris 25\/40 - Gravelart\" \/>\n<meta property=\"og:description\" content=\"Notre \u00e9corce de Pinus Sylvester 25\/40 est une \u00e9corce d\u00e9corative brun clair. R\u00e9gulatrice d\u2019humidit\u00e9, elle limite l\u2019\u00e9rosion du sol et freine la croissance des mauvaises herbes.\" \/>\n<meta property=\"og:url\" content=\"https:\/\/gravelart.be\/fr\/product\/pinus-sylvestris-25-40\/\" \/>\n<meta property=\"og:site_name\" content=\"Gravelart\" \/>\n<meta property=\"article:modified_time\" content=\"2026-04-14T01:20:13+00:00\" \/>\n<meta property=\"og:image\" content=\"https:\/\/gravelart.be\/wp-content\/uploads\/2026\/01\/Pin-Sylvester-2540-droog-300x300-1.jpg\" \/>\n\t<meta property=\"og:image:width\" content=\"300\" \/>\n\t<meta property=\"og:image:height\" content=\"300\" \/>\n\t<meta property=\"og:image:type\" content=\"image\/jpeg\" \/>\n<meta name=\"twitter:card\" content=\"summary_large_image\" \/>\n<meta name=\"twitter:label1\" content=\"Dur\u00e9e de lecture estim\u00e9e\" \/>\n\t<meta name=\"twitter:data1\" content=\"1 minute\" \/>\n<script type=\"application\/ld+json\" class=\"yoast-schema-graph\">{\"@context\":\"https:\\\/\\\/schema.org\",\"@graph\":[{\"@type\":\"WebPage\",\"@id\":\"https:\\\/\\\/gravelart.be\\\/fr\\\/product\\\/pinus-sylvestris-25-40\\\/\",\"url\":\"https:\\\/\\\/gravelart.be\\\/fr\\\/product\\\/pinus-sylvestris-25-40\\\/\",\"name\":\"Pinus Sylvestris 25\\\/40 - Gravelart\",\"isPartOf\":{\"@id\":\"https:\\\/\\\/gravelart.be\\\/fr\\\/#website\"},\"primaryImageOfPage\":{\"@id\":\"https:\\\/\\\/gravelart.be\\\/fr\\\/product\\\/pinus-sylvestris-25-40\\\/#primaryimage\"},\"image\":{\"@id\":\"https:\\\/\\\/gravelart.be\\\/fr\\\/product\\\/pinus-sylvestris-25-40\\\/#primaryimage\"},\"thumbnailUrl\":\"https:\\\/\\\/gravelart.be\\\/wp-content\\\/uploads\\\/2026\\\/01\\\/Pin-Sylvester-2540-droog-300x300-1.jpg\",\"datePublished\":\"2026-01-28T08:09:19+00:00\",\"dateModified\":\"2026-04-14T01:20:13+00:00\",\"description\":\"Notre \u00e9corce de Pinus Sylvester 25\\\/40 est une \u00e9corce d\u00e9corative brun clair. R\u00e9gulatrice d\u2019humidit\u00e9, elle limite l\u2019\u00e9rosion du sol et freine la croissance des mauvaises herbes.\",\"breadcrumb\":{\"@id\":\"https:\\\/\\\/gravelart.be\\\/fr\\\/product\\\/pinus-sylvestris-25-40\\\/#breadcrumb\"},\"inLanguage\":\"fr-FR\",\"potentialAction\":[{\"@type\":\"ReadAction\",\"target\":[\"https:\\\/\\\/gravelart.be\\\/fr\\\/product\\\/pinus-sylvestris-25-40\\\/\"]}]},{\"@type\":\"ImageObject\",\"inLanguage\":\"fr-FR\",\"@id\":\"https:\\\/\\\/gravelart.be\\\/fr\\\/product\\\/pinus-sylvestris-25-40\\\/#primaryimage\",\"url\":\"https:\\\/\\\/gravelart.be\\\/wp-content\\\/uploads\\\/2026\\\/01\\\/Pin-Sylvester-2540-droog-300x300-1.jpg\",\"contentUrl\":\"https:\\\/\\\/gravelart.be\\\/wp-content\\\/uploads\\\/2026\\\/01\\\/Pin-Sylvester-2540-droog-300x300-1.jpg\",\"width\":300,\"height\":300},{\"@type\":\"BreadcrumbList\",\"@id\":\"https:\\\/\\\/gravelart.be\\\/fr\\\/product\\\/pinus-sylvestris-25-40\\\/#breadcrumb\",\"itemListElement\":[{\"@type\":\"ListItem\",\"position\":1,\"name\":\"Home\",\"item\":\"https:\\\/\\\/gravelart.be\\\/fr\\\/\"},{\"@type\":\"ListItem\",\"position\":2,\"name\":\"Produits\",\"item\":\"https:\\\/\\\/gravelart.be\\\/fr\\\/boutique\\\/\"},{\"@type\":\"ListItem\",\"position\":3,\"name\":\"Pinus Sylvestris 25\\\/40\"}]},{\"@type\":\"WebSite\",\"@id\":\"https:\\\/\\\/gravelart.be\\\/fr\\\/#website\",\"url\":\"https:\\\/\\\/gravelart.be\\\/fr\\\/\",\"name\":\"Gravelart\",\"description\":\"Alles voor tuin en park\",\"publisher\":{\"@id\":\"https:\\\/\\\/gravelart.be\\\/fr\\\/#organization\"},\"potentialAction\":[{\"@type\":\"SearchAction\",\"target\":{\"@type\":\"EntryPoint\",\"urlTemplate\":\"https:\\\/\\\/gravelart.be\\\/fr\\\/?s={search_term_string}\"},\"query-input\":{\"@type\":\"PropertyValueSpecification\",\"valueRequired\":true,\"valueName\":\"search_term_string\"}}],\"inLanguage\":\"fr-FR\"},{\"@type\":\"Organization\",\"@id\":\"https:\\\/\\\/gravelart.be\\\/fr\\\/#organization\",\"name\":\"Gravelart\",\"url\":\"https:\\\/\\\/gravelart.be\\\/fr\\\/\",\"logo\":{\"@type\":\"ImageObject\",\"inLanguage\":\"fr-FR\",\"@id\":\"https:\\\/\\\/gravelart.be\\\/fr\\\/#\\\/schema\\\/logo\\\/image\\\/\",\"url\":\"https:\\\/\\\/gravelart.be\\\/wp-content\\\/uploads\\\/2022\\\/10\\\/logo-gravelart.png\",\"contentUrl\":\"https:\\\/\\\/gravelart.be\\\/wp-content\\\/uploads\\\/2022\\\/10\\\/logo-gravelart.png\",\"width\":348,\"height\":186,\"caption\":\"Gravelart\"},\"image\":{\"@id\":\"https:\\\/\\\/gravelart.be\\\/fr\\\/#\\\/schema\\\/logo\\\/image\\\/\"}}]}<\/script>\n<!-- \/ Yoast SEO plugin. -->","yoast_head_json":{"title":"Pinus Sylvestris 25\/40 - Gravelart","description":"Notre \u00e9corce de Pinus Sylvester 25\/40 est une \u00e9corce d\u00e9corative brun clair. R\u00e9gulatrice d\u2019humidit\u00e9, elle limite l\u2019\u00e9rosion du sol et freine la croissance des mauvaises herbes.","robots":{"index":"index","follow":"follow","max-snippet":"max-snippet:-1","max-image-preview":"max-image-preview:large","max-video-preview":"max-video-preview:-1"},"canonical":"https:\/\/gravelart.be\/fr\/product\/pinus-sylvestris-25-40\/","og_locale":"fr_FR","og_type":"article","og_title":"Pinus Sylvestris 25\/40 - Gravelart","og_description":"Notre \u00e9corce de Pinus Sylvester 25\/40 est une \u00e9corce d\u00e9corative brun clair. R\u00e9gulatrice d\u2019humidit\u00e9, elle limite l\u2019\u00e9rosion du sol et freine la croissance des mauvaises herbes.","og_url":"https:\/\/gravelart.be\/fr\/product\/pinus-sylvestris-25-40\/","og_site_name":"Gravelart","article_modified_time":"2026-04-14T01:20:13+00:00","og_image":[{"width":300,"height":300,"url":"https:\/\/gravelart.be\/wp-content\/uploads\/2026\/01\/Pin-Sylvester-2540-droog-300x300-1.jpg","type":"image\/jpeg"}],"twitter_card":"summary_large_image","twitter_misc":{"Dur\u00e9e de lecture estim\u00e9e":"1 minute"},"schema":{"@context":"https:\/\/schema.org","@graph":[{"@type":"WebPage","@id":"https:\/\/gravelart.be\/fr\/product\/pinus-sylvestris-25-40\/","url":"https:\/\/gravelart.be\/fr\/product\/pinus-sylvestris-25-40\/","name":"Pinus Sylvestris 25\/40 - Gravelart","isPartOf":{"@id":"https:\/\/gravelart.be\/fr\/#website"},"primaryImageOfPage":{"@id":"https:\/\/gravelart.be\/fr\/product\/pinus-sylvestris-25-40\/#primaryimage"},"image":{"@id":"https:\/\/gravelart.be\/fr\/product\/pinus-sylvestris-25-40\/#primaryimage"},"thumbnailUrl":"https:\/\/gravelart.be\/wp-content\/uploads\/2026\/01\/Pin-Sylvester-2540-droog-300x300-1.jpg","datePublished":"2026-01-28T08:09:19+00:00","dateModified":"2026-04-14T01:20:13+00:00","description":"Notre \u00e9corce de Pinus Sylvester 25\/40 est une \u00e9corce d\u00e9corative brun clair. R\u00e9gulatrice d\u2019humidit\u00e9, elle limite l\u2019\u00e9rosion du sol et freine la croissance des mauvaises herbes.","breadcrumb":{"@id":"https:\/\/gravelart.be\/fr\/product\/pinus-sylvestris-25-40\/#breadcrumb"},"inLanguage":"fr-FR","potentialAction":[{"@type":"ReadAction","target":["https:\/\/gravelart.be\/fr\/product\/pinus-sylvestris-25-40\/"]}]},{"@type":"ImageObject","inLanguage":"fr-FR","@id":"https:\/\/gravelart.be\/fr\/product\/pinus-sylvestris-25-40\/#primaryimage","url":"https:\/\/gravelart.be\/wp-content\/uploads\/2026\/01\/Pin-Sylvester-2540-droog-300x300-1.jpg","contentUrl":"https:\/\/gravelart.be\/wp-content\/uploads\/2026\/01\/Pin-Sylvester-2540-droog-300x300-1.jpg","width":300,"height":300},{"@type":"BreadcrumbList","@id":"https:\/\/gravelart.be\/fr\/product\/pinus-sylvestris-25-40\/#breadcrumb","itemListElement":[{"@type":"ListItem","position":1,"name":"Home","item":"https:\/\/gravelart.be\/fr\/"},{"@type":"ListItem","position":2,"name":"Produits","item":"https:\/\/gravelart.be\/fr\/boutique\/"},{"@type":"ListItem","position":3,"name":"Pinus Sylvestris 25\/40"}]},{"@type":"WebSite","@id":"https:\/\/gravelart.be\/fr\/#website","url":"https:\/\/gravelart.be\/fr\/","name":"Gravelart","description":"Alles voor tuin en park","publisher":{"@id":"https:\/\/gravelart.be\/fr\/#organization"},"potentialAction":[{"@type":"SearchAction","target":{"@type":"EntryPoint","urlTemplate":"https:\/\/gravelart.be\/fr\/?s={search_term_string}"},"query-input":{"@type":"PropertyValueSpecification","valueRequired":true,"valueName":"search_term_string"}}],"inLanguage":"fr-FR"},{"@type":"Organization","@id":"https:\/\/gravelart.be\/fr\/#organization","name":"Gravelart","url":"https:\/\/gravelart.be\/fr\/","logo":{"@type":"ImageObject","inLanguage":"fr-FR","@id":"https:\/\/gravelart.be\/fr\/#\/schema\/logo\/image\/","url":"https:\/\/gravelart.be\/wp-content\/uploads\/2022\/10\/logo-gravelart.png","contentUrl":"https:\/\/gravelart.be\/wp-content\/uploads\/2022\/10\/logo-gravelart.png","width":348,"height":186,"caption":"Gravelart"},"image":{"@id":"https:\/\/gravelart.be\/fr\/#\/schema\/logo\/image\/"}}]}},"_links":{"self":[{"href":"https:\/\/gravelart.be\/fr\/wp-json\/wp\/v2\/product\/55198","targetHints":{"allow":["GET"]}}],"collection":[{"href":"https:\/\/gravelart.be\/fr\/wp-json\/wp\/v2\/product"}],"about":[{"href":"https:\/\/gravelart.be\/fr\/wp-json\/wp\/v2\/types\/product"}],"replies":[{"embeddable":true,"href":"https:\/\/gravelart.be\/fr\/wp-json\/wp\/v2\/comments?post=55198"}],"wp:featuredmedia":[{"embeddable":true,"href":"https:\/\/gravelart.be\/fr\/wp-json\/wp\/v2\/media\/55214"}],"wp:attachment":[{"href":"https:\/\/gravelart.be\/fr\/wp-json\/wp\/v2\/media?parent=55198"}],"wp:term":[{"taxonomy":"product_brand","embeddable":true,"href":"https:\/\/gravelart.be\/fr\/wp-json\/wp\/v2\/product_brand?post=55198"},{"taxonomy":"product_cat","embeddable":true,"href":"https:\/\/gravelart.be\/fr\/wp-json\/wp\/v2\/product_cat?post=55198"},{"taxonomy":"product_tag","embeddable":true,"href":"https:\/\/gravelart.be\/fr\/wp-json\/wp\/v2\/product_tag?post=55198"}],"curies":[{"name":"wp","href":"https:\/\/api.w.org\/{rel}","templated":true}]}}