{"id":55236,"date":"2026-01-23T12:40:07","date_gmt":"2026-01-23T11:40:07","guid":{"rendered":"https:\/\/gravelart.be\/product\/plaque-de-drainage-pour-toiture-vegetalisee-g25-intensive\/"},"modified":"2026-04-30T03:30:45","modified_gmt":"2026-04-30T01:30:45","slug":"plaque-de-drainage-pour-toiture-vegetalisee-g25-intensive","status":"publish","type":"product","link":"https:\/\/gravelart.be\/fr\/product\/plaque-de-drainage-pour-toiture-vegetalisee-g25-intensive\/","title":{"rendered":"Plaque de drainage pour toiture v\u00e9g\u00e9talis\u00e9e G25 intensive"},"content":{"rendered":"","protected":false},"excerpt":{"rendered":"<p>Nos plaques de drainage de haute qualit\u00e9 sont indispensables pour une toiture v\u00e9g\u00e9talis\u00e9e performante. Cette nappe \u00e0 excroissances, fabriqu\u00e9e en HIPS durable avec g\u00e9otextile, est certifi\u00e9e CE pour le drainage des jardins de toiture intensifs.<br \/>Le g\u00e9otextile pr\u00e9sente une grande r\u00e9sistance \u00e0 la traction et est solidement coll\u00e9 aux excroissances, ce qui emp\u00eache le tassement du syst\u00e8me sous le substrat.  <\/p>\n<p>Nappe de drainage avec r\u00e9servoir d\u2019eau, certifi\u00e9e CE pour les jardins de toiture intensifs.<br \/>\nLa nappe de drainage est \u00e9quip\u00e9e d\u2019un g\u00e9otextile filtrant sur la face sans excroissances et, sur la face \u00e0 excroissances, d\u2019un voile de s\u00e9paration blanc, perm\u00e9able \u00e0 la vapeur et r\u00e9partissant la pression. Les excroissances servent de r\u00e9servoir d\u2019eau suppl\u00e9mentaire (3,2 l\/m\u00b2).<br \/>La nappe \u00e0 excroissances est pos\u00e9e directement sur l\u2019\u00e9tanch\u00e9it\u00e9 de toiture r\u00e9sistante aux racines. Les plaques de drainage sont non polluantes pour l\u2019eau potable.   <\/p>\n","protected":false},"featured_media":44987,"comment_status":"open","ping_status":"closed","template":"","meta":{"_acf_changed":false,"inline_featured_image":false},"product_brand":[],"product_cat":[4152],"product_tag":[],"class_list":{"0":"post-55236","1":"product","2":"type-product","3":"status-publish","4":"has-post-thumbnail","6":"product_cat-toitures-vertes","8":"first","9":"instock","10":"taxable","11":"shipping-taxable","12":"purchasable","13":"product-type-variable","14":"has-default-attributes"},"acf":{"woocommerce_erp_id":"17123","woocommerce_cnk_id":"102815","product_density":1,"custom_prices":[{"variation_id":"55237","customer_group":"PRO","customer_id":"","min_qty":1,"max_qty":99,"steps":1,"price":356.5,"price_incl":431.37,"delivery_group":"DELIVERY","warehouse_id":""},{"variation_id":"55237","customer_group":"PRO","customer_id":"","min_qty":1,"max_qty":99,"steps":1,"price":356.5,"price_incl":431.37,"delivery_group":"COLLECT","warehouse_id":""},{"variation_id":"55237","customer_group":"PRO","customer_id":"","min_qty":100,"max_qty":299,"steps":1,"price":326.25,"price_incl":394.76,"delivery_group":"COLLECT","warehouse_id":""},{"variation_id":"55237","customer_group":"PRO","customer_id":"","min_qty":100,"max_qty":299,"steps":1,"price":326.25,"price_incl":394.76,"delivery_group":"DELIVERY","warehouse_id":""},{"variation_id":"55237","customer_group":"PRO","customer_id":"","min_qty":300,"max_qty":9999999,"steps":1,"price":297.5,"price_incl":359.98,"delivery_group":"COLLECT","warehouse_id":""},{"variation_id":"55237","customer_group":"PRO","customer_id":"","min_qty":300,"max_qty":9999999,"steps":1,"price":297.5,"price_incl":359.98,"delivery_group":"DELIVERY","warehouse_id":""},{"variation_id":"55237","customer_group":"DISTRI","customer_id":"","min_qty":1,"max_qty":3,"steps":1,"price":356.5,"price_incl":431.37,"delivery_group":"COLLECT","warehouse_id":""},{"variation_id":"55237","customer_group":"DISTRI","customer_id":"","min_qty":1,"max_qty":3,"steps":1,"price":356.5,"price_incl":431.37,"delivery_group":"DELIVERY","warehouse_id":""},{"variation_id":"55237","customer_group":"DISTRI","customer_id":"","min_qty":1,"max_qty":3,"steps":1,"price":356.5,"price_incl":431.37,"delivery_group":"COLLECT","warehouse_id":""},{"variation_id":"55237","customer_group":"DISTRI","customer_id":"","min_qty":1,"max_qty":3,"steps":1,"price":356.5,"price_incl":431.37,"delivery_group":"DELIVERY","warehouse_id":""},{"variation_id":"55237","customer_group":"DISTRI","customer_id":"","min_qty":1,"max_qty":99,"steps":1,"price":342.25,"price_incl":414.12,"delivery_group":"DELIVERY","warehouse_id":""},{"variation_id":"55237","customer_group":"DISTRI","customer_id":"","min_qty":1,"max_qty":99,"steps":1,"price":342.25,"price_incl":414.12,"delivery_group":"COLLECT","warehouse_id":""},{"variation_id":"55237","customer_group":"DISTRI","customer_id":"","min_qty":4,"max_qty":9999999,"steps":1,"price":326.25,"price_incl":394.76,"delivery_group":"COLLECT","warehouse_id":""},{"variation_id":"55237","customer_group":"DISTRI","customer_id":"","min_qty":4,"max_qty":9999999,"steps":1,"price":326.25,"price_incl":394.76,"delivery_group":"DELIVERY","warehouse_id":""},{"variation_id":"55237","customer_group":"DISTRI","customer_id":"","min_qty":4,"max_qty":9999999,"steps":1,"price":326.25,"price_incl":394.76,"delivery_group":"COLLECT","warehouse_id":""},{"variation_id":"55237","customer_group":"DISTRI","customer_id":"","min_qty":4,"max_qty":9999999,"steps":1,"price":326.25,"price_incl":394.76,"delivery_group":"DELIVERY","warehouse_id":""},{"variation_id":"55237","customer_group":"DISTRI","customer_id":"","min_qty":100,"max_qty":299,"steps":1,"price":312,"price_incl":377.52,"delivery_group":"COLLECT","warehouse_id":""},{"variation_id":"55237","customer_group":"DISTRI","customer_id":"","min_qty":100,"max_qty":299,"steps":1,"price":312,"price_incl":377.52,"delivery_group":"DELIVERY","warehouse_id":""},{"variation_id":"55237","customer_group":"DISTRI","customer_id":"","min_qty":300,"max_qty":9999999,"steps":1,"price":283.25,"price_incl":342.73,"delivery_group":"COLLECT","warehouse_id":""},{"variation_id":"55237","customer_group":"DISTRI","customer_id":"","min_qty":300,"max_qty":9999999,"steps":1,"price":283.25,"price_incl":342.73,"delivery_group":"DELIVERY","warehouse_id":""},{"variation_id":"55237","customer_group":"","customer_id":"131114","min_qty":1,"max_qty":9999999,"steps":1,"price":283.25,"price_incl":342.73,"delivery_group":"COLLECT","warehouse_id":"L"}],"packaging_ids":[{"packaging_name":"Pi\u00e8ce","packaging_id":"73","erp_id":"17123"}]},"yoast_head":"<!-- This site is optimized with the Yoast SEO plugin v27.3 - https:\/\/yoast.com\/product\/yoast-seo-wordpress\/ -->\n<title>Plaque de drainage pour toiture v\u00e9g\u00e9talis\u00e9e G25 intensive - Gravelart<\/title>\n<meta name=\"description\" content=\"Drainage de haute qualit\u00e9 en HIPS avec g\u00e9otextile pour toitures v\u00e9g\u00e9talis\u00e9es. R\u00e9tentrice d\u2019eau, r\u00e9sistante \u00e0 la pression et adapt\u00e9e aux jardins de toiture intensifs.\" \/>\n<meta name=\"robots\" content=\"index, follow, max-snippet:-1, max-image-preview:large, max-video-preview:-1\" \/>\n<link rel=\"canonical\" href=\"https:\/\/gravelart.be\/fr\/product\/plaque-de-drainage-pour-toiture-vegetalisee-g25-intensive\/\" \/>\n<meta property=\"og:locale\" content=\"fr_FR\" \/>\n<meta property=\"og:type\" content=\"article\" \/>\n<meta property=\"og:title\" content=\"Plaque de drainage pour toiture v\u00e9g\u00e9talis\u00e9e G25 intensive - Gravelart\" \/>\n<meta property=\"og:description\" content=\"Drainage de haute qualit\u00e9 en HIPS avec g\u00e9otextile pour toitures v\u00e9g\u00e9talis\u00e9es. R\u00e9tentrice d\u2019eau, r\u00e9sistante \u00e0 la pression et adapt\u00e9e aux jardins de toiture intensifs.\" \/>\n<meta property=\"og:url\" content=\"https:\/\/gravelart.be\/fr\/product\/plaque-de-drainage-pour-toiture-vegetalisee-g25-intensive\/\" \/>\n<meta property=\"og:site_name\" content=\"Gravelart\" \/>\n<meta property=\"article:modified_time\" content=\"2026-04-30T01:30:45+00:00\" \/>\n<meta property=\"og:image\" content=\"https:\/\/gravelart.be\/wp-content\/uploads\/2023\/10\/G10-10-600x450-1.jpg\" \/>\n\t<meta property=\"og:image:width\" content=\"600\" \/>\n\t<meta property=\"og:image:height\" content=\"450\" \/>\n\t<meta property=\"og:image:type\" content=\"image\/jpeg\" \/>\n<meta name=\"twitter:card\" content=\"summary_large_image\" \/>\n<script type=\"application\/ld+json\" class=\"yoast-schema-graph\">{\"@context\":\"https:\\\/\\\/schema.org\",\"@graph\":[{\"@type\":\"WebPage\",\"@id\":\"https:\\\/\\\/gravelart.be\\\/fr\\\/product\\\/plaque-de-drainage-pour-toiture-vegetalisee-g25-intensive\\\/\",\"url\":\"https:\\\/\\\/gravelart.be\\\/fr\\\/product\\\/plaque-de-drainage-pour-toiture-vegetalisee-g25-intensive\\\/\",\"name\":\"Plaque de drainage pour toiture v\u00e9g\u00e9talis\u00e9e G25 intensive - Gravelart\",\"isPartOf\":{\"@id\":\"https:\\\/\\\/gravelart.be\\\/fr\\\/#website\"},\"primaryImageOfPage\":{\"@id\":\"https:\\\/\\\/gravelart.be\\\/fr\\\/product\\\/plaque-de-drainage-pour-toiture-vegetalisee-g25-intensive\\\/#primaryimage\"},\"image\":{\"@id\":\"https:\\\/\\\/gravelart.be\\\/fr\\\/product\\\/plaque-de-drainage-pour-toiture-vegetalisee-g25-intensive\\\/#primaryimage\"},\"thumbnailUrl\":\"https:\\\/\\\/gravelart.be\\\/wp-content\\\/uploads\\\/2023\\\/10\\\/G10-10-600x450-1.jpg\",\"datePublished\":\"2026-01-23T11:40:07+00:00\",\"dateModified\":\"2026-04-30T01:30:45+00:00\",\"description\":\"Drainage de haute qualit\u00e9 en HIPS avec g\u00e9otextile pour toitures v\u00e9g\u00e9talis\u00e9es. R\u00e9tentrice d\u2019eau, r\u00e9sistante \u00e0 la pression et adapt\u00e9e aux jardins de toiture intensifs.\",\"breadcrumb\":{\"@id\":\"https:\\\/\\\/gravelart.be\\\/fr\\\/product\\\/plaque-de-drainage-pour-toiture-vegetalisee-g25-intensive\\\/#breadcrumb\"},\"inLanguage\":\"fr-FR\",\"potentialAction\":[{\"@type\":\"ReadAction\",\"target\":[\"https:\\\/\\\/gravelart.be\\\/fr\\\/product\\\/plaque-de-drainage-pour-toiture-vegetalisee-g25-intensive\\\/\"]}]},{\"@type\":\"ImageObject\",\"inLanguage\":\"fr-FR\",\"@id\":\"https:\\\/\\\/gravelart.be\\\/fr\\\/product\\\/plaque-de-drainage-pour-toiture-vegetalisee-g25-intensive\\\/#primaryimage\",\"url\":\"https:\\\/\\\/gravelart.be\\\/wp-content\\\/uploads\\\/2023\\\/10\\\/G10-10-600x450-1.jpg\",\"contentUrl\":\"https:\\\/\\\/gravelart.be\\\/wp-content\\\/uploads\\\/2023\\\/10\\\/G10-10-600x450-1.jpg\",\"width\":600,\"height\":450},{\"@type\":\"BreadcrumbList\",\"@id\":\"https:\\\/\\\/gravelart.be\\\/fr\\\/product\\\/plaque-de-drainage-pour-toiture-vegetalisee-g25-intensive\\\/#breadcrumb\",\"itemListElement\":[{\"@type\":\"ListItem\",\"position\":1,\"name\":\"Home\",\"item\":\"https:\\\/\\\/gravelart.be\\\/fr\\\/\"},{\"@type\":\"ListItem\",\"position\":2,\"name\":\"Produits\",\"item\":\"https:\\\/\\\/gravelart.be\\\/fr\\\/boutique\\\/\"},{\"@type\":\"ListItem\",\"position\":3,\"name\":\"Plaque de drainage pour toiture v\u00e9g\u00e9talis\u00e9e G25 intensive\"}]},{\"@type\":\"WebSite\",\"@id\":\"https:\\\/\\\/gravelart.be\\\/fr\\\/#website\",\"url\":\"https:\\\/\\\/gravelart.be\\\/fr\\\/\",\"name\":\"Gravelart\",\"description\":\"Alles voor tuin en park\",\"publisher\":{\"@id\":\"https:\\\/\\\/gravelart.be\\\/fr\\\/#organization\"},\"potentialAction\":[{\"@type\":\"SearchAction\",\"target\":{\"@type\":\"EntryPoint\",\"urlTemplate\":\"https:\\\/\\\/gravelart.be\\\/fr\\\/?s={search_term_string}\"},\"query-input\":{\"@type\":\"PropertyValueSpecification\",\"valueRequired\":true,\"valueName\":\"search_term_string\"}}],\"inLanguage\":\"fr-FR\"},{\"@type\":\"Organization\",\"@id\":\"https:\\\/\\\/gravelart.be\\\/fr\\\/#organization\",\"name\":\"Gravelart\",\"url\":\"https:\\\/\\\/gravelart.be\\\/fr\\\/\",\"logo\":{\"@type\":\"ImageObject\",\"inLanguage\":\"fr-FR\",\"@id\":\"https:\\\/\\\/gravelart.be\\\/fr\\\/#\\\/schema\\\/logo\\\/image\\\/\",\"url\":\"https:\\\/\\\/gravelart.be\\\/wp-content\\\/uploads\\\/2022\\\/10\\\/logo-gravelart.png\",\"contentUrl\":\"https:\\\/\\\/gravelart.be\\\/wp-content\\\/uploads\\\/2022\\\/10\\\/logo-gravelart.png\",\"width\":348,\"height\":186,\"caption\":\"Gravelart\"},\"image\":{\"@id\":\"https:\\\/\\\/gravelart.be\\\/fr\\\/#\\\/schema\\\/logo\\\/image\\\/\"}}]}<\/script>\n<!-- \/ Yoast SEO plugin. -->","yoast_head_json":{"title":"Plaque de drainage pour toiture v\u00e9g\u00e9talis\u00e9e G25 intensive - Gravelart","description":"Drainage de haute qualit\u00e9 en HIPS avec g\u00e9otextile pour toitures v\u00e9g\u00e9talis\u00e9es. R\u00e9tentrice d\u2019eau, r\u00e9sistante \u00e0 la pression et adapt\u00e9e aux jardins de toiture intensifs.","robots":{"index":"index","follow":"follow","max-snippet":"max-snippet:-1","max-image-preview":"max-image-preview:large","max-video-preview":"max-video-preview:-1"},"canonical":"https:\/\/gravelart.be\/fr\/product\/plaque-de-drainage-pour-toiture-vegetalisee-g25-intensive\/","og_locale":"fr_FR","og_type":"article","og_title":"Plaque de drainage pour toiture v\u00e9g\u00e9talis\u00e9e G25 intensive - Gravelart","og_description":"Drainage de haute qualit\u00e9 en HIPS avec g\u00e9otextile pour toitures v\u00e9g\u00e9talis\u00e9es. R\u00e9tentrice d\u2019eau, r\u00e9sistante \u00e0 la pression et adapt\u00e9e aux jardins de toiture intensifs.","og_url":"https:\/\/gravelart.be\/fr\/product\/plaque-de-drainage-pour-toiture-vegetalisee-g25-intensive\/","og_site_name":"Gravelart","article_modified_time":"2026-04-30T01:30:45+00:00","og_image":[{"width":600,"height":450,"url":"https:\/\/gravelart.be\/wp-content\/uploads\/2023\/10\/G10-10-600x450-1.jpg","type":"image\/jpeg"}],"twitter_card":"summary_large_image","schema":{"@context":"https:\/\/schema.org","@graph":[{"@type":"WebPage","@id":"https:\/\/gravelart.be\/fr\/product\/plaque-de-drainage-pour-toiture-vegetalisee-g25-intensive\/","url":"https:\/\/gravelart.be\/fr\/product\/plaque-de-drainage-pour-toiture-vegetalisee-g25-intensive\/","name":"Plaque de drainage pour toiture v\u00e9g\u00e9talis\u00e9e G25 intensive - Gravelart","isPartOf":{"@id":"https:\/\/gravelart.be\/fr\/#website"},"primaryImageOfPage":{"@id":"https:\/\/gravelart.be\/fr\/product\/plaque-de-drainage-pour-toiture-vegetalisee-g25-intensive\/#primaryimage"},"image":{"@id":"https:\/\/gravelart.be\/fr\/product\/plaque-de-drainage-pour-toiture-vegetalisee-g25-intensive\/#primaryimage"},"thumbnailUrl":"https:\/\/gravelart.be\/wp-content\/uploads\/2023\/10\/G10-10-600x450-1.jpg","datePublished":"2026-01-23T11:40:07+00:00","dateModified":"2026-04-30T01:30:45+00:00","description":"Drainage de haute qualit\u00e9 en HIPS avec g\u00e9otextile pour toitures v\u00e9g\u00e9talis\u00e9es. R\u00e9tentrice d\u2019eau, r\u00e9sistante \u00e0 la pression et adapt\u00e9e aux jardins de toiture intensifs.","breadcrumb":{"@id":"https:\/\/gravelart.be\/fr\/product\/plaque-de-drainage-pour-toiture-vegetalisee-g25-intensive\/#breadcrumb"},"inLanguage":"fr-FR","potentialAction":[{"@type":"ReadAction","target":["https:\/\/gravelart.be\/fr\/product\/plaque-de-drainage-pour-toiture-vegetalisee-g25-intensive\/"]}]},{"@type":"ImageObject","inLanguage":"fr-FR","@id":"https:\/\/gravelart.be\/fr\/product\/plaque-de-drainage-pour-toiture-vegetalisee-g25-intensive\/#primaryimage","url":"https:\/\/gravelart.be\/wp-content\/uploads\/2023\/10\/G10-10-600x450-1.jpg","contentUrl":"https:\/\/gravelart.be\/wp-content\/uploads\/2023\/10\/G10-10-600x450-1.jpg","width":600,"height":450},{"@type":"BreadcrumbList","@id":"https:\/\/gravelart.be\/fr\/product\/plaque-de-drainage-pour-toiture-vegetalisee-g25-intensive\/#breadcrumb","itemListElement":[{"@type":"ListItem","position":1,"name":"Home","item":"https:\/\/gravelart.be\/fr\/"},{"@type":"ListItem","position":2,"name":"Produits","item":"https:\/\/gravelart.be\/fr\/boutique\/"},{"@type":"ListItem","position":3,"name":"Plaque de drainage pour toiture v\u00e9g\u00e9talis\u00e9e G25 intensive"}]},{"@type":"WebSite","@id":"https:\/\/gravelart.be\/fr\/#website","url":"https:\/\/gravelart.be\/fr\/","name":"Gravelart","description":"Alles voor tuin en park","publisher":{"@id":"https:\/\/gravelart.be\/fr\/#organization"},"potentialAction":[{"@type":"SearchAction","target":{"@type":"EntryPoint","urlTemplate":"https:\/\/gravelart.be\/fr\/?s={search_term_string}"},"query-input":{"@type":"PropertyValueSpecification","valueRequired":true,"valueName":"search_term_string"}}],"inLanguage":"fr-FR"},{"@type":"Organization","@id":"https:\/\/gravelart.be\/fr\/#organization","name":"Gravelart","url":"https:\/\/gravelart.be\/fr\/","logo":{"@type":"ImageObject","inLanguage":"fr-FR","@id":"https:\/\/gravelart.be\/fr\/#\/schema\/logo\/image\/","url":"https:\/\/gravelart.be\/wp-content\/uploads\/2022\/10\/logo-gravelart.png","contentUrl":"https:\/\/gravelart.be\/wp-content\/uploads\/2022\/10\/logo-gravelart.png","width":348,"height":186,"caption":"Gravelart"},"image":{"@id":"https:\/\/gravelart.be\/fr\/#\/schema\/logo\/image\/"}}]}},"_links":{"self":[{"href":"https:\/\/gravelart.be\/fr\/wp-json\/wp\/v2\/product\/55236","targetHints":{"allow":["GET"]}}],"collection":[{"href":"https:\/\/gravelart.be\/fr\/wp-json\/wp\/v2\/product"}],"about":[{"href":"https:\/\/gravelart.be\/fr\/wp-json\/wp\/v2\/types\/product"}],"replies":[{"embeddable":true,"href":"https:\/\/gravelart.be\/fr\/wp-json\/wp\/v2\/comments?post=55236"}],"wp:featuredmedia":[{"embeddable":true,"href":"https:\/\/gravelart.be\/fr\/wp-json\/wp\/v2\/media\/44987"}],"wp:attachment":[{"href":"https:\/\/gravelart.be\/fr\/wp-json\/wp\/v2\/media?parent=55236"}],"wp:term":[{"taxonomy":"product_brand","embeddable":true,"href":"https:\/\/gravelart.be\/fr\/wp-json\/wp\/v2\/product_brand?post=55236"},{"taxonomy":"product_cat","embeddable":true,"href":"https:\/\/gravelart.be\/fr\/wp-json\/wp\/v2\/product_cat?post=55236"},{"taxonomy":"product_tag","embeddable":true,"href":"https:\/\/gravelart.be\/fr\/wp-json\/wp\/v2\/product_tag?post=55236"}],"curies":[{"name":"wp","href":"https:\/\/api.w.org\/{rel}","templated":true}]}}