{"id":56022,"date":"2026-02-20T15:21:11","date_gmt":"2026-02-20T14:21:11","guid":{"rendered":"https:\/\/gravelart.be\/?post_type=product&#038;p=56022"},"modified":"2026-04-12T03:11:03","modified_gmt":"2026-04-12T01:11:03","slug":"lave-40-80","status":"publish","type":"product","link":"https:\/\/gravelart.be\/fr\/product\/lave-40-80\/","title":{"rendered":"Lave 40\/80"},"content":{"rendered":"","protected":false},"excerpt":{"rendered":"<p data-start=\"175\" data-end=\"501\">Cette pierre de lave concass\u00e9e allemande 40\/80, provenant du massif de l\u2019Eifel, est id\u00e9ale comme remplissage pour gabions et pour des applications d\u00e9coratives au jardin. Gr\u00e2ce \u00e0 sa granulom\u00e9trie grossi\u00e8re et \u00e0 son aspect naturel, cette pierre de lave garantit un r\u00e9sultat robuste et intemporel.<br \/>La lave est un produit naturel ; la couleur et la forme peuvent donc varier.  <\/p>\n<h3 data-start=\"503\" data-end=\"535\">Applications de la lave 40\/80 :<\/h3>\n<ul>\n<li data-start=\"539\" data-end=\"603\">Gabions : Parfait pour des paniers avec une maille de 50 x 50 mm.<\/li>\n<li data-start=\"606\" data-end=\"671\">Accents de jardin : Convient pour les bordures et les espaces ouverts plus vastes.<\/li>\n<li data-start=\"674\" data-end=\"735\">Finition de bassin : Bordure d\u00e9corative autour des \u00e9tangs.<\/li>\n<\/ul>\n<p data-start=\"737\" data-end=\"885\">Gravelart distribue exclusivement de la lave allemande provenant du massif de l\u2019Eifel. Celle-ci est achemin\u00e9e chaque semaine par p\u00e9niche, directement depuis le producteur. <\/p>\n","protected":false},"featured_media":56030,"comment_status":"open","ping_status":"closed","template":"","meta":{"_acf_changed":false,"inline_featured_image":false},"product_brand":[],"product_cat":[4151,4158],"product_tag":[],"class_list":{"0":"post-56022","1":"product","2":"type-product","3":"status-publish","4":"has-post-thumbnail","6":"product_cat-moellons-galets","7":"product_cat-pierres-de-lave","9":"first","10":"instock","11":"taxable","12":"shipping-taxable","13":"purchasable","14":"product-type-variable","15":"has-default-attributes"},"acf":{"woocommerce_erp_id":"17161","woocommerce_cnk_id":"102854","product_density":1.1,"custom_prices":[{"variation_id":"56023","customer_group":"PRO","customer_id":"","min_qty":0.5,"max_qty":9999999,"steps":0.01,"price":94.12,"price_incl":113.89,"delivery_group":"DELIVERY","warehouse_id":""},{"variation_id":"56023","customer_group":"PRO","customer_id":"","min_qty":0.5,"max_qty":9999999,"steps":0.01,"price":94.12,"price_incl":113.89,"delivery_group":"COLLECT","warehouse_id":""},{"variation_id":"56023","customer_group":"CON","customer_id":"","min_qty":0.5,"max_qty":9999999,"steps":0.01,"price":122.21,"price_incl":147.87,"delivery_group":"COLLECT","warehouse_id":""},{"variation_id":"56023","customer_group":"CON","customer_id":"","min_qty":0.5,"max_qty":9999999,"steps":0.01,"price":122.21,"price_incl":147.87,"delivery_group":"COLLECT","warehouse_id":""},{"variation_id":"56023","customer_group":"CON","customer_id":"","min_qty":0.5,"max_qty":9999999,"steps":0.01,"price":122.21,"price_incl":147.87,"delivery_group":"DELIVERY","warehouse_id":""},{"variation_id":"56023","customer_group":"CON","customer_id":"","min_qty":0.5,"max_qty":9999999,"steps":0.01,"price":122.21,"price_incl":147.87,"delivery_group":"DELIVERY","warehouse_id":""},{"variation_id":"56023","customer_group":"DISTRI","customer_id":"","min_qty":0.5,"max_qty":9999999,"steps":0.01,"price":83.8,"price_incl":101.4,"delivery_group":"DELIVERY","warehouse_id":""},{"variation_id":"56023","customer_group":"DISTRI","customer_id":"","min_qty":0.5,"max_qty":9999999,"steps":0.01,"price":83.8,"price_incl":101.4,"delivery_group":"COLLECT","warehouse_id":""},{"variation_id":"56023","customer_group":"DISTRI","customer_id":"129214","min_qty":0.5,"max_qty":9999999,"steps":0.01,"price":69.23,"price_incl":83.77,"delivery_group":"COLLECT","warehouse_id":""},{"variation_id":"56023","customer_group":"DISTRI","customer_id":"129214","min_qty":0.5,"max_qty":9999999,"steps":0.01,"price":69.23,"price_incl":83.77,"delivery_group":"DELIVERY","warehouse_id":""},{"variation_id":"57105","customer_group":"PRO","customer_id":"","min_qty":1,"max_qty":9999999,"steps":1,"price":2.84,"price_incl":3.44,"delivery_group":"COLLECT","warehouse_id":""},{"variation_id":"57105","customer_group":"PRO","customer_id":"","min_qty":1,"max_qty":9999999,"steps":1,"price":2.84,"price_incl":3.44,"delivery_group":"DELIVERY","warehouse_id":""},{"variation_id":"57105","customer_group":"DISTRI","customer_id":"","min_qty":1,"max_qty":9999999,"steps":1,"price":2.64,"price_incl":3.19,"delivery_group":"DELIVERY","warehouse_id":""},{"variation_id":"57105","customer_group":"DISTRI","customer_id":"","min_qty":1,"max_qty":9999999,"steps":1,"price":2.64,"price_incl":3.19,"delivery_group":"COLLECT","warehouse_id":""},{"variation_id":"57105","customer_group":"CON","customer_id":"","min_qty":1,"max_qty":9999999,"steps":1,"price":4.11,"price_incl":4.97,"delivery_group":"COLLECT","warehouse_id":""},{"variation_id":"57105","customer_group":"CON","customer_id":"","min_qty":1,"max_qty":9999999,"steps":1,"price":4.11,"price_incl":4.97,"delivery_group":"DELIVERY","warehouse_id":""},{"variation_id":"57105","customer_group":"DISTRI","customer_id":"129214","min_qty":1,"max_qty":9999999,"steps":1,"price":2.34,"price_incl":2.83,"delivery_group":"COLLECT","warehouse_id":""},{"variation_id":"57105","customer_group":"DISTRI","customer_id":"129214","min_qty":1,"max_qty":9999999,"steps":1,"price":2.34,"price_incl":2.83,"delivery_group":"DELIVERY","warehouse_id":""},{"variation_id":"56031","customer_group":"PRO","customer_id":"","min_qty":1,"max_qty":9999999,"steps":1,"price":63.06,"price_incl":76.3,"delivery_group":"COLLECT","warehouse_id":""},{"variation_id":"56031","customer_group":"PRO","customer_id":"","min_qty":1,"max_qty":9999999,"steps":1,"price":63.06,"price_incl":76.3,"delivery_group":"DELIVERY","warehouse_id":""},{"variation_id":"56031","customer_group":"CON","customer_id":"","min_qty":1,"max_qty":9999999,"steps":1,"price":81.77,"price_incl":98.94,"delivery_group":"COLLECT","warehouse_id":""},{"variation_id":"56031","customer_group":"CON","customer_id":"","min_qty":1,"max_qty":9999999,"steps":1,"price":81.77,"price_incl":98.94,"delivery_group":"DELIVERY","warehouse_id":""},{"variation_id":"56031","customer_group":"DISTRI","customer_id":"","min_qty":1,"max_qty":9999999,"steps":1,"price":57.9,"price_incl":70.06,"delivery_group":"DELIVERY","warehouse_id":""},{"variation_id":"56031","customer_group":"DISTRI","customer_id":"","min_qty":1,"max_qty":9999999,"steps":1,"price":57.9,"price_incl":70.06,"delivery_group":"COLLECT","warehouse_id":""},{"variation_id":"56031","customer_group":"DISTRI","customer_id":"129214","min_qty":1,"max_qty":9999999,"steps":1,"price":50.62,"price_incl":61.25,"delivery_group":"COLLECT","warehouse_id":""},{"variation_id":"56031","customer_group":"DISTRI","customer_id":"129214","min_qty":1,"max_qty":9999999,"steps":1,"price":50.62,"price_incl":61.25,"delivery_group":"DELIVERY","warehouse_id":""},{"variation_id":"56032","customer_group":"PRO","customer_id":"","min_qty":1,"max_qty":9999999,"steps":1,"price":110.12,"price_incl":133.25,"delivery_group":"COLLECT","warehouse_id":""},{"variation_id":"56032","customer_group":"PRO","customer_id":"","min_qty":1,"max_qty":9999999,"steps":1,"price":110.12,"price_incl":133.25,"delivery_group":"DELIVERY","warehouse_id":""},{"variation_id":"56032","customer_group":"CON","customer_id":"","min_qty":1,"max_qty":9999999,"steps":1,"price":142.87,"price_incl":172.87,"delivery_group":"COLLECT","warehouse_id":""},{"variation_id":"56032","customer_group":"CON","customer_id":"","min_qty":1,"max_qty":9999999,"steps":1,"price":142.87,"price_incl":172.87,"delivery_group":"DELIVERY","warehouse_id":""},{"variation_id":"56032","customer_group":"DISTRI","customer_id":"","min_qty":1,"max_qty":9999999,"steps":1,"price":99.8,"price_incl":120.76,"delivery_group":"DELIVERY","warehouse_id":""},{"variation_id":"56032","customer_group":"DISTRI","customer_id":"","min_qty":1,"max_qty":9999999,"steps":1,"price":99.8,"price_incl":120.76,"delivery_group":"COLLECT","warehouse_id":""},{"variation_id":"56032","customer_group":"DISTRI","customer_id":"129214","min_qty":1,"max_qty":9999999,"steps":1,"price":85.23,"price_incl":103.13,"delivery_group":"DELIVERY","warehouse_id":""},{"variation_id":"56032","customer_group":"DISTRI","customer_id":"129214","min_qty":1,"max_qty":9999999,"steps":1,"price":85.23,"price_incl":103.13,"delivery_group":"COLLECT","warehouse_id":""}],"packaging_ids":[{"packaging_name":"En vrac","packaging_id":"74","erp_id":"17161"},{"packaging_name":"Pi\u00e8ce","packaging_id":"73","erp_id":"17188"},{"packaging_name":"Big bag 500 kg","packaging_id":"75","erp_id":"17240"},{"packaging_name":"Big bag 1000 kg","packaging_id":"76","erp_id":"17238"},{"packaging_name":"Big bag 1500 kg","packaging_id":"77","erp_id":"17239"}]},"yoast_head":"<!-- This site is optimized with the Yoast SEO plugin v27.3 - https:\/\/yoast.com\/product\/yoast-seo-wordpress\/ -->\n<title>Lave 40\/80 - Gravelart<\/title>\n<meta name=\"description\" content=\"La lave 40\/80 est une pierre concass\u00e9e robuste, id\u00e9ale pour les gabions et les projets de jardin d\u00e9coratifs. Elle offre un aspect naturel et se distingue par sa durabilit\u00e9.\" \/>\n<meta name=\"robots\" content=\"index, follow, max-snippet:-1, max-image-preview:large, max-video-preview:-1\" \/>\n<link rel=\"canonical\" href=\"https:\/\/gravelart.be\/fr\/product\/lave-40-80\/\" \/>\n<meta property=\"og:locale\" content=\"fr_FR\" \/>\n<meta property=\"og:type\" content=\"article\" \/>\n<meta property=\"og:title\" content=\"Lave 40\/80 - Gravelart\" \/>\n<meta property=\"og:description\" content=\"La lave 40\/80 est une pierre concass\u00e9e robuste, id\u00e9ale pour les gabions et les projets de jardin d\u00e9coratifs. Elle offre un aspect naturel et se distingue par sa durabilit\u00e9.\" \/>\n<meta property=\"og:url\" content=\"https:\/\/gravelart.be\/fr\/product\/lave-40-80\/\" \/>\n<meta property=\"og:site_name\" content=\"Gravelart\" \/>\n<meta property=\"article:modified_time\" content=\"2026-04-12T01:11:03+00:00\" \/>\n<meta property=\"og:image\" content=\"https:\/\/gravelart.be\/wp-content\/uploads\/2026\/02\/Lava-02-40-80-scaled.jpg\" \/>\n\t<meta property=\"og:image:width\" content=\"2560\" \/>\n\t<meta property=\"og:image:height\" content=\"1703\" \/>\n\t<meta property=\"og:image:type\" content=\"image\/jpeg\" \/>\n<meta name=\"twitter:card\" content=\"summary_large_image\" \/>\n<meta name=\"twitter:label1\" content=\"Dur\u00e9e de lecture estim\u00e9e\" \/>\n\t<meta name=\"twitter:data1\" content=\"1 minute\" \/>\n<script type=\"application\/ld+json\" class=\"yoast-schema-graph\">{\"@context\":\"https:\\\/\\\/schema.org\",\"@graph\":[{\"@type\":\"WebPage\",\"@id\":\"https:\\\/\\\/gravelart.be\\\/fr\\\/product\\\/lave-40-80\\\/\",\"url\":\"https:\\\/\\\/gravelart.be\\\/fr\\\/product\\\/lave-40-80\\\/\",\"name\":\"Lave 40\\\/80 - Gravelart\",\"isPartOf\":{\"@id\":\"https:\\\/\\\/gravelart.be\\\/fr\\\/#website\"},\"primaryImageOfPage\":{\"@id\":\"https:\\\/\\\/gravelart.be\\\/fr\\\/product\\\/lave-40-80\\\/#primaryimage\"},\"image\":{\"@id\":\"https:\\\/\\\/gravelart.be\\\/fr\\\/product\\\/lave-40-80\\\/#primaryimage\"},\"thumbnailUrl\":\"https:\\\/\\\/gravelart.be\\\/wp-content\\\/uploads\\\/2026\\\/02\\\/Lava-02-40-80-scaled.jpg\",\"datePublished\":\"2026-02-20T14:21:11+00:00\",\"dateModified\":\"2026-04-12T01:11:03+00:00\",\"description\":\"La lave 40\\\/80 est une pierre concass\u00e9e robuste, id\u00e9ale pour les gabions et les projets de jardin d\u00e9coratifs. Elle offre un aspect naturel et se distingue par sa durabilit\u00e9.\",\"breadcrumb\":{\"@id\":\"https:\\\/\\\/gravelart.be\\\/fr\\\/product\\\/lave-40-80\\\/#breadcrumb\"},\"inLanguage\":\"fr-FR\",\"potentialAction\":[{\"@type\":\"ReadAction\",\"target\":[\"https:\\\/\\\/gravelart.be\\\/fr\\\/product\\\/lave-40-80\\\/\"]}]},{\"@type\":\"ImageObject\",\"inLanguage\":\"fr-FR\",\"@id\":\"https:\\\/\\\/gravelart.be\\\/fr\\\/product\\\/lave-40-80\\\/#primaryimage\",\"url\":\"https:\\\/\\\/gravelart.be\\\/wp-content\\\/uploads\\\/2026\\\/02\\\/Lava-02-40-80-scaled.jpg\",\"contentUrl\":\"https:\\\/\\\/gravelart.be\\\/wp-content\\\/uploads\\\/2026\\\/02\\\/Lava-02-40-80-scaled.jpg\",\"width\":2560,\"height\":1703},{\"@type\":\"BreadcrumbList\",\"@id\":\"https:\\\/\\\/gravelart.be\\\/fr\\\/product\\\/lave-40-80\\\/#breadcrumb\",\"itemListElement\":[{\"@type\":\"ListItem\",\"position\":1,\"name\":\"Home\",\"item\":\"https:\\\/\\\/gravelart.be\\\/fr\\\/\"},{\"@type\":\"ListItem\",\"position\":2,\"name\":\"Produits\",\"item\":\"https:\\\/\\\/gravelart.be\\\/fr\\\/boutique\\\/\"},{\"@type\":\"ListItem\",\"position\":3,\"name\":\"Lave 40\\\/80\"}]},{\"@type\":\"WebSite\",\"@id\":\"https:\\\/\\\/gravelart.be\\\/fr\\\/#website\",\"url\":\"https:\\\/\\\/gravelart.be\\\/fr\\\/\",\"name\":\"Gravelart\",\"description\":\"Alles voor tuin en park\",\"publisher\":{\"@id\":\"https:\\\/\\\/gravelart.be\\\/fr\\\/#organization\"},\"potentialAction\":[{\"@type\":\"SearchAction\",\"target\":{\"@type\":\"EntryPoint\",\"urlTemplate\":\"https:\\\/\\\/gravelart.be\\\/fr\\\/?s={search_term_string}\"},\"query-input\":{\"@type\":\"PropertyValueSpecification\",\"valueRequired\":true,\"valueName\":\"search_term_string\"}}],\"inLanguage\":\"fr-FR\"},{\"@type\":\"Organization\",\"@id\":\"https:\\\/\\\/gravelart.be\\\/fr\\\/#organization\",\"name\":\"Gravelart\",\"url\":\"https:\\\/\\\/gravelart.be\\\/fr\\\/\",\"logo\":{\"@type\":\"ImageObject\",\"inLanguage\":\"fr-FR\",\"@id\":\"https:\\\/\\\/gravelart.be\\\/fr\\\/#\\\/schema\\\/logo\\\/image\\\/\",\"url\":\"https:\\\/\\\/gravelart.be\\\/wp-content\\\/uploads\\\/2022\\\/10\\\/logo-gravelart.png\",\"contentUrl\":\"https:\\\/\\\/gravelart.be\\\/wp-content\\\/uploads\\\/2022\\\/10\\\/logo-gravelart.png\",\"width\":348,\"height\":186,\"caption\":\"Gravelart\"},\"image\":{\"@id\":\"https:\\\/\\\/gravelart.be\\\/fr\\\/#\\\/schema\\\/logo\\\/image\\\/\"}}]}<\/script>\n<!-- \/ Yoast SEO plugin. -->","yoast_head_json":{"title":"Lave 40\/80 - Gravelart","description":"La lave 40\/80 est une pierre concass\u00e9e robuste, id\u00e9ale pour les gabions et les projets de jardin d\u00e9coratifs. Elle offre un aspect naturel et se distingue par sa durabilit\u00e9.","robots":{"index":"index","follow":"follow","max-snippet":"max-snippet:-1","max-image-preview":"max-image-preview:large","max-video-preview":"max-video-preview:-1"},"canonical":"https:\/\/gravelart.be\/fr\/product\/lave-40-80\/","og_locale":"fr_FR","og_type":"article","og_title":"Lave 40\/80 - Gravelart","og_description":"La lave 40\/80 est une pierre concass\u00e9e robuste, id\u00e9ale pour les gabions et les projets de jardin d\u00e9coratifs. Elle offre un aspect naturel et se distingue par sa durabilit\u00e9.","og_url":"https:\/\/gravelart.be\/fr\/product\/lave-40-80\/","og_site_name":"Gravelart","article_modified_time":"2026-04-12T01:11:03+00:00","og_image":[{"width":2560,"height":1703,"url":"https:\/\/gravelart.be\/wp-content\/uploads\/2026\/02\/Lava-02-40-80-scaled.jpg","type":"image\/jpeg"}],"twitter_card":"summary_large_image","twitter_misc":{"Dur\u00e9e de lecture estim\u00e9e":"1 minute"},"schema":{"@context":"https:\/\/schema.org","@graph":[{"@type":"WebPage","@id":"https:\/\/gravelart.be\/fr\/product\/lave-40-80\/","url":"https:\/\/gravelart.be\/fr\/product\/lave-40-80\/","name":"Lave 40\/80 - Gravelart","isPartOf":{"@id":"https:\/\/gravelart.be\/fr\/#website"},"primaryImageOfPage":{"@id":"https:\/\/gravelart.be\/fr\/product\/lave-40-80\/#primaryimage"},"image":{"@id":"https:\/\/gravelart.be\/fr\/product\/lave-40-80\/#primaryimage"},"thumbnailUrl":"https:\/\/gravelart.be\/wp-content\/uploads\/2026\/02\/Lava-02-40-80-scaled.jpg","datePublished":"2026-02-20T14:21:11+00:00","dateModified":"2026-04-12T01:11:03+00:00","description":"La lave 40\/80 est une pierre concass\u00e9e robuste, id\u00e9ale pour les gabions et les projets de jardin d\u00e9coratifs. Elle offre un aspect naturel et se distingue par sa durabilit\u00e9.","breadcrumb":{"@id":"https:\/\/gravelart.be\/fr\/product\/lave-40-80\/#breadcrumb"},"inLanguage":"fr-FR","potentialAction":[{"@type":"ReadAction","target":["https:\/\/gravelart.be\/fr\/product\/lave-40-80\/"]}]},{"@type":"ImageObject","inLanguage":"fr-FR","@id":"https:\/\/gravelart.be\/fr\/product\/lave-40-80\/#primaryimage","url":"https:\/\/gravelart.be\/wp-content\/uploads\/2026\/02\/Lava-02-40-80-scaled.jpg","contentUrl":"https:\/\/gravelart.be\/wp-content\/uploads\/2026\/02\/Lava-02-40-80-scaled.jpg","width":2560,"height":1703},{"@type":"BreadcrumbList","@id":"https:\/\/gravelart.be\/fr\/product\/lave-40-80\/#breadcrumb","itemListElement":[{"@type":"ListItem","position":1,"name":"Home","item":"https:\/\/gravelart.be\/fr\/"},{"@type":"ListItem","position":2,"name":"Produits","item":"https:\/\/gravelart.be\/fr\/boutique\/"},{"@type":"ListItem","position":3,"name":"Lave 40\/80"}]},{"@type":"WebSite","@id":"https:\/\/gravelart.be\/fr\/#website","url":"https:\/\/gravelart.be\/fr\/","name":"Gravelart","description":"Alles voor tuin en park","publisher":{"@id":"https:\/\/gravelart.be\/fr\/#organization"},"potentialAction":[{"@type":"SearchAction","target":{"@type":"EntryPoint","urlTemplate":"https:\/\/gravelart.be\/fr\/?s={search_term_string}"},"query-input":{"@type":"PropertyValueSpecification","valueRequired":true,"valueName":"search_term_string"}}],"inLanguage":"fr-FR"},{"@type":"Organization","@id":"https:\/\/gravelart.be\/fr\/#organization","name":"Gravelart","url":"https:\/\/gravelart.be\/fr\/","logo":{"@type":"ImageObject","inLanguage":"fr-FR","@id":"https:\/\/gravelart.be\/fr\/#\/schema\/logo\/image\/","url":"https:\/\/gravelart.be\/wp-content\/uploads\/2022\/10\/logo-gravelart.png","contentUrl":"https:\/\/gravelart.be\/wp-content\/uploads\/2022\/10\/logo-gravelart.png","width":348,"height":186,"caption":"Gravelart"},"image":{"@id":"https:\/\/gravelart.be\/fr\/#\/schema\/logo\/image\/"}}]}},"_links":{"self":[{"href":"https:\/\/gravelart.be\/fr\/wp-json\/wp\/v2\/product\/56022","targetHints":{"allow":["GET"]}}],"collection":[{"href":"https:\/\/gravelart.be\/fr\/wp-json\/wp\/v2\/product"}],"about":[{"href":"https:\/\/gravelart.be\/fr\/wp-json\/wp\/v2\/types\/product"}],"replies":[{"embeddable":true,"href":"https:\/\/gravelart.be\/fr\/wp-json\/wp\/v2\/comments?post=56022"}],"wp:featuredmedia":[{"embeddable":true,"href":"https:\/\/gravelart.be\/fr\/wp-json\/wp\/v2\/media\/56030"}],"wp:attachment":[{"href":"https:\/\/gravelart.be\/fr\/wp-json\/wp\/v2\/media?parent=56022"}],"wp:term":[{"taxonomy":"product_brand","embeddable":true,"href":"https:\/\/gravelart.be\/fr\/wp-json\/wp\/v2\/product_brand?post=56022"},{"taxonomy":"product_cat","embeddable":true,"href":"https:\/\/gravelart.be\/fr\/wp-json\/wp\/v2\/product_cat?post=56022"},{"taxonomy":"product_tag","embeddable":true,"href":"https:\/\/gravelart.be\/fr\/wp-json\/wp\/v2\/product_tag?post=56022"}],"curies":[{"name":"wp","href":"https:\/\/api.w.org\/{rel}","templated":true}]}}