{"id":56118,"date":"2025-10-03T09:13:28","date_gmt":"2025-10-03T07:13:28","guid":{"rendered":"https:\/\/gravelart.be\/product\/nevada-22-30\/"},"modified":"2026-04-30T03:40:05","modified_gmt":"2026-04-30T01:40:05","slug":"nevada-22-30","status":"publish","type":"product","link":"https:\/\/gravelart.be\/fr\/product\/nevada-22-30\/","title":{"rendered":"Nevada 22\/30"},"content":{"rendered":"","protected":false},"excerpt":{"rendered":"<p>Ce magnifique marbre doit son nom \u00e0 la Sierra Nevada, la deuxi\u00e8me plus haute cha\u00eene de montagnes d\u2019Europe apr\u00e8s les Alpes. Le blanc arctique et le gris clair caract\u00e9risent ce gravier d\u00e9coratif. Exceptionnel et intemporel.<br data-start=\"1835\" data-end=\"1838\">Nevada est un gravier d\u2019ornement exceptionnel et intemporel, comparable au Niagara Blue, mais d\u2019une couleur plus claire.<br \/>\u00c9galement disponible dans d\u2019autres granulom\u00e9tries : <a href=\"https:\/\/gravelart.be\/fr\/product\/nevada-6-8\/\">6\/8<\/a>, <a href=\"https:\/\/gravelart.be\/fr\/product\/nevada-8-12\/\">8\/12<\/a> et <a href=\"https:\/\/gravelart.be\/fr\/product\/nevada-16-22\/\">16\/22<\/a>   <\/p>\n","protected":false},"featured_media":53653,"comment_status":"open","ping_status":"closed","template":"","meta":{"_acf_changed":false,"inline_featured_image":false},"product_brand":[],"product_cat":[4894,4154],"product_tag":[],"class_list":{"0":"post-56118","1":"product","2":"type-product","3":"status-publish","4":"has-post-thumbnail","6":"product_cat-gravier-stabilisateurs-de-gravier","7":"product_cat-gravier-decoratif","9":"first","10":"instock","11":"taxable","12":"shipping-taxable","13":"purchasable","14":"product-type-variable","15":"has-default-attributes"},"acf":{"woocommerce_erp_id":"18292","woocommerce_cnk_id":"104039","product_density":1.6,"custom_prices":[{"variation_id":"56119","customer_group":"CON","customer_id":"","min_qty":1,"max_qty":9999999,"steps":1,"price":167.58,"price_incl":202.77,"delivery_group":"COLLECT","warehouse_id":""},{"variation_id":"56119","customer_group":"CON","customer_id":"","min_qty":1,"max_qty":9999999,"steps":1,"price":167.58,"price_incl":202.77,"delivery_group":"DELIVERY","warehouse_id":""},{"variation_id":"56119","customer_group":"CON","customer_id":"","min_qty":1,"max_qty":9999999,"steps":1,"price":167.58,"price_incl":202.77,"delivery_group":"COLLECT","warehouse_id":""},{"variation_id":"56119","customer_group":"CON","customer_id":"","min_qty":1,"max_qty":9999999,"steps":1,"price":167.58,"price_incl":202.77,"delivery_group":"DELIVERY","warehouse_id":""},{"variation_id":"56119","customer_group":"DISTRI","customer_id":"","min_qty":1,"max_qty":9999999,"steps":1,"price":109.95,"price_incl":133.04,"delivery_group":"COLLECT","warehouse_id":""},{"variation_id":"56119","customer_group":"DISTRI","customer_id":"","min_qty":1,"max_qty":9999999,"steps":1,"price":109.95,"price_incl":133.04,"delivery_group":"DELIVERY","warehouse_id":""},{"variation_id":"56119","customer_group":"DISTRI","customer_id":"","min_qty":1,"max_qty":9999999,"steps":1,"price":109.95,"price_incl":133.04,"delivery_group":"COLLECT","warehouse_id":""},{"variation_id":"56119","customer_group":"DISTRI","customer_id":"","min_qty":1,"max_qty":9999999,"steps":1,"price":109.95,"price_incl":133.04,"delivery_group":"DELIVERY","warehouse_id":""},{"variation_id":"56119","customer_group":"PRO","customer_id":"","min_qty":1,"max_qty":9999999,"steps":1,"price":139.67,"price_incl":169,"delivery_group":"COLLECT","warehouse_id":""},{"variation_id":"56119","customer_group":"PRO","customer_id":"","min_qty":1,"max_qty":9999999,"steps":1,"price":139.67,"price_incl":169,"delivery_group":"DELIVERY","warehouse_id":""},{"variation_id":"56119","customer_group":"PRO","customer_id":"","min_qty":1,"max_qty":9999999,"steps":1,"price":139.67,"price_incl":169,"delivery_group":"COLLECT","warehouse_id":""},{"variation_id":"56119","customer_group":"PRO","customer_id":"","min_qty":1,"max_qty":9999999,"steps":1,"price":139.67,"price_incl":169,"delivery_group":"DELIVERY","warehouse_id":""},{"variation_id":"56119","customer_group":"PER","customer_id":"","min_qty":1,"max_qty":9999999,"steps":1,"price":69.96,"price_incl":84.65,"delivery_group":"COLLECT","warehouse_id":""},{"variation_id":"56119","customer_group":"PER","customer_id":"","min_qty":1,"max_qty":9999999,"steps":1,"price":69.96,"price_incl":84.65,"delivery_group":"DELIVERY","warehouse_id":""},{"variation_id":"56119","customer_group":"PER","customer_id":"","min_qty":1,"max_qty":9999999,"steps":1,"price":69.96,"price_incl":84.65,"delivery_group":"COLLECT","warehouse_id":""},{"variation_id":"56119","customer_group":"PER","customer_id":"","min_qty":1,"max_qty":9999999,"steps":1,"price":69.96,"price_incl":84.65,"delivery_group":"DELIVERY","warehouse_id":""}],"packaging_ids":[{"packaging_name":"En vrac","packaging_id":"74","erp_id":"18292"}]},"yoast_head":"<!-- This site is optimized with the Yoast SEO plugin v27.3 - https:\/\/yoast.com\/product\/yoast-seo-wordpress\/ -->\n<title>Nevada 22\/30 - Gravelart<\/title>\n<meta name=\"description\" content=\"Nevada 22\/30 combine le blanc arctique et le gris clair dans un marbre intemporel qui conf\u00e8re \u00e0 chaque jardin et all\u00e9e une allure \u00e9l\u00e9gante et luxueuse.\" \/>\n<meta name=\"robots\" content=\"index, follow, max-snippet:-1, max-image-preview:large, max-video-preview:-1\" \/>\n<link rel=\"canonical\" href=\"https:\/\/gravelart.be\/fr\/product\/nevada-22-30\/\" \/>\n<meta property=\"og:locale\" content=\"fr_FR\" \/>\n<meta property=\"og:type\" content=\"article\" \/>\n<meta property=\"og:title\" content=\"Nevada 22\/30 - Gravelart\" \/>\n<meta property=\"og:description\" content=\"Nevada 22\/30 combine le blanc arctique et le gris clair dans un marbre intemporel qui conf\u00e8re \u00e0 chaque jardin et all\u00e9e une allure \u00e9l\u00e9gante et luxueuse.\" \/>\n<meta property=\"og:url\" content=\"https:\/\/gravelart.be\/fr\/product\/nevada-22-30\/\" \/>\n<meta property=\"og:site_name\" content=\"Gravelart\" \/>\n<meta property=\"article:modified_time\" content=\"2026-04-30T01:40:05+00:00\" \/>\n<meta property=\"og:image\" content=\"https:\/\/gravelart.be\/wp-content\/uploads\/2025\/10\/Nevada-22-30.png\" \/>\n\t<meta property=\"og:image:width\" content=\"1000\" \/>\n\t<meta property=\"og:image:height\" content=\"1000\" \/>\n\t<meta property=\"og:image:type\" content=\"image\/png\" \/>\n<meta name=\"twitter:card\" content=\"summary_large_image\" \/>\n<meta name=\"twitter:label1\" content=\"Dur\u00e9e de lecture estim\u00e9e\" \/>\n\t<meta name=\"twitter:data1\" content=\"1 minute\" \/>\n<script type=\"application\/ld+json\" class=\"yoast-schema-graph\">{\"@context\":\"https:\\\/\\\/schema.org\",\"@graph\":[{\"@type\":\"WebPage\",\"@id\":\"https:\\\/\\\/gravelart.be\\\/fr\\\/product\\\/nevada-22-30\\\/\",\"url\":\"https:\\\/\\\/gravelart.be\\\/fr\\\/product\\\/nevada-22-30\\\/\",\"name\":\"Nevada 22\\\/30 - Gravelart\",\"isPartOf\":{\"@id\":\"https:\\\/\\\/gravelart.be\\\/fr\\\/#website\"},\"primaryImageOfPage\":{\"@id\":\"https:\\\/\\\/gravelart.be\\\/fr\\\/product\\\/nevada-22-30\\\/#primaryimage\"},\"image\":{\"@id\":\"https:\\\/\\\/gravelart.be\\\/fr\\\/product\\\/nevada-22-30\\\/#primaryimage\"},\"thumbnailUrl\":\"https:\\\/\\\/gravelart.be\\\/wp-content\\\/uploads\\\/2025\\\/10\\\/Nevada-22-30.png\",\"datePublished\":\"2025-10-03T07:13:28+00:00\",\"dateModified\":\"2026-04-30T01:40:05+00:00\",\"description\":\"Nevada 22\\\/30 combine le blanc arctique et le gris clair dans un marbre intemporel qui conf\u00e8re \u00e0 chaque jardin et all\u00e9e une allure \u00e9l\u00e9gante et luxueuse.\",\"breadcrumb\":{\"@id\":\"https:\\\/\\\/gravelart.be\\\/fr\\\/product\\\/nevada-22-30\\\/#breadcrumb\"},\"inLanguage\":\"fr-FR\",\"potentialAction\":[{\"@type\":\"ReadAction\",\"target\":[\"https:\\\/\\\/gravelart.be\\\/fr\\\/product\\\/nevada-22-30\\\/\"]}]},{\"@type\":\"ImageObject\",\"inLanguage\":\"fr-FR\",\"@id\":\"https:\\\/\\\/gravelart.be\\\/fr\\\/product\\\/nevada-22-30\\\/#primaryimage\",\"url\":\"https:\\\/\\\/gravelart.be\\\/wp-content\\\/uploads\\\/2025\\\/10\\\/Nevada-22-30.png\",\"contentUrl\":\"https:\\\/\\\/gravelart.be\\\/wp-content\\\/uploads\\\/2025\\\/10\\\/Nevada-22-30.png\",\"width\":1000,\"height\":1000,\"caption\":\"Sec\"},{\"@type\":\"BreadcrumbList\",\"@id\":\"https:\\\/\\\/gravelart.be\\\/fr\\\/product\\\/nevada-22-30\\\/#breadcrumb\",\"itemListElement\":[{\"@type\":\"ListItem\",\"position\":1,\"name\":\"Home\",\"item\":\"https:\\\/\\\/gravelart.be\\\/fr\\\/\"},{\"@type\":\"ListItem\",\"position\":2,\"name\":\"Produits\",\"item\":\"https:\\\/\\\/gravelart.be\\\/fr\\\/boutique\\\/\"},{\"@type\":\"ListItem\",\"position\":3,\"name\":\"Nevada 22\\\/30\"}]},{\"@type\":\"WebSite\",\"@id\":\"https:\\\/\\\/gravelart.be\\\/fr\\\/#website\",\"url\":\"https:\\\/\\\/gravelart.be\\\/fr\\\/\",\"name\":\"Gravelart\",\"description\":\"Alles voor tuin en park\",\"publisher\":{\"@id\":\"https:\\\/\\\/gravelart.be\\\/fr\\\/#organization\"},\"potentialAction\":[{\"@type\":\"SearchAction\",\"target\":{\"@type\":\"EntryPoint\",\"urlTemplate\":\"https:\\\/\\\/gravelart.be\\\/fr\\\/?s={search_term_string}\"},\"query-input\":{\"@type\":\"PropertyValueSpecification\",\"valueRequired\":true,\"valueName\":\"search_term_string\"}}],\"inLanguage\":\"fr-FR\"},{\"@type\":\"Organization\",\"@id\":\"https:\\\/\\\/gravelart.be\\\/fr\\\/#organization\",\"name\":\"Gravelart\",\"url\":\"https:\\\/\\\/gravelart.be\\\/fr\\\/\",\"logo\":{\"@type\":\"ImageObject\",\"inLanguage\":\"fr-FR\",\"@id\":\"https:\\\/\\\/gravelart.be\\\/fr\\\/#\\\/schema\\\/logo\\\/image\\\/\",\"url\":\"https:\\\/\\\/gravelart.be\\\/wp-content\\\/uploads\\\/2022\\\/10\\\/logo-gravelart.png\",\"contentUrl\":\"https:\\\/\\\/gravelart.be\\\/wp-content\\\/uploads\\\/2022\\\/10\\\/logo-gravelart.png\",\"width\":348,\"height\":186,\"caption\":\"Gravelart\"},\"image\":{\"@id\":\"https:\\\/\\\/gravelart.be\\\/fr\\\/#\\\/schema\\\/logo\\\/image\\\/\"}}]}<\/script>\n<!-- \/ Yoast SEO plugin. -->","yoast_head_json":{"title":"Nevada 22\/30 - Gravelart","description":"Nevada 22\/30 combine le blanc arctique et le gris clair dans un marbre intemporel qui conf\u00e8re \u00e0 chaque jardin et all\u00e9e une allure \u00e9l\u00e9gante et luxueuse.","robots":{"index":"index","follow":"follow","max-snippet":"max-snippet:-1","max-image-preview":"max-image-preview:large","max-video-preview":"max-video-preview:-1"},"canonical":"https:\/\/gravelart.be\/fr\/product\/nevada-22-30\/","og_locale":"fr_FR","og_type":"article","og_title":"Nevada 22\/30 - Gravelart","og_description":"Nevada 22\/30 combine le blanc arctique et le gris clair dans un marbre intemporel qui conf\u00e8re \u00e0 chaque jardin et all\u00e9e une allure \u00e9l\u00e9gante et luxueuse.","og_url":"https:\/\/gravelart.be\/fr\/product\/nevada-22-30\/","og_site_name":"Gravelart","article_modified_time":"2026-04-30T01:40:05+00:00","og_image":[{"width":1000,"height":1000,"url":"https:\/\/gravelart.be\/wp-content\/uploads\/2025\/10\/Nevada-22-30.png","type":"image\/png"}],"twitter_card":"summary_large_image","twitter_misc":{"Dur\u00e9e de lecture estim\u00e9e":"1 minute"},"schema":{"@context":"https:\/\/schema.org","@graph":[{"@type":"WebPage","@id":"https:\/\/gravelart.be\/fr\/product\/nevada-22-30\/","url":"https:\/\/gravelart.be\/fr\/product\/nevada-22-30\/","name":"Nevada 22\/30 - Gravelart","isPartOf":{"@id":"https:\/\/gravelart.be\/fr\/#website"},"primaryImageOfPage":{"@id":"https:\/\/gravelart.be\/fr\/product\/nevada-22-30\/#primaryimage"},"image":{"@id":"https:\/\/gravelart.be\/fr\/product\/nevada-22-30\/#primaryimage"},"thumbnailUrl":"https:\/\/gravelart.be\/wp-content\/uploads\/2025\/10\/Nevada-22-30.png","datePublished":"2025-10-03T07:13:28+00:00","dateModified":"2026-04-30T01:40:05+00:00","description":"Nevada 22\/30 combine le blanc arctique et le gris clair dans un marbre intemporel qui conf\u00e8re \u00e0 chaque jardin et all\u00e9e une allure \u00e9l\u00e9gante et luxueuse.","breadcrumb":{"@id":"https:\/\/gravelart.be\/fr\/product\/nevada-22-30\/#breadcrumb"},"inLanguage":"fr-FR","potentialAction":[{"@type":"ReadAction","target":["https:\/\/gravelart.be\/fr\/product\/nevada-22-30\/"]}]},{"@type":"ImageObject","inLanguage":"fr-FR","@id":"https:\/\/gravelart.be\/fr\/product\/nevada-22-30\/#primaryimage","url":"https:\/\/gravelart.be\/wp-content\/uploads\/2025\/10\/Nevada-22-30.png","contentUrl":"https:\/\/gravelart.be\/wp-content\/uploads\/2025\/10\/Nevada-22-30.png","width":1000,"height":1000,"caption":"Sec"},{"@type":"BreadcrumbList","@id":"https:\/\/gravelart.be\/fr\/product\/nevada-22-30\/#breadcrumb","itemListElement":[{"@type":"ListItem","position":1,"name":"Home","item":"https:\/\/gravelart.be\/fr\/"},{"@type":"ListItem","position":2,"name":"Produits","item":"https:\/\/gravelart.be\/fr\/boutique\/"},{"@type":"ListItem","position":3,"name":"Nevada 22\/30"}]},{"@type":"WebSite","@id":"https:\/\/gravelart.be\/fr\/#website","url":"https:\/\/gravelart.be\/fr\/","name":"Gravelart","description":"Alles voor tuin en park","publisher":{"@id":"https:\/\/gravelart.be\/fr\/#organization"},"potentialAction":[{"@type":"SearchAction","target":{"@type":"EntryPoint","urlTemplate":"https:\/\/gravelart.be\/fr\/?s={search_term_string}"},"query-input":{"@type":"PropertyValueSpecification","valueRequired":true,"valueName":"search_term_string"}}],"inLanguage":"fr-FR"},{"@type":"Organization","@id":"https:\/\/gravelart.be\/fr\/#organization","name":"Gravelart","url":"https:\/\/gravelart.be\/fr\/","logo":{"@type":"ImageObject","inLanguage":"fr-FR","@id":"https:\/\/gravelart.be\/fr\/#\/schema\/logo\/image\/","url":"https:\/\/gravelart.be\/wp-content\/uploads\/2022\/10\/logo-gravelart.png","contentUrl":"https:\/\/gravelart.be\/wp-content\/uploads\/2022\/10\/logo-gravelart.png","width":348,"height":186,"caption":"Gravelart"},"image":{"@id":"https:\/\/gravelart.be\/fr\/#\/schema\/logo\/image\/"}}]}},"_links":{"self":[{"href":"https:\/\/gravelart.be\/fr\/wp-json\/wp\/v2\/product\/56118","targetHints":{"allow":["GET"]}}],"collection":[{"href":"https:\/\/gravelart.be\/fr\/wp-json\/wp\/v2\/product"}],"about":[{"href":"https:\/\/gravelart.be\/fr\/wp-json\/wp\/v2\/types\/product"}],"replies":[{"embeddable":true,"href":"https:\/\/gravelart.be\/fr\/wp-json\/wp\/v2\/comments?post=56118"}],"wp:featuredmedia":[{"embeddable":true,"href":"https:\/\/gravelart.be\/fr\/wp-json\/wp\/v2\/media\/53653"}],"wp:attachment":[{"href":"https:\/\/gravelart.be\/fr\/wp-json\/wp\/v2\/media?parent=56118"}],"wp:term":[{"taxonomy":"product_brand","embeddable":true,"href":"https:\/\/gravelart.be\/fr\/wp-json\/wp\/v2\/product_brand?post=56118"},{"taxonomy":"product_cat","embeddable":true,"href":"https:\/\/gravelart.be\/fr\/wp-json\/wp\/v2\/product_cat?post=56118"},{"taxonomy":"product_tag","embeddable":true,"href":"https:\/\/gravelart.be\/fr\/wp-json\/wp\/v2\/product_tag?post=56118"}],"curies":[{"name":"wp","href":"https:\/\/api.w.org\/{rel}","templated":true}]}}