{"id":56125,"date":"2026-03-02T08:51:56","date_gmt":"2026-03-02T07:51:56","guid":{"rendered":"https:\/\/gravelart.be\/?post_type=product&#038;p=56125"},"modified":"2026-04-16T03:10:50","modified_gmt":"2026-04-16T01:10:50","slug":"easihold-800-ml","status":"publish","type":"product","link":"https:\/\/gravelart.be\/fr\/product\/easihold-800-ml\/","title":{"rendered":"Easihold 800 ml &#8211; liant pour gravier et \u00e9corces"},"content":{"rendered":"","protected":false},"excerpt":{"rendered":"<p data-start=\"0\" data-end=\"130\"><strong>Easihold est un liant r\u00e9volutionnaire nouvellement brevet\u00e9 qui permet de lier entre elles les pierres d\u00e9tach\u00e9es et de les fixer \u00e0 leur place.<\/strong><\/p>\n<p data-start=\"132\" data-end=\"272\">Easihold est un liant \u00e0 base d\u2019eau, facile \u00e0 utiliser, qui pr\u00e9serve la perm\u00e9abilit\u00e9 des pierres et leur conf\u00e8re une couche protectrice brillante.<\/p>\n<p data-start=\"274\" data-end=\"443\" data-is-last-node=\"\" data-is-only-node=\"\">Prot\u00e8ge les pierres \u2013 Easihold enrobe et prot\u00e8ge les pierres et leur donne un \u00e9clat satin\u00e9 attrayant et protecteur qui aide \u00e0 pr\u00e9venir la formation de taches \u00e0 long terme.<\/p>\n","protected":false},"featured_media":56142,"comment_status":"open","ping_status":"closed","template":"","meta":{"_acf_changed":false,"inline_featured_image":false},"product_brand":[],"product_cat":[5182],"product_tag":[],"class_list":{"0":"post-56125","1":"product","2":"type-product","3":"status-publish","4":"has-post-thumbnail","6":"product_cat-solutions-permeables-2","8":"first","9":"instock","10":"taxable","11":"shipping-taxable","12":"purchasable","13":"product-type-variable","14":"has-default-attributes"},"acf":{"woocommerce_erp_id":"19031","woocommerce_cnk_id":"105772","product_density":0,"custom_prices":[{"variation_id":"56126","customer_group":"PRO","customer_id":"","min_qty":1,"max_qty":9999999,"steps":1,"price":10.69,"price_incl":12.93,"delivery_group":"COLLECT","warehouse_id":""},{"variation_id":"56126","customer_group":"PRO","customer_id":"","min_qty":1,"max_qty":9999999,"steps":1,"price":10.69,"price_incl":12.93,"delivery_group":"DELIVERY","warehouse_id":""},{"variation_id":"56126","customer_group":"DISTRI","customer_id":"","min_qty":1,"max_qty":9999999,"steps":1,"price":10.69,"price_incl":12.93,"delivery_group":"COLLECT","warehouse_id":""},{"variation_id":"56126","customer_group":"DISTRI","customer_id":"","min_qty":1,"max_qty":9999999,"steps":1,"price":10.69,"price_incl":12.93,"delivery_group":"DELIVERY","warehouse_id":""},{"variation_id":"56126","customer_group":"CON","customer_id":"","min_qty":1,"max_qty":9999999,"steps":1,"price":12.88,"price_incl":15.59,"delivery_group":"DELIVERY","warehouse_id":""},{"variation_id":"56126","customer_group":"CON","customer_id":"","min_qty":1,"max_qty":9999999,"steps":1,"price":12.88,"price_incl":15.59,"delivery_group":"COLLECT","warehouse_id":""},{"variation_id":"56126","customer_group":"","customer_id":"129214","min_qty":1,"max_qty":9999999,"steps":1,"price":10.23,"price_incl":12.38,"delivery_group":"DELIVERY","warehouse_id":""},{"variation_id":"56126","customer_group":"","customer_id":"129214","min_qty":1,"max_qty":9999999,"steps":1,"price":10.23,"price_incl":12.38,"delivery_group":"COLLECT","warehouse_id":""}],"packaging_ids":[{"packaging_name":"Pi\u00e8ce","packaging_id":"73","erp_id":"19031"}]},"yoast_head":"<!-- This site is optimized with the Yoast SEO plugin v27.3 - https:\/\/yoast.com\/product\/yoast-seo-wordpress\/ -->\n<title>Easihold 800 ml - liant pour gravier et \u00e9corces - Gravelart<\/title>\n<meta name=\"description\" content=\"Kies voor Easihold 800 ml op Gravelart! Deze watergedragen binder houdt stenen waterdoorlatend en geeft ze een duurzame, beschermende glanslaag.\" \/>\n<meta name=\"robots\" content=\"index, follow, max-snippet:-1, max-image-preview:large, max-video-preview:-1\" \/>\n<link rel=\"canonical\" href=\"https:\/\/gravelart.be\/fr\/product\/easihold-800-ml\/\" \/>\n<meta property=\"og:locale\" content=\"fr_FR\" \/>\n<meta property=\"og:type\" content=\"article\" \/>\n<meta property=\"og:title\" content=\"Easihold 800 ml - liant pour gravier et \u00e9corces - Gravelart\" \/>\n<meta property=\"og:description\" content=\"Kies voor Easihold 800 ml op Gravelart! Deze watergedragen binder houdt stenen waterdoorlatend en geeft ze een duurzame, beschermende glanslaag.\" \/>\n<meta property=\"og:url\" content=\"https:\/\/gravelart.be\/fr\/product\/easihold-800-ml\/\" \/>\n<meta property=\"og:site_name\" content=\"Gravelart\" \/>\n<meta property=\"article:modified_time\" content=\"2026-04-16T01:10:50+00:00\" \/>\n<meta property=\"og:image\" content=\"https:\/\/gravelart.be\/wp-content\/uploads\/2026\/03\/Easihold-800-ml.png\" \/>\n\t<meta property=\"og:image:width\" content=\"800\" \/>\n\t<meta property=\"og:image:height\" content=\"800\" \/>\n\t<meta property=\"og:image:type\" content=\"image\/png\" \/>\n<meta name=\"twitter:card\" content=\"summary_large_image\" \/>\n<meta name=\"twitter:label1\" content=\"Dur\u00e9e de lecture estim\u00e9e\" \/>\n\t<meta name=\"twitter:data1\" content=\"1 minute\" \/>\n<script type=\"application\/ld+json\" class=\"yoast-schema-graph\">{\"@context\":\"https:\\\/\\\/schema.org\",\"@graph\":[{\"@type\":\"WebPage\",\"@id\":\"https:\\\/\\\/gravelart.be\\\/fr\\\/product\\\/easihold-800-ml\\\/\",\"url\":\"https:\\\/\\\/gravelart.be\\\/fr\\\/product\\\/easihold-800-ml\\\/\",\"name\":\"Easihold 800 ml - liant pour gravier et \u00e9corces - Gravelart\",\"isPartOf\":{\"@id\":\"https:\\\/\\\/gravelart.be\\\/fr\\\/#website\"},\"primaryImageOfPage\":{\"@id\":\"https:\\\/\\\/gravelart.be\\\/fr\\\/product\\\/easihold-800-ml\\\/#primaryimage\"},\"image\":{\"@id\":\"https:\\\/\\\/gravelart.be\\\/fr\\\/product\\\/easihold-800-ml\\\/#primaryimage\"},\"thumbnailUrl\":\"https:\\\/\\\/gravelart.be\\\/wp-content\\\/uploads\\\/2026\\\/03\\\/Easihold-800-ml.png\",\"datePublished\":\"2026-03-02T07:51:56+00:00\",\"dateModified\":\"2026-04-16T01:10:50+00:00\",\"description\":\"Kies voor Easihold 800 ml op Gravelart! Deze watergedragen binder houdt stenen waterdoorlatend en geeft ze een duurzame, beschermende glanslaag.\",\"breadcrumb\":{\"@id\":\"https:\\\/\\\/gravelart.be\\\/fr\\\/product\\\/easihold-800-ml\\\/#breadcrumb\"},\"inLanguage\":\"fr-FR\",\"potentialAction\":[{\"@type\":\"ReadAction\",\"target\":[\"https:\\\/\\\/gravelart.be\\\/fr\\\/product\\\/easihold-800-ml\\\/\"]}]},{\"@type\":\"ImageObject\",\"inLanguage\":\"fr-FR\",\"@id\":\"https:\\\/\\\/gravelart.be\\\/fr\\\/product\\\/easihold-800-ml\\\/#primaryimage\",\"url\":\"https:\\\/\\\/gravelart.be\\\/wp-content\\\/uploads\\\/2026\\\/03\\\/Easihold-800-ml.png\",\"contentUrl\":\"https:\\\/\\\/gravelart.be\\\/wp-content\\\/uploads\\\/2026\\\/03\\\/Easihold-800-ml.png\",\"width\":800,\"height\":800},{\"@type\":\"BreadcrumbList\",\"@id\":\"https:\\\/\\\/gravelart.be\\\/fr\\\/product\\\/easihold-800-ml\\\/#breadcrumb\",\"itemListElement\":[{\"@type\":\"ListItem\",\"position\":1,\"name\":\"Home\",\"item\":\"https:\\\/\\\/gravelart.be\\\/fr\\\/\"},{\"@type\":\"ListItem\",\"position\":2,\"name\":\"Produits\",\"item\":\"https:\\\/\\\/gravelart.be\\\/fr\\\/boutique\\\/\"},{\"@type\":\"ListItem\",\"position\":3,\"name\":\"Easihold 800 ml &#8211; liant pour gravier et \u00e9corces\"}]},{\"@type\":\"WebSite\",\"@id\":\"https:\\\/\\\/gravelart.be\\\/fr\\\/#website\",\"url\":\"https:\\\/\\\/gravelart.be\\\/fr\\\/\",\"name\":\"Gravelart\",\"description\":\"Alles voor tuin en park\",\"publisher\":{\"@id\":\"https:\\\/\\\/gravelart.be\\\/fr\\\/#organization\"},\"potentialAction\":[{\"@type\":\"SearchAction\",\"target\":{\"@type\":\"EntryPoint\",\"urlTemplate\":\"https:\\\/\\\/gravelart.be\\\/fr\\\/?s={search_term_string}\"},\"query-input\":{\"@type\":\"PropertyValueSpecification\",\"valueRequired\":true,\"valueName\":\"search_term_string\"}}],\"inLanguage\":\"fr-FR\"},{\"@type\":\"Organization\",\"@id\":\"https:\\\/\\\/gravelart.be\\\/fr\\\/#organization\",\"name\":\"Gravelart\",\"url\":\"https:\\\/\\\/gravelart.be\\\/fr\\\/\",\"logo\":{\"@type\":\"ImageObject\",\"inLanguage\":\"fr-FR\",\"@id\":\"https:\\\/\\\/gravelart.be\\\/fr\\\/#\\\/schema\\\/logo\\\/image\\\/\",\"url\":\"https:\\\/\\\/gravelart.be\\\/wp-content\\\/uploads\\\/2022\\\/10\\\/logo-gravelart.png\",\"contentUrl\":\"https:\\\/\\\/gravelart.be\\\/wp-content\\\/uploads\\\/2022\\\/10\\\/logo-gravelart.png\",\"width\":348,\"height\":186,\"caption\":\"Gravelart\"},\"image\":{\"@id\":\"https:\\\/\\\/gravelart.be\\\/fr\\\/#\\\/schema\\\/logo\\\/image\\\/\"}}]}<\/script>\n<!-- \/ Yoast SEO plugin. -->","yoast_head_json":{"title":"Easihold 800 ml - liant pour gravier et \u00e9corces - Gravelart","description":"Kies voor Easihold 800 ml op Gravelart! Deze watergedragen binder houdt stenen waterdoorlatend en geeft ze een duurzame, beschermende glanslaag.","robots":{"index":"index","follow":"follow","max-snippet":"max-snippet:-1","max-image-preview":"max-image-preview:large","max-video-preview":"max-video-preview:-1"},"canonical":"https:\/\/gravelart.be\/fr\/product\/easihold-800-ml\/","og_locale":"fr_FR","og_type":"article","og_title":"Easihold 800 ml - liant pour gravier et \u00e9corces - Gravelart","og_description":"Kies voor Easihold 800 ml op Gravelart! Deze watergedragen binder houdt stenen waterdoorlatend en geeft ze een duurzame, beschermende glanslaag.","og_url":"https:\/\/gravelart.be\/fr\/product\/easihold-800-ml\/","og_site_name":"Gravelart","article_modified_time":"2026-04-16T01:10:50+00:00","og_image":[{"width":800,"height":800,"url":"https:\/\/gravelart.be\/wp-content\/uploads\/2026\/03\/Easihold-800-ml.png","type":"image\/png"}],"twitter_card":"summary_large_image","twitter_misc":{"Dur\u00e9e de lecture estim\u00e9e":"1 minute"},"schema":{"@context":"https:\/\/schema.org","@graph":[{"@type":"WebPage","@id":"https:\/\/gravelart.be\/fr\/product\/easihold-800-ml\/","url":"https:\/\/gravelart.be\/fr\/product\/easihold-800-ml\/","name":"Easihold 800 ml - liant pour gravier et \u00e9corces - Gravelart","isPartOf":{"@id":"https:\/\/gravelart.be\/fr\/#website"},"primaryImageOfPage":{"@id":"https:\/\/gravelart.be\/fr\/product\/easihold-800-ml\/#primaryimage"},"image":{"@id":"https:\/\/gravelart.be\/fr\/product\/easihold-800-ml\/#primaryimage"},"thumbnailUrl":"https:\/\/gravelart.be\/wp-content\/uploads\/2026\/03\/Easihold-800-ml.png","datePublished":"2026-03-02T07:51:56+00:00","dateModified":"2026-04-16T01:10:50+00:00","description":"Kies voor Easihold 800 ml op Gravelart! Deze watergedragen binder houdt stenen waterdoorlatend en geeft ze een duurzame, beschermende glanslaag.","breadcrumb":{"@id":"https:\/\/gravelart.be\/fr\/product\/easihold-800-ml\/#breadcrumb"},"inLanguage":"fr-FR","potentialAction":[{"@type":"ReadAction","target":["https:\/\/gravelart.be\/fr\/product\/easihold-800-ml\/"]}]},{"@type":"ImageObject","inLanguage":"fr-FR","@id":"https:\/\/gravelart.be\/fr\/product\/easihold-800-ml\/#primaryimage","url":"https:\/\/gravelart.be\/wp-content\/uploads\/2026\/03\/Easihold-800-ml.png","contentUrl":"https:\/\/gravelart.be\/wp-content\/uploads\/2026\/03\/Easihold-800-ml.png","width":800,"height":800},{"@type":"BreadcrumbList","@id":"https:\/\/gravelart.be\/fr\/product\/easihold-800-ml\/#breadcrumb","itemListElement":[{"@type":"ListItem","position":1,"name":"Home","item":"https:\/\/gravelart.be\/fr\/"},{"@type":"ListItem","position":2,"name":"Produits","item":"https:\/\/gravelart.be\/fr\/boutique\/"},{"@type":"ListItem","position":3,"name":"Easihold 800 ml &#8211; liant pour gravier et \u00e9corces"}]},{"@type":"WebSite","@id":"https:\/\/gravelart.be\/fr\/#website","url":"https:\/\/gravelart.be\/fr\/","name":"Gravelart","description":"Alles voor tuin en park","publisher":{"@id":"https:\/\/gravelart.be\/fr\/#organization"},"potentialAction":[{"@type":"SearchAction","target":{"@type":"EntryPoint","urlTemplate":"https:\/\/gravelart.be\/fr\/?s={search_term_string}"},"query-input":{"@type":"PropertyValueSpecification","valueRequired":true,"valueName":"search_term_string"}}],"inLanguage":"fr-FR"},{"@type":"Organization","@id":"https:\/\/gravelart.be\/fr\/#organization","name":"Gravelart","url":"https:\/\/gravelart.be\/fr\/","logo":{"@type":"ImageObject","inLanguage":"fr-FR","@id":"https:\/\/gravelart.be\/fr\/#\/schema\/logo\/image\/","url":"https:\/\/gravelart.be\/wp-content\/uploads\/2022\/10\/logo-gravelart.png","contentUrl":"https:\/\/gravelart.be\/wp-content\/uploads\/2022\/10\/logo-gravelart.png","width":348,"height":186,"caption":"Gravelart"},"image":{"@id":"https:\/\/gravelart.be\/fr\/#\/schema\/logo\/image\/"}}]}},"_links":{"self":[{"href":"https:\/\/gravelart.be\/fr\/wp-json\/wp\/v2\/product\/56125","targetHints":{"allow":["GET"]}}],"collection":[{"href":"https:\/\/gravelart.be\/fr\/wp-json\/wp\/v2\/product"}],"about":[{"href":"https:\/\/gravelart.be\/fr\/wp-json\/wp\/v2\/types\/product"}],"replies":[{"embeddable":true,"href":"https:\/\/gravelart.be\/fr\/wp-json\/wp\/v2\/comments?post=56125"}],"wp:featuredmedia":[{"embeddable":true,"href":"https:\/\/gravelart.be\/fr\/wp-json\/wp\/v2\/media\/56142"}],"wp:attachment":[{"href":"https:\/\/gravelart.be\/fr\/wp-json\/wp\/v2\/media?parent=56125"}],"wp:term":[{"taxonomy":"product_brand","embeddable":true,"href":"https:\/\/gravelart.be\/fr\/wp-json\/wp\/v2\/product_brand?post=56125"},{"taxonomy":"product_cat","embeddable":true,"href":"https:\/\/gravelart.be\/fr\/wp-json\/wp\/v2\/product_cat?post=56125"},{"taxonomy":"product_tag","embeddable":true,"href":"https:\/\/gravelart.be\/fr\/wp-json\/wp\/v2\/product_tag?post=56125"}],"curies":[{"name":"wp","href":"https:\/\/api.w.org\/{rel}","templated":true}]}}