{"id":57736,"date":"2026-04-22T10:16:47","date_gmt":"2026-04-22T08:16:47","guid":{"rendered":"https:\/\/gravelart.be\/?post_type=product&#038;p=57736"},"modified":"2026-04-22T11:25:46","modified_gmt":"2026-04-22T09:25:46","slug":"le-profile-de-rive-en-aluminium-250-cm-x-12-cm-x-h-10-cm","status":"publish","type":"product","link":"https:\/\/gravelart.be\/fr\/product\/le-profile-de-rive-en-aluminium-250-cm-x-12-cm-x-h-10-cm\/","title":{"rendered":"Le profil\u00e9 de rive en aluminium &#8211; 250 Cm X 12 Cm X H 10 Cm"},"content":{"rendered":"","protected":false},"excerpt":{"rendered":"<p>Un profil\u00e9 de rive est un profil\u00e9 en aluminium utilis\u00e9 sur les toits plats sans rebord pour permettre la pose de cassettes de s\u00e9dum sur un toit l\u00e9g\u00e8rement inclin\u00e9. Le profil\u00e9 est muni d&rsquo;orifices de drainage pour l&rsquo;\u00e9vacuation des eaux de pluie.<\/p>\n","protected":false},"featured_media":57717,"comment_status":"open","ping_status":"closed","template":"","meta":{"_acf_changed":false,"inline_featured_image":false},"product_brand":[],"product_cat":[4152],"product_tag":[],"class_list":{"0":"post-57736","1":"product","2":"type-product","3":"status-publish","4":"has-post-thumbnail","6":"product_cat-toitures-vertes","8":"first","9":"outofstock","10":"taxable","11":"shipping-taxable","12":"product-type-variable"},"acf":{"woocommerce_erp_id":"17751","woocommerce_cnk_id":"103492","product_density":"","custom_prices":null,"packaging_ids":null},"yoast_head":"<!-- This site is optimized with the Yoast SEO plugin v27.3 - https:\/\/yoast.com\/product\/yoast-seo-wordpress\/ -->\n<title>Le profil\u00e9 de rive en aluminium - 250 Cm X 12 Cm X H 10 Cm - Gravelart<\/title>\n<meta name=\"description\" content=\"Le profil\u00e9 de rive en aluminium est con\u00e7u pour les toits l\u00e9g\u00e8rement inclin\u00e9s. Assurez un drainage efficace et une installation facile de cassettes de s\u00e9dum.\" \/>\n<meta name=\"robots\" content=\"index, follow, max-snippet:-1, max-image-preview:large, max-video-preview:-1\" \/>\n<link rel=\"canonical\" href=\"https:\/\/gravelart.be\/fr\/product\/le-profile-de-rive-en-aluminium-250-cm-x-12-cm-x-h-10-cm\/\" \/>\n<meta property=\"og:locale\" content=\"fr_FR\" \/>\n<meta property=\"og:type\" content=\"article\" \/>\n<meta property=\"og:title\" content=\"Le profil\u00e9 de rive en aluminium - 250 Cm X 12 Cm X H 10 Cm - Gravelart\" \/>\n<meta property=\"og:description\" content=\"Le profil\u00e9 de rive en aluminium est con\u00e7u pour les toits l\u00e9g\u00e8rement inclin\u00e9s. Assurez un drainage efficace et une installation facile de cassettes de s\u00e9dum.\" \/>\n<meta property=\"og:url\" content=\"https:\/\/gravelart.be\/fr\/product\/le-profile-de-rive-en-aluminium-250-cm-x-12-cm-x-h-10-cm\/\" \/>\n<meta property=\"og:site_name\" content=\"Gravelart\" \/>\n<meta property=\"article:modified_time\" content=\"2026-04-22T09:25:46+00:00\" \/>\n<meta property=\"og:image\" content=\"https:\/\/gravelart.be\/wp-content\/uploads\/2026\/04\/Gravelart-Dakrandprofiel.jpg\" \/>\n\t<meta property=\"og:image:width\" content=\"850\" \/>\n\t<meta property=\"og:image:height\" content=\"850\" \/>\n\t<meta property=\"og:image:type\" content=\"image\/jpeg\" \/>\n<meta name=\"twitter:card\" content=\"summary_large_image\" \/>\n<script type=\"application\/ld+json\" class=\"yoast-schema-graph\">{\"@context\":\"https:\\\/\\\/schema.org\",\"@graph\":[{\"@type\":\"WebPage\",\"@id\":\"https:\\\/\\\/gravelart.be\\\/fr\\\/product\\\/le-profile-de-rive-en-aluminium-250-cm-x-12-cm-x-h-10-cm\\\/\",\"url\":\"https:\\\/\\\/gravelart.be\\\/fr\\\/product\\\/le-profile-de-rive-en-aluminium-250-cm-x-12-cm-x-h-10-cm\\\/\",\"name\":\"Le profil\u00e9 de rive en aluminium - 250 Cm X 12 Cm X H 10 Cm - Gravelart\",\"isPartOf\":{\"@id\":\"https:\\\/\\\/gravelart.be\\\/fr\\\/#website\"},\"primaryImageOfPage\":{\"@id\":\"https:\\\/\\\/gravelart.be\\\/fr\\\/product\\\/le-profile-de-rive-en-aluminium-250-cm-x-12-cm-x-h-10-cm\\\/#primaryimage\"},\"image\":{\"@id\":\"https:\\\/\\\/gravelart.be\\\/fr\\\/product\\\/le-profile-de-rive-en-aluminium-250-cm-x-12-cm-x-h-10-cm\\\/#primaryimage\"},\"thumbnailUrl\":\"https:\\\/\\\/gravelart.be\\\/wp-content\\\/uploads\\\/2026\\\/04\\\/Gravelart-Dakrandprofiel.jpg\",\"datePublished\":\"2026-04-22T08:16:47+00:00\",\"dateModified\":\"2026-04-22T09:25:46+00:00\",\"description\":\"Le profil\u00e9 de rive en aluminium est con\u00e7u pour les toits l\u00e9g\u00e8rement inclin\u00e9s. Assurez un drainage efficace et une installation facile de cassettes de s\u00e9dum.\",\"breadcrumb\":{\"@id\":\"https:\\\/\\\/gravelart.be\\\/fr\\\/product\\\/le-profile-de-rive-en-aluminium-250-cm-x-12-cm-x-h-10-cm\\\/#breadcrumb\"},\"inLanguage\":\"fr-FR\",\"potentialAction\":[{\"@type\":\"ReadAction\",\"target\":[\"https:\\\/\\\/gravelart.be\\\/fr\\\/product\\\/le-profile-de-rive-en-aluminium-250-cm-x-12-cm-x-h-10-cm\\\/\"]}]},{\"@type\":\"ImageObject\",\"inLanguage\":\"fr-FR\",\"@id\":\"https:\\\/\\\/gravelart.be\\\/fr\\\/product\\\/le-profile-de-rive-en-aluminium-250-cm-x-12-cm-x-h-10-cm\\\/#primaryimage\",\"url\":\"https:\\\/\\\/gravelart.be\\\/wp-content\\\/uploads\\\/2026\\\/04\\\/Gravelart-Dakrandprofiel.jpg\",\"contentUrl\":\"https:\\\/\\\/gravelart.be\\\/wp-content\\\/uploads\\\/2026\\\/04\\\/Gravelart-Dakrandprofiel.jpg\",\"width\":850,\"height\":850},{\"@type\":\"BreadcrumbList\",\"@id\":\"https:\\\/\\\/gravelart.be\\\/fr\\\/product\\\/le-profile-de-rive-en-aluminium-250-cm-x-12-cm-x-h-10-cm\\\/#breadcrumb\",\"itemListElement\":[{\"@type\":\"ListItem\",\"position\":1,\"name\":\"Home\",\"item\":\"https:\\\/\\\/gravelart.be\\\/fr\\\/\"},{\"@type\":\"ListItem\",\"position\":2,\"name\":\"Produits\",\"item\":\"https:\\\/\\\/gravelart.be\\\/fr\\\/boutique\\\/\"},{\"@type\":\"ListItem\",\"position\":3,\"name\":\"Le profil\u00e9 de rive en aluminium &#8211; 250 Cm X 12 Cm X H 10 Cm\"}]},{\"@type\":\"WebSite\",\"@id\":\"https:\\\/\\\/gravelart.be\\\/fr\\\/#website\",\"url\":\"https:\\\/\\\/gravelart.be\\\/fr\\\/\",\"name\":\"Gravelart\",\"description\":\"Alles voor tuin en park\",\"publisher\":{\"@id\":\"https:\\\/\\\/gravelart.be\\\/fr\\\/#organization\"},\"potentialAction\":[{\"@type\":\"SearchAction\",\"target\":{\"@type\":\"EntryPoint\",\"urlTemplate\":\"https:\\\/\\\/gravelart.be\\\/fr\\\/?s={search_term_string}\"},\"query-input\":{\"@type\":\"PropertyValueSpecification\",\"valueRequired\":true,\"valueName\":\"search_term_string\"}}],\"inLanguage\":\"fr-FR\"},{\"@type\":\"Organization\",\"@id\":\"https:\\\/\\\/gravelart.be\\\/fr\\\/#organization\",\"name\":\"Gravelart\",\"url\":\"https:\\\/\\\/gravelart.be\\\/fr\\\/\",\"logo\":{\"@type\":\"ImageObject\",\"inLanguage\":\"fr-FR\",\"@id\":\"https:\\\/\\\/gravelart.be\\\/fr\\\/#\\\/schema\\\/logo\\\/image\\\/\",\"url\":\"https:\\\/\\\/gravelart.be\\\/wp-content\\\/uploads\\\/2022\\\/10\\\/logo-gravelart.png\",\"contentUrl\":\"https:\\\/\\\/gravelart.be\\\/wp-content\\\/uploads\\\/2022\\\/10\\\/logo-gravelart.png\",\"width\":348,\"height\":186,\"caption\":\"Gravelart\"},\"image\":{\"@id\":\"https:\\\/\\\/gravelart.be\\\/fr\\\/#\\\/schema\\\/logo\\\/image\\\/\"}}]}<\/script>\n<!-- \/ Yoast SEO plugin. -->","yoast_head_json":{"title":"Le profil\u00e9 de rive en aluminium - 250 Cm X 12 Cm X H 10 Cm - Gravelart","description":"Le profil\u00e9 de rive en aluminium est con\u00e7u pour les toits l\u00e9g\u00e8rement inclin\u00e9s. Assurez un drainage efficace et une installation facile de cassettes de s\u00e9dum.","robots":{"index":"index","follow":"follow","max-snippet":"max-snippet:-1","max-image-preview":"max-image-preview:large","max-video-preview":"max-video-preview:-1"},"canonical":"https:\/\/gravelart.be\/fr\/product\/le-profile-de-rive-en-aluminium-250-cm-x-12-cm-x-h-10-cm\/","og_locale":"fr_FR","og_type":"article","og_title":"Le profil\u00e9 de rive en aluminium - 250 Cm X 12 Cm X H 10 Cm - Gravelart","og_description":"Le profil\u00e9 de rive en aluminium est con\u00e7u pour les toits l\u00e9g\u00e8rement inclin\u00e9s. Assurez un drainage efficace et une installation facile de cassettes de s\u00e9dum.","og_url":"https:\/\/gravelart.be\/fr\/product\/le-profile-de-rive-en-aluminium-250-cm-x-12-cm-x-h-10-cm\/","og_site_name":"Gravelart","article_modified_time":"2026-04-22T09:25:46+00:00","og_image":[{"width":850,"height":850,"url":"https:\/\/gravelart.be\/wp-content\/uploads\/2026\/04\/Gravelart-Dakrandprofiel.jpg","type":"image\/jpeg"}],"twitter_card":"summary_large_image","schema":{"@context":"https:\/\/schema.org","@graph":[{"@type":"WebPage","@id":"https:\/\/gravelart.be\/fr\/product\/le-profile-de-rive-en-aluminium-250-cm-x-12-cm-x-h-10-cm\/","url":"https:\/\/gravelart.be\/fr\/product\/le-profile-de-rive-en-aluminium-250-cm-x-12-cm-x-h-10-cm\/","name":"Le profil\u00e9 de rive en aluminium - 250 Cm X 12 Cm X H 10 Cm - Gravelart","isPartOf":{"@id":"https:\/\/gravelart.be\/fr\/#website"},"primaryImageOfPage":{"@id":"https:\/\/gravelart.be\/fr\/product\/le-profile-de-rive-en-aluminium-250-cm-x-12-cm-x-h-10-cm\/#primaryimage"},"image":{"@id":"https:\/\/gravelart.be\/fr\/product\/le-profile-de-rive-en-aluminium-250-cm-x-12-cm-x-h-10-cm\/#primaryimage"},"thumbnailUrl":"https:\/\/gravelart.be\/wp-content\/uploads\/2026\/04\/Gravelart-Dakrandprofiel.jpg","datePublished":"2026-04-22T08:16:47+00:00","dateModified":"2026-04-22T09:25:46+00:00","description":"Le profil\u00e9 de rive en aluminium est con\u00e7u pour les toits l\u00e9g\u00e8rement inclin\u00e9s. Assurez un drainage efficace et une installation facile de cassettes de s\u00e9dum.","breadcrumb":{"@id":"https:\/\/gravelart.be\/fr\/product\/le-profile-de-rive-en-aluminium-250-cm-x-12-cm-x-h-10-cm\/#breadcrumb"},"inLanguage":"fr-FR","potentialAction":[{"@type":"ReadAction","target":["https:\/\/gravelart.be\/fr\/product\/le-profile-de-rive-en-aluminium-250-cm-x-12-cm-x-h-10-cm\/"]}]},{"@type":"ImageObject","inLanguage":"fr-FR","@id":"https:\/\/gravelart.be\/fr\/product\/le-profile-de-rive-en-aluminium-250-cm-x-12-cm-x-h-10-cm\/#primaryimage","url":"https:\/\/gravelart.be\/wp-content\/uploads\/2026\/04\/Gravelart-Dakrandprofiel.jpg","contentUrl":"https:\/\/gravelart.be\/wp-content\/uploads\/2026\/04\/Gravelart-Dakrandprofiel.jpg","width":850,"height":850},{"@type":"BreadcrumbList","@id":"https:\/\/gravelart.be\/fr\/product\/le-profile-de-rive-en-aluminium-250-cm-x-12-cm-x-h-10-cm\/#breadcrumb","itemListElement":[{"@type":"ListItem","position":1,"name":"Home","item":"https:\/\/gravelart.be\/fr\/"},{"@type":"ListItem","position":2,"name":"Produits","item":"https:\/\/gravelart.be\/fr\/boutique\/"},{"@type":"ListItem","position":3,"name":"Le profil\u00e9 de rive en aluminium &#8211; 250 Cm X 12 Cm X H 10 Cm"}]},{"@type":"WebSite","@id":"https:\/\/gravelart.be\/fr\/#website","url":"https:\/\/gravelart.be\/fr\/","name":"Gravelart","description":"Alles voor tuin en park","publisher":{"@id":"https:\/\/gravelart.be\/fr\/#organization"},"potentialAction":[{"@type":"SearchAction","target":{"@type":"EntryPoint","urlTemplate":"https:\/\/gravelart.be\/fr\/?s={search_term_string}"},"query-input":{"@type":"PropertyValueSpecification","valueRequired":true,"valueName":"search_term_string"}}],"inLanguage":"fr-FR"},{"@type":"Organization","@id":"https:\/\/gravelart.be\/fr\/#organization","name":"Gravelart","url":"https:\/\/gravelart.be\/fr\/","logo":{"@type":"ImageObject","inLanguage":"fr-FR","@id":"https:\/\/gravelart.be\/fr\/#\/schema\/logo\/image\/","url":"https:\/\/gravelart.be\/wp-content\/uploads\/2022\/10\/logo-gravelart.png","contentUrl":"https:\/\/gravelart.be\/wp-content\/uploads\/2022\/10\/logo-gravelart.png","width":348,"height":186,"caption":"Gravelart"},"image":{"@id":"https:\/\/gravelart.be\/fr\/#\/schema\/logo\/image\/"}}]}},"_links":{"self":[{"href":"https:\/\/gravelart.be\/fr\/wp-json\/wp\/v2\/product\/57736","targetHints":{"allow":["GET"]}}],"collection":[{"href":"https:\/\/gravelart.be\/fr\/wp-json\/wp\/v2\/product"}],"about":[{"href":"https:\/\/gravelart.be\/fr\/wp-json\/wp\/v2\/types\/product"}],"replies":[{"embeddable":true,"href":"https:\/\/gravelart.be\/fr\/wp-json\/wp\/v2\/comments?post=57736"}],"wp:featuredmedia":[{"embeddable":true,"href":"https:\/\/gravelart.be\/fr\/wp-json\/wp\/v2\/media\/57717"}],"wp:attachment":[{"href":"https:\/\/gravelart.be\/fr\/wp-json\/wp\/v2\/media?parent=57736"}],"wp:term":[{"taxonomy":"product_brand","embeddable":true,"href":"https:\/\/gravelart.be\/fr\/wp-json\/wp\/v2\/product_brand?post=57736"},{"taxonomy":"product_cat","embeddable":true,"href":"https:\/\/gravelart.be\/fr\/wp-json\/wp\/v2\/product_cat?post=57736"},{"taxonomy":"product_tag","embeddable":true,"href":"https:\/\/gravelart.be\/fr\/wp-json\/wp\/v2\/product_tag?post=57736"}],"curies":[{"name":"wp","href":"https:\/\/api.w.org\/{rel}","templated":true}]}}