{"id":57824,"date":"2026-04-24T14:46:37","date_gmt":"2026-04-24T12:46:37","guid":{"rendered":"https:\/\/gravelart.be\/?post_type=product&#038;p=57824"},"modified":"2026-05-08T03:00:08","modified_gmt":"2026-05-08T01:00:08","slug":"comblanchien-2-7-blanc","status":"publish","type":"product","link":"https:\/\/gravelart.be\/fr\/product\/comblanchien-2-7-blanc\/","title":{"rendered":"Comblanchien 2\/7 &#8211; Blanc"},"content":{"rendered":"","protected":false},"excerpt":{"rendered":"<p>Le Comblanchien 2\/7 est un magnifique gravier d\u00e9coratif <strong>aux nuances claires uniques<\/strong>. Ce gravier tire son nom de la charmante commune fran\u00e7aise de Comblanchien. Le Comblanchien 2\/7 est un calcaire pur pr\u00e9sentant de nombreuses caract\u00e9ristiques du marbre, ce qui le rend id\u00e9al pour des applications architecturales, comme \u00e0 l&rsquo;Op\u00e9ra de Paris. Ce gravier prend <strong>une belle teinte blanc clair<\/strong> lorsque la roche est humide. Il d\u00e9gage une atmosph\u00e8re douce et apaisante, qui apporte une belle finition aux jardins, all\u00e9es, terrasses et m\u00eame en tant qu&rsquo;\u00e9l\u00e9ment d\u00e9coratif. Commandez d\u00e8s maintenant votre gravier d\u00e9coratif Comblanchien 2\/7 en vrac ou en big bag, livr\u00e9 rapidement. Ajoutez une \u00e9l\u00e9gance intemporelle \u00e0 votre jardin ou \u00e0 votre espace ext\u00e9rieur avec le Comblanchien 2\/7.<\/p>\n","protected":false},"featured_media":57830,"comment_status":"open","ping_status":"closed","template":"","meta":{"_acf_changed":false,"inline_featured_image":false},"product_brand":[],"product_cat":[4894,4154],"product_tag":[],"class_list":{"0":"post-57824","1":"product","2":"type-product","3":"status-publish","4":"has-post-thumbnail","6":"product_cat-gravier-stabilisateurs-de-gravier","7":"product_cat-gravier-decoratif","9":"first","10":"instock","11":"taxable","12":"shipping-taxable","13":"purchasable","14":"product-type-variable","15":"has-default-attributes"},"acf":{"woocommerce_erp_id":"18346","woocommerce_cnk_id":"105006","product_density":1.4,"custom_prices":[{"variation_id":"57825","customer_group":"DISTRI","customer_id":"","min_qty":0.5,"max_qty":9999999,"steps":0.01,"price":79.23,"price_incl":95.87,"delivery_group":"COLLECT","warehouse_id":"L"},{"variation_id":"57825","customer_group":"DISTRI","customer_id":"","min_qty":0.5,"max_qty":9999999,"steps":0.01,"price":79.23,"price_incl":95.87,"delivery_group":"DELIVERY","warehouse_id":"L"},{"variation_id":"57825","customer_group":"CON","customer_id":"","min_qty":0.5,"max_qty":9999999,"steps":0.01,"price":108.93,"price_incl":131.81,"delivery_group":"COLLECT","warehouse_id":"L"},{"variation_id":"57825","customer_group":"CON","customer_id":"","min_qty":0.5,"max_qty":9999999,"steps":0.01,"price":108.93,"price_incl":131.81,"delivery_group":"DELIVERY","warehouse_id":"L"},{"variation_id":"57825","customer_group":"PRO","customer_id":"","min_qty":0.5,"max_qty":9999999,"steps":0.01,"price":84.27,"price_incl":101.97,"delivery_group":"COLLECT","warehouse_id":"L"},{"variation_id":"57825","customer_group":"PRO","customer_id":"","min_qty":0.5,"max_qty":9999999,"steps":0.01,"price":84.27,"price_incl":101.97,"delivery_group":"DELIVERY","warehouse_id":"L"},{"variation_id":"57825","customer_group":"DISTRI","customer_id":"129214","min_qty":0.5,"max_qty":9999999,"steps":0.01,"price":65.12,"price_incl":78.8,"delivery_group":"COLLECT","warehouse_id":"L"},{"variation_id":"57825","customer_group":"DISTRI","customer_id":"129214","min_qty":0.5,"max_qty":9999999,"steps":0.01,"price":65.12,"price_incl":78.8,"delivery_group":"DELIVERY","warehouse_id":"L"},{"variation_id":"57825","customer_group":"PER","customer_id":"","min_qty":0.5,"max_qty":9999999,"steps":0.01,"price":56.55,"price_incl":68.43,"delivery_group":"COLLECT","warehouse_id":"L"},{"variation_id":"57825","customer_group":"PER","customer_id":"","min_qty":0.5,"max_qty":9999999,"steps":0.01,"price":56.55,"price_incl":68.43,"delivery_group":"DELIVERY","warehouse_id":"L"},{"variation_id":"57826","customer_group":"CON","customer_id":"","min_qty":1,"max_qty":9999999,"steps":1,"price":75.13,"price_incl":90.91,"delivery_group":"DELIVERY","warehouse_id":"L"},{"variation_id":"57826","customer_group":"CON","customer_id":"","min_qty":1,"max_qty":9999999,"steps":1,"price":75.13,"price_incl":90.91,"delivery_group":"COLLECT","warehouse_id":"L"},{"variation_id":"57826","customer_group":"PRO","customer_id":"","min_qty":1,"max_qty":9999999,"steps":1,"price":58.14,"price_incl":70.35,"delivery_group":"COLLECT","warehouse_id":"L"},{"variation_id":"57826","customer_group":"PRO","customer_id":"","min_qty":1,"max_qty":9999999,"steps":1,"price":58.14,"price_incl":70.35,"delivery_group":"DELIVERY","warehouse_id":"L"},{"variation_id":"57826","customer_group":"DISTRI","customer_id":"","min_qty":1,"max_qty":9999999,"steps":1,"price":55.62,"price_incl":67.3,"delivery_group":"COLLECT","warehouse_id":"L"},{"variation_id":"57826","customer_group":"DISTRI","customer_id":"","min_qty":1,"max_qty":9999999,"steps":1,"price":55.62,"price_incl":67.3,"delivery_group":"DELIVERY","warehouse_id":"L"},{"variation_id":"57826","customer_group":"DISTRI","customer_id":"129214","min_qty":1,"max_qty":9999999,"steps":1,"price":48.56,"price_incl":58.76,"delivery_group":"COLLECT","warehouse_id":"L"},{"variation_id":"57826","customer_group":"DISTRI","customer_id":"129214","min_qty":1,"max_qty":9999999,"steps":1,"price":48.56,"price_incl":58.76,"delivery_group":"DELIVERY","warehouse_id":"L"},{"variation_id":"57827","customer_group":"CON","customer_id":"","min_qty":1,"max_qty":9999999,"steps":1,"price":184.06,"price_incl":222.71,"delivery_group":"COLLECT","warehouse_id":"L"},{"variation_id":"57827","customer_group":"CON","customer_id":"","min_qty":1,"max_qty":9999999,"steps":1,"price":184.06,"price_incl":222.71,"delivery_group":"DELIVERY","warehouse_id":"L"},{"variation_id":"57827","customer_group":"PRO","customer_id":"","min_qty":1,"max_qty":9999999,"steps":1,"price":142.41,"price_incl":172.32,"delivery_group":"COLLECT","warehouse_id":"L"},{"variation_id":"57827","customer_group":"PRO","customer_id":"","min_qty":1,"max_qty":9999999,"steps":1,"price":142.41,"price_incl":172.32,"delivery_group":"DELIVERY","warehouse_id":"L"},{"variation_id":"57827","customer_group":"DISTRI","customer_id":"","min_qty":1,"max_qty":9999999,"steps":1,"price":134.85,"price_incl":163.17,"delivery_group":"DELIVERY","warehouse_id":"L"},{"variation_id":"57827","customer_group":"DISTRI","customer_id":"","min_qty":1,"max_qty":9999999,"steps":1,"price":134.85,"price_incl":163.17,"delivery_group":"COLLECT","warehouse_id":"L"},{"variation_id":"57827","customer_group":"DISTRI","customer_id":"129214","min_qty":1,"max_qty":9999999,"steps":1,"price":113.68,"price_incl":137.55,"delivery_group":"DELIVERY","warehouse_id":"L"},{"variation_id":"57827","customer_group":"DISTRI","customer_id":"129214","min_qty":1,"max_qty":9999999,"steps":1,"price":113.68,"price_incl":137.55,"delivery_group":"COLLECT","warehouse_id":"L"},{"variation_id":"57828","customer_group":"CON","customer_id":"","min_qty":1,"max_qty":9999999,"steps":1,"price":129.59,"price_incl":156.8,"delivery_group":"DELIVERY","warehouse_id":"L"},{"variation_id":"57828","customer_group":"CON","customer_id":"","min_qty":1,"max_qty":9999999,"steps":1,"price":129.59,"price_incl":156.8,"delivery_group":"COLLECT","warehouse_id":"L"},{"variation_id":"57828","customer_group":"PRO","customer_id":"","min_qty":1,"max_qty":9999999,"steps":1,"price":100.27,"price_incl":121.33,"delivery_group":"DELIVERY","warehouse_id":"L"},{"variation_id":"57828","customer_group":"PRO","customer_id":"","min_qty":1,"max_qty":9999999,"steps":1,"price":100.27,"price_incl":121.33,"delivery_group":"COLLECT","warehouse_id":"L"},{"variation_id":"57828","customer_group":"DISTRI","customer_id":"","min_qty":1,"max_qty":9999999,"steps":1,"price":95.23,"price_incl":115.23,"delivery_group":"COLLECT","warehouse_id":"L"},{"variation_id":"57828","customer_group":"DISTRI","customer_id":"","min_qty":1,"max_qty":9999999,"steps":1,"price":95.23,"price_incl":115.23,"delivery_group":"DELIVERY","warehouse_id":"L"},{"variation_id":"57828","customer_group":"DISTRI","customer_id":"129214","min_qty":1,"max_qty":9999999,"steps":1,"price":81.12,"price_incl":98.16,"delivery_group":"COLLECT","warehouse_id":"L"},{"variation_id":"57828","customer_group":"DISTRI","customer_id":"129214","min_qty":1,"max_qty":9999999,"steps":1,"price":81.12,"price_incl":98.16,"delivery_group":"DELIVERY","warehouse_id":"L"}],"packaging_ids":[{"packaging_name":"En vrac","packaging_id":"74","erp_id":"18346"},{"packaging_name":"Big bag 500 kg","packaging_id":"75","erp_id":"18686"},{"packaging_name":"Big bag 1500 kg","packaging_id":"77","erp_id":"18685"},{"packaging_name":"Big bag 1000 kg","packaging_id":"76","erp_id":"18684"}]},"yoast_head":"<!-- This site is optimized with the Yoast SEO plugin v27.3 - https:\/\/yoast.com\/product\/yoast-seo-wordpress\/ -->\n<title>Comblanchien 2\/7 - Blanc - Gravelart<\/title>\n<meta name=\"description\" content=\"Apportez une touche d&#039;\u00e9l\u00e9gance \u00e0 votre espace ext\u00e9rieur avec le gravier Comblanchien 2\/7. Id\u00e9al pour les all\u00e9es et les d\u00e9corations, commandez en gros !\" \/>\n<meta name=\"robots\" content=\"index, follow, max-snippet:-1, max-image-preview:large, max-video-preview:-1\" \/>\n<link rel=\"canonical\" href=\"https:\/\/gravelart.be\/fr\/product\/comblanchien-2-7-blanc\/\" \/>\n<meta property=\"og:locale\" content=\"fr_FR\" \/>\n<meta property=\"og:type\" content=\"article\" \/>\n<meta property=\"og:title\" content=\"Comblanchien 2\/7 - Blanc - Gravelart\" \/>\n<meta property=\"og:description\" content=\"Apportez une touche d&#039;\u00e9l\u00e9gance \u00e0 votre espace ext\u00e9rieur avec le gravier Comblanchien 2\/7. Id\u00e9al pour les all\u00e9es et les d\u00e9corations, commandez en gros !\" \/>\n<meta property=\"og:url\" content=\"https:\/\/gravelart.be\/fr\/product\/comblanchien-2-7-blanc\/\" \/>\n<meta property=\"og:site_name\" content=\"Gravelart\" \/>\n<meta property=\"article:modified_time\" content=\"2026-05-08T01:00:08+00:00\" \/>\n<meta property=\"og:image\" content=\"https:\/\/gravelart.be\/wp-content\/uploads\/2026\/04\/comblanchien-2-7-600x450-1.jpg\" \/>\n\t<meta property=\"og:image:width\" content=\"600\" \/>\n\t<meta property=\"og:image:height\" content=\"450\" \/>\n\t<meta property=\"og:image:type\" content=\"image\/jpeg\" \/>\n<meta name=\"twitter:card\" content=\"summary_large_image\" \/>\n<meta name=\"twitter:label1\" content=\"Dur\u00e9e de lecture estim\u00e9e\" \/>\n\t<meta name=\"twitter:data1\" content=\"1 minute\" \/>\n<script type=\"application\/ld+json\" class=\"yoast-schema-graph\">{\"@context\":\"https:\\\/\\\/schema.org\",\"@graph\":[{\"@type\":\"WebPage\",\"@id\":\"https:\\\/\\\/gravelart.be\\\/fr\\\/product\\\/comblanchien-2-7-blanc\\\/\",\"url\":\"https:\\\/\\\/gravelart.be\\\/fr\\\/product\\\/comblanchien-2-7-blanc\\\/\",\"name\":\"Comblanchien 2\\\/7 - Blanc - Gravelart\",\"isPartOf\":{\"@id\":\"https:\\\/\\\/gravelart.be\\\/fr\\\/#website\"},\"primaryImageOfPage\":{\"@id\":\"https:\\\/\\\/gravelart.be\\\/fr\\\/product\\\/comblanchien-2-7-blanc\\\/#primaryimage\"},\"image\":{\"@id\":\"https:\\\/\\\/gravelart.be\\\/fr\\\/product\\\/comblanchien-2-7-blanc\\\/#primaryimage\"},\"thumbnailUrl\":\"https:\\\/\\\/gravelart.be\\\/wp-content\\\/uploads\\\/2026\\\/04\\\/comblanchien-2-7-600x450-1.jpg\",\"datePublished\":\"2026-04-24T12:46:37+00:00\",\"dateModified\":\"2026-05-08T01:00:08+00:00\",\"description\":\"Apportez une touche d'\u00e9l\u00e9gance \u00e0 votre espace ext\u00e9rieur avec le gravier Comblanchien 2\\\/7. Id\u00e9al pour les all\u00e9es et les d\u00e9corations, commandez en gros !\",\"breadcrumb\":{\"@id\":\"https:\\\/\\\/gravelart.be\\\/fr\\\/product\\\/comblanchien-2-7-blanc\\\/#breadcrumb\"},\"inLanguage\":\"fr-FR\",\"potentialAction\":[{\"@type\":\"ReadAction\",\"target\":[\"https:\\\/\\\/gravelart.be\\\/fr\\\/product\\\/comblanchien-2-7-blanc\\\/\"]}]},{\"@type\":\"ImageObject\",\"inLanguage\":\"fr-FR\",\"@id\":\"https:\\\/\\\/gravelart.be\\\/fr\\\/product\\\/comblanchien-2-7-blanc\\\/#primaryimage\",\"url\":\"https:\\\/\\\/gravelart.be\\\/wp-content\\\/uploads\\\/2026\\\/04\\\/comblanchien-2-7-600x450-1.jpg\",\"contentUrl\":\"https:\\\/\\\/gravelart.be\\\/wp-content\\\/uploads\\\/2026\\\/04\\\/comblanchien-2-7-600x450-1.jpg\",\"width\":600,\"height\":450},{\"@type\":\"BreadcrumbList\",\"@id\":\"https:\\\/\\\/gravelart.be\\\/fr\\\/product\\\/comblanchien-2-7-blanc\\\/#breadcrumb\",\"itemListElement\":[{\"@type\":\"ListItem\",\"position\":1,\"name\":\"Home\",\"item\":\"https:\\\/\\\/gravelart.be\\\/fr\\\/\"},{\"@type\":\"ListItem\",\"position\":2,\"name\":\"Produits\",\"item\":\"https:\\\/\\\/gravelart.be\\\/fr\\\/boutique\\\/\"},{\"@type\":\"ListItem\",\"position\":3,\"name\":\"Comblanchien 2\\\/7 &#8211; Blanc\"}]},{\"@type\":\"WebSite\",\"@id\":\"https:\\\/\\\/gravelart.be\\\/fr\\\/#website\",\"url\":\"https:\\\/\\\/gravelart.be\\\/fr\\\/\",\"name\":\"Gravelart\",\"description\":\"Alles voor tuin en park\",\"publisher\":{\"@id\":\"https:\\\/\\\/gravelart.be\\\/fr\\\/#organization\"},\"potentialAction\":[{\"@type\":\"SearchAction\",\"target\":{\"@type\":\"EntryPoint\",\"urlTemplate\":\"https:\\\/\\\/gravelart.be\\\/fr\\\/?s={search_term_string}\"},\"query-input\":{\"@type\":\"PropertyValueSpecification\",\"valueRequired\":true,\"valueName\":\"search_term_string\"}}],\"inLanguage\":\"fr-FR\"},{\"@type\":\"Organization\",\"@id\":\"https:\\\/\\\/gravelart.be\\\/fr\\\/#organization\",\"name\":\"Gravelart\",\"url\":\"https:\\\/\\\/gravelart.be\\\/fr\\\/\",\"logo\":{\"@type\":\"ImageObject\",\"inLanguage\":\"fr-FR\",\"@id\":\"https:\\\/\\\/gravelart.be\\\/fr\\\/#\\\/schema\\\/logo\\\/image\\\/\",\"url\":\"https:\\\/\\\/gravelart.be\\\/wp-content\\\/uploads\\\/2022\\\/10\\\/logo-gravelart.png\",\"contentUrl\":\"https:\\\/\\\/gravelart.be\\\/wp-content\\\/uploads\\\/2022\\\/10\\\/logo-gravelart.png\",\"width\":348,\"height\":186,\"caption\":\"Gravelart\"},\"image\":{\"@id\":\"https:\\\/\\\/gravelart.be\\\/fr\\\/#\\\/schema\\\/logo\\\/image\\\/\"}}]}<\/script>\n<!-- \/ Yoast SEO plugin. -->","yoast_head_json":{"title":"Comblanchien 2\/7 - Blanc - Gravelart","description":"Apportez une touche d'\u00e9l\u00e9gance \u00e0 votre espace ext\u00e9rieur avec le gravier Comblanchien 2\/7. Id\u00e9al pour les all\u00e9es et les d\u00e9corations, commandez en gros !","robots":{"index":"index","follow":"follow","max-snippet":"max-snippet:-1","max-image-preview":"max-image-preview:large","max-video-preview":"max-video-preview:-1"},"canonical":"https:\/\/gravelart.be\/fr\/product\/comblanchien-2-7-blanc\/","og_locale":"fr_FR","og_type":"article","og_title":"Comblanchien 2\/7 - Blanc - Gravelart","og_description":"Apportez une touche d'\u00e9l\u00e9gance \u00e0 votre espace ext\u00e9rieur avec le gravier Comblanchien 2\/7. Id\u00e9al pour les all\u00e9es et les d\u00e9corations, commandez en gros !","og_url":"https:\/\/gravelart.be\/fr\/product\/comblanchien-2-7-blanc\/","og_site_name":"Gravelart","article_modified_time":"2026-05-08T01:00:08+00:00","og_image":[{"width":600,"height":450,"url":"https:\/\/gravelart.be\/wp-content\/uploads\/2026\/04\/comblanchien-2-7-600x450-1.jpg","type":"image\/jpeg"}],"twitter_card":"summary_large_image","twitter_misc":{"Dur\u00e9e de lecture estim\u00e9e":"1 minute"},"schema":{"@context":"https:\/\/schema.org","@graph":[{"@type":"WebPage","@id":"https:\/\/gravelart.be\/fr\/product\/comblanchien-2-7-blanc\/","url":"https:\/\/gravelart.be\/fr\/product\/comblanchien-2-7-blanc\/","name":"Comblanchien 2\/7 - Blanc - Gravelart","isPartOf":{"@id":"https:\/\/gravelart.be\/fr\/#website"},"primaryImageOfPage":{"@id":"https:\/\/gravelart.be\/fr\/product\/comblanchien-2-7-blanc\/#primaryimage"},"image":{"@id":"https:\/\/gravelart.be\/fr\/product\/comblanchien-2-7-blanc\/#primaryimage"},"thumbnailUrl":"https:\/\/gravelart.be\/wp-content\/uploads\/2026\/04\/comblanchien-2-7-600x450-1.jpg","datePublished":"2026-04-24T12:46:37+00:00","dateModified":"2026-05-08T01:00:08+00:00","description":"Apportez une touche d'\u00e9l\u00e9gance \u00e0 votre espace ext\u00e9rieur avec le gravier Comblanchien 2\/7. Id\u00e9al pour les all\u00e9es et les d\u00e9corations, commandez en gros !","breadcrumb":{"@id":"https:\/\/gravelart.be\/fr\/product\/comblanchien-2-7-blanc\/#breadcrumb"},"inLanguage":"fr-FR","potentialAction":[{"@type":"ReadAction","target":["https:\/\/gravelart.be\/fr\/product\/comblanchien-2-7-blanc\/"]}]},{"@type":"ImageObject","inLanguage":"fr-FR","@id":"https:\/\/gravelart.be\/fr\/product\/comblanchien-2-7-blanc\/#primaryimage","url":"https:\/\/gravelart.be\/wp-content\/uploads\/2026\/04\/comblanchien-2-7-600x450-1.jpg","contentUrl":"https:\/\/gravelart.be\/wp-content\/uploads\/2026\/04\/comblanchien-2-7-600x450-1.jpg","width":600,"height":450},{"@type":"BreadcrumbList","@id":"https:\/\/gravelart.be\/fr\/product\/comblanchien-2-7-blanc\/#breadcrumb","itemListElement":[{"@type":"ListItem","position":1,"name":"Home","item":"https:\/\/gravelart.be\/fr\/"},{"@type":"ListItem","position":2,"name":"Produits","item":"https:\/\/gravelart.be\/fr\/boutique\/"},{"@type":"ListItem","position":3,"name":"Comblanchien 2\/7 &#8211; Blanc"}]},{"@type":"WebSite","@id":"https:\/\/gravelart.be\/fr\/#website","url":"https:\/\/gravelart.be\/fr\/","name":"Gravelart","description":"Alles voor tuin en park","publisher":{"@id":"https:\/\/gravelart.be\/fr\/#organization"},"potentialAction":[{"@type":"SearchAction","target":{"@type":"EntryPoint","urlTemplate":"https:\/\/gravelart.be\/fr\/?s={search_term_string}"},"query-input":{"@type":"PropertyValueSpecification","valueRequired":true,"valueName":"search_term_string"}}],"inLanguage":"fr-FR"},{"@type":"Organization","@id":"https:\/\/gravelart.be\/fr\/#organization","name":"Gravelart","url":"https:\/\/gravelart.be\/fr\/","logo":{"@type":"ImageObject","inLanguage":"fr-FR","@id":"https:\/\/gravelart.be\/fr\/#\/schema\/logo\/image\/","url":"https:\/\/gravelart.be\/wp-content\/uploads\/2022\/10\/logo-gravelart.png","contentUrl":"https:\/\/gravelart.be\/wp-content\/uploads\/2022\/10\/logo-gravelart.png","width":348,"height":186,"caption":"Gravelart"},"image":{"@id":"https:\/\/gravelart.be\/fr\/#\/schema\/logo\/image\/"}}]}},"_links":{"self":[{"href":"https:\/\/gravelart.be\/fr\/wp-json\/wp\/v2\/product\/57824","targetHints":{"allow":["GET"]}}],"collection":[{"href":"https:\/\/gravelart.be\/fr\/wp-json\/wp\/v2\/product"}],"about":[{"href":"https:\/\/gravelart.be\/fr\/wp-json\/wp\/v2\/types\/product"}],"replies":[{"embeddable":true,"href":"https:\/\/gravelart.be\/fr\/wp-json\/wp\/v2\/comments?post=57824"}],"wp:featuredmedia":[{"embeddable":true,"href":"https:\/\/gravelart.be\/fr\/wp-json\/wp\/v2\/media\/57830"}],"wp:attachment":[{"href":"https:\/\/gravelart.be\/fr\/wp-json\/wp\/v2\/media?parent=57824"}],"wp:term":[{"taxonomy":"product_brand","embeddable":true,"href":"https:\/\/gravelart.be\/fr\/wp-json\/wp\/v2\/product_brand?post=57824"},{"taxonomy":"product_cat","embeddable":true,"href":"https:\/\/gravelart.be\/fr\/wp-json\/wp\/v2\/product_cat?post=57824"},{"taxonomy":"product_tag","embeddable":true,"href":"https:\/\/gravelart.be\/fr\/wp-json\/wp\/v2\/product_tag?post=57824"}],"curies":[{"name":"wp","href":"https:\/\/api.w.org\/{rel}","templated":true}]}}