{"id":57949,"date":"2026-05-05T11:38:03","date_gmt":"2026-05-05T09:38:03","guid":{"rendered":"https:\/\/gravelart.be\/?post_type=product&#038;p=57949"},"modified":"2026-05-14T03:00:07","modified_gmt":"2026-05-14T01:00:07","slug":"fleurs-des-champs-bloemenpracht-100g","status":"publish","type":"product","link":"https:\/\/gravelart.be\/fr\/product\/fleurs-des-champs-bloemenpracht-100g\/","title":{"rendered":"Fleurs des champs \u2013 Bloemenpracht 100g"},"content":{"rendered":"","protected":false},"excerpt":{"rendered":"<p>Avec\u00a0<strong>Bloemenpracht<\/strong>, vous r\u00e9pondez \u00e0 la demande croissante en espaces verts favorisant la biodiversit\u00e9 et n\u00e9cessitant peu d\u2019entretien. Ce m\u00e9lange de fleurs des champs compos\u00e9 d\u2019esp\u00e8ces indig\u00e8nes garantit une bonne implantation et un aspect naturel et robuste dans divers projets.<\/p>\n<p>Pourquoi choisir Bloemenpracht ?<\/p>\n<ul>\n<li><strong>Augmente la biodiversit\u00e9<\/strong>\u00a0et la valeur \u00e9cologique de chaque projet<\/li>\n<li>Bonne implantation gr\u00e2ce \u00e0 des esp\u00e8ces indig\u00e8nes et r\u00e9sistantes au climat<\/li>\n<li>Plantes h\u00f4tes id\u00e9ales pour les\u00a0<strong>papillons<\/strong>\u00a0et autres\u00a0<strong>insectes<\/strong>\u00a0utiles<\/li>\n<li><strong>Peu d\u2019entretien<\/strong>, adapt\u00e9 \u00e0 une gestion extensive<\/li>\n<li><strong>Suppression naturelle des mauvaises herbes<\/strong>, m\u00eame sur des sols pauvres<\/li>\n<\/ul>\n<p>Id\u00e9al pour v\u00e9g\u00e9taliser les jardins, les espaces publics et les zones extensives, avec une solution durable alliant esth\u00e9tique et fonctionnalit\u00e9.<\/p>\n","protected":false},"featured_media":57957,"comment_status":"open","ping_status":"closed","template":"","meta":{"_acf_changed":false,"inline_featured_image":false},"product_brand":[],"product_cat":[4153],"product_tag":[],"class_list":{"0":"post-57949","1":"product","2":"type-product","3":"status-publish","4":"has-post-thumbnail","6":"product_cat-gazon-et-plus","8":"first","9":"instock","10":"taxable","11":"shipping-taxable","12":"purchasable","13":"product-type-variable","14":"has-default-attributes"},"acf":{"woocommerce_erp_id":"19138","woocommerce_cnk_id":"105887","product_density":0,"custom_prices":[{"variation_id":"57950","customer_group":"PRO","customer_id":"","min_qty":1,"max_qty":9999999,"steps":1,"price":31.75,"price_incl":33.66,"delivery_group":"COLLECT","warehouse_id":""},{"variation_id":"57950","customer_group":"PRO","customer_id":"","min_qty":1,"max_qty":9999999,"steps":1,"price":31.75,"price_incl":33.66,"delivery_group":"DELIVERY","warehouse_id":""},{"variation_id":"57950","customer_group":"DISTRI","customer_id":"","min_qty":1,"max_qty":9999999,"steps":1,"price":31.75,"price_incl":33.66,"delivery_group":"COLLECT","warehouse_id":""},{"variation_id":"57950","customer_group":"DISTRI","customer_id":"","min_qty":1,"max_qty":9999999,"steps":1,"price":31.75,"price_incl":33.66,"delivery_group":"DELIVERY","warehouse_id":""},{"variation_id":"57950","customer_group":"CON","customer_id":"","min_qty":1,"max_qty":9999999,"steps":1,"price":38.38,"price_incl":40.68,"delivery_group":"COLLECT","warehouse_id":""},{"variation_id":"57950","customer_group":"CON","customer_id":"","min_qty":1,"max_qty":9999999,"steps":1,"price":38.38,"price_incl":40.68,"delivery_group":"DELIVERY","warehouse_id":""},{"variation_id":"57950","customer_group":"","customer_id":"129214","min_qty":1,"max_qty":9999999,"steps":1,"price":29.72,"price_incl":31.5,"delivery_group":"COLLECT","warehouse_id":""},{"variation_id":"57950","customer_group":"","customer_id":"129214","min_qty":1,"max_qty":9999999,"steps":1,"price":29.72,"price_incl":31.5,"delivery_group":"DELIVERY","warehouse_id":""}],"packaging_ids":[{"packaging_name":"Pi\u00e8ce","packaging_id":"73","erp_id":"19138"}]},"yoast_head":"<!-- This site is optimized with the Yoast SEO plugin v27.3 - https:\/\/yoast.com\/product\/yoast-seo-wordpress\/ -->\n<title>Fleurs des champs \u2013 Bloemenpracht 100g - Gravelart<\/title>\n<meta name=\"description\" content=\"Avec Bloemenpracht, enrichissez vos jardins et espaces publics gr\u00e2ce \u00e0 des fleurs des champs qui allient esth\u00e9tique, durabilit\u00e9 et faible entretien.\" \/>\n<meta name=\"robots\" content=\"index, follow, max-snippet:-1, max-image-preview:large, max-video-preview:-1\" \/>\n<link rel=\"canonical\" href=\"https:\/\/gravelart.be\/fr\/product\/fleurs-des-champs-bloemenpracht-100g\/\" \/>\n<meta property=\"og:locale\" content=\"fr_FR\" \/>\n<meta property=\"og:type\" content=\"article\" \/>\n<meta property=\"og:title\" content=\"Fleurs des champs \u2013 Bloemenpracht 100g - Gravelart\" \/>\n<meta property=\"og:description\" content=\"Avec Bloemenpracht, enrichissez vos jardins et espaces publics gr\u00e2ce \u00e0 des fleurs des champs qui allient esth\u00e9tique, durabilit\u00e9 et faible entretien.\" \/>\n<meta property=\"og:url\" content=\"https:\/\/gravelart.be\/fr\/product\/fleurs-des-champs-bloemenpracht-100g\/\" \/>\n<meta property=\"og:site_name\" content=\"Gravelart\" \/>\n<meta property=\"article:modified_time\" content=\"2026-05-14T01:00:07+00:00\" \/>\n<meta property=\"og:image\" content=\"https:\/\/gravelart.be\/wp-content\/uploads\/2026\/05\/Bloemenpracht_1-960x675-1.jpg\" \/>\n\t<meta property=\"og:image:width\" content=\"960\" \/>\n\t<meta property=\"og:image:height\" content=\"675\" \/>\n\t<meta property=\"og:image:type\" content=\"image\/jpeg\" \/>\n<meta name=\"twitter:card\" content=\"summary_large_image\" \/>\n<meta name=\"twitter:label1\" content=\"Dur\u00e9e de lecture estim\u00e9e\" \/>\n\t<meta name=\"twitter:data1\" content=\"1 minute\" \/>\n<script type=\"application\/ld+json\" class=\"yoast-schema-graph\">{\"@context\":\"https:\\\/\\\/schema.org\",\"@graph\":[{\"@type\":\"WebPage\",\"@id\":\"https:\\\/\\\/gravelart.be\\\/fr\\\/product\\\/fleurs-des-champs-bloemenpracht-100g\\\/\",\"url\":\"https:\\\/\\\/gravelart.be\\\/fr\\\/product\\\/fleurs-des-champs-bloemenpracht-100g\\\/\",\"name\":\"Fleurs des champs \u2013 Bloemenpracht 100g - Gravelart\",\"isPartOf\":{\"@id\":\"https:\\\/\\\/gravelart.be\\\/fr\\\/#website\"},\"primaryImageOfPage\":{\"@id\":\"https:\\\/\\\/gravelart.be\\\/fr\\\/product\\\/fleurs-des-champs-bloemenpracht-100g\\\/#primaryimage\"},\"image\":{\"@id\":\"https:\\\/\\\/gravelart.be\\\/fr\\\/product\\\/fleurs-des-champs-bloemenpracht-100g\\\/#primaryimage\"},\"thumbnailUrl\":\"https:\\\/\\\/gravelart.be\\\/wp-content\\\/uploads\\\/2026\\\/05\\\/Bloemenpracht_1-960x675-1.jpg\",\"datePublished\":\"2026-05-05T09:38:03+00:00\",\"dateModified\":\"2026-05-14T01:00:07+00:00\",\"description\":\"Avec Bloemenpracht, enrichissez vos jardins et espaces publics gr\u00e2ce \u00e0 des fleurs des champs qui allient esth\u00e9tique, durabilit\u00e9 et faible entretien.\",\"breadcrumb\":{\"@id\":\"https:\\\/\\\/gravelart.be\\\/fr\\\/product\\\/fleurs-des-champs-bloemenpracht-100g\\\/#breadcrumb\"},\"inLanguage\":\"fr-FR\",\"potentialAction\":[{\"@type\":\"ReadAction\",\"target\":[\"https:\\\/\\\/gravelart.be\\\/fr\\\/product\\\/fleurs-des-champs-bloemenpracht-100g\\\/\"]}]},{\"@type\":\"ImageObject\",\"inLanguage\":\"fr-FR\",\"@id\":\"https:\\\/\\\/gravelart.be\\\/fr\\\/product\\\/fleurs-des-champs-bloemenpracht-100g\\\/#primaryimage\",\"url\":\"https:\\\/\\\/gravelart.be\\\/wp-content\\\/uploads\\\/2026\\\/05\\\/Bloemenpracht_1-960x675-1.jpg\",\"contentUrl\":\"https:\\\/\\\/gravelart.be\\\/wp-content\\\/uploads\\\/2026\\\/05\\\/Bloemenpracht_1-960x675-1.jpg\",\"width\":960,\"height\":675,\"caption\":\"veldbloemen bloemenpracht\"},{\"@type\":\"BreadcrumbList\",\"@id\":\"https:\\\/\\\/gravelart.be\\\/fr\\\/product\\\/fleurs-des-champs-bloemenpracht-100g\\\/#breadcrumb\",\"itemListElement\":[{\"@type\":\"ListItem\",\"position\":1,\"name\":\"Home\",\"item\":\"https:\\\/\\\/gravelart.be\\\/fr\\\/\"},{\"@type\":\"ListItem\",\"position\":2,\"name\":\"Produits\",\"item\":\"https:\\\/\\\/gravelart.be\\\/fr\\\/boutique\\\/\"},{\"@type\":\"ListItem\",\"position\":3,\"name\":\"Fleurs des champs \u2013 Bloemenpracht 100g\"}]},{\"@type\":\"WebSite\",\"@id\":\"https:\\\/\\\/gravelart.be\\\/fr\\\/#website\",\"url\":\"https:\\\/\\\/gravelart.be\\\/fr\\\/\",\"name\":\"Gravelart\",\"description\":\"Alles voor tuin en park\",\"publisher\":{\"@id\":\"https:\\\/\\\/gravelart.be\\\/fr\\\/#organization\"},\"potentialAction\":[{\"@type\":\"SearchAction\",\"target\":{\"@type\":\"EntryPoint\",\"urlTemplate\":\"https:\\\/\\\/gravelart.be\\\/fr\\\/?s={search_term_string}\"},\"query-input\":{\"@type\":\"PropertyValueSpecification\",\"valueRequired\":true,\"valueName\":\"search_term_string\"}}],\"inLanguage\":\"fr-FR\"},{\"@type\":\"Organization\",\"@id\":\"https:\\\/\\\/gravelart.be\\\/fr\\\/#organization\",\"name\":\"Gravelart\",\"url\":\"https:\\\/\\\/gravelart.be\\\/fr\\\/\",\"logo\":{\"@type\":\"ImageObject\",\"inLanguage\":\"fr-FR\",\"@id\":\"https:\\\/\\\/gravelart.be\\\/fr\\\/#\\\/schema\\\/logo\\\/image\\\/\",\"url\":\"https:\\\/\\\/gravelart.be\\\/wp-content\\\/uploads\\\/2022\\\/10\\\/logo-gravelart.png\",\"contentUrl\":\"https:\\\/\\\/gravelart.be\\\/wp-content\\\/uploads\\\/2022\\\/10\\\/logo-gravelart.png\",\"width\":348,\"height\":186,\"caption\":\"Gravelart\"},\"image\":{\"@id\":\"https:\\\/\\\/gravelart.be\\\/fr\\\/#\\\/schema\\\/logo\\\/image\\\/\"}}]}<\/script>\n<!-- \/ Yoast SEO plugin. -->","yoast_head_json":{"title":"Fleurs des champs \u2013 Bloemenpracht 100g - Gravelart","description":"Avec Bloemenpracht, enrichissez vos jardins et espaces publics gr\u00e2ce \u00e0 des fleurs des champs qui allient esth\u00e9tique, durabilit\u00e9 et faible entretien.","robots":{"index":"index","follow":"follow","max-snippet":"max-snippet:-1","max-image-preview":"max-image-preview:large","max-video-preview":"max-video-preview:-1"},"canonical":"https:\/\/gravelart.be\/fr\/product\/fleurs-des-champs-bloemenpracht-100g\/","og_locale":"fr_FR","og_type":"article","og_title":"Fleurs des champs \u2013 Bloemenpracht 100g - Gravelart","og_description":"Avec Bloemenpracht, enrichissez vos jardins et espaces publics gr\u00e2ce \u00e0 des fleurs des champs qui allient esth\u00e9tique, durabilit\u00e9 et faible entretien.","og_url":"https:\/\/gravelart.be\/fr\/product\/fleurs-des-champs-bloemenpracht-100g\/","og_site_name":"Gravelart","article_modified_time":"2026-05-14T01:00:07+00:00","og_image":[{"width":960,"height":675,"url":"https:\/\/gravelart.be\/wp-content\/uploads\/2026\/05\/Bloemenpracht_1-960x675-1.jpg","type":"image\/jpeg"}],"twitter_card":"summary_large_image","twitter_misc":{"Dur\u00e9e de lecture estim\u00e9e":"1 minute"},"schema":{"@context":"https:\/\/schema.org","@graph":[{"@type":"WebPage","@id":"https:\/\/gravelart.be\/fr\/product\/fleurs-des-champs-bloemenpracht-100g\/","url":"https:\/\/gravelart.be\/fr\/product\/fleurs-des-champs-bloemenpracht-100g\/","name":"Fleurs des champs \u2013 Bloemenpracht 100g - Gravelart","isPartOf":{"@id":"https:\/\/gravelart.be\/fr\/#website"},"primaryImageOfPage":{"@id":"https:\/\/gravelart.be\/fr\/product\/fleurs-des-champs-bloemenpracht-100g\/#primaryimage"},"image":{"@id":"https:\/\/gravelart.be\/fr\/product\/fleurs-des-champs-bloemenpracht-100g\/#primaryimage"},"thumbnailUrl":"https:\/\/gravelart.be\/wp-content\/uploads\/2026\/05\/Bloemenpracht_1-960x675-1.jpg","datePublished":"2026-05-05T09:38:03+00:00","dateModified":"2026-05-14T01:00:07+00:00","description":"Avec Bloemenpracht, enrichissez vos jardins et espaces publics gr\u00e2ce \u00e0 des fleurs des champs qui allient esth\u00e9tique, durabilit\u00e9 et faible entretien.","breadcrumb":{"@id":"https:\/\/gravelart.be\/fr\/product\/fleurs-des-champs-bloemenpracht-100g\/#breadcrumb"},"inLanguage":"fr-FR","potentialAction":[{"@type":"ReadAction","target":["https:\/\/gravelart.be\/fr\/product\/fleurs-des-champs-bloemenpracht-100g\/"]}]},{"@type":"ImageObject","inLanguage":"fr-FR","@id":"https:\/\/gravelart.be\/fr\/product\/fleurs-des-champs-bloemenpracht-100g\/#primaryimage","url":"https:\/\/gravelart.be\/wp-content\/uploads\/2026\/05\/Bloemenpracht_1-960x675-1.jpg","contentUrl":"https:\/\/gravelart.be\/wp-content\/uploads\/2026\/05\/Bloemenpracht_1-960x675-1.jpg","width":960,"height":675,"caption":"veldbloemen bloemenpracht"},{"@type":"BreadcrumbList","@id":"https:\/\/gravelart.be\/fr\/product\/fleurs-des-champs-bloemenpracht-100g\/#breadcrumb","itemListElement":[{"@type":"ListItem","position":1,"name":"Home","item":"https:\/\/gravelart.be\/fr\/"},{"@type":"ListItem","position":2,"name":"Produits","item":"https:\/\/gravelart.be\/fr\/boutique\/"},{"@type":"ListItem","position":3,"name":"Fleurs des champs \u2013 Bloemenpracht 100g"}]},{"@type":"WebSite","@id":"https:\/\/gravelart.be\/fr\/#website","url":"https:\/\/gravelart.be\/fr\/","name":"Gravelart","description":"Alles voor tuin en park","publisher":{"@id":"https:\/\/gravelart.be\/fr\/#organization"},"potentialAction":[{"@type":"SearchAction","target":{"@type":"EntryPoint","urlTemplate":"https:\/\/gravelart.be\/fr\/?s={search_term_string}"},"query-input":{"@type":"PropertyValueSpecification","valueRequired":true,"valueName":"search_term_string"}}],"inLanguage":"fr-FR"},{"@type":"Organization","@id":"https:\/\/gravelart.be\/fr\/#organization","name":"Gravelart","url":"https:\/\/gravelart.be\/fr\/","logo":{"@type":"ImageObject","inLanguage":"fr-FR","@id":"https:\/\/gravelart.be\/fr\/#\/schema\/logo\/image\/","url":"https:\/\/gravelart.be\/wp-content\/uploads\/2022\/10\/logo-gravelart.png","contentUrl":"https:\/\/gravelart.be\/wp-content\/uploads\/2022\/10\/logo-gravelart.png","width":348,"height":186,"caption":"Gravelart"},"image":{"@id":"https:\/\/gravelart.be\/fr\/#\/schema\/logo\/image\/"}}]}},"_links":{"self":[{"href":"https:\/\/gravelart.be\/fr\/wp-json\/wp\/v2\/product\/57949","targetHints":{"allow":["GET"]}}],"collection":[{"href":"https:\/\/gravelart.be\/fr\/wp-json\/wp\/v2\/product"}],"about":[{"href":"https:\/\/gravelart.be\/fr\/wp-json\/wp\/v2\/types\/product"}],"replies":[{"embeddable":true,"href":"https:\/\/gravelart.be\/fr\/wp-json\/wp\/v2\/comments?post=57949"}],"wp:featuredmedia":[{"embeddable":true,"href":"https:\/\/gravelart.be\/fr\/wp-json\/wp\/v2\/media\/57957"}],"wp:attachment":[{"href":"https:\/\/gravelart.be\/fr\/wp-json\/wp\/v2\/media?parent=57949"}],"wp:term":[{"taxonomy":"product_brand","embeddable":true,"href":"https:\/\/gravelart.be\/fr\/wp-json\/wp\/v2\/product_brand?post=57949"},{"taxonomy":"product_cat","embeddable":true,"href":"https:\/\/gravelart.be\/fr\/wp-json\/wp\/v2\/product_cat?post=57949"},{"taxonomy":"product_tag","embeddable":true,"href":"https:\/\/gravelart.be\/fr\/wp-json\/wp\/v2\/product_tag?post=57949"}],"curies":[{"name":"wp","href":"https:\/\/api.w.org\/{rel}","templated":true}]}}