{"id":57962,"date":"2026-05-05T12:39:06","date_gmt":"2026-05-05T10:39:06","guid":{"rendered":"https:\/\/gravelart.be\/?post_type=product&#038;p=57962"},"modified":"2026-05-07T03:00:02","modified_gmt":"2026-05-07T01:00:02","slug":"micro-trefle-pipolina-advanta-1kg","status":"publish","type":"product","link":"https:\/\/gravelart.be\/fr\/product\/micro-trefle-pipolina-advanta-1kg\/","title":{"rendered":"Micro-tr\u00e8fle Pipolina Advanta 1kg"},"content":{"rendered":"","protected":false},"excerpt":{"rendered":"","protected":false},"featured_media":57965,"comment_status":"open","ping_status":"closed","template":"","meta":{"_acf_changed":false,"inline_featured_image":false},"product_brand":[],"product_cat":[4153],"product_tag":[],"class_list":{"0":"post-57962","1":"product","2":"type-product","3":"status-publish","4":"has-post-thumbnail","6":"product_cat-gazon-et-plus","8":"first","9":"instock","10":"taxable","11":"shipping-taxable","12":"purchasable","13":"product-type-variable","14":"has-default-attributes"},"acf":{"woocommerce_erp_id":"19127","woocommerce_cnk_id":"105876","product_density":0,"custom_prices":[{"variation_id":"57963","customer_group":"PRO","customer_id":"","min_qty":1,"max_qty":9999999,"steps":1,"price":34.38,"price_incl":36.44,"delivery_group":"COLLECT","warehouse_id":""},{"variation_id":"57963","customer_group":"PRO","customer_id":"","min_qty":1,"max_qty":9999999,"steps":1,"price":34.38,"price_incl":36.44,"delivery_group":"DELIVERY","warehouse_id":""},{"variation_id":"57963","customer_group":"DISTRI","customer_id":"","min_qty":1,"max_qty":9999999,"steps":1,"price":34.38,"price_incl":36.44,"delivery_group":"COLLECT","warehouse_id":""},{"variation_id":"57963","customer_group":"DISTRI","customer_id":"","min_qty":1,"max_qty":9999999,"steps":1,"price":34.38,"price_incl":36.44,"delivery_group":"DELIVERY","warehouse_id":""},{"variation_id":"57963","customer_group":"CON","customer_id":"","min_qty":1,"max_qty":9999999,"steps":1,"price":42.97,"price_incl":45.55,"delivery_group":"COLLECT","warehouse_id":""},{"variation_id":"57963","customer_group":"CON","customer_id":"","min_qty":1,"max_qty":9999999,"steps":1,"price":42.97,"price_incl":45.55,"delivery_group":"DELIVERY","warehouse_id":""},{"variation_id":"57963","customer_group":"","customer_id":"129214","min_qty":1,"max_qty":9999999,"steps":1,"price":31.59,"price_incl":33.49,"delivery_group":"COLLECT","warehouse_id":""},{"variation_id":"57963","customer_group":"","customer_id":"129214","min_qty":1,"max_qty":9999999,"steps":1,"price":31.59,"price_incl":33.49,"delivery_group":"DELIVERY","warehouse_id":""}],"packaging_ids":[{"packaging_name":"Pi\u00e8ce","packaging_id":"73","erp_id":"19127"}]},"yoast_head":"<!-- This site is optimized with the Yoast SEO plugin v27.3 - https:\/\/yoast.com\/product\/yoast-seo-wordpress\/ -->\n<title>Micro-tr\u00e8fle Pipolina Advanta 1kg - Gravelart<\/title>\n<meta name=\"description\" content=\"D\u00e9couvrez les avantages du micro-tr\u00e8fle pipolina pour votre pelouse de tr\u00e8fle. Durable, n\u00e9cessitant peu d&#039;entretien et id\u00e9al pour un jardin verdoyant.\" \/>\n<meta name=\"robots\" content=\"index, follow, max-snippet:-1, max-image-preview:large, max-video-preview:-1\" \/>\n<link rel=\"canonical\" href=\"https:\/\/gravelart.be\/fr\/product\/micro-trefle-pipolina-advanta-1kg\/\" \/>\n<meta property=\"og:locale\" content=\"fr_FR\" \/>\n<meta property=\"og:type\" content=\"article\" \/>\n<meta property=\"og:title\" content=\"Micro-tr\u00e8fle Pipolina Advanta 1kg - Gravelart\" \/>\n<meta property=\"og:description\" content=\"D\u00e9couvrez les avantages du micro-tr\u00e8fle pipolina pour votre pelouse de tr\u00e8fle. Durable, n\u00e9cessitant peu d&#039;entretien et id\u00e9al pour un jardin verdoyant.\" \/>\n<meta property=\"og:url\" content=\"https:\/\/gravelart.be\/fr\/product\/micro-trefle-pipolina-advanta-1kg\/\" \/>\n<meta property=\"og:site_name\" content=\"Gravelart\" \/>\n<meta property=\"article:modified_time\" content=\"2026-05-07T01:00:02+00:00\" \/>\n<meta property=\"og:image\" content=\"https:\/\/gravelart.be\/wp-content\/uploads\/2026\/05\/microklaver-1.jpg\" \/>\n\t<meta property=\"og:image:width\" content=\"500\" \/>\n\t<meta property=\"og:image:height\" content=\"500\" \/>\n\t<meta property=\"og:image:type\" content=\"image\/jpeg\" \/>\n<meta name=\"twitter:card\" content=\"summary_large_image\" \/>\n<meta name=\"twitter:label1\" content=\"Dur\u00e9e de lecture estim\u00e9e\" \/>\n\t<meta name=\"twitter:data1\" content=\"1 minute\" \/>\n<script type=\"application\/ld+json\" class=\"yoast-schema-graph\">{\"@context\":\"https:\\\/\\\/schema.org\",\"@graph\":[{\"@type\":\"WebPage\",\"@id\":\"https:\\\/\\\/gravelart.be\\\/fr\\\/product\\\/micro-trefle-pipolina-advanta-1kg\\\/\",\"url\":\"https:\\\/\\\/gravelart.be\\\/fr\\\/product\\\/micro-trefle-pipolina-advanta-1kg\\\/\",\"name\":\"Micro-tr\u00e8fle Pipolina Advanta 1kg - Gravelart\",\"isPartOf\":{\"@id\":\"https:\\\/\\\/gravelart.be\\\/fr\\\/#website\"},\"primaryImageOfPage\":{\"@id\":\"https:\\\/\\\/gravelart.be\\\/fr\\\/product\\\/micro-trefle-pipolina-advanta-1kg\\\/#primaryimage\"},\"image\":{\"@id\":\"https:\\\/\\\/gravelart.be\\\/fr\\\/product\\\/micro-trefle-pipolina-advanta-1kg\\\/#primaryimage\"},\"thumbnailUrl\":\"https:\\\/\\\/gravelart.be\\\/wp-content\\\/uploads\\\/2026\\\/05\\\/microklaver-1.jpg\",\"datePublished\":\"2026-05-05T10:39:06+00:00\",\"dateModified\":\"2026-05-07T01:00:02+00:00\",\"description\":\"D\u00e9couvrez les avantages du micro-tr\u00e8fle pipolina pour votre pelouse de tr\u00e8fle. Durable, n\u00e9cessitant peu d'entretien et id\u00e9al pour un jardin verdoyant.\",\"breadcrumb\":{\"@id\":\"https:\\\/\\\/gravelart.be\\\/fr\\\/product\\\/micro-trefle-pipolina-advanta-1kg\\\/#breadcrumb\"},\"inLanguage\":\"fr-FR\",\"potentialAction\":[{\"@type\":\"ReadAction\",\"target\":[\"https:\\\/\\\/gravelart.be\\\/fr\\\/product\\\/micro-trefle-pipolina-advanta-1kg\\\/\"]}]},{\"@type\":\"ImageObject\",\"inLanguage\":\"fr-FR\",\"@id\":\"https:\\\/\\\/gravelart.be\\\/fr\\\/product\\\/micro-trefle-pipolina-advanta-1kg\\\/#primaryimage\",\"url\":\"https:\\\/\\\/gravelart.be\\\/wp-content\\\/uploads\\\/2026\\\/05\\\/microklaver-1.jpg\",\"contentUrl\":\"https:\\\/\\\/gravelart.be\\\/wp-content\\\/uploads\\\/2026\\\/05\\\/microklaver-1.jpg\",\"width\":500,\"height\":500,\"caption\":\"microklaver\"},{\"@type\":\"BreadcrumbList\",\"@id\":\"https:\\\/\\\/gravelart.be\\\/fr\\\/product\\\/micro-trefle-pipolina-advanta-1kg\\\/#breadcrumb\",\"itemListElement\":[{\"@type\":\"ListItem\",\"position\":1,\"name\":\"Home\",\"item\":\"https:\\\/\\\/gravelart.be\\\/fr\\\/\"},{\"@type\":\"ListItem\",\"position\":2,\"name\":\"Produits\",\"item\":\"https:\\\/\\\/gravelart.be\\\/fr\\\/boutique\\\/\"},{\"@type\":\"ListItem\",\"position\":3,\"name\":\"Micro-tr\u00e8fle Pipolina Advanta 1kg\"}]},{\"@type\":\"WebSite\",\"@id\":\"https:\\\/\\\/gravelart.be\\\/fr\\\/#website\",\"url\":\"https:\\\/\\\/gravelart.be\\\/fr\\\/\",\"name\":\"Gravelart\",\"description\":\"Alles voor tuin en park\",\"publisher\":{\"@id\":\"https:\\\/\\\/gravelart.be\\\/fr\\\/#organization\"},\"potentialAction\":[{\"@type\":\"SearchAction\",\"target\":{\"@type\":\"EntryPoint\",\"urlTemplate\":\"https:\\\/\\\/gravelart.be\\\/fr\\\/?s={search_term_string}\"},\"query-input\":{\"@type\":\"PropertyValueSpecification\",\"valueRequired\":true,\"valueName\":\"search_term_string\"}}],\"inLanguage\":\"fr-FR\"},{\"@type\":\"Organization\",\"@id\":\"https:\\\/\\\/gravelart.be\\\/fr\\\/#organization\",\"name\":\"Gravelart\",\"url\":\"https:\\\/\\\/gravelart.be\\\/fr\\\/\",\"logo\":{\"@type\":\"ImageObject\",\"inLanguage\":\"fr-FR\",\"@id\":\"https:\\\/\\\/gravelart.be\\\/fr\\\/#\\\/schema\\\/logo\\\/image\\\/\",\"url\":\"https:\\\/\\\/gravelart.be\\\/wp-content\\\/uploads\\\/2022\\\/10\\\/logo-gravelart.png\",\"contentUrl\":\"https:\\\/\\\/gravelart.be\\\/wp-content\\\/uploads\\\/2022\\\/10\\\/logo-gravelart.png\",\"width\":348,\"height\":186,\"caption\":\"Gravelart\"},\"image\":{\"@id\":\"https:\\\/\\\/gravelart.be\\\/fr\\\/#\\\/schema\\\/logo\\\/image\\\/\"}}]}<\/script>\n<!-- \/ Yoast SEO plugin. -->","yoast_head_json":{"title":"Micro-tr\u00e8fle Pipolina Advanta 1kg - Gravelart","description":"D\u00e9couvrez les avantages du micro-tr\u00e8fle pipolina pour votre pelouse de tr\u00e8fle. Durable, n\u00e9cessitant peu d'entretien et id\u00e9al pour un jardin verdoyant.","robots":{"index":"index","follow":"follow","max-snippet":"max-snippet:-1","max-image-preview":"max-image-preview:large","max-video-preview":"max-video-preview:-1"},"canonical":"https:\/\/gravelart.be\/fr\/product\/micro-trefle-pipolina-advanta-1kg\/","og_locale":"fr_FR","og_type":"article","og_title":"Micro-tr\u00e8fle Pipolina Advanta 1kg - Gravelart","og_description":"D\u00e9couvrez les avantages du micro-tr\u00e8fle pipolina pour votre pelouse de tr\u00e8fle. Durable, n\u00e9cessitant peu d'entretien et id\u00e9al pour un jardin verdoyant.","og_url":"https:\/\/gravelart.be\/fr\/product\/micro-trefle-pipolina-advanta-1kg\/","og_site_name":"Gravelart","article_modified_time":"2026-05-07T01:00:02+00:00","og_image":[{"width":500,"height":500,"url":"https:\/\/gravelart.be\/wp-content\/uploads\/2026\/05\/microklaver-1.jpg","type":"image\/jpeg"}],"twitter_card":"summary_large_image","twitter_misc":{"Dur\u00e9e de lecture estim\u00e9e":"1 minute"},"schema":{"@context":"https:\/\/schema.org","@graph":[{"@type":"WebPage","@id":"https:\/\/gravelart.be\/fr\/product\/micro-trefle-pipolina-advanta-1kg\/","url":"https:\/\/gravelart.be\/fr\/product\/micro-trefle-pipolina-advanta-1kg\/","name":"Micro-tr\u00e8fle Pipolina Advanta 1kg - Gravelart","isPartOf":{"@id":"https:\/\/gravelart.be\/fr\/#website"},"primaryImageOfPage":{"@id":"https:\/\/gravelart.be\/fr\/product\/micro-trefle-pipolina-advanta-1kg\/#primaryimage"},"image":{"@id":"https:\/\/gravelart.be\/fr\/product\/micro-trefle-pipolina-advanta-1kg\/#primaryimage"},"thumbnailUrl":"https:\/\/gravelart.be\/wp-content\/uploads\/2026\/05\/microklaver-1.jpg","datePublished":"2026-05-05T10:39:06+00:00","dateModified":"2026-05-07T01:00:02+00:00","description":"D\u00e9couvrez les avantages du micro-tr\u00e8fle pipolina pour votre pelouse de tr\u00e8fle. Durable, n\u00e9cessitant peu d'entretien et id\u00e9al pour un jardin verdoyant.","breadcrumb":{"@id":"https:\/\/gravelart.be\/fr\/product\/micro-trefle-pipolina-advanta-1kg\/#breadcrumb"},"inLanguage":"fr-FR","potentialAction":[{"@type":"ReadAction","target":["https:\/\/gravelart.be\/fr\/product\/micro-trefle-pipolina-advanta-1kg\/"]}]},{"@type":"ImageObject","inLanguage":"fr-FR","@id":"https:\/\/gravelart.be\/fr\/product\/micro-trefle-pipolina-advanta-1kg\/#primaryimage","url":"https:\/\/gravelart.be\/wp-content\/uploads\/2026\/05\/microklaver-1.jpg","contentUrl":"https:\/\/gravelart.be\/wp-content\/uploads\/2026\/05\/microklaver-1.jpg","width":500,"height":500,"caption":"microklaver"},{"@type":"BreadcrumbList","@id":"https:\/\/gravelart.be\/fr\/product\/micro-trefle-pipolina-advanta-1kg\/#breadcrumb","itemListElement":[{"@type":"ListItem","position":1,"name":"Home","item":"https:\/\/gravelart.be\/fr\/"},{"@type":"ListItem","position":2,"name":"Produits","item":"https:\/\/gravelart.be\/fr\/boutique\/"},{"@type":"ListItem","position":3,"name":"Micro-tr\u00e8fle Pipolina Advanta 1kg"}]},{"@type":"WebSite","@id":"https:\/\/gravelart.be\/fr\/#website","url":"https:\/\/gravelart.be\/fr\/","name":"Gravelart","description":"Alles voor tuin en park","publisher":{"@id":"https:\/\/gravelart.be\/fr\/#organization"},"potentialAction":[{"@type":"SearchAction","target":{"@type":"EntryPoint","urlTemplate":"https:\/\/gravelart.be\/fr\/?s={search_term_string}"},"query-input":{"@type":"PropertyValueSpecification","valueRequired":true,"valueName":"search_term_string"}}],"inLanguage":"fr-FR"},{"@type":"Organization","@id":"https:\/\/gravelart.be\/fr\/#organization","name":"Gravelart","url":"https:\/\/gravelart.be\/fr\/","logo":{"@type":"ImageObject","inLanguage":"fr-FR","@id":"https:\/\/gravelart.be\/fr\/#\/schema\/logo\/image\/","url":"https:\/\/gravelart.be\/wp-content\/uploads\/2022\/10\/logo-gravelart.png","contentUrl":"https:\/\/gravelart.be\/wp-content\/uploads\/2022\/10\/logo-gravelart.png","width":348,"height":186,"caption":"Gravelart"},"image":{"@id":"https:\/\/gravelart.be\/fr\/#\/schema\/logo\/image\/"}}]}},"_links":{"self":[{"href":"https:\/\/gravelart.be\/fr\/wp-json\/wp\/v2\/product\/57962","targetHints":{"allow":["GET"]}}],"collection":[{"href":"https:\/\/gravelart.be\/fr\/wp-json\/wp\/v2\/product"}],"about":[{"href":"https:\/\/gravelart.be\/fr\/wp-json\/wp\/v2\/types\/product"}],"replies":[{"embeddable":true,"href":"https:\/\/gravelart.be\/fr\/wp-json\/wp\/v2\/comments?post=57962"}],"wp:featuredmedia":[{"embeddable":true,"href":"https:\/\/gravelart.be\/fr\/wp-json\/wp\/v2\/media\/57965"}],"wp:attachment":[{"href":"https:\/\/gravelart.be\/fr\/wp-json\/wp\/v2\/media?parent=57962"}],"wp:term":[{"taxonomy":"product_brand","embeddable":true,"href":"https:\/\/gravelart.be\/fr\/wp-json\/wp\/v2\/product_brand?post=57962"},{"taxonomy":"product_cat","embeddable":true,"href":"https:\/\/gravelart.be\/fr\/wp-json\/wp\/v2\/product_cat?post=57962"},{"taxonomy":"product_tag","embeddable":true,"href":"https:\/\/gravelart.be\/fr\/wp-json\/wp\/v2\/product_tag?post=57962"}],"curies":[{"name":"wp","href":"https:\/\/api.w.org\/{rel}","templated":true}]}}