{"id":33514,"date":"2023-02-02T09:29:43","date_gmt":"2023-02-02T08:29:43","guid":{"rendered":"https:\/\/gravelart.be\/?post_type=product&#038;p=33514"},"modified":"2026-02-24T20:07:46","modified_gmt":"2026-02-24T19:07:46","slug":"multicyclone-mc16-voorfilter","status":"publish","type":"product","link":"https:\/\/gravelart.be\/nl\/product\/multicyclone-mc16-voorfilter\/","title":{"rendered":"Multicyclone MC16 voorfilter"},"content":{"rendered":"","protected":false},"excerpt":{"rendered":"<p>De Multicyclone biedt onge\u00ebvenaarde filtratie en vermindert het onderhoud van uw filtersysteem aanzienlijk. Dit innovatieve voorfilter werkt op basis van centrifugale kracht, waarbij het water wordt gescheiden van vuil en onzuiverheden. De Multicyclone houdt ongeveer 80% van de onzuiverheden tegen, wat resulteert in een schoner en effici\u00ebnter systeem.<\/p>\n<p>Bolkraan is inbegrepen.<\/p>\n<p>&nbsp;<\/p>\n","protected":false},"featured_media":41116,"comment_status":"open","ping_status":"closed","template":"","meta":{"_acf_changed":false,"inline_featured_image":false},"product_brand":[],"product_cat":[4093],"product_tag":[],"class_list":{"0":"post-33514","1":"product","2":"type-product","3":"status-publish","4":"has-post-thumbnail","6":"product_cat-drukfilters","8":"first","9":"instock","10":"taxable","11":"shipping-taxable","12":"purchasable","13":"product-type-variable","14":"has-default-attributes"},"acf":{"woocommerce_erp_id":"16597","woocommerce_cnk_id":"102327","product_density":0,"custom_prices":[{"variation_id":"33622","customer_group":"PRO","customer_id":"","min_qty":1,"max_qty":9999999,"steps":1,"price":478.0472,"price_incl":578.4371,"delivery_group":"COLLECT","warehouse_id":""},{"variation_id":"33622","customer_group":"PRO","customer_id":"","min_qty":1,"max_qty":9999999,"steps":1,"price":478.0472,"price_incl":578.4371,"delivery_group":"DELIVERY","warehouse_id":""},{"variation_id":"33622","customer_group":"DISTRI","customer_id":"129214","min_qty":1,"max_qty":9999999,"steps":1,"price":475.331,"price_incl":575.1505,"delivery_group":"DELIVERY","warehouse_id":""},{"variation_id":"33622","customer_group":"DISTRI","customer_id":"129214","min_qty":1,"max_qty":9999999,"steps":1,"price":475.331,"price_incl":575.1505,"delivery_group":"COLLECT","warehouse_id":""}],"packaging_ids":[{"packaging_name":"Stuk","packaging_id":"7","erp_id":"16597"}]},"yoast_head":"<!-- This site is optimized with the Yoast SEO plugin v27.3 - https:\/\/yoast.com\/product\/yoast-seo-wordpress\/ -->\n<title>Multicyclone MC16 voorfilter - Gravelart<\/title>\n<meta name=\"description\" content=\"Multicyclone MC16 voorfilter verwijdert vuil en zand uit het water v\u00f3\u00f3r de hoofdfilter. Vermindert onderhoud en verhoogt de effici\u00ebntie van vijverfilters.\" \/>\n<meta name=\"robots\" content=\"index, follow, max-snippet:-1, max-image-preview:large, max-video-preview:-1\" \/>\n<link rel=\"canonical\" href=\"https:\/\/gravelart.be\/nl\/product\/multicyclone-mc16-voorfilter\/\" \/>\n<meta property=\"og:locale\" content=\"nl_NL\" \/>\n<meta property=\"og:type\" content=\"article\" \/>\n<meta property=\"og:title\" content=\"Multicyclone MC16 voorfilter - Gravelart\" \/>\n<meta property=\"og:description\" content=\"Multicyclone MC16 voorfilter verwijdert vuil en zand uit het water v\u00f3\u00f3r de hoofdfilter. Vermindert onderhoud en verhoogt de effici\u00ebntie van vijverfilters.\" \/>\n<meta property=\"og:url\" content=\"https:\/\/gravelart.be\/nl\/product\/multicyclone-mc16-voorfilter\/\" \/>\n<meta property=\"og:site_name\" content=\"Gravelart\" \/>\n<meta property=\"article:modified_time\" content=\"2026-02-24T19:07:46+00:00\" \/>\n<meta property=\"og:image\" content=\"https:\/\/gravelart.be\/wp-content\/uploads\/2023\/02\/WEBSHOP_IMAGE_1-16597.jpg\" \/>\n\t<meta property=\"og:image:width\" content=\"1500\" \/>\n\t<meta property=\"og:image:height\" content=\"1500\" \/>\n\t<meta property=\"og:image:type\" content=\"image\/jpeg\" \/>\n<meta name=\"twitter:card\" content=\"summary_large_image\" \/>\n<meta name=\"twitter:label1\" content=\"Geschatte leestijd\" \/>\n\t<meta name=\"twitter:data1\" content=\"1 minuut\" \/>\n<script type=\"application\/ld+json\" class=\"yoast-schema-graph\">{\"@context\":\"https:\\\/\\\/schema.org\",\"@graph\":[{\"@type\":\"WebPage\",\"@id\":\"https:\\\/\\\/gravelart.be\\\/nl\\\/product\\\/multicyclone-mc16-voorfilter\\\/\",\"url\":\"https:\\\/\\\/gravelart.be\\\/nl\\\/product\\\/multicyclone-mc16-voorfilter\\\/\",\"name\":\"Multicyclone MC16 voorfilter - Gravelart\",\"isPartOf\":{\"@id\":\"https:\\\/\\\/gravelart.be\\\/nl\\\/#website\"},\"primaryImageOfPage\":{\"@id\":\"https:\\\/\\\/gravelart.be\\\/nl\\\/product\\\/multicyclone-mc16-voorfilter\\\/#primaryimage\"},\"image\":{\"@id\":\"https:\\\/\\\/gravelart.be\\\/nl\\\/product\\\/multicyclone-mc16-voorfilter\\\/#primaryimage\"},\"thumbnailUrl\":\"https:\\\/\\\/gravelart.be\\\/wp-content\\\/uploads\\\/2023\\\/02\\\/WEBSHOP_IMAGE_1-16597.jpg\",\"datePublished\":\"2023-02-02T08:29:43+00:00\",\"dateModified\":\"2026-02-24T19:07:46+00:00\",\"description\":\"Multicyclone MC16 voorfilter verwijdert vuil en zand uit het water v\u00f3\u00f3r de hoofdfilter. Vermindert onderhoud en verhoogt de effici\u00ebntie van vijverfilters.\",\"breadcrumb\":{\"@id\":\"https:\\\/\\\/gravelart.be\\\/nl\\\/product\\\/multicyclone-mc16-voorfilter\\\/#breadcrumb\"},\"inLanguage\":\"nl-NL\",\"potentialAction\":[{\"@type\":\"ReadAction\",\"target\":[\"https:\\\/\\\/gravelart.be\\\/nl\\\/product\\\/multicyclone-mc16-voorfilter\\\/\"]}]},{\"@type\":\"ImageObject\",\"inLanguage\":\"nl-NL\",\"@id\":\"https:\\\/\\\/gravelart.be\\\/nl\\\/product\\\/multicyclone-mc16-voorfilter\\\/#primaryimage\",\"url\":\"https:\\\/\\\/gravelart.be\\\/wp-content\\\/uploads\\\/2023\\\/02\\\/WEBSHOP_IMAGE_1-16597.jpg\",\"contentUrl\":\"https:\\\/\\\/gravelart.be\\\/wp-content\\\/uploads\\\/2023\\\/02\\\/WEBSHOP_IMAGE_1-16597.jpg\",\"width\":1500,\"height\":1500},{\"@type\":\"BreadcrumbList\",\"@id\":\"https:\\\/\\\/gravelart.be\\\/nl\\\/product\\\/multicyclone-mc16-voorfilter\\\/#breadcrumb\",\"itemListElement\":[{\"@type\":\"ListItem\",\"position\":1,\"name\":\"Home\",\"item\":\"https:\\\/\\\/gravelart.be\\\/nl\\\/\"},{\"@type\":\"ListItem\",\"position\":2,\"name\":\"Producten\",\"item\":\"https:\\\/\\\/gravelart.be\\\/nl\\\/producten\\\/\"},{\"@type\":\"ListItem\",\"position\":3,\"name\":\"Multicyclone MC16 voorfilter\"}]},{\"@type\":\"WebSite\",\"@id\":\"https:\\\/\\\/gravelart.be\\\/nl\\\/#website\",\"url\":\"https:\\\/\\\/gravelart.be\\\/nl\\\/\",\"name\":\"Gravelart\",\"description\":\"Alles voor tuin en park\",\"publisher\":{\"@id\":\"https:\\\/\\\/gravelart.be\\\/nl\\\/#organization\"},\"potentialAction\":[{\"@type\":\"SearchAction\",\"target\":{\"@type\":\"EntryPoint\",\"urlTemplate\":\"https:\\\/\\\/gravelart.be\\\/nl\\\/?s={search_term_string}\"},\"query-input\":{\"@type\":\"PropertyValueSpecification\",\"valueRequired\":true,\"valueName\":\"search_term_string\"}}],\"inLanguage\":\"nl-NL\"},{\"@type\":\"Organization\",\"@id\":\"https:\\\/\\\/gravelart.be\\\/nl\\\/#organization\",\"name\":\"Gravelart\",\"url\":\"https:\\\/\\\/gravelart.be\\\/nl\\\/\",\"logo\":{\"@type\":\"ImageObject\",\"inLanguage\":\"nl-NL\",\"@id\":\"https:\\\/\\\/gravelart.be\\\/nl\\\/#\\\/schema\\\/logo\\\/image\\\/\",\"url\":\"https:\\\/\\\/gravelart.be\\\/wp-content\\\/uploads\\\/2022\\\/10\\\/logo-gravelart.png\",\"contentUrl\":\"https:\\\/\\\/gravelart.be\\\/wp-content\\\/uploads\\\/2022\\\/10\\\/logo-gravelart.png\",\"width\":348,\"height\":186,\"caption\":\"Gravelart\"},\"image\":{\"@id\":\"https:\\\/\\\/gravelart.be\\\/nl\\\/#\\\/schema\\\/logo\\\/image\\\/\"}}]}<\/script>\n<!-- \/ Yoast SEO plugin. -->","yoast_head_json":{"title":"Multicyclone MC16 voorfilter - Gravelart","description":"Multicyclone MC16 voorfilter verwijdert vuil en zand uit het water v\u00f3\u00f3r de hoofdfilter. Vermindert onderhoud en verhoogt de effici\u00ebntie van vijverfilters.","robots":{"index":"index","follow":"follow","max-snippet":"max-snippet:-1","max-image-preview":"max-image-preview:large","max-video-preview":"max-video-preview:-1"},"canonical":"https:\/\/gravelart.be\/nl\/product\/multicyclone-mc16-voorfilter\/","og_locale":"nl_NL","og_type":"article","og_title":"Multicyclone MC16 voorfilter - Gravelart","og_description":"Multicyclone MC16 voorfilter verwijdert vuil en zand uit het water v\u00f3\u00f3r de hoofdfilter. Vermindert onderhoud en verhoogt de effici\u00ebntie van vijverfilters.","og_url":"https:\/\/gravelart.be\/nl\/product\/multicyclone-mc16-voorfilter\/","og_site_name":"Gravelart","article_modified_time":"2026-02-24T19:07:46+00:00","og_image":[{"width":1500,"height":1500,"url":"https:\/\/gravelart.be\/wp-content\/uploads\/2023\/02\/WEBSHOP_IMAGE_1-16597.jpg","type":"image\/jpeg"}],"twitter_card":"summary_large_image","twitter_misc":{"Geschatte leestijd":"1 minuut"},"schema":{"@context":"https:\/\/schema.org","@graph":[{"@type":"WebPage","@id":"https:\/\/gravelart.be\/nl\/product\/multicyclone-mc16-voorfilter\/","url":"https:\/\/gravelart.be\/nl\/product\/multicyclone-mc16-voorfilter\/","name":"Multicyclone MC16 voorfilter - Gravelart","isPartOf":{"@id":"https:\/\/gravelart.be\/nl\/#website"},"primaryImageOfPage":{"@id":"https:\/\/gravelart.be\/nl\/product\/multicyclone-mc16-voorfilter\/#primaryimage"},"image":{"@id":"https:\/\/gravelart.be\/nl\/product\/multicyclone-mc16-voorfilter\/#primaryimage"},"thumbnailUrl":"https:\/\/gravelart.be\/wp-content\/uploads\/2023\/02\/WEBSHOP_IMAGE_1-16597.jpg","datePublished":"2023-02-02T08:29:43+00:00","dateModified":"2026-02-24T19:07:46+00:00","description":"Multicyclone MC16 voorfilter verwijdert vuil en zand uit het water v\u00f3\u00f3r de hoofdfilter. Vermindert onderhoud en verhoogt de effici\u00ebntie van vijverfilters.","breadcrumb":{"@id":"https:\/\/gravelart.be\/nl\/product\/multicyclone-mc16-voorfilter\/#breadcrumb"},"inLanguage":"nl-NL","potentialAction":[{"@type":"ReadAction","target":["https:\/\/gravelart.be\/nl\/product\/multicyclone-mc16-voorfilter\/"]}]},{"@type":"ImageObject","inLanguage":"nl-NL","@id":"https:\/\/gravelart.be\/nl\/product\/multicyclone-mc16-voorfilter\/#primaryimage","url":"https:\/\/gravelart.be\/wp-content\/uploads\/2023\/02\/WEBSHOP_IMAGE_1-16597.jpg","contentUrl":"https:\/\/gravelart.be\/wp-content\/uploads\/2023\/02\/WEBSHOP_IMAGE_1-16597.jpg","width":1500,"height":1500},{"@type":"BreadcrumbList","@id":"https:\/\/gravelart.be\/nl\/product\/multicyclone-mc16-voorfilter\/#breadcrumb","itemListElement":[{"@type":"ListItem","position":1,"name":"Home","item":"https:\/\/gravelart.be\/nl\/"},{"@type":"ListItem","position":2,"name":"Producten","item":"https:\/\/gravelart.be\/nl\/producten\/"},{"@type":"ListItem","position":3,"name":"Multicyclone MC16 voorfilter"}]},{"@type":"WebSite","@id":"https:\/\/gravelart.be\/nl\/#website","url":"https:\/\/gravelart.be\/nl\/","name":"Gravelart","description":"Alles voor tuin en park","publisher":{"@id":"https:\/\/gravelart.be\/nl\/#organization"},"potentialAction":[{"@type":"SearchAction","target":{"@type":"EntryPoint","urlTemplate":"https:\/\/gravelart.be\/nl\/?s={search_term_string}"},"query-input":{"@type":"PropertyValueSpecification","valueRequired":true,"valueName":"search_term_string"}}],"inLanguage":"nl-NL"},{"@type":"Organization","@id":"https:\/\/gravelart.be\/nl\/#organization","name":"Gravelart","url":"https:\/\/gravelart.be\/nl\/","logo":{"@type":"ImageObject","inLanguage":"nl-NL","@id":"https:\/\/gravelart.be\/nl\/#\/schema\/logo\/image\/","url":"https:\/\/gravelart.be\/wp-content\/uploads\/2022\/10\/logo-gravelart.png","contentUrl":"https:\/\/gravelart.be\/wp-content\/uploads\/2022\/10\/logo-gravelart.png","width":348,"height":186,"caption":"Gravelart"},"image":{"@id":"https:\/\/gravelart.be\/nl\/#\/schema\/logo\/image\/"}}]}},"_links":{"self":[{"href":"https:\/\/gravelart.be\/nl\/wp-json\/wp\/v2\/product\/33514","targetHints":{"allow":["GET"]}}],"collection":[{"href":"https:\/\/gravelart.be\/nl\/wp-json\/wp\/v2\/product"}],"about":[{"href":"https:\/\/gravelart.be\/nl\/wp-json\/wp\/v2\/types\/product"}],"replies":[{"embeddable":true,"href":"https:\/\/gravelart.be\/nl\/wp-json\/wp\/v2\/comments?post=33514"}],"wp:featuredmedia":[{"embeddable":true,"href":"https:\/\/gravelart.be\/nl\/wp-json\/wp\/v2\/media\/41116"}],"wp:attachment":[{"href":"https:\/\/gravelart.be\/nl\/wp-json\/wp\/v2\/media?parent=33514"}],"wp:term":[{"taxonomy":"product_brand","embeddable":true,"href":"https:\/\/gravelart.be\/nl\/wp-json\/wp\/v2\/product_brand?post=33514"},{"taxonomy":"product_cat","embeddable":true,"href":"https:\/\/gravelart.be\/nl\/wp-json\/wp\/v2\/product_cat?post=33514"},{"taxonomy":"product_tag","embeddable":true,"href":"https:\/\/gravelart.be\/nl\/wp-json\/wp\/v2\/product_tag?post=33514"}],"curies":[{"name":"wp","href":"https:\/\/api.w.org\/{rel}","templated":true}]}}