{"id":44247,"date":"2023-04-27T12:35:08","date_gmt":"2023-04-27T10:35:08","guid":{"rendered":"https:\/\/gravelart.be\/?post_type=product&#038;p=44247"},"modified":"2026-03-10T05:11:24","modified_gmt":"2026-03-10T04:11:24","slug":"ecc-o-bag-heavy","status":"publish","type":"product","link":"https:\/\/gravelart.be\/nl\/product\/ecc-o-bag-heavy\/","title":{"rendered":"ECC-O-Bag Heavy"},"content":{"rendered":"","protected":false},"excerpt":{"rendered":"<p>De ECC-O-Bag is een herbruikbare boomwaterzak die door druppelsgewijze en gelijkmatige irrigatie zorgt voor effectieve wateropname door bomen, zonder de grond te nat te maken. Dit heeft als bijkomend voordeel dat de boom gedurende periodes van extreme droogte beter beschermd blijft. Dankzij het handige ritssysteem is de ECC-O-Bag eenvoudig te installeren en breed toepasbaar: afhankelijk van de diameter van de stam kunnen \u00e9\u00e9n of meerdere waterzakken per boom aan elkaar worden geritst. Het materiaal is sterk, scheurvast en bestand tegen UV-straling en weersinvloeden.<\/p>\n<p><strong>Voordelen en gebruik van de ECC-O-Bag:<\/strong><\/p>\n<ul>\n<li><strong>Na aanplanten of verplanten:<\/strong> Ideaal voor nieuwe of verplaatste bomen.<\/li>\n<li><strong>Vloeibare boommeststoffen:<\/strong> Geschikt voor toediening van meststoffen.<\/li>\n<li><strong>Watercapaciteit:<\/strong> Vul \u00e9\u00e9n \u00e0 twee keer per week met 75 liter proper water om verstopping van de gaatjes te voorkomen.<\/li>\n<\/ul>\n<p>Verbeter de gezondheid en duurzaamheid van uw bomen met de ECC-O-Bag. Neem <a href=\"https:\/\/gravelart.be\/nl\/klantendienst\/contact\/\">contact<\/a> op met Gravelart voor meer informatie of om uw bestelling te plaatsen. Ontdek hoe onze producten uw groenprojecten kunnen transformeren.<\/p>\n","protected":false},"featured_media":44280,"comment_status":"open","ping_status":"closed","template":"","meta":{"_acf_changed":false,"inline_featured_image":false},"product_brand":[],"product_cat":[4933,4115],"product_tag":[],"class_list":{"0":"post-44247","1":"product","2":"type-product","3":"status-publish","4":"has-post-thumbnail","6":"product_cat-boom-bescherming","7":"product_cat-gras-en-groen","9":"first","10":"instock","11":"taxable","12":"shipping-taxable","13":"purchasable","14":"product-type-variable","15":"has-default-attributes"},"acf":{"woocommerce_erp_id":"17648","woocommerce_cnk_id":"103366","product_density":0,"custom_prices":[{"variation_id":"44249","customer_group":"PRO","customer_id":"","min_qty":1,"max_qty":9999999,"steps":1,"price":10.86,"price_incl":13.14,"delivery_group":"COLLECT","warehouse_id":""},{"variation_id":"44249","customer_group":"PRO","customer_id":"","min_qty":1,"max_qty":9999999,"steps":1,"price":10.86,"price_incl":13.14,"delivery_group":"DELIVERY","warehouse_id":""},{"variation_id":"44249","customer_group":"DISTRI","customer_id":"","min_qty":1,"max_qty":9999999,"steps":1,"price":10.86,"price_incl":13.14,"delivery_group":"COLLECT","warehouse_id":""},{"variation_id":"44249","customer_group":"DISTRI","customer_id":"","min_qty":1,"max_qty":9999999,"steps":1,"price":10.86,"price_incl":13.14,"delivery_group":"DELIVERY","warehouse_id":""},{"variation_id":"44249","customer_group":"CON","customer_id":"","min_qty":1,"max_qty":9999999,"steps":1,"price":13.58,"price_incl":16.43,"delivery_group":"COLLECT","warehouse_id":""},{"variation_id":"44249","customer_group":"CON","customer_id":"","min_qty":1,"max_qty":9999999,"steps":1,"price":13.58,"price_incl":16.43,"delivery_group":"DELIVERY","warehouse_id":""}],"packaging_ids":[{"packaging_name":"Stuk","packaging_id":"68","erp_id":"17648"}]},"yoast_head":"<!-- This site is optimized with the Yoast SEO plugin v27.3 - https:\/\/yoast.com\/product\/yoast-seo-wordpress\/ -->\n<title>ECC-O-Bag Heavy - Gravelart<\/title>\n<meta name=\"description\" content=\"ECC-O-Bag Heavy boomwaterzak zorgt voor 75L druppelgewijze bewatering, ideaal om jonge en verplante bomen te beschermen tegen droogte.\" \/>\n<meta name=\"robots\" content=\"index, follow, max-snippet:-1, max-image-preview:large, max-video-preview:-1\" \/>\n<link rel=\"canonical\" href=\"https:\/\/gravelart.be\/nl\/product\/ecc-o-bag-heavy\/\" \/>\n<meta property=\"og:locale\" content=\"nl_NL\" \/>\n<meta property=\"og:type\" content=\"article\" \/>\n<meta property=\"og:title\" content=\"ECC-O-Bag Heavy - Gravelart\" \/>\n<meta property=\"og:description\" content=\"ECC-O-Bag Heavy boomwaterzak zorgt voor 75L druppelgewijze bewatering, ideaal om jonge en verplante bomen te beschermen tegen droogte.\" \/>\n<meta property=\"og:url\" content=\"https:\/\/gravelart.be\/nl\/product\/ecc-o-bag-heavy\/\" \/>\n<meta property=\"og:site_name\" content=\"Gravelart\" \/>\n<meta property=\"article:modified_time\" content=\"2026-03-10T04:11:24+00:00\" \/>\n<meta property=\"og:image\" content=\"https:\/\/gravelart.be\/wp-content\/uploads\/2023\/04\/ECC-O-bag-1-e1682596730841.jpg\" \/>\n\t<meta property=\"og:image:width\" content=\"697\" \/>\n\t<meta property=\"og:image:height\" content=\"641\" \/>\n\t<meta property=\"og:image:type\" content=\"image\/jpeg\" \/>\n<meta name=\"twitter:card\" content=\"summary_large_image\" \/>\n<meta name=\"twitter:label1\" content=\"Geschatte leestijd\" \/>\n\t<meta name=\"twitter:data1\" content=\"1 minuut\" \/>\n<script type=\"application\/ld+json\" class=\"yoast-schema-graph\">{\"@context\":\"https:\\\/\\\/schema.org\",\"@graph\":[{\"@type\":\"WebPage\",\"@id\":\"https:\\\/\\\/gravelart.be\\\/nl\\\/product\\\/ecc-o-bag-heavy\\\/\",\"url\":\"https:\\\/\\\/gravelart.be\\\/nl\\\/product\\\/ecc-o-bag-heavy\\\/\",\"name\":\"ECC-O-Bag Heavy - Gravelart\",\"isPartOf\":{\"@id\":\"https:\\\/\\\/gravelart.be\\\/nl\\\/#website\"},\"primaryImageOfPage\":{\"@id\":\"https:\\\/\\\/gravelart.be\\\/nl\\\/product\\\/ecc-o-bag-heavy\\\/#primaryimage\"},\"image\":{\"@id\":\"https:\\\/\\\/gravelart.be\\\/nl\\\/product\\\/ecc-o-bag-heavy\\\/#primaryimage\"},\"thumbnailUrl\":\"https:\\\/\\\/gravelart.be\\\/wp-content\\\/uploads\\\/2023\\\/04\\\/ECC-O-bag-1-e1682596730841.jpg\",\"datePublished\":\"2023-04-27T10:35:08+00:00\",\"dateModified\":\"2026-03-10T04:11:24+00:00\",\"description\":\"ECC-O-Bag Heavy boomwaterzak zorgt voor 75L druppelgewijze bewatering, ideaal om jonge en verplante bomen te beschermen tegen droogte.\",\"breadcrumb\":{\"@id\":\"https:\\\/\\\/gravelart.be\\\/nl\\\/product\\\/ecc-o-bag-heavy\\\/#breadcrumb\"},\"inLanguage\":\"nl-NL\",\"potentialAction\":[{\"@type\":\"ReadAction\",\"target\":[\"https:\\\/\\\/gravelart.be\\\/nl\\\/product\\\/ecc-o-bag-heavy\\\/\"]}]},{\"@type\":\"ImageObject\",\"inLanguage\":\"nl-NL\",\"@id\":\"https:\\\/\\\/gravelart.be\\\/nl\\\/product\\\/ecc-o-bag-heavy\\\/#primaryimage\",\"url\":\"https:\\\/\\\/gravelart.be\\\/wp-content\\\/uploads\\\/2023\\\/04\\\/ECC-O-bag-1-e1682596730841.jpg\",\"contentUrl\":\"https:\\\/\\\/gravelart.be\\\/wp-content\\\/uploads\\\/2023\\\/04\\\/ECC-O-bag-1-e1682596730841.jpg\",\"width\":697,\"height\":641},{\"@type\":\"BreadcrumbList\",\"@id\":\"https:\\\/\\\/gravelart.be\\\/nl\\\/product\\\/ecc-o-bag-heavy\\\/#breadcrumb\",\"itemListElement\":[{\"@type\":\"ListItem\",\"position\":1,\"name\":\"Home\",\"item\":\"https:\\\/\\\/gravelart.be\\\/nl\\\/\"},{\"@type\":\"ListItem\",\"position\":2,\"name\":\"Producten\",\"item\":\"https:\\\/\\\/gravelart.be\\\/nl\\\/producten\\\/\"},{\"@type\":\"ListItem\",\"position\":3,\"name\":\"ECC-O-Bag Heavy\"}]},{\"@type\":\"WebSite\",\"@id\":\"https:\\\/\\\/gravelart.be\\\/nl\\\/#website\",\"url\":\"https:\\\/\\\/gravelart.be\\\/nl\\\/\",\"name\":\"Gravelart\",\"description\":\"Alles voor tuin en park\",\"publisher\":{\"@id\":\"https:\\\/\\\/gravelart.be\\\/nl\\\/#organization\"},\"potentialAction\":[{\"@type\":\"SearchAction\",\"target\":{\"@type\":\"EntryPoint\",\"urlTemplate\":\"https:\\\/\\\/gravelart.be\\\/nl\\\/?s={search_term_string}\"},\"query-input\":{\"@type\":\"PropertyValueSpecification\",\"valueRequired\":true,\"valueName\":\"search_term_string\"}}],\"inLanguage\":\"nl-NL\"},{\"@type\":\"Organization\",\"@id\":\"https:\\\/\\\/gravelart.be\\\/nl\\\/#organization\",\"name\":\"Gravelart\",\"url\":\"https:\\\/\\\/gravelart.be\\\/nl\\\/\",\"logo\":{\"@type\":\"ImageObject\",\"inLanguage\":\"nl-NL\",\"@id\":\"https:\\\/\\\/gravelart.be\\\/nl\\\/#\\\/schema\\\/logo\\\/image\\\/\",\"url\":\"https:\\\/\\\/gravelart.be\\\/wp-content\\\/uploads\\\/2022\\\/10\\\/logo-gravelart.png\",\"contentUrl\":\"https:\\\/\\\/gravelart.be\\\/wp-content\\\/uploads\\\/2022\\\/10\\\/logo-gravelart.png\",\"width\":348,\"height\":186,\"caption\":\"Gravelart\"},\"image\":{\"@id\":\"https:\\\/\\\/gravelart.be\\\/nl\\\/#\\\/schema\\\/logo\\\/image\\\/\"}}]}<\/script>\n<!-- \/ Yoast SEO plugin. -->","yoast_head_json":{"title":"ECC-O-Bag Heavy - Gravelart","description":"ECC-O-Bag Heavy boomwaterzak zorgt voor 75L druppelgewijze bewatering, ideaal om jonge en verplante bomen te beschermen tegen droogte.","robots":{"index":"index","follow":"follow","max-snippet":"max-snippet:-1","max-image-preview":"max-image-preview:large","max-video-preview":"max-video-preview:-1"},"canonical":"https:\/\/gravelart.be\/nl\/product\/ecc-o-bag-heavy\/","og_locale":"nl_NL","og_type":"article","og_title":"ECC-O-Bag Heavy - Gravelart","og_description":"ECC-O-Bag Heavy boomwaterzak zorgt voor 75L druppelgewijze bewatering, ideaal om jonge en verplante bomen te beschermen tegen droogte.","og_url":"https:\/\/gravelart.be\/nl\/product\/ecc-o-bag-heavy\/","og_site_name":"Gravelart","article_modified_time":"2026-03-10T04:11:24+00:00","og_image":[{"width":697,"height":641,"url":"https:\/\/gravelart.be\/wp-content\/uploads\/2023\/04\/ECC-O-bag-1-e1682596730841.jpg","type":"image\/jpeg"}],"twitter_card":"summary_large_image","twitter_misc":{"Geschatte leestijd":"1 minuut"},"schema":{"@context":"https:\/\/schema.org","@graph":[{"@type":"WebPage","@id":"https:\/\/gravelart.be\/nl\/product\/ecc-o-bag-heavy\/","url":"https:\/\/gravelart.be\/nl\/product\/ecc-o-bag-heavy\/","name":"ECC-O-Bag Heavy - Gravelart","isPartOf":{"@id":"https:\/\/gravelart.be\/nl\/#website"},"primaryImageOfPage":{"@id":"https:\/\/gravelart.be\/nl\/product\/ecc-o-bag-heavy\/#primaryimage"},"image":{"@id":"https:\/\/gravelart.be\/nl\/product\/ecc-o-bag-heavy\/#primaryimage"},"thumbnailUrl":"https:\/\/gravelart.be\/wp-content\/uploads\/2023\/04\/ECC-O-bag-1-e1682596730841.jpg","datePublished":"2023-04-27T10:35:08+00:00","dateModified":"2026-03-10T04:11:24+00:00","description":"ECC-O-Bag Heavy boomwaterzak zorgt voor 75L druppelgewijze bewatering, ideaal om jonge en verplante bomen te beschermen tegen droogte.","breadcrumb":{"@id":"https:\/\/gravelart.be\/nl\/product\/ecc-o-bag-heavy\/#breadcrumb"},"inLanguage":"nl-NL","potentialAction":[{"@type":"ReadAction","target":["https:\/\/gravelart.be\/nl\/product\/ecc-o-bag-heavy\/"]}]},{"@type":"ImageObject","inLanguage":"nl-NL","@id":"https:\/\/gravelart.be\/nl\/product\/ecc-o-bag-heavy\/#primaryimage","url":"https:\/\/gravelart.be\/wp-content\/uploads\/2023\/04\/ECC-O-bag-1-e1682596730841.jpg","contentUrl":"https:\/\/gravelart.be\/wp-content\/uploads\/2023\/04\/ECC-O-bag-1-e1682596730841.jpg","width":697,"height":641},{"@type":"BreadcrumbList","@id":"https:\/\/gravelart.be\/nl\/product\/ecc-o-bag-heavy\/#breadcrumb","itemListElement":[{"@type":"ListItem","position":1,"name":"Home","item":"https:\/\/gravelart.be\/nl\/"},{"@type":"ListItem","position":2,"name":"Producten","item":"https:\/\/gravelart.be\/nl\/producten\/"},{"@type":"ListItem","position":3,"name":"ECC-O-Bag Heavy"}]},{"@type":"WebSite","@id":"https:\/\/gravelart.be\/nl\/#website","url":"https:\/\/gravelart.be\/nl\/","name":"Gravelart","description":"Alles voor tuin en park","publisher":{"@id":"https:\/\/gravelart.be\/nl\/#organization"},"potentialAction":[{"@type":"SearchAction","target":{"@type":"EntryPoint","urlTemplate":"https:\/\/gravelart.be\/nl\/?s={search_term_string}"},"query-input":{"@type":"PropertyValueSpecification","valueRequired":true,"valueName":"search_term_string"}}],"inLanguage":"nl-NL"},{"@type":"Organization","@id":"https:\/\/gravelart.be\/nl\/#organization","name":"Gravelart","url":"https:\/\/gravelart.be\/nl\/","logo":{"@type":"ImageObject","inLanguage":"nl-NL","@id":"https:\/\/gravelart.be\/nl\/#\/schema\/logo\/image\/","url":"https:\/\/gravelart.be\/wp-content\/uploads\/2022\/10\/logo-gravelart.png","contentUrl":"https:\/\/gravelart.be\/wp-content\/uploads\/2022\/10\/logo-gravelart.png","width":348,"height":186,"caption":"Gravelart"},"image":{"@id":"https:\/\/gravelart.be\/nl\/#\/schema\/logo\/image\/"}}]}},"_links":{"self":[{"href":"https:\/\/gravelart.be\/nl\/wp-json\/wp\/v2\/product\/44247","targetHints":{"allow":["GET"]}}],"collection":[{"href":"https:\/\/gravelart.be\/nl\/wp-json\/wp\/v2\/product"}],"about":[{"href":"https:\/\/gravelart.be\/nl\/wp-json\/wp\/v2\/types\/product"}],"replies":[{"embeddable":true,"href":"https:\/\/gravelart.be\/nl\/wp-json\/wp\/v2\/comments?post=44247"}],"wp:featuredmedia":[{"embeddable":true,"href":"https:\/\/gravelart.be\/nl\/wp-json\/wp\/v2\/media\/44280"}],"wp:attachment":[{"href":"https:\/\/gravelart.be\/nl\/wp-json\/wp\/v2\/media?parent=44247"}],"wp:term":[{"taxonomy":"product_brand","embeddable":true,"href":"https:\/\/gravelart.be\/nl\/wp-json\/wp\/v2\/product_brand?post=44247"},{"taxonomy":"product_cat","embeddable":true,"href":"https:\/\/gravelart.be\/nl\/wp-json\/wp\/v2\/product_cat?post=44247"},{"taxonomy":"product_tag","embeddable":true,"href":"https:\/\/gravelart.be\/nl\/wp-json\/wp\/v2\/product_tag?post=44247"}],"curies":[{"name":"wp","href":"https:\/\/api.w.org\/{rel}","templated":true}]}}