{"id":45606,"date":"2024-02-29T09:01:11","date_gmt":"2024-02-29T08:01:11","guid":{"rendered":"https:\/\/gravelart.be\/?post_type=product&#038;p=45606"},"modified":"2026-03-10T05:00:35","modified_gmt":"2026-03-10T04:00:35","slug":"azobe-palen","status":"publish","type":"product","link":"https:\/\/gravelart.be\/nl\/product\/azobe-palen\/","title":{"rendered":"Azob\u00e9 Palen 40cm"},"content":{"rendered":"","protected":false},"excerpt":{"rendered":"<p>Bij Gravelart bieden wij de ideale oplossing voor een naadloze en natuurlijke installatie van uw <strong><a href=\"https:\/\/gravelart.be\/nl\/product\/azobe-lamel-10mm-x-150mm-x-250mm-lengte\/\">Azob\u00e9 houten tuinafboording<\/a><\/strong> met onze hoogwaardige <strong>Azob\u00e9 montagepaaltjes.<\/strong> Speciaal ontworpen om zowel de esthetiek als de functionaliteit van uw tuinprojecten te verbeteren.<\/p>\n<ul>\n<li><strong>Duurzame kwaliteit:<\/strong> Gemaakt van hetzelfde hoogwaardige Azob\u00e9 hout als de afboording, garanderen deze paaltjes jarenlang onderhoudsvrij gebruik.<\/li>\n<li><strong>Ideale afmetingen:<\/strong> Met afmetingen van 4 x 4 x 40 cm zijn ze perfect voor een stabiele en stevige montage.<\/li>\n<li><strong>Natuurlijke uitstraling:<\/strong> Compleet de natuurlijke look van je tuin met deze esthetisch aantrekkelijke montagepaaltjes.<\/li>\n<\/ul>\n<p>Deze paaltjes zijn ontworpen voor eenvoudige installatie, zodat je snel en effici\u00ebnt een professioneel resultaat bereikt. Ze zijn de perfecte aanvulling op onze Azob\u00e9 houten tuinafboording, waardoor je project een uniforme en natuurlijke uitstraling krijgt.<\/p>\n<p>&nbsp;<\/p>\n<p>&nbsp;<\/p>\n","protected":false},"featured_media":45621,"comment_status":"open","ping_status":"closed","template":"","meta":{"_acf_changed":false,"inline_featured_image":false},"product_brand":[],"product_cat":[4930,4111],"product_tag":[],"class_list":{"0":"post-45606","1":"product","2":"type-product","3":"status-publish","4":"has-post-thumbnail","6":"product_cat-houten-afboording","7":"product_cat-tuinafboording","9":"first","10":"instock","11":"taxable","12":"shipping-taxable","13":"purchasable","14":"product-type-variable","15":"has-default-attributes"},"acf":{"woocommerce_erp_id":"17885","woocommerce_cnk_id":"103629","product_density":0,"custom_prices":[{"variation_id":"45608","customer_group":"PRO","customer_id":"","min_qty":1,"max_qty":9999999,"steps":1,"price":0.65,"price_incl":0.79,"delivery_group":"COLLECT","warehouse_id":""},{"variation_id":"45608","customer_group":"PRO","customer_id":"","min_qty":1,"max_qty":9999999,"steps":1,"price":0.65,"price_incl":0.79,"delivery_group":"DELIVERY","warehouse_id":""},{"variation_id":"45608","customer_group":"DISTRI","customer_id":"","min_qty":1,"max_qty":9999999,"steps":1,"price":0.65,"price_incl":0.79,"delivery_group":"COLLECT","warehouse_id":""},{"variation_id":"45608","customer_group":"DISTRI","customer_id":"","min_qty":1,"max_qty":9999999,"steps":1,"price":0.65,"price_incl":0.79,"delivery_group":"DELIVERY","warehouse_id":""},{"variation_id":"45608","customer_group":"CON","customer_id":"","min_qty":1,"max_qty":9999999,"steps":1,"price":0.88,"price_incl":1.06,"delivery_group":"COLLECT","warehouse_id":""},{"variation_id":"45608","customer_group":"CON","customer_id":"","min_qty":1,"max_qty":9999999,"steps":1,"price":0.88,"price_incl":1.06,"delivery_group":"DELIVERY","warehouse_id":""},{"variation_id":"45608","customer_group":"DISTRI","customer_id":"129214","min_qty":1,"max_qty":9999999,"steps":1,"price":0.54,"price_incl":0.65,"delivery_group":"COLLECT","warehouse_id":""},{"variation_id":"45608","customer_group":"DISTRI","customer_id":"129214","min_qty":1,"max_qty":9999999,"steps":1,"price":0.54,"price_incl":0.65,"delivery_group":"DELIVERY","warehouse_id":""}],"packaging_ids":[{"packaging_name":"Stuk","packaging_id":"68","erp_id":"17885"}]},"yoast_head":"<!-- This site is optimized with the Yoast SEO plugin v27.3 - https:\/\/yoast.com\/product\/yoast-seo-wordpress\/ -->\n<title>Azob\u00e9 Palen 40cm - Gravelart<\/title>\n<meta name=\"description\" content=\"Azob\u00e9 Palen 40cm zorgen voor een stabiele en duurzame plaatsing van Azob\u00e9 tuinafboording. Onderhoudsvrij, natuurlijk en eenvoudig te monteren.\" \/>\n<meta name=\"robots\" content=\"index, follow, max-snippet:-1, max-image-preview:large, max-video-preview:-1\" \/>\n<link rel=\"canonical\" href=\"https:\/\/gravelart.be\/nl\/product\/azobe-palen\/\" \/>\n<meta property=\"og:locale\" content=\"nl_NL\" \/>\n<meta property=\"og:type\" content=\"article\" \/>\n<meta property=\"og:title\" content=\"Azob\u00e9 Palen 40cm - Gravelart\" \/>\n<meta property=\"og:description\" content=\"Azob\u00e9 Palen 40cm zorgen voor een stabiele en duurzame plaatsing van Azob\u00e9 tuinafboording. Onderhoudsvrij, natuurlijk en eenvoudig te monteren.\" \/>\n<meta property=\"og:url\" content=\"https:\/\/gravelart.be\/nl\/product\/azobe-palen\/\" \/>\n<meta property=\"og:site_name\" content=\"Gravelart\" \/>\n<meta property=\"article:modified_time\" content=\"2026-03-10T04:00:35+00:00\" \/>\n<meta property=\"og:image\" content=\"https:\/\/gravelart.be\/wp-content\/uploads\/2024\/02\/Azobe-paaltjes-LR-2.jpg\" \/>\n\t<meta property=\"og:image:width\" content=\"1017\" \/>\n\t<meta property=\"og:image:height\" content=\"934\" \/>\n\t<meta property=\"og:image:type\" content=\"image\/jpeg\" \/>\n<meta name=\"twitter:card\" content=\"summary_large_image\" \/>\n<meta name=\"twitter:label1\" content=\"Geschatte leestijd\" \/>\n\t<meta name=\"twitter:data1\" content=\"1 minuut\" \/>\n<script type=\"application\/ld+json\" class=\"yoast-schema-graph\">{\"@context\":\"https:\\\/\\\/schema.org\",\"@graph\":[{\"@type\":\"WebPage\",\"@id\":\"https:\\\/\\\/gravelart.be\\\/nl\\\/product\\\/azobe-palen\\\/\",\"url\":\"https:\\\/\\\/gravelart.be\\\/nl\\\/product\\\/azobe-palen\\\/\",\"name\":\"Azob\u00e9 Palen 40cm - Gravelart\",\"isPartOf\":{\"@id\":\"https:\\\/\\\/gravelart.be\\\/nl\\\/#website\"},\"primaryImageOfPage\":{\"@id\":\"https:\\\/\\\/gravelart.be\\\/nl\\\/product\\\/azobe-palen\\\/#primaryimage\"},\"image\":{\"@id\":\"https:\\\/\\\/gravelart.be\\\/nl\\\/product\\\/azobe-palen\\\/#primaryimage\"},\"thumbnailUrl\":\"https:\\\/\\\/gravelart.be\\\/wp-content\\\/uploads\\\/2024\\\/02\\\/Azobe-paaltjes-LR-2.jpg\",\"datePublished\":\"2024-02-29T08:01:11+00:00\",\"dateModified\":\"2026-03-10T04:00:35+00:00\",\"description\":\"Azob\u00e9 Palen 40cm zorgen voor een stabiele en duurzame plaatsing van Azob\u00e9 tuinafboording. Onderhoudsvrij, natuurlijk en eenvoudig te monteren.\",\"breadcrumb\":{\"@id\":\"https:\\\/\\\/gravelart.be\\\/nl\\\/product\\\/azobe-palen\\\/#breadcrumb\"},\"inLanguage\":\"nl-NL\",\"potentialAction\":[{\"@type\":\"ReadAction\",\"target\":[\"https:\\\/\\\/gravelart.be\\\/nl\\\/product\\\/azobe-palen\\\/\"]}]},{\"@type\":\"ImageObject\",\"inLanguage\":\"nl-NL\",\"@id\":\"https:\\\/\\\/gravelart.be\\\/nl\\\/product\\\/azobe-palen\\\/#primaryimage\",\"url\":\"https:\\\/\\\/gravelart.be\\\/wp-content\\\/uploads\\\/2024\\\/02\\\/Azobe-paaltjes-LR-2.jpg\",\"contentUrl\":\"https:\\\/\\\/gravelart.be\\\/wp-content\\\/uploads\\\/2024\\\/02\\\/Azobe-paaltjes-LR-2.jpg\",\"width\":1017,\"height\":934},{\"@type\":\"BreadcrumbList\",\"@id\":\"https:\\\/\\\/gravelart.be\\\/nl\\\/product\\\/azobe-palen\\\/#breadcrumb\",\"itemListElement\":[{\"@type\":\"ListItem\",\"position\":1,\"name\":\"Home\",\"item\":\"https:\\\/\\\/gravelart.be\\\/nl\\\/\"},{\"@type\":\"ListItem\",\"position\":2,\"name\":\"Producten\",\"item\":\"https:\\\/\\\/gravelart.be\\\/nl\\\/producten\\\/\"},{\"@type\":\"ListItem\",\"position\":3,\"name\":\"Azob\u00e9 Palen 40cm\"}]},{\"@type\":\"WebSite\",\"@id\":\"https:\\\/\\\/gravelart.be\\\/nl\\\/#website\",\"url\":\"https:\\\/\\\/gravelart.be\\\/nl\\\/\",\"name\":\"Gravelart\",\"description\":\"Alles voor tuin en park\",\"publisher\":{\"@id\":\"https:\\\/\\\/gravelart.be\\\/nl\\\/#organization\"},\"potentialAction\":[{\"@type\":\"SearchAction\",\"target\":{\"@type\":\"EntryPoint\",\"urlTemplate\":\"https:\\\/\\\/gravelart.be\\\/nl\\\/?s={search_term_string}\"},\"query-input\":{\"@type\":\"PropertyValueSpecification\",\"valueRequired\":true,\"valueName\":\"search_term_string\"}}],\"inLanguage\":\"nl-NL\"},{\"@type\":\"Organization\",\"@id\":\"https:\\\/\\\/gravelart.be\\\/nl\\\/#organization\",\"name\":\"Gravelart\",\"url\":\"https:\\\/\\\/gravelart.be\\\/nl\\\/\",\"logo\":{\"@type\":\"ImageObject\",\"inLanguage\":\"nl-NL\",\"@id\":\"https:\\\/\\\/gravelart.be\\\/nl\\\/#\\\/schema\\\/logo\\\/image\\\/\",\"url\":\"https:\\\/\\\/gravelart.be\\\/wp-content\\\/uploads\\\/2022\\\/10\\\/logo-gravelart.png\",\"contentUrl\":\"https:\\\/\\\/gravelart.be\\\/wp-content\\\/uploads\\\/2022\\\/10\\\/logo-gravelart.png\",\"width\":348,\"height\":186,\"caption\":\"Gravelart\"},\"image\":{\"@id\":\"https:\\\/\\\/gravelart.be\\\/nl\\\/#\\\/schema\\\/logo\\\/image\\\/\"}}]}<\/script>\n<!-- \/ Yoast SEO plugin. -->","yoast_head_json":{"title":"Azob\u00e9 Palen 40cm - Gravelart","description":"Azob\u00e9 Palen 40cm zorgen voor een stabiele en duurzame plaatsing van Azob\u00e9 tuinafboording. Onderhoudsvrij, natuurlijk en eenvoudig te monteren.","robots":{"index":"index","follow":"follow","max-snippet":"max-snippet:-1","max-image-preview":"max-image-preview:large","max-video-preview":"max-video-preview:-1"},"canonical":"https:\/\/gravelart.be\/nl\/product\/azobe-palen\/","og_locale":"nl_NL","og_type":"article","og_title":"Azob\u00e9 Palen 40cm - Gravelart","og_description":"Azob\u00e9 Palen 40cm zorgen voor een stabiele en duurzame plaatsing van Azob\u00e9 tuinafboording. Onderhoudsvrij, natuurlijk en eenvoudig te monteren.","og_url":"https:\/\/gravelart.be\/nl\/product\/azobe-palen\/","og_site_name":"Gravelart","article_modified_time":"2026-03-10T04:00:35+00:00","og_image":[{"width":1017,"height":934,"url":"https:\/\/gravelart.be\/wp-content\/uploads\/2024\/02\/Azobe-paaltjes-LR-2.jpg","type":"image\/jpeg"}],"twitter_card":"summary_large_image","twitter_misc":{"Geschatte leestijd":"1 minuut"},"schema":{"@context":"https:\/\/schema.org","@graph":[{"@type":"WebPage","@id":"https:\/\/gravelart.be\/nl\/product\/azobe-palen\/","url":"https:\/\/gravelart.be\/nl\/product\/azobe-palen\/","name":"Azob\u00e9 Palen 40cm - Gravelart","isPartOf":{"@id":"https:\/\/gravelart.be\/nl\/#website"},"primaryImageOfPage":{"@id":"https:\/\/gravelart.be\/nl\/product\/azobe-palen\/#primaryimage"},"image":{"@id":"https:\/\/gravelart.be\/nl\/product\/azobe-palen\/#primaryimage"},"thumbnailUrl":"https:\/\/gravelart.be\/wp-content\/uploads\/2024\/02\/Azobe-paaltjes-LR-2.jpg","datePublished":"2024-02-29T08:01:11+00:00","dateModified":"2026-03-10T04:00:35+00:00","description":"Azob\u00e9 Palen 40cm zorgen voor een stabiele en duurzame plaatsing van Azob\u00e9 tuinafboording. Onderhoudsvrij, natuurlijk en eenvoudig te monteren.","breadcrumb":{"@id":"https:\/\/gravelart.be\/nl\/product\/azobe-palen\/#breadcrumb"},"inLanguage":"nl-NL","potentialAction":[{"@type":"ReadAction","target":["https:\/\/gravelart.be\/nl\/product\/azobe-palen\/"]}]},{"@type":"ImageObject","inLanguage":"nl-NL","@id":"https:\/\/gravelart.be\/nl\/product\/azobe-palen\/#primaryimage","url":"https:\/\/gravelart.be\/wp-content\/uploads\/2024\/02\/Azobe-paaltjes-LR-2.jpg","contentUrl":"https:\/\/gravelart.be\/wp-content\/uploads\/2024\/02\/Azobe-paaltjes-LR-2.jpg","width":1017,"height":934},{"@type":"BreadcrumbList","@id":"https:\/\/gravelart.be\/nl\/product\/azobe-palen\/#breadcrumb","itemListElement":[{"@type":"ListItem","position":1,"name":"Home","item":"https:\/\/gravelart.be\/nl\/"},{"@type":"ListItem","position":2,"name":"Producten","item":"https:\/\/gravelart.be\/nl\/producten\/"},{"@type":"ListItem","position":3,"name":"Azob\u00e9 Palen 40cm"}]},{"@type":"WebSite","@id":"https:\/\/gravelart.be\/nl\/#website","url":"https:\/\/gravelart.be\/nl\/","name":"Gravelart","description":"Alles voor tuin en park","publisher":{"@id":"https:\/\/gravelart.be\/nl\/#organization"},"potentialAction":[{"@type":"SearchAction","target":{"@type":"EntryPoint","urlTemplate":"https:\/\/gravelart.be\/nl\/?s={search_term_string}"},"query-input":{"@type":"PropertyValueSpecification","valueRequired":true,"valueName":"search_term_string"}}],"inLanguage":"nl-NL"},{"@type":"Organization","@id":"https:\/\/gravelart.be\/nl\/#organization","name":"Gravelart","url":"https:\/\/gravelart.be\/nl\/","logo":{"@type":"ImageObject","inLanguage":"nl-NL","@id":"https:\/\/gravelart.be\/nl\/#\/schema\/logo\/image\/","url":"https:\/\/gravelart.be\/wp-content\/uploads\/2022\/10\/logo-gravelart.png","contentUrl":"https:\/\/gravelart.be\/wp-content\/uploads\/2022\/10\/logo-gravelart.png","width":348,"height":186,"caption":"Gravelart"},"image":{"@id":"https:\/\/gravelart.be\/nl\/#\/schema\/logo\/image\/"}}]}},"_links":{"self":[{"href":"https:\/\/gravelart.be\/nl\/wp-json\/wp\/v2\/product\/45606","targetHints":{"allow":["GET"]}}],"collection":[{"href":"https:\/\/gravelart.be\/nl\/wp-json\/wp\/v2\/product"}],"about":[{"href":"https:\/\/gravelart.be\/nl\/wp-json\/wp\/v2\/types\/product"}],"replies":[{"embeddable":true,"href":"https:\/\/gravelart.be\/nl\/wp-json\/wp\/v2\/comments?post=45606"}],"wp:featuredmedia":[{"embeddable":true,"href":"https:\/\/gravelart.be\/nl\/wp-json\/wp\/v2\/media\/45621"}],"wp:attachment":[{"href":"https:\/\/gravelart.be\/nl\/wp-json\/wp\/v2\/media?parent=45606"}],"wp:term":[{"taxonomy":"product_brand","embeddable":true,"href":"https:\/\/gravelart.be\/nl\/wp-json\/wp\/v2\/product_brand?post=45606"},{"taxonomy":"product_cat","embeddable":true,"href":"https:\/\/gravelart.be\/nl\/wp-json\/wp\/v2\/product_cat?post=45606"},{"taxonomy":"product_tag","embeddable":true,"href":"https:\/\/gravelart.be\/nl\/wp-json\/wp\/v2\/product_tag?post=45606"}],"curies":[{"name":"wp","href":"https:\/\/api.w.org\/{rel}","templated":true}]}}