{"id":47564,"date":"2024-09-02T08:33:22","date_gmt":"2024-09-02T06:33:22","guid":{"rendered":"https:\/\/gravelart.be\/?post_type=product&#038;p=47564"},"modified":"2026-04-15T05:11:14","modified_gmt":"2026-04-15T03:11:14","slug":"boompaal-gefreesd-2-50m-o8-punt","status":"publish","type":"product","link":"https:\/\/gravelart.be\/nl\/product\/boompaal-gefreesd-2-50m-o8-punt\/","title":{"rendered":"Gefreesde boompaal 2.50M \u00d88 + Punt"},"content":{"rendered":"","protected":false},"excerpt":{"rendered":"<p>Onze\u00a0<strong>boompalen<\/strong>\u00a0zijn vervaardigd uit gefreesd en ge\u00efmpregneerd grenenhout, waardoor ze uitstekend beschermd zijn tegen rot en insecten. Dankzij deze behandeling hebben de palen een lange levensduur en zijn ze weerbestendig, wat ze ideaal maakt voor verschillende tuinprojecten. We bieden <a href=\"https:\/\/gravelart.be\/nl\/?s=boompaal&amp;post_type=product&amp;dgwt_wcas=1&amp;lang=nl\">boompalen<\/a> in verschillende lengtes aan om aan uw specifieke behoeften te voldoen, met diameters vari\u00ebrend van 6 cm tot 8 cm.<\/p>\n<p>Deze boompalen zijn geschikt voor het ondersteunen van jonge bomen, bevestigen van kastanjehekwerk en andere tuinprojecten. U kunt boompalen al vanaf \u00e9\u00e9n stuk bestellen, met opties voor levering of afhaling bij onze depots in Wevelgem en Zedelgem.<\/p>\n","protected":false},"featured_media":47579,"comment_status":"open","ping_status":"closed","template":"","meta":{"_acf_changed":false,"inline_featured_image":false},"product_brand":[],"product_cat":[4936,4933],"product_tag":[],"class_list":{"0":"post-47564","1":"product","2":"type-product","3":"status-publish","4":"has-post-thumbnail","6":"product_cat-bindmateriaal","7":"product_cat-boom-bescherming","9":"first","10":"instock","11":"taxable","12":"shipping-taxable","13":"purchasable","14":"product-type-variable","15":"has-default-attributes"},"acf":{"woocommerce_erp_id":"17860","woocommerce_cnk_id":"103604","product_density":0,"custom_prices":[{"variation_id":"47565","customer_group":"PRO","customer_id":"","min_qty":1,"max_qty":9999999,"steps":1,"price":8.8,"price_incl":10.65,"delivery_group":"COLLECT","warehouse_id":""},{"variation_id":"47565","customer_group":"PRO","customer_id":"","min_qty":1,"max_qty":9999999,"steps":1,"price":8.8,"price_incl":10.65,"delivery_group":"DELIVERY","warehouse_id":""},{"variation_id":"47565","customer_group":"DISTRI","customer_id":"","min_qty":1,"max_qty":9999999,"steps":1,"price":8.8,"price_incl":10.65,"delivery_group":"COLLECT","warehouse_id":""},{"variation_id":"47565","customer_group":"DISTRI","customer_id":"","min_qty":1,"max_qty":9999999,"steps":1,"price":8.8,"price_incl":10.65,"delivery_group":"DELIVERY","warehouse_id":""},{"variation_id":"47565","customer_group":"CON","customer_id":"","min_qty":1,"max_qty":9999999,"steps":1,"price":12.58,"price_incl":15.22,"delivery_group":"COLLECT","warehouse_id":""},{"variation_id":"47565","customer_group":"CON","customer_id":"","min_qty":1,"max_qty":9999999,"steps":1,"price":12.58,"price_incl":15.22,"delivery_group":"DELIVERY","warehouse_id":""}],"packaging_ids":[{"packaging_name":"Stuk","packaging_id":"68","erp_id":"17860"}]},"yoast_head":"<!-- This site is optimized with the Yoast SEO plugin v27.3 - https:\/\/yoast.com\/product\/yoast-seo-wordpress\/ -->\n<title>Gefreesde boompaal 2.50M \u00d88 + Punt - Gravelart<\/title>\n<meta name=\"description\" content=\"Stevige Gefreesde boompaal 2.50M \u00d88 + Punt uit ge\u00efmpregneerd grenenhout. Ideaal voor boomondersteuning, kastanjehekken en diverse tuinprojecten.\" \/>\n<meta name=\"robots\" content=\"index, follow, max-snippet:-1, max-image-preview:large, max-video-preview:-1\" \/>\n<link rel=\"canonical\" href=\"https:\/\/gravelart.be\/nl\/product\/boompaal-gefreesd-2-50m-o8-punt\/\" \/>\n<meta property=\"og:locale\" content=\"nl_NL\" \/>\n<meta property=\"og:type\" content=\"article\" \/>\n<meta property=\"og:title\" content=\"Gefreesde boompaal 2.50M \u00d88 + Punt - Gravelart\" \/>\n<meta property=\"og:description\" content=\"Stevige Gefreesde boompaal 2.50M \u00d88 + Punt uit ge\u00efmpregneerd grenenhout. Ideaal voor boomondersteuning, kastanjehekken en diverse tuinprojecten.\" \/>\n<meta property=\"og:url\" content=\"https:\/\/gravelart.be\/nl\/product\/boompaal-gefreesd-2-50m-o8-punt\/\" \/>\n<meta property=\"og:site_name\" content=\"Gravelart\" \/>\n<meta property=\"article:modified_time\" content=\"2026-04-15T03:11:14+00:00\" \/>\n<meta property=\"og:image\" content=\"https:\/\/gravelart.be\/wp-content\/uploads\/2024\/04\/Boompaal-Website-1-3.png\" \/>\n\t<meta property=\"og:image:width\" content=\"1080\" \/>\n\t<meta property=\"og:image:height\" content=\"1080\" \/>\n\t<meta property=\"og:image:type\" content=\"image\/png\" \/>\n<meta name=\"twitter:card\" content=\"summary_large_image\" \/>\n<meta name=\"twitter:label1\" content=\"Geschatte leestijd\" \/>\n\t<meta name=\"twitter:data1\" content=\"1 minuut\" \/>\n<script type=\"application\/ld+json\" class=\"yoast-schema-graph\">{\"@context\":\"https:\\\/\\\/schema.org\",\"@graph\":[{\"@type\":\"WebPage\",\"@id\":\"https:\\\/\\\/gravelart.be\\\/nl\\\/product\\\/boompaal-gefreesd-2-50m-o8-punt\\\/\",\"url\":\"https:\\\/\\\/gravelart.be\\\/nl\\\/product\\\/boompaal-gefreesd-2-50m-o8-punt\\\/\",\"name\":\"Gefreesde boompaal 2.50M \u00d88 + Punt - Gravelart\",\"isPartOf\":{\"@id\":\"https:\\\/\\\/gravelart.be\\\/nl\\\/#website\"},\"primaryImageOfPage\":{\"@id\":\"https:\\\/\\\/gravelart.be\\\/nl\\\/product\\\/boompaal-gefreesd-2-50m-o8-punt\\\/#primaryimage\"},\"image\":{\"@id\":\"https:\\\/\\\/gravelart.be\\\/nl\\\/product\\\/boompaal-gefreesd-2-50m-o8-punt\\\/#primaryimage\"},\"thumbnailUrl\":\"https:\\\/\\\/gravelart.be\\\/wp-content\\\/uploads\\\/2024\\\/04\\\/Boompaal-Website-1-3.png\",\"datePublished\":\"2024-09-02T06:33:22+00:00\",\"dateModified\":\"2026-04-15T03:11:14+00:00\",\"description\":\"Stevige Gefreesde boompaal 2.50M \u00d88 + Punt uit ge\u00efmpregneerd grenenhout. Ideaal voor boomondersteuning, kastanjehekken en diverse tuinprojecten.\",\"breadcrumb\":{\"@id\":\"https:\\\/\\\/gravelart.be\\\/nl\\\/product\\\/boompaal-gefreesd-2-50m-o8-punt\\\/#breadcrumb\"},\"inLanguage\":\"nl-NL\",\"potentialAction\":[{\"@type\":\"ReadAction\",\"target\":[\"https:\\\/\\\/gravelart.be\\\/nl\\\/product\\\/boompaal-gefreesd-2-50m-o8-punt\\\/\"]}]},{\"@type\":\"ImageObject\",\"inLanguage\":\"nl-NL\",\"@id\":\"https:\\\/\\\/gravelart.be\\\/nl\\\/product\\\/boompaal-gefreesd-2-50m-o8-punt\\\/#primaryimage\",\"url\":\"https:\\\/\\\/gravelart.be\\\/wp-content\\\/uploads\\\/2024\\\/04\\\/Boompaal-Website-1-3.png\",\"contentUrl\":\"https:\\\/\\\/gravelart.be\\\/wp-content\\\/uploads\\\/2024\\\/04\\\/Boompaal-Website-1-3.png\",\"width\":1080,\"height\":1080,\"caption\":\"Boompaal\"},{\"@type\":\"BreadcrumbList\",\"@id\":\"https:\\\/\\\/gravelart.be\\\/nl\\\/product\\\/boompaal-gefreesd-2-50m-o8-punt\\\/#breadcrumb\",\"itemListElement\":[{\"@type\":\"ListItem\",\"position\":1,\"name\":\"Home\",\"item\":\"https:\\\/\\\/gravelart.be\\\/nl\\\/\"},{\"@type\":\"ListItem\",\"position\":2,\"name\":\"Producten\",\"item\":\"https:\\\/\\\/gravelart.be\\\/nl\\\/producten\\\/\"},{\"@type\":\"ListItem\",\"position\":3,\"name\":\"Gefreesde boompaal 2.50M \u00d88 + Punt\"}]},{\"@type\":\"WebSite\",\"@id\":\"https:\\\/\\\/gravelart.be\\\/nl\\\/#website\",\"url\":\"https:\\\/\\\/gravelart.be\\\/nl\\\/\",\"name\":\"Gravelart\",\"description\":\"Alles voor tuin en park\",\"publisher\":{\"@id\":\"https:\\\/\\\/gravelart.be\\\/nl\\\/#organization\"},\"potentialAction\":[{\"@type\":\"SearchAction\",\"target\":{\"@type\":\"EntryPoint\",\"urlTemplate\":\"https:\\\/\\\/gravelart.be\\\/nl\\\/?s={search_term_string}\"},\"query-input\":{\"@type\":\"PropertyValueSpecification\",\"valueRequired\":true,\"valueName\":\"search_term_string\"}}],\"inLanguage\":\"nl-NL\"},{\"@type\":\"Organization\",\"@id\":\"https:\\\/\\\/gravelart.be\\\/nl\\\/#organization\",\"name\":\"Gravelart\",\"url\":\"https:\\\/\\\/gravelart.be\\\/nl\\\/\",\"logo\":{\"@type\":\"ImageObject\",\"inLanguage\":\"nl-NL\",\"@id\":\"https:\\\/\\\/gravelart.be\\\/nl\\\/#\\\/schema\\\/logo\\\/image\\\/\",\"url\":\"https:\\\/\\\/gravelart.be\\\/wp-content\\\/uploads\\\/2022\\\/10\\\/logo-gravelart.png\",\"contentUrl\":\"https:\\\/\\\/gravelart.be\\\/wp-content\\\/uploads\\\/2022\\\/10\\\/logo-gravelart.png\",\"width\":348,\"height\":186,\"caption\":\"Gravelart\"},\"image\":{\"@id\":\"https:\\\/\\\/gravelart.be\\\/nl\\\/#\\\/schema\\\/logo\\\/image\\\/\"}}]}<\/script>\n<!-- \/ Yoast SEO plugin. -->","yoast_head_json":{"title":"Gefreesde boompaal 2.50M \u00d88 + Punt - Gravelart","description":"Stevige Gefreesde boompaal 2.50M \u00d88 + Punt uit ge\u00efmpregneerd grenenhout. Ideaal voor boomondersteuning, kastanjehekken en diverse tuinprojecten.","robots":{"index":"index","follow":"follow","max-snippet":"max-snippet:-1","max-image-preview":"max-image-preview:large","max-video-preview":"max-video-preview:-1"},"canonical":"https:\/\/gravelart.be\/nl\/product\/boompaal-gefreesd-2-50m-o8-punt\/","og_locale":"nl_NL","og_type":"article","og_title":"Gefreesde boompaal 2.50M \u00d88 + Punt - Gravelart","og_description":"Stevige Gefreesde boompaal 2.50M \u00d88 + Punt uit ge\u00efmpregneerd grenenhout. Ideaal voor boomondersteuning, kastanjehekken en diverse tuinprojecten.","og_url":"https:\/\/gravelart.be\/nl\/product\/boompaal-gefreesd-2-50m-o8-punt\/","og_site_name":"Gravelart","article_modified_time":"2026-04-15T03:11:14+00:00","og_image":[{"width":1080,"height":1080,"url":"https:\/\/gravelart.be\/wp-content\/uploads\/2024\/04\/Boompaal-Website-1-3.png","type":"image\/png"}],"twitter_card":"summary_large_image","twitter_misc":{"Geschatte leestijd":"1 minuut"},"schema":{"@context":"https:\/\/schema.org","@graph":[{"@type":"WebPage","@id":"https:\/\/gravelart.be\/nl\/product\/boompaal-gefreesd-2-50m-o8-punt\/","url":"https:\/\/gravelart.be\/nl\/product\/boompaal-gefreesd-2-50m-o8-punt\/","name":"Gefreesde boompaal 2.50M \u00d88 + Punt - Gravelart","isPartOf":{"@id":"https:\/\/gravelart.be\/nl\/#website"},"primaryImageOfPage":{"@id":"https:\/\/gravelart.be\/nl\/product\/boompaal-gefreesd-2-50m-o8-punt\/#primaryimage"},"image":{"@id":"https:\/\/gravelart.be\/nl\/product\/boompaal-gefreesd-2-50m-o8-punt\/#primaryimage"},"thumbnailUrl":"https:\/\/gravelart.be\/wp-content\/uploads\/2024\/04\/Boompaal-Website-1-3.png","datePublished":"2024-09-02T06:33:22+00:00","dateModified":"2026-04-15T03:11:14+00:00","description":"Stevige Gefreesde boompaal 2.50M \u00d88 + Punt uit ge\u00efmpregneerd grenenhout. Ideaal voor boomondersteuning, kastanjehekken en diverse tuinprojecten.","breadcrumb":{"@id":"https:\/\/gravelart.be\/nl\/product\/boompaal-gefreesd-2-50m-o8-punt\/#breadcrumb"},"inLanguage":"nl-NL","potentialAction":[{"@type":"ReadAction","target":["https:\/\/gravelart.be\/nl\/product\/boompaal-gefreesd-2-50m-o8-punt\/"]}]},{"@type":"ImageObject","inLanguage":"nl-NL","@id":"https:\/\/gravelart.be\/nl\/product\/boompaal-gefreesd-2-50m-o8-punt\/#primaryimage","url":"https:\/\/gravelart.be\/wp-content\/uploads\/2024\/04\/Boompaal-Website-1-3.png","contentUrl":"https:\/\/gravelart.be\/wp-content\/uploads\/2024\/04\/Boompaal-Website-1-3.png","width":1080,"height":1080,"caption":"Boompaal"},{"@type":"BreadcrumbList","@id":"https:\/\/gravelart.be\/nl\/product\/boompaal-gefreesd-2-50m-o8-punt\/#breadcrumb","itemListElement":[{"@type":"ListItem","position":1,"name":"Home","item":"https:\/\/gravelart.be\/nl\/"},{"@type":"ListItem","position":2,"name":"Producten","item":"https:\/\/gravelart.be\/nl\/producten\/"},{"@type":"ListItem","position":3,"name":"Gefreesde boompaal 2.50M \u00d88 + Punt"}]},{"@type":"WebSite","@id":"https:\/\/gravelart.be\/nl\/#website","url":"https:\/\/gravelart.be\/nl\/","name":"Gravelart","description":"Alles voor tuin en park","publisher":{"@id":"https:\/\/gravelart.be\/nl\/#organization"},"potentialAction":[{"@type":"SearchAction","target":{"@type":"EntryPoint","urlTemplate":"https:\/\/gravelart.be\/nl\/?s={search_term_string}"},"query-input":{"@type":"PropertyValueSpecification","valueRequired":true,"valueName":"search_term_string"}}],"inLanguage":"nl-NL"},{"@type":"Organization","@id":"https:\/\/gravelart.be\/nl\/#organization","name":"Gravelart","url":"https:\/\/gravelart.be\/nl\/","logo":{"@type":"ImageObject","inLanguage":"nl-NL","@id":"https:\/\/gravelart.be\/nl\/#\/schema\/logo\/image\/","url":"https:\/\/gravelart.be\/wp-content\/uploads\/2022\/10\/logo-gravelart.png","contentUrl":"https:\/\/gravelart.be\/wp-content\/uploads\/2022\/10\/logo-gravelart.png","width":348,"height":186,"caption":"Gravelart"},"image":{"@id":"https:\/\/gravelart.be\/nl\/#\/schema\/logo\/image\/"}}]}},"_links":{"self":[{"href":"https:\/\/gravelart.be\/nl\/wp-json\/wp\/v2\/product\/47564","targetHints":{"allow":["GET"]}}],"collection":[{"href":"https:\/\/gravelart.be\/nl\/wp-json\/wp\/v2\/product"}],"about":[{"href":"https:\/\/gravelart.be\/nl\/wp-json\/wp\/v2\/types\/product"}],"replies":[{"embeddable":true,"href":"https:\/\/gravelart.be\/nl\/wp-json\/wp\/v2\/comments?post=47564"}],"wp:featuredmedia":[{"embeddable":true,"href":"https:\/\/gravelart.be\/nl\/wp-json\/wp\/v2\/media\/47579"}],"wp:attachment":[{"href":"https:\/\/gravelart.be\/nl\/wp-json\/wp\/v2\/media?parent=47564"}],"wp:term":[{"taxonomy":"product_brand","embeddable":true,"href":"https:\/\/gravelart.be\/nl\/wp-json\/wp\/v2\/product_brand?post=47564"},{"taxonomy":"product_cat","embeddable":true,"href":"https:\/\/gravelart.be\/nl\/wp-json\/wp\/v2\/product_cat?post=47564"},{"taxonomy":"product_tag","embeddable":true,"href":"https:\/\/gravelart.be\/nl\/wp-json\/wp\/v2\/product_tag?post=47564"}],"curies":[{"name":"wp","href":"https:\/\/api.w.org\/{rel}","templated":true}]}}